{"id":72853,"date":"2014-11-21T16:31:56","date_gmt":"2014-11-21T16:31:56","guid":{"rendered":"https:\/\/ucm.one\/?post_type=product&#038;p=72853"},"modified":"2023-06-18T21:08:19","modified_gmt":"2023-06-18T21:08:19","slug":"mauerpark","status":"publish","type":"product","link":"https:\/\/ucm.one\/de\/produkt\/mauerpark\/","title":{"rendered":"Mauerpark"},"content":{"rendered":"<div class=\"wpb_text_column wpb_content_element \">\n<div class=\"wpb_wrapper\">\n<div class=\"\">\n<div class=\"wpb_text_column wpb_content_element \">\n<div class=\"wpb_wrapper\">\n<div class=\"wpb_text_column wpb_content_element \">\n<div class=\"wpb_wrapper\">\n<div class=\"wpb_text_column wpb_content_element \">\n<div class=\"wpb_wrapper\">\n<p id=\"u3153-5\">Dr. Motte und Wladimir Kaminer, aber auch Schraubermicha, Joe Hatchiban und Ginger Brown \u2013 sie alle nutzen ihn. Der Mauerpark befindet sich auf dem ehemaligen Todesstreifen in Berlin. Fr\u00fcher hat die Mauer die Menschen voneinander getrennt, heute vereint der Park sie wieder. Da liegen Punks neben M\u00fcttern mit Kindern und K\u00fcnstler malen neben Basketballspielern. Hier kommt eine einzigartige Mixtur aus Wahnsinn &amp; Entspannung zusammen\u2026<\/p>\n<\/div>\n<\/div>\n<\/div>\n<\/div>\n<\/div>\n<\/div>\n<\/div>\n<\/div>\n<\/div>\n<div><div class=\"gap\" style=\"line-height: 20px; height: 20px;\"><\/div><\/div>\n<h5>Weitere Informationen<\/h5>\n<div>\n<div>\n<table style=\"height: 46px; width: 100%; border-collapse: collapse; border-color: #ffffff; background-color: #ffffff; border-style: hidden;\">\n<tbody>\n<tr style=\"height: 23px; border-style: hidden; border-color: #ffffff; background-color: #ffffff;\">\n<td style=\"width: 4.701195219123506%; height: 23px; border-style: hidden;\">Film:<\/td>\n<td style=\"width: 95.29880478087651%; height: 23px; border-style: hidden;\"><a title=\"Mauerpark\" href=\"https:\/\/ucm.one\/de\/mauerpark-darling-berlin-ab-jetzt-auf-dvd-und-bei-vod-portalen-erhaeltlich\/\">Mauerpark<\/a><\/td>\n<\/tr>\n<tr style=\"height: 23px;\">\n<td style=\"width: 4.701195219123506%; height: 23px; border-style: hidden;\">Label:<\/td>\n<td style=\"width: 95.29880478087651%; height: 23px; border-style: hidden;\"><a title=\"Darling Berlin\" href=\"https:\/\/ucm.one\/de\/film-labels\/darling-berlin\/\">Darling Berlin<\/a><\/td>\n<\/tr>\n<\/tbody>\n<\/table>\n<\/div>\n<div><\/div>\n<\/div>\n<div>\n<div><div class=\"gap\" style=\"line-height: 10px; height: 10px;\"><\/div><\/div>\n<div><span style=\"font-family: 'arial black', sans-serif;\"><span style=\"font-family: arial, helvetica, sans-serif;\">\u2117 2011 <strong>Filmblut Productions<\/strong>,\u00a0\u00a9 2014\u00a0<strong>Darling Berlin \/ <span style=\"font-family: 'arial black', sans-serif;\">UCM.ONE<\/span><\/strong><\/span><\/span><\/div>\n<div><div class=\"gap\" style=\"line-height: 20px; height: 20px;\"><\/div><\/div>\n<\/div>\n<div>\n<div><\/div>\n<div>\n<div><div class=\"gap\" style=\"line-height: 10px; height: 10px;\"><\/div><\/div>\n<div><span style=\"color: #003a80;\"><strong>\u27a0 <a style=\"color: #003a80;\" href=\"https:\/\/ucm.one\/de\/produkt-kategorie\/art-de\/filme-de\/\">zum Shop<\/a><\/strong><\/span><\/div>\n<div><div class=\"gap\" style=\"line-height: 20px; height: 20px;\"><\/div><\/div>\n<\/div>\n<\/div>\n","protected":false},"excerpt":{"rendered":"<p>Regie: <strong><a title=\"Dennis Karsten\" href=\"https:\/\/ucm.one\/de\/?s=%22Dennis+Karsten%22&amp;post_type=product\">Dennis Karsten<\/a><\/strong><\/p>\n<p>Label:\u00a0<a title=\"\" href=\"https:\/\/ucm.one\/de\/produkt-kategorie\/label-film-de\/darling-berlin-de\/\"><strong>Darling Berlin<\/strong><\/a><\/p>\n<p>Art:\u00a0<a href=\"https:\/\/ucm.one\/de\/produkt-kategorie\/art-de\/filme-de\/\"><b>Film<\/b><\/a><\/p>\n<p>Genres: <a href=\"https:\/\/ucm.one\/de\/produkt-kategorie\/genre-film-de\/dokumentarfilm-de\/\"><b>Dokumentarfilm<\/b><\/a>, <b><a title=\"History\" href=\"https:\/\/ucm.one\/de\/produkt-kategorie\/genre-film-de\/history-de\/\">History<\/a><\/b><\/p>\n<p>Jahr: <strong>2014<\/strong><\/p>\n<p>FSK: <strong>0<\/strong><\/p>\n<p>Format: <strong>DVD<\/strong><\/p>\n","protected":false},"featured_media":72820,"comment_status":"open","ping_status":"closed","template":"","meta":{"_acf_changed":false},"product_brand":[],"product_cat":[9708,13156,10331,10339,10938,10952],"product_tag":[12464,13398,13411,13412,13413,13414,13415,13416,10960,13417,12081],"class_list":{"0":"post-72853","1":"product","2":"type-product","3":"status-publish","4":"has-post-thumbnail","6":"product_cat-filme-de","7":"product_cat-arthouse-de","8":"product_cat-dvd-de","9":"product_cat-darling-berlin-de","10":"product_cat-dokumentarfilm-de","11":"product_cat-history-de","12":"product_tag-darling-berlin","13":"product_tag-mauer","14":"product_tag-mauerfall","15":"product_tag-90ger","16":"product_tag-mauerpark","17":"product_tag-dennis-kartsen","18":"product_tag-joe-hatchiban","19":"product_tag-wladimir-kaminer","20":"product_tag-berlin","21":"product_tag-dr-motte","22":"product_tag-ddr","23":"product_shipping_class-dvd-2","24":"pa_format-blu-ray-de","25":"pa_format-dvd","26":"description-off","28":"first","29":"instock","30":"taxable","31":"shipping-taxable","32":"purchasable","33":"product-type-variable","34":"has-default-attributes"},"acf":[],"yoast_head":"<!-- This site is optimized with the Yoast SEO plugin v27.5 - https:\/\/yoast.com\/product\/yoast-seo-wordpress\/ -->\n<title>Mauerpark<\/title>\n<meta name=\"description\" content=\"Shop | Mauerpark | 2014 | Darling Berlin | DVD | FSK 0\" \/>\n<meta name=\"robots\" content=\"index, follow, max-snippet:-1, max-image-preview:large, max-video-preview:-1\" \/>\n<link rel=\"canonical\" href=\"https:\/\/ucm.one\/de\/produkt\/mauerpark\/\" \/>\n<meta property=\"og:locale\" content=\"de_DE\" \/>\n<meta property=\"og:type\" content=\"article\" \/>\n<meta property=\"og:title\" content=\"Mauerpark\" \/>\n<meta property=\"og:description\" content=\"Shop | Mauerpark | 2014 | Darling Berlin | DVD | FSK 0\" \/>\n<meta property=\"og:url\" content=\"https:\/\/ucm.one\/de\/produkt\/mauerpark\/\" \/>\n<meta property=\"og:site_name\" content=\"UCM.ONE\" \/>\n<meta property=\"article:modified_time\" content=\"2023-06-18T21:08:19+00:00\" \/>\n<meta property=\"og:image\" content=\"https:\/\/ucm.one\/wp-content\/uploads\/2022\/07\/C-Berlinized-DVD-2D-FSK0.jpg\" \/>\n<meta name=\"twitter:card\" content=\"summary_large_image\" \/>\n<meta name=\"twitter:title\" content=\"Berlinized\" \/>\n<meta name=\"twitter:description\" content=\"Shop | Mauerpark | 2014 | Darling Berlin | DVD | FSK 0\" \/>\n<meta name=\"twitter:image\" content=\"https:\/\/ucm.one\/wp-content\/uploads\/2022\/07\/C-Berlinized-DVD-2D-FSK0.jpg\" \/>\n<!-- \/ Yoast SEO plugin. -->","yoast_head_json":{"title":"Mauerpark","description":"Shop | Mauerpark | 2014 | Darling Berlin | DVD | FSK 0","robots":{"index":"index","follow":"follow","max-snippet":"max-snippet:-1","max-image-preview":"max-image-preview:large","max-video-preview":"max-video-preview:-1"},"canonical":"https:\/\/ucm.one\/de\/produkt\/mauerpark\/","og_locale":"de_DE","og_type":"article","og_title":"Mauerpark","og_description":"Shop | Mauerpark | 2014 | Darling Berlin | DVD | FSK 0","og_url":"https:\/\/ucm.one\/de\/produkt\/mauerpark\/","og_site_name":"UCM.ONE","article_modified_time":"2023-06-18T21:08:19+00:00","og_image":[{"url":"https:\/\/ucm.one\/wp-content\/uploads\/2022\/07\/C-Berlinized-DVD-2D-FSK0.jpg","type":"","width":"","height":""}],"twitter_card":"summary_large_image","twitter_title":"Berlinized","twitter_description":"Shop | Mauerpark | 2014 | Darling Berlin | DVD | FSK 0","twitter_image":"https:\/\/ucm.one\/wp-content\/uploads\/2022\/07\/C-Berlinized-DVD-2D-FSK0.jpg","schema":{"@context":"https:\/\/schema.org","@graph":[{"@type":"WebPage","@id":"https:\/\/ucm.one\/de\/produkt\/mauerpark\/","url":"https:\/\/ucm.one\/de\/produkt\/mauerpark\/","name":"Mauerpark","isPartOf":{"@id":"https:\/\/ucm.one\/de\/#website"},"primaryImageOfPage":{"@id":"https:\/\/ucm.one\/de\/produkt\/mauerpark\/#primaryimage"},"image":{"@id":"https:\/\/ucm.one\/de\/produkt\/mauerpark\/#primaryimage"},"thumbnailUrl":"https:\/\/ucm.one\/wp-content\/uploads\/2014\/12\/C-Mauerpark-DVD-2D-FSK0.jpg","datePublished":"2014-11-21T16:31:56+00:00","dateModified":"2023-06-18T21:08:19+00:00","description":"Shop | Mauerpark | 2014 | Darling Berlin | DVD | FSK 0","breadcrumb":{"@id":"https:\/\/ucm.one\/de\/produkt\/mauerpark\/#breadcrumb"},"inLanguage":"de","potentialAction":[{"@type":"ReadAction","target":["https:\/\/ucm.one\/de\/produkt\/mauerpark\/"]}]},{"@type":"ImageObject","inLanguage":"de","@id":"https:\/\/ucm.one\/de\/produkt\/mauerpark\/#primaryimage","url":"https:\/\/ucm.one\/wp-content\/uploads\/2014\/12\/C-Mauerpark-DVD-2D-FSK0.jpg","contentUrl":"https:\/\/ucm.one\/wp-content\/uploads\/2014\/12\/C-Mauerpark-DVD-2D-FSK0.jpg","width":699,"height":1000},{"@type":"BreadcrumbList","@id":"https:\/\/ucm.one\/de\/produkt\/mauerpark\/#breadcrumb","itemListElement":[{"@type":"ListItem","position":1,"name":"Home","item":"https:\/\/ucm.one\/de\/"},{"@type":"ListItem","position":2,"name":"Shop","item":"https:\/\/ucm.one\/de\/shop\/"},{"@type":"ListItem","position":3,"name":"Mauerpark"}]},{"@type":"WebSite","@id":"https:\/\/ucm.one\/de\/#website","url":"https:\/\/ucm.one\/de\/","name":"UCM.ONE","description":"","publisher":{"@id":"https:\/\/ucm.one\/de\/#organization"},"potentialAction":[{"@type":"SearchAction","target":{"@type":"EntryPoint","urlTemplate":"https:\/\/ucm.one\/de\/?s={search_term_string}"},"query-input":{"@type":"PropertyValueSpecification","valueRequired":true,"valueName":"search_term_string"}}],"inLanguage":"de"},{"@type":"Organization","@id":"https:\/\/ucm.one\/de\/#organization","name":"UCM.ONE","url":"https:\/\/ucm.one\/de\/","logo":{"@type":"ImageObject","inLanguage":"de","@id":"https:\/\/ucm.one\/de\/#\/schema\/logo\/image\/","url":"https:\/\/ucm.one\/wp-content\/uploads\/2019\/10\/UCM.ONE-Logo-RGB.svg","contentUrl":"https:\/\/ucm.one\/wp-content\/uploads\/2019\/10\/UCM.ONE-Logo-RGB.svg","width":1,"height":1,"caption":"UCM.ONE"},"image":{"@id":"https:\/\/ucm.one\/de\/#\/schema\/logo\/image\/"}}]}},"_links":{"self":[{"href":"https:\/\/ucm.one\/de\/wp-json\/wp\/v2\/product\/72853","targetHints":{"allow":["GET"]}}],"collection":[{"href":"https:\/\/ucm.one\/de\/wp-json\/wp\/v2\/product"}],"about":[{"href":"https:\/\/ucm.one\/de\/wp-json\/wp\/v2\/types\/product"}],"replies":[{"embeddable":true,"href":"https:\/\/ucm.one\/de\/wp-json\/wp\/v2\/comments?post=72853"}],"wp:featuredmedia":[{"embeddable":true,"href":"https:\/\/ucm.one\/de\/wp-json\/wp\/v2\/media\/72820"}],"wp:attachment":[{"href":"https:\/\/ucm.one\/de\/wp-json\/wp\/v2\/media?parent=72853"}],"wp:term":[{"taxonomy":"product_brand","embeddable":true,"href":"https:\/\/ucm.one\/de\/wp-json\/wp\/v2\/product_brand?post=72853"},{"taxonomy":"product_cat","embeddable":true,"href":"https:\/\/ucm.one\/de\/wp-json\/wp\/v2\/product_cat?post=72853"},{"taxonomy":"product_tag","embeddable":true,"href":"https:\/\/ucm.one\/de\/wp-json\/wp\/v2\/product_tag?post=72853"}],"curies":[{"name":"wp","href":"https:\/\/api.w.org\/{rel}","templated":true}]}}