{"id":72771,"date":"2016-07-29T14:21:51","date_gmt":"2016-07-29T14:21:51","guid":{"rendered":"https:\/\/ucm.one\/?post_type=product&#038;p=72771"},"modified":"2023-07-28T14:22:02","modified_gmt":"2023-07-28T14:22:02","slug":"kein-zickenfox","status":"publish","type":"product","link":"https:\/\/ucm.one\/de\/produkt\/kein-zickenfox\/","title":{"rendered":"Kein Zickenfox"},"content":{"rendered":"<div class=\"wpb_text_column wpb_content_element \">\n<div class=\"wpb_wrapper\">\n<div class=\"\">\n<div class=\"wpb_text_column wpb_content_element \">\n<div class=\"wpb_wrapper\">\n<div class=\"wpb_text_column wpb_content_element \">\n<div class=\"wpb_wrapper\">\n<div class=\"wpb_text_column wpb_content_element \">\n<div class=\"wpb_wrapper\">\n<p id=\"u3153-5\">&#8222;<strong>Kein Zickefox<\/strong>&#8220; handelt von dem gr\u00f6\u00dften Frauenblasorchester der Welt und wie es 66 ganz \u201enormale\u201c Frauen schaffen, etwas Gro\u00dfartiges gemeinsam auf die B\u00fchne zu stellen!<\/p>\n<p>Einmal pro Woche treffen in Berlin-Kreuzberg diese 66 Frauen zwischen Anfang 20 und Mitte 70, ihre 21 Instrumente und mit ihnen die unterschiedlichsten weiblichen Biografien und Lebensentw\u00fcrfe aufeinander. Sehr nah an seinen Protagonistinnen erz\u00e4hlt der Film nicht nur \u00fcber die Freude am gemeinsamen Musizieren, sondern auch die Lebensgeschichten dieser Frauen \u2013 ob Lebensk\u00fcnstlerin, Polizistin, lesbische Mutter oder pensionierte Pfarrerin \u2013 jede ist hier willkommen. Nur eines muss sie mitbringen: Die Liebe zur Musik! Entstanden ist ein Raum des Zuh\u00f6rens, in dem Konfrontation, Beharren und Nachgeben erlaubt sind und irgendwann doch alles in Harmonie gebracht wird. Dass es trotzdem manchmal dicke Luft gibt, ist vorprogrammiert, jede Musikerin ist individuell, hat ihre eigenen Vorstellungen. Aber ein Orchester funktioniert eben nur, wenn alle an einem Strang ziehen. Und dann sp\u00fcrt auch das Publikum den Rausch der Musik&#8230; Das Frauenblasorchester Berlin unter der Leitung von Astrid Graf musiziert inzwischen seit 2003. Es gab Auftritte in Bierzelten, G\u00e4rten und schlie\u00dflich sogar in der Philharmonie Berlin, die musikalische Bandbreite reicht von Jazz \u00fcber Pop zu Klassik \u2013 das Frauenblasorchester ist neugierig und probiert alles mal aus. Hauptsache die Freude an der Musik bleibt nicht auf der Strecke.<\/p>\n<p><em>\u201eTats\u00e4chlich haben schon M\u00e4nner angeklopft, einige haben sogar angeboten, sich eine Per\u00fccke aufzusetzen&#8230; Aber wir haben beschlossen, unserem Namen gerecht zu bleiben.\u201c<\/em> (Orchesterleiterin Astrid Graf im Interview\/ Pressesprecher)<\/p>\n<p>Ein Film \u00fcber das gr\u00f6\u00dfte Frauenblasorchester der Welt. Ein Film \u00fcber 66 ganz normale, ganz au\u00dfergew\u00f6hnliche Frauen. Ein Film dar\u00fcber, wie sch\u00f6n es ist, unterschiedlich zu sein,<\/p>\n<\/div>\n<\/div>\n<\/div>\n<\/div>\n<\/div>\n<\/div>\n<\/div>\n<\/div>\n<\/div>\n<div><div class=\"gap\" style=\"line-height: 20px; height: 20px;\"><\/div><\/div>\n<h5>Weitere Informationen<\/h5>\n<div>\n<div>\n<table style=\"height: 46px; width: 100%; border-collapse: collapse; border-color: #ffffff; background-color: #ffffff; border-style: hidden;\">\n<tbody>\n<tr style=\"height: 23px; border-style: hidden; border-color: #ffffff; background-color: #ffffff;\">\n<td style=\"width: 4.701195219123506%; height: 23px; border-style: hidden;\">Film:<\/td>\n<td style=\"width: 95.29880478087651%; height: 23px; border-style: hidden;\"><a title=\"Kein Zickenfox (bei IMDb)\" href=\"https:\/\/www.imdb.com\/title\/tt3760260\/\" target=\"_blank\" rel=\"noopener\">Kein Zickenfox (bei IMDb)<\/a><\/td>\n<\/tr>\n<tr style=\"height: 23px;\">\n<td style=\"width: 4.701195219123506%; height: 23px; border-style: hidden;\">Label:<\/td>\n<td style=\"width: 95.29880478087651%; height: 23px; border-style: hidden;\"><a title=\"Darling Berlin\" href=\"https:\/\/ucm.one\/de\/film-labels\/darling-berlin\/\">Darling Berlin<\/a><\/td>\n<\/tr>\n<\/tbody>\n<\/table>\n<\/div>\n<div><\/div>\n<\/div>\n<div>\n<div><div class=\"gap\" style=\"line-height: 10px; height: 10px;\"><\/div><\/div>\n<div><span style=\"font-family: 'arial black', sans-serif;\"><span style=\"font-family: arial, helvetica, sans-serif;\">\u00a9 2016\u00a0<strong>Darling Berlin \/ <span style=\"font-family: 'arial black', sans-serif;\">UCM.ONE<\/span><\/strong><\/span><\/span><\/div>\n<div><div class=\"gap\" style=\"line-height: 20px; height: 20px;\"><\/div><\/div>\n<\/div>\n<div>\n<div><\/div>\n<div>\n<div><div class=\"gap\" style=\"line-height: 10px; height: 10px;\"><\/div><\/div>\n<div><span style=\"color: #003a80;\"><strong>\u27a0 <a style=\"color: #003a80;\" href=\"https:\/\/ucm.one\/de\/produkt-kategorie\/art-de\/filme-de\/\">zum Shop<\/a><\/strong><\/span><\/div>\n<div><div class=\"gap\" style=\"line-height: 20px; height: 20px;\"><\/div><\/div>\n<\/div>\n<\/div>\n","protected":false},"excerpt":{"rendered":"<p>Regie: <strong><a title=\"Dagmar J\u00e4ger\" href=\"https:\/\/ucm.one\/de\/?s=%22Dagmar+J\u00e4ger%22&amp;post_type=product\">Dagmar J\u00e4ger, <\/a><a title=\"Kerstin Polte\" href=\"https:\/\/ucm.one\/de\/?s=%22Kerstin+Polte%22&amp;post_type=product\">Kerstin Polte<\/a><\/strong><\/p>\n<p>Label:\u00a0<a title=\"\" href=\"https:\/\/ucm.one\/de\/produkt-kategorie\/label-film-de\/darling-berlin-de\/\"><strong>Darling Berlin<\/strong><\/a><\/p>\n<p>Art:\u00a0<a href=\"https:\/\/ucm.one\/de\/produkt-kategorie\/art-de\/filme-de\/\"><b>Film<\/b><\/a><\/p>\n<p>Genre: <a href=\"https:\/\/ucm.one\/de\/produkt-kategorie\/genre-film-de\/dokumentarfilm-de\/\"><b>Dokumentarfilm<\/b><\/a><\/p>\n<p>Jahr: <strong>2014<\/strong><\/p>\n<p>FSK: <strong>0<\/strong><\/p>\n<p>Format: <strong>DVD<\/strong><\/p>\n","protected":false},"featured_media":72849,"comment_status":"open","ping_status":"closed","template":"","meta":{"_acf_changed":false},"product_brand":[],"product_cat":[10331,10339,10938,9708,13156],"product_tag":[13398,13411,13412,13413,13414,13415,13416,10960,13417,12081,12464],"class_list":{"0":"post-72771","1":"product","2":"type-product","3":"status-publish","4":"has-post-thumbnail","6":"product_cat-dvd-de","7":"product_cat-darling-berlin-de","8":"product_cat-dokumentarfilm-de","9":"product_cat-filme-de","10":"product_cat-arthouse-de","11":"product_tag-mauer","12":"product_tag-mauerfall","13":"product_tag-90ger","14":"product_tag-mauerpark","15":"product_tag-dennis-kartsen","16":"product_tag-joe-hatchiban","17":"product_tag-wladimir-kaminer","18":"product_tag-berlin","19":"product_tag-dr-motte","20":"product_tag-ddr","21":"product_tag-darling-berlin","22":"product_shipping_class-dvd-2","23":"pa_format-dvd","24":"pa_format-blu-ray-de","25":"description-off","27":"first","28":"instock","29":"taxable","30":"shipping-taxable","31":"purchasable","32":"product-type-variable","33":"has-default-attributes"},"acf":[],"yoast_head":"<!-- This site is optimized with the Yoast SEO plugin v27.5 - https:\/\/yoast.com\/product\/yoast-seo-wordpress\/ -->\n<title>Kein Zickenfox<\/title>\n<meta name=\"description\" content=\"Shop | Kein Zickenfox | 2016 | Darling Berlin | DVD | FSK 0\" \/>\n<meta name=\"robots\" content=\"index, follow, max-snippet:-1, max-image-preview:large, max-video-preview:-1\" \/>\n<link rel=\"canonical\" href=\"https:\/\/ucm.one\/de\/produkt\/kein-zickenfox\/\" \/>\n<meta property=\"og:locale\" content=\"de_DE\" \/>\n<meta property=\"og:type\" content=\"article\" \/>\n<meta property=\"og:title\" content=\"Kein Zickenfox\" \/>\n<meta property=\"og:description\" content=\"Shop | Kein Zickenfox | 2016 | Darling Berlin | DVD | FSK 0\" \/>\n<meta property=\"og:url\" content=\"https:\/\/ucm.one\/de\/produkt\/kein-zickenfox\/\" \/>\n<meta property=\"og:site_name\" content=\"UCM.ONE\" \/>\n<meta property=\"article:modified_time\" content=\"2023-07-28T14:22:02+00:00\" \/>\n<meta property=\"og:image\" content=\"https:\/\/ucm.one\/wp-content\/uploads\/2014\/12\/C-Kein-Zickenfox-DVD-2D-FSK0.jpg\" \/>\n<meta name=\"twitter:card\" content=\"summary_large_image\" \/>\n<meta name=\"twitter:title\" content=\"Kein Zickenfox\" \/>\n<meta name=\"twitter:description\" content=\"Shop | Kein Zickenfox | 2016 | Darling Berlin | DVD | FSK 0\" \/>\n<meta name=\"twitter:image\" content=\"https:\/\/ucm.one\/wp-content\/uploads\/2014\/12\/C-Kein-Zickenfox-DVD-2D-FSK0.jpg\" \/>\n<meta name=\"twitter:label1\" content=\"Gesch\u00e4tzte Lesezeit\" \/>\n\t<meta name=\"twitter:data1\" content=\"2\u00a0Minuten\" \/>\n<!-- \/ Yoast SEO plugin. -->","yoast_head_json":{"title":"Kein Zickenfox","description":"Shop | Kein Zickenfox | 2016 | Darling Berlin | DVD | FSK 0","robots":{"index":"index","follow":"follow","max-snippet":"max-snippet:-1","max-image-preview":"max-image-preview:large","max-video-preview":"max-video-preview:-1"},"canonical":"https:\/\/ucm.one\/de\/produkt\/kein-zickenfox\/","og_locale":"de_DE","og_type":"article","og_title":"Kein Zickenfox","og_description":"Shop | Kein Zickenfox | 2016 | Darling Berlin | DVD | FSK 0","og_url":"https:\/\/ucm.one\/de\/produkt\/kein-zickenfox\/","og_site_name":"UCM.ONE","article_modified_time":"2023-07-28T14:22:02+00:00","og_image":[{"url":"https:\/\/ucm.one\/wp-content\/uploads\/2014\/12\/C-Kein-Zickenfox-DVD-2D-FSK0.jpg","type":"","width":"","height":""}],"twitter_card":"summary_large_image","twitter_title":"Kein Zickenfox","twitter_description":"Shop | Kein Zickenfox | 2016 | Darling Berlin | DVD | FSK 0","twitter_image":"https:\/\/ucm.one\/wp-content\/uploads\/2014\/12\/C-Kein-Zickenfox-DVD-2D-FSK0.jpg","twitter_misc":{"Gesch\u00e4tzte Lesezeit":"2\u00a0Minuten"},"schema":{"@context":"https:\/\/schema.org","@graph":[{"@type":"WebPage","@id":"https:\/\/ucm.one\/de\/produkt\/kein-zickenfox\/","url":"https:\/\/ucm.one\/de\/produkt\/kein-zickenfox\/","name":"Kein Zickenfox","isPartOf":{"@id":"https:\/\/ucm.one\/de\/#website"},"primaryImageOfPage":{"@id":"https:\/\/ucm.one\/de\/produkt\/kein-zickenfox\/#primaryimage"},"image":{"@id":"https:\/\/ucm.one\/de\/produkt\/kein-zickenfox\/#primaryimage"},"thumbnailUrl":"https:\/\/ucm.one\/wp-content\/uploads\/2014\/12\/C-Kein-Zickenfox-DVD-2D-FSK0.jpg","datePublished":"2016-07-29T14:21:51+00:00","dateModified":"2023-07-28T14:22:02+00:00","description":"Shop | Kein Zickenfox | 2016 | Darling Berlin | DVD | FSK 0","breadcrumb":{"@id":"https:\/\/ucm.one\/de\/produkt\/kein-zickenfox\/#breadcrumb"},"inLanguage":"de","potentialAction":[{"@type":"ReadAction","target":["https:\/\/ucm.one\/de\/produkt\/kein-zickenfox\/"]}]},{"@type":"ImageObject","inLanguage":"de","@id":"https:\/\/ucm.one\/de\/produkt\/kein-zickenfox\/#primaryimage","url":"https:\/\/ucm.one\/wp-content\/uploads\/2014\/12\/C-Kein-Zickenfox-DVD-2D-FSK0.jpg","contentUrl":"https:\/\/ucm.one\/wp-content\/uploads\/2014\/12\/C-Kein-Zickenfox-DVD-2D-FSK0.jpg","width":704,"height":1000},{"@type":"BreadcrumbList","@id":"https:\/\/ucm.one\/de\/produkt\/kein-zickenfox\/#breadcrumb","itemListElement":[{"@type":"ListItem","position":1,"name":"Home","item":"https:\/\/ucm.one\/de\/"},{"@type":"ListItem","position":2,"name":"Shop","item":"https:\/\/ucm.one\/de\/shop\/"},{"@type":"ListItem","position":3,"name":"Kein Zickenfox"}]},{"@type":"WebSite","@id":"https:\/\/ucm.one\/de\/#website","url":"https:\/\/ucm.one\/de\/","name":"UCM.ONE","description":"","publisher":{"@id":"https:\/\/ucm.one\/de\/#organization"},"potentialAction":[{"@type":"SearchAction","target":{"@type":"EntryPoint","urlTemplate":"https:\/\/ucm.one\/de\/?s={search_term_string}"},"query-input":{"@type":"PropertyValueSpecification","valueRequired":true,"valueName":"search_term_string"}}],"inLanguage":"de"},{"@type":"Organization","@id":"https:\/\/ucm.one\/de\/#organization","name":"UCM.ONE","url":"https:\/\/ucm.one\/de\/","logo":{"@type":"ImageObject","inLanguage":"de","@id":"https:\/\/ucm.one\/de\/#\/schema\/logo\/image\/","url":"https:\/\/ucm.one\/wp-content\/uploads\/2019\/10\/UCM.ONE-Logo-RGB.svg","contentUrl":"https:\/\/ucm.one\/wp-content\/uploads\/2019\/10\/UCM.ONE-Logo-RGB.svg","width":1,"height":1,"caption":"UCM.ONE"},"image":{"@id":"https:\/\/ucm.one\/de\/#\/schema\/logo\/image\/"}}]}},"_links":{"self":[{"href":"https:\/\/ucm.one\/de\/wp-json\/wp\/v2\/product\/72771","targetHints":{"allow":["GET"]}}],"collection":[{"href":"https:\/\/ucm.one\/de\/wp-json\/wp\/v2\/product"}],"about":[{"href":"https:\/\/ucm.one\/de\/wp-json\/wp\/v2\/types\/product"}],"replies":[{"embeddable":true,"href":"https:\/\/ucm.one\/de\/wp-json\/wp\/v2\/comments?post=72771"}],"wp:featuredmedia":[{"embeddable":true,"href":"https:\/\/ucm.one\/de\/wp-json\/wp\/v2\/media\/72849"}],"wp:attachment":[{"href":"https:\/\/ucm.one\/de\/wp-json\/wp\/v2\/media?parent=72771"}],"wp:term":[{"taxonomy":"product_brand","embeddable":true,"href":"https:\/\/ucm.one\/de\/wp-json\/wp\/v2\/product_brand?post=72771"},{"taxonomy":"product_cat","embeddable":true,"href":"https:\/\/ucm.one\/de\/wp-json\/wp\/v2\/product_cat?post=72771"},{"taxonomy":"product_tag","embeddable":true,"href":"https:\/\/ucm.one\/de\/wp-json\/wp\/v2\/product_tag?post=72771"}],"curies":[{"name":"wp","href":"https:\/\/api.w.org\/{rel}","templated":true}]}}