{"id":72757,"date":"2015-01-09T14:02:48","date_gmt":"2015-01-09T14:02:48","guid":{"rendered":"https:\/\/ucm.one\/?post_type=product&#038;p=72757"},"modified":"2023-07-14T15:10:45","modified_gmt":"2023-07-14T15:10:45","slug":"berlinized","status":"publish","type":"product","link":"https:\/\/ucm.one\/de\/produkt\/berlinized\/","title":{"rendered":"Berlinized"},"content":{"rendered":"<div class=\"wpb_text_column wpb_content_element \">\n<div class=\"wpb_wrapper\">\n<div class=\"\">\n<div class=\"wpb_text_column wpb_content_element \">\n<div class=\"wpb_wrapper\">\n<div class=\"wpb_text_column wpb_content_element \">\n<div class=\"wpb_wrapper\">\n<div class=\"wpb_text_column wpb_content_element \">\n<div class=\"wpb_wrapper\">\n<p id=\"u3153-5\">Berlin in den 90ern \u2013 Neben den gro\u00dfen politischen Umbr\u00fcchen und der kommerzialisierten Technokultur pr\u00e4gte auch ein heute eher vergessenes Paralleluniversum das Lebensgef\u00fchl der Stadt: Die Welt der Kellerbars und Hinterhofkreativen.\u00a0In den freien H\u00e4usern und Wohnungen in Berlin-Mitte zelebrierte nach dem Fall der Mauer eine Szene sehr verschiedener junger Menschen eine unbek\u00fcmmerte Freiheit. Ob ein Projekt zukunftstr\u00e4chtig war oder nicht \u2013 egal \u2013 man lebte von einem Event zum n\u00e4chsten Experiment und betrieb die Ent-Etablierung von Kunst und Markt ganz spielerisch.<\/p>\n<p id=\"u3153-11\">Der Film \u201c<strong>Berlinized<\/strong>\u201d beschreibt dieses spezielle Lebensgef\u00fchl in einer reflexiven Zeitreise in das Berlin-Mitte der 90er Jahre. Der Filmemacher Lucian Busse, selbst ein aktiver Protagonist jener Zeit, dokumentierte mit seiner Kamera den Wandel der Stadt, die Kunstszene, Clubs, Konzerte und die Baustellen, wo die Freir\u00e4ume mit immer neuen unpers\u00f6nlichen B\u00fcrogeb\u00e4uden gef\u00fcllt wurden.<\/p>\n<\/div>\n<\/div>\n<\/div>\n<\/div>\n<\/div>\n<\/div>\n<\/div>\n<\/div>\n<\/div>\n<div><div class=\"gap\" style=\"line-height: 20px; height: 20px;\"><\/div><\/div>\n<h5>Weitere Informationen<\/h5>\n<div>\n<div>\n<table style=\"height: 46px; width: 100%; border-collapse: collapse; border-color: #ffffff; background-color: #ffffff; border-style: hidden;\">\n<tbody>\n<tr style=\"height: 23px; border-style: hidden; border-color: #ffffff; background-color: #ffffff;\">\n<td style=\"width: 4.701195219123506%; height: 23px; border-style: hidden;\">Film:<\/td>\n<td style=\"width: 95.29880478087651%; height: 23px; border-style: hidden;\"><a title=\"Berlinized\" href=\"https:\/\/ucm.one\/de\/jetzt-erhaeltlich-berlinized-von-lucian-busse-darling-berlin\/\">Berlinized<\/a><\/td>\n<\/tr>\n<tr style=\"height: 23px;\">\n<td style=\"width: 4.701195219123506%; height: 23px; border-style: hidden;\">Label:<\/td>\n<td style=\"width: 95.29880478087651%; height: 23px; border-style: hidden;\"><a title=\"Darling Berlin\" href=\"https:\/\/ucm.one\/de\/film-labels\/darling-berlin\/\">Darling Berlin<\/a><\/td>\n<\/tr>\n<\/tbody>\n<\/table>\n<\/div>\n<div><\/div>\n<\/div>\n<div>\n<div><div class=\"gap\" style=\"line-height: 10px; height: 10px;\"><\/div><\/div>\n<div><span style=\"font-family: 'arial black', sans-serif;\"><span style=\"font-family: arial, helvetica, sans-serif;\">\u2117 2011\u00a0<strong>Alien TV.<\/strong>, \u00a9 2015\u00a0<strong>Darling Berlin \/ <span style=\"font-family: 'arial black', sans-serif;\">UCM.ONE<\/span><\/strong><\/span><\/span><\/div>\n<div><div class=\"gap\" style=\"line-height: 20px; height: 20px;\"><\/div><\/div>\n<\/div>\n<div>\n<div><\/div>\n<div>\n<div><div class=\"gap\" style=\"line-height: 10px; height: 10px;\"><\/div><\/div>\n<div><span style=\"color: #003a80;\"><strong>\u27a0 <a style=\"color: #003a80;\" href=\"https:\/\/ucm.one\/de\/produkt-kategorie\/art-de\/filme-de\/\">zum Shop<\/a><\/strong><\/span><\/div>\n<div><div class=\"gap\" style=\"line-height: 20px; height: 20px;\"><\/div><\/div>\n<\/div>\n<\/div>\n","protected":false},"excerpt":{"rendered":"<p>Regie: <strong><a title=\"Lucian Busse\" href=\"https:\/\/ucm.one\/de\/?s=%22Lucian+Busse%22&amp;post_type=product\">Lucian Busse<\/a><\/strong><\/p>\n<p>Label:\u00a0<a title=\"\" href=\"https:\/\/ucm.one\/de\/produkt-kategorie\/label-film-de\/darling-berlin-de\/\"><strong>Darling Berlin<\/strong><\/a><\/p>\n<p>Art:\u00a0<a href=\"https:\/\/ucm.one\/de\/produkt-kategorie\/art-de\/filme-de\/\"><b>Film<\/b><\/a><\/p>\n<p>Genres: <b><a href=\"https:\/\/ucm.one\/de\/produkt-kategorie\/genre-film-de\/dokumentarfilm-de\/\">Dokumentarfilm<\/a>, <\/b><b><a title=\"History\" href=\"https:\/\/ucm.one\/de\/produkt-kategorie\/genre-film-de\/history-de\/\">History<\/a><\/b><\/p>\n<p>Jahr: <strong>2015<\/strong><\/p>\n<p>FSK: <strong>0<\/strong><\/p>\n<p>Format: <strong>DVD<\/strong><\/p>\n","protected":false},"featured_media":72758,"comment_status":"open","ping_status":"closed","template":"","meta":{"_acf_changed":false},"product_brand":[],"product_cat":[10938,10952,9708,13156,10331,10339],"product_tag":[13409,13410,13411,10960,13412,12081,12464,13398,13406,13407,13408],"class_list":{"0":"post-72757","1":"product","2":"type-product","3":"status-publish","4":"has-post-thumbnail","6":"product_cat-dokumentarfilm-de","7":"product_cat-history-de","8":"product_cat-filme-de","9":"product_cat-arthouse-de","10":"product_cat-dvd-de","11":"product_cat-darling-berlin-de","12":"product_tag-jim-avignon","13":"product_tag-patrick-zollinger","14":"product_tag-mauerfall","15":"product_tag-berlin","16":"product_tag-90ger","17":"product_tag-ddr","18":"product_tag-darling-berlin","19":"product_tag-mauer","20":"product_tag-berlinized","21":"product_tag-lucian-busse","22":"product_tag-berlinized-sexy-an-ice","23":"product_shipping_class-dvd-2","24":"pa_format-dvd","25":"pa_format-blu-ray-de","26":"description-off","28":"first","29":"instock","30":"taxable","31":"shipping-taxable","32":"purchasable","33":"product-type-variable","34":"has-default-attributes"},"acf":[],"yoast_head":"<!-- This site is optimized with the Yoast SEO plugin v27.2 - https:\/\/yoast.com\/product\/yoast-seo-wordpress\/ -->\n<title>Berlinized<\/title>\n<meta name=\"description\" content=\"Shop | Berlinized | 2015 | Darling Berlin | DVD | FSK 0\" \/>\n<meta name=\"robots\" content=\"index, follow, max-snippet:-1, max-image-preview:large, max-video-preview:-1\" \/>\n<link rel=\"canonical\" href=\"https:\/\/ucm.one\/de\/produkt\/berlinized\/\" \/>\n<meta property=\"og:locale\" content=\"de_DE\" \/>\n<meta property=\"og:type\" content=\"article\" \/>\n<meta property=\"og:title\" content=\"Berlinized\" \/>\n<meta property=\"og:description\" content=\"Shop | Berlinized | 2015 | Darling Berlin | DVD | FSK 0\" \/>\n<meta property=\"og:url\" content=\"https:\/\/ucm.one\/de\/produkt\/berlinized\/\" \/>\n<meta property=\"og:site_name\" content=\"UCM.ONE\" \/>\n<meta property=\"article:modified_time\" content=\"2023-07-14T15:10:45+00:00\" \/>\n<meta property=\"og:image\" content=\"https:\/\/ucm.one\/wp-content\/uploads\/2022\/07\/C-Berlinized-DVD-2D-FSK0.jpg\" \/>\n<meta name=\"twitter:card\" content=\"summary_large_image\" \/>\n<meta name=\"twitter:title\" content=\"Berlinized\" \/>\n<meta name=\"twitter:description\" content=\"Shop | Berlinized | 2015 | Darling Berlin | DVD | FSK 0\" \/>\n<meta name=\"twitter:image\" content=\"https:\/\/ucm.one\/wp-content\/uploads\/2022\/07\/C-Berlinized-DVD-2D-FSK0.jpg\" \/>\n<meta name=\"twitter:label1\" content=\"Gesch\u00e4tzte Lesezeit\" \/>\n\t<meta name=\"twitter:data1\" content=\"1\u00a0Minute\" \/>\n<!-- \/ Yoast SEO plugin. -->","yoast_head_json":{"title":"Berlinized","description":"Shop | Berlinized | 2015 | Darling Berlin | DVD | FSK 0","robots":{"index":"index","follow":"follow","max-snippet":"max-snippet:-1","max-image-preview":"max-image-preview:large","max-video-preview":"max-video-preview:-1"},"canonical":"https:\/\/ucm.one\/de\/produkt\/berlinized\/","og_locale":"de_DE","og_type":"article","og_title":"Berlinized","og_description":"Shop | Berlinized | 2015 | Darling Berlin | DVD | FSK 0","og_url":"https:\/\/ucm.one\/de\/produkt\/berlinized\/","og_site_name":"UCM.ONE","article_modified_time":"2023-07-14T15:10:45+00:00","og_image":[{"url":"https:\/\/ucm.one\/wp-content\/uploads\/2022\/07\/C-Berlinized-DVD-2D-FSK0.jpg","type":"","width":"","height":""}],"twitter_card":"summary_large_image","twitter_title":"Berlinized","twitter_description":"Shop | Berlinized | 2015 | Darling Berlin | DVD | FSK 0","twitter_image":"https:\/\/ucm.one\/wp-content\/uploads\/2022\/07\/C-Berlinized-DVD-2D-FSK0.jpg","twitter_misc":{"Gesch\u00e4tzte Lesezeit":"1\u00a0Minute"},"schema":{"@context":"https:\/\/schema.org","@graph":[{"@type":"WebPage","@id":"https:\/\/ucm.one\/de\/produkt\/berlinized\/","url":"https:\/\/ucm.one\/de\/produkt\/berlinized\/","name":"Berlinized","isPartOf":{"@id":"https:\/\/ucm.one\/de\/#website"},"primaryImageOfPage":{"@id":"https:\/\/ucm.one\/de\/produkt\/berlinized\/#primaryimage"},"image":{"@id":"https:\/\/ucm.one\/de\/produkt\/berlinized\/#primaryimage"},"thumbnailUrl":"https:\/\/ucm.one\/wp-content\/uploads\/2022\/07\/C-Berlinized-DVD-2D-FSK0.jpg","datePublished":"2015-01-09T14:02:48+00:00","dateModified":"2023-07-14T15:10:45+00:00","description":"Shop | Berlinized | 2015 | Darling Berlin | DVD | FSK 0","breadcrumb":{"@id":"https:\/\/ucm.one\/de\/produkt\/berlinized\/#breadcrumb"},"inLanguage":"de","potentialAction":[{"@type":"ReadAction","target":["https:\/\/ucm.one\/de\/produkt\/berlinized\/"]}]},{"@type":"ImageObject","inLanguage":"de","@id":"https:\/\/ucm.one\/de\/produkt\/berlinized\/#primaryimage","url":"https:\/\/ucm.one\/wp-content\/uploads\/2022\/07\/C-Berlinized-DVD-2D-FSK0.jpg","contentUrl":"https:\/\/ucm.one\/wp-content\/uploads\/2022\/07\/C-Berlinized-DVD-2D-FSK0.jpg","width":699,"height":1000},{"@type":"BreadcrumbList","@id":"https:\/\/ucm.one\/de\/produkt\/berlinized\/#breadcrumb","itemListElement":[{"@type":"ListItem","position":1,"name":"Home","item":"https:\/\/ucm.one\/de\/"},{"@type":"ListItem","position":2,"name":"Shop","item":"https:\/\/ucm.one\/de\/shop\/"},{"@type":"ListItem","position":3,"name":"Berlinized"}]},{"@type":"WebSite","@id":"https:\/\/ucm.one\/de\/#website","url":"https:\/\/ucm.one\/de\/","name":"UCM.ONE","description":"","publisher":{"@id":"https:\/\/ucm.one\/de\/#organization"},"potentialAction":[{"@type":"SearchAction","target":{"@type":"EntryPoint","urlTemplate":"https:\/\/ucm.one\/de\/?s={search_term_string}"},"query-input":{"@type":"PropertyValueSpecification","valueRequired":true,"valueName":"search_term_string"}}],"inLanguage":"de"},{"@type":"Organization","@id":"https:\/\/ucm.one\/de\/#organization","name":"UCM.ONE","url":"https:\/\/ucm.one\/de\/","logo":{"@type":"ImageObject","inLanguage":"de","@id":"https:\/\/ucm.one\/de\/#\/schema\/logo\/image\/","url":"https:\/\/ucm.one\/wp-content\/uploads\/2019\/10\/UCM.ONE-Logo-RGB.svg","contentUrl":"https:\/\/ucm.one\/wp-content\/uploads\/2019\/10\/UCM.ONE-Logo-RGB.svg","width":1,"height":1,"caption":"UCM.ONE"},"image":{"@id":"https:\/\/ucm.one\/de\/#\/schema\/logo\/image\/"}}]}},"_links":{"self":[{"href":"https:\/\/ucm.one\/de\/wp-json\/wp\/v2\/product\/72757","targetHints":{"allow":["GET"]}}],"collection":[{"href":"https:\/\/ucm.one\/de\/wp-json\/wp\/v2\/product"}],"about":[{"href":"https:\/\/ucm.one\/de\/wp-json\/wp\/v2\/types\/product"}],"replies":[{"embeddable":true,"href":"https:\/\/ucm.one\/de\/wp-json\/wp\/v2\/comments?post=72757"}],"wp:featuredmedia":[{"embeddable":true,"href":"https:\/\/ucm.one\/de\/wp-json\/wp\/v2\/media\/72758"}],"wp:attachment":[{"href":"https:\/\/ucm.one\/de\/wp-json\/wp\/v2\/media?parent=72757"}],"wp:term":[{"taxonomy":"product_brand","embeddable":true,"href":"https:\/\/ucm.one\/de\/wp-json\/wp\/v2\/product_brand?post=72757"},{"taxonomy":"product_cat","embeddable":true,"href":"https:\/\/ucm.one\/de\/wp-json\/wp\/v2\/product_cat?post=72757"},{"taxonomy":"product_tag","embeddable":true,"href":"https:\/\/ucm.one\/de\/wp-json\/wp\/v2\/product_tag?post=72757"}],"curies":[{"name":"wp","href":"https:\/\/api.w.org\/{rel}","templated":true}]}}