{"id":72741,"date":"2015-04-17T10:35:04","date_gmt":"2015-04-17T10:35:04","guid":{"rendered":"https:\/\/ucm.one\/?post_type=product&#038;p=72741"},"modified":"2026-02-26T11:54:38","modified_gmt":"2026-02-26T11:54:38","slug":"flucht-nach-berlin","status":"publish","type":"product","link":"https:\/\/ucm.one\/de\/produkt\/flucht-nach-berlin\/","title":{"rendered":"Flucht nach Berlin"},"content":{"rendered":"<div class=\"wpb_text_column wpb_content_element \">\n<div class=\"wpb_wrapper\">\n<div class=\"\">\n<div class=\"wpb_text_column wpb_content_element \">\n<div class=\"wpb_wrapper\">\n<div class=\"wpb_text_column wpb_content_element \">\n<div class=\"wpb_wrapper\">\n<p class=\"movie-plot-synopsis\">Der ostdeutsche Bauer Hermann G\u00fcden hat von den staatlich angeordneten Schikanen der SED-Oberen genug. Er ist nicht l\u00e4nger bereit, sich der Zwangskollektivierung daheim in seinem sachsen-anhaltischen Dorf zu unterwerfen, da dieser Zustand ihm keine Perspektive mehr bietet. Und so plant er von langer Hand die Flucht in den Westen. G\u00fcden schickt zun\u00e4chst Frau und Kind in den Westen Berlins und will so schnell es geht nachkommen. Doch die SED-Apparatschiks bekommen Wind von der Sache. Im Eifer des Gefechts verpr\u00fcgelt G\u00fcden den Parteigenossen Baade und flieht anschlie\u00dfend. W\u00e4hrenddessen ist dem SED-Mann Baade in Sachsen-Anhalt weiteres Missgeschick widerfahren. Um die von der Kollektivierung betroffenen Bauern zu beruhigen, hat ihn die Partei zum S\u00fcndenbock erkoren und kurzerhand aus der SED ausgeschlossen. Baade, ganz \u00fcberzeugter Kommunist, will sich daraufhin auch nach Berlin aufmachen, aber in den Ostsektor, um sich, wie er sagt, <em>&#8222;bei Ulbricht pers\u00f6nlich&#8220;<\/em> \u00fcber die schreiende Ungerechtigkeit zu beschweren und um Rehabilitierung nachzusuchen. Doch nun wird er pl\u00f6tzlich von den eigenen Leuten verd\u00e4chtigt, Republikflucht zu planen. So bleibt ihm keine andere L\u00f6sung mehr, als ebenfalls den Weg Hermann G\u00fcdens einzuschlagen, und sich auf den Weg in den Westen Berlins zu begeben&#8230;<\/p>\n<p><em>&#8222;&#8230;eines der mutigsten Werke der deutschen Nachkriegsproduktionen&#8230;&#8220;<\/em> (<strong>FAZ<\/strong>)<\/p>\n<\/div>\n<\/div>\n<\/div>\n<\/div>\n<\/div>\n<\/div>\n<\/div>\n<div><div class=\"gap\" style=\"line-height: 20px; height: 20px;\"><\/div><\/div>\n<h5>Weitere Informationen<\/h5>\n<div>\n<div>\n<table style=\"height: 46px; width: 100%; border-collapse: collapse; border-color: #ffffff; background-color: #ffffff; border-style: hidden;\">\n<tbody>\n<tr style=\"height: 23px; border-style: hidden; border-color: #ffffff; background-color: #ffffff;\">\n<td style=\"width: 4.701195219123506%; height: 23px; border-style: hidden;\">Film:<\/td>\n<td style=\"width: 95.29880478087651%; height: 23px; border-style: hidden;\"><a title=\"Flucht nach Berlin\" href=\"https:\/\/ucm.one\/de\/?s=%22Flucht+nach+Berlin%22&amp;lang=de\">Flucht nach Berlin<\/a><\/td>\n<\/tr>\n<tr style=\"height: 23px;\">\n<td style=\"width: 4.701195219123506%; height: 23px; border-style: hidden;\">Label:<\/td>\n<td style=\"width: 95.29880478087651%; height: 23px; border-style: hidden;\"><a title=\"Darling Berlin\" href=\"https:\/\/ucm.one\/de\/film-labels\/darling-berlin\/\">Darling Berlin<\/a><\/td>\n<\/tr>\n<\/tbody>\n<\/table>\n<\/div>\n<div><\/div>\n<\/div>\n<div>\n<div><div class=\"gap\" style=\"line-height: 10px; height: 10px;\"><\/div><\/div>\n<div><span style=\"font-family: 'arial black', sans-serif;\"><span style=\"font-family: arial, helvetica, sans-serif;\">\u2117 1960\u00a0<strong>Will Tremper Filmproduktion<\/strong>, \u00a9 2015\u00a0<strong>Darling Berlin \/ <span style=\"font-family: 'arial black', sans-serif;\">UCM.ONE<\/span><\/strong><\/span><\/span><\/div>\n<div><div class=\"gap\" style=\"line-height: 20px; height: 20px;\"><\/div><\/div>\n<\/div>\n<div>\n<div><\/div>\n<div>\n<div><div class=\"gap\" style=\"line-height: 10px; height: 10px;\"><\/div><\/div>\n<div><span style=\"color: #003a80;\"><strong>\u27a0 <a style=\"color: #003a80;\" href=\"https:\/\/ucm.one\/de\/produkt-kategorie\/art-de\/filme-de\/\">zum Shop<\/a><\/strong><\/span><\/div>\n<div><div class=\"gap\" style=\"line-height: 20px; height: 20px;\"><\/div><\/div>\n<\/div>\n<\/div>\n","protected":false},"excerpt":{"rendered":"<p>Regie: <strong><a title=\"Will Tremper\" href=\"https:\/\/ucm.one\/de\/?s=%22Will+Tremper%22&amp;post_type=product\">Will Tremper<\/a><\/strong><\/p>\n<p>Label:\u00a0<a title=\"\" href=\"https:\/\/ucm.one\/de\/produkt-kategorie\/label-film-de\/darling-berlin-de\/\"><strong>Darling Berlin<\/strong><\/a><\/p>\n<p>Art:\u00a0<strong><a href=\"https:\/\/ucm.one\/de\/produkt-kategorie\/art-de\/filme-de\/\">Film<\/a> (Spielfilm)<\/strong><\/p>\n<p>Genres:\u00a0<b><a href=\"https:\/\/ucm.one\/de\/produkt-kategorie\/genre-film-de\/drama-de\/\">Drama<\/a>, <a title=\"Thriller\" href=\"https:\/\/ucm.one\/de\/produkt-kategorie\/genre-film-de\/thriller-de\/\">Thriller<\/a><\/b><\/p>\n<p>Jahr: <strong>2015<\/strong><\/p>\n<p>FSK: <strong>16<\/strong><\/p>\n<p>Format: <strong>DVD<\/strong><\/p>\n","protected":false},"featured_media":72742,"comment_status":"open","ping_status":"closed","template":"","meta":{"_acf_changed":false},"product_brand":[],"product_cat":[10331,10334,10339,12093,9708,13156,10330],"product_tag":[13402,13392,13403,13393,13404,13394,13405,13395,13396,10960,13397,12081,13398,13399,12464,13400,13401,13170],"class_list":{"0":"post-72741","1":"product","2":"type-product","3":"status-publish","4":"has-post-thumbnail","6":"product_cat-dvd-de","7":"product_cat-drama-de","8":"product_cat-darling-berlin-de","9":"product_cat-klassiker-de","10":"product_cat-filme-de","11":"product_cat-arthouse-de","12":"product_cat-thriller-de","13":"product_tag-karl-meixner","14":"product_tag-flucht-nach-berlin","15":"product_tag-reinhold-timm","16":"product_tag-christian-doermer","17":"product_tag-peter-thomas","18":"product_tag-susanne-korda","19":"product_tag-horst-niendorf","20":"product_tag-narziss-sokatscheff","21":"product_tag-gerda-blisse","22":"product_tag-berlin","23":"product_tag-sed","24":"product_tag-ddr","25":"product_tag-mauer","26":"product_tag-ralf-gregan","27":"product_tag-darling-berlin","28":"product_tag-joe-hembus","29":"product_tag-s-kubitzky","30":"product_tag-will-tremper","31":"product_shipping_class-dvd-2","32":"pa_format-dvd","33":"description-off","35":"first","36":"instock","37":"taxable","38":"shipping-taxable","39":"purchasable","40":"product-type-variable","41":"has-default-attributes"},"acf":[],"yoast_head":"<!-- This site is optimized with the Yoast SEO plugin v27.5 - https:\/\/yoast.com\/product\/yoast-seo-wordpress\/ -->\n<title>Flucht nach Berlin<\/title>\n<meta name=\"description\" content=\"Shop | Flucht nach Berlin | 2015 | Darling Berlin | DVD im Schuber | FSK 12\" \/>\n<meta name=\"robots\" content=\"index, follow, max-snippet:-1, max-image-preview:large, max-video-preview:-1\" \/>\n<link rel=\"canonical\" href=\"https:\/\/ucm.one\/de\/produkt\/flucht-nach-berlin\/\" \/>\n<meta property=\"og:locale\" content=\"de_DE\" \/>\n<meta property=\"og:type\" content=\"article\" \/>\n<meta property=\"og:title\" content=\"Flucht nach Berlin\" \/>\n<meta property=\"og:description\" content=\"Shop | Flucht nach Berlin | 2015 | Darling Berlin | DVD im Schuber | FSK 12\" \/>\n<meta property=\"og:url\" content=\"https:\/\/ucm.one\/de\/produkt\/flucht-nach-berlin\/\" \/>\n<meta property=\"og:site_name\" content=\"UCM.ONE\" \/>\n<meta property=\"article:modified_time\" content=\"2026-02-26T11:54:38+00:00\" \/>\n<meta property=\"og:image\" content=\"https:\/\/ucm.one\/wp-content\/uploads\/2022\/07\/C-Flucht-nach-Berlin-DVD-2D-FSK12.jpg\" \/>\n<meta name=\"twitter:card\" content=\"summary_large_image\" \/>\n<meta name=\"twitter:title\" content=\"Flucht nach Berlin\" \/>\n<meta name=\"twitter:description\" content=\"Shop | Flucht nach Berlin | 2015 | Darling Berlin | DVD im Schuber | FSK 12\" \/>\n<meta name=\"twitter:image\" content=\"https:\/\/ucm.one\/wp-content\/uploads\/2022\/07\/C-Flucht-nach-Berlin-DVD-2D-FSK12.jpg\" \/>\n<meta name=\"twitter:label1\" content=\"Gesch\u00e4tzte Lesezeit\" \/>\n\t<meta name=\"twitter:data1\" content=\"1\u00a0Minute\" \/>\n<!-- \/ Yoast SEO plugin. -->","yoast_head_json":{"title":"Flucht nach Berlin","description":"Shop | Flucht nach Berlin | 2015 | Darling Berlin | DVD im Schuber | FSK 12","robots":{"index":"index","follow":"follow","max-snippet":"max-snippet:-1","max-image-preview":"max-image-preview:large","max-video-preview":"max-video-preview:-1"},"canonical":"https:\/\/ucm.one\/de\/produkt\/flucht-nach-berlin\/","og_locale":"de_DE","og_type":"article","og_title":"Flucht nach Berlin","og_description":"Shop | Flucht nach Berlin | 2015 | Darling Berlin | DVD im Schuber | FSK 12","og_url":"https:\/\/ucm.one\/de\/produkt\/flucht-nach-berlin\/","og_site_name":"UCM.ONE","article_modified_time":"2026-02-26T11:54:38+00:00","og_image":[{"url":"https:\/\/ucm.one\/wp-content\/uploads\/2022\/07\/C-Flucht-nach-Berlin-DVD-2D-FSK12.jpg","type":"","width":"","height":""}],"twitter_card":"summary_large_image","twitter_title":"Flucht nach Berlin","twitter_description":"Shop | Flucht nach Berlin | 2015 | Darling Berlin | DVD im Schuber | FSK 12","twitter_image":"https:\/\/ucm.one\/wp-content\/uploads\/2022\/07\/C-Flucht-nach-Berlin-DVD-2D-FSK12.jpg","twitter_misc":{"Gesch\u00e4tzte Lesezeit":"1\u00a0Minute"},"schema":{"@context":"https:\/\/schema.org","@graph":[{"@type":"WebPage","@id":"https:\/\/ucm.one\/de\/produkt\/flucht-nach-berlin\/","url":"https:\/\/ucm.one\/de\/produkt\/flucht-nach-berlin\/","name":"Flucht nach Berlin","isPartOf":{"@id":"https:\/\/ucm.one\/de\/#website"},"primaryImageOfPage":{"@id":"https:\/\/ucm.one\/de\/produkt\/flucht-nach-berlin\/#primaryimage"},"image":{"@id":"https:\/\/ucm.one\/de\/produkt\/flucht-nach-berlin\/#primaryimage"},"thumbnailUrl":"https:\/\/ucm.one\/wp-content\/uploads\/2022\/07\/C-Flucht-nach-Berlin-DVD-2D-FSK12.jpg","datePublished":"2015-04-17T10:35:04+00:00","dateModified":"2026-02-26T11:54:38+00:00","description":"Shop | Flucht nach Berlin | 2015 | Darling Berlin | DVD im Schuber | FSK 12","breadcrumb":{"@id":"https:\/\/ucm.one\/de\/produkt\/flucht-nach-berlin\/#breadcrumb"},"inLanguage":"de","potentialAction":[{"@type":"ReadAction","target":["https:\/\/ucm.one\/de\/produkt\/flucht-nach-berlin\/"]}]},{"@type":"ImageObject","inLanguage":"de","@id":"https:\/\/ucm.one\/de\/produkt\/flucht-nach-berlin\/#primaryimage","url":"https:\/\/ucm.one\/wp-content\/uploads\/2022\/07\/C-Flucht-nach-Berlin-DVD-2D-FSK12.jpg","contentUrl":"https:\/\/ucm.one\/wp-content\/uploads\/2022\/07\/C-Flucht-nach-Berlin-DVD-2D-FSK12.jpg","width":699,"height":1000},{"@type":"BreadcrumbList","@id":"https:\/\/ucm.one\/de\/produkt\/flucht-nach-berlin\/#breadcrumb","itemListElement":[{"@type":"ListItem","position":1,"name":"Home","item":"https:\/\/ucm.one\/de\/"},{"@type":"ListItem","position":2,"name":"Shop","item":"https:\/\/ucm.one\/de\/shop\/"},{"@type":"ListItem","position":3,"name":"Flucht nach Berlin"}]},{"@type":"WebSite","@id":"https:\/\/ucm.one\/de\/#website","url":"https:\/\/ucm.one\/de\/","name":"UCM.ONE","description":"","publisher":{"@id":"https:\/\/ucm.one\/de\/#organization"},"potentialAction":[{"@type":"SearchAction","target":{"@type":"EntryPoint","urlTemplate":"https:\/\/ucm.one\/de\/?s={search_term_string}"},"query-input":{"@type":"PropertyValueSpecification","valueRequired":true,"valueName":"search_term_string"}}],"inLanguage":"de"},{"@type":"Organization","@id":"https:\/\/ucm.one\/de\/#organization","name":"UCM.ONE","url":"https:\/\/ucm.one\/de\/","logo":{"@type":"ImageObject","inLanguage":"de","@id":"https:\/\/ucm.one\/de\/#\/schema\/logo\/image\/","url":"https:\/\/ucm.one\/wp-content\/uploads\/2019\/10\/UCM.ONE-Logo-RGB.svg","contentUrl":"https:\/\/ucm.one\/wp-content\/uploads\/2019\/10\/UCM.ONE-Logo-RGB.svg","width":1,"height":1,"caption":"UCM.ONE"},"image":{"@id":"https:\/\/ucm.one\/de\/#\/schema\/logo\/image\/"}}]}},"_links":{"self":[{"href":"https:\/\/ucm.one\/de\/wp-json\/wp\/v2\/product\/72741","targetHints":{"allow":["GET"]}}],"collection":[{"href":"https:\/\/ucm.one\/de\/wp-json\/wp\/v2\/product"}],"about":[{"href":"https:\/\/ucm.one\/de\/wp-json\/wp\/v2\/types\/product"}],"replies":[{"embeddable":true,"href":"https:\/\/ucm.one\/de\/wp-json\/wp\/v2\/comments?post=72741"}],"wp:featuredmedia":[{"embeddable":true,"href":"https:\/\/ucm.one\/de\/wp-json\/wp\/v2\/media\/72742"}],"wp:attachment":[{"href":"https:\/\/ucm.one\/de\/wp-json\/wp\/v2\/media?parent=72741"}],"wp:term":[{"taxonomy":"product_brand","embeddable":true,"href":"https:\/\/ucm.one\/de\/wp-json\/wp\/v2\/product_brand?post=72741"},{"taxonomy":"product_cat","embeddable":true,"href":"https:\/\/ucm.one\/de\/wp-json\/wp\/v2\/product_cat?post=72741"},{"taxonomy":"product_tag","embeddable":true,"href":"https:\/\/ucm.one\/de\/wp-json\/wp\/v2\/product_tag?post=72741"}],"curies":[{"name":"wp","href":"https:\/\/api.w.org\/{rel}","templated":true}]}}