{"id":72699,"date":"2019-02-08T09:27:53","date_gmt":"2019-02-08T09:27:53","guid":{"rendered":"https:\/\/ucm.one\/?post_type=product&#038;p=72699"},"modified":"2025-10-18T08:42:53","modified_gmt":"2025-10-18T08:42:53","slug":"warum-die-ufos-unseren-salat-klauen","status":"publish","type":"product","link":"https:\/\/ucm.one\/de\/produkt\/warum-die-ufos-unseren-salat-klauen\/","title":{"rendered":"Warum die UFOs unseren Salat klauen"},"content":{"rendered":"<div class=\"wpb_text_column wpb_content_element \">\n<div class=\"wpb_wrapper\">\n<div class=\"\">\n<div class=\"wpb_text_column wpb_content_element \">\n<div class=\"wpb_wrapper\">\n<div class=\"wpb_text_column wpb_content_element \">\n<div class=\"wpb_wrapper\">\n<div class=\"wpb_text_column wpb_content_element \">\n<div class=\"wpb_wrapper\">\n<div class=\"wpb_text_column wpb_content_element \">\n<div class=\"wpb_wrapper\">\n<p>Der \u00f6kologisch orientierte Hobby-Pflanzenkundler Peter McDonald macht sich auf den weiten Weg aus der bayerischen Provinz nach Berlin, um seinen selbst erfundenen Supersalat zu z\u00fcchten. Nebenbei erhofft er sich, seine Mutter in der Gro\u00dfstadt zu finden, um von ihr etwas Geld f\u00fcr die Z\u00fcchtung des Salats zu bekommen. Nachdem er mitbekommt, dass seine Mutter nicht nur stark depressiv, sondern auch noch eine Bordellbesitzerin ist, wendet er sich von ihr ab und versucht fortan allein, seine Salatz\u00fcchtung zu finanzieren. Nach einem Gartenfest in der Kleingartenkolonie wird klar, dass mit McDonalds Supersalat etwas nicht stimmt. Die Personen, die ihn essen, fallen in Hypnose und die Fahrzeuge, mit denen er in Ber\u00fchrung kommt, k\u00f6nnen pl\u00f6tzlich doppelt so schnell fahren wie gewohnt.<\/p>\n<p>Nach einer \u00dcberpr\u00fcfung des Salats durch die internationalen Geheimdienste trifft das US-Milit\u00e4r ein. Beobachtet wird die Szenerie von au\u00dferirdischen Wesen, den Bionauten, die jeden Schritt des Peter McDonald streng \u00fcberwachen. Als schlie\u00dflich auch noch ein amerikanischer Panzer durch einen fatalen Fehler einen Wachturm der DDR-Truppen auf Ostberliner Seite zerschie\u00dft, droht der dritte Weltkrieg auszubrechen \u2026<\/p>\n<p>Im Film &#8222;<strong>Warum die UFOs unseren Salat klauen<\/strong>&#8220; wirkten viele bekannte Schauspielerinnen und Schauspieler wie\u00a0<strong>Thomas Piper<\/strong>, <strong>Hildegard Knef<\/strong>, <strong>Ursela Monn<\/strong>, <strong>Curd J\u00fcrgens<\/strong>, <strong>G\u00fcnter Pfitzmann <\/strong>und\u00a0<strong>Pavla Ustinov <\/strong>mit<strong>.\u00a0<\/strong><\/p>\n<\/div>\n<\/div>\n<\/div>\n<\/div>\n<\/div>\n<\/div>\n<\/div>\n<\/div>\n<\/div>\n<\/div>\n<\/div>\n<div><div class=\"gap\" style=\"line-height: 20px; height: 20px;\"><\/div><\/div>\n<h5>Weitere Informationen<\/h5>\n<div>\n<div>\n<table style=\"height: 46px; width: 100%; border-collapse: collapse; border-color: #ffffff; background-color: #ffffff; border-style: hidden;\">\n<tbody>\n<tr style=\"height: 23px; border-style: hidden; border-color: #ffffff; background-color: #ffffff;\">\n<td style=\"width: 4.701195219123506%; height: 23px; border-style: hidden;\">Film:<\/td>\n<td style=\"width: 95.29880478087651%; height: 23px; border-style: hidden;\"><a title=\"Warum die UFOs unseren Salat klauen\" href=\"https:\/\/ucm.one\/de\/ucm-one-veroeffentlich-80er-jahre-komoedie-mit-deutschen-weltstars-auf-dem-label-darling-berlin-neu-auf-dvd-und-vod\/\">Warum die UFOs unseren Salat klauen<\/a><\/td>\n<\/tr>\n<tr style=\"height: 23px;\">\n<td style=\"width: 4.701195219123506%; height: 23px; border-style: hidden;\">Label:<\/td>\n<td style=\"width: 95.29880478087651%; height: 23px; border-style: hidden;\"><a title=\"Darling Berlin\" href=\"https:\/\/ucm.one\/de\/film-labels\/darling-berlin\/\">Darling Berlin<\/a><\/td>\n<\/tr>\n<\/tbody>\n<\/table>\n<\/div>\n<div><\/div>\n<\/div>\n<div>\n<div><div class=\"gap\" style=\"line-height: 10px; height: 10px;\"><\/div><\/div>\n<div><span style=\"font-family: 'arial black', sans-serif;\"><span style=\"font-family: arial, helvetica, sans-serif;\">\u2117 1980\u00a0<strong>Cine Kontor Filmproduktion Berlin<\/strong>, \u00a9 2019\u00a0<strong>Darling Berlin \/ <span style=\"font-family: 'arial black', sans-serif;\">UCM.ONE<\/span><\/strong><\/span><\/span><\/div>\n<div><div class=\"gap\" style=\"line-height: 20px; height: 20px;\"><\/div><\/div>\n<\/div>\n<div>\n<div><\/div>\n<div>\n<div><div class=\"gap\" style=\"line-height: 10px; height: 10px;\"><\/div><\/div>\n<div><span style=\"color: #003a80;\"><strong>\u27a0 <a style=\"color: #003a80;\" href=\"https:\/\/ucm.one\/de\/produkt-kategorie\/art-de\/filme-de\/\">zum Shop<\/a><\/strong><\/span><\/div>\n<div><div class=\"gap\" style=\"line-height: 20px; height: 20px;\"><\/div><\/div>\n<\/div>\n<\/div>\n","protected":false},"excerpt":{"rendered":"<p>Regie: <strong><a title=\"Hansj\u00fcrgen Pohland\" href=\"https:\/\/ucm.one\/de\/?s=%22Hansj\u00fcrgen+Pohland%22&amp;post_type=product\">Hansj\u00fcrgen Pohland<\/a><\/strong><\/p>\n<p>Label:\u00a0<a title=\"\" href=\"https:\/\/ucm.one\/de\/produkt-kategorie\/label-film-de\/darling-berlin-de\/\"><strong>Darling Berlin<\/strong><\/a><\/p>\n<p>Art:\u00a0<strong><a href=\"https:\/\/ucm.one\/de\/produkt-kategorie\/art-de\/filme-de\/\">Film<\/a> (Spielfilm)<\/strong><\/p>\n<p>Genre:\u00a0<b><a title=\"Kom\u00f6die\" href=\"https:\/\/ucm.one\/de\/produkt-kategorie\/genre-film-de\/komoedie-de\/\">Kom\u00f6die<\/a>, <a title=\"Science-Fiction\" href=\"https:\/\/ucm.one\/de\/produkt-kategorie\/genre-film-de\/science-fiction-de\/\">Science-Fiction<\/a><\/b><\/p>\n<p>Jahr: <strong>1980<\/strong><\/p>\n<p>FSK: <strong>6<\/strong><\/p>\n<p>Format: <strong>DVD<\/strong><\/p>\n","protected":false},"featured_media":72700,"comment_status":"open","ping_status":"closed","template":"","meta":{"_acf_changed":false},"product_brand":[],"product_cat":[12093,9708,10331,10339,10354,10356],"product_tag":[13383,13384,13385,11038,13386,12081,13387,13388,12464,13389,13379,13390,13380,13391,13381,13382],"class_list":{"0":"post-72699","1":"product","2":"type-product","3":"status-publish","4":"has-post-thumbnail","6":"product_cat-klassiker-de","7":"product_cat-filme-de","8":"product_cat-dvd-de","9":"product_cat-darling-berlin-de","10":"product_cat-science-fiction-de","11":"product_cat-komoedie-de","12":"product_tag-hildegard-knef","13":"product_tag-ursela-monn","14":"product_tag-curd-juergens","15":"product_tag-aliens","16":"product_tag-guenter-pfitzmann","17":"product_tag-ddr","18":"product_tag-pavla-ustinov","19":"product_tag-raimund-harmstorf","20":"product_tag-darling-berlin","21":"product_tag-gerd-duwner","22":"product_tag-warum-die-ufos-unseren-salat-klauen","23":"product_tag-henning-venske","24":"product_tag-checkpoint-charly","25":"product_tag-kurt-raab","26":"product_tag-hansjuergen-pohland","27":"product_tag-thomas-piper","28":"product_shipping_class-dvd-2","29":"pa_format-dvd","30":"description-off","32":"first","33":"instock","34":"sale","35":"taxable","36":"shipping-taxable","37":"purchasable","38":"product-type-variable","39":"has-default-attributes"},"acf":[],"yoast_head":"<!-- This site is optimized with the Yoast SEO plugin v27.5 - https:\/\/yoast.com\/product\/yoast-seo-wordpress\/ -->\n<title>Warum die UFOs unseren Salat klauen<\/title>\n<meta name=\"description\" content=\"Shop | Warum die UFOs unseren Salat klauen | 2019 | Darling Berlin | DVD | FSK 6\" \/>\n<meta name=\"robots\" content=\"index, follow, max-snippet:-1, max-image-preview:large, max-video-preview:-1\" \/>\n<link rel=\"canonical\" href=\"https:\/\/ucm.one\/de\/produkt\/warum-die-ufos-unseren-salat-klauen\/\" \/>\n<meta property=\"og:locale\" content=\"de_DE\" \/>\n<meta property=\"og:type\" content=\"article\" \/>\n<meta property=\"og:title\" content=\"Warum die UFOs unseren Salat klauen\" \/>\n<meta property=\"og:description\" content=\"Shop | Warum die UFOs unseren Salat klauen | 2019 | Darling Berlin | DVD | FSK 6\" \/>\n<meta property=\"og:url\" content=\"https:\/\/ucm.one\/de\/produkt\/warum-die-ufos-unseren-salat-klauen\/\" \/>\n<meta property=\"og:site_name\" content=\"UCM.ONE\" \/>\n<meta property=\"article:modified_time\" content=\"2025-10-18T08:42:53+00:00\" \/>\n<meta property=\"og:image\" content=\"https:\/\/ucm.one\/wp-content\/uploads\/2022\/07\/C-Warum-die-UFOs-unseren-Salat-klauen.jpg\" \/>\n<meta name=\"twitter:card\" content=\"summary_large_image\" \/>\n<meta name=\"twitter:title\" content=\"Warum die UFOs unseren Salat klauen\" \/>\n<meta name=\"twitter:description\" content=\"Shop | Warum die UFOs unseren Salat klauen | 2019 | Darling Berlin | DVD | FSK 6\" \/>\n<meta name=\"twitter:image\" content=\"https:\/\/ucm.one\/wp-content\/uploads\/2022\/07\/C-Warum-die-UFOs-unseren-Salat-klauen.jpg\" \/>\n<meta name=\"twitter:label1\" content=\"Gesch\u00e4tzte Lesezeit\" \/>\n\t<meta name=\"twitter:data1\" content=\"1\u00a0Minute\" \/>\n<!-- \/ Yoast SEO plugin. -->","yoast_head_json":{"title":"Warum die UFOs unseren Salat klauen","description":"Shop | Warum die UFOs unseren Salat klauen | 2019 | Darling Berlin | DVD | FSK 6","robots":{"index":"index","follow":"follow","max-snippet":"max-snippet:-1","max-image-preview":"max-image-preview:large","max-video-preview":"max-video-preview:-1"},"canonical":"https:\/\/ucm.one\/de\/produkt\/warum-die-ufos-unseren-salat-klauen\/","og_locale":"de_DE","og_type":"article","og_title":"Warum die UFOs unseren Salat klauen","og_description":"Shop | Warum die UFOs unseren Salat klauen | 2019 | Darling Berlin | DVD | FSK 6","og_url":"https:\/\/ucm.one\/de\/produkt\/warum-die-ufos-unseren-salat-klauen\/","og_site_name":"UCM.ONE","article_modified_time":"2025-10-18T08:42:53+00:00","og_image":[{"url":"https:\/\/ucm.one\/wp-content\/uploads\/2022\/07\/C-Warum-die-UFOs-unseren-Salat-klauen.jpg","type":"","width":"","height":""}],"twitter_card":"summary_large_image","twitter_title":"Warum die UFOs unseren Salat klauen","twitter_description":"Shop | Warum die UFOs unseren Salat klauen | 2019 | Darling Berlin | DVD | FSK 6","twitter_image":"https:\/\/ucm.one\/wp-content\/uploads\/2022\/07\/C-Warum-die-UFOs-unseren-Salat-klauen.jpg","twitter_misc":{"Gesch\u00e4tzte Lesezeit":"1\u00a0Minute"},"schema":{"@context":"https:\/\/schema.org","@graph":[{"@type":"WebPage","@id":"https:\/\/ucm.one\/de\/produkt\/warum-die-ufos-unseren-salat-klauen\/","url":"https:\/\/ucm.one\/de\/produkt\/warum-die-ufos-unseren-salat-klauen\/","name":"Warum die UFOs unseren Salat klauen","isPartOf":{"@id":"https:\/\/ucm.one\/de\/#website"},"primaryImageOfPage":{"@id":"https:\/\/ucm.one\/de\/produkt\/warum-die-ufos-unseren-salat-klauen\/#primaryimage"},"image":{"@id":"https:\/\/ucm.one\/de\/produkt\/warum-die-ufos-unseren-salat-klauen\/#primaryimage"},"thumbnailUrl":"https:\/\/ucm.one\/wp-content\/uploads\/2022\/07\/C-Warum-die-UFOs-unseren-Salat-klauen.jpg","datePublished":"2019-02-08T09:27:53+00:00","dateModified":"2025-10-18T08:42:53+00:00","description":"Shop | Warum die UFOs unseren Salat klauen | 2019 | Darling Berlin | DVD | FSK 6","breadcrumb":{"@id":"https:\/\/ucm.one\/de\/produkt\/warum-die-ufos-unseren-salat-klauen\/#breadcrumb"},"inLanguage":"de","potentialAction":[{"@type":"ReadAction","target":["https:\/\/ucm.one\/de\/produkt\/warum-die-ufos-unseren-salat-klauen\/"]}]},{"@type":"ImageObject","inLanguage":"de","@id":"https:\/\/ucm.one\/de\/produkt\/warum-die-ufos-unseren-salat-klauen\/#primaryimage","url":"https:\/\/ucm.one\/wp-content\/uploads\/2022\/07\/C-Warum-die-UFOs-unseren-Salat-klauen.jpg","contentUrl":"https:\/\/ucm.one\/wp-content\/uploads\/2022\/07\/C-Warum-die-UFOs-unseren-Salat-klauen.jpg","width":699,"height":1000},{"@type":"BreadcrumbList","@id":"https:\/\/ucm.one\/de\/produkt\/warum-die-ufos-unseren-salat-klauen\/#breadcrumb","itemListElement":[{"@type":"ListItem","position":1,"name":"Home","item":"https:\/\/ucm.one\/de\/"},{"@type":"ListItem","position":2,"name":"Shop","item":"https:\/\/ucm.one\/de\/shop\/"},{"@type":"ListItem","position":3,"name":"Warum die UFOs unseren Salat klauen"}]},{"@type":"WebSite","@id":"https:\/\/ucm.one\/de\/#website","url":"https:\/\/ucm.one\/de\/","name":"UCM.ONE","description":"","publisher":{"@id":"https:\/\/ucm.one\/de\/#organization"},"potentialAction":[{"@type":"SearchAction","target":{"@type":"EntryPoint","urlTemplate":"https:\/\/ucm.one\/de\/?s={search_term_string}"},"query-input":{"@type":"PropertyValueSpecification","valueRequired":true,"valueName":"search_term_string"}}],"inLanguage":"de"},{"@type":"Organization","@id":"https:\/\/ucm.one\/de\/#organization","name":"UCM.ONE","url":"https:\/\/ucm.one\/de\/","logo":{"@type":"ImageObject","inLanguage":"de","@id":"https:\/\/ucm.one\/de\/#\/schema\/logo\/image\/","url":"https:\/\/ucm.one\/wp-content\/uploads\/2019\/10\/UCM.ONE-Logo-RGB.svg","contentUrl":"https:\/\/ucm.one\/wp-content\/uploads\/2019\/10\/UCM.ONE-Logo-RGB.svg","width":1,"height":1,"caption":"UCM.ONE"},"image":{"@id":"https:\/\/ucm.one\/de\/#\/schema\/logo\/image\/"}}]}},"_links":{"self":[{"href":"https:\/\/ucm.one\/de\/wp-json\/wp\/v2\/product\/72699","targetHints":{"allow":["GET"]}}],"collection":[{"href":"https:\/\/ucm.one\/de\/wp-json\/wp\/v2\/product"}],"about":[{"href":"https:\/\/ucm.one\/de\/wp-json\/wp\/v2\/types\/product"}],"replies":[{"embeddable":true,"href":"https:\/\/ucm.one\/de\/wp-json\/wp\/v2\/comments?post=72699"}],"wp:featuredmedia":[{"embeddable":true,"href":"https:\/\/ucm.one\/de\/wp-json\/wp\/v2\/media\/72700"}],"wp:attachment":[{"href":"https:\/\/ucm.one\/de\/wp-json\/wp\/v2\/media?parent=72699"}],"wp:term":[{"taxonomy":"product_brand","embeddable":true,"href":"https:\/\/ucm.one\/de\/wp-json\/wp\/v2\/product_brand?post=72699"},{"taxonomy":"product_cat","embeddable":true,"href":"https:\/\/ucm.one\/de\/wp-json\/wp\/v2\/product_cat?post=72699"},{"taxonomy":"product_tag","embeddable":true,"href":"https:\/\/ucm.one\/de\/wp-json\/wp\/v2\/product_tag?post=72699"}],"curies":[{"name":"wp","href":"https:\/\/api.w.org\/{rel}","templated":true}]}}