{"id":72690,"date":"2012-07-31T00:56:45","date_gmt":"2012-07-31T00:56:45","guid":{"rendered":"https:\/\/ucm.one\/?post_type=product&#038;p=72690"},"modified":"2023-06-18T21:11:52","modified_gmt":"2023-06-18T21:11:52","slug":"papa-gold","status":"publish","type":"product","link":"https:\/\/ucm.one\/de\/produkt\/papa-gold\/","title":{"rendered":"Papa Gold"},"content":{"rendered":"<div class=\"wpb_text_column wpb_content_element \">\n<div class=\"wpb_wrapper\">\n<div class=\"\">\n<div class=\"wpb_text_column wpb_content_element \">\n<div class=\"wpb_wrapper\">\n<div class=\"wpb_text_column wpb_content_element \">\n<div class=\"wpb_wrapper\">\n<p>Denny lebt in Berlin, s\u00e4uft und tanzt die N\u00e4chte durch und schl\u00e4ft mit einem M\u00e4dchen nach dem anderen. Denny hat eine Mutter. Diese Mutter hat einen neuen Mann: Frank. Mit ihm zusammen hat sie ein neues Baby. Denny spricht seit 10 Jahren nicht mehr mit seiner Mutter. Frank will das jetzt \u00e4ndern. Er f\u00e4hrt nach Berlin. Wer wird zuerst erwachsen?<\/p>\n<\/div>\n<\/div>\n<\/div>\n<\/div>\n<\/div>\n<\/div>\n<\/div>\n<div><div class=\"gap\" style=\"line-height: 20px; height: 20px;\"><\/div><\/div>\n<h5>Weitere Informationen<\/h5>\n<div>\n<div>\n<table style=\"height: 46px; width: 100%; border-collapse: collapse; border-color: #ffffff; background-color: #ffffff; border-style: hidden;\">\n<tbody>\n<tr style=\"height: 23px; border-style: hidden; border-color: #ffffff; background-color: #ffffff;\">\n<td style=\"width: 4.701195219123506%; height: 23px; border-style: hidden;\">Film:<\/td>\n<td style=\"width: 95.29880478087651%; height: 23px; border-style: hidden;\"><a title=\"Papa Gold\" href=\"https:\/\/ucm.one\/de\/?s=%22Papa+Gold%22&amp;lang=de\">Papa Gold<\/a><\/td>\n<\/tr>\n<tr style=\"height: 23px;\">\n<td style=\"width: 4.701195219123506%; height: 23px; border-style: hidden;\">Label:<\/td>\n<td style=\"width: 95.29880478087651%; height: 23px; border-style: hidden;\"><a title=\"Darling Berlin\" href=\"https:\/\/ucm.one\/de\/film-labels\/darling-berlin\/\">Darling Berlin<\/a><\/td>\n<\/tr>\n<\/tbody>\n<\/table>\n<\/div>\n<div><\/div>\n<\/div>\n<div>\n<div><div class=\"gap\" style=\"line-height: 10px; height: 10px;\"><\/div><\/div>\n<div>\u00a9 2011\u00a0<strong>Joroni Produktions- und Verleih GmbH<\/strong>,\u00a0<span class=\"itemprop\"><strong>Lass Bros.<\/strong>,\u00a0<\/span>\u2117 2014\u00a0<strong>Darling Berlin \/ <span style=\"font-family: 'arial black', sans-serif;\">UCM.ONE<\/span><\/strong><\/div>\n<div><div class=\"gap\" style=\"line-height: 20px; height: 20px;\"><\/div><\/div>\n<\/div>\n<div>\n<div><\/div>\n<div>\n<div><div class=\"gap\" style=\"line-height: 10px; height: 10px;\"><\/div><\/div>\n<div><span style=\"color: #003a80;\"><strong>\u27a0 <a style=\"color: #003a80;\" href=\"https:\/\/ucm.one\/de\/produkt-kategorie\/art-de\/filme-de\/\">zum Shop<\/a><\/strong><\/span><\/div>\n<div><div class=\"gap\" style=\"line-height: 20px; height: 20px;\"><\/div><\/div>\n<\/div>\n<\/div>\n","protected":false},"excerpt":{"rendered":"<p>Regie: <strong><a title=\"Tom Lass\" href=\"https:\/\/ucm.one\/de\/?s=%22Tom+Lass%22&amp;post_type=product\">Tom Lass<\/a><\/strong><\/p>\n<p>Label:\u00a0<a title=\"\" href=\"https:\/\/ucm.one\/de\/produkt-kategorie\/label-film-de\/darling-berlin-de\/\"><strong>Darling Berlin<\/strong><\/a><\/p>\n<p>Art:\u00a0<strong><a href=\"https:\/\/ucm.one\/de\/produkt-kategorie\/art-de\/filme-de\/\">Film<\/a> (Spielfilm)<\/strong><\/p>\n<p>Genres:\u00a0<b><a href=\"https:\/\/ucm.one\/de\/produkt-kategorie\/genre-film-de\/drama-de\/\">Drama<\/a>, <a href=\"https:\/\/ucm.one\/de\/produkt-kategorie\/genre-film-de\/komoedie-de\/\">Kom\u00f6die<\/a><\/b><\/p>\n<p>Jahr: <strong>2011<\/strong><\/p>\n<p>FSK: <strong>12<\/strong><\/p>\n<p>Format: <strong>DVD<\/strong><\/p>\n","protected":false},"featured_media":72691,"comment_status":"open","ping_status":"closed","template":"","meta":{"_acf_changed":false},"product_brand":[],"product_cat":[10356,9708,13156,10331,10334,10339],"product_tag":[13371,13372,12464,13373,12472,13374,12508,13375,12510,13376,12518,13377,13368,13369,13370],"class_list":{"0":"post-72690","1":"product","2":"type-product","3":"status-publish","4":"has-post-thumbnail","6":"product_cat-komoedie-de","7":"product_cat-filme-de","8":"product_cat-arthouse-de","9":"product_cat-dvd-de","10":"product_cat-drama-de","11":"product_cat-darling-berlin-de","12":"product_tag-diana-haddad","13":"product_tag-ayshea-halliwell","14":"product_tag-darling-berlin","15":"product_tag-funda-sahin","16":"product_tag-jakob-lass","17":"product_tag-nikola-kastner","18":"product_tag-tom-lass","19":"product_tag-daeng-khamlao","20":"product_tag-martina-schoene-radunski","21":"product_tag-emily-kuhnke","22":"product_tag-peter-trabner","23":"product_tag-brighid-moeller","24":"product_tag-papa-gold","25":"product_tag-daniela-blaschke","26":"product_tag-anne-grabowski","27":"pa_format-dvd","28":"pa_format-blu-ray-de","29":"description-off","31":"first","32":"instock","33":"taxable","34":"shipping-taxable","35":"purchasable","36":"product-type-variable","37":"has-default-attributes"},"acf":[],"yoast_head":"<!-- This site is optimized with the Yoast SEO plugin v27.2 - https:\/\/yoast.com\/product\/yoast-seo-wordpress\/ -->\n<title>Frontalwatte<\/title>\n<meta name=\"description\" content=\"Shop | Frontalwatte | 2016 | Darling Berlin | DVD | FSK 12\" \/>\n<meta name=\"robots\" content=\"index, follow, max-snippet:-1, max-image-preview:large, max-video-preview:-1\" \/>\n<link rel=\"canonical\" href=\"https:\/\/ucm.one\/de\/produkt\/papa-gold\/\" \/>\n<meta property=\"og:locale\" content=\"de_DE\" \/>\n<meta property=\"og:type\" content=\"article\" \/>\n<meta property=\"og:title\" content=\"Frontalwatte\" \/>\n<meta property=\"og:description\" content=\"Shop | Frontalwatte | 2016 | Darling Berlin | DVD | FSK 12\" \/>\n<meta property=\"og:url\" content=\"https:\/\/ucm.one\/de\/produkt\/papa-gold\/\" \/>\n<meta property=\"og:site_name\" content=\"UCM.ONE\" \/>\n<meta property=\"article:modified_time\" content=\"2023-06-18T21:11:52+00:00\" \/>\n<meta property=\"og:image\" content=\"https:\/\/ucm.one\/wp-content\/uploads\/2022\/07\/C-Frontalwatte-DVD-2D-FSK12.jpg\" \/>\n<meta name=\"twitter:card\" content=\"summary_large_image\" \/>\n<meta name=\"twitter:title\" content=\"Frontalwatte\" \/>\n<meta name=\"twitter:description\" content=\"Shop | Frontalwatte | 2016 | Darling Berlin | DVD | FSK 12\" \/>\n<meta name=\"twitter:image\" content=\"https:\/\/ucm.one\/wp-content\/uploads\/2022\/07\/C-Frontalwatte-DVD-2D-FSK12.jpg\" \/>\n<meta name=\"twitter:label1\" content=\"Gesch\u00e4tzte Lesezeit\" \/>\n\t<meta name=\"twitter:data1\" content=\"1\u00a0Minute\" \/>\n<!-- \/ Yoast SEO plugin. -->","yoast_head_json":{"title":"Frontalwatte","description":"Shop | Frontalwatte | 2016 | Darling Berlin | DVD | FSK 12","robots":{"index":"index","follow":"follow","max-snippet":"max-snippet:-1","max-image-preview":"max-image-preview:large","max-video-preview":"max-video-preview:-1"},"canonical":"https:\/\/ucm.one\/de\/produkt\/papa-gold\/","og_locale":"de_DE","og_type":"article","og_title":"Frontalwatte","og_description":"Shop | Frontalwatte | 2016 | Darling Berlin | DVD | FSK 12","og_url":"https:\/\/ucm.one\/de\/produkt\/papa-gold\/","og_site_name":"UCM.ONE","article_modified_time":"2023-06-18T21:11:52+00:00","og_image":[{"url":"https:\/\/ucm.one\/wp-content\/uploads\/2022\/07\/C-Frontalwatte-DVD-2D-FSK12.jpg","type":"","width":"","height":""}],"twitter_card":"summary_large_image","twitter_title":"Frontalwatte","twitter_description":"Shop | Frontalwatte | 2016 | Darling Berlin | DVD | FSK 12","twitter_image":"https:\/\/ucm.one\/wp-content\/uploads\/2022\/07\/C-Frontalwatte-DVD-2D-FSK12.jpg","twitter_misc":{"Gesch\u00e4tzte Lesezeit":"1\u00a0Minute"},"schema":{"@context":"https:\/\/schema.org","@graph":[{"@type":"WebPage","@id":"https:\/\/ucm.one\/de\/produkt\/papa-gold\/","url":"https:\/\/ucm.one\/de\/produkt\/papa-gold\/","name":"Frontalwatte","isPartOf":{"@id":"https:\/\/ucm.one\/de\/#website"},"primaryImageOfPage":{"@id":"https:\/\/ucm.one\/de\/produkt\/papa-gold\/#primaryimage"},"image":{"@id":"https:\/\/ucm.one\/de\/produkt\/papa-gold\/#primaryimage"},"thumbnailUrl":"https:\/\/ucm.one\/wp-content\/uploads\/2022\/07\/C-Papa-Gold-DVD-2D-FSK12.jpg","datePublished":"2012-07-31T00:56:45+00:00","dateModified":"2023-06-18T21:11:52+00:00","description":"Shop | Frontalwatte | 2016 | Darling Berlin | DVD | FSK 12","breadcrumb":{"@id":"https:\/\/ucm.one\/de\/produkt\/papa-gold\/#breadcrumb"},"inLanguage":"de","potentialAction":[{"@type":"ReadAction","target":["https:\/\/ucm.one\/de\/produkt\/papa-gold\/"]}]},{"@type":"ImageObject","inLanguage":"de","@id":"https:\/\/ucm.one\/de\/produkt\/papa-gold\/#primaryimage","url":"https:\/\/ucm.one\/wp-content\/uploads\/2022\/07\/C-Papa-Gold-DVD-2D-FSK12.jpg","contentUrl":"https:\/\/ucm.one\/wp-content\/uploads\/2022\/07\/C-Papa-Gold-DVD-2D-FSK12.jpg","width":699,"height":1000},{"@type":"BreadcrumbList","@id":"https:\/\/ucm.one\/de\/produkt\/papa-gold\/#breadcrumb","itemListElement":[{"@type":"ListItem","position":1,"name":"Home","item":"https:\/\/ucm.one\/de\/"},{"@type":"ListItem","position":2,"name":"Shop","item":"https:\/\/ucm.one\/de\/shop\/"},{"@type":"ListItem","position":3,"name":"Papa Gold"}]},{"@type":"WebSite","@id":"https:\/\/ucm.one\/de\/#website","url":"https:\/\/ucm.one\/de\/","name":"UCM.ONE","description":"","publisher":{"@id":"https:\/\/ucm.one\/de\/#organization"},"potentialAction":[{"@type":"SearchAction","target":{"@type":"EntryPoint","urlTemplate":"https:\/\/ucm.one\/de\/?s={search_term_string}"},"query-input":{"@type":"PropertyValueSpecification","valueRequired":true,"valueName":"search_term_string"}}],"inLanguage":"de"},{"@type":"Organization","@id":"https:\/\/ucm.one\/de\/#organization","name":"UCM.ONE","url":"https:\/\/ucm.one\/de\/","logo":{"@type":"ImageObject","inLanguage":"de","@id":"https:\/\/ucm.one\/de\/#\/schema\/logo\/image\/","url":"https:\/\/ucm.one\/wp-content\/uploads\/2019\/10\/UCM.ONE-Logo-RGB.svg","contentUrl":"https:\/\/ucm.one\/wp-content\/uploads\/2019\/10\/UCM.ONE-Logo-RGB.svg","width":1,"height":1,"caption":"UCM.ONE"},"image":{"@id":"https:\/\/ucm.one\/de\/#\/schema\/logo\/image\/"}}]}},"_links":{"self":[{"href":"https:\/\/ucm.one\/de\/wp-json\/wp\/v2\/product\/72690","targetHints":{"allow":["GET"]}}],"collection":[{"href":"https:\/\/ucm.one\/de\/wp-json\/wp\/v2\/product"}],"about":[{"href":"https:\/\/ucm.one\/de\/wp-json\/wp\/v2\/types\/product"}],"replies":[{"embeddable":true,"href":"https:\/\/ucm.one\/de\/wp-json\/wp\/v2\/comments?post=72690"}],"wp:featuredmedia":[{"embeddable":true,"href":"https:\/\/ucm.one\/de\/wp-json\/wp\/v2\/media\/72691"}],"wp:attachment":[{"href":"https:\/\/ucm.one\/de\/wp-json\/wp\/v2\/media?parent=72690"}],"wp:term":[{"taxonomy":"product_brand","embeddable":true,"href":"https:\/\/ucm.one\/de\/wp-json\/wp\/v2\/product_brand?post=72690"},{"taxonomy":"product_cat","embeddable":true,"href":"https:\/\/ucm.one\/de\/wp-json\/wp\/v2\/product_cat?post=72690"},{"taxonomy":"product_tag","embeddable":true,"href":"https:\/\/ucm.one\/de\/wp-json\/wp\/v2\/product_tag?post=72690"}],"curies":[{"name":"wp","href":"https:\/\/api.w.org\/{rel}","templated":true}]}}