{"id":72569,"date":"2017-02-24T22:05:09","date_gmt":"2017-02-24T22:05:09","guid":{"rendered":"https:\/\/ucm.one\/?post_type=product&#038;p=72569"},"modified":"2023-06-18T15:13:08","modified_gmt":"2023-06-18T15:13:08","slug":"wir-sind-die-flut","status":"publish","type":"product","link":"https:\/\/ucm.one\/de\/produkt\/wir-sind-die-flut\/","title":{"rendered":"Wir sind die Flut"},"content":{"rendered":"<div class=\"wpb_text_column wpb_content_element \">\n<div class=\"wpb_wrapper\">\n<div class=\"\">\n<div class=\"wpb_text_column wpb_content_element \">\n<div class=\"wpb_wrapper\">\n<div class=\"wpb_text_column wpb_content_element \">\n<div class=\"wpb_wrapper\">\n<p>Vor 15 Jahren ist vor der K\u00fcste von Windholm das Meer verschwunden. Seitdem strahlt eine beklemmende Ruhe auf die Umgebung aus, wirft Fragen auf, bereitet Unbehagen. Die Ursache f\u00fcr die Anomalie ist bis heute ungekl\u00e4rt.\u00a0Mit einer neuen Theorie ist der ehrgeizige Physikstudent Micha einer von vielen Nachwuchswissenschaftlern, die um die rar ges\u00e4ten Forschungsauftr\u00e4ge an der Uni k\u00e4mpfen. Nach jahrelanger Arbeit muss er jedoch erleben, wie sein gewagtes Vorhaben am verkn\u00f6cherten System scheitert \u2013 er darf sein Projekt nicht fortsetzen. Heimlich macht sich Micha mit seiner Kollegin Jana auf den Weg, um seine Hypothese auf eigene Faust zu \u00fcberpr\u00fcfen.<\/p>\n<p>Zwischen heruntergekommenen H\u00e4usern und verlassenen Stra\u00dfen geraten Micha und Jana auf ihrer Suche nach der Wahrheit immer tiefer in den Bann dieses vergessenen Ortes, an dem ihnen eine Wirklichkeit offenbart wird, der sie sich erst noch stellen m\u00fcssen.<\/p>\n<\/div>\n<\/div>\n<\/div>\n<\/div>\n<\/div>\n<\/div>\n<\/div>\n<div><div class=\"gap\" style=\"line-height: 20px; height: 20px;\"><\/div><\/div>\n<h5>Weitere Informationen<\/h5>\n<div>\n<div>\n<table style=\"height: 46px; width: 100%; border-collapse: collapse; border-color: #ffffff; background-color: #ffffff; border-style: hidden;\">\n<tbody>\n<tr style=\"height: 23px; border-style: hidden; border-color: #ffffff; background-color: #ffffff;\">\n<td style=\"width: 4.701195219123506%; height: 23px; border-style: hidden;\">Film:<\/td>\n<td style=\"width: 95.29880478087651%; height: 23px; border-style: hidden;\"><a title=\"Wir sind die Flut\" href=\"https:\/\/ucm.one\/de\/?s=%22wir+sind+die+Flut%22&amp;lang=de\">Wir sind die Flut<\/a><\/td>\n<\/tr>\n<tr style=\"height: 23px;\">\n<td style=\"width: 4.701195219123506%; height: 23px; border-style: hidden;\">Label:<\/td>\n<td style=\"width: 95.29880478087651%; height: 23px; border-style: hidden;\"><a title=\"Darling Berlin\" href=\"https:\/\/ucm.one\/de\/film-labels\/darling-berlin\/\">Darling Berlin<\/a><\/td>\n<\/tr>\n<\/tbody>\n<\/table>\n<\/div>\n<div><\/div>\n<\/div>\n<div>\n<div><div class=\"gap\" style=\"line-height: 10px; height: 10px;\"><\/div><\/div>\n<div><span style=\"font-family: 'arial black', sans-serif;\"><span style=\"font-family: arial, helvetica, sans-serif;\">\u00a9 2017 <strong>Darling Berlin \/ <span style=\"font-family: 'arial black', sans-serif;\">UCM.ONE<\/span><\/strong><\/span><\/span><\/div>\n<div><div class=\"gap\" style=\"line-height: 20px; height: 20px;\"><\/div><\/div>\n<\/div>\n<div>\n<div><\/div>\n<div>\n<div><div class=\"gap\" style=\"line-height: 10px; height: 10px;\"><\/div><\/div>\n<div><span style=\"color: #003a80;\"><strong>\u27a0 <a style=\"color: #003a80;\" href=\"https:\/\/ucm.one\/de\/produkt-kategorie\/art-de\/filme-de\/\">zum Shop<\/a><\/strong><\/span><\/div>\n<div><div class=\"gap\" style=\"line-height: 20px; height: 20px;\"><\/div><\/div>\n<\/div>\n<\/div>\n","protected":false},"excerpt":{"rendered":"<p>Regie: <strong><a title=\"Sebastian Hilger\" href=\"https:\/\/ucm.one\/de\/?s=%22ebastian+Hilger%22&amp;post_type=product\">Sebastian Hilger<\/a><\/strong><\/p>\n<p>Label:\u00a0<a title=\"\" href=\"https:\/\/ucm.one\/de\/produkt-kategorie\/label-film-de\/darling-berlin-de\/\"><strong>Darling Berlin<\/strong><\/a><\/p>\n<p>Art:\u00a0<strong><a href=\"https:\/\/ucm.one\/de\/produkt-kategorie\/art-de\/filme-de\/\">Film<\/a> (Spielfilm)<\/strong><\/p>\n<p>Genres:\u00a0<b><a href=\"https:\/\/ucm.one\/de\/produkt-kategorie\/genre-film-de\/drama-de\/\">Drama<\/a>, <a title=\"Science-Fiction\" href=\"https:\/\/ucm.one\/de\/produkt-kategorie\/genre-film-de\/science-fiction-de\/\">Science-Fiction<\/a><\/b><\/p>\n<p>Jahr: <strong>2014<\/strong><\/p>\n<p>FSK: <strong>6<\/strong><\/p>\n<p>Format: <strong>DVD<\/strong><\/p>\n","protected":false},"featured_media":72588,"comment_status":"open","ping_status":"closed","template":"","meta":{"_acf_changed":false},"product_brand":[],"product_cat":[10331,10334,10339,10354,13156,9708],"product_tag":[],"class_list":{"0":"post-72569","1":"product","2":"type-product","3":"status-publish","4":"has-post-thumbnail","6":"product_cat-dvd-de","7":"product_cat-drama-de","8":"product_cat-darling-berlin-de","9":"product_cat-science-fiction-de","10":"product_cat-arthouse-de","11":"product_cat-filme-de","12":"product_shipping_class-dvd-2","13":"pa_format-dvd","14":"pa_format-blu-ray-de","15":"description-off","17":"first","18":"instock","19":"taxable","20":"shipping-taxable","21":"purchasable","22":"product-type-variable","23":"has-default-attributes"},"acf":[],"yoast_head":"<!-- This site is optimized with the Yoast SEO plugin v27.5 - https:\/\/yoast.com\/product\/yoast-seo-wordpress\/ -->\n<title>Wir sind die Flut<\/title>\n<meta name=\"description\" content=\"Shop | Wir sind die Flut | 2017 | Darling Berlin | DVD | FSK 6\" \/>\n<meta name=\"robots\" content=\"index, follow, max-snippet:-1, max-image-preview:large, max-video-preview:-1\" \/>\n<link rel=\"canonical\" href=\"https:\/\/ucm.one\/de\/produkt\/wir-sind-die-flut\/\" \/>\n<meta property=\"og:locale\" content=\"de_DE\" \/>\n<meta property=\"og:type\" content=\"article\" \/>\n<meta property=\"og:title\" content=\"Wir sind die Flut\" \/>\n<meta property=\"og:description\" content=\"Shop | Wir sind die Flut | 2017 | Darling Berlin | DVD | FSK 6\" \/>\n<meta property=\"og:url\" content=\"https:\/\/ucm.one\/de\/produkt\/wir-sind-die-flut\/\" \/>\n<meta property=\"og:site_name\" content=\"UCM.ONE\" \/>\n<meta property=\"article:modified_time\" content=\"2023-06-18T15:13:08+00:00\" \/>\n<meta property=\"og:image\" content=\"https:\/\/ucm.one\/wp-content\/uploads\/2022\/07\/C-Wir-sind-die-Flut-DVD-2D-FSK6.jpg\" \/>\n<meta name=\"twitter:card\" content=\"summary_large_image\" \/>\n<meta name=\"twitter:title\" content=\"Wir sind die Flut\" \/>\n<meta name=\"twitter:description\" content=\"Shop | Wir sind die Flut | 2017 | Darling Berlin | DVD | FSK 6\" \/>\n<meta name=\"twitter:image\" content=\"https:\/\/ucm.one\/wp-content\/uploads\/2022\/07\/C-Wir-sind-die-Flut-DVD-2D-FSK6.jpg\" \/>\n<meta name=\"twitter:label1\" content=\"Gesch\u00e4tzte Lesezeit\" \/>\n\t<meta name=\"twitter:data1\" content=\"1\u00a0Minute\" \/>\n<!-- \/ Yoast SEO plugin. -->","yoast_head_json":{"title":"Wir sind die Flut","description":"Shop | Wir sind die Flut | 2017 | Darling Berlin | DVD | FSK 6","robots":{"index":"index","follow":"follow","max-snippet":"max-snippet:-1","max-image-preview":"max-image-preview:large","max-video-preview":"max-video-preview:-1"},"canonical":"https:\/\/ucm.one\/de\/produkt\/wir-sind-die-flut\/","og_locale":"de_DE","og_type":"article","og_title":"Wir sind die Flut","og_description":"Shop | Wir sind die Flut | 2017 | Darling Berlin | DVD | FSK 6","og_url":"https:\/\/ucm.one\/de\/produkt\/wir-sind-die-flut\/","og_site_name":"UCM.ONE","article_modified_time":"2023-06-18T15:13:08+00:00","og_image":[{"url":"https:\/\/ucm.one\/wp-content\/uploads\/2022\/07\/C-Wir-sind-die-Flut-DVD-2D-FSK6.jpg","type":"","width":"","height":""}],"twitter_card":"summary_large_image","twitter_title":"Wir sind die Flut","twitter_description":"Shop | Wir sind die Flut | 2017 | Darling Berlin | DVD | FSK 6","twitter_image":"https:\/\/ucm.one\/wp-content\/uploads\/2022\/07\/C-Wir-sind-die-Flut-DVD-2D-FSK6.jpg","twitter_misc":{"Gesch\u00e4tzte Lesezeit":"1\u00a0Minute"},"schema":{"@context":"https:\/\/schema.org","@graph":[{"@type":"WebPage","@id":"https:\/\/ucm.one\/de\/produkt\/wir-sind-die-flut\/","url":"https:\/\/ucm.one\/de\/produkt\/wir-sind-die-flut\/","name":"Wir sind die Flut","isPartOf":{"@id":"https:\/\/ucm.one\/de\/#website"},"primaryImageOfPage":{"@id":"https:\/\/ucm.one\/de\/produkt\/wir-sind-die-flut\/#primaryimage"},"image":{"@id":"https:\/\/ucm.one\/de\/produkt\/wir-sind-die-flut\/#primaryimage"},"thumbnailUrl":"https:\/\/ucm.one\/wp-content\/uploads\/2022\/07\/C-Wir-sind-die-Flut-DVD-2D-FSK6.jpg","datePublished":"2017-02-24T22:05:09+00:00","dateModified":"2023-06-18T15:13:08+00:00","description":"Shop | Wir sind die Flut | 2017 | Darling Berlin | DVD | FSK 6","breadcrumb":{"@id":"https:\/\/ucm.one\/de\/produkt\/wir-sind-die-flut\/#breadcrumb"},"inLanguage":"de","potentialAction":[{"@type":"ReadAction","target":["https:\/\/ucm.one\/de\/produkt\/wir-sind-die-flut\/"]}]},{"@type":"ImageObject","inLanguage":"de","@id":"https:\/\/ucm.one\/de\/produkt\/wir-sind-die-flut\/#primaryimage","url":"https:\/\/ucm.one\/wp-content\/uploads\/2022\/07\/C-Wir-sind-die-Flut-DVD-2D-FSK6.jpg","contentUrl":"https:\/\/ucm.one\/wp-content\/uploads\/2022\/07\/C-Wir-sind-die-Flut-DVD-2D-FSK6.jpg","width":699,"height":1000},{"@type":"BreadcrumbList","@id":"https:\/\/ucm.one\/de\/produkt\/wir-sind-die-flut\/#breadcrumb","itemListElement":[{"@type":"ListItem","position":1,"name":"Home","item":"https:\/\/ucm.one\/de\/"},{"@type":"ListItem","position":2,"name":"Shop","item":"https:\/\/ucm.one\/de\/shop\/"},{"@type":"ListItem","position":3,"name":"Wir sind die Flut"}]},{"@type":"WebSite","@id":"https:\/\/ucm.one\/de\/#website","url":"https:\/\/ucm.one\/de\/","name":"UCM.ONE","description":"","publisher":{"@id":"https:\/\/ucm.one\/de\/#organization"},"potentialAction":[{"@type":"SearchAction","target":{"@type":"EntryPoint","urlTemplate":"https:\/\/ucm.one\/de\/?s={search_term_string}"},"query-input":{"@type":"PropertyValueSpecification","valueRequired":true,"valueName":"search_term_string"}}],"inLanguage":"de"},{"@type":"Organization","@id":"https:\/\/ucm.one\/de\/#organization","name":"UCM.ONE","url":"https:\/\/ucm.one\/de\/","logo":{"@type":"ImageObject","inLanguage":"de","@id":"https:\/\/ucm.one\/de\/#\/schema\/logo\/image\/","url":"https:\/\/ucm.one\/wp-content\/uploads\/2019\/10\/UCM.ONE-Logo-RGB.svg","contentUrl":"https:\/\/ucm.one\/wp-content\/uploads\/2019\/10\/UCM.ONE-Logo-RGB.svg","width":1,"height":1,"caption":"UCM.ONE"},"image":{"@id":"https:\/\/ucm.one\/de\/#\/schema\/logo\/image\/"}}]}},"_links":{"self":[{"href":"https:\/\/ucm.one\/de\/wp-json\/wp\/v2\/product\/72569","targetHints":{"allow":["GET"]}}],"collection":[{"href":"https:\/\/ucm.one\/de\/wp-json\/wp\/v2\/product"}],"about":[{"href":"https:\/\/ucm.one\/de\/wp-json\/wp\/v2\/types\/product"}],"replies":[{"embeddable":true,"href":"https:\/\/ucm.one\/de\/wp-json\/wp\/v2\/comments?post=72569"}],"wp:featuredmedia":[{"embeddable":true,"href":"https:\/\/ucm.one\/de\/wp-json\/wp\/v2\/media\/72588"}],"wp:attachment":[{"href":"https:\/\/ucm.one\/de\/wp-json\/wp\/v2\/media?parent=72569"}],"wp:term":[{"taxonomy":"product_brand","embeddable":true,"href":"https:\/\/ucm.one\/de\/wp-json\/wp\/v2\/product_brand?post=72569"},{"taxonomy":"product_cat","embeddable":true,"href":"https:\/\/ucm.one\/de\/wp-json\/wp\/v2\/product_cat?post=72569"},{"taxonomy":"product_tag","embeddable":true,"href":"https:\/\/ucm.one\/de\/wp-json\/wp\/v2\/product_tag?post=72569"}],"curies":[{"name":"wp","href":"https:\/\/api.w.org\/{rel}","templated":true}]}}