{"id":72522,"date":"2017-12-06T21:21:39","date_gmt":"2017-12-06T21:21:39","guid":{"rendered":"https:\/\/ucm.one\/?post_type=product&#038;p=72522"},"modified":"2023-07-14T15:08:46","modified_gmt":"2023-07-14T15:08:46","slug":"beat-beat-heart","status":"publish","type":"product","link":"https:\/\/ucm.one\/de\/produkt\/beat-beat-heart\/","title":{"rendered":"Beat Beat Heart"},"content":{"rendered":"<div class=\"wpb_text_column wpb_content_element \">\n<div class=\"wpb_wrapper\">\n<div class=\"\">\n<div class=\"wpb_text_column wpb_content_element \">\n<div class=\"wpb_wrapper\">\n<div class=\"wpb_text_column wpb_content_element \">\n<div class=\"wpb_wrapper\">\n<p>Eine verspielte Romantikerin wartet seit Monaten aktiv auf die R\u00fcckkehr ihrer gro\u00dfen Liebe \u2013 als pl\u00f6tzlich ihre frisch getrennte Mutter midlife-kriselnd bei ihr einzieht und sie im Zuge ihrer Selbstfindung mit neumodischen Liebeskonzepten und Lebensweisheiten konfrontiert.<\/p>\n<p>Kerstin (Lana Cooper) glaubt mit vollem Herzen an die gro\u00dfe Liebe und wartet seit Monaten auf die R\u00fcckkehr ihres Exfreundes Thomas (Till Wonka). Sie hat es sich in zuckersch\u00f6nen Erinnerungen bequem gemacht, als pl\u00f6tzlich ihre Mutter Charlotte (Saskia Vester) vor der T\u00fcr steht und in ihrer WG einziehen will. Denn Mama hat sich mit Mitte 50 aus Versehen von ihrem Partner getrennt und wei\u00df jetzt nicht, wohin. Dass die beiden Frauen nicht unterschiedlicher mit ihrer Sehnsucht umgehen k\u00f6nnten, wird sp\u00e4testens dann klar, als Charlotte sich kurzerhand durch Kerstins Mitbewohnerin (Christin Nichols) dazu inspirieren l\u00e4sst, neue M\u00e4nner \u00fcber eine App kennenzulernen und direkt mit nach Hause zu bringen. Kerstins wohlige Tagtr\u00e4ume werden nun immer h\u00e4ufiger von der Realit\u00e4t unterbrochen, in der die wahre Liebe zu einem hoffnungslosen Zufallsprodukt geworden ist.<\/p>\n<\/div>\n<\/div>\n<\/div>\n<\/div>\n<\/div>\n<\/div>\n<\/div>\n<div><div class=\"gap\" style=\"line-height: 20px; height: 20px;\"><\/div><\/div>\n<h5>Weitere Informationen<\/h5>\n<div>\n<div>\n<table style=\"height: 46px; width: 100%; border-collapse: collapse; border-color: #ffffff; background-color: #ffffff; border-style: hidden;\">\n<tbody>\n<tr style=\"height: 23px; border-style: hidden; border-color: #ffffff; background-color: #ffffff;\">\n<td style=\"width: 4.701195219123506%; height: 23px; border-style: hidden;\">Film:<\/td>\n<td style=\"width: 95.29880478087651%; height: 23px; border-style: hidden;\"><a title=\"Beat Beat Heart\" href=\"https:\/\/ucm.one\/de\/?s=%22Beat+Beat+Heart%22&amp;lang=de\">Beat Beat Heart<\/a><\/td>\n<\/tr>\n<tr style=\"height: 23px;\">\n<td style=\"width: 4.701195219123506%; height: 23px; border-style: hidden;\">Label:<\/td>\n<td style=\"width: 95.29880478087651%; height: 23px; border-style: hidden;\"><a title=\"Darling Berlin\" href=\"https:\/\/ucm.one\/de\/film-labels\/darling-berlin\/\">Darling Berlin<\/a><\/td>\n<\/tr>\n<\/tbody>\n<\/table>\n<\/div>\n<div><\/div>\n<\/div>\n<div>\n<div><div class=\"gap\" style=\"line-height: 10px; height: 10px;\"><\/div><\/div>\n<div><span style=\"font-family: 'arial black', sans-serif;\"><span style=\"font-family: arial, helvetica, sans-serif;\">\u00a9 2017 <strong>Darling Berlin \/ <span style=\"font-family: 'arial black', sans-serif;\">UCM.ONE<\/span><\/strong><\/span><\/span><\/div>\n<div><div class=\"gap\" style=\"line-height: 20px; height: 20px;\"><\/div><\/div>\n<\/div>\n<div>\n<div><\/div>\n<div>\n<div><div class=\"gap\" style=\"line-height: 10px; height: 10px;\"><\/div><\/div>\n<div><span style=\"color: #003a80;\"><strong>\u27a0 <a style=\"color: #003a80;\" href=\"https:\/\/ucm.one\/de\/produkt-kategorie\/art-de\/filme-de\/\">zum Shop<\/a><\/strong><\/span><\/div>\n<div><div class=\"gap\" style=\"line-height: 20px; height: 20px;\"><\/div><\/div>\n<\/div>\n<\/div>\n","protected":false},"excerpt":{"rendered":"<p>Regie: <strong><a title=\"Luise Brinkmann\" href=\"https:\/\/ucm.one\/de\/?s=%22Luise+Brinkmann%22&amp;post_type=product\">Luise Brinkmann<\/a><\/strong><\/p>\n<p>Label:\u00a0<a title=\"\" href=\"https:\/\/ucm.one\/de\/produkt-kategorie\/label-film-de\/darling-berlin-de\/\"><strong>Darling Berlin<\/strong><\/a><\/p>\n<p>Art:\u00a0<strong><a href=\"https:\/\/ucm.one\/de\/produkt-kategorie\/art-de\/filme-de\/\">Film<\/a> (Spielfilm)<\/strong><\/p>\n<p>Genres:\u00a0<b><a href=\"https:\/\/ucm.one\/de\/produkt-kategorie\/genre-film-de\/drama-de\/\">Drama<\/a>, <a title=\"Liebe &amp; Beziehung\" href=\"https:\/\/ucm.one\/de\/produkt-kategorie\/genre-film-de\/liebe-beziehung\/\">Liebe &amp; Beziehung<\/a><\/b><\/p>\n<p>Jahr: <strong>2016<\/strong><\/p>\n<p>FSK: <strong>12<\/strong><\/p>\n<p>Format: <strong>DVD<\/strong><\/p>\n","protected":false},"featured_media":72523,"comment_status":"open","ping_status":"closed","template":"","meta":{"_acf_changed":false},"product_brand":[],"product_cat":[10339,10361,13156,9708,10331,10334],"product_tag":[13326,13327,13328,13329,12464,13330,12474,13331,13332,13229,13234,13245,13325],"class_list":{"0":"post-72522","1":"product","2":"type-product","3":"status-publish","4":"has-post-thumbnail","6":"product_cat-darling-berlin-de","7":"product_cat-liebe-beziehung","8":"product_cat-arthouse-de","9":"product_cat-filme-de","10":"product_cat-dvd-de","11":"product_cat-drama-de","12":"product_tag-saskia-vester","13":"product_tag-till-wonka","14":"product_tag-christin-nichols","15":"product_tag-caroline-erikson","16":"product_tag-darling-berlin","17":"product_tag-joerg-bundschuh","18":"product_tag-lana-cooper","19":"product_tag-cornelius-schwalm","20":"product_tag-simon-finkas","21":"product_tag-hans-heinrich-hardt","22":"product_tag-aleksandar-radenkovic","23":"product_tag-luise-brinkmann","24":"product_tag-beat-beat-heart","25":"product_shipping_class-dvd-2","26":"pa_format-dvd","27":"description-off","29":"first","30":"instock","31":"taxable","32":"shipping-taxable","33":"purchasable","34":"product-type-variable","35":"has-default-attributes"},"acf":[],"yoast_head":"<!-- This site is optimized with the Yoast SEO plugin v27.2 - https:\/\/yoast.com\/product\/yoast-seo-wordpress\/ -->\n<title>Beat Beat Heart<\/title>\n<meta name=\"description\" content=\"Shop | Beat Beat Heart | 2017 | Darling Berlin | DVD | FSK 12\" \/>\n<meta name=\"robots\" content=\"index, follow, max-snippet:-1, max-image-preview:large, max-video-preview:-1\" \/>\n<link rel=\"canonical\" href=\"https:\/\/ucm.one\/de\/produkt\/beat-beat-heart\/\" \/>\n<meta property=\"og:locale\" content=\"de_DE\" \/>\n<meta property=\"og:type\" content=\"article\" \/>\n<meta property=\"og:title\" content=\"Beat Beat Heart\" \/>\n<meta property=\"og:description\" content=\"Shop | Beat Beat Heart | 2017 | Darling Berlin | DVD | FSK 12\" \/>\n<meta property=\"og:url\" content=\"https:\/\/ucm.one\/de\/produkt\/beat-beat-heart\/\" \/>\n<meta property=\"og:site_name\" content=\"UCM.ONE\" \/>\n<meta property=\"article:modified_time\" content=\"2023-07-14T15:08:46+00:00\" \/>\n<meta property=\"og:image\" content=\"https:\/\/ucm.one\/wp-content\/uploads\/2022\/07\/C-Beat-Beat-Heart-DVD-2D-FSK12.jpg\" \/>\n<meta name=\"twitter:card\" content=\"summary_large_image\" \/>\n<meta name=\"twitter:title\" content=\"Beat Beat Heart\" \/>\n<meta name=\"twitter:description\" content=\"Shop | Beat Beat Heart | 2017 | Darling Berlin | DVD | FSK 12\" \/>\n<meta name=\"twitter:image\" content=\"https:\/\/ucm.one\/wp-content\/uploads\/2022\/07\/C-Beat-Beat-Heart-DVD-2D-FSK12.jpg\" \/>\n<meta name=\"twitter:label1\" content=\"Gesch\u00e4tzte Lesezeit\" \/>\n\t<meta name=\"twitter:data1\" content=\"1\u00a0Minute\" \/>\n<!-- \/ Yoast SEO plugin. -->","yoast_head_json":{"title":"Beat Beat Heart","description":"Shop | Beat Beat Heart | 2017 | Darling Berlin | DVD | FSK 12","robots":{"index":"index","follow":"follow","max-snippet":"max-snippet:-1","max-image-preview":"max-image-preview:large","max-video-preview":"max-video-preview:-1"},"canonical":"https:\/\/ucm.one\/de\/produkt\/beat-beat-heart\/","og_locale":"de_DE","og_type":"article","og_title":"Beat Beat Heart","og_description":"Shop | Beat Beat Heart | 2017 | Darling Berlin | DVD | FSK 12","og_url":"https:\/\/ucm.one\/de\/produkt\/beat-beat-heart\/","og_site_name":"UCM.ONE","article_modified_time":"2023-07-14T15:08:46+00:00","og_image":[{"url":"https:\/\/ucm.one\/wp-content\/uploads\/2022\/07\/C-Beat-Beat-Heart-DVD-2D-FSK12.jpg","type":"","width":"","height":""}],"twitter_card":"summary_large_image","twitter_title":"Beat Beat Heart","twitter_description":"Shop | Beat Beat Heart | 2017 | Darling Berlin | DVD | FSK 12","twitter_image":"https:\/\/ucm.one\/wp-content\/uploads\/2022\/07\/C-Beat-Beat-Heart-DVD-2D-FSK12.jpg","twitter_misc":{"Gesch\u00e4tzte Lesezeit":"1\u00a0Minute"},"schema":{"@context":"https:\/\/schema.org","@graph":[{"@type":"WebPage","@id":"https:\/\/ucm.one\/de\/produkt\/beat-beat-heart\/","url":"https:\/\/ucm.one\/de\/produkt\/beat-beat-heart\/","name":"Beat Beat Heart","isPartOf":{"@id":"https:\/\/ucm.one\/de\/#website"},"primaryImageOfPage":{"@id":"https:\/\/ucm.one\/de\/produkt\/beat-beat-heart\/#primaryimage"},"image":{"@id":"https:\/\/ucm.one\/de\/produkt\/beat-beat-heart\/#primaryimage"},"thumbnailUrl":"https:\/\/ucm.one\/wp-content\/uploads\/2022\/07\/C-Beat-Beat-Heart-DVD-2D-FSK12.jpg","datePublished":"2017-12-06T21:21:39+00:00","dateModified":"2023-07-14T15:08:46+00:00","description":"Shop | Beat Beat Heart | 2017 | Darling Berlin | DVD | FSK 12","breadcrumb":{"@id":"https:\/\/ucm.one\/de\/produkt\/beat-beat-heart\/#breadcrumb"},"inLanguage":"de","potentialAction":[{"@type":"ReadAction","target":["https:\/\/ucm.one\/de\/produkt\/beat-beat-heart\/"]}]},{"@type":"ImageObject","inLanguage":"de","@id":"https:\/\/ucm.one\/de\/produkt\/beat-beat-heart\/#primaryimage","url":"https:\/\/ucm.one\/wp-content\/uploads\/2022\/07\/C-Beat-Beat-Heart-DVD-2D-FSK12.jpg","contentUrl":"https:\/\/ucm.one\/wp-content\/uploads\/2022\/07\/C-Beat-Beat-Heart-DVD-2D-FSK12.jpg","width":699,"height":1000},{"@type":"BreadcrumbList","@id":"https:\/\/ucm.one\/de\/produkt\/beat-beat-heart\/#breadcrumb","itemListElement":[{"@type":"ListItem","position":1,"name":"Home","item":"https:\/\/ucm.one\/de\/"},{"@type":"ListItem","position":2,"name":"Shop","item":"https:\/\/ucm.one\/de\/shop\/"},{"@type":"ListItem","position":3,"name":"Beat Beat Heart"}]},{"@type":"WebSite","@id":"https:\/\/ucm.one\/de\/#website","url":"https:\/\/ucm.one\/de\/","name":"UCM.ONE","description":"","publisher":{"@id":"https:\/\/ucm.one\/de\/#organization"},"potentialAction":[{"@type":"SearchAction","target":{"@type":"EntryPoint","urlTemplate":"https:\/\/ucm.one\/de\/?s={search_term_string}"},"query-input":{"@type":"PropertyValueSpecification","valueRequired":true,"valueName":"search_term_string"}}],"inLanguage":"de"},{"@type":"Organization","@id":"https:\/\/ucm.one\/de\/#organization","name":"UCM.ONE","url":"https:\/\/ucm.one\/de\/","logo":{"@type":"ImageObject","inLanguage":"de","@id":"https:\/\/ucm.one\/de\/#\/schema\/logo\/image\/","url":"https:\/\/ucm.one\/wp-content\/uploads\/2019\/10\/UCM.ONE-Logo-RGB.svg","contentUrl":"https:\/\/ucm.one\/wp-content\/uploads\/2019\/10\/UCM.ONE-Logo-RGB.svg","width":1,"height":1,"caption":"UCM.ONE"},"image":{"@id":"https:\/\/ucm.one\/de\/#\/schema\/logo\/image\/"}}]}},"_links":{"self":[{"href":"https:\/\/ucm.one\/de\/wp-json\/wp\/v2\/product\/72522","targetHints":{"allow":["GET"]}}],"collection":[{"href":"https:\/\/ucm.one\/de\/wp-json\/wp\/v2\/product"}],"about":[{"href":"https:\/\/ucm.one\/de\/wp-json\/wp\/v2\/types\/product"}],"replies":[{"embeddable":true,"href":"https:\/\/ucm.one\/de\/wp-json\/wp\/v2\/comments?post=72522"}],"wp:featuredmedia":[{"embeddable":true,"href":"https:\/\/ucm.one\/de\/wp-json\/wp\/v2\/media\/72523"}],"wp:attachment":[{"href":"https:\/\/ucm.one\/de\/wp-json\/wp\/v2\/media?parent=72522"}],"wp:term":[{"taxonomy":"product_brand","embeddable":true,"href":"https:\/\/ucm.one\/de\/wp-json\/wp\/v2\/product_brand?post=72522"},{"taxonomy":"product_cat","embeddable":true,"href":"https:\/\/ucm.one\/de\/wp-json\/wp\/v2\/product_cat?post=72522"},{"taxonomy":"product_tag","embeddable":true,"href":"https:\/\/ucm.one\/de\/wp-json\/wp\/v2\/product_tag?post=72522"}],"curies":[{"name":"wp","href":"https:\/\/api.w.org\/{rel}","templated":true}]}}