{"id":72500,"date":"2019-04-16T20:50:32","date_gmt":"2019-04-16T20:50:32","guid":{"rendered":"https:\/\/ucm.one\/?post_type=product&#038;p=72500"},"modified":"2025-11-21T12:14:46","modified_gmt":"2025-11-21T12:14:46","slug":"mann-im-spagat","status":"publish","type":"product","link":"https:\/\/ucm.one\/de\/produkt\/mann-im-spagat\/","title":{"rendered":"Mann im Spagat: Pace, Cowboy, Pace"},"content":{"rendered":"<div class=\"wpb_text_column wpb_content_element \">\n<div class=\"wpb_wrapper\">\n<div class=\"\">\n<div class=\"wpb_text_column wpb_content_element \">\n<div class=\"wpb_wrapper\">\n<div class=\"wpb_text_column wpb_content_element \">\n<div class=\"wpb_wrapper\">\n<p>Cowboy (<strong>Timo Jacobs<\/strong>) ist auf einer Mission: In Berlin-Kreuzberg versucht er eifrig, den Weltatem zu reinigen. Doch als gegen\u00fcber seiner Agentur ein Autokurier um den umtriebigen Tschick McQueen (<strong>Clemens Schick<\/strong>) und seine Partnerin Angel (<strong>Hanni Bergesch<\/strong>) aufmacht, muss Cowboy etwas gegen die Schmutzfinke unternehmen. Deshalb plant er, einen Fahrradkurierdienst zu er\u00f6ffnen und m\u00f6chte gleich zu Beginn eine Rallye veranstalten. Aber Cowboys unternehmerische Ambitionen haben noch einen weiteren Grund: Seine alte Mutter (<strong>Dorothea Hagena<\/strong>) soll nicht in einem billigen Altenheim enden, sondern luxuri\u00f6s gepflegt werden &#8211; und das kostet nat\u00fcrlich eine ganze Stange Geld! Ein Problem nach dem anderen f\u00fcr Cowboy und zu allem \u00dcberfluss hetzen ihm seine Konkurrenten auch noch den Teufel vom Hermannplatz (<strong>Claude-Oliver Rudolph<\/strong>) auf den Hals\u2026<\/p>\n<\/div>\n<\/div>\n<\/div>\n<\/div>\n<\/div>\n<\/div>\n<\/div>\n<div><div class=\"gap\" style=\"line-height: 20px; height: 20px;\"><\/div><\/div>\n<h5>Weitere Informationen<\/h5>\n<div>\n<div>\n<table style=\"height: 46px; width: 100%; border-collapse: collapse; border-color: #ffffff; background-color: #ffffff; border-style: hidden;\">\n<tbody>\n<tr style=\"height: 23px; border-style: hidden; border-color: #ffffff; background-color: #ffffff;\">\n<td style=\"width: 4.701195219123506%; height: 23px; border-style: hidden;\">Film:<\/td>\n<td style=\"width: 95.29880478087651%; height: 23px; border-style: hidden;\"><a title=\"Mann im Spagat: Pace, Cowboy, Pace\" href=\"https:\/\/ucm.one\/de\/?s=%22Mann+im+Spagat%22&amp;lang=de\">Mann im Spagat: Pace, Cowboy, Pace<\/a><\/td>\n<\/tr>\n<tr style=\"height: 23px;\">\n<td style=\"width: 4.701195219123506%; height: 23px; border-style: hidden;\">Label:<\/td>\n<td style=\"width: 95.29880478087651%; height: 23px; border-style: hidden;\"><a title=\"Darling Berlin\" href=\"https:\/\/ucm.one\/de\/film-labels\/darling-berlin\/\">Darling Berlin<\/a><\/td>\n<\/tr>\n<\/tbody>\n<\/table>\n<\/div>\n<div><\/div>\n<\/div>\n<div>\n<div><div class=\"gap\" style=\"line-height: 10px; height: 10px;\"><\/div><\/div>\n<div><span style=\"font-family: 'arial black', sans-serif;\"><span style=\"font-family: arial, helvetica, sans-serif;\">\u00a9 2017 <strong>Darling Berlin \/ <span style=\"font-family: 'arial black', sans-serif;\">UCM.ONE<\/span><\/strong><\/span><\/span><\/div>\n<div><div class=\"gap\" style=\"line-height: 20px; height: 20px;\"><\/div><\/div>\n<\/div>\n<div>\n<div><\/div>\n<div>\n<div><div class=\"gap\" style=\"line-height: 10px; height: 10px;\"><\/div><\/div>\n<div><span style=\"color: #003a80;\"><strong>\u27a0 <a style=\"color: #003a80;\" href=\"https:\/\/ucm.one\/de\/produkt-kategorie\/art-de\/filme-de\/\">zum Shop<\/a><\/strong><\/span><\/div>\n<div><div class=\"gap\" style=\"line-height: 20px; height: 20px;\"><\/div><\/div>\n<\/div>\n<\/div>\n","protected":false},"excerpt":{"rendered":"<p>Regie: <strong><a title=\"Timo Jacobs\" href=\"https:\/\/ucm.one\/de\/?s=%22Timo+Jacobs%22&amp;post_type=product\">Timo Jacobs<\/a><\/strong><\/p>\n<p>Label:\u00a0<a title=\"\" href=\"https:\/\/ucm.one\/de\/produkt-kategorie\/label-film-de\/darling-berlin-de\/\"><strong>Darling Berlin<\/strong><\/a><\/p>\n<p>Art:\u00a0<strong><a href=\"https:\/\/ucm.one\/de\/produkt-kategorie\/art-de\/filme-de\/\">Film<\/a> (Spielfilm)<\/strong><\/p>\n<p>Genres:\u00a0<b><a href=\"https:\/\/ucm.one\/de\/produkt-kategorie\/genre-film-de\/drama-de\/\">Drama<\/a>, <a title=\"Kom\u00f6die\" href=\"https:\/\/ucm.one\/de\/produkt-kategorie\/genre-film-de\/komoedie-de\/\">Kom\u00f6die<\/a><\/b><\/p>\n<p>Jahr: <strong>2016<\/strong><\/p>\n<p>FSK: <strong>12<\/strong><\/p>\n<p>Format: <strong>DVD<\/strong><\/p>\n","protected":false},"featured_media":72501,"comment_status":"open","ping_status":"closed","template":"","meta":{"_acf_changed":false},"product_brand":[],"product_cat":[10334,10339,10356,13156,9708,10331],"product_tag":[13322,13312,13323,13313,13324,13314,13315,13316,12464,13317,13318,13268,13319,13274,13320,13310,13321,13311],"class_list":{"0":"post-72500","1":"product","2":"type-product","3":"status-publish","4":"has-post-thumbnail","6":"product_cat-drama-de","7":"product_cat-darling-berlin-de","8":"product_cat-komoedie-de","9":"product_cat-arthouse-de","10":"product_cat-filme-de","11":"product_cat-dvd-de","12":"product_tag-david-bredin","13":"product_tag-natalia-belitski","14":"product_tag-cowboy","15":"product_tag-clemens-schick","16":"product_tag-pace","17":"product_tag-claude-oliver-rudolph","18":"product_tag-olli-schulz","19":"product_tag-rolf-zacher","20":"product_tag-darling-berlin","21":"product_tag-dorothea-hagena","22":"product_tag-friedrich-liechtenstein","23":"product_tag-meret-becker","24":"product_tag-volker-michalowski","25":"product_tag-steve-morell","26":"product_tag-mona-mur","27":"product_tag-mann-im-spagat","28":"product_tag-werner-daehn","29":"product_tag-tim-jacobs","30":"product_shipping_class-dvd-2","31":"pa_format-dvd","32":"description-off","34":"first","35":"instock","36":"taxable","37":"shipping-taxable","38":"purchasable","39":"product-type-variable","40":"has-default-attributes"},"acf":[],"yoast_head":"<!-- This site is optimized with the Yoast SEO plugin v27.5 - https:\/\/yoast.com\/product\/yoast-seo-wordpress\/ -->\n<title>Mann im Spagat: Pace, Cowboy, Pace<\/title>\n<meta name=\"description\" content=\"Shop | Mann im Spagat: Pace, Cowboy, Pace | 2017 | Darling Berlin | DVD | FSK 12\" \/>\n<meta name=\"robots\" content=\"index, follow, max-snippet:-1, max-image-preview:large, max-video-preview:-1\" \/>\n<link rel=\"canonical\" href=\"https:\/\/ucm.one\/de\/produkt\/mann-im-spagat\/\" \/>\n<meta property=\"og:locale\" content=\"de_DE\" \/>\n<meta property=\"og:type\" content=\"article\" \/>\n<meta property=\"og:title\" content=\"Blind &amp; H\u00e4sslich\" \/>\n<meta property=\"og:description\" content=\"Shop | Blind &amp; H\u00e4sslich | 2017 | Darling Berlin | DVD | FSK 12\" \/>\n<meta property=\"og:url\" content=\"https:\/\/ucm.one\/de\/produkt\/mann-im-spagat\/\" \/>\n<meta property=\"og:site_name\" content=\"UCM.ONE\" \/>\n<meta property=\"article:modified_time\" content=\"2025-11-21T12:14:46+00:00\" \/>\n<meta property=\"og:image\" content=\"https:\/\/ucm.one\/wp-content\/uploads\/2022\/07\/C-BlindHaesslich-DVD-2K-FSK12.jpg\" \/>\n<meta name=\"twitter:card\" content=\"summary_large_image\" \/>\n<meta name=\"twitter:title\" content=\"Blind &amp; H\u00e4sslich\" \/>\n<meta name=\"twitter:description\" content=\"Shop | Blind &amp; H\u00e4sslich | 2017 | Darling Berlin | DVD | FSK 12\" \/>\n<meta name=\"twitter:image\" content=\"https:\/\/ucm.one\/wp-content\/uploads\/2022\/07\/C-BlindHaesslich-DVD-2K-FSK12.jpg\" \/>\n<meta name=\"twitter:label1\" content=\"Gesch\u00e4tzte Lesezeit\" \/>\n\t<meta name=\"twitter:data1\" content=\"1\u00a0Minute\" \/>\n<!-- \/ Yoast SEO plugin. -->","yoast_head_json":{"title":"Mann im Spagat: Pace, Cowboy, Pace","description":"Shop | Mann im Spagat: Pace, Cowboy, Pace | 2017 | Darling Berlin | DVD | FSK 12","robots":{"index":"index","follow":"follow","max-snippet":"max-snippet:-1","max-image-preview":"max-image-preview:large","max-video-preview":"max-video-preview:-1"},"canonical":"https:\/\/ucm.one\/de\/produkt\/mann-im-spagat\/","og_locale":"de_DE","og_type":"article","og_title":"Blind & H\u00e4sslich","og_description":"Shop | Blind & H\u00e4sslich | 2017 | Darling Berlin | DVD | FSK 12","og_url":"https:\/\/ucm.one\/de\/produkt\/mann-im-spagat\/","og_site_name":"UCM.ONE","article_modified_time":"2025-11-21T12:14:46+00:00","og_image":[{"url":"https:\/\/ucm.one\/wp-content\/uploads\/2022\/07\/C-BlindHaesslich-DVD-2K-FSK12.jpg","type":"","width":"","height":""}],"twitter_card":"summary_large_image","twitter_title":"Blind & H\u00e4sslich","twitter_description":"Shop | Blind & H\u00e4sslich | 2017 | Darling Berlin | DVD | FSK 12","twitter_image":"https:\/\/ucm.one\/wp-content\/uploads\/2022\/07\/C-BlindHaesslich-DVD-2K-FSK12.jpg","twitter_misc":{"Gesch\u00e4tzte Lesezeit":"1\u00a0Minute"},"schema":{"@context":"https:\/\/schema.org","@graph":[{"@type":"WebPage","@id":"https:\/\/ucm.one\/de\/produkt\/mann-im-spagat\/","url":"https:\/\/ucm.one\/de\/produkt\/mann-im-spagat\/","name":"Mann im Spagat: Pace, Cowboy, Pace","isPartOf":{"@id":"https:\/\/ucm.one\/de\/#website"},"primaryImageOfPage":{"@id":"https:\/\/ucm.one\/de\/produkt\/mann-im-spagat\/#primaryimage"},"image":{"@id":"https:\/\/ucm.one\/de\/produkt\/mann-im-spagat\/#primaryimage"},"thumbnailUrl":"https:\/\/ucm.one\/wp-content\/uploads\/2022\/07\/C-Mann-im-Spagat-DVD-2D-FSK12.jpg","datePublished":"2019-04-16T20:50:32+00:00","dateModified":"2025-11-21T12:14:46+00:00","description":"Shop | Mann im Spagat: Pace, Cowboy, Pace | 2017 | Darling Berlin | DVD | FSK 12","breadcrumb":{"@id":"https:\/\/ucm.one\/de\/produkt\/mann-im-spagat\/#breadcrumb"},"inLanguage":"de","potentialAction":[{"@type":"ReadAction","target":["https:\/\/ucm.one\/de\/produkt\/mann-im-spagat\/"]}]},{"@type":"ImageObject","inLanguage":"de","@id":"https:\/\/ucm.one\/de\/produkt\/mann-im-spagat\/#primaryimage","url":"https:\/\/ucm.one\/wp-content\/uploads\/2022\/07\/C-Mann-im-Spagat-DVD-2D-FSK12.jpg","contentUrl":"https:\/\/ucm.one\/wp-content\/uploads\/2022\/07\/C-Mann-im-Spagat-DVD-2D-FSK12.jpg","width":699,"height":1000},{"@type":"BreadcrumbList","@id":"https:\/\/ucm.one\/de\/produkt\/mann-im-spagat\/#breadcrumb","itemListElement":[{"@type":"ListItem","position":1,"name":"Home","item":"https:\/\/ucm.one\/de\/"},{"@type":"ListItem","position":2,"name":"Shop","item":"https:\/\/ucm.one\/de\/shop\/"},{"@type":"ListItem","position":3,"name":"Mann im Spagat: Pace, Cowboy, Pace"}]},{"@type":"WebSite","@id":"https:\/\/ucm.one\/de\/#website","url":"https:\/\/ucm.one\/de\/","name":"UCM.ONE","description":"","publisher":{"@id":"https:\/\/ucm.one\/de\/#organization"},"potentialAction":[{"@type":"SearchAction","target":{"@type":"EntryPoint","urlTemplate":"https:\/\/ucm.one\/de\/?s={search_term_string}"},"query-input":{"@type":"PropertyValueSpecification","valueRequired":true,"valueName":"search_term_string"}}],"inLanguage":"de"},{"@type":"Organization","@id":"https:\/\/ucm.one\/de\/#organization","name":"UCM.ONE","url":"https:\/\/ucm.one\/de\/","logo":{"@type":"ImageObject","inLanguage":"de","@id":"https:\/\/ucm.one\/de\/#\/schema\/logo\/image\/","url":"https:\/\/ucm.one\/wp-content\/uploads\/2019\/10\/UCM.ONE-Logo-RGB.svg","contentUrl":"https:\/\/ucm.one\/wp-content\/uploads\/2019\/10\/UCM.ONE-Logo-RGB.svg","width":1,"height":1,"caption":"UCM.ONE"},"image":{"@id":"https:\/\/ucm.one\/de\/#\/schema\/logo\/image\/"}}]}},"_links":{"self":[{"href":"https:\/\/ucm.one\/de\/wp-json\/wp\/v2\/product\/72500","targetHints":{"allow":["GET"]}}],"collection":[{"href":"https:\/\/ucm.one\/de\/wp-json\/wp\/v2\/product"}],"about":[{"href":"https:\/\/ucm.one\/de\/wp-json\/wp\/v2\/types\/product"}],"replies":[{"embeddable":true,"href":"https:\/\/ucm.one\/de\/wp-json\/wp\/v2\/comments?post=72500"}],"wp:featuredmedia":[{"embeddable":true,"href":"https:\/\/ucm.one\/de\/wp-json\/wp\/v2\/media\/72501"}],"wp:attachment":[{"href":"https:\/\/ucm.one\/de\/wp-json\/wp\/v2\/media?parent=72500"}],"wp:term":[{"taxonomy":"product_brand","embeddable":true,"href":"https:\/\/ucm.one\/de\/wp-json\/wp\/v2\/product_brand?post=72500"},{"taxonomy":"product_cat","embeddable":true,"href":"https:\/\/ucm.one\/de\/wp-json\/wp\/v2\/product_cat?post=72500"},{"taxonomy":"product_tag","embeddable":true,"href":"https:\/\/ucm.one\/de\/wp-json\/wp\/v2\/product_tag?post=72500"}],"curies":[{"name":"wp","href":"https:\/\/api.w.org\/{rel}","templated":true}]}}