{"id":72482,"date":"2018-05-25T19:46:17","date_gmt":"2018-05-25T19:46:17","guid":{"rendered":"https:\/\/ucm.one\/?post_type=product&#038;p=72482"},"modified":"2023-06-18T15:05:14","modified_gmt":"2023-06-18T15:05:14","slug":"rakete-perelman","status":"publish","type":"product","link":"https:\/\/ucm.one\/de\/produkt\/rakete-perelman\/","title":{"rendered":"Rakete Perelman"},"content":{"rendered":"<div class=\"wpb_text_column wpb_content_element \">\n<div class=\"wpb_wrapper\">\n<div class=\"\">\n<div class=\"wpb_text_column wpb_content_element \">\n<div class=\"wpb_wrapper\">\n<div class=\"wpb_text_column wpb_content_element \">\n<div class=\"wpb_wrapper\">\n<p>Wie wollen wir zusammenleben? Mitten im brandenburgischen Nirgendwo zwischen gr\u00fcnen Wiesen, Techno und Theater beantworten zehn Menschen diese Frage auf ihre eigene Weise. In der K\u00fcnstlerkolonie Rakete Perelman leben sie ihre Version von Freiheit und Unabh\u00e4ngigkeit \u2013 jeder f\u00fcr sich und alle zusammen.<\/p>\n<p>Neu in der Rakete ist Jen. Mit Mitte zwanzig ist sie raus aus der Stadt, raus aus der Industrie und rein in ein neues Leben. Doch die Rakete braucht Geld und die L\u00f6sung, wie sollte es anders sein, liegt in der Kunst, genauer in einer Theaterinszenierung. Jen bekommt auch gleich die Hauptrolle in einem St\u00fcck, das langsam die Realit\u00e4t \u00fcberholt und irgendwann den Idealismus der ganzen Gemeinschaft auf eine harte Probe stellt.<\/p>\n<\/div>\n<\/div>\n<\/div>\n<\/div>\n<\/div>\n<\/div>\n<\/div>\n<div><div class=\"gap\" style=\"line-height: 20px; height: 20px;\"><\/div><\/div>\n<h5>Weitere Informationen<\/h5>\n<div>\n<div>\n<table style=\"height: 46px; width: 100%; border-collapse: collapse; border-color: #ffffff; background-color: #ffffff; border-style: hidden;\">\n<tbody>\n<tr style=\"height: 23px; border-style: hidden; border-color: #ffffff; background-color: #ffffff;\">\n<td style=\"width: 4.701195219123506%; height: 23px; border-style: hidden;\">Film:<\/td>\n<td style=\"width: 95.29880478087651%; height: 23px; border-style: hidden;\"><a title=\"Rakete Perelman\" href=\"https:\/\/ucm.one\/de\/?s=%22Rakete+Perelman%22&amp;lang=de\">Rakete Perelman<\/a><\/td>\n<\/tr>\n<tr style=\"height: 23px;\">\n<td style=\"width: 4.701195219123506%; height: 23px; border-style: hidden;\">Label:<\/td>\n<td style=\"width: 95.29880478087651%; height: 23px; border-style: hidden;\"><a title=\"Darling Berlin\" href=\"https:\/\/ucm.one\/de\/film-labels\/darling-berlin\/\">Darling Berlin<\/a><\/td>\n<\/tr>\n<\/tbody>\n<\/table>\n<\/div>\n<div><\/div>\n<\/div>\n<div>\n<div><div class=\"gap\" style=\"line-height: 10px; height: 10px;\"><\/div><\/div>\n<div><span style=\"font-family: 'arial black', sans-serif;\"><span style=\"font-family: arial, helvetica, sans-serif;\">\u00a9 2017 <strong>Darling Berlin \/ <span style=\"font-family: 'arial black', sans-serif;\">UCM.ONE<\/span><\/strong><\/span><\/span><\/div>\n<div><div class=\"gap\" style=\"line-height: 20px; height: 20px;\"><\/div><\/div>\n<\/div>\n<div>\n<div><\/div>\n<div>\n<div><div class=\"gap\" style=\"line-height: 10px; height: 10px;\"><\/div><\/div>\n<div><span style=\"color: #003a80;\"><strong>\u27a0 <a style=\"color: #003a80;\" href=\"https:\/\/ucm.one\/de\/produkt-kategorie\/art-de\/filme-de\/\">zum Shop<\/a><\/strong><\/span><\/div>\n<div><div class=\"gap\" style=\"line-height: 20px; height: 20px;\"><\/div><\/div>\n<\/div>\n<\/div>\n","protected":false},"excerpt":{"rendered":"<p>Regie: <strong><a title=\"Oliver Alaluukas\" href=\"https:\/\/ucm.one\/de\/?s=%22Oliver+Alaluukas%22&amp;post_type=product\">Oliver Alaluukas<\/a><\/strong><\/p>\n<p>Label:\u00a0<a title=\"\" href=\"https:\/\/ucm.one\/de\/produkt-kategorie\/label-film-de\/darling-berlin-de\/\"><strong>Darling Berlin<\/strong><\/a><\/p>\n<p>Art:\u00a0<strong><a href=\"https:\/\/ucm.one\/de\/produkt-kategorie\/art-de\/filme-de\/\">Film<\/a> (Spielfilm)<\/strong><\/p>\n<p>Genres:\u00a0<b><a href=\"https:\/\/ucm.one\/de\/produkt-kategorie\/genre-film-de\/drama-de\/\">Drama<\/a>, <a title=\"Kom\u00f6die\" href=\"https:\/\/ucm.one\/de\/produkt-kategorie\/genre-film-de\/komoedie-de\/\">Kom\u00f6die<\/a><\/b><\/p>\n<p>Jahr: <strong>2017<\/strong><\/p>\n<p>FSK: <strong>12<\/strong><\/p>\n<p>Format: <strong>DVD<\/strong><\/p>\n","protected":false},"featured_media":72487,"comment_status":"open","ping_status":"closed","template":"","meta":{"_acf_changed":false},"product_brand":[],"product_cat":[13156,9708,10331,10334,10339,10356],"product_tag":[13296,12464,13297,13298,13265,13299,13289,13300,13290,13291,13292,13293,13294,13295],"class_list":{"0":"post-72482","1":"product","2":"type-product","3":"status-publish","4":"has-post-thumbnail","6":"product_cat-arthouse-de","7":"product_cat-filme-de","8":"product_cat-dvd-de","9":"product_cat-drama-de","10":"product_cat-darling-berlin-de","11":"product_cat-komoedie-de","12":"product_tag-afrika-brau","13":"product_tag-darling-berlin","14":"product_tag-oliver-broecker","15":"product_tag-rakete-perelman","16":"product_tag-milton-welsh","17":"product_tag-oliver-alaluukas","18":"product_tag-lisa-fries","19":"product_tag-liv-lisa-fries","20":"product_tag-tobias-lehmann","21":"product_tag-gordon-kaemmerer","22":"product_tag-stefan-lampadius","23":"product_tag-kai-mueller","24":"product_tag-ilyes-moutaoukkil","25":"product_tag-anne-haug","26":"product_shipping_class-dvd-2","27":"pa_format-dvd","28":"pa_format-blu-ray-de","29":"description-off","31":"first","32":"instock","33":"taxable","34":"shipping-taxable","35":"purchasable","36":"product-type-variable","37":"has-default-attributes"},"acf":[],"yoast_head":"<!-- This site is optimized with the Yoast SEO plugin v27.2 - https:\/\/yoast.com\/product\/yoast-seo-wordpress\/ -->\n<title>Rakete Perelman<\/title>\n<meta name=\"description\" content=\"Shop | Rakete Perelman | 2018 | Darling Berlin | DVD | FSK 12\" \/>\n<meta name=\"robots\" content=\"index, follow, max-snippet:-1, max-image-preview:large, max-video-preview:-1\" \/>\n<link rel=\"canonical\" href=\"https:\/\/ucm.one\/de\/produkt\/rakete-perelman\/\" \/>\n<meta property=\"og:locale\" content=\"de_DE\" \/>\n<meta property=\"og:type\" content=\"article\" \/>\n<meta property=\"og:title\" content=\"Rakete Perelman\" \/>\n<meta property=\"og:description\" content=\"Shop | Rakete Perelman | 2018 | Darling Berlin | DVD | FSK 12\" \/>\n<meta property=\"og:url\" content=\"https:\/\/ucm.one\/de\/produkt\/rakete-perelman\/\" \/>\n<meta property=\"og:site_name\" content=\"UCM.ONE\" \/>\n<meta property=\"article:modified_time\" content=\"2023-06-18T15:05:14+00:00\" \/>\n<meta property=\"og:image\" content=\"https:\/\/ucm.one\/wp-content\/uploads\/2022\/07\/C-Rakete-Perelman-DVD-2D-FSK12.jpg\" \/>\n<meta name=\"twitter:card\" content=\"summary_large_image\" \/>\n<meta name=\"twitter:title\" content=\"Rakete Perelman\" \/>\n<meta name=\"twitter:description\" content=\"Shop | Rakete Perelman | 2018 | Darling Berlin | DVD | FSK 12\" \/>\n<meta name=\"twitter:image\" content=\"https:\/\/ucm.one\/wp-content\/uploads\/2022\/07\/C-Rakete-Perelman-DVD-2D-FSK12.jpg\" \/>\n<meta name=\"twitter:label1\" content=\"Gesch\u00e4tzte Lesezeit\" \/>\n\t<meta name=\"twitter:data1\" content=\"1\u00a0Minute\" \/>\n<!-- \/ Yoast SEO plugin. -->","yoast_head_json":{"title":"Rakete Perelman","description":"Shop | Rakete Perelman | 2018 | Darling Berlin | DVD | FSK 12","robots":{"index":"index","follow":"follow","max-snippet":"max-snippet:-1","max-image-preview":"max-image-preview:large","max-video-preview":"max-video-preview:-1"},"canonical":"https:\/\/ucm.one\/de\/produkt\/rakete-perelman\/","og_locale":"de_DE","og_type":"article","og_title":"Rakete Perelman","og_description":"Shop | Rakete Perelman | 2018 | Darling Berlin | DVD | FSK 12","og_url":"https:\/\/ucm.one\/de\/produkt\/rakete-perelman\/","og_site_name":"UCM.ONE","article_modified_time":"2023-06-18T15:05:14+00:00","og_image":[{"url":"https:\/\/ucm.one\/wp-content\/uploads\/2022\/07\/C-Rakete-Perelman-DVD-2D-FSK12.jpg","type":"","width":"","height":""}],"twitter_card":"summary_large_image","twitter_title":"Rakete Perelman","twitter_description":"Shop | Rakete Perelman | 2018 | Darling Berlin | DVD | FSK 12","twitter_image":"https:\/\/ucm.one\/wp-content\/uploads\/2022\/07\/C-Rakete-Perelman-DVD-2D-FSK12.jpg","twitter_misc":{"Gesch\u00e4tzte Lesezeit":"1\u00a0Minute"},"schema":{"@context":"https:\/\/schema.org","@graph":[{"@type":"WebPage","@id":"https:\/\/ucm.one\/de\/produkt\/rakete-perelman\/","url":"https:\/\/ucm.one\/de\/produkt\/rakete-perelman\/","name":"Rakete Perelman","isPartOf":{"@id":"https:\/\/ucm.one\/de\/#website"},"primaryImageOfPage":{"@id":"https:\/\/ucm.one\/de\/produkt\/rakete-perelman\/#primaryimage"},"image":{"@id":"https:\/\/ucm.one\/de\/produkt\/rakete-perelman\/#primaryimage"},"thumbnailUrl":"https:\/\/ucm.one\/wp-content\/uploads\/2022\/07\/C-Rakete-Perelman-DVD-2D-FSK12.jpg","datePublished":"2018-05-25T19:46:17+00:00","dateModified":"2023-06-18T15:05:14+00:00","description":"Shop | Rakete Perelman | 2018 | Darling Berlin | DVD | FSK 12","breadcrumb":{"@id":"https:\/\/ucm.one\/de\/produkt\/rakete-perelman\/#breadcrumb"},"inLanguage":"de","potentialAction":[{"@type":"ReadAction","target":["https:\/\/ucm.one\/de\/produkt\/rakete-perelman\/"]}]},{"@type":"ImageObject","inLanguage":"de","@id":"https:\/\/ucm.one\/de\/produkt\/rakete-perelman\/#primaryimage","url":"https:\/\/ucm.one\/wp-content\/uploads\/2022\/07\/C-Rakete-Perelman-DVD-2D-FSK12.jpg","contentUrl":"https:\/\/ucm.one\/wp-content\/uploads\/2022\/07\/C-Rakete-Perelman-DVD-2D-FSK12.jpg","width":699,"height":1000},{"@type":"BreadcrumbList","@id":"https:\/\/ucm.one\/de\/produkt\/rakete-perelman\/#breadcrumb","itemListElement":[{"@type":"ListItem","position":1,"name":"Home","item":"https:\/\/ucm.one\/de\/"},{"@type":"ListItem","position":2,"name":"Shop","item":"https:\/\/ucm.one\/de\/shop\/"},{"@type":"ListItem","position":3,"name":"Rakete Perelman"}]},{"@type":"WebSite","@id":"https:\/\/ucm.one\/de\/#website","url":"https:\/\/ucm.one\/de\/","name":"UCM.ONE","description":"","publisher":{"@id":"https:\/\/ucm.one\/de\/#organization"},"potentialAction":[{"@type":"SearchAction","target":{"@type":"EntryPoint","urlTemplate":"https:\/\/ucm.one\/de\/?s={search_term_string}"},"query-input":{"@type":"PropertyValueSpecification","valueRequired":true,"valueName":"search_term_string"}}],"inLanguage":"de"},{"@type":"Organization","@id":"https:\/\/ucm.one\/de\/#organization","name":"UCM.ONE","url":"https:\/\/ucm.one\/de\/","logo":{"@type":"ImageObject","inLanguage":"de","@id":"https:\/\/ucm.one\/de\/#\/schema\/logo\/image\/","url":"https:\/\/ucm.one\/wp-content\/uploads\/2019\/10\/UCM.ONE-Logo-RGB.svg","contentUrl":"https:\/\/ucm.one\/wp-content\/uploads\/2019\/10\/UCM.ONE-Logo-RGB.svg","width":1,"height":1,"caption":"UCM.ONE"},"image":{"@id":"https:\/\/ucm.one\/de\/#\/schema\/logo\/image\/"}}]}},"_links":{"self":[{"href":"https:\/\/ucm.one\/de\/wp-json\/wp\/v2\/product\/72482","targetHints":{"allow":["GET"]}}],"collection":[{"href":"https:\/\/ucm.one\/de\/wp-json\/wp\/v2\/product"}],"about":[{"href":"https:\/\/ucm.one\/de\/wp-json\/wp\/v2\/types\/product"}],"replies":[{"embeddable":true,"href":"https:\/\/ucm.one\/de\/wp-json\/wp\/v2\/comments?post=72482"}],"wp:featuredmedia":[{"embeddable":true,"href":"https:\/\/ucm.one\/de\/wp-json\/wp\/v2\/media\/72487"}],"wp:attachment":[{"href":"https:\/\/ucm.one\/de\/wp-json\/wp\/v2\/media?parent=72482"}],"wp:term":[{"taxonomy":"product_brand","embeddable":true,"href":"https:\/\/ucm.one\/de\/wp-json\/wp\/v2\/product_brand?post=72482"},{"taxonomy":"product_cat","embeddable":true,"href":"https:\/\/ucm.one\/de\/wp-json\/wp\/v2\/product_cat?post=72482"},{"taxonomy":"product_tag","embeddable":true,"href":"https:\/\/ucm.one\/de\/wp-json\/wp\/v2\/product_tag?post=72482"}],"curies":[{"name":"wp","href":"https:\/\/api.w.org\/{rel}","templated":true}]}}