{"id":72475,"date":"2018-07-27T18:03:58","date_gmt":"2018-07-27T18:03:58","guid":{"rendered":"https:\/\/ucm.one\/?post_type=product&#038;p=72475"},"modified":"2025-02-07T20:12:40","modified_gmt":"2025-02-07T20:12:40","slug":"koenigin-von-niendorf","status":"publish","type":"product","link":"https:\/\/ucm.one\/de\/produkt\/koenigin-von-niendorf\/","title":{"rendered":"K\u00f6nigin von Niendorf"},"content":{"rendered":"<div class=\"wpb_text_column wpb_content_element \">\n<div class=\"wpb_wrapper\">\n<div class=\"\">\n<div class=\"wpb_text_column wpb_content_element \">\n<div class=\"wpb_wrapper\">\n<div class=\"wpb_text_column wpb_content_element \">\n<div class=\"wpb_wrapper\">\n<p>In Brandenburg haben gerade die Sommerferien begonnen, doch die zehnj\u00e4hrige Lea (Lisa Moell) f\u00e4hrt in diesem Jahr nicht wie sonst mit ihren Freundinnen ins Ferienlager. \u00dcberhaupt \ufb01ndet sie die anderen M\u00e4dchen in ihrer Schule zunehmend seltsamer. Und so kurvt Lea meist allein auf ihrem Fahrrad durch das Dorf und besucht den Musiker und Aussteiger Mark (Mex Schl\u00fcpfer), der auf einem verwilderten Bauernhof lebt. Eines Tages beobachtet Lea bei einem ihrer Streifz\u00fcge f\u00fcnf Jungs, die ein gro\u00dfes \u00d6lfass \u00fcber den Zaun der Farbfabrik hieven und mit ihrer Beute auf einem Fahrradanh\u00e4nger davonrasen.<\/p>\n<p>Leas Neugier ist geweckt. Bei n\u00e4chster Gelegenheit folgt sie den Jungs und entdeckt, dass sie auf einem kleinen See ein Flo\u00df gebaut haben. Doch das Flo\u00df ist Eigentum der Bande, und M\u00e4dchen sind da auf keinen Fall erlaubt. Lea will aber unbedingt in die Bande aufgenommen werden und macht eine Mutprobe. Und von da an scheint der Sommer voller Abenteuer zu sein.<\/p>\n<\/div>\n<\/div>\n<\/div>\n<\/div>\n<\/div>\n<\/div>\n<\/div>\n<div><div class=\"gap\" style=\"line-height: 20px; height: 20px;\"><\/div><\/div>\n<h5>Weitere Informationen<\/h5>\n<div>\n<div>\n<table style=\"height: 46px; width: 100%; border-collapse: collapse; border-color: #ffffff; background-color: #ffffff; border-style: hidden;\">\n<tbody>\n<tr style=\"height: 23px; border-style: hidden; border-color: #ffffff; background-color: #ffffff;\">\n<td style=\"width: 4.701195219123506%; height: 23px; border-style: hidden;\">Film:<\/td>\n<td style=\"width: 95.29880478087651%; height: 23px; border-style: hidden;\"><a title=\"K\u00f6nigin von Niendorf\" href=\"https:\/\/ucm.one\/de\/?s=%22K\u00f6nigin+von+niendorf%22&amp;lang=de\">K\u00f6nigin von Niendorf<\/a><\/td>\n<\/tr>\n<tr style=\"height: 23px;\">\n<td style=\"width: 4.701195219123506%; height: 23px; border-style: hidden;\">Label:<\/td>\n<td style=\"width: 95.29880478087651%; height: 23px; border-style: hidden;\"><a title=\"Darling Berlin\" href=\"https:\/\/ucm.one\/de\/film-labels\/darling-berlin\/\">Darling Berlin<\/a><\/td>\n<\/tr>\n<\/tbody>\n<\/table>\n<\/div>\n<div><\/div>\n<\/div>\n<div>\n<div><div class=\"gap\" style=\"line-height: 10px; height: 10px;\"><\/div><\/div>\n<div><span style=\"font-family: 'arial black', sans-serif;\"><span style=\"font-family: arial, helvetica, sans-serif;\">\u00a9 2017 <strong>Darling Berlin \/ <span style=\"font-family: 'arial black', sans-serif;\">UCM.ONE<\/span><\/strong><\/span><\/span><\/div>\n<div><div class=\"gap\" style=\"line-height: 20px; height: 20px;\"><\/div><\/div>\n<\/div>\n<div>\n<div><\/div>\n<div>\n<div><div class=\"gap\" style=\"line-height: 10px; height: 10px;\"><\/div><\/div>\n<div><span style=\"color: #003a80;\"><strong>\u27a0 <a style=\"color: #003a80;\" href=\"https:\/\/ucm.one\/de\/produkt-kategorie\/art-de\/filme-de\/\">zum Shop<\/a><\/strong><\/span><\/div>\n<div><div class=\"gap\" style=\"line-height: 20px; height: 20px;\"><\/div><\/div>\n<\/div>\n<\/div>\n","protected":false},"excerpt":{"rendered":"<p>Regie: <strong><a title=\"Joya Thome\" href=\"https:\/\/ucm.one\/de\/?s=%22Joya+Thome%22&amp;post_type=product\">Joya Thome<\/a><\/strong><\/p>\n<p>Label:\u00a0<a title=\"\" href=\"https:\/\/ucm.one\/de\/produkt-kategorie\/label-film-de\/darling-berlin-de\/\"><strong>Darling Berlin<\/strong><\/a><\/p>\n<p>Art:\u00a0<strong><a href=\"https:\/\/ucm.one\/de\/produkt-kategorie\/art-de\/filme-de\/\">Film<\/a> (Spielfilm)<\/strong><\/p>\n<p>Genre:\u00a0<b><a title=\"Kinder &amp; Jugend\" href=\"https:\/\/ucm.one\/de\/produkt-kategorie\/genre-film-de\/kinder-jugend-de\/\">Kinder &amp; Jugend<\/a>, <a title=\"Familie\" href=\"https:\/\/ucm.one\/de\/produkt-kategorie\/genre-film-de\/familie-de\/\">Familie<\/a><\/b><\/p>\n<p>Jahr: <strong>2017<\/strong><\/p>\n<p>FSK: <strong>0<\/strong><\/p>\n<p>Format: <strong>DVD<\/strong><\/p>\n","protected":false},"featured_media":72477,"comment_status":"open","ping_status":"closed","template":"","meta":{"_acf_changed":false},"product_brand":[],"product_cat":[13156,13279,9708,10331,10339,10360],"product_tag":[13288,12578,13281,13282,13283,13284,13285,13286,13287,12464],"class_list":{"0":"post-72475","1":"product","2":"type-product","3":"status-publish","4":"has-post-thumbnail","6":"product_cat-arthouse-de","7":"product_cat-kinder-jugend-de","8":"product_cat-filme-de","9":"product_cat-dvd-de","10":"product_cat-darling-berlin-de","11":"product_cat-familie-de","12":"product_tag-elias-sebastin","13":"product_tag-mex-schluepfer","14":"product_tag-koenigin-von-niendorf","15":"product_tag-joya-thome","16":"product_tag-lisa-moell","17":"product_tag-denny-sonnenschein","18":"product_tag-salim-fazzani","19":"product_tag-ivo-t-michligk","20":"product_tag-moritz-riek","21":"product_tag-darling-berlin","22":"product_shipping_class-dvd-2","23":"pa_format-dvd","24":"description-off","26":"first","27":"instock","28":"taxable","29":"shipping-taxable","30":"purchasable","31":"product-type-variable","32":"has-default-attributes"},"acf":[],"yoast_head":"<!-- This site is optimized with the Yoast SEO plugin v27.2 - https:\/\/yoast.com\/product\/yoast-seo-wordpress\/ -->\n<title>K\u00f6nigin von Niendorf<\/title>\n<meta name=\"description\" content=\"Shop | K\u00f6nigin von Niendorf | 2017 | Darling Berlin | DVD | FSK 0\" \/>\n<meta name=\"robots\" content=\"index, follow, max-snippet:-1, max-image-preview:large, max-video-preview:-1\" \/>\n<link rel=\"canonical\" href=\"https:\/\/ucm.one\/de\/produkt\/koenigin-von-niendorf\/\" \/>\n<meta property=\"og:locale\" content=\"de_DE\" \/>\n<meta property=\"og:type\" content=\"article\" \/>\n<meta property=\"og:title\" content=\"K\u00f6nigin von Niendorf\" \/>\n<meta property=\"og:description\" content=\"Shop | K\u00f6nigin von Niendorf | 2017 | Darling Berlin | DVD | FSK 0\" \/>\n<meta property=\"og:url\" content=\"https:\/\/ucm.one\/de\/produkt\/koenigin-von-niendorf\/\" \/>\n<meta property=\"og:site_name\" content=\"UCM.ONE\" \/>\n<meta property=\"article:modified_time\" content=\"2025-02-07T20:12:40+00:00\" \/>\n<meta property=\"og:image\" content=\"https:\/\/ucm.one\/wp-content\/uploads\/2022\/07\/C-Koenigin-von-Niendorf-DVD-2D-FSK0.jpg\" \/>\n<meta name=\"twitter:card\" content=\"summary_large_image\" \/>\n<meta name=\"twitter:title\" content=\"K\u00f6nigin von Niendorf\" \/>\n<meta name=\"twitter:description\" content=\"Shop | K\u00f6nigin von Niendorf | 2017 | Darling Berlin | DVD | FSK 0\" \/>\n<meta name=\"twitter:image\" content=\"https:\/\/ucm.one\/wp-content\/uploads\/2022\/07\/C-Koenigin-von-Niendorf-DVD-2D-FSK0.jpg\" \/>\n<meta name=\"twitter:label1\" content=\"Gesch\u00e4tzte Lesezeit\" \/>\n\t<meta name=\"twitter:data1\" content=\"1\u00a0Minute\" \/>\n<!-- \/ Yoast SEO plugin. -->","yoast_head_json":{"title":"K\u00f6nigin von Niendorf","description":"Shop | K\u00f6nigin von Niendorf | 2017 | Darling Berlin | DVD | FSK 0","robots":{"index":"index","follow":"follow","max-snippet":"max-snippet:-1","max-image-preview":"max-image-preview:large","max-video-preview":"max-video-preview:-1"},"canonical":"https:\/\/ucm.one\/de\/produkt\/koenigin-von-niendorf\/","og_locale":"de_DE","og_type":"article","og_title":"K\u00f6nigin von Niendorf","og_description":"Shop | K\u00f6nigin von Niendorf | 2017 | Darling Berlin | DVD | FSK 0","og_url":"https:\/\/ucm.one\/de\/produkt\/koenigin-von-niendorf\/","og_site_name":"UCM.ONE","article_modified_time":"2025-02-07T20:12:40+00:00","og_image":[{"url":"https:\/\/ucm.one\/wp-content\/uploads\/2022\/07\/C-Koenigin-von-Niendorf-DVD-2D-FSK0.jpg","type":"","width":"","height":""}],"twitter_card":"summary_large_image","twitter_title":"K\u00f6nigin von Niendorf","twitter_description":"Shop | K\u00f6nigin von Niendorf | 2017 | Darling Berlin | DVD | FSK 0","twitter_image":"https:\/\/ucm.one\/wp-content\/uploads\/2022\/07\/C-Koenigin-von-Niendorf-DVD-2D-FSK0.jpg","twitter_misc":{"Gesch\u00e4tzte Lesezeit":"1\u00a0Minute"},"schema":{"@context":"https:\/\/schema.org","@graph":[{"@type":"WebPage","@id":"https:\/\/ucm.one\/de\/produkt\/koenigin-von-niendorf\/","url":"https:\/\/ucm.one\/de\/produkt\/koenigin-von-niendorf\/","name":"K\u00f6nigin von Niendorf","isPartOf":{"@id":"https:\/\/ucm.one\/de\/#website"},"primaryImageOfPage":{"@id":"https:\/\/ucm.one\/de\/produkt\/koenigin-von-niendorf\/#primaryimage"},"image":{"@id":"https:\/\/ucm.one\/de\/produkt\/koenigin-von-niendorf\/#primaryimage"},"thumbnailUrl":"https:\/\/ucm.one\/wp-content\/uploads\/2022\/07\/C-Koenigin-von-Niendorf-DVD-2D-FSK0.jpg","datePublished":"2018-07-27T18:03:58+00:00","dateModified":"2025-02-07T20:12:40+00:00","description":"Shop | K\u00f6nigin von Niendorf | 2017 | Darling Berlin | DVD | FSK 0","breadcrumb":{"@id":"https:\/\/ucm.one\/de\/produkt\/koenigin-von-niendorf\/#breadcrumb"},"inLanguage":"de","potentialAction":[{"@type":"ReadAction","target":["https:\/\/ucm.one\/de\/produkt\/koenigin-von-niendorf\/"]}]},{"@type":"ImageObject","inLanguage":"de","@id":"https:\/\/ucm.one\/de\/produkt\/koenigin-von-niendorf\/#primaryimage","url":"https:\/\/ucm.one\/wp-content\/uploads\/2022\/07\/C-Koenigin-von-Niendorf-DVD-2D-FSK0.jpg","contentUrl":"https:\/\/ucm.one\/wp-content\/uploads\/2022\/07\/C-Koenigin-von-Niendorf-DVD-2D-FSK0.jpg","width":699,"height":1000},{"@type":"BreadcrumbList","@id":"https:\/\/ucm.one\/de\/produkt\/koenigin-von-niendorf\/#breadcrumb","itemListElement":[{"@type":"ListItem","position":1,"name":"Home","item":"https:\/\/ucm.one\/de\/"},{"@type":"ListItem","position":2,"name":"Shop","item":"https:\/\/ucm.one\/de\/shop\/"},{"@type":"ListItem","position":3,"name":"K\u00f6nigin von Niendorf"}]},{"@type":"WebSite","@id":"https:\/\/ucm.one\/de\/#website","url":"https:\/\/ucm.one\/de\/","name":"UCM.ONE","description":"","publisher":{"@id":"https:\/\/ucm.one\/de\/#organization"},"potentialAction":[{"@type":"SearchAction","target":{"@type":"EntryPoint","urlTemplate":"https:\/\/ucm.one\/de\/?s={search_term_string}"},"query-input":{"@type":"PropertyValueSpecification","valueRequired":true,"valueName":"search_term_string"}}],"inLanguage":"de"},{"@type":"Organization","@id":"https:\/\/ucm.one\/de\/#organization","name":"UCM.ONE","url":"https:\/\/ucm.one\/de\/","logo":{"@type":"ImageObject","inLanguage":"de","@id":"https:\/\/ucm.one\/de\/#\/schema\/logo\/image\/","url":"https:\/\/ucm.one\/wp-content\/uploads\/2019\/10\/UCM.ONE-Logo-RGB.svg","contentUrl":"https:\/\/ucm.one\/wp-content\/uploads\/2019\/10\/UCM.ONE-Logo-RGB.svg","width":1,"height":1,"caption":"UCM.ONE"},"image":{"@id":"https:\/\/ucm.one\/de\/#\/schema\/logo\/image\/"}}]}},"_links":{"self":[{"href":"https:\/\/ucm.one\/de\/wp-json\/wp\/v2\/product\/72475","targetHints":{"allow":["GET"]}}],"collection":[{"href":"https:\/\/ucm.one\/de\/wp-json\/wp\/v2\/product"}],"about":[{"href":"https:\/\/ucm.one\/de\/wp-json\/wp\/v2\/types\/product"}],"replies":[{"embeddable":true,"href":"https:\/\/ucm.one\/de\/wp-json\/wp\/v2\/comments?post=72475"}],"wp:featuredmedia":[{"embeddable":true,"href":"https:\/\/ucm.one\/de\/wp-json\/wp\/v2\/media\/72477"}],"wp:attachment":[{"href":"https:\/\/ucm.one\/de\/wp-json\/wp\/v2\/media?parent=72475"}],"wp:term":[{"taxonomy":"product_brand","embeddable":true,"href":"https:\/\/ucm.one\/de\/wp-json\/wp\/v2\/product_brand?post=72475"},{"taxonomy":"product_cat","embeddable":true,"href":"https:\/\/ucm.one\/de\/wp-json\/wp\/v2\/product_cat?post=72475"},{"taxonomy":"product_tag","embeddable":true,"href":"https:\/\/ucm.one\/de\/wp-json\/wp\/v2\/product_tag?post=72475"}],"curies":[{"name":"wp","href":"https:\/\/api.w.org\/{rel}","templated":true}]}}