{"id":72440,"date":"2018-05-23T16:36:50","date_gmt":"2018-05-23T16:36:50","guid":{"rendered":"https:\/\/ucm.one\/?post_type=product&#038;p=72440"},"modified":"2023-12-10T12:09:03","modified_gmt":"2023-12-10T12:09:03","slug":"back-to-nothing","status":"publish","type":"product","link":"https:\/\/ucm.one\/de\/produkt\/back-to-nothing\/","title":{"rendered":"Back to Nothing"},"content":{"rendered":"<div class=\"wpb_text_column wpb_content_element \">\n<div class=\"wpb_wrapper\">\n<div class=\"\">\n<div class=\"wpb_text_column wpb_content_element \">\n<div class=\"wpb_wrapper\">\n<div class=\"wpb_text_column wpb_content_element \">\n<div class=\"wpb_wrapper\">\n<p>\u201cBack to Nothing\u201d ist der zweite lange Spielfilm des Fotografen, Autoren und Filmemachers Miron Zownir. Gedreht wurde an Originalschaupl\u00e4tzen in verwaisten Industrieanlagen und Abbruchh\u00e4usern in Berlin, die schon heute nicht mehr existieren. Mit\u00a0einer eigensinnigen Mischung von Grauen und Komik erz\u00e4hlt der Film die Moritat einer Gruppe von urbanen Nomaden, die auf der Flucht vor den Abrissbaggern der Stadterneuerer von Ruine zu Ruine ziehen. Als auch\u00a0ihr j\u00fcngster Unterschlupf gesprengt werden soll, bricht Panik aus. Kongo, Strasser, Bobby und Jackie m\u00fcssen verschwinden \u2013 zur\u00fcck ins Nichts. In kompromisslosen Schwarzwei\u00dfbildern zeigt Zownir eine albtraumhafte\u00a0Schattenwelt ohne Hoffnung und Moral, die ihre Bewohner auf die niederste Ebene des \u00dcberlebens zwingt.<\/p>\n<p>Die Filme Miron Zownirs erz\u00e4hlen, wie sein fotografisches und literarisches Werk, von den existentiellen Abgr\u00fcnden des Lebens. Seine Protagonisten sind ausgesto\u00dfene, besiegte, entfremdete Au\u00dfenseiter, die in einer morbiden, kaputten und zukunftslosen Stadt untergehen \u2013 groteske Bilder aus der bewunderten deutschen Hauptstadt als Alptraumstadt.<\/p>\n<\/div>\n<\/div>\n<\/div>\n<\/div>\n<\/div>\n<\/div>\n<\/div>\n<div><div class=\"gap\" style=\"line-height: 20px; height: 20px;\"><\/div><\/div>\n<h5>Weitere Informationen<\/h5>\n<div>\n<div>\n<table style=\"height: 46px; width: 100%; border-collapse: collapse; border-color: #ffffff; background-color: #ffffff; border-style: hidden;\">\n<tbody>\n<tr style=\"height: 23px; border-style: hidden; border-color: #ffffff; background-color: #ffffff;\">\n<td style=\"width: 4.701195219123506%; height: 23px; border-style: hidden;\">Film:<\/td>\n<td style=\"width: 95.29880478087651%; height: 23px; border-style: hidden;\"><a title=\"Back to Nothing\" href=\"https:\/\/ucm.one\/de\/back-to-nothing-von-miron-zownik-darling-berlin-auf-dvd-erhaeltlich\/\">Back to Nothing<\/a><\/td>\n<\/tr>\n<tr style=\"height: 23px;\">\n<td style=\"width: 4.701195219123506%; height: 23px; border-style: hidden;\">Label:<\/td>\n<td style=\"width: 95.29880478087651%; height: 23px; border-style: hidden;\"><a title=\"Darling Berlin\" href=\"https:\/\/ucm.one\/de\/film-labels\/darling-berlin\/\">Darling Berlin<\/a><\/td>\n<\/tr>\n<\/tbody>\n<\/table>\n<\/div>\n<div><\/div>\n<\/div>\n<div>\n<div><div class=\"gap\" style=\"line-height: 10px; height: 10px;\"><\/div><\/div>\n<div><span style=\"font-family: 'arial black', sans-serif;\"><span style=\"font-family: arial, helvetica, sans-serif;\">\u00a9 2017 <strong>Darling Berlin \/ <span style=\"font-family: 'arial black', sans-serif;\">UCM.ONE<\/span><\/strong><\/span><\/span><\/div>\n<div><div class=\"gap\" style=\"line-height: 20px; height: 20px;\"><\/div><\/div>\n<\/div>\n<div>\n<div><\/div>\n<div>\n<div><div class=\"gap\" style=\"line-height: 10px; height: 10px;\"><\/div><\/div>\n<div><span style=\"color: #003a80;\"><strong>\u27a0 <a style=\"color: #003a80;\" href=\"https:\/\/ucm.one\/de\/produkt-kategorie\/art-de\/filme-de\/\">zum Shop<\/a><\/strong><\/span><\/div>\n<div><div class=\"gap\" style=\"line-height: 20px; height: 20px;\"><\/div><\/div>\n<\/div>\n<\/div>\n","protected":false},"excerpt":{"rendered":"<p>Regie: <strong><a title=\"Miron Zownir\" href=\"https:\/\/ucm.one\/de\/?s=%22Miron+Zownir%22&amp;post_type=product\">Miron Zownir<\/a><\/strong><\/p>\n<p>Label:\u00a0<a title=\"\" href=\"https:\/\/ucm.one\/de\/produkt-kategorie\/label-film-de\/darling-berlin-de\/\"><strong>Darling Berlin<\/strong><\/a><\/p>\n<p>Art:\u00a0<strong><a href=\"https:\/\/ucm.one\/de\/produkt-kategorie\/art-de\/filme-de\/\">Film<\/a> (Spielfilm)<\/strong><\/p>\n<p>Genre:\u00a0<b><a href=\"https:\/\/ucm.one\/de\/produkt-kategorie\/genre-film-de\/drama-de\/\">Drama<\/a><\/b><\/p>\n<p>Jahr: <strong>2016<\/strong><\/p>\n<p>FSK: <strong>12<\/strong><\/p>\n<p>Format: <strong>DVD<\/strong><\/p>\n","protected":false},"featured_media":72441,"comment_status":"open","ping_status":"closed","template":"","meta":{"_acf_changed":false},"product_brand":[],"product_cat":[13156,9708,10331,10334,10339],"product_tag":[13271,13261,13272,13262,13273,13263,13274,13264,13275,13265,13276,13266,13267,13268,13269,12464,13270],"class_list":{"0":"post-72440","1":"product","2":"type-product","3":"status-publish","4":"has-post-thumbnail","6":"product_cat-arthouse-de","7":"product_cat-filme-de","8":"product_cat-dvd-de","9":"product_cat-drama-de","10":"product_cat-darling-berlin-de","11":"product_tag-mark-philipps","12":"product_tag-back-to-nothing","13":"product_tag-geno-lechner","14":"product_tag-miron-zownir","15":"product_tag-david-scheller","16":"product_tag-birol-uenel","17":"product_tag-steve-morell","18":"product_tag-timo-jacobs","19":"product_tag-texas-terry-bomb","20":"product_tag-milton-welsh","21":"product_tag-hanin-elias","22":"product_tag-rummelsnuff","23":"product_tag-aljkzindyr-narmer","24":"product_tag-meret-becker","25":"product_tag-mario-mentrup","26":"product_tag-darling-berlin","27":"product_tag-king-khan","28":"product_shipping_class-dvd-2","29":"pa_format-dvd","30":"description-off","32":"first","33":"instock","34":"taxable","35":"shipping-taxable","36":"purchasable","37":"product-type-variable","38":"has-default-attributes"},"acf":[],"yoast_head":"<!-- This site is optimized with the Yoast SEO plugin v27.5 - https:\/\/yoast.com\/product\/yoast-seo-wordpress\/ -->\n<title>Back to Nothing<\/title>\n<meta name=\"description\" content=\"Shop | Back to Nothing | 2016 | Darling Berlin | DVD | FSK 16\" \/>\n<meta name=\"robots\" content=\"index, follow, max-snippet:-1, max-image-preview:large, max-video-preview:-1\" \/>\n<link rel=\"canonical\" href=\"https:\/\/ucm.one\/de\/produkt\/back-to-nothing\/\" \/>\n<meta property=\"og:locale\" content=\"de_DE\" \/>\n<meta property=\"og:type\" content=\"article\" \/>\n<meta property=\"og:title\" content=\"Back to Nothing\" \/>\n<meta property=\"og:description\" content=\"Shop | Back to Nothing | 2016 | Darling Berlin | DVD | FSK 16\" \/>\n<meta property=\"og:url\" content=\"https:\/\/ucm.one\/de\/produkt\/back-to-nothing\/\" \/>\n<meta property=\"og:site_name\" content=\"UCM.ONE\" \/>\n<meta property=\"article:modified_time\" content=\"2023-12-10T12:09:03+00:00\" \/>\n<meta property=\"og:image\" content=\"https:\/\/ucm.one\/wp-content\/uploads\/2022\/07\/C-Back-to-Nothing-DVD-2D-FSK16.jpg\" \/>\n<meta name=\"twitter:card\" content=\"summary_large_image\" \/>\n<meta name=\"twitter:title\" content=\"Back to Nothing\" \/>\n<meta name=\"twitter:description\" content=\"Shop | Back to Nothing | 2016 | Darling Berlin | DVD | FSK 16\" \/>\n<meta name=\"twitter:image\" content=\"https:\/\/ucm.one\/wp-content\/uploads\/2022\/07\/C-Back-to-Nothing-DVD-2D-FSK16.jpg\" \/>\n<meta name=\"twitter:label1\" content=\"Gesch\u00e4tzte Lesezeit\" \/>\n\t<meta name=\"twitter:data1\" content=\"1\u00a0Minute\" \/>\n<!-- \/ Yoast SEO plugin. -->","yoast_head_json":{"title":"Back to Nothing","description":"Shop | Back to Nothing | 2016 | Darling Berlin | DVD | FSK 16","robots":{"index":"index","follow":"follow","max-snippet":"max-snippet:-1","max-image-preview":"max-image-preview:large","max-video-preview":"max-video-preview:-1"},"canonical":"https:\/\/ucm.one\/de\/produkt\/back-to-nothing\/","og_locale":"de_DE","og_type":"article","og_title":"Back to Nothing","og_description":"Shop | Back to Nothing | 2016 | Darling Berlin | DVD | FSK 16","og_url":"https:\/\/ucm.one\/de\/produkt\/back-to-nothing\/","og_site_name":"UCM.ONE","article_modified_time":"2023-12-10T12:09:03+00:00","og_image":[{"url":"https:\/\/ucm.one\/wp-content\/uploads\/2022\/07\/C-Back-to-Nothing-DVD-2D-FSK16.jpg","type":"","width":"","height":""}],"twitter_card":"summary_large_image","twitter_title":"Back to Nothing","twitter_description":"Shop | Back to Nothing | 2016 | Darling Berlin | DVD | FSK 16","twitter_image":"https:\/\/ucm.one\/wp-content\/uploads\/2022\/07\/C-Back-to-Nothing-DVD-2D-FSK16.jpg","twitter_misc":{"Gesch\u00e4tzte Lesezeit":"1\u00a0Minute"},"schema":{"@context":"https:\/\/schema.org","@graph":[{"@type":"WebPage","@id":"https:\/\/ucm.one\/de\/produkt\/back-to-nothing\/","url":"https:\/\/ucm.one\/de\/produkt\/back-to-nothing\/","name":"Back to Nothing","isPartOf":{"@id":"https:\/\/ucm.one\/de\/#website"},"primaryImageOfPage":{"@id":"https:\/\/ucm.one\/de\/produkt\/back-to-nothing\/#primaryimage"},"image":{"@id":"https:\/\/ucm.one\/de\/produkt\/back-to-nothing\/#primaryimage"},"thumbnailUrl":"https:\/\/ucm.one\/wp-content\/uploads\/2022\/07\/C-Back-to-Nothing-DVD-2D-FSK16.jpg","datePublished":"2018-05-23T16:36:50+00:00","dateModified":"2023-12-10T12:09:03+00:00","description":"Shop | Back to Nothing | 2016 | Darling Berlin | DVD | FSK 16","breadcrumb":{"@id":"https:\/\/ucm.one\/de\/produkt\/back-to-nothing\/#breadcrumb"},"inLanguage":"de","potentialAction":[{"@type":"ReadAction","target":["https:\/\/ucm.one\/de\/produkt\/back-to-nothing\/"]}]},{"@type":"ImageObject","inLanguage":"de","@id":"https:\/\/ucm.one\/de\/produkt\/back-to-nothing\/#primaryimage","url":"https:\/\/ucm.one\/wp-content\/uploads\/2022\/07\/C-Back-to-Nothing-DVD-2D-FSK16.jpg","contentUrl":"https:\/\/ucm.one\/wp-content\/uploads\/2022\/07\/C-Back-to-Nothing-DVD-2D-FSK16.jpg","width":699,"height":1000},{"@type":"BreadcrumbList","@id":"https:\/\/ucm.one\/de\/produkt\/back-to-nothing\/#breadcrumb","itemListElement":[{"@type":"ListItem","position":1,"name":"Home","item":"https:\/\/ucm.one\/de\/"},{"@type":"ListItem","position":2,"name":"Shop","item":"https:\/\/ucm.one\/de\/shop\/"},{"@type":"ListItem","position":3,"name":"Back to Nothing"}]},{"@type":"WebSite","@id":"https:\/\/ucm.one\/de\/#website","url":"https:\/\/ucm.one\/de\/","name":"UCM.ONE","description":"","publisher":{"@id":"https:\/\/ucm.one\/de\/#organization"},"potentialAction":[{"@type":"SearchAction","target":{"@type":"EntryPoint","urlTemplate":"https:\/\/ucm.one\/de\/?s={search_term_string}"},"query-input":{"@type":"PropertyValueSpecification","valueRequired":true,"valueName":"search_term_string"}}],"inLanguage":"de"},{"@type":"Organization","@id":"https:\/\/ucm.one\/de\/#organization","name":"UCM.ONE","url":"https:\/\/ucm.one\/de\/","logo":{"@type":"ImageObject","inLanguage":"de","@id":"https:\/\/ucm.one\/de\/#\/schema\/logo\/image\/","url":"https:\/\/ucm.one\/wp-content\/uploads\/2019\/10\/UCM.ONE-Logo-RGB.svg","contentUrl":"https:\/\/ucm.one\/wp-content\/uploads\/2019\/10\/UCM.ONE-Logo-RGB.svg","width":1,"height":1,"caption":"UCM.ONE"},"image":{"@id":"https:\/\/ucm.one\/de\/#\/schema\/logo\/image\/"}}]}},"_links":{"self":[{"href":"https:\/\/ucm.one\/de\/wp-json\/wp\/v2\/product\/72440","targetHints":{"allow":["GET"]}}],"collection":[{"href":"https:\/\/ucm.one\/de\/wp-json\/wp\/v2\/product"}],"about":[{"href":"https:\/\/ucm.one\/de\/wp-json\/wp\/v2\/types\/product"}],"replies":[{"embeddable":true,"href":"https:\/\/ucm.one\/de\/wp-json\/wp\/v2\/comments?post=72440"}],"wp:featuredmedia":[{"embeddable":true,"href":"https:\/\/ucm.one\/de\/wp-json\/wp\/v2\/media\/72441"}],"wp:attachment":[{"href":"https:\/\/ucm.one\/de\/wp-json\/wp\/v2\/media?parent=72440"}],"wp:term":[{"taxonomy":"product_brand","embeddable":true,"href":"https:\/\/ucm.one\/de\/wp-json\/wp\/v2\/product_brand?post=72440"},{"taxonomy":"product_cat","embeddable":true,"href":"https:\/\/ucm.one\/de\/wp-json\/wp\/v2\/product_cat?post=72440"},{"taxonomy":"product_tag","embeddable":true,"href":"https:\/\/ucm.one\/de\/wp-json\/wp\/v2\/product_tag?post=72440"}],"curies":[{"name":"wp","href":"https:\/\/api.w.org\/{rel}","templated":true}]}}