{"id":72409,"date":"2018-12-28T10:58:52","date_gmt":"2018-12-28T10:58:52","guid":{"rendered":"https:\/\/ucm.one\/?post_type=product&#038;p=72409"},"modified":"2023-06-18T15:02:00","modified_gmt":"2023-06-18T15:02:00","slug":"rueckenwind-von-vorn","status":"publish","type":"product","link":"https:\/\/ucm.one\/de\/produkt\/rueckenwind-von-vorn\/","title":{"rendered":"R\u00fcckenwind von vorn"},"content":{"rendered":"<div class=\"wpb_text_column wpb_content_element \">\n<div class=\"wpb_wrapper\">\n<div class=\"\">\n<div class=\"wpb_text_column wpb_content_element \">\n<div class=\"wpb_wrapper\">\n<div class=\"wpb_text_column wpb_content_element \">\n<div class=\"wpb_wrapper\">\n<p>Ist Erwachsen werden einfach \u2013 und Erwachsen sein schwer? Die Berlinerin Charlie findet es verdammt schwer, die Erwartungen ihres Umfelds und ihre eigenen auseinander zu halten. Ihr Freund Marco m\u00f6chte ein Kind, und ihr Kollege Gerry mutma\u00dft ganz ungefragt: \u201eF\u00fcnf Jahre zusammen? Na, da seid ihr doch bestimmt bald zu dritt\u2026?\u201c<\/p>\n<p>Doch Charlie ist sich \u00fcberhaupt nicht sicher: Ist das sch\u00f6n, ein Kind zu haben, oder verschwindet sie selbst dabei mit ihren Bed\u00fcrfnissen? Charlie wird in ihrem Beruf als Lehrerin ganz sch\u00f6n gefordert und so richtig gut l\u00e4uft es mit Marco gerade nicht. Dabei war am Anfang alles so wunderbar leicht und spontan. Sie h\u00e4tte gern wieder etwas von der Aufregung von fr\u00fcher, als sie bis in den Morgen tanzen ging.<\/p>\n<p>Anderen f\u00e4llt das leichter: Gerry kauft sich einen Wohnwagen und will sich Richtung Balkan treiben lassen, ihre beste Freundin bricht mit dem Rucksack nach Asien auf. Und dann wird auch noch Charlies geliebte, lebenslustige Oma krank. Ist es so, das Erwachsen sein?<\/p>\n<\/div>\n<\/div>\n<\/div>\n<\/div>\n<\/div>\n<\/div>\n<\/div>\n<div><div class=\"gap\" style=\"line-height: 20px; height: 20px;\"><\/div><\/div>\n<h5>Weitere Informationen<\/h5>\n<div>\n<div>\n<table style=\"height: 46px; width: 100%; border-collapse: collapse; border-color: #ffffff; background-color: #ffffff; border-style: hidden;\">\n<tbody>\n<tr style=\"height: 23px; border-style: hidden; border-color: #ffffff; background-color: #ffffff;\">\n<td style=\"width: 4.701195219123506%; height: 23px; border-style: hidden;\">Film:<\/td>\n<td style=\"width: 95.29880478087651%; height: 23px; border-style: hidden;\"><a title=\"R\u00fcckenwind von vorn\" href=\"https:\/\/ucm.one\/de\/rueckenwind-von-vorn\/\">R\u00fcckenwind von vorn<\/a><\/td>\n<\/tr>\n<tr style=\"height: 23px;\">\n<td style=\"width: 4.701195219123506%; height: 23px; border-style: hidden;\">Label:<\/td>\n<td style=\"width: 95.29880478087651%; height: 23px; border-style: hidden;\"><a title=\"Darling Berlin\" href=\"https:\/\/ucm.one\/de\/film-labels\/darling-berlin\/\">Darling Berlin<\/a><\/td>\n<\/tr>\n<\/tbody>\n<\/table>\n<\/div>\n<div><\/div>\n<\/div>\n<div>\n<div><div class=\"gap\" style=\"line-height: 10px; height: 10px;\"><\/div><\/div>\n<div><span style=\"font-family: 'arial black', sans-serif;\"><span style=\"font-family: arial, helvetica, sans-serif;\">\u00a9 2018\u00a0<strong>Darling Berlin \/ <span style=\"font-family: 'arial black', sans-serif;\">UCM.ONE<\/span><\/strong><\/span><\/span><\/div>\n<div><div class=\"gap\" style=\"line-height: 20px; height: 20px;\"><\/div><\/div>\n<\/div>\n<div>\n<div><\/div>\n<div>\n<div><div class=\"gap\" style=\"line-height: 10px; height: 10px;\"><\/div><\/div>\n<div><span style=\"color: #003a80;\"><strong>\u27a0 <a style=\"color: #003a80;\" href=\"https:\/\/ucm.one\/de\/produkt-kategorie\/art-de\/filme-de\/\">zum Shop<\/a><\/strong><\/span><\/div>\n<div><div class=\"gap\" style=\"line-height: 20px; height: 20px;\"><\/div><\/div>\n<\/div>\n<\/div>\n","protected":false},"excerpt":{"rendered":"<p>Regie: <strong><a title=\"Philipp Eichholtz\" href=\"https:\/\/ucm.one\/de\/?s=%22Philipp+Eichholtz%22&amp;post_type=product\">Philipp Eichholtz<\/a><\/strong><\/p>\n<p>Label:\u00a0<a title=\"\" href=\"https:\/\/ucm.one\/de\/produkt-kategorie\/label-film-de\/darling-berlin-de\/\"><strong>Darling Berlin<\/strong><\/a><\/p>\n<p>Art:\u00a0<strong><a href=\"https:\/\/ucm.one\/de\/produkt-kategorie\/art-de\/filme-de\/\">Film<\/a> (Spielfilm)<\/strong><\/p>\n<p>Genre:\u00a0<b><a href=\"https:\/\/ucm.one\/de\/produkt-kategorie\/genre-film-de\/drama-de\/\">Drama<\/a><\/b><\/p>\n<p>Jahr: <strong>2018<\/strong><\/p>\n<p>FSK: <strong>12<\/strong><\/p>\n<p>Format: <strong>DVD<\/strong><\/p>\n","protected":false},"featured_media":72410,"comment_status":"open","ping_status":"closed","template":"","meta":{"_acf_changed":false},"product_brand":[],"product_cat":[10334,10339,13156,9708,10331],"product_tag":[13235,13236,13237,13238,12464,13239,12509,13240,12510,13241,13225,13233,13234],"class_list":{"0":"post-72409","1":"product","2":"type-product","3":"status-publish","4":"has-post-thumbnail","6":"product_cat-drama-de","7":"product_cat-darling-berlin-de","8":"product_cat-arthouse-de","9":"product_cat-filme-de","10":"product_cat-dvd-de","11":"product_tag-daniel-zillmann","12":"product_tag-ucmp","13":"product_tag-angelika-waller","14":"product_tag-karin-hanczewski","15":"product_tag-darling-berlin","16":"product_tag-ruth-bickelhaupt","17":"product_tag-amelie-kiefer","18":"product_tag-claudius-von-stolzmann","19":"product_tag-martina-schoene-radunski","20":"product_tag-natalia-bobrich","21":"product_tag-philipp-eichholz","22":"product_tag-victoria-schulz","23":"product_tag-aleksandar-radenkovic","24":"product_shipping_class-dvd-2","25":"pa_format-dvd","26":"description-off","28":"first","29":"instock","30":"sale","31":"taxable","32":"shipping-taxable","33":"purchasable","34":"product-type-variable","35":"has-default-attributes"},"acf":[],"yoast_head":"<!-- This site is optimized with the Yoast SEO plugin v27.2 - https:\/\/yoast.com\/product\/yoast-seo-wordpress\/ -->\n<title>R\u00fcckenwind von vorn<\/title>\n<meta name=\"description\" content=\"Shop | R\u00fcckenwind von vorn | 2018 | Darling Berlin | DVD | FSK 6\" \/>\n<meta name=\"robots\" content=\"index, follow, max-snippet:-1, max-image-preview:large, max-video-preview:-1\" \/>\n<link rel=\"canonical\" href=\"https:\/\/ucm.one\/de\/produkt\/rueckenwind-von-vorn\/\" \/>\n<meta property=\"og:locale\" content=\"de_DE\" \/>\n<meta property=\"og:type\" content=\"article\" \/>\n<meta property=\"og:title\" content=\"R\u00fcckenwind von vorn\" \/>\n<meta property=\"og:description\" content=\"Shop | R\u00fcckenwind von vorn | 2018 | Darling Berlin | DVD | FSK 6\" \/>\n<meta property=\"og:url\" content=\"https:\/\/ucm.one\/de\/produkt\/rueckenwind-von-vorn\/\" \/>\n<meta property=\"og:site_name\" content=\"UCM.ONE\" \/>\n<meta property=\"article:modified_time\" content=\"2023-06-18T15:02:00+00:00\" \/>\n<meta property=\"og:image\" content=\"https:\/\/ucm.one\/wp-content\/uploads\/2022\/07\/C-Rueckenwind-von-vorn-DVD-2D-FSK6.jpg\" \/>\n<meta name=\"twitter:card\" content=\"summary_large_image\" \/>\n<meta name=\"twitter:title\" content=\"R\u00fcckenwind von vorn\" \/>\n<meta name=\"twitter:description\" content=\"Shop | R\u00fcckenwind von vorn | 2018 | Darling Berlin | DVD | FSK 6\" \/>\n<meta name=\"twitter:image\" content=\"https:\/\/ucm.one\/wp-content\/uploads\/2022\/07\/C-Rueckenwind-von-vorn-DVD-2D-FSK6.jpg\" \/>\n<meta name=\"twitter:label1\" content=\"Gesch\u00e4tzte Lesezeit\" \/>\n\t<meta name=\"twitter:data1\" content=\"1\u00a0Minute\" \/>\n<!-- \/ Yoast SEO plugin. -->","yoast_head_json":{"title":"R\u00fcckenwind von vorn","description":"Shop | R\u00fcckenwind von vorn | 2018 | Darling Berlin | DVD | FSK 6","robots":{"index":"index","follow":"follow","max-snippet":"max-snippet:-1","max-image-preview":"max-image-preview:large","max-video-preview":"max-video-preview:-1"},"canonical":"https:\/\/ucm.one\/de\/produkt\/rueckenwind-von-vorn\/","og_locale":"de_DE","og_type":"article","og_title":"R\u00fcckenwind von vorn","og_description":"Shop | R\u00fcckenwind von vorn | 2018 | Darling Berlin | DVD | FSK 6","og_url":"https:\/\/ucm.one\/de\/produkt\/rueckenwind-von-vorn\/","og_site_name":"UCM.ONE","article_modified_time":"2023-06-18T15:02:00+00:00","og_image":[{"url":"https:\/\/ucm.one\/wp-content\/uploads\/2022\/07\/C-Rueckenwind-von-vorn-DVD-2D-FSK6.jpg","type":"","width":"","height":""}],"twitter_card":"summary_large_image","twitter_title":"R\u00fcckenwind von vorn","twitter_description":"Shop | R\u00fcckenwind von vorn | 2018 | Darling Berlin | DVD | FSK 6","twitter_image":"https:\/\/ucm.one\/wp-content\/uploads\/2022\/07\/C-Rueckenwind-von-vorn-DVD-2D-FSK6.jpg","twitter_misc":{"Gesch\u00e4tzte Lesezeit":"1\u00a0Minute"},"schema":{"@context":"https:\/\/schema.org","@graph":[{"@type":"WebPage","@id":"https:\/\/ucm.one\/de\/produkt\/rueckenwind-von-vorn\/","url":"https:\/\/ucm.one\/de\/produkt\/rueckenwind-von-vorn\/","name":"R\u00fcckenwind von vorn","isPartOf":{"@id":"https:\/\/ucm.one\/de\/#website"},"primaryImageOfPage":{"@id":"https:\/\/ucm.one\/de\/produkt\/rueckenwind-von-vorn\/#primaryimage"},"image":{"@id":"https:\/\/ucm.one\/de\/produkt\/rueckenwind-von-vorn\/#primaryimage"},"thumbnailUrl":"https:\/\/ucm.one\/wp-content\/uploads\/2022\/07\/C-Rueckenwind-von-vorn-DVD-2D-FSK6.jpg","datePublished":"2018-12-28T10:58:52+00:00","dateModified":"2023-06-18T15:02:00+00:00","description":"Shop | R\u00fcckenwind von vorn | 2018 | Darling Berlin | DVD | FSK 6","breadcrumb":{"@id":"https:\/\/ucm.one\/de\/produkt\/rueckenwind-von-vorn\/#breadcrumb"},"inLanguage":"de","potentialAction":[{"@type":"ReadAction","target":["https:\/\/ucm.one\/de\/produkt\/rueckenwind-von-vorn\/"]}]},{"@type":"ImageObject","inLanguage":"de","@id":"https:\/\/ucm.one\/de\/produkt\/rueckenwind-von-vorn\/#primaryimage","url":"https:\/\/ucm.one\/wp-content\/uploads\/2022\/07\/C-Rueckenwind-von-vorn-DVD-2D-FSK6.jpg","contentUrl":"https:\/\/ucm.one\/wp-content\/uploads\/2022\/07\/C-Rueckenwind-von-vorn-DVD-2D-FSK6.jpg","width":699,"height":1000},{"@type":"BreadcrumbList","@id":"https:\/\/ucm.one\/de\/produkt\/rueckenwind-von-vorn\/#breadcrumb","itemListElement":[{"@type":"ListItem","position":1,"name":"Home","item":"https:\/\/ucm.one\/de\/"},{"@type":"ListItem","position":2,"name":"Shop","item":"https:\/\/ucm.one\/de\/shop\/"},{"@type":"ListItem","position":3,"name":"R\u00fcckenwind von vorn"}]},{"@type":"WebSite","@id":"https:\/\/ucm.one\/de\/#website","url":"https:\/\/ucm.one\/de\/","name":"UCM.ONE","description":"","publisher":{"@id":"https:\/\/ucm.one\/de\/#organization"},"potentialAction":[{"@type":"SearchAction","target":{"@type":"EntryPoint","urlTemplate":"https:\/\/ucm.one\/de\/?s={search_term_string}"},"query-input":{"@type":"PropertyValueSpecification","valueRequired":true,"valueName":"search_term_string"}}],"inLanguage":"de"},{"@type":"Organization","@id":"https:\/\/ucm.one\/de\/#organization","name":"UCM.ONE","url":"https:\/\/ucm.one\/de\/","logo":{"@type":"ImageObject","inLanguage":"de","@id":"https:\/\/ucm.one\/de\/#\/schema\/logo\/image\/","url":"https:\/\/ucm.one\/wp-content\/uploads\/2019\/10\/UCM.ONE-Logo-RGB.svg","contentUrl":"https:\/\/ucm.one\/wp-content\/uploads\/2019\/10\/UCM.ONE-Logo-RGB.svg","width":1,"height":1,"caption":"UCM.ONE"},"image":{"@id":"https:\/\/ucm.one\/de\/#\/schema\/logo\/image\/"}}]}},"_links":{"self":[{"href":"https:\/\/ucm.one\/de\/wp-json\/wp\/v2\/product\/72409","targetHints":{"allow":["GET"]}}],"collection":[{"href":"https:\/\/ucm.one\/de\/wp-json\/wp\/v2\/product"}],"about":[{"href":"https:\/\/ucm.one\/de\/wp-json\/wp\/v2\/types\/product"}],"replies":[{"embeddable":true,"href":"https:\/\/ucm.one\/de\/wp-json\/wp\/v2\/comments?post=72409"}],"wp:featuredmedia":[{"embeddable":true,"href":"https:\/\/ucm.one\/de\/wp-json\/wp\/v2\/media\/72410"}],"wp:attachment":[{"href":"https:\/\/ucm.one\/de\/wp-json\/wp\/v2\/media?parent=72409"}],"wp:term":[{"taxonomy":"product_brand","embeddable":true,"href":"https:\/\/ucm.one\/de\/wp-json\/wp\/v2\/product_brand?post=72409"},{"taxonomy":"product_cat","embeddable":true,"href":"https:\/\/ucm.one\/de\/wp-json\/wp\/v2\/product_cat?post=72409"},{"taxonomy":"product_tag","embeddable":true,"href":"https:\/\/ucm.one\/de\/wp-json\/wp\/v2\/product_tag?post=72409"}],"curies":[{"name":"wp","href":"https:\/\/api.w.org\/{rel}","templated":true}]}}