{"id":72160,"date":"2020-05-29T22:29:38","date_gmt":"2020-05-29T22:29:38","guid":{"rendered":"https:\/\/ucm.one\/?post_type=product&#038;p=72160"},"modified":"2023-07-17T13:26:42","modified_gmt":"2023-07-17T13:26:42","slug":"breakdown-in-tokyo-ein-vater-dreht-durch","status":"publish","type":"product","link":"https:\/\/ucm.one\/de\/produkt\/breakdown-in-tokyo-ein-vater-dreht-durch\/","title":{"rendered":"Breakdown in Tokyo &#8211; Ein Vater dreht durch"},"content":{"rendered":"<div class=\"wpb_text_column wpb_content_element \">\n<div class=\"wpb_wrapper\">\n<div class=\"\">\n<div class=\"wpb_text_column wpb_content_element \">\n<div class=\"wpb_wrapper\">\n<div class=\"wpb_text_column wpb_content_element \">\n<div class=\"wpb_wrapper\">\n<p class=\"movie-plot-synopsis\"><span class=\"\">PEROPERO, die Prog-Rock Band aus Berlin, absolviert eine Tour durch japanische Live-Clubs. Der 60j\u00e4hrige Regisseur L\u00e1szlo Kov\u00e1cs, Vater des Gitarristen, begleitet diese Japantour mit einer kleinen Filmcrew, um einen Dokumentarfilm \u00fcber die Erlebnisse der Band zu drehen. Mit von der Partie ist die Produzentin Emma, die seit 10 Jahren die Lebensgef\u00e4hrtin des Regisseurs ist.\u00a0<\/span><span class=\"\">Als sich die junge Tourmanagerin Nahoko bereits beim Abholen der Crew vom Flughafen Hals \u00fcber Kopf in Laszlo verliebt, ist das Projekt immens gef\u00e4hrdet.<\/span><br class=\"\" \/><br class=\"\" \/><span class=\"\">L\u00e1szlo, der sich in einer Lebens- und Schaffenskrise befindet, f\u00fchlt sich wie befl\u00fcgelt durch die Liebe von Nahoko \u2013 und die tolerante Emma w\u00fcrde ihm das kleine Abenteuer sogar g\u00f6nnen, wenn er sie nicht blo\u00dfstellt und den Film und seine Gesundheit nicht gef\u00e4hrdet. Aber nat\u00fcrlich schl\u00e4gt er \u00fcber alle Str\u00e4nge. Schlie\u00dflich hat Emma die Nase voll von seiner R\u00fccksichtslosigkeit und verlangt das sofortige Ende der Aff\u00e4re. Schweren Herzens bricht L\u00e1szlo mit Nahoko. Er hat aber nicht mit ihren Rachegef\u00fchlen gerechnet. Sie sabotiert von nun an die Produktion und provoziert, wo sie nur kann. Als Laszlo sie schlie\u00dflich zur Rede stellt, rastet sie aus und verschwindet ausgerechnet mit dem Laptop von Emma, auf dem alle Produktionsdaten, Hotelbuchungen, Fl\u00fcge und Z\u00fcge gespeichert sind.\u00a0<\/span><span class=\"\">L\u00e1szlo muss Nahoko also um jeden Preis finden und zur\u00fcckholen\u2026<\/span><\/p>\n<\/div>\n<\/div>\n<\/div>\n<\/div>\n<\/div>\n<\/div>\n<\/div>\n<div><div class=\"gap\" style=\"line-height: 20px; height: 20px;\"><\/div><\/div>\n<h5>Weitere Informationen<\/h5>\n<div>\n<div>\n<table style=\"height: 46px; width: 100%; border-collapse: collapse; border-color: #ffffff; background-color: #ffffff; border-style: hidden;\">\n<tbody>\n<tr style=\"height: 23px; border-style: hidden; border-color: #ffffff; background-color: #ffffff;\">\n<td style=\"width: 4.701195219123506%; height: 23px; border-style: hidden;\">Film:<\/td>\n<td style=\"width: 95.29880478087651%; height: 23px; border-style: hidden;\"><a title=\"Breakdown in Tokyo - Ein Vater dreht durch\" href=\"https:\/\/ucm.one\/de\/?s=%22breakdown+in+tokyo%22&amp;lang=de\">Breakdown in Tokyo &#8211; Ein Vater dreht durch<\/a><\/td>\n<\/tr>\n<tr style=\"height: 23px;\">\n<td style=\"width: 4.701195219123506%; height: 23px; border-style: hidden;\">Label:<\/td>\n<td style=\"width: 95.29880478087651%; height: 23px; border-style: hidden;\"><a title=\"Darling Berlin\" href=\"https:\/\/ucm.one\/de\/film-labels\/darling-berlin\/\">Darling Berlin<\/a><\/td>\n<\/tr>\n<\/tbody>\n<\/table>\n<\/div>\n<div><\/div>\n<\/div>\n<div>\n<div><div class=\"gap\" style=\"line-height: 10px; height: 10px;\"><\/div><\/div>\n<div><span style=\"font-family: 'arial black', sans-serif;\"><span style=\"font-family: arial, helvetica, sans-serif;\">\u2117 2018\u00a0<strong>NextFilm Filmproduktion<\/strong>, \u00a9 2018\u00a0<strong>Darling Berlin \/ <span style=\"font-family: 'arial black', sans-serif;\">UCM.ONE<\/span><\/strong><\/span><\/span><\/div>\n<div><div class=\"gap\" style=\"line-height: 20px; height: 20px;\"><\/div><\/div>\n<\/div>\n<div>\n<div><\/div>\n<div>\n<div><div class=\"gap\" style=\"line-height: 10px; height: 10px;\"><\/div><\/div>\n<div><span style=\"color: #003a80;\"><strong>\u27a0 <a style=\"color: #003a80;\" href=\"https:\/\/ucm.one\/de\/produkt-kategorie\/art-de\/filme-de\/\">zum Shop<\/a><\/strong><\/span><\/div>\n<div><div class=\"gap\" style=\"line-height: 20px; height: 20px;\"><\/div><\/div>\n<\/div>\n<\/div>\n","protected":false},"excerpt":{"rendered":"<p>Regie: <strong><a title=\"Zoltan Paul\" href=\"https:\/\/ucm.one\/de\/?s=%22Zoltan+Paul%22&amp;post_type=product\">Zoltan Paul<\/a><\/strong><\/p>\n<p>Label:\u00a0<a title=\"\" href=\"https:\/\/ucm.one\/de\/produkt-kategorie\/label-film-de\/darling-berlin-de\/\"><strong>Darling Berlin<\/strong><\/a><\/p>\n<p>Art:\u00a0<strong><a href=\"https:\/\/ucm.one\/de\/produkt-kategorie\/art-de\/filme-de\/\">Film<\/a> (Spielfilm)<\/strong><\/p>\n<p>Genres:\u00a0<b><a href=\"https:\/\/ucm.one\/de\/produkt-kategorie\/genre-film-de\/drama-de\/\">Drama<\/a>, <a title=\"Kom\u00f6die\" href=\"https:\/\/ucm.one\/de\/produkt-kategorie\/genre-film-de\/komoedie-de\/\">Kom\u00f6die<\/a><\/b><\/p>\n<p>Jahr: <strong>2020<\/strong><\/p>\n<p>FSK: <strong>6<\/strong><\/p>\n<p>Format: <strong>DVD<\/strong><\/p>\n","protected":false},"featured_media":72165,"comment_status":"open","ping_status":"closed","template":"","meta":{"_acf_changed":false},"product_brand":[],"product_cat":[10334,10339,10356,9708,13156,10331],"product_tag":[13185,13186,13187,13188,13189,12464,13190,12775,12779,13183,13184],"class_list":{"0":"post-72160","1":"product","2":"type-product","3":"status-publish","4":"has-post-thumbnail","6":"product_cat-drama-de","7":"product_cat-darling-berlin-de","8":"product_cat-komoedie-de","9":"product_cat-filme-de","10":"product_cat-arthouse-de","11":"product_cat-dvd-de","12":"product_tag-tomoko-inoue","13":"product_tag-japan","14":"product_tag-tokyo","15":"product_tag-peropero","16":"product_tag-julian-adam-pajzs","17":"product_tag-darling-berlin","18":"product_tag-valentin-schuster","19":"product_tag-zoltan-paul","20":"product_tag-clementina-hegewisch","21":"product_tag-breakdown-in-tokyo","22":"product_tag-ein-vater-dreht-durch","23":"product_shipping_class-dvd-2","24":"pa_format-dvd","25":"description-off","27":"first","28":"instock","29":"sale","30":"taxable","31":"shipping-taxable","32":"purchasable","33":"product-type-variable","34":"has-default-attributes"},"acf":[],"yoast_head":"<!-- This site is optimized with the Yoast SEO plugin v27.5 - https:\/\/yoast.com\/product\/yoast-seo-wordpress\/ -->\n<title>Breakdown in Tokyo - Ein Vater dreht durch<\/title>\n<meta name=\"description\" content=\"Shop | Breakdown in Tokyo - Ein Vater dreht durch | 2020 | Darling Berlin | DVD | FSK 6\" \/>\n<meta name=\"robots\" content=\"index, follow, max-snippet:-1, max-image-preview:large, max-video-preview:-1\" \/>\n<link rel=\"canonical\" href=\"https:\/\/ucm.one\/de\/produkt\/breakdown-in-tokyo-ein-vater-dreht-durch\/\" \/>\n<meta property=\"og:locale\" content=\"de_DE\" \/>\n<meta property=\"og:type\" content=\"article\" \/>\n<meta property=\"og:title\" content=\"Breakdown in Tokyo - Ein Vater dreht durch\" \/>\n<meta property=\"og:description\" content=\"Shop | Breakdown in Tokyo - Ein Vater dreht durch | 2020 | Darling Berlin | DVD | FSK 6\" \/>\n<meta property=\"og:url\" content=\"https:\/\/ucm.one\/de\/produkt\/breakdown-in-tokyo-ein-vater-dreht-durch\/\" \/>\n<meta property=\"og:site_name\" content=\"UCM.ONE\" \/>\n<meta property=\"article:modified_time\" content=\"2023-07-17T13:26:42+00:00\" \/>\n<meta property=\"og:image\" content=\"https:\/\/ucm.one\/wp-content\/uploads\/2022\/07\/C-Breakdown-in-Tokyo-2D-FSK6.jpg\" \/>\n<meta name=\"twitter:card\" content=\"summary_large_image\" \/>\n<meta name=\"twitter:title\" content=\"Breakdown in Tokyo - Ein Vater dreht durch\" \/>\n<meta name=\"twitter:description\" content=\"Shop | Breakdown in Tokyo - Ein Vater dreht durch | 2020 | Darling Berlin | DVD | FSK 6\" \/>\n<meta name=\"twitter:image\" content=\"https:\/\/ucm.one\/wp-content\/uploads\/2022\/07\/C-Breakdown-in-Tokyo-2D-FSK6.jpg\" \/>\n<meta name=\"twitter:label1\" content=\"Gesch\u00e4tzte Lesezeit\" \/>\n\t<meta name=\"twitter:data1\" content=\"1\u00a0Minute\" \/>\n<!-- \/ Yoast SEO plugin. -->","yoast_head_json":{"title":"Breakdown in Tokyo - Ein Vater dreht durch","description":"Shop | Breakdown in Tokyo - Ein Vater dreht durch | 2020 | Darling Berlin | DVD | FSK 6","robots":{"index":"index","follow":"follow","max-snippet":"max-snippet:-1","max-image-preview":"max-image-preview:large","max-video-preview":"max-video-preview:-1"},"canonical":"https:\/\/ucm.one\/de\/produkt\/breakdown-in-tokyo-ein-vater-dreht-durch\/","og_locale":"de_DE","og_type":"article","og_title":"Breakdown in Tokyo - Ein Vater dreht durch","og_description":"Shop | Breakdown in Tokyo - Ein Vater dreht durch | 2020 | Darling Berlin | DVD | FSK 6","og_url":"https:\/\/ucm.one\/de\/produkt\/breakdown-in-tokyo-ein-vater-dreht-durch\/","og_site_name":"UCM.ONE","article_modified_time":"2023-07-17T13:26:42+00:00","og_image":[{"url":"https:\/\/ucm.one\/wp-content\/uploads\/2022\/07\/C-Breakdown-in-Tokyo-2D-FSK6.jpg","type":"","width":"","height":""}],"twitter_card":"summary_large_image","twitter_title":"Breakdown in Tokyo - Ein Vater dreht durch","twitter_description":"Shop | Breakdown in Tokyo - Ein Vater dreht durch | 2020 | Darling Berlin | DVD | FSK 6","twitter_image":"https:\/\/ucm.one\/wp-content\/uploads\/2022\/07\/C-Breakdown-in-Tokyo-2D-FSK6.jpg","twitter_misc":{"Gesch\u00e4tzte Lesezeit":"1\u00a0Minute"},"schema":{"@context":"https:\/\/schema.org","@graph":[{"@type":"WebPage","@id":"https:\/\/ucm.one\/de\/produkt\/breakdown-in-tokyo-ein-vater-dreht-durch\/","url":"https:\/\/ucm.one\/de\/produkt\/breakdown-in-tokyo-ein-vater-dreht-durch\/","name":"Breakdown in Tokyo - Ein Vater dreht durch","isPartOf":{"@id":"https:\/\/ucm.one\/de\/#website"},"primaryImageOfPage":{"@id":"https:\/\/ucm.one\/de\/produkt\/breakdown-in-tokyo-ein-vater-dreht-durch\/#primaryimage"},"image":{"@id":"https:\/\/ucm.one\/de\/produkt\/breakdown-in-tokyo-ein-vater-dreht-durch\/#primaryimage"},"thumbnailUrl":"https:\/\/ucm.one\/wp-content\/uploads\/2020\/05\/C-Breakdown-in-Tokyo-2D-FSK6.jpg","datePublished":"2020-05-29T22:29:38+00:00","dateModified":"2023-07-17T13:26:42+00:00","description":"Shop | Breakdown in Tokyo - Ein Vater dreht durch | 2020 | Darling Berlin | DVD | FSK 6","breadcrumb":{"@id":"https:\/\/ucm.one\/de\/produkt\/breakdown-in-tokyo-ein-vater-dreht-durch\/#breadcrumb"},"inLanguage":"de","potentialAction":[{"@type":"ReadAction","target":["https:\/\/ucm.one\/de\/produkt\/breakdown-in-tokyo-ein-vater-dreht-durch\/"]}]},{"@type":"ImageObject","inLanguage":"de","@id":"https:\/\/ucm.one\/de\/produkt\/breakdown-in-tokyo-ein-vater-dreht-durch\/#primaryimage","url":"https:\/\/ucm.one\/wp-content\/uploads\/2020\/05\/C-Breakdown-in-Tokyo-2D-FSK6.jpg","contentUrl":"https:\/\/ucm.one\/wp-content\/uploads\/2020\/05\/C-Breakdown-in-Tokyo-2D-FSK6.jpg","width":699,"height":1000},{"@type":"BreadcrumbList","@id":"https:\/\/ucm.one\/de\/produkt\/breakdown-in-tokyo-ein-vater-dreht-durch\/#breadcrumb","itemListElement":[{"@type":"ListItem","position":1,"name":"Home","item":"https:\/\/ucm.one\/de\/"},{"@type":"ListItem","position":2,"name":"Shop","item":"https:\/\/ucm.one\/de\/shop\/"},{"@type":"ListItem","position":3,"name":"Breakdown in Tokyo &#8211; Ein Vater dreht durch"}]},{"@type":"WebSite","@id":"https:\/\/ucm.one\/de\/#website","url":"https:\/\/ucm.one\/de\/","name":"UCM.ONE","description":"","publisher":{"@id":"https:\/\/ucm.one\/de\/#organization"},"potentialAction":[{"@type":"SearchAction","target":{"@type":"EntryPoint","urlTemplate":"https:\/\/ucm.one\/de\/?s={search_term_string}"},"query-input":{"@type":"PropertyValueSpecification","valueRequired":true,"valueName":"search_term_string"}}],"inLanguage":"de"},{"@type":"Organization","@id":"https:\/\/ucm.one\/de\/#organization","name":"UCM.ONE","url":"https:\/\/ucm.one\/de\/","logo":{"@type":"ImageObject","inLanguage":"de","@id":"https:\/\/ucm.one\/de\/#\/schema\/logo\/image\/","url":"https:\/\/ucm.one\/wp-content\/uploads\/2019\/10\/UCM.ONE-Logo-RGB.svg","contentUrl":"https:\/\/ucm.one\/wp-content\/uploads\/2019\/10\/UCM.ONE-Logo-RGB.svg","width":1,"height":1,"caption":"UCM.ONE"},"image":{"@id":"https:\/\/ucm.one\/de\/#\/schema\/logo\/image\/"}}]}},"_links":{"self":[{"href":"https:\/\/ucm.one\/de\/wp-json\/wp\/v2\/product\/72160","targetHints":{"allow":["GET"]}}],"collection":[{"href":"https:\/\/ucm.one\/de\/wp-json\/wp\/v2\/product"}],"about":[{"href":"https:\/\/ucm.one\/de\/wp-json\/wp\/v2\/types\/product"}],"replies":[{"embeddable":true,"href":"https:\/\/ucm.one\/de\/wp-json\/wp\/v2\/comments?post=72160"}],"wp:featuredmedia":[{"embeddable":true,"href":"https:\/\/ucm.one\/de\/wp-json\/wp\/v2\/media\/72165"}],"wp:attachment":[{"href":"https:\/\/ucm.one\/de\/wp-json\/wp\/v2\/media?parent=72160"}],"wp:term":[{"taxonomy":"product_brand","embeddable":true,"href":"https:\/\/ucm.one\/de\/wp-json\/wp\/v2\/product_brand?post=72160"},{"taxonomy":"product_cat","embeddable":true,"href":"https:\/\/ucm.one\/de\/wp-json\/wp\/v2\/product_cat?post=72160"},{"taxonomy":"product_tag","embeddable":true,"href":"https:\/\/ucm.one\/de\/wp-json\/wp\/v2\/product_tag?post=72160"}],"curies":[{"name":"wp","href":"https:\/\/api.w.org\/{rel}","templated":true}]}}