{"id":72152,"date":"2019-06-28T22:09:41","date_gmt":"2019-06-28T22:09:41","guid":{"rendered":"https:\/\/ucm.one\/?post_type=product&#038;p=72152"},"modified":"2025-11-17T10:29:51","modified_gmt":"2025-11-17T10:29:51","slug":"die-endlose-nacht","status":"publish","type":"product","link":"https:\/\/ucm.one\/de\/produkt\/die-endlose-nacht\/","title":{"rendered":"Die endlose Nacht"},"content":{"rendered":"<div class=\"wpb_text_column wpb_content_element \">\n<div class=\"wpb_wrapper\">\n<div class=\"\">\n<div class=\"wpb_text_column wpb_content_element \">\n<div class=\"wpb_wrapper\">\n<div class=\"wpb_text_column wpb_content_element \">\n<div class=\"wpb_wrapper\">\n<p class=\"movie-plot-synopsis\">Nebel \u00fcber Tempelhof. \u201eWegen schlechter Wetterlage m\u00fcssen heute alle Fl\u00fcge nach Westdeutschland ausfallen. Ebenso ist vor morgen fr\u00fch nicht mit Landungen in Berlin-Tempelhof zu rechnen. Die n\u00e4chste Durchsage erfolgt morgen fr\u00fch.\u201d Auf jedem anderen Flughafen der Welt w\u00fcrde eine solche Durchsage zwar \u00c4rger erregen, aber es g\u00e4be Ausweichm\u00f6glichkeiten. Man k\u00f6nnte mit der Bahn fahren, man k\u00f6nnte den n\u00e4chstgelegenen Flughafen benutzen. In Berlin gibt es solche M\u00f6glichkeiten nicht. Berlin, eine Weltstadt mit 2,2 Millionen Einwohner, hat nicht mehr als zehn Bahnverbindungen am Tag, und zwischen Berlin und Westdeutschland liegt das Gebiet der DDR, das nicht jeder gefahrlos durchqueren kann.<\/p>\n<p class=\"movie-plot-synopsis\">Nebel \u00fcber Tempelhof, das bringt f\u00fcr eine Reihe von Flugg\u00e4sten schwere Probleme mit sich \u2026<\/p>\n<\/div>\n<\/div>\n<\/div>\n<\/div>\n<\/div>\n<\/div>\n<\/div>\n<div><div class=\"gap\" style=\"line-height: 20px; height: 20px;\"><\/div><\/div>\n<h5>Weitere Informationen<\/h5>\n<div>\n<div>\n<table style=\"height: 46px; width: 100%; border-collapse: collapse; border-color: #ffffff; background-color: #ffffff; border-style: hidden;\">\n<tbody>\n<tr style=\"height: 23px; border-style: hidden; border-color: #ffffff; background-color: #ffffff;\">\n<td style=\"width: 4.701195219123506%; height: 23px; border-style: hidden;\">Film:<\/td>\n<td style=\"width: 95.29880478087651%; height: 23px; border-style: hidden;\"><a title=\"Die endlose Nacht\" href=\"https:\/\/ucm.one\/de\/?s=%22die+endlose+nacht%22&amp;lang=de\">Die endlose Nacht<\/a><\/td>\n<\/tr>\n<tr style=\"height: 23px;\">\n<td style=\"width: 4.701195219123506%; height: 23px; border-style: hidden;\">Label:<\/td>\n<td style=\"width: 95.29880478087651%; height: 23px; border-style: hidden;\"><a title=\"Darling Berlin\" href=\"https:\/\/ucm.one\/de\/film-labels\/darling-berlin\/\">Darling Berlin<\/a><\/td>\n<\/tr>\n<\/tbody>\n<\/table>\n<\/div>\n<div><\/div>\n<\/div>\n<div>\n<div><div class=\"gap\" style=\"line-height: 10px; height: 10px;\"><\/div><\/div>\n<div><span style=\"font-family: 'arial black', sans-serif;\"><span style=\"font-family: arial, helvetica, sans-serif;\">\u2117 1963\u00a0<strong>Will Tremper Filmproduktion<\/strong>, <strong>Inter West Film<\/strong>, <strong>Hanns Eckelkamp Filmproduktion<\/strong>, \u00a9 2017 <strong>Darling Berlin \/ <span style=\"font-family: 'arial black', sans-serif;\">UCM.ONE<\/span><\/strong><\/span><\/span><\/div>\n<div><div class=\"gap\" style=\"line-height: 20px; height: 20px;\"><\/div><\/div>\n<\/div>\n<div>\n<div><\/div>\n<div>\n<div><div class=\"gap\" style=\"line-height: 10px; height: 10px;\"><\/div><\/div>\n<div><span style=\"color: #003a80;\"><strong>\u27a0 <a style=\"color: #003a80;\" href=\"https:\/\/ucm.one\/de\/produkt-kategorie\/art-de\/filme-de\/\">zum Shop<\/a><\/strong><\/span><\/div>\n<div><div class=\"gap\" style=\"line-height: 20px; height: 20px;\"><\/div><\/div>\n<\/div>\n<\/div>\n","protected":false},"excerpt":{"rendered":"<p>Regie: <strong><a title=\"Will Tremper\" href=\"https:\/\/ucm.one\/de\/?s=%22Will+Tremper%22&amp;post_type=product\">Will Tremper<\/a><\/strong><\/p>\n<p>Label:\u00a0<a title=\"\" href=\"https:\/\/ucm.one\/de\/produkt-kategorie\/label-film-de\/darling-berlin-de\/\"><strong>Darling Berlin<\/strong><\/a><\/p>\n<p>Art:\u00a0<strong><a href=\"https:\/\/ucm.one\/de\/produkt-kategorie\/art-de\/filme-de\/\">Film<\/a> (Spielfilm)<\/strong><\/p>\n<p>Genres:\u00a0<b><a href=\"https:\/\/ucm.one\/de\/produkt-kategorie\/genre-film-de\/drama-de\/\">Drama<\/a>, <a title=\"Klassiker\" href=\"https:\/\/ucm.one\/de\/produkt-kategorie\/genre-film-de\/klassiker-de\/\">Klassiker<\/a><\/b><\/p>\n<p>Jahr: <strong>2019<\/strong><\/p>\n<p>FSK: <strong>16<\/strong><\/p>\n<p>Format: <strong>DVD<\/strong><\/p>\n","protected":false},"featured_media":72153,"comment_status":"open","ping_status":"closed","template":"","meta":{"_acf_changed":false},"product_brand":[],"product_cat":[10331,10334,10339,12093,13156,9708],"product_tag":[13180,13170,13181,13171,13182,13172,13173,13174,10960,13175,13176,12464,13177,13178,13168,13179,13169],"class_list":{"0":"post-72152","1":"product","2":"type-product","3":"status-publish","4":"has-post-thumbnail","6":"product_cat-dvd-de","7":"product_cat-drama-de","8":"product_cat-darling-berlin-de","9":"product_cat-klassiker-de","10":"product_cat-arthouse-de","11":"product_cat-filme-de","12":"product_tag-hans-hardt","13":"product_tag-will-tremper","14":"product_tag-mario-adorf","15":"product_tag-tempelhof","16":"product_tag-wolfgang-neuss","17":"product_tag-harald-leipnitz","18":"product_tag-karin-huebner","19":"product_tag-louise-martini","20":"product_tag-berlin","21":"product_tag-bruce-low","22":"product_tag-alexandra-stewart","23":"product_tag-darling-berlin","24":"product_tag-paul-esser","25":"product_tag-wolfgang-spier","26":"product_tag-hannelore-elsner","27":"product_tag-oscar-sabo","28":"product_tag-die-endlose-nacht","29":"product_shipping_class-dvd-2","30":"pa_format-dvd","31":"description-off","33":"first","34":"outofstock","35":"sale","36":"taxable","37":"shipping-taxable","38":"purchasable","39":"product-type-variable","40":"has-default-attributes"},"acf":[],"yoast_head":"<!-- This site is optimized with the Yoast SEO plugin v27.5 - https:\/\/yoast.com\/product\/yoast-seo-wordpress\/ -->\n<title>Die endlose Nacht<\/title>\n<meta name=\"description\" content=\"Shop | Die endlose Nacht | 2019 | Darling Berlin | DVD | FSK 18\" \/>\n<meta name=\"robots\" content=\"index, follow, max-snippet:-1, max-image-preview:large, max-video-preview:-1\" \/>\n<link rel=\"canonical\" href=\"https:\/\/ucm.one\/de\/produkt\/die-endlose-nacht\/\" \/>\n<meta property=\"og:locale\" content=\"de_DE\" \/>\n<meta property=\"og:type\" content=\"article\" \/>\n<meta property=\"og:title\" content=\"Die endlose Nacht\" \/>\n<meta property=\"og:description\" content=\"Shop | Die endlose Nacht | 2019 | Darling Berlin | DVD | FSK 18\" \/>\n<meta property=\"og:url\" content=\"https:\/\/ucm.one\/de\/produkt\/die-endlose-nacht\/\" \/>\n<meta property=\"og:site_name\" content=\"UCM.ONE\" \/>\n<meta property=\"article:modified_time\" content=\"2025-11-17T10:29:51+00:00\" \/>\n<meta property=\"og:image\" content=\"https:\/\/ucm.one\/wp-content\/uploads\/2022\/07\/C-Die-endlose-Nacht-2d-FSK16.jpg\" \/>\n<meta name=\"twitter:card\" content=\"summary_large_image\" \/>\n<meta name=\"twitter:title\" content=\"Die endlose Nacht\" \/>\n<meta name=\"twitter:description\" content=\"Shop | Die endlose Nacht | 2019 | Darling Berlin | DVD | FSK 18\" \/>\n<meta name=\"twitter:image\" content=\"https:\/\/ucm.one\/wp-content\/uploads\/2022\/07\/C-Die-endlose-Nacht-2d-FSK16.jpg\" \/>\n<meta name=\"twitter:label1\" content=\"Gesch\u00e4tzte Lesezeit\" \/>\n\t<meta name=\"twitter:data1\" content=\"1\u00a0Minute\" \/>\n<!-- \/ Yoast SEO plugin. -->","yoast_head_json":{"title":"Die endlose Nacht","description":"Shop | Die endlose Nacht | 2019 | Darling Berlin | DVD | FSK 18","robots":{"index":"index","follow":"follow","max-snippet":"max-snippet:-1","max-image-preview":"max-image-preview:large","max-video-preview":"max-video-preview:-1"},"canonical":"https:\/\/ucm.one\/de\/produkt\/die-endlose-nacht\/","og_locale":"de_DE","og_type":"article","og_title":"Die endlose Nacht","og_description":"Shop | Die endlose Nacht | 2019 | Darling Berlin | DVD | FSK 18","og_url":"https:\/\/ucm.one\/de\/produkt\/die-endlose-nacht\/","og_site_name":"UCM.ONE","article_modified_time":"2025-11-17T10:29:51+00:00","og_image":[{"url":"https:\/\/ucm.one\/wp-content\/uploads\/2022\/07\/C-Die-endlose-Nacht-2d-FSK16.jpg","type":"","width":"","height":""}],"twitter_card":"summary_large_image","twitter_title":"Die endlose Nacht","twitter_description":"Shop | Die endlose Nacht | 2019 | Darling Berlin | DVD | FSK 18","twitter_image":"https:\/\/ucm.one\/wp-content\/uploads\/2022\/07\/C-Die-endlose-Nacht-2d-FSK16.jpg","twitter_misc":{"Gesch\u00e4tzte Lesezeit":"1\u00a0Minute"},"schema":{"@context":"https:\/\/schema.org","@graph":[{"@type":"WebPage","@id":"https:\/\/ucm.one\/de\/produkt\/die-endlose-nacht\/","url":"https:\/\/ucm.one\/de\/produkt\/die-endlose-nacht\/","name":"Die endlose Nacht","isPartOf":{"@id":"https:\/\/ucm.one\/de\/#website"},"primaryImageOfPage":{"@id":"https:\/\/ucm.one\/de\/produkt\/die-endlose-nacht\/#primaryimage"},"image":{"@id":"https:\/\/ucm.one\/de\/produkt\/die-endlose-nacht\/#primaryimage"},"thumbnailUrl":"https:\/\/ucm.one\/wp-content\/uploads\/2022\/07\/C-Die-endlose-Nacht-2d-FSK16.jpg","datePublished":"2019-06-28T22:09:41+00:00","dateModified":"2025-11-17T10:29:51+00:00","description":"Shop | Die endlose Nacht | 2019 | Darling Berlin | DVD | FSK 18","breadcrumb":{"@id":"https:\/\/ucm.one\/de\/produkt\/die-endlose-nacht\/#breadcrumb"},"inLanguage":"de","potentialAction":[{"@type":"ReadAction","target":["https:\/\/ucm.one\/de\/produkt\/die-endlose-nacht\/"]}]},{"@type":"ImageObject","inLanguage":"de","@id":"https:\/\/ucm.one\/de\/produkt\/die-endlose-nacht\/#primaryimage","url":"https:\/\/ucm.one\/wp-content\/uploads\/2022\/07\/C-Die-endlose-Nacht-2d-FSK16.jpg","contentUrl":"https:\/\/ucm.one\/wp-content\/uploads\/2022\/07\/C-Die-endlose-Nacht-2d-FSK16.jpg","width":699,"height":1000},{"@type":"BreadcrumbList","@id":"https:\/\/ucm.one\/de\/produkt\/die-endlose-nacht\/#breadcrumb","itemListElement":[{"@type":"ListItem","position":1,"name":"Home","item":"https:\/\/ucm.one\/de\/"},{"@type":"ListItem","position":2,"name":"Shop","item":"https:\/\/ucm.one\/de\/shop\/"},{"@type":"ListItem","position":3,"name":"Die endlose Nacht"}]},{"@type":"WebSite","@id":"https:\/\/ucm.one\/de\/#website","url":"https:\/\/ucm.one\/de\/","name":"UCM.ONE","description":"","publisher":{"@id":"https:\/\/ucm.one\/de\/#organization"},"potentialAction":[{"@type":"SearchAction","target":{"@type":"EntryPoint","urlTemplate":"https:\/\/ucm.one\/de\/?s={search_term_string}"},"query-input":{"@type":"PropertyValueSpecification","valueRequired":true,"valueName":"search_term_string"}}],"inLanguage":"de"},{"@type":"Organization","@id":"https:\/\/ucm.one\/de\/#organization","name":"UCM.ONE","url":"https:\/\/ucm.one\/de\/","logo":{"@type":"ImageObject","inLanguage":"de","@id":"https:\/\/ucm.one\/de\/#\/schema\/logo\/image\/","url":"https:\/\/ucm.one\/wp-content\/uploads\/2019\/10\/UCM.ONE-Logo-RGB.svg","contentUrl":"https:\/\/ucm.one\/wp-content\/uploads\/2019\/10\/UCM.ONE-Logo-RGB.svg","width":1,"height":1,"caption":"UCM.ONE"},"image":{"@id":"https:\/\/ucm.one\/de\/#\/schema\/logo\/image\/"}}]}},"_links":{"self":[{"href":"https:\/\/ucm.one\/de\/wp-json\/wp\/v2\/product\/72152","targetHints":{"allow":["GET"]}}],"collection":[{"href":"https:\/\/ucm.one\/de\/wp-json\/wp\/v2\/product"}],"about":[{"href":"https:\/\/ucm.one\/de\/wp-json\/wp\/v2\/types\/product"}],"replies":[{"embeddable":true,"href":"https:\/\/ucm.one\/de\/wp-json\/wp\/v2\/comments?post=72152"}],"wp:featuredmedia":[{"embeddable":true,"href":"https:\/\/ucm.one\/de\/wp-json\/wp\/v2\/media\/72153"}],"wp:attachment":[{"href":"https:\/\/ucm.one\/de\/wp-json\/wp\/v2\/media?parent=72152"}],"wp:term":[{"taxonomy":"product_brand","embeddable":true,"href":"https:\/\/ucm.one\/de\/wp-json\/wp\/v2\/product_brand?post=72152"},{"taxonomy":"product_cat","embeddable":true,"href":"https:\/\/ucm.one\/de\/wp-json\/wp\/v2\/product_cat?post=72152"},{"taxonomy":"product_tag","embeddable":true,"href":"https:\/\/ucm.one\/de\/wp-json\/wp\/v2\/product_tag?post=72152"}],"curies":[{"name":"wp","href":"https:\/\/api.w.org\/{rel}","templated":true}]}}