{"id":72117,"date":"2021-07-14T00:48:35","date_gmt":"2021-07-14T00:48:35","guid":{"rendered":"https:\/\/ucm.one\/?post_type=product&#038;p=72117"},"modified":"2026-01-25T15:00:41","modified_gmt":"2026-01-25T15:00:41","slug":"schwimmen","status":"publish","type":"product","link":"https:\/\/ucm.one\/de\/produkt\/schwimmen\/","title":{"rendered":"Schwimmen"},"content":{"rendered":"<div class=\"wpb_text_column wpb_content_element \">\n<div class=\"wpb_wrapper\">\n<div class=\"\">\n<div class=\"wpb_text_column wpb_content_element \">\n<div class=\"wpb_wrapper\">\n<div class=\"wpb_text_column wpb_content_element \">\n<div class=\"wpb_wrapper\">\n<div class=\"wpb_text_column wpb_content_element \">\n<div class=\"wpb_wrapper\">\n<div class=\"wpb_text_column wpb_content_element \">\n<div class=\"wpb_wrapper\">\n<div class=\"wpb_text_column wpb_content_element \">\n<div class=\"wpb_wrapper\">\n<p>Nach der Trennung von Elisas (<strong>Stephanie Amarell<\/strong>) Eltern, ger\u00e4t das Leben der 15-j\u00e4hrigen aus den Fugen. Mit Mutter Anna muss sie aus dem gemeinsamen Einfamilienhaus am Stadtrand in eine Sozialwohnung mitten in Berlin-Neuk\u00f6lln ziehen. Ihr K\u00f6rper reagiert auf den Stress mit Ohnmachtsanf\u00e4llen. W\u00e4hrend einer solcher Episode nach dem Schwimmunterricht, nehmen Ihre Mitsch\u00fcler*innen Elisas Verletzlichkeit zum Anlass, sie zum Opfer in der Klasse zu machen. In diesem Moment tritt Anthea (<strong>Lisa Vicari<\/strong>) in ihr Leben. Sie ist sch\u00f6n, selbstbewusst und unerschrocken und holt Elisa in k\u00fcrzester Zeit aus ihrer wehrlosen Starre heraus. Die beiden werden beste Freundinnen und entwickeln ein Spiel, in dem sie alles, was sie tun, mit den Kameras ihrer Handys festhalten. Elisa nutzt die Nachtschichten ihrer Mutter, um mit Anthea und ihrem \u00e4lteren Bruder Pierre (<strong>Jonathan Berlin<\/strong>) durch die Clubs zu ziehen und erlebt mit ihrer neuen Freundin einen rauschhaften Sommer. Anthea besch\u00fctzt sie, gibt ihr Selbstvertrauen und Halt. Beide M\u00e4dchen f\u00fcllen f\u00fcreinander die Leerstellen, die durch die Trennung von Elisas Eltern und die mangelnde Zuneigung in Antheas Familie entstanden sind. Doch Anthea gibt immer den Takt vor.<\/p>\n<\/div>\n<\/div>\n<div class=\"wpb_text_column wpb_content_element \">\n<div class=\"wpb_wrapper\">\n<p>Schon bald kommen sie auf die Idee, die Kameras umzudrehen und aus Rache heimlich diejenigen Mitsch\u00fcler*innen zu filmen, die Elisa auf \u00e4hnliche Weise fertiggemacht haben. Um vor ihr nicht feige zu wirken, sammelt und verschickt Elisa ein kompromittierendes Video nach dem n\u00e4chsten. Bald schon brauchen sie dieses Spiel, um ihren Zusammenhalt aufrecht zu erhalten und aus ihrer innigen Freundschaft entwickelt sich eine zerst\u00f6rerische Dynamik, die bedrohlich wird f\u00fcr alle, die den beiden in die Quere kommen.<\/p>\n<\/div>\n<\/div>\n<\/div>\n<\/div>\n<\/div>\n<\/div>\n<\/div>\n<\/div>\n<\/div>\n<\/div>\n<\/div>\n<\/div>\n<\/div>\n<div><div class=\"gap\" style=\"line-height: 20px; height: 20px;\"><\/div><\/div>\n<h5>Weitere Informationen<\/h5>\n<div>\n<div>\n<table style=\"height: 46px; width: 100%; border-collapse: collapse; border-color: #ffffff; background-color: #ffffff; border-style: hidden;\">\n<tbody>\n<tr style=\"height: 23px; border-style: hidden; border-color: #ffffff; background-color: #ffffff;\">\n<td style=\"width: 4.701195219123506%; height: 23px; border-style: hidden;\">Film:<\/td>\n<td style=\"width: 95.29880478087651%; height: 23px; border-style: hidden;\"><a title=\"Schwimmen\" href=\"https:\/\/ucm.one\/de\/schwimmen\/\">Schwimmen<\/a><\/td>\n<\/tr>\n<tr style=\"height: 23px;\">\n<td style=\"width: 4.701195219123506%; height: 23px; border-style: hidden;\">Label:<\/td>\n<td style=\"width: 95.29880478087651%; height: 23px; border-style: hidden;\"><a title=\"Darling Berlin\" href=\"https:\/\/ucm.one\/de\/film-labels\/darling-berlin\/\">Darling Berlin<\/a><\/td>\n<\/tr>\n<\/tbody>\n<\/table>\n<\/div>\n<div><\/div>\n<\/div>\n<div>\n<div><div class=\"gap\" style=\"line-height: 10px; height: 10px;\"><\/div><\/div>\n<div><span style=\"font-family: 'arial black', sans-serif;\"><span style=\"font-family: arial, helvetica, sans-serif;\">\u00a9 2018\u00a0<strong>Darling Berlin \/ <span style=\"font-family: 'arial black', sans-serif;\">UCM.ONE<\/span><\/strong><\/span><\/span><\/div>\n<div><div class=\"gap\" style=\"line-height: 20px; height: 20px;\"><\/div><\/div>\n<\/div>\n<div>\n<div><\/div>\n<div>\n<div><div class=\"gap\" style=\"line-height: 10px; height: 10px;\"><\/div><\/div>\n<div><span style=\"color: #003a80;\"><strong>\u27a0 <a style=\"color: #003a80;\" href=\"https:\/\/ucm.one\/de\/produkt-kategorie\/art-de\/filme-de\/\">zum Shop<\/a><\/strong><\/span><\/div>\n<div><div class=\"gap\" style=\"line-height: 20px; height: 20px;\"><\/div><\/div>\n<\/div>\n<\/div>\n","protected":false},"excerpt":{"rendered":"<p>Regie: <strong><a title=\"Luzie Loose\" href=\"https:\/\/ucm.one\/de\/?s=%22Luzie+Loose%22&amp;post_type=product\">Luzie Loose<\/a><\/strong><\/p>\n<p>Label:\u00a0<a title=\"\" href=\"https:\/\/ucm.one\/de\/produkt-kategorie\/label-film-de\/darling-berlin-de\/\"><strong>Darling Berlin<\/strong><\/a><\/p>\n<p>Art:\u00a0<strong><a href=\"https:\/\/ucm.one\/de\/produkt-kategorie\/art-de\/filme-de\/\">Film<\/a> (Spielfilm)<\/strong><\/p>\n<p>Genre:\u00a0<b><a title=\"Kom\u00f6die\" href=\"https:\/\/ucm.one\/de\/produkt-kategorie\/genre-film-de\/drama-de\/\">Drama<\/a><\/b><\/p>\n<p>Jahr: <strong>2018<\/strong><\/p>\n<p>FSK: <strong>12<\/strong><\/p>\n<p>Format: <strong>DVD<\/strong><\/p>\n","protected":false},"featured_media":72118,"comment_status":"open","ping_status":"closed","template":"","meta":{"_acf_changed":false},"product_brand":[],"product_cat":[10339,13156,9708,10331,10334],"product_tag":[13167,12464,13161,13162,13163,13164,13165,13166],"class_list":{"0":"post-72117","1":"product","2":"type-product","3":"status-publish","4":"has-post-thumbnail","6":"product_cat-darling-berlin-de","7":"product_cat-arthouse-de","8":"product_cat-filme-de","9":"product_cat-dvd-de","10":"product_cat-drama-de","11":"product_tag-hofer-filmtage","12":"product_tag-darling-berlin","13":"product_tag-schwimmen","14":"product_tag-luzie-loose","15":"product_tag-kurhaus-production","16":"product_tag-stephanie-amarell","17":"product_tag-lisa-vicari","18":"product_tag-achtung-berlin","19":"product_shipping_class-dvd-2","20":"pa_format-dvd","21":"description-off","23":"first","24":"instock","25":"sale","26":"taxable","27":"shipping-taxable","28":"purchasable","29":"product-type-variable","30":"has-default-attributes"},"acf":[],"yoast_head":"<!-- This site is optimized with the Yoast SEO plugin v27.2 - https:\/\/yoast.com\/product\/yoast-seo-wordpress\/ -->\n<title>Schimmen<\/title>\n<meta name=\"description\" content=\"Shop | Schimmen | 2021 | Darling Berlin | DVD | FSK 12\" \/>\n<meta name=\"robots\" content=\"index, follow, max-snippet:-1, max-image-preview:large, max-video-preview:-1\" \/>\n<link rel=\"canonical\" href=\"https:\/\/ucm.one\/de\/produkt\/schwimmen\/\" \/>\n<meta property=\"og:locale\" content=\"de_DE\" \/>\n<meta property=\"og:type\" content=\"article\" \/>\n<meta property=\"og:title\" content=\"Schimmen\" \/>\n<meta property=\"og:description\" content=\"Shop | Schimmen | 2021 | Darling Berlin | DVD | FSK 12\" \/>\n<meta property=\"og:url\" content=\"https:\/\/ucm.one\/de\/produkt\/schwimmen\/\" \/>\n<meta property=\"og:site_name\" content=\"UCM.ONE\" \/>\n<meta property=\"article:modified_time\" content=\"2026-01-25T15:00:41+00:00\" \/>\n<meta property=\"og:image\" content=\"https:\/\/ucm.one\/wp-content\/uploads\/2022\/07\/C-Schwimmen-DVD-FSK12.jpg\" \/>\n<meta name=\"twitter:card\" content=\"summary_large_image\" \/>\n<meta name=\"twitter:title\" content=\"Schimmen\" \/>\n<meta name=\"twitter:description\" content=\"Shop | Schimmen | 2021 | Darling Berlin | DVD | FSK 12\" \/>\n<meta name=\"twitter:image\" content=\"https:\/\/ucm.one\/wp-content\/uploads\/2022\/07\/C-Schwimmen-DVD-FSK12.jpg\" \/>\n<meta name=\"twitter:label1\" content=\"Gesch\u00e4tzte Lesezeit\" \/>\n\t<meta name=\"twitter:data1\" content=\"2\u00a0Minuten\" \/>\n<!-- \/ Yoast SEO plugin. -->","yoast_head_json":{"title":"Schimmen","description":"Shop | Schimmen | 2021 | Darling Berlin | DVD | FSK 12","robots":{"index":"index","follow":"follow","max-snippet":"max-snippet:-1","max-image-preview":"max-image-preview:large","max-video-preview":"max-video-preview:-1"},"canonical":"https:\/\/ucm.one\/de\/produkt\/schwimmen\/","og_locale":"de_DE","og_type":"article","og_title":"Schimmen","og_description":"Shop | Schimmen | 2021 | Darling Berlin | DVD | FSK 12","og_url":"https:\/\/ucm.one\/de\/produkt\/schwimmen\/","og_site_name":"UCM.ONE","article_modified_time":"2026-01-25T15:00:41+00:00","og_image":[{"url":"https:\/\/ucm.one\/wp-content\/uploads\/2022\/07\/C-Schwimmen-DVD-FSK12.jpg","type":"","width":"","height":""}],"twitter_card":"summary_large_image","twitter_title":"Schimmen","twitter_description":"Shop | Schimmen | 2021 | Darling Berlin | DVD | FSK 12","twitter_image":"https:\/\/ucm.one\/wp-content\/uploads\/2022\/07\/C-Schwimmen-DVD-FSK12.jpg","twitter_misc":{"Gesch\u00e4tzte Lesezeit":"2\u00a0Minuten"},"schema":{"@context":"https:\/\/schema.org","@graph":[{"@type":"WebPage","@id":"https:\/\/ucm.one\/de\/produkt\/schwimmen\/","url":"https:\/\/ucm.one\/de\/produkt\/schwimmen\/","name":"Schimmen","isPartOf":{"@id":"https:\/\/ucm.one\/de\/#website"},"primaryImageOfPage":{"@id":"https:\/\/ucm.one\/de\/produkt\/schwimmen\/#primaryimage"},"image":{"@id":"https:\/\/ucm.one\/de\/produkt\/schwimmen\/#primaryimage"},"thumbnailUrl":"https:\/\/ucm.one\/wp-content\/uploads\/2022\/07\/C-Schwimmen-DVD-FSK12.jpg","datePublished":"2021-07-14T00:48:35+00:00","dateModified":"2026-01-25T15:00:41+00:00","description":"Shop | Schimmen | 2021 | Darling Berlin | DVD | FSK 12","breadcrumb":{"@id":"https:\/\/ucm.one\/de\/produkt\/schwimmen\/#breadcrumb"},"inLanguage":"de","potentialAction":[{"@type":"ReadAction","target":["https:\/\/ucm.one\/de\/produkt\/schwimmen\/"]}]},{"@type":"ImageObject","inLanguage":"de","@id":"https:\/\/ucm.one\/de\/produkt\/schwimmen\/#primaryimage","url":"https:\/\/ucm.one\/wp-content\/uploads\/2022\/07\/C-Schwimmen-DVD-FSK12.jpg","contentUrl":"https:\/\/ucm.one\/wp-content\/uploads\/2022\/07\/C-Schwimmen-DVD-FSK12.jpg","width":699,"height":1000},{"@type":"BreadcrumbList","@id":"https:\/\/ucm.one\/de\/produkt\/schwimmen\/#breadcrumb","itemListElement":[{"@type":"ListItem","position":1,"name":"Home","item":"https:\/\/ucm.one\/de\/"},{"@type":"ListItem","position":2,"name":"Shop","item":"https:\/\/ucm.one\/de\/shop\/"},{"@type":"ListItem","position":3,"name":"Schwimmen"}]},{"@type":"WebSite","@id":"https:\/\/ucm.one\/de\/#website","url":"https:\/\/ucm.one\/de\/","name":"UCM.ONE","description":"","publisher":{"@id":"https:\/\/ucm.one\/de\/#organization"},"potentialAction":[{"@type":"SearchAction","target":{"@type":"EntryPoint","urlTemplate":"https:\/\/ucm.one\/de\/?s={search_term_string}"},"query-input":{"@type":"PropertyValueSpecification","valueRequired":true,"valueName":"search_term_string"}}],"inLanguage":"de"},{"@type":"Organization","@id":"https:\/\/ucm.one\/de\/#organization","name":"UCM.ONE","url":"https:\/\/ucm.one\/de\/","logo":{"@type":"ImageObject","inLanguage":"de","@id":"https:\/\/ucm.one\/de\/#\/schema\/logo\/image\/","url":"https:\/\/ucm.one\/wp-content\/uploads\/2019\/10\/UCM.ONE-Logo-RGB.svg","contentUrl":"https:\/\/ucm.one\/wp-content\/uploads\/2019\/10\/UCM.ONE-Logo-RGB.svg","width":1,"height":1,"caption":"UCM.ONE"},"image":{"@id":"https:\/\/ucm.one\/de\/#\/schema\/logo\/image\/"}}]}},"_links":{"self":[{"href":"https:\/\/ucm.one\/de\/wp-json\/wp\/v2\/product\/72117","targetHints":{"allow":["GET"]}}],"collection":[{"href":"https:\/\/ucm.one\/de\/wp-json\/wp\/v2\/product"}],"about":[{"href":"https:\/\/ucm.one\/de\/wp-json\/wp\/v2\/types\/product"}],"replies":[{"embeddable":true,"href":"https:\/\/ucm.one\/de\/wp-json\/wp\/v2\/comments?post=72117"}],"wp:featuredmedia":[{"embeddable":true,"href":"https:\/\/ucm.one\/de\/wp-json\/wp\/v2\/media\/72118"}],"wp:attachment":[{"href":"https:\/\/ucm.one\/de\/wp-json\/wp\/v2\/media?parent=72117"}],"wp:term":[{"taxonomy":"product_brand","embeddable":true,"href":"https:\/\/ucm.one\/de\/wp-json\/wp\/v2\/product_brand?post=72117"},{"taxonomy":"product_cat","embeddable":true,"href":"https:\/\/ucm.one\/de\/wp-json\/wp\/v2\/product_cat?post=72117"},{"taxonomy":"product_tag","embeddable":true,"href":"https:\/\/ucm.one\/de\/wp-json\/wp\/v2\/product_tag?post=72117"}],"curies":[{"name":"wp","href":"https:\/\/api.w.org\/{rel}","templated":true}]}}