{"id":72107,"date":"2020-07-17T00:02:19","date_gmt":"2020-07-17T00:02:19","guid":{"rendered":"https:\/\/ucm.one\/?post_type=product&#038;p=72107"},"modified":"2023-07-17T16:40:58","modified_gmt":"2023-07-17T16:40:58","slug":"datsche","status":"publish","type":"product","link":"https:\/\/ucm.one\/de\/produkt\/datsche\/","title":{"rendered":"Datsche"},"content":{"rendered":"<div class=\"wpb_text_column wpb_content_element \">\n<div class=\"wpb_wrapper\">\n<div class=\"\">\n<div class=\"wpb_text_column wpb_content_element \">\n<div class=\"wpb_wrapper\">\n<div class=\"wpb_text_column wpb_content_element \">\n<div class=\"wpb_wrapper\">\n<div class=\"wpb_text_column wpb_content_element \">\n<div class=\"wpb_wrapper\">\n<div class=\"wpb_text_column wpb_content_element \">\n<div class=\"wpb_wrapper\">\n<p>Der New Yorker Valentin macht sich auf den Weg \u00fcber den Atlantik, um in Berlin seinen deutschen Wurzeln nachzugehen. Die Datsche, die ihm sein verstorbener Gro\u00dfvater vermacht hat, befindet sich allerdings gar nicht in Berlin sondern in einer verschlafenen Kleingartensiedlung im fr\u00fcheren Osten der Republik. Die Nachbar*innen empfangen ihn mit offenen Armen, viel Neugier und einem \u201ctelefonbuchdicken\u201d Regelwerk.<\/p>\n<p>Doch nicht alle sind dem jungen Neuank\u00f6mmling wohlwollend gesonnen und schauen mit Skepsis auf die Entwicklungen im einstmals \u201esch\u00f6nsten Garten\u201c der ganzen Kolonie. Besonders Gregor, ein Nachbar mit einer ganz besonderen Vorliebe f\u00fcr akkurat getrimmte Hecken und nationalistisches Gedankengut wirft sein Adlerauge auf den Amerikaner \u2013 der zu allem \u00dcberfluss auch noch einen untergetauchten Fl\u00fcchtling auf seinem Dachboden entdeckt. Adam kommt aus \u00c4thiopien und l\u00e4uft Gefahr abgeschoben zu werden, sollte er gefunden werden. Die beiden jungen M\u00e4nner schlie\u00dfen Freundschaft und den Pakt, niemandem von Adams Existenz zu erz\u00e4hlen.<\/p>\n<\/div>\n<\/div>\n<\/div>\n<\/div>\n<div class=\"wpb_text_column wpb_content_element \">\n<div class=\"wpb_wrapper\">\n<p>Bis Valentin aus Versehen eine bunte Gruppe Couch-Surfing G\u00e4ste aus aller Welt anheuert, ihm dabei zu helfen, den Garten auf Vordermann zu bringen. Mit Maria, der geheimnisvollen Sch\u00f6nheit aus Griechenland, Zorro, dem charmanten Kleinkriminellen aus Argentinien, und Stefan, dem so unbeholfenen wie hilfsbereiten Bayer, wird die bisher so gem\u00fctliche Gartengemeinschaft ordentlich aufgemischt\u2026<\/p>\n<\/div>\n<\/div>\n<\/div>\n<\/div>\n<\/div>\n<\/div>\n<\/div>\n<\/div>\n<\/div>\n<div><div class=\"gap\" style=\"line-height: 20px; height: 20px;\"><\/div><\/div>\n<h5>Weitere Informationen<\/h5>\n<div>\n<div>\n<table style=\"height: 46px; width: 100%; border-collapse: collapse; border-color: #ffffff; background-color: #ffffff; border-style: hidden;\">\n<tbody>\n<tr style=\"height: 23px; border-style: hidden; border-color: #ffffff; background-color: #ffffff;\">\n<td style=\"width: 4.701195219123506%; height: 23px; border-style: hidden;\">Film:<\/td>\n<td style=\"width: 95.29880478087651%; height: 23px; border-style: hidden;\"><a title=\"Datsche\" href=\"https:\/\/ucm.one\/de\/datsche\/\">Datsche<\/a><\/td>\n<\/tr>\n<tr style=\"height: 23px;\">\n<td style=\"width: 4.701195219123506%; height: 23px; border-style: hidden;\">Label:<\/td>\n<td style=\"width: 95.29880478087651%; height: 23px; border-style: hidden;\"><a title=\"Darling Berlin\" href=\"https:\/\/ucm.one\/de\/film-labels\/darling-berlin\/\">Darling Berlin<\/a><\/td>\n<\/tr>\n<\/tbody>\n<\/table>\n<\/div>\n<div><\/div>\n<\/div>\n<div>\n<div><div class=\"gap\" style=\"line-height: 10px; height: 10px;\"><\/div><\/div>\n<div><span style=\"font-family: 'arial black', sans-serif;\"><span style=\"font-family: arial, helvetica, sans-serif;\">\u00a9 2019\u00a0<strong>Darling Berlin \/ <span style=\"font-family: 'arial black', sans-serif;\">UCM.ONE<\/span><\/strong><\/span><\/span><\/div>\n<div><div class=\"gap\" style=\"line-height: 20px; height: 20px;\"><\/div><\/div>\n<\/div>\n<div>\n<div><\/div>\n<div>\n<div><div class=\"gap\" style=\"line-height: 10px; height: 10px;\"><\/div><\/div>\n<div><span style=\"color: #003a80;\"><strong>\u27a0 <a style=\"color: #003a80;\" href=\"https:\/\/ucm.one\/de\/produkt-kategorie\/art-de\/filme-de\/\">zum Shop<\/a><\/strong><\/span><\/div>\n<div><div class=\"gap\" style=\"line-height: 20px; height: 20px;\"><\/div><\/div>\n<\/div>\n<\/div>\n","protected":false},"excerpt":{"rendered":"<p>Regie: <strong><a title=\"Lara Hewitt\" href=\"https:\/\/ucm.one\/de\/?s=%22Lara+Hewitt%22&amp;post_type=product\">Lara Hewitt<\/a><\/strong><\/p>\n<p>Label:\u00a0<a title=\"\" href=\"https:\/\/ucm.one\/de\/produkt-kategorie\/label-film-de\/darling-berlin-de\/\"><strong>Darling Berlin<\/strong><\/a><\/p>\n<p>Art:\u00a0<strong><a href=\"https:\/\/ucm.one\/de\/produkt-kategorie\/art-de\/filme-de\/\">Film<\/a> (Spielfilm)<\/strong><\/p>\n<p>Genre:\u00a0<b><a title=\"Kom\u00f6die\" href=\"https:\/\/ucm.one\/de\/produkt-kategorie\/genre-film-de\/komoedie-de\/\">Kom\u00f6die<\/a><\/b><\/p>\n<p>Jahr: <strong>2018<\/strong><\/p>\n<p>FSK: <strong>6<\/strong><\/p>\n<p>Format: <strong>DVD<\/strong><\/p>\n","protected":false},"featured_media":72108,"comment_status":"open","ping_status":"closed","template":"","meta":{"_acf_changed":false},"product_brand":[],"product_cat":[10356,11808,13156,9708,10331,10339],"product_tag":[13152,13153,13154,13155,12464,13146,13147,13148,13149,13150,13151],"class_list":{"0":"post-72107","1":"product","2":"type-product","3":"status-publish","4":"has-post-thumbnail","6":"product_cat-komoedie-de","7":"product_cat-heimatfilm","8":"product_cat-arthouse-de","9":"product_cat-filme-de","10":"product_cat-dvd-de","11":"product_cat-darling-berlin-de","12":"product_tag-zack-segel","13":"product_tag-kunle-kuforiji","14":"product_tag-marie-celine-yildirim","15":"product_tag-luis-lueps","16":"product_tag-darling-berlin","17":"product_tag-datsche","18":"product_tag-lara-hewitt","19":"product_tag-europa","20":"product_tag-schrebergarten","21":"product_tag-asyl","22":"product_tag-fluechtling","23":"product_shipping_class-dvd-2","24":"pa_format-dvd","25":"description-off","27":"first","28":"instock","29":"sale","30":"taxable","31":"shipping-taxable","32":"purchasable","33":"product-type-variable","34":"has-default-attributes"},"acf":[],"yoast_head":"<!-- This site is optimized with the Yoast SEO plugin v27.5 - https:\/\/yoast.com\/product\/yoast-seo-wordpress\/ -->\n<title>Datsche<\/title>\n<meta name=\"description\" content=\"Shop | Datsche | 2020 | Darling Berlin | DVD | FSK 6\" \/>\n<meta name=\"robots\" content=\"index, follow, max-snippet:-1, max-image-preview:large, max-video-preview:-1\" \/>\n<link rel=\"canonical\" href=\"https:\/\/ucm.one\/de\/produkt\/datsche\/\" \/>\n<meta property=\"og:locale\" content=\"de_DE\" \/>\n<meta property=\"og:type\" content=\"article\" \/>\n<meta property=\"og:title\" content=\"Datsche\" \/>\n<meta property=\"og:description\" content=\"Shop | Datsche | 2020 | Darling Berlin | DVD | FSK 6\" \/>\n<meta property=\"og:url\" content=\"https:\/\/ucm.one\/de\/produkt\/datsche\/\" \/>\n<meta property=\"og:site_name\" content=\"UCM.ONE\" \/>\n<meta property=\"article:modified_time\" content=\"2023-07-17T16:40:58+00:00\" \/>\n<meta property=\"og:image\" content=\"https:\/\/ucm.one\/wp-content\/uploads\/2022\/07\/C-Datsche-DVD-FSK6.jpg\" \/>\n<meta name=\"twitter:card\" content=\"summary_large_image\" \/>\n<meta name=\"twitter:title\" content=\"Datsche\" \/>\n<meta name=\"twitter:description\" content=\"Shop | Datsche | 2020 | Darling Berlin | DVD | FSK 6\" \/>\n<meta name=\"twitter:image\" content=\"https:\/\/ucm.one\/wp-content\/uploads\/2022\/07\/C-Datsche-DVD-FSK6.jpg\" \/>\n<meta name=\"twitter:label1\" content=\"Gesch\u00e4tzte Lesezeit\" \/>\n\t<meta name=\"twitter:data1\" content=\"1\u00a0Minute\" \/>\n<!-- \/ Yoast SEO plugin. -->","yoast_head_json":{"title":"Datsche","description":"Shop | Datsche | 2020 | Darling Berlin | DVD | FSK 6","robots":{"index":"index","follow":"follow","max-snippet":"max-snippet:-1","max-image-preview":"max-image-preview:large","max-video-preview":"max-video-preview:-1"},"canonical":"https:\/\/ucm.one\/de\/produkt\/datsche\/","og_locale":"de_DE","og_type":"article","og_title":"Datsche","og_description":"Shop | Datsche | 2020 | Darling Berlin | DVD | FSK 6","og_url":"https:\/\/ucm.one\/de\/produkt\/datsche\/","og_site_name":"UCM.ONE","article_modified_time":"2023-07-17T16:40:58+00:00","og_image":[{"url":"https:\/\/ucm.one\/wp-content\/uploads\/2022\/07\/C-Datsche-DVD-FSK6.jpg","type":"","width":"","height":""}],"twitter_card":"summary_large_image","twitter_title":"Datsche","twitter_description":"Shop | Datsche | 2020 | Darling Berlin | DVD | FSK 6","twitter_image":"https:\/\/ucm.one\/wp-content\/uploads\/2022\/07\/C-Datsche-DVD-FSK6.jpg","twitter_misc":{"Gesch\u00e4tzte Lesezeit":"1\u00a0Minute"},"schema":{"@context":"https:\/\/schema.org","@graph":[{"@type":"WebPage","@id":"https:\/\/ucm.one\/de\/produkt\/datsche\/","url":"https:\/\/ucm.one\/de\/produkt\/datsche\/","name":"Datsche","isPartOf":{"@id":"https:\/\/ucm.one\/de\/#website"},"primaryImageOfPage":{"@id":"https:\/\/ucm.one\/de\/produkt\/datsche\/#primaryimage"},"image":{"@id":"https:\/\/ucm.one\/de\/produkt\/datsche\/#primaryimage"},"thumbnailUrl":"https:\/\/ucm.one\/wp-content\/uploads\/2022\/07\/C-Datsche-DVD-FSK6.jpg","datePublished":"2020-07-17T00:02:19+00:00","dateModified":"2023-07-17T16:40:58+00:00","description":"Shop | Datsche | 2020 | Darling Berlin | DVD | FSK 6","breadcrumb":{"@id":"https:\/\/ucm.one\/de\/produkt\/datsche\/#breadcrumb"},"inLanguage":"de","potentialAction":[{"@type":"ReadAction","target":["https:\/\/ucm.one\/de\/produkt\/datsche\/"]}]},{"@type":"ImageObject","inLanguage":"de","@id":"https:\/\/ucm.one\/de\/produkt\/datsche\/#primaryimage","url":"https:\/\/ucm.one\/wp-content\/uploads\/2022\/07\/C-Datsche-DVD-FSK6.jpg","contentUrl":"https:\/\/ucm.one\/wp-content\/uploads\/2022\/07\/C-Datsche-DVD-FSK6.jpg","width":699,"height":1000},{"@type":"BreadcrumbList","@id":"https:\/\/ucm.one\/de\/produkt\/datsche\/#breadcrumb","itemListElement":[{"@type":"ListItem","position":1,"name":"Home","item":"https:\/\/ucm.one\/de\/"},{"@type":"ListItem","position":2,"name":"Shop","item":"https:\/\/ucm.one\/de\/shop\/"},{"@type":"ListItem","position":3,"name":"Datsche"}]},{"@type":"WebSite","@id":"https:\/\/ucm.one\/de\/#website","url":"https:\/\/ucm.one\/de\/","name":"UCM.ONE","description":"","publisher":{"@id":"https:\/\/ucm.one\/de\/#organization"},"potentialAction":[{"@type":"SearchAction","target":{"@type":"EntryPoint","urlTemplate":"https:\/\/ucm.one\/de\/?s={search_term_string}"},"query-input":{"@type":"PropertyValueSpecification","valueRequired":true,"valueName":"search_term_string"}}],"inLanguage":"de"},{"@type":"Organization","@id":"https:\/\/ucm.one\/de\/#organization","name":"UCM.ONE","url":"https:\/\/ucm.one\/de\/","logo":{"@type":"ImageObject","inLanguage":"de","@id":"https:\/\/ucm.one\/de\/#\/schema\/logo\/image\/","url":"https:\/\/ucm.one\/wp-content\/uploads\/2019\/10\/UCM.ONE-Logo-RGB.svg","contentUrl":"https:\/\/ucm.one\/wp-content\/uploads\/2019\/10\/UCM.ONE-Logo-RGB.svg","width":1,"height":1,"caption":"UCM.ONE"},"image":{"@id":"https:\/\/ucm.one\/de\/#\/schema\/logo\/image\/"}}]}},"_links":{"self":[{"href":"https:\/\/ucm.one\/de\/wp-json\/wp\/v2\/product\/72107","targetHints":{"allow":["GET"]}}],"collection":[{"href":"https:\/\/ucm.one\/de\/wp-json\/wp\/v2\/product"}],"about":[{"href":"https:\/\/ucm.one\/de\/wp-json\/wp\/v2\/types\/product"}],"replies":[{"embeddable":true,"href":"https:\/\/ucm.one\/de\/wp-json\/wp\/v2\/comments?post=72107"}],"wp:featuredmedia":[{"embeddable":true,"href":"https:\/\/ucm.one\/de\/wp-json\/wp\/v2\/media\/72108"}],"wp:attachment":[{"href":"https:\/\/ucm.one\/de\/wp-json\/wp\/v2\/media?parent=72107"}],"wp:term":[{"taxonomy":"product_brand","embeddable":true,"href":"https:\/\/ucm.one\/de\/wp-json\/wp\/v2\/product_brand?post=72107"},{"taxonomy":"product_cat","embeddable":true,"href":"https:\/\/ucm.one\/de\/wp-json\/wp\/v2\/product_cat?post=72107"},{"taxonomy":"product_tag","embeddable":true,"href":"https:\/\/ucm.one\/de\/wp-json\/wp\/v2\/product_tag?post=72107"}],"curies":[{"name":"wp","href":"https:\/\/api.w.org\/{rel}","templated":true}]}}