{"id":72097,"date":"2020-09-25T22:55:36","date_gmt":"2020-09-25T22:55:36","guid":{"rendered":"https:\/\/ucm.one\/?post_type=product&#038;p=72097"},"modified":"2026-03-13T21:56:27","modified_gmt":"2026-03-13T21:56:27","slug":"character-one-susan","status":"publish","type":"product","link":"https:\/\/ucm.one\/de\/produkt\/character-one-susan\/","title":{"rendered":"Character One: Susan"},"content":{"rendered":"<div class=\"wpb_text_column wpb_content_element \">\n<div class=\"wpb_wrapper\">\n<div class=\"\">\n<div class=\"wpb_text_column wpb_content_element \">\n<div class=\"wpb_wrapper\">\n<div class=\"wpb_text_column wpb_content_element \">\n<div class=\"wpb_wrapper\">\n<div class=\"wpb_text_column wpb_content_element \">\n<div class=\"wpb_wrapper\">\n<p>Diagnose: Schizo-affektiv und bipolar. Was hei\u00dft das? Regisseur Tim Lienhard gibt Susan eine B\u00fchne, inszeniert sie als Filmdiva und verbindet ihre faszinierende Leinwandpr\u00e4senz mit ihrer schonungslosen Offenheit zu einer opulenten, mitrei\u00dfenden Performance!<\/p>\n<p>Susan, Anfang 50, ist eine ausgesprochen attraktive Frau. Doch die Halbitalienerin, geboren Anfang der 60er Jahre in Berlin, ist krank. Sie ist bipolar und hat eine schizoaffektive St\u00f6rung. Susan erz\u00e4hlt ihr Leben. Das h\u00f6rte, wie sie sagt, mit 11 Jahren bereits auf. Denn da wurde sie sexuell missbraucht. Trotz guter Schulleistung und dem Versuch, einen b\u00fcrgerlichen Beruf zu ergreifen, f\u00fchrte sie nie ein gew\u00f6hnliches Leben. Als K\u00f6nigin der Berliner Technoclubs der 90er Jahre, als Drogendealerin und Weltenbummlerin verteidigt sie bis heute ihre Unabh\u00e4ngigkeit. Mit ihrem beeindruckenden Talent, sich selbst zum Thema zu machen und dies auf ganz starke, selbstbewusste und reflektierte Art, zieht Susan den Zuschauer in ihren Bann.<\/p>\n<\/div>\n<\/div>\n<\/div>\n<\/div>\n<\/div>\n<\/div>\n<\/div>\n<\/div>\n<\/div>\n<div><div class=\"gap\" style=\"line-height: 20px; height: 20px;\"><\/div><\/div>\n<h5>Weitere Informationen<\/h5>\n<div>\n<div>\n<table style=\"height: 46px; width: 100%; border-collapse: collapse; border-color: #ffffff; background-color: #ffffff; border-style: hidden;\">\n<tbody>\n<tr style=\"height: 23px; border-style: hidden; border-color: #ffffff; background-color: #ffffff;\">\n<td style=\"width: 4.701195219123506%; height: 23px; border-style: hidden;\">Film:<\/td>\n<td style=\"width: 95.29880478087651%; height: 23px; border-style: hidden;\"><a title=\"Character One: Susan\" href=\"https:\/\/ucm.one\/de\/character-one-susan\/\">Character One: Susan<\/a><\/td>\n<\/tr>\n<tr style=\"height: 23px;\">\n<td style=\"width: 4.701195219123506%; height: 23px; border-style: hidden;\">Label:<\/td>\n<td style=\"width: 95.29880478087651%; height: 23px; border-style: hidden;\"><a title=\"Darling Berlin\" href=\"https:\/\/ucm.one\/de\/film-labels\/darling-berlin\/\">Darling Berlin<\/a><\/td>\n<\/tr>\n<\/tbody>\n<\/table>\n<\/div>\n<div><\/div>\n<\/div>\n<div>\n<div><div class=\"gap\" style=\"line-height: 10px; height: 10px;\"><\/div><\/div>\n<div><span style=\"font-family: 'arial black', sans-serif;\"><span style=\"font-family: arial, helvetica, sans-serif;\">\u00a9 2018\u00a0<strong>Darling Berlin \/ <span style=\"font-family: 'arial black', sans-serif;\">UCM.ONE<\/span><\/strong><\/span><\/span><\/div>\n<div><div class=\"gap\" style=\"line-height: 20px; height: 20px;\"><\/div><\/div>\n<\/div>\n<div>\n<div><\/div>\n<div>\n<div><div class=\"gap\" style=\"line-height: 10px; height: 10px;\"><\/div><\/div>\n<div><span style=\"color: #003a80;\"><strong>\u27a0 <a style=\"color: #003a80;\" href=\"https:\/\/ucm.one\/de\/produkt-kategorie\/art-de\/filme-de\/\">zum Shop<\/a><\/strong><\/span><\/div>\n<div><div class=\"gap\" style=\"line-height: 20px; height: 20px;\"><\/div><\/div>\n<\/div>\n<\/div>\n","protected":false},"excerpt":{"rendered":"<p>Regie: <strong><a title=\"Tim Lienhard\" href=\"https:\/\/ucm.one\/de\/?s=%22Tim+Lienhard%22&amp;post_type=product\">Tim Lienhard<\/a><\/strong><\/p>\n<p>Label:\u00a0<a title=\"\" href=\"https:\/\/ucm.one\/de\/produkt-kategorie\/label-film-de\/darling-berlin-de\/\"><strong>Darling Berlin<\/strong><\/a><\/p>\n<p>Art:\u00a0<a href=\"https:\/\/ucm.one\/de\/produkt-kategorie\/art-de\/filme-de\/\"><b>Film<\/b><\/a><\/p>\n<p>Genre: <a href=\"https:\/\/ucm.one\/de\/produkt-kategorie\/genre-film-de\/dokumentarfilm-de\/\"><b>Dokumentarfilm<\/b><\/a><\/p>\n<p>&nbsp;<\/p>\n<p>Jahr: <strong>2018<\/strong><\/p>\n<p>FSK: <strong>16<\/strong><\/p>\n<p>Format: <strong>DVD<\/strong><\/p>\n","protected":false},"featured_media":72104,"comment_status":"open","ping_status":"closed","template":"","meta":{"_acf_changed":false},"product_brand":[],"product_cat":[9708,10331,13156,10339,10938],"product_tag":[13143,13144,13145,12464,13141,13142],"class_list":{"0":"post-72097","1":"product","2":"type-product","3":"status-publish","4":"has-post-thumbnail","6":"product_cat-filme-de","7":"product_cat-dvd-de","8":"product_cat-arthouse-de","9":"product_cat-darling-berlin-de","10":"product_cat-dokumentarfilm-de","11":"product_tag-susan","12":"product_tag-one-zero-one","13":"product_tag-the-story-of-cybersissy-baybjane","14":"product_tag-darling-berlin","15":"product_tag-tim-lienhard","16":"product_tag-character-one","17":"product_shipping_class-dvd-2","18":"pa_format-dvd","19":"description-off","21":"first","22":"instock","23":"sale","24":"taxable","25":"shipping-taxable","26":"purchasable","27":"product-type-variable","28":"has-default-attributes"},"acf":[],"yoast_head":"<!-- This site is optimized with the Yoast SEO plugin v27.2 - https:\/\/yoast.com\/product\/yoast-seo-wordpress\/ -->\n<title>Character One: Susan<\/title>\n<meta name=\"description\" content=\"Shop | Character One: Susan | 2022 | Darling Berlin | DVD | FSK 16\" \/>\n<meta name=\"robots\" content=\"index, follow, max-snippet:-1, max-image-preview:large, max-video-preview:-1\" \/>\n<link rel=\"canonical\" href=\"https:\/\/ucm.one\/de\/produkt\/character-one-susan\/\" \/>\n<meta property=\"og:locale\" content=\"de_DE\" \/>\n<meta property=\"og:type\" content=\"article\" \/>\n<meta property=\"og:title\" content=\"Character One: Susan\" \/>\n<meta property=\"og:description\" content=\"Shop | Character One: Susan | 2022 | Darling Berlin | DVD | FSK 16\" \/>\n<meta property=\"og:url\" content=\"https:\/\/ucm.one\/de\/produkt\/character-one-susan\/\" \/>\n<meta property=\"og:site_name\" content=\"UCM.ONE\" \/>\n<meta property=\"article:modified_time\" content=\"2026-03-13T21:56:27+00:00\" \/>\n<meta property=\"og:image\" content=\"https:\/\/ucm.one\/wp-content\/uploads\/2022\/07\/C-Character-One-Susan-DCD-FSK16.jpg\" \/>\n<meta name=\"twitter:card\" content=\"summary_large_image\" \/>\n<meta name=\"twitter:title\" content=\"Character One: Susan\" \/>\n<meta name=\"twitter:description\" content=\"Shop | Character One: Susan | 2022 | Darling Berlin | DVD | FSK 16\" \/>\n<meta name=\"twitter:image\" content=\"https:\/\/ucm.one\/wp-content\/uploads\/2022\/07\/C-Character-One-Susan-DCD-FSK16.jpg\" \/>\n<meta name=\"twitter:label1\" content=\"Gesch\u00e4tzte Lesezeit\" \/>\n\t<meta name=\"twitter:data1\" content=\"1\u00a0Minute\" \/>\n<!-- \/ Yoast SEO plugin. -->","yoast_head_json":{"title":"Character One: Susan","description":"Shop | Character One: Susan | 2022 | Darling Berlin | DVD | FSK 16","robots":{"index":"index","follow":"follow","max-snippet":"max-snippet:-1","max-image-preview":"max-image-preview:large","max-video-preview":"max-video-preview:-1"},"canonical":"https:\/\/ucm.one\/de\/produkt\/character-one-susan\/","og_locale":"de_DE","og_type":"article","og_title":"Character One: Susan","og_description":"Shop | Character One: Susan | 2022 | Darling Berlin | DVD | FSK 16","og_url":"https:\/\/ucm.one\/de\/produkt\/character-one-susan\/","og_site_name":"UCM.ONE","article_modified_time":"2026-03-13T21:56:27+00:00","og_image":[{"url":"https:\/\/ucm.one\/wp-content\/uploads\/2022\/07\/C-Character-One-Susan-DCD-FSK16.jpg","type":"","width":"","height":""}],"twitter_card":"summary_large_image","twitter_title":"Character One: Susan","twitter_description":"Shop | Character One: Susan | 2022 | Darling Berlin | DVD | FSK 16","twitter_image":"https:\/\/ucm.one\/wp-content\/uploads\/2022\/07\/C-Character-One-Susan-DCD-FSK16.jpg","twitter_misc":{"Gesch\u00e4tzte Lesezeit":"1\u00a0Minute"},"schema":{"@context":"https:\/\/schema.org","@graph":[{"@type":"WebPage","@id":"https:\/\/ucm.one\/de\/produkt\/character-one-susan\/","url":"https:\/\/ucm.one\/de\/produkt\/character-one-susan\/","name":"Character One: Susan","isPartOf":{"@id":"https:\/\/ucm.one\/de\/#website"},"primaryImageOfPage":{"@id":"https:\/\/ucm.one\/de\/produkt\/character-one-susan\/#primaryimage"},"image":{"@id":"https:\/\/ucm.one\/de\/produkt\/character-one-susan\/#primaryimage"},"thumbnailUrl":"https:\/\/ucm.one\/wp-content\/uploads\/2022\/07\/C-Character-One-Susan-DCD-FSK16.jpg","datePublished":"2020-09-25T22:55:36+00:00","dateModified":"2026-03-13T21:56:27+00:00","description":"Shop | Character One: Susan | 2022 | Darling Berlin | DVD | FSK 16","breadcrumb":{"@id":"https:\/\/ucm.one\/de\/produkt\/character-one-susan\/#breadcrumb"},"inLanguage":"de","potentialAction":[{"@type":"ReadAction","target":["https:\/\/ucm.one\/de\/produkt\/character-one-susan\/"]}]},{"@type":"ImageObject","inLanguage":"de","@id":"https:\/\/ucm.one\/de\/produkt\/character-one-susan\/#primaryimage","url":"https:\/\/ucm.one\/wp-content\/uploads\/2022\/07\/C-Character-One-Susan-DCD-FSK16.jpg","contentUrl":"https:\/\/ucm.one\/wp-content\/uploads\/2022\/07\/C-Character-One-Susan-DCD-FSK16.jpg","width":699,"height":1000},{"@type":"BreadcrumbList","@id":"https:\/\/ucm.one\/de\/produkt\/character-one-susan\/#breadcrumb","itemListElement":[{"@type":"ListItem","position":1,"name":"Home","item":"https:\/\/ucm.one\/de\/"},{"@type":"ListItem","position":2,"name":"Shop","item":"https:\/\/ucm.one\/de\/shop\/"},{"@type":"ListItem","position":3,"name":"Character One: Susan"}]},{"@type":"WebSite","@id":"https:\/\/ucm.one\/de\/#website","url":"https:\/\/ucm.one\/de\/","name":"UCM.ONE","description":"","publisher":{"@id":"https:\/\/ucm.one\/de\/#organization"},"potentialAction":[{"@type":"SearchAction","target":{"@type":"EntryPoint","urlTemplate":"https:\/\/ucm.one\/de\/?s={search_term_string}"},"query-input":{"@type":"PropertyValueSpecification","valueRequired":true,"valueName":"search_term_string"}}],"inLanguage":"de"},{"@type":"Organization","@id":"https:\/\/ucm.one\/de\/#organization","name":"UCM.ONE","url":"https:\/\/ucm.one\/de\/","logo":{"@type":"ImageObject","inLanguage":"de","@id":"https:\/\/ucm.one\/de\/#\/schema\/logo\/image\/","url":"https:\/\/ucm.one\/wp-content\/uploads\/2019\/10\/UCM.ONE-Logo-RGB.svg","contentUrl":"https:\/\/ucm.one\/wp-content\/uploads\/2019\/10\/UCM.ONE-Logo-RGB.svg","width":1,"height":1,"caption":"UCM.ONE"},"image":{"@id":"https:\/\/ucm.one\/de\/#\/schema\/logo\/image\/"}}]}},"_links":{"self":[{"href":"https:\/\/ucm.one\/de\/wp-json\/wp\/v2\/product\/72097","targetHints":{"allow":["GET"]}}],"collection":[{"href":"https:\/\/ucm.one\/de\/wp-json\/wp\/v2\/product"}],"about":[{"href":"https:\/\/ucm.one\/de\/wp-json\/wp\/v2\/types\/product"}],"replies":[{"embeddable":true,"href":"https:\/\/ucm.one\/de\/wp-json\/wp\/v2\/comments?post=72097"}],"wp:featuredmedia":[{"embeddable":true,"href":"https:\/\/ucm.one\/de\/wp-json\/wp\/v2\/media\/72104"}],"wp:attachment":[{"href":"https:\/\/ucm.one\/de\/wp-json\/wp\/v2\/media?parent=72097"}],"wp:term":[{"taxonomy":"product_brand","embeddable":true,"href":"https:\/\/ucm.one\/de\/wp-json\/wp\/v2\/product_brand?post=72097"},{"taxonomy":"product_cat","embeddable":true,"href":"https:\/\/ucm.one\/de\/wp-json\/wp\/v2\/product_cat?post=72097"},{"taxonomy":"product_tag","embeddable":true,"href":"https:\/\/ucm.one\/de\/wp-json\/wp\/v2\/product_tag?post=72097"}],"curies":[{"name":"wp","href":"https:\/\/api.w.org\/{rel}","templated":true}]}}