{"id":72084,"date":"2021-03-05T21:53:07","date_gmt":"2021-03-05T21:53:07","guid":{"rendered":"https:\/\/ucm.one\/?post_type=product&#038;p=72084"},"modified":"2025-04-21T19:49:08","modified_gmt":"2025-04-21T19:49:08","slug":"searching-eva","status":"publish","type":"product","link":"https:\/\/ucm.one\/de\/produkt\/searching-eva\/","title":{"rendered":"Searching Eva"},"content":{"rendered":"<div class=\"wpb_text_column wpb_content_element \">\n<div class=\"wpb_wrapper\">\n<div class=\"\">\n<div class=\"wpb_text_column wpb_content_element \">\n<div class=\"wpb_wrapper\">\n<div class=\"wpb_text_column wpb_content_element \">\n<div class=\"wpb_wrapper\">\n<div class=\"wpb_text_column wpb_content_element \">\n<div class=\"wpb_wrapper\">\n<p>Eva, 25, in Berlin lebende Italienerin, f\u00fchrt ein \u00f6ffentliches Leben, mit allen Konsequenzen. Mit 14 Jahren gab sie sich einen neuen Namen, erkl\u00e4rte Privatsph\u00e4re zu einem \u00fcberholten Konzept und ver\u00f6ffentlichte ihren ersten Tagebucheintrag online. Seither teilt sie ihr Leben bis ins intimste Detail mit aller Welt. Sie lebt vielf\u00e4ltige Identit\u00e4ten: Katzenbesitzerin, Dichterin, Sexarbeiterin, Bisexuelle, Ex-Junkie, Feministin, Anarchistin, Model, Sternzeichen Jungfrau\u2026. Erwachsen wurde sie im Internet, wo sie aus ihrer Selbstsuche ein \u00f6ffentliches Spektakel machte, das die Frage aufwirft, was \u201eeine Frau denn genau zu sein hat\u201c. Ihre Realit\u00e4t ist virtuell und das Leben ist \u201cso etwas wie ein Indie-Film\u201d \u2013 eine subjektive Konstruktion unter eigener Regie.<\/p>\n<\/div>\n<\/div>\n<div class=\"wpb_text_column wpb_content_element \">\n<div class=\"wpb_wrapper\">\n<p>Wir springen von Berlin in ihre alte Heimat Italien, von Mexiko nach Athen, so als klickten wir uns durch ihr Instagram-Profil. Eva l\u00e4uft bei Fashion Shows in Paris, wird von Sugar Daddies in gutb\u00fcrgerlichen Hotels massiert, nimmt Drogen, f\u00f6hnt die Haare ihrer Freundin, spielt mit ihrer Katze. Anstatt einem narrativen Faden zu folgen, kreist der Film um Themen, die Evas Leben von sich aus aufwerfen: Fragen nach Sexualit\u00e4t, Gender, dem Konzept von Arbeit und dem einer fixen Identit\u00e4t. In ihren Blog-Beitr\u00e4gen, Gedankenspuren und Ideenfragmenten demonstriert Eva ihren Scharfsinn und entwaffnende Ehrlichkeit.<\/p>\n<\/div>\n<\/div>\n<div class=\"wpb_text_column wpb_content_element \">\n<div class=\"wpb_wrapper\">\n<p>Ein Film jenseits aller Konventionen, herausfordernd in der Thematik und visuell und \u00e4sthetisch faszinierend. Man taucht in Evas Welten ein und kommt ver\u00e4ndert wieder heraus.<\/p>\n<\/div>\n<\/div>\n<\/div>\n<\/div>\n<\/div>\n<\/div>\n<\/div>\n<\/div>\n<\/div>\n<div><div class=\"gap\" style=\"line-height: 20px; height: 20px;\"><\/div><\/div>\n<h5>Weitere Informationen<\/h5>\n<div>\n<div>\n<table style=\"height: 46px; width: 100%; border-collapse: collapse; border-color: #ffffff; background-color: #ffffff; border-style: hidden;\">\n<tbody>\n<tr style=\"height: 23px; border-style: hidden; border-color: #ffffff; background-color: #ffffff;\">\n<td style=\"width: 4.701195219123506%; height: 23px; border-style: hidden;\">Film:<\/td>\n<td style=\"width: 95.29880478087651%; height: 23px; border-style: hidden;\"><a title=\"Searching Eva\" href=\"https:\/\/ucm.one\/de\/searching-eva\/\">Searching Eva<\/a><\/td>\n<\/tr>\n<tr style=\"height: 23px;\">\n<td style=\"width: 4.701195219123506%; height: 23px; border-style: hidden;\">Label:<\/td>\n<td style=\"width: 95.29880478087651%; height: 23px; border-style: hidden;\"><a title=\"Darling Berlin\" href=\"https:\/\/ucm.one\/de\/film-labels\/darling-berlin\/\">Darling Berlin<\/a><\/td>\n<\/tr>\n<\/tbody>\n<\/table>\n<\/div>\n<div><\/div>\n<\/div>\n<div>\n<div><div class=\"gap\" style=\"line-height: 10px; height: 10px;\"><\/div><\/div>\n<div><span style=\"font-family: 'arial black', sans-serif;\"><span style=\"font-family: arial, helvetica, sans-serif;\">\u00a9 2019\u00a0<strong>Darling Berlin \/ <span style=\"font-family: 'arial black', sans-serif;\">UCM.ONE<\/span><\/strong><\/span><\/span><\/div>\n<div><div class=\"gap\" style=\"line-height: 20px; height: 20px;\"><\/div><\/div>\n<\/div>\n<div>\n<div><\/div>\n<div>\n<div><div class=\"gap\" style=\"line-height: 10px; height: 10px;\"><\/div><\/div>\n<div><span style=\"color: #003a80;\"><strong>\u27a0 <a style=\"color: #003a80;\" href=\"https:\/\/ucm.one\/de\/produkt-kategorie\/art-de\/filme-de\/\">zum Shop<\/a><\/strong><\/span><\/div>\n<div><div class=\"gap\" style=\"line-height: 20px; height: 20px;\"><\/div><\/div>\n<\/div>\n<\/div>\n","protected":false},"excerpt":{"rendered":"<p>Regie: <strong><a title=\"Pia Hellenthal\" href=\"https:\/\/ucm.one\/de\/?s=%22Pia+Hellenthal%22&amp;post_type=product\">Pia Hellenthal<\/a><\/strong><\/p>\n<p>Label:\u00a0<a title=\"\" href=\"https:\/\/ucm.one\/de\/produkt-kategorie\/label-film-de\/darling-berlin-de\/\"><strong>Darling Berlin<\/strong><\/a><\/p>\n<p>Art:\u00a0<a href=\"https:\/\/ucm.one\/de\/produkt-kategorie\/art-de\/filme-de\/\"><b>Film<\/b><\/a><\/p>\n<p>Genre: <a href=\"https:\/\/ucm.one\/de\/produkt-kategorie\/genre-film-de\/dokumentarfilm-de\/\"><b>Dokumentarfilm<\/b><\/a><\/p>\n<p>&nbsp;<\/p>\n<p>Jahr: <strong>2019<\/strong><\/p>\n<p>FSK: <strong>16<\/strong><\/p>\n<p>Format: <strong>DVD<\/strong><\/p>\n","protected":false},"featured_media":72100,"comment_status":"open","ping_status":"closed","template":"","meta":{"_acf_changed":false},"product_brand":[],"product_cat":[9708,10331,13156,10339,10938],"product_tag":[12656,15118,13138,15119,13139,15120,13140,15121,15122,14354,15123,14356,15124,15114,15125,15115,15126,12464,15116,12652,15117],"class_list":{"0":"post-72084","1":"product","2":"type-product","3":"status-publish","4":"has-post-thumbnail","6":"product_cat-filme-de","7":"product_cat-dvd-de","8":"product_cat-arthouse-de","9":"product_cat-darling-berlin-de","10":"product_cat-dokumentarfilm-de","11":"product_tag-berlinale","12":"product_tag-sexarbeiterin","13":"product_tag-searching-eva","14":"product_tag-sexarbeiter","15":"product_tag-pia-hellenthal","16":"product_tag-bisexuell","17":"product_tag-dokumentation","18":"product_tag-anarchie","19":"product_tag-gender-2","20":"product_tag-feminismus","21":"product_tag-borderline-2","22":"product_tag-lgbtq","23":"product_tag-poet-2","24":"product_tag-non-binaer","25":"product_tag-ex-junkie-2","26":"product_tag-unkonventionell","27":"product_tag-model-2","28":"product_tag-darling-berlin","29":"product_tag-sexualitaet","30":"product_tag-dokumentarfilm","31":"product_tag-poetin","32":"product_shipping_class-dvd-2","33":"pa_format-blu-ray-de","34":"pa_format-dvd","35":"description-off","37":"first","38":"instock","39":"taxable","40":"shipping-taxable","41":"purchasable","42":"product-type-variable","43":"has-default-attributes"},"acf":[],"yoast_head":"<!-- This site is optimized with the Yoast SEO plugin v27.2 - https:\/\/yoast.com\/product\/yoast-seo-wordpress\/ -->\n<title>Searching Eva<\/title>\n<meta name=\"description\" content=\"Shop | Searching Eva | 2021 | Darling Berlin | DVD | FSK 16\" \/>\n<meta name=\"robots\" content=\"index, follow, max-snippet:-1, max-image-preview:large, max-video-preview:-1\" \/>\n<link rel=\"canonical\" href=\"https:\/\/ucm.one\/de\/produkt\/searching-eva\/\" \/>\n<meta property=\"og:locale\" content=\"de_DE\" \/>\n<meta property=\"og:type\" content=\"article\" \/>\n<meta property=\"og:title\" content=\"Searching Eva\" \/>\n<meta property=\"og:description\" content=\"Shop | Searching Eva | 2021 | Darling Berlin | DVD | FSK 16\" \/>\n<meta property=\"og:url\" content=\"https:\/\/ucm.one\/de\/produkt\/searching-eva\/\" \/>\n<meta property=\"og:site_name\" content=\"UCM.ONE\" \/>\n<meta property=\"article:modified_time\" content=\"2025-04-21T19:49:08+00:00\" \/>\n<meta property=\"og:image\" content=\"https:\/\/ucm.one\/wp-content\/uploads\/2022\/07\/C-Searching-Eva-DVD-FSK-16.jpg\" \/>\n<meta name=\"twitter:card\" content=\"summary_large_image\" \/>\n<meta name=\"twitter:title\" content=\"Searching Eva\" \/>\n<meta name=\"twitter:description\" content=\"Shop | Searching Eva | 2021 | Darling Berlin | DVD | FSK 16\" \/>\n<meta name=\"twitter:image\" content=\"https:\/\/ucm.one\/wp-content\/uploads\/2022\/07\/C-Searching-Eva-DVD-FSK-16.jpg\" \/>\n<meta name=\"twitter:label1\" content=\"Gesch\u00e4tzte Lesezeit\" \/>\n\t<meta name=\"twitter:data1\" content=\"1\u00a0Minute\" \/>\n<!-- \/ Yoast SEO plugin. -->","yoast_head_json":{"title":"Searching Eva","description":"Shop | Searching Eva | 2021 | Darling Berlin | DVD | FSK 16","robots":{"index":"index","follow":"follow","max-snippet":"max-snippet:-1","max-image-preview":"max-image-preview:large","max-video-preview":"max-video-preview:-1"},"canonical":"https:\/\/ucm.one\/de\/produkt\/searching-eva\/","og_locale":"de_DE","og_type":"article","og_title":"Searching Eva","og_description":"Shop | Searching Eva | 2021 | Darling Berlin | DVD | FSK 16","og_url":"https:\/\/ucm.one\/de\/produkt\/searching-eva\/","og_site_name":"UCM.ONE","article_modified_time":"2025-04-21T19:49:08+00:00","og_image":[{"url":"https:\/\/ucm.one\/wp-content\/uploads\/2022\/07\/C-Searching-Eva-DVD-FSK-16.jpg","type":"","width":"","height":""}],"twitter_card":"summary_large_image","twitter_title":"Searching Eva","twitter_description":"Shop | Searching Eva | 2021 | Darling Berlin | DVD | FSK 16","twitter_image":"https:\/\/ucm.one\/wp-content\/uploads\/2022\/07\/C-Searching-Eva-DVD-FSK-16.jpg","twitter_misc":{"Gesch\u00e4tzte Lesezeit":"1\u00a0Minute"},"schema":{"@context":"https:\/\/schema.org","@graph":[{"@type":"WebPage","@id":"https:\/\/ucm.one\/de\/produkt\/searching-eva\/","url":"https:\/\/ucm.one\/de\/produkt\/searching-eva\/","name":"Searching Eva","isPartOf":{"@id":"https:\/\/ucm.one\/de\/#website"},"primaryImageOfPage":{"@id":"https:\/\/ucm.one\/de\/produkt\/searching-eva\/#primaryimage"},"image":{"@id":"https:\/\/ucm.one\/de\/produkt\/searching-eva\/#primaryimage"},"thumbnailUrl":"https:\/\/ucm.one\/wp-content\/uploads\/2022\/07\/C-Searching-Eva-DVD-FSK-16.jpg","datePublished":"2021-03-05T21:53:07+00:00","dateModified":"2025-04-21T19:49:08+00:00","description":"Shop | Searching Eva | 2021 | Darling Berlin | DVD | FSK 16","breadcrumb":{"@id":"https:\/\/ucm.one\/de\/produkt\/searching-eva\/#breadcrumb"},"inLanguage":"de","potentialAction":[{"@type":"ReadAction","target":["https:\/\/ucm.one\/de\/produkt\/searching-eva\/"]}]},{"@type":"ImageObject","inLanguage":"de","@id":"https:\/\/ucm.one\/de\/produkt\/searching-eva\/#primaryimage","url":"https:\/\/ucm.one\/wp-content\/uploads\/2022\/07\/C-Searching-Eva-DVD-FSK-16.jpg","contentUrl":"https:\/\/ucm.one\/wp-content\/uploads\/2022\/07\/C-Searching-Eva-DVD-FSK-16.jpg","width":699,"height":1000},{"@type":"BreadcrumbList","@id":"https:\/\/ucm.one\/de\/produkt\/searching-eva\/#breadcrumb","itemListElement":[{"@type":"ListItem","position":1,"name":"Home","item":"https:\/\/ucm.one\/de\/"},{"@type":"ListItem","position":2,"name":"Shop","item":"https:\/\/ucm.one\/de\/shop\/"},{"@type":"ListItem","position":3,"name":"Searching Eva"}]},{"@type":"WebSite","@id":"https:\/\/ucm.one\/de\/#website","url":"https:\/\/ucm.one\/de\/","name":"UCM.ONE","description":"","publisher":{"@id":"https:\/\/ucm.one\/de\/#organization"},"potentialAction":[{"@type":"SearchAction","target":{"@type":"EntryPoint","urlTemplate":"https:\/\/ucm.one\/de\/?s={search_term_string}"},"query-input":{"@type":"PropertyValueSpecification","valueRequired":true,"valueName":"search_term_string"}}],"inLanguage":"de"},{"@type":"Organization","@id":"https:\/\/ucm.one\/de\/#organization","name":"UCM.ONE","url":"https:\/\/ucm.one\/de\/","logo":{"@type":"ImageObject","inLanguage":"de","@id":"https:\/\/ucm.one\/de\/#\/schema\/logo\/image\/","url":"https:\/\/ucm.one\/wp-content\/uploads\/2019\/10\/UCM.ONE-Logo-RGB.svg","contentUrl":"https:\/\/ucm.one\/wp-content\/uploads\/2019\/10\/UCM.ONE-Logo-RGB.svg","width":1,"height":1,"caption":"UCM.ONE"},"image":{"@id":"https:\/\/ucm.one\/de\/#\/schema\/logo\/image\/"}}]}},"_links":{"self":[{"href":"https:\/\/ucm.one\/de\/wp-json\/wp\/v2\/product\/72084","targetHints":{"allow":["GET"]}}],"collection":[{"href":"https:\/\/ucm.one\/de\/wp-json\/wp\/v2\/product"}],"about":[{"href":"https:\/\/ucm.one\/de\/wp-json\/wp\/v2\/types\/product"}],"replies":[{"embeddable":true,"href":"https:\/\/ucm.one\/de\/wp-json\/wp\/v2\/comments?post=72084"}],"wp:featuredmedia":[{"embeddable":true,"href":"https:\/\/ucm.one\/de\/wp-json\/wp\/v2\/media\/72100"}],"wp:attachment":[{"href":"https:\/\/ucm.one\/de\/wp-json\/wp\/v2\/media?parent=72084"}],"wp:term":[{"taxonomy":"product_brand","embeddable":true,"href":"https:\/\/ucm.one\/de\/wp-json\/wp\/v2\/product_brand?post=72084"},{"taxonomy":"product_cat","embeddable":true,"href":"https:\/\/ucm.one\/de\/wp-json\/wp\/v2\/product_cat?post=72084"},{"taxonomy":"product_tag","embeddable":true,"href":"https:\/\/ucm.one\/de\/wp-json\/wp\/v2\/product_tag?post=72084"}],"curies":[{"name":"wp","href":"https:\/\/api.w.org\/{rel}","templated":true}]}}