{"id":72053,"date":"2019-11-29T20:20:20","date_gmt":"2019-11-29T20:20:20","guid":{"rendered":"https:\/\/ucm.one\/?post_type=product&#038;p=72053"},"modified":"2026-01-08T08:53:35","modified_gmt":"2026-01-08T08:53:35","slug":"wizards-of-the-lost-kingdom","status":"publish","type":"product","link":"https:\/\/ucm.one\/de\/produkt\/wizards-of-the-lost-kingdom\/","title":{"rendered":"Wizards of the Lost Kingdom"},"content":{"rendered":"<div class=\"wpb_text_column wpb_content_element \">\n<div class=\"wpb_wrapper\">\n<div class=\"\">\n<div class=\"wpb_text_column wpb_content_element \">\n<div class=\"wpb_wrapper\">\n<div class=\"wpb_text_column wpb_content_element \">\n<div class=\"wpb_wrapper\">\n<p>Nachdem der b\u00f6se Zauberer Shurka (<strong>Thom Christopher<\/strong>) den K\u00f6nig eines vergessenen Reiches und dessen Hofmagier get\u00f6tet hat, macht sich der auch in der Kunst der Zauberei bewanderter junge Krieger Simon (<strong>Vidal Peterson<\/strong>) auf, um mit Hilfe eines Zauberrings die M\u00e4chte des B\u00f6sen zu besiegen. Denn er will sein K\u00f6nigreich, das nun von drei finsteren Magiern geknechtet wird, wieder einen. Auf seinem abenteuerlichen und gefahrvollen Weg lernt er den Waldzauberer Hurla, das gutm\u00fctige Monster Gulvak und den alt-gedienten K\u00e4mpfer Kor (<strong>Bo Svenson<\/strong>) kennen. Sie schlie\u00dfen sich ihm an, um die M\u00e4chte des B\u00f6sen gemeinsam zu besiegen\u2026<\/p>\n<p>Sehr bekannter Fantasy-Kultfilm von Star-Regisseur <strong>Roger Corman<\/strong> (&#8222;<strong>Der kleine Horrorladen<\/strong>&#8222;, &#8222;<strong>Sharktopus<\/strong>&#8222;, &#8222;<strong>Das Pendel des Todes<\/strong>&#8222;).<\/p>\n<\/div>\n<\/div>\n<\/div>\n<\/div>\n<\/div>\n<\/div>\n<\/div>\n<div><div class=\"gap\" style=\"line-height: 20px; height: 20px;\"><\/div><\/div>\n<h5>Weitere Informationen<\/h5>\n<div>\n<div>\n<table style=\"height: 46px;width: 100%;border-collapse: collapse;border-color: #ffffff;background-color: #ffffff;border-style: hidden\">\n<tbody>\n<tr style=\"height: 23px;border-style: hidden;border-color: #ffffff;background-color: #ffffff\">\n<td style=\"width: 4.701195219123506%;height: 23px;border-style: hidden\">Film:<\/td>\n<td style=\"width: 95.29880478087651%;height: 23px;border-style: hidden\"><a title=\"Wizards of the Lost Kingdom\" href=\"https:\/\/ucm.one\/de\/wizards-of-the-lost-kingdom\/\">Wizards of the Lost Kingdom<\/a><\/td>\n<\/tr>\n<tr style=\"height: 23px\">\n<td style=\"width: 4.701195219123506%;height: 23px;border-style: hidden\">Label:<\/td>\n<td style=\"width: 95.29880478087651%;height: 23px;border-style: hidden\"><a title=\"M-Square Pictures\" href=\"https:\/\/ucm.one\/de\/film-labels\/m-square-pictures\/#m-square-classics\">M-Square Classics<\/a><\/td>\n<\/tr>\n<\/tbody>\n<\/table>\n<\/div>\n<div><\/div>\n<\/div>\n<div>\n<div><div class=\"gap\" style=\"line-height: 10px; height: 10px;\"><\/div><\/div>\n<div>\u2117 1985<strong>\u00a0Trinity Production<\/strong>s, \u00a9 2019 <strong>M-Square Classics<\/strong> <span style=\"font-family: 'arial black', sans-serif\"><strong>\/ UCM.ONE<\/strong><\/span><\/div>\n<div><div class=\"gap\" style=\"line-height: 20px; height: 20px;\"><\/div><\/div>\n<div>\n<div><\/div>\n<div>\n<div><div class=\"gap\" style=\"line-height: 10px; height: 10px;\"><\/div><\/div>\n<div><span style=\"color: #003a80\"><strong>\u27a0 <a style=\"color: #003a80\" href=\"https:\/\/ucm.one\/de\/produkt-kategorie\/art-de\/filme-de\/\">zum Shop<\/a><\/strong><\/span><\/div>\n<div><div class=\"gap\" style=\"line-height: 20px; height: 20px;\"><\/div><\/div>\n<\/div>\n<\/div>\n<\/div>\n","protected":false},"excerpt":{"rendered":"<p>Regie: <a title=\"H\u00e9ctor Olivera\" href=\"https:\/\/ucm.one\/de\/?s=%22H\u00e9ctor+Olivera%22&amp;post_type=product\"><strong>H\u00e9ctor Olivera<\/strong><\/a><\/p>\n<p>Label: <a title=\"M-Square Pictures\" href=\"https:\/\/ucm.one\/de\/produkt-kategorie\/label-film-de\/m-square-classics-de\"><strong>M-Square Classics<\/strong><\/a><\/p>\n<p>Art:\u00a0<strong><a href=\"https:\/\/ucm.one\/de\/produkt-kategorie\/art-de\/filme-de\/\">Film<\/a> (Spielfilm)<\/strong><\/p>\n<p>Genres: <strong><a href=\"https:\/\/ucm.one\/de\/produkt-kategorie\/genre-film-de\/action-de\/\">Action<\/a><\/strong>, <strong><a href=\"https:\/\/ucm.one\/de\/produkt-kategorie\/genre-film-de\/fantasy-de\/\">Fantasy<\/a><\/strong>, <strong><a href=\"https:\/\/ucm.one\/de\/produkt-kategorie\/genre-film-de\/abenteuer\/\">Abenteuer<\/a><\/strong><b><\/b><\/p>\n<p>Jahr: <strong>1985<\/strong><\/p>\n<p>FSK: <strong>12<\/strong><\/p>\n<p>Formate: <strong>Diverse<\/strong><\/p>\n","protected":false},"featured_media":72066,"comment_status":"open","ping_status":"closed","template":"","meta":{"_acf_changed":false},"product_brand":[],"product_cat":[10323,12093,10324,10328,10331,10332,9708,10333,10343,10357,10358],"product_tag":[12935,10326,13134,13135,13136,13137,9775],"class_list":{"0":"post-72053","1":"product","2":"type-product","3":"status-publish","4":"has-post-thumbnail","6":"product_cat-m-square-pictures-de","7":"product_cat-klassiker-de","8":"product_cat-m-square-classics-de","9":"product_cat-fantasy-de","10":"product_cat-dvd-de","11":"product_cat-blu-ray-de","12":"product_cat-filme-de","13":"product_cat-mediabooks-de","14":"product_cat-u8-films-berlin-de","15":"product_cat-abenteuer","16":"product_cat-action-de","17":"product_tag-hector-olivera","18":"product_tag-m-square-classics","19":"product_tag-wizards-of-the-lost-kingdom","20":"product_tag-bo-svenson","21":"product_tag-vidal-peterson","22":"product_tag-thom-christopher","23":"product_tag-roger-corman","24":"pa_format-dvd","25":"pa_format-blu-ray-de","26":"pa_format-mediabook-blu-ray-dvd","27":"description-off","29":"first","30":"instock","31":"sale","32":"taxable","33":"shipping-taxable","34":"purchasable","35":"product-type-variable"},"acf":[],"yoast_head":"<!-- This site is optimized with the Yoast SEO plugin v27.5 - https:\/\/yoast.com\/product\/yoast-seo-wordpress\/ -->\n<title>Wizards of the Lost Kingdom<\/title>\n<meta name=\"description\" content=\"Shop | Wizards of the Lost Kingdom | 2019 | M-Square Classics | Limitiertes Mediabook + Blu-Ray + DVD | FSK 12\" \/>\n<meta name=\"robots\" content=\"index, follow, max-snippet:-1, max-image-preview:large, max-video-preview:-1\" \/>\n<link rel=\"canonical\" href=\"https:\/\/ucm.one\/de\/produkt\/wizards-of-the-lost-kingdom\/\" \/>\n<meta property=\"og:locale\" content=\"de_DE\" \/>\n<meta property=\"og:type\" content=\"article\" \/>\n<meta property=\"og:title\" content=\"Wizards of the Lost Kingdom\" \/>\n<meta property=\"og:description\" content=\"Shop | Wizards of the Lost Kingdom | 2019 | M-Square Classics | Limitiertes Mediabook + Blu-Ray + DVD | FSK 12\" \/>\n<meta property=\"og:url\" content=\"https:\/\/ucm.one\/de\/produkt\/wizards-of-the-lost-kingdom\/\" \/>\n<meta property=\"og:site_name\" content=\"UCM.ONE\" \/>\n<meta property=\"article:modified_time\" content=\"2026-01-08T08:53:35+00:00\" \/>\n<meta property=\"og:image\" content=\"https:\/\/ucm.one\/wp-content\/uploads\/2022\/07\/C-Wizards-of-the-Lost-Kingdom-MB-2S-FSK16.jpg\" \/>\n<meta name=\"twitter:card\" content=\"summary_large_image\" \/>\n<meta name=\"twitter:title\" content=\"Wizards of the Lost Kingdom\" \/>\n<meta name=\"twitter:description\" content=\"Shop | Wizards of the Lost Kingdom | 2019 | M-Square Classics | Limitiertes Mediabook + Blu-Ray + DVD | FSK 12\" \/>\n<meta name=\"twitter:image\" content=\"https:\/\/ucm.one\/wp-content\/uploads\/2022\/07\/C-Wizards-of-the-Lost-Kingdom-MB-2S-FSK16.jpg\" \/>\n<meta name=\"twitter:label1\" content=\"Gesch\u00e4tzte Lesezeit\" \/>\n\t<meta name=\"twitter:data1\" content=\"2\u00a0Minuten\" \/>\n<!-- \/ Yoast SEO plugin. -->","yoast_head_json":{"title":"Wizards of the Lost Kingdom","description":"Shop | Wizards of the Lost Kingdom | 2019 | M-Square Classics | Limitiertes Mediabook + Blu-Ray + DVD | FSK 12","robots":{"index":"index","follow":"follow","max-snippet":"max-snippet:-1","max-image-preview":"max-image-preview:large","max-video-preview":"max-video-preview:-1"},"canonical":"https:\/\/ucm.one\/de\/produkt\/wizards-of-the-lost-kingdom\/","og_locale":"de_DE","og_type":"article","og_title":"Wizards of the Lost Kingdom","og_description":"Shop | Wizards of the Lost Kingdom | 2019 | M-Square Classics | Limitiertes Mediabook + Blu-Ray + DVD | FSK 12","og_url":"https:\/\/ucm.one\/de\/produkt\/wizards-of-the-lost-kingdom\/","og_site_name":"UCM.ONE","article_modified_time":"2026-01-08T08:53:35+00:00","og_image":[{"url":"https:\/\/ucm.one\/wp-content\/uploads\/2022\/07\/C-Wizards-of-the-Lost-Kingdom-MB-2S-FSK16.jpg","type":"","width":"","height":""}],"twitter_card":"summary_large_image","twitter_title":"Wizards of the Lost Kingdom","twitter_description":"Shop | Wizards of the Lost Kingdom | 2019 | M-Square Classics | Limitiertes Mediabook + Blu-Ray + DVD | FSK 12","twitter_image":"https:\/\/ucm.one\/wp-content\/uploads\/2022\/07\/C-Wizards-of-the-Lost-Kingdom-MB-2S-FSK16.jpg","twitter_misc":{"Gesch\u00e4tzte Lesezeit":"2\u00a0Minuten"},"schema":{"@context":"https:\/\/schema.org","@graph":[{"@type":"WebPage","@id":"https:\/\/ucm.one\/de\/produkt\/wizards-of-the-lost-kingdom\/","url":"https:\/\/ucm.one\/de\/produkt\/wizards-of-the-lost-kingdom\/","name":"Wizards of the Lost Kingdom","isPartOf":{"@id":"https:\/\/ucm.one\/de\/#website"},"primaryImageOfPage":{"@id":"https:\/\/ucm.one\/de\/produkt\/wizards-of-the-lost-kingdom\/#primaryimage"},"image":{"@id":"https:\/\/ucm.one\/de\/produkt\/wizards-of-the-lost-kingdom\/#primaryimage"},"thumbnailUrl":"https:\/\/ucm.one\/wp-content\/uploads\/2022\/07\/C-Wizards-of-the-Lost-Kingdom-MB-2S-FSK16.jpg","datePublished":"2019-11-29T20:20:20+00:00","dateModified":"2026-01-08T08:53:35+00:00","description":"Shop | Wizards of the Lost Kingdom | 2019 | M-Square Classics | Limitiertes Mediabook + Blu-Ray + DVD | FSK 12","breadcrumb":{"@id":"https:\/\/ucm.one\/de\/produkt\/wizards-of-the-lost-kingdom\/#breadcrumb"},"inLanguage":"de","potentialAction":[{"@type":"ReadAction","target":["https:\/\/ucm.one\/de\/produkt\/wizards-of-the-lost-kingdom\/"]}]},{"@type":"ImageObject","inLanguage":"de","@id":"https:\/\/ucm.one\/de\/produkt\/wizards-of-the-lost-kingdom\/#primaryimage","url":"https:\/\/ucm.one\/wp-content\/uploads\/2022\/07\/C-Wizards-of-the-Lost-Kingdom-MB-2S-FSK16.jpg","contentUrl":"https:\/\/ucm.one\/wp-content\/uploads\/2022\/07\/C-Wizards-of-the-Lost-Kingdom-MB-2S-FSK16.jpg","width":699,"height":1000},{"@type":"BreadcrumbList","@id":"https:\/\/ucm.one\/de\/produkt\/wizards-of-the-lost-kingdom\/#breadcrumb","itemListElement":[{"@type":"ListItem","position":1,"name":"Home","item":"https:\/\/ucm.one\/de\/"},{"@type":"ListItem","position":2,"name":"Shop","item":"https:\/\/ucm.one\/de\/shop\/"},{"@type":"ListItem","position":3,"name":"Wizards of the Lost Kingdom"}]},{"@type":"WebSite","@id":"https:\/\/ucm.one\/de\/#website","url":"https:\/\/ucm.one\/de\/","name":"UCM.ONE","description":"","publisher":{"@id":"https:\/\/ucm.one\/de\/#organization"},"potentialAction":[{"@type":"SearchAction","target":{"@type":"EntryPoint","urlTemplate":"https:\/\/ucm.one\/de\/?s={search_term_string}"},"query-input":{"@type":"PropertyValueSpecification","valueRequired":true,"valueName":"search_term_string"}}],"inLanguage":"de"},{"@type":"Organization","@id":"https:\/\/ucm.one\/de\/#organization","name":"UCM.ONE","url":"https:\/\/ucm.one\/de\/","logo":{"@type":"ImageObject","inLanguage":"de","@id":"https:\/\/ucm.one\/de\/#\/schema\/logo\/image\/","url":"https:\/\/ucm.one\/wp-content\/uploads\/2019\/10\/UCM.ONE-Logo-RGB.svg","contentUrl":"https:\/\/ucm.one\/wp-content\/uploads\/2019\/10\/UCM.ONE-Logo-RGB.svg","width":1,"height":1,"caption":"UCM.ONE"},"image":{"@id":"https:\/\/ucm.one\/de\/#\/schema\/logo\/image\/"}}]}},"_links":{"self":[{"href":"https:\/\/ucm.one\/de\/wp-json\/wp\/v2\/product\/72053","targetHints":{"allow":["GET"]}}],"collection":[{"href":"https:\/\/ucm.one\/de\/wp-json\/wp\/v2\/product"}],"about":[{"href":"https:\/\/ucm.one\/de\/wp-json\/wp\/v2\/types\/product"}],"replies":[{"embeddable":true,"href":"https:\/\/ucm.one\/de\/wp-json\/wp\/v2\/comments?post=72053"}],"wp:featuredmedia":[{"embeddable":true,"href":"https:\/\/ucm.one\/de\/wp-json\/wp\/v2\/media\/72066"}],"wp:attachment":[{"href":"https:\/\/ucm.one\/de\/wp-json\/wp\/v2\/media?parent=72053"}],"wp:term":[{"taxonomy":"product_brand","embeddable":true,"href":"https:\/\/ucm.one\/de\/wp-json\/wp\/v2\/product_brand?post=72053"},{"taxonomy":"product_cat","embeddable":true,"href":"https:\/\/ucm.one\/de\/wp-json\/wp\/v2\/product_cat?post=72053"},{"taxonomy":"product_tag","embeddable":true,"href":"https:\/\/ucm.one\/de\/wp-json\/wp\/v2\/product_tag?post=72053"}],"curies":[{"name":"wp","href":"https:\/\/api.w.org\/{rel}","templated":true}]}}