{"id":72036,"date":"2023-10-16T18:44:44","date_gmt":"2023-10-16T18:44:44","guid":{"rendered":"https:\/\/ucm.one\/?post_type=product&#038;p=72036"},"modified":"2025-10-31T09:44:39","modified_gmt":"2025-10-31T09:44:39","slug":"der-krieger-und-die-hexe","status":"publish","type":"product","link":"https:\/\/ucm.one\/de\/produkt\/der-krieger-und-die-hexe\/","title":{"rendered":"Der Krieger und die Hexe"},"content":{"rendered":"<div class=\"wpb_text_column wpb_content_element \">\n<div class=\"wpb_wrapper\">\n<div class=\"\">\n<div class=\"wpb_text_column wpb_content_element \">\n<div class=\"wpb_wrapper\">\n<div class=\"wpb_text_column wpb_content_element \">\n<div class=\"wpb_wrapper\">\n<p>Der Schwertk\u00e4mpfer Kain (<strong>David Carradine<\/strong>) war einst Krieger eines heiligen Ordens, verdingte sich nach dessen Untergang jedoch in den Weiten des Planeten Ura als S\u00f6ldner. Dem W\u00fcstendorf Yamatar kommt er wie gerufen, denn zwei Warlords streiten dort um den einzigen Brunnen weit und breit.\u00a0Kain erf\u00e4hrt, dass der letzte \u00dcberlebende seines ehemaligen Ordens in der Stadt wohnt und einer der Warlords, Zeg, dessen Tochter Naja (<strong>Maria Socas<\/strong>) wegen ihrer magischen Kr\u00e4fte gefangen h\u00e4lt. Er beschlie\u00dft, Naja zu befreien, um in den Besitz des magischen Schwertes von Yura zu kommen, das nur Naja beschw\u00f6ren kann und welches seinem Besitzer unendliche Macht verleihen soll. Doch damit sein Vorhaben gelingen kann, muss er zun\u00e4chst einen Weg finden, die beiden verfeindeten Parteien gegeneinander auszuspielen\u2026<\/p>\n<div><\/div>\n<\/div>\n<\/div>\n<\/div>\n<\/div>\n<\/div>\n<\/div>\n<\/div>\n<div><div class=\"gap\" style=\"line-height: 20px; height: 20px;\"><\/div><\/div>\n<h5>Weitere Informationen<\/h5>\n<div>\n<div>\n<table style=\"height: 46px; width: 100%; border-collapse: collapse; border-color: #ffffff; background-color: #ffffff; border-style: hidden;\">\n<tbody>\n<tr style=\"height: 23px; border-style: hidden; border-color: #ffffff; background-color: #ffffff;\">\n<td style=\"width: 4.701195219123506%; height: 23px; border-style: hidden;\">Film:<\/td>\n<td style=\"width: 95.29880478087651%; height: 23px; border-style: hidden;\"><a title=\"Der Krieger und die Hexe\" href=\"https:\/\/ucm.one\/de\/der-krieger-und-die-hexe\/\">Der Krieger und die Hexe<\/a><\/td>\n<\/tr>\n<tr style=\"height: 23px;\">\n<td style=\"width: 4.701195219123506%; height: 23px; border-style: hidden;\">Label:<\/td>\n<td style=\"width: 95.29880478087651%; height: 23px; border-style: hidden;\"><a title=\"M-Square Pictures\" href=\"https:\/\/ucm.one\/de\/film-labels\/m-square-pictures\/#m-square-classics\">M-Square Classics<\/a><\/td>\n<\/tr>\n<\/tbody>\n<\/table>\n<\/div>\n<div><\/div>\n<\/div>\n<div>\n<div><div class=\"gap\" style=\"line-height: 10px; height: 10px;\"><\/div><\/div>\n<div>\u2117 1984\u00a0<strong>Aries Cinematogr\u00e1fica Argentina<\/strong>, <strong>New Horizons Picture,<\/strong> \u00a9 2019\u00a0<strong>M-Square Classics <\/strong>&amp; 2021 <strong><span style=\"font-family: 'arial black', sans-serif;\">U8<\/span> Films Berlin <\/strong>&amp; 2023<strong> B-Spree Classics \/<span style=\"font-family: 'arial black', sans-serif;\"> UCM.ONE<\/span><\/strong><\/div>\n<div><div class=\"gap\" style=\"line-height: 20px; height: 20px;\"><\/div><\/div>\n<div>\n<div><\/div>\n<div>\n<div><div class=\"gap\" style=\"line-height: 10px; height: 10px;\"><\/div><\/div>\n<div><span style=\"color: #003a80;\"><strong>\u27a0 <a style=\"color: #003a80;\" href=\"https:\/\/ucm.one\/de\/produkt-kategorie\/art-de\/filme-de\/\">zum Shop<\/a><\/strong><\/span><\/div>\n<div><div class=\"gap\" style=\"line-height: 20px; height: 20px;\"><\/div><\/div>\n<\/div>\n<\/div>\n<\/div>\n","protected":false},"excerpt":{"rendered":"<p>Regie: <a title=\"John C. Broderick\" href=\"https:\/\/ucm.one\/de\/?s=%22John+C.+Broderick%22&amp;post_type=product\"><strong>John C. Broderick<\/strong><\/a><\/p>\n<p>Labels: <strong><a title=\"M-Square Pictures\" href=\"https:\/\/ucm.one\/de\/produkt-kategorie\/label-film-de\/m-square-classics-de\">M-Square Classics<\/a> &amp; Diverse<\/strong><\/p>\n<p>Art:\u00a0<strong><a href=\"https:\/\/ucm.one\/de\/produkt-kategorie\/art-de\/filme-de\/\">Film<\/a> (Spielfilm)<\/strong><\/p>\n<p>Genres: <strong><a title=\"Action\" href=\"https:\/\/ucm.one\/de\/produkt-kategorie\/genre-film-de\/action-de\/\">Action<\/a>, <a title=\"Abenteuer\" href=\"https:\/\/ucm.one\/de\/produkt-kategorie\/genre-film-de\/abenteuer\/\">Abenteuer<\/a>, <a title=\"Fantasy\" href=\"https:\/\/ucm.one\/de\/produkt-kategorie\/genre-film-de\/fantasy-de\/\">Fantasy<\/a><\/strong><b><\/b><\/p>\n<p>Jahre: <strong>2019<\/strong>,<strong> 2021 <\/strong>&amp; <strong>2023<\/strong><\/p>\n<p>FSK: <strong>16<\/strong> &amp; <strong>18<\/strong><\/p>\n<p>Formate: <strong>Diverse<\/strong><\/p>\n","protected":false},"featured_media":72037,"comment_status":"open","ping_status":"closed","template":"","meta":{"_acf_changed":false},"product_brand":[],"product_cat":[10358,10323,10324,10328,12093,10331,10332,10333,10342,10343,9708,10357],"product_tag":[13126,13127,11313,13128,11989,13129,13130,13120,13131,13121,13132,13122,13123,13124,13125],"class_list":{"0":"post-72036","1":"product","2":"type-product","3":"status-publish","4":"has-post-thumbnail","6":"product_cat-action-de","7":"product_cat-m-square-pictures-de","8":"product_cat-m-square-classics-de","9":"product_cat-fantasy-de","10":"product_cat-klassiker-de","11":"product_cat-dvd-de","12":"product_cat-blu-ray-de","13":"product_cat-mediabooks-de","14":"product_cat-b-spree-classics-de","15":"product_cat-u8-films-berlin-de","16":"product_cat-filme-de","17":"product_cat-abenteuer","18":"product_tag-harry-townes","19":"product_tag-guillermo-marin","20":"product_tag-action","21":"product_tag-armando-capo","22":"product_tag-fantasy","23":"product_tag-daniel-march","24":"product_tag-john-overby","25":"product_tag-the-warrior-and-the-sorceress","26":"product_tag-richard-paley","27":"product_tag-john-c-broderick","28":"product_tag-der-krieger-und-die-hexe","29":"product_tag-david-carradine","30":"product_tag-luke-askew","31":"product_tag-maria-socas","32":"product_tag-anthony-de-longis","33":"pa_format-dvd","34":"pa_format-mediabook-dvd","35":"pa_format-mediabook-blu-ray-dvd","36":"description-off","38":"first","39":"instock","40":"sale","41":"taxable","42":"shipping-taxable","43":"purchasable","44":"product-type-variable"},"acf":[],"yoast_head":"<!-- This site is optimized with the Yoast SEO plugin v27.2 - https:\/\/yoast.com\/product\/yoast-seo-wordpress\/ -->\n<title>Der Krieger und die Hexe<\/title>\n<meta name=\"description\" content=\"Shop | Der Krieger und die Hexe | 2019, 2021 &amp; 2023 | M-Square Classics + B-Spree Pictures | Mediabook (Blu-Ray + DVD), Mediabook (DVD) + DVD | FSK 16 &amp; FSK 18\" \/>\n<meta name=\"robots\" content=\"index, follow, max-snippet:-1, max-image-preview:large, max-video-preview:-1\" \/>\n<link rel=\"canonical\" href=\"https:\/\/ucm.one\/de\/produkt\/der-krieger-und-die-hexe\/\" \/>\n<meta property=\"og:locale\" content=\"de_DE\" \/>\n<meta property=\"og:type\" content=\"article\" \/>\n<meta property=\"og:title\" content=\"Der Krieger und die Hexe\" \/>\n<meta property=\"og:description\" content=\"Shop | Der Krieger und die Hexe | 2019, 2021 &amp; 2023 | M-Square Classics + B-Spree Pictures | Mediabook (Blu-Ray + DVD), Mediabook (DVD) + DVD | FSK 16 &amp; FSK 18\" \/>\n<meta property=\"og:url\" content=\"https:\/\/ucm.one\/de\/produkt\/der-krieger-und-die-hexe\/\" \/>\n<meta property=\"og:site_name\" content=\"UCM.ONE\" \/>\n<meta property=\"article:modified_time\" content=\"2025-10-31T09:44:39+00:00\" \/>\n<meta property=\"og:image\" content=\"https:\/\/ucm.one\/wp-content\/uploads\/2022\/07\/C-Der-Krieger-und-die-Hexe-2D-FSK-18.jpg\" \/>\n<meta name=\"twitter:card\" content=\"summary_large_image\" \/>\n<meta name=\"twitter:title\" content=\"Der Krieger und die Hexe\" \/>\n<meta name=\"twitter:description\" content=\"Shop | Der Krieger und die Hexe | 2019, 2021 &amp; 2023 | M-Square Classics + B-Spree Pictures | Mediabook (Blu-Ray + DVD), Mediabook (DVD) + DVD | FSK 16 &amp; FSK 18\" \/>\n<meta name=\"twitter:image\" content=\"https:\/\/ucm.one\/wp-content\/uploads\/2022\/07\/C-Der-Krieger-und-die-Hexe-2D-FSK-18.jpg\" \/>\n<meta name=\"twitter:label1\" content=\"Gesch\u00e4tzte Lesezeit\" \/>\n\t<meta name=\"twitter:data1\" content=\"1\u00a0Minute\" \/>\n<!-- \/ Yoast SEO plugin. -->","yoast_head_json":{"title":"Der Krieger und die Hexe","description":"Shop | Der Krieger und die Hexe | 2019, 2021 & 2023 | M-Square Classics + B-Spree Pictures | Mediabook (Blu-Ray + DVD), Mediabook (DVD) + DVD | FSK 16 & FSK 18","robots":{"index":"index","follow":"follow","max-snippet":"max-snippet:-1","max-image-preview":"max-image-preview:large","max-video-preview":"max-video-preview:-1"},"canonical":"https:\/\/ucm.one\/de\/produkt\/der-krieger-und-die-hexe\/","og_locale":"de_DE","og_type":"article","og_title":"Der Krieger und die Hexe","og_description":"Shop | Der Krieger und die Hexe | 2019, 2021 & 2023 | M-Square Classics + B-Spree Pictures | Mediabook (Blu-Ray + DVD), Mediabook (DVD) + DVD | FSK 16 & FSK 18","og_url":"https:\/\/ucm.one\/de\/produkt\/der-krieger-und-die-hexe\/","og_site_name":"UCM.ONE","article_modified_time":"2025-10-31T09:44:39+00:00","og_image":[{"url":"https:\/\/ucm.one\/wp-content\/uploads\/2022\/07\/C-Der-Krieger-und-die-Hexe-2D-FSK-18.jpg","type":"","width":"","height":""}],"twitter_card":"summary_large_image","twitter_title":"Der Krieger und die Hexe","twitter_description":"Shop | Der Krieger und die Hexe | 2019, 2021 & 2023 | M-Square Classics + B-Spree Pictures | Mediabook (Blu-Ray + DVD), Mediabook (DVD) + DVD | FSK 16 & FSK 18","twitter_image":"https:\/\/ucm.one\/wp-content\/uploads\/2022\/07\/C-Der-Krieger-und-die-Hexe-2D-FSK-18.jpg","twitter_misc":{"Gesch\u00e4tzte Lesezeit":"1\u00a0Minute"},"schema":{"@context":"https:\/\/schema.org","@graph":[{"@type":"WebPage","@id":"https:\/\/ucm.one\/de\/produkt\/der-krieger-und-die-hexe\/","url":"https:\/\/ucm.one\/de\/produkt\/der-krieger-und-die-hexe\/","name":"Der Krieger und die Hexe","isPartOf":{"@id":"https:\/\/ucm.one\/de\/#website"},"primaryImageOfPage":{"@id":"https:\/\/ucm.one\/de\/produkt\/der-krieger-und-die-hexe\/#primaryimage"},"image":{"@id":"https:\/\/ucm.one\/de\/produkt\/der-krieger-und-die-hexe\/#primaryimage"},"thumbnailUrl":"https:\/\/ucm.one\/wp-content\/uploads\/2022\/07\/C-Der-Krieger-und-die-Hexe-2D-FSK-18.jpg","datePublished":"2023-10-16T18:44:44+00:00","dateModified":"2025-10-31T09:44:39+00:00","description":"Shop | Der Krieger und die Hexe | 2019, 2021 & 2023 | M-Square Classics + B-Spree Pictures | Mediabook (Blu-Ray + DVD), Mediabook (DVD) + DVD | FSK 16 & FSK 18","breadcrumb":{"@id":"https:\/\/ucm.one\/de\/produkt\/der-krieger-und-die-hexe\/#breadcrumb"},"inLanguage":"de","potentialAction":[{"@type":"ReadAction","target":["https:\/\/ucm.one\/de\/produkt\/der-krieger-und-die-hexe\/"]}]},{"@type":"ImageObject","inLanguage":"de","@id":"https:\/\/ucm.one\/de\/produkt\/der-krieger-und-die-hexe\/#primaryimage","url":"https:\/\/ucm.one\/wp-content\/uploads\/2022\/07\/C-Der-Krieger-und-die-Hexe-2D-FSK-18.jpg","contentUrl":"https:\/\/ucm.one\/wp-content\/uploads\/2022\/07\/C-Der-Krieger-und-die-Hexe-2D-FSK-18.jpg","width":699,"height":1000},{"@type":"BreadcrumbList","@id":"https:\/\/ucm.one\/de\/produkt\/der-krieger-und-die-hexe\/#breadcrumb","itemListElement":[{"@type":"ListItem","position":1,"name":"Home","item":"https:\/\/ucm.one\/de\/"},{"@type":"ListItem","position":2,"name":"Shop","item":"https:\/\/ucm.one\/de\/shop\/"},{"@type":"ListItem","position":3,"name":"Der Krieger und die Hexe"}]},{"@type":"WebSite","@id":"https:\/\/ucm.one\/de\/#website","url":"https:\/\/ucm.one\/de\/","name":"UCM.ONE","description":"","publisher":{"@id":"https:\/\/ucm.one\/de\/#organization"},"potentialAction":[{"@type":"SearchAction","target":{"@type":"EntryPoint","urlTemplate":"https:\/\/ucm.one\/de\/?s={search_term_string}"},"query-input":{"@type":"PropertyValueSpecification","valueRequired":true,"valueName":"search_term_string"}}],"inLanguage":"de"},{"@type":"Organization","@id":"https:\/\/ucm.one\/de\/#organization","name":"UCM.ONE","url":"https:\/\/ucm.one\/de\/","logo":{"@type":"ImageObject","inLanguage":"de","@id":"https:\/\/ucm.one\/de\/#\/schema\/logo\/image\/","url":"https:\/\/ucm.one\/wp-content\/uploads\/2019\/10\/UCM.ONE-Logo-RGB.svg","contentUrl":"https:\/\/ucm.one\/wp-content\/uploads\/2019\/10\/UCM.ONE-Logo-RGB.svg","width":1,"height":1,"caption":"UCM.ONE"},"image":{"@id":"https:\/\/ucm.one\/de\/#\/schema\/logo\/image\/"}}]}},"_links":{"self":[{"href":"https:\/\/ucm.one\/de\/wp-json\/wp\/v2\/product\/72036","targetHints":{"allow":["GET"]}}],"collection":[{"href":"https:\/\/ucm.one\/de\/wp-json\/wp\/v2\/product"}],"about":[{"href":"https:\/\/ucm.one\/de\/wp-json\/wp\/v2\/types\/product"}],"replies":[{"embeddable":true,"href":"https:\/\/ucm.one\/de\/wp-json\/wp\/v2\/comments?post=72036"}],"wp:featuredmedia":[{"embeddable":true,"href":"https:\/\/ucm.one\/de\/wp-json\/wp\/v2\/media\/72037"}],"wp:attachment":[{"href":"https:\/\/ucm.one\/de\/wp-json\/wp\/v2\/media?parent=72036"}],"wp:term":[{"taxonomy":"product_brand","embeddable":true,"href":"https:\/\/ucm.one\/de\/wp-json\/wp\/v2\/product_brand?post=72036"},{"taxonomy":"product_cat","embeddable":true,"href":"https:\/\/ucm.one\/de\/wp-json\/wp\/v2\/product_cat?post=72036"},{"taxonomy":"product_tag","embeddable":true,"href":"https:\/\/ucm.one\/de\/wp-json\/wp\/v2\/product_tag?post=72036"}],"curies":[{"name":"wp","href":"https:\/\/api.w.org\/{rel}","templated":true}]}}