{"id":71985,"date":"2018-10-12T17:34:41","date_gmt":"2018-10-12T17:34:41","guid":{"rendered":"https:\/\/ucm.one\/?post_type=product&#038;p=71985"},"modified":"2026-03-27T09:39:35","modified_gmt":"2026-03-27T09:39:35","slug":"totentanz-der-vampire","status":"publish","type":"product","link":"https:\/\/ucm.one\/de\/produkt\/totentanz-der-vampire\/","title":{"rendered":"Totentanz der Vampire"},"content":{"rendered":"<div class=\"wpb_text_column wpb_content_element \">\n<div class=\"wpb_wrapper\">\n<div class=\"\">\n<div class=\"wpb_text_column wpb_content_element \">\n<div class=\"wpb_wrapper\">\n<div class=\"wpb_text_column wpb_content_element \">\n<div class=\"wpb_wrapper\">\n<p>Inspektor Holloway von Scotland Yard untersucht das mysteri\u00f6se Verschwinden eines Horrorfilm-Darstellers. Er reist in ein kleines Kaff und trifft sich mit dem \u00f6rtlichen Polizisten und dem Vermieter des Hauses, in dem der Schauspieler gewohnt hatte. Die beiden erz\u00e4hlen ihm vier grauenvolle Kurzgeschichten \u00fcber die vorherigen Mieter.<\/p>\n<div><strong>1. \u201cDie Mordmethode\u201d:<\/strong>\u00a0ein Schriftsteller (<strong>Denholm Elliot<\/strong>) sieht sich der zunehmenden Bedrohung durch eine von ihm erschaf\u00adfene Serienkillerfigur ausgesetzt.<\/div>\n<div><strong>2. \u201cDas Wachsfigurenkabinett\u201d:<\/strong>\u00a0zwei Freunde (<strong>Peter Cushing<\/strong>, <strong>Neville Rogers<\/strong>) finden in einem Wachsfigurenkabinett Figuren, die aussehen wie ihre Frauen.<\/div>\n<div><strong>3.\u201dS\u00fc\u00dfes f\u00fcr die S\u00fc\u00dfe\u201d:<\/strong>\u00a0der Gesch\u00e4ftsmann Reid (<strong>Christopher Lee<\/strong>) engagiert die Witwe Ann Norton als Kinderm\u00e4dchen und Lehrerin f\u00fcr seine Tochter Jane. Jane bekommt allerdings niemals Spielsachen und hat keinerlei Freunde.<\/div>\n<div><strong>4. \u201cDer Umhang\u201d:<\/strong>\u00a0Der alternde Horrorstar Henderson (<strong>Jon Pertwee<\/strong>) kauft einen alten Vampirumhang, der ein paar sehr beunruhigende Effekte auf seinen Tr\u00e4ger zu haben scheint\u2026<\/div>\n<div><\/div>\n<\/div>\n<\/div>\n<\/div>\n<\/div>\n<\/div>\n<\/div>\n<\/div>\n<div><div class=\"gap\" style=\"line-height: 20px; height: 20px;\"><\/div><\/div>\n<h5>Weitere Informationen<\/h5>\n<div>\n<div>\n<table style=\"height: 46px;width: 100%;border-collapse: collapse;border-color: #ffffff;background-color: #ffffff;border-style: hidden\">\n<tbody>\n<tr style=\"height: 23px;border-style: hidden;border-color: #ffffff;background-color: #ffffff\">\n<td style=\"width: 4.701195219123506%;height: 23px;border-style: hidden\">Film:<\/td>\n<td style=\"width: 95.29880478087651%;height: 23px;border-style: hidden\"><a title=\"Totentanz der Vampire\" href=\"https:\/\/ucm.one\/de\/ucm-one-wiedererweckt-dracula-star-cristopher-lee-in-totentanz-der-vampire-m-square-classics\/\">Totentanz der Vampire<\/a><\/td>\n<\/tr>\n<tr style=\"height: 23px\">\n<td style=\"width: 4.701195219123506%;height: 23px;border-style: hidden\">Label:<\/td>\n<td style=\"width: 95.29880478087651%;height: 23px;border-style: hidden\"><a title=\"M-Square Pictures\" href=\"https:\/\/ucm.one\/de\/film-labels\/m-square-pictures\/#m-square-classics\">M-Square Classics<\/a><\/td>\n<\/tr>\n<\/tbody>\n<\/table>\n<\/div>\n<div><\/div>\n<\/div>\n<div>\n<div><div class=\"gap\" style=\"line-height: 10px; height: 10px;\"><\/div><\/div>\n<div>\u2117 1971 <strong>Amicus Productions,<\/strong> \u00a9 2018\u00a0<strong>M-Square Classics \/ <span style=\"font-family: 'arial black', sans-serif\">UCM.ONE<\/span><\/strong><\/div>\n<div><div class=\"gap\" style=\"line-height: 20px; height: 20px;\"><\/div><\/div>\n<div>\n<div><\/div>\n<div>\n<div><div class=\"gap\" style=\"line-height: 10px; height: 10px;\"><\/div><\/div>\n<div><span style=\"color: #003a80\"><strong>\u27a0 <a style=\"color: #003a80\" href=\"https:\/\/ucm.one\/de\/produkt-kategorie\/art-de\/filme-de\/\">zum Shop<\/a><\/strong><\/span><\/div>\n<div><div class=\"gap\" style=\"line-height: 20px; height: 20px;\"><\/div><\/div>\n<\/div>\n<\/div>\n<\/div>\n","protected":false},"excerpt":{"rendered":"<p>Regie: <a title=\"Peter Duffell\" href=\"https:\/\/ucm.one\/de\/?s=%22Peter+Duffell%22&amp;post_type=product\"><strong>Peter Duffell<\/strong><\/a><\/p>\n<p>Label: <a title=\"M-Square Pictures\" href=\"https:\/\/ucm.one\/de\/produkt-kategorie\/label-film-de\/m-square-classics-de\"><strong>M-Square Classics<\/strong><\/a><\/p>\n<p>Art:\u00a0<strong><a href=\"https:\/\/ucm.one\/de\/produkt-kategorie\/art-de\/filme-de\/\">Film<\/a> (Spielfilm)<\/strong><\/p>\n<p>Genres: <strong><a title=\"Horror\" href=\"https:\/\/ucm.one\/de\/produkt-kategorie\/genre-film-de\/horror-de\/\">Horror<\/a>, <a title=\"Fantasy\" href=\"https:\/\/ucm.one\/de\/produkt-kategorie\/genre-film-de\/fantasy-de\/\">Fantasy<\/a>, <a title=\"Mystery\" href=\"https:\/\/ucm.one\/de\/produkt-kategorie\/genre-film-de\/mystery-de\/\">Mystery<\/a><\/strong><b><\/b><\/p>\n<p>Jahr: <strong>1971<\/strong><\/p>\n<p>FSK: <strong>16<\/strong><\/p>\n<p>Formate: <strong>Diverse<\/strong><\/p>\n","protected":false},"featured_media":71986,"comment_status":"open","ping_status":"closed","template":"","meta":{"_acf_changed":false},"product_brand":[],"product_cat":[10323,10324,10327,10328,10329,10331,10332,9708,12093],"product_tag":[],"class_list":{"0":"post-71985","1":"product","2":"type-product","3":"status-publish","4":"has-post-thumbnail","6":"product_cat-m-square-pictures-de","7":"product_cat-m-square-classics-de","8":"product_cat-horror-de","9":"product_cat-fantasy-de","10":"product_cat-mystery-de","11":"product_cat-dvd-de","12":"product_cat-blu-ray-de","13":"product_cat-filme-de","14":"product_cat-klassiker-de","15":"pa_format-dvd","16":"pa_format-blu-ray-de","17":"description-off","19":"first","20":"outofstock","21":"sale","22":"taxable","23":"shipping-taxable","24":"purchasable","25":"product-type-variable"},"acf":[],"yoast_head":"<!-- This site is optimized with the Yoast SEO plugin v27.2 - https:\/\/yoast.com\/product\/yoast-seo-wordpress\/ -->\n<title>Totentanz der Vampire<\/title>\n<meta name=\"description\" content=\"Shop | Totentanz der Vampire | 2018 | M-Square Classics | Blu-Ray + DVD | FSK 16\" \/>\n<meta name=\"robots\" content=\"index, follow, max-snippet:-1, max-image-preview:large, max-video-preview:-1\" \/>\n<link rel=\"canonical\" href=\"https:\/\/ucm.one\/de\/produkt\/totentanz-der-vampire\/\" \/>\n<meta property=\"og:locale\" content=\"de_DE\" \/>\n<meta property=\"og:type\" content=\"article\" \/>\n<meta property=\"og:title\" content=\"Totentanz der Vampire\" \/>\n<meta property=\"og:description\" content=\"Shop | Totentanz der Vampire | 2018 | M-Square Classics | Blu-Ray + DVD | FSK 16-Rays + DVD | FSK 16\" \/>\n<meta property=\"og:url\" content=\"https:\/\/ucm.one\/de\/produkt\/totentanz-der-vampire\/\" \/>\n<meta property=\"og:site_name\" content=\"UCM.ONE\" \/>\n<meta property=\"article:modified_time\" content=\"2026-03-27T09:39:35+00:00\" \/>\n<meta property=\"og:image\" content=\"https:\/\/ucm.one\/wp-content\/uploads\/2022\/07\/C-Totentanz-der-Vampire-2D-FSK16.jpg\" \/>\n<meta name=\"twitter:card\" content=\"summary_large_image\" \/>\n<meta name=\"twitter:title\" content=\"Totentanz der Vampire\" \/>\n<meta name=\"twitter:description\" content=\"Shop | Totentanz der Vampire | 2018 | M-Square Classics | Blu-Ray + DVD | FSK 16\" \/>\n<meta name=\"twitter:image\" content=\"https:\/\/ucm.one\/wp-content\/uploads\/2022\/07\/C-Totentanz-der-Vampire-2D-FSK16.jpg\" \/>\n<meta name=\"twitter:label1\" content=\"Gesch\u00e4tzte Lesezeit\" \/>\n\t<meta name=\"twitter:data1\" content=\"2\u00a0Minuten\" \/>\n<!-- \/ Yoast SEO plugin. -->","yoast_head_json":{"title":"Totentanz der Vampire","description":"Shop | Totentanz der Vampire | 2018 | M-Square Classics | Blu-Ray + DVD | FSK 16","robots":{"index":"index","follow":"follow","max-snippet":"max-snippet:-1","max-image-preview":"max-image-preview:large","max-video-preview":"max-video-preview:-1"},"canonical":"https:\/\/ucm.one\/de\/produkt\/totentanz-der-vampire\/","og_locale":"de_DE","og_type":"article","og_title":"Totentanz der Vampire","og_description":"Shop | Totentanz der Vampire | 2018 | M-Square Classics | Blu-Ray + DVD | FSK 16-Rays + DVD | FSK 16","og_url":"https:\/\/ucm.one\/de\/produkt\/totentanz-der-vampire\/","og_site_name":"UCM.ONE","article_modified_time":"2026-03-27T09:39:35+00:00","og_image":[{"url":"https:\/\/ucm.one\/wp-content\/uploads\/2022\/07\/C-Totentanz-der-Vampire-2D-FSK16.jpg","type":"","width":"","height":""}],"twitter_card":"summary_large_image","twitter_title":"Totentanz der Vampire","twitter_description":"Shop | Totentanz der Vampire | 2018 | M-Square Classics | Blu-Ray + DVD | FSK 16","twitter_image":"https:\/\/ucm.one\/wp-content\/uploads\/2022\/07\/C-Totentanz-der-Vampire-2D-FSK16.jpg","twitter_misc":{"Gesch\u00e4tzte Lesezeit":"2\u00a0Minuten"},"schema":{"@context":"https:\/\/schema.org","@graph":[{"@type":"WebPage","@id":"https:\/\/ucm.one\/de\/produkt\/totentanz-der-vampire\/","url":"https:\/\/ucm.one\/de\/produkt\/totentanz-der-vampire\/","name":"Totentanz der Vampire","isPartOf":{"@id":"https:\/\/ucm.one\/de\/#website"},"primaryImageOfPage":{"@id":"https:\/\/ucm.one\/de\/produkt\/totentanz-der-vampire\/#primaryimage"},"image":{"@id":"https:\/\/ucm.one\/de\/produkt\/totentanz-der-vampire\/#primaryimage"},"thumbnailUrl":"https:\/\/ucm.one\/wp-content\/uploads\/2022\/07\/C-Totentanz-der-Vampire-2D-FSK16.jpg","datePublished":"2018-10-12T17:34:41+00:00","dateModified":"2026-03-27T09:39:35+00:00","description":"Shop | Totentanz der Vampire | 2018 | M-Square Classics | Blu-Ray + DVD | FSK 16","breadcrumb":{"@id":"https:\/\/ucm.one\/de\/produkt\/totentanz-der-vampire\/#breadcrumb"},"inLanguage":"de","potentialAction":[{"@type":"ReadAction","target":["https:\/\/ucm.one\/de\/produkt\/totentanz-der-vampire\/"]}]},{"@type":"ImageObject","inLanguage":"de","@id":"https:\/\/ucm.one\/de\/produkt\/totentanz-der-vampire\/#primaryimage","url":"https:\/\/ucm.one\/wp-content\/uploads\/2022\/07\/C-Totentanz-der-Vampire-2D-FSK16.jpg","contentUrl":"https:\/\/ucm.one\/wp-content\/uploads\/2022\/07\/C-Totentanz-der-Vampire-2D-FSK16.jpg","width":699,"height":1000},{"@type":"BreadcrumbList","@id":"https:\/\/ucm.one\/de\/produkt\/totentanz-der-vampire\/#breadcrumb","itemListElement":[{"@type":"ListItem","position":1,"name":"Home","item":"https:\/\/ucm.one\/de\/"},{"@type":"ListItem","position":2,"name":"Shop","item":"https:\/\/ucm.one\/de\/shop\/"},{"@type":"ListItem","position":3,"name":"Totentanz der Vampire"}]},{"@type":"WebSite","@id":"https:\/\/ucm.one\/de\/#website","url":"https:\/\/ucm.one\/de\/","name":"UCM.ONE","description":"","publisher":{"@id":"https:\/\/ucm.one\/de\/#organization"},"potentialAction":[{"@type":"SearchAction","target":{"@type":"EntryPoint","urlTemplate":"https:\/\/ucm.one\/de\/?s={search_term_string}"},"query-input":{"@type":"PropertyValueSpecification","valueRequired":true,"valueName":"search_term_string"}}],"inLanguage":"de"},{"@type":"Organization","@id":"https:\/\/ucm.one\/de\/#organization","name":"UCM.ONE","url":"https:\/\/ucm.one\/de\/","logo":{"@type":"ImageObject","inLanguage":"de","@id":"https:\/\/ucm.one\/de\/#\/schema\/logo\/image\/","url":"https:\/\/ucm.one\/wp-content\/uploads\/2019\/10\/UCM.ONE-Logo-RGB.svg","contentUrl":"https:\/\/ucm.one\/wp-content\/uploads\/2019\/10\/UCM.ONE-Logo-RGB.svg","width":1,"height":1,"caption":"UCM.ONE"},"image":{"@id":"https:\/\/ucm.one\/de\/#\/schema\/logo\/image\/"}}]}},"_links":{"self":[{"href":"https:\/\/ucm.one\/de\/wp-json\/wp\/v2\/product\/71985","targetHints":{"allow":["GET"]}}],"collection":[{"href":"https:\/\/ucm.one\/de\/wp-json\/wp\/v2\/product"}],"about":[{"href":"https:\/\/ucm.one\/de\/wp-json\/wp\/v2\/types\/product"}],"replies":[{"embeddable":true,"href":"https:\/\/ucm.one\/de\/wp-json\/wp\/v2\/comments?post=71985"}],"wp:featuredmedia":[{"embeddable":true,"href":"https:\/\/ucm.one\/de\/wp-json\/wp\/v2\/media\/71986"}],"wp:attachment":[{"href":"https:\/\/ucm.one\/de\/wp-json\/wp\/v2\/media?parent=71985"}],"wp:term":[{"taxonomy":"product_brand","embeddable":true,"href":"https:\/\/ucm.one\/de\/wp-json\/wp\/v2\/product_brand?post=71985"},{"taxonomy":"product_cat","embeddable":true,"href":"https:\/\/ucm.one\/de\/wp-json\/wp\/v2\/product_cat?post=71985"},{"taxonomy":"product_tag","embeddable":true,"href":"https:\/\/ucm.one\/de\/wp-json\/wp\/v2\/product_tag?post=71985"}],"curies":[{"name":"wp","href":"https:\/\/api.w.org\/{rel}","templated":true}]}}