{"id":71940,"date":"2019-08-23T15:42:26","date_gmt":"2019-08-23T15:42:26","guid":{"rendered":"https:\/\/ucm.one\/?post_type=product&#038;p=71940"},"modified":"2025-11-09T20:00:31","modified_gmt":"2025-11-09T20:00:31","slug":"das-gehirn","status":"publish","type":"product","link":"https:\/\/ucm.one\/de\/produkt\/das-gehirn\/","title":{"rendered":"Das Gehirn"},"content":{"rendered":"<div class=\"wpb_text_column wpb_content_element \">\n<div class=\"wpb_wrapper\">\n<div class=\"\">\n<div class=\"wpb_text_column wpb_content_element \">\n<div class=\"wpb_wrapper\">\n<div class=\"wpb_text_column wpb_content_element \">\n<div class=\"wpb_wrapper\">\n<p>Aus dem Pl\u00fcschteddy flie\u00dft Blut, aus dem Fernseher greift eine Monsterkralle und aus den W\u00e4nden wachsen Greifarme \u2013 ist das alles nur Halluzination oder ist es Wirklichkeit? Seit Dr. Blake (<strong>David Gale<\/strong>) nach Meadowvale-Country kam, stieg die Anzahl der Selbstmorde und mysteri\u00f6sen Unf\u00e4lle erschreckend. Seine TV-Sendung \u201cUnabh\u00e4ngiges Denken\u201d hat die h\u00f6chste Einschaltquote der Region, er wird immer m\u00e4chtiger und einflussreicher! Doch der Junge Jim Majelewski entdeckt das unglaubliche Geheimnis des Doktors. Hinter der Fassade des seri\u00f6sen Wissenschaftlers verbirgt sich ein au\u00dferirdisches Monster! Kann die Invasion, die Dr. Blake vorbereitet, noch aufgehalten werden?<\/p>\n<\/div>\n<\/div>\n<\/div>\n<\/div>\n<\/div>\n<\/div>\n<\/div>\n<div><div class=\"gap\" style=\"line-height: 20px; height: 20px;\"><\/div><\/div>\n<h5>Weitere Informationen<\/h5>\n<div>\n<div>\n<table style=\"height: 46px; width: 100%; border-collapse: collapse; border-color: #ffffff; background-color: #ffffff; border-style: hidden;\">\n<tbody>\n<tr style=\"height: 23px; border-style: hidden; border-color: #ffffff; background-color: #ffffff;\">\n<td style=\"width: 4.701195219123506%; height: 23px; border-style: hidden;\">Film:<\/td>\n<td style=\"width: 95.29880478087651%; height: 23px; border-style: hidden;\"><a title=\"Das Gehirn\" href=\"https:\/\/ucm.one\/de\/das-gehirn\/\">Das Gehirn<\/a><\/td>\n<\/tr>\n<tr style=\"height: 23px;\">\n<td style=\"width: 4.701195219123506%; height: 23px; border-style: hidden;\">Label:<\/td>\n<td style=\"width: 95.29880478087651%; height: 23px; border-style: hidden;\"><a title=\"M-Square Pictures\" href=\"https:\/\/ucm.one\/de\/film-labels\/m-square-pictures\/#m-square-classics\">M-Square Classics<\/a><\/td>\n<\/tr>\n<\/tbody>\n<\/table>\n<\/div>\n<div><\/div>\n<\/div>\n<div>\n<div><div class=\"gap\" style=\"line-height: 10px; height: 10px;\"><\/div><\/div>\n<div>\u2117 1988\u00a0<strong>Brightstar Films<\/strong>, <strong>International Video Entertainment (IVE)<\/strong>, <strong>Shapiro-Glickenhaus Entertainment,<\/strong> \u00a9 2019\u00a0<strong>M-Square Classics<\/strong>\u00a0<span style=\"font-family: 'arial black', sans-serif;\"><span style=\"font-family: arial, helvetica, sans-serif;\">&amp; 2022\u00a0<\/span><strong><span style=\"font-family: arial, helvetica, sans-serif;\"><span style=\"font-family: 'arial black', sans-serif;\">U8<\/span> Films Berlin<\/span> \/ UCM.ONE<\/strong><\/span><\/div>\n<div><div class=\"gap\" style=\"line-height: 20px; height: 20px;\"><\/div><\/div>\n<div>\n<div><\/div>\n<div>\n<div><div class=\"gap\" style=\"line-height: 10px; height: 10px;\"><\/div><\/div>\n<div><span style=\"color: #003a80;\"><strong>\u27a0 <a style=\"color: #003a80;\" href=\"https:\/\/ucm.one\/de\/produkt-kategorie\/art-de\/filme-de\/\">zum Shop<\/a><\/strong><\/span><\/div>\n<div><div class=\"gap\" style=\"line-height: 20px; height: 20px;\"><\/div><\/div>\n<\/div>\n<\/div>\n<\/div>\n","protected":false},"excerpt":{"rendered":"<p>Regie: <a title=\"Ed Hunt\" href=\"https:\/\/ucm.one\/de\/?s=%22Ed+Hunt%22&amp;post_type=product\"><strong>Ed Hunt<\/strong><\/a><\/p>\n<p>Label: <a title=\"M-Square Pictures\" href=\"https:\/\/ucm.one\/de\/produkt-kategorie\/label-film-de\/m-square-classics-de\"><strong>M-Square Classics<\/strong><\/a><\/p>\n<p>Art:\u00a0<strong><a href=\"https:\/\/ucm.one\/de\/produkt-kategorie\/art-de\/filme-de\/\">Film<\/a> (Spielfilm)<\/strong><\/p>\n<p>Genres: <strong><a title=\"Horror\" href=\"https:\/\/ucm.one\/de\/produkt-kategorie\/genre-film-de\/horror-de\/\">Horror<\/a><\/strong><b><\/b><\/p>\n<p>Jahr: <strong>1988<\/strong><\/p>\n<p>FSK: <strong>16<\/strong><\/p>\n<p>Formate: <strong>Diverse<\/strong><\/p>\n","protected":false},"featured_media":71941,"comment_status":"open","ping_status":"closed","template":"","meta":{"_acf_changed":false},"product_brand":[],"product_cat":[10343,9708,12093,10323,10324,10327,10331,10332,10333],"product_tag":[13099,13100,10349,13101,13102,13103,13093,13104,13094,13105,13095,13096,13097,13098],"class_list":{"0":"post-71940","1":"product","2":"type-product","3":"status-publish","4":"has-post-thumbnail","6":"product_cat-u8-films-berlin-de","7":"product_cat-filme-de","8":"product_cat-klassiker-de","9":"product_cat-m-square-pictures-de","10":"product_cat-m-square-classics-de","11":"product_cat-horror-de","12":"product_cat-dvd-de","13":"product_cat-blu-ray-de","14":"product_cat-mediabooks-de","15":"product_tag-cynthia-preston","16":"product_tag-david-gale","17":"product_tag-horror","18":"product_tag-george-buza","19":"product_tag-christine-kossak","20":"product_tag-bret-pearson","21":"product_tag-das-gehirn","22":"product_tag-bernice-quiggan","23":"product_tag-the-brain","24":"product_tag-susannah-hoffmann","25":"product_tag-ed-hunt","26":"product_tag-monster","27":"product_tag-frankenstein","28":"product_tag-tom-bresnahan","29":"pa_format-blu-ray-de","30":"pa_format-dvd","31":"pa_format-mediabook-blu-ray-dvd","32":"description-off","34":"first","35":"instock","36":"sale","37":"taxable","38":"shipping-taxable","39":"purchasable","40":"product-type-variable"},"acf":[],"yoast_head":"<!-- This site is optimized with the Yoast SEO plugin v27.2 - https:\/\/yoast.com\/product\/yoast-seo-wordpress\/ -->\n<title>Das Gehirn<\/title>\n<meta name=\"description\" content=\"Shop | Das Gehirn | 2019 &amp; 2022 | M-Square Classics | Limitierte Mediabooks + Blu-Rays + DVD | FSK 16\" \/>\n<meta name=\"robots\" content=\"index, follow, max-snippet:-1, max-image-preview:large, max-video-preview:-1\" \/>\n<link rel=\"canonical\" href=\"https:\/\/ucm.one\/de\/produkt\/das-gehirn\/\" \/>\n<meta property=\"og:locale\" content=\"de_DE\" \/>\n<meta property=\"og:type\" content=\"article\" \/>\n<meta property=\"og:title\" content=\"Das Gehirn\" \/>\n<meta property=\"og:description\" content=\"Shop | das Gehirn | 2019 &amp; 2022 | M-Square Classics | Limitiertes Mediabook + Blu-Rays + DVD | FSK 16\" \/>\n<meta property=\"og:url\" content=\"https:\/\/ucm.one\/de\/produkt\/das-gehirn\/\" \/>\n<meta property=\"og:site_name\" content=\"UCM.ONE\" \/>\n<meta property=\"article:modified_time\" content=\"2025-11-09T20:00:31+00:00\" \/>\n<meta property=\"og:image\" content=\"https:\/\/ucm.one\/wp-content\/uploads\/2022\/07\/C-Das-Gehirn-MB-3D-FSK-16.jpg\" \/>\n<meta name=\"twitter:card\" content=\"summary_large_image\" \/>\n<meta name=\"twitter:title\" content=\"Das Gehirn\" \/>\n<meta name=\"twitter:description\" content=\"Shop | das Gehirn | 2019 &amp; 2022 | M-Square Classics | Limitiertes Mediabook + Blu-Rays + DVD | FSK 16\" \/>\n<meta name=\"twitter:image\" content=\"https:\/\/ucm.one\/wp-content\/uploads\/2022\/07\/C-Das-Gehirn-MB-3D-FSK-16.jpg\" \/>\n<meta name=\"twitter:label1\" content=\"Gesch\u00e4tzte Lesezeit\" \/>\n\t<meta name=\"twitter:data1\" content=\"1\u00a0Minute\" \/>\n<!-- \/ Yoast SEO plugin. -->","yoast_head_json":{"title":"Das Gehirn","description":"Shop | Das Gehirn | 2019 & 2022 | M-Square Classics | Limitierte Mediabooks + Blu-Rays + DVD | FSK 16","robots":{"index":"index","follow":"follow","max-snippet":"max-snippet:-1","max-image-preview":"max-image-preview:large","max-video-preview":"max-video-preview:-1"},"canonical":"https:\/\/ucm.one\/de\/produkt\/das-gehirn\/","og_locale":"de_DE","og_type":"article","og_title":"Das Gehirn","og_description":"Shop | das Gehirn | 2019 & 2022 | M-Square Classics | Limitiertes Mediabook + Blu-Rays + DVD | FSK 16","og_url":"https:\/\/ucm.one\/de\/produkt\/das-gehirn\/","og_site_name":"UCM.ONE","article_modified_time":"2025-11-09T20:00:31+00:00","og_image":[{"url":"https:\/\/ucm.one\/wp-content\/uploads\/2022\/07\/C-Das-Gehirn-MB-3D-FSK-16.jpg","type":"","width":"","height":""}],"twitter_card":"summary_large_image","twitter_title":"Das Gehirn","twitter_description":"Shop | das Gehirn | 2019 & 2022 | M-Square Classics | Limitiertes Mediabook + Blu-Rays + DVD | FSK 16","twitter_image":"https:\/\/ucm.one\/wp-content\/uploads\/2022\/07\/C-Das-Gehirn-MB-3D-FSK-16.jpg","twitter_misc":{"Gesch\u00e4tzte Lesezeit":"1\u00a0Minute"},"schema":{"@context":"https:\/\/schema.org","@graph":[{"@type":"WebPage","@id":"https:\/\/ucm.one\/de\/produkt\/das-gehirn\/","url":"https:\/\/ucm.one\/de\/produkt\/das-gehirn\/","name":"Das Gehirn","isPartOf":{"@id":"https:\/\/ucm.one\/de\/#website"},"primaryImageOfPage":{"@id":"https:\/\/ucm.one\/de\/produkt\/das-gehirn\/#primaryimage"},"image":{"@id":"https:\/\/ucm.one\/de\/produkt\/das-gehirn\/#primaryimage"},"thumbnailUrl":"https:\/\/ucm.one\/wp-content\/uploads\/2022\/07\/C-Das-Gehirn-MB-3D-FSK-16.jpg","datePublished":"2019-08-23T15:42:26+00:00","dateModified":"2025-11-09T20:00:31+00:00","description":"Shop | Das Gehirn | 2019 & 2022 | M-Square Classics | Limitierte Mediabooks + Blu-Rays + DVD | FSK 16","breadcrumb":{"@id":"https:\/\/ucm.one\/de\/produkt\/das-gehirn\/#breadcrumb"},"inLanguage":"de","potentialAction":[{"@type":"ReadAction","target":["https:\/\/ucm.one\/de\/produkt\/das-gehirn\/"]}]},{"@type":"ImageObject","inLanguage":"de","@id":"https:\/\/ucm.one\/de\/produkt\/das-gehirn\/#primaryimage","url":"https:\/\/ucm.one\/wp-content\/uploads\/2022\/07\/C-Das-Gehirn-MB-3D-FSK-16.jpg","contentUrl":"https:\/\/ucm.one\/wp-content\/uploads\/2022\/07\/C-Das-Gehirn-MB-3D-FSK-16.jpg","width":699,"height":1000},{"@type":"BreadcrumbList","@id":"https:\/\/ucm.one\/de\/produkt\/das-gehirn\/#breadcrumb","itemListElement":[{"@type":"ListItem","position":1,"name":"Home","item":"https:\/\/ucm.one\/de\/"},{"@type":"ListItem","position":2,"name":"Shop","item":"https:\/\/ucm.one\/de\/shop\/"},{"@type":"ListItem","position":3,"name":"Das Gehirn"}]},{"@type":"WebSite","@id":"https:\/\/ucm.one\/de\/#website","url":"https:\/\/ucm.one\/de\/","name":"UCM.ONE","description":"","publisher":{"@id":"https:\/\/ucm.one\/de\/#organization"},"potentialAction":[{"@type":"SearchAction","target":{"@type":"EntryPoint","urlTemplate":"https:\/\/ucm.one\/de\/?s={search_term_string}"},"query-input":{"@type":"PropertyValueSpecification","valueRequired":true,"valueName":"search_term_string"}}],"inLanguage":"de"},{"@type":"Organization","@id":"https:\/\/ucm.one\/de\/#organization","name":"UCM.ONE","url":"https:\/\/ucm.one\/de\/","logo":{"@type":"ImageObject","inLanguage":"de","@id":"https:\/\/ucm.one\/de\/#\/schema\/logo\/image\/","url":"https:\/\/ucm.one\/wp-content\/uploads\/2019\/10\/UCM.ONE-Logo-RGB.svg","contentUrl":"https:\/\/ucm.one\/wp-content\/uploads\/2019\/10\/UCM.ONE-Logo-RGB.svg","width":1,"height":1,"caption":"UCM.ONE"},"image":{"@id":"https:\/\/ucm.one\/de\/#\/schema\/logo\/image\/"}}]}},"_links":{"self":[{"href":"https:\/\/ucm.one\/de\/wp-json\/wp\/v2\/product\/71940","targetHints":{"allow":["GET"]}}],"collection":[{"href":"https:\/\/ucm.one\/de\/wp-json\/wp\/v2\/product"}],"about":[{"href":"https:\/\/ucm.one\/de\/wp-json\/wp\/v2\/types\/product"}],"replies":[{"embeddable":true,"href":"https:\/\/ucm.one\/de\/wp-json\/wp\/v2\/comments?post=71940"}],"wp:featuredmedia":[{"embeddable":true,"href":"https:\/\/ucm.one\/de\/wp-json\/wp\/v2\/media\/71941"}],"wp:attachment":[{"href":"https:\/\/ucm.one\/de\/wp-json\/wp\/v2\/media?parent=71940"}],"wp:term":[{"taxonomy":"product_brand","embeddable":true,"href":"https:\/\/ucm.one\/de\/wp-json\/wp\/v2\/product_brand?post=71940"},{"taxonomy":"product_cat","embeddable":true,"href":"https:\/\/ucm.one\/de\/wp-json\/wp\/v2\/product_cat?post=71940"},{"taxonomy":"product_tag","embeddable":true,"href":"https:\/\/ucm.one\/de\/wp-json\/wp\/v2\/product_tag?post=71940"}],"curies":[{"name":"wp","href":"https:\/\/api.w.org\/{rel}","templated":true}]}}