{"id":71903,"date":"2019-10-25T11:40:23","date_gmt":"2019-10-25T11:40:23","guid":{"rendered":"https:\/\/ucm.one\/?post_type=product&#038;p=71903"},"modified":"2026-01-02T01:23:22","modified_gmt":"2026-01-02T01:23:22","slug":"ueberleben","status":"publish","type":"product","link":"https:\/\/ucm.one\/de\/produkt\/ueberleben\/","title":{"rendered":"\u00dcberleben"},"content":{"rendered":"<div class=\"wpb_text_column wpb_content_element \">\n<div class=\"wpb_wrapper\">\n<div class=\"\">\n<div class=\"wpb_text_column wpb_content_element \">\n<div class=\"wpb_wrapper\">\n<div class=\"wpb_text_column wpb_content_element \">\n<div class=\"wpb_wrapper\">\n<p>Im Oktober 1972 st\u00fcrzt ein Flugzeug, in dem sich eine junge Rugby-Mannschaft aus Uruguay befindet, \u00fcber den Anden ab. Beim Absturz stirbt bereits ein Teil der Passagiere, ebenso die Piloten der Maschine. Obwohl intensiv nach dem Wrack des Flugzeugs gesucht wird, das in 3.800 Metern H\u00f6he liegt, schwindet die Hoffnung der \u00dcberlebenden auf Rettung von Tag zu Tag. Als dann auch noch die Lebensmittel knapp werden und eine Lawine das Wrack versch\u00fcttet, stehen sie vor einer schweren Entscheidung: Sollen sie die gefrorenen K\u00f6rper der Toten essen, um selber \u00fcberleben zu k\u00f6nnen?<\/p>\n<p>Der ber\u00fchmte und schockierende Original-Klassiker \u00fcber den \u00dcberlebenskampf einer jungen Rugby-Mannschaft nach dem Absturz des Fuerza-A\u00e9rea-Uruguaya-Fluges 571 im Jahre 1972\u00a0ist erstmalig auf DVD und Blu-Ray erh\u00e4ltlich. Der Film \u201c<strong>\u00dcberleben<\/strong>\u201d basierend auf dem Tatsachenroman von\u00a0<strong>Piers Paul Read<\/strong>, der das Buch in Zusammenarbeit mit den \u00dcberlebenden geschrieben hat.<\/p>\n<\/div>\n<\/div>\n<\/div>\n<\/div>\n<\/div>\n<\/div>\n<\/div>\n<div><div class=\"gap\" style=\"line-height: 20px; height: 20px;\"><\/div><\/div>\n<h5>Weitere Informationen<\/h5>\n<div>\n<div>\n<table style=\"height: 46px; width: 100%; border-collapse: collapse; border-color: #ffffff; background-color: #ffffff; border-style: hidden;\">\n<tbody>\n<tr style=\"height: 23px; border-style: hidden; border-color: #ffffff; background-color: #ffffff;\">\n<td style=\"width: 4.701195219123506%; height: 23px; border-style: hidden;\">Film:<\/td>\n<td style=\"width: 95.29880478087651%; height: 23px; border-style: hidden;\"><a title=\"\u00dcberleben\" href=\"https:\/\/ucm.one\/de\/ueberleben\/\">\u00dcberleben<\/a><\/td>\n<\/tr>\n<tr style=\"height: 23px;\">\n<td style=\"width: 4.701195219123506%; height: 23px; border-style: hidden;\">Label:<\/td>\n<td style=\"width: 95.29880478087651%; height: 23px; border-style: hidden;\"><a title=\"M-Square Pictures\" href=\"https:\/\/ucm.one\/de\/film-labels\/m-square-pictures\/#m-square-classics\">M-Square Classics<\/a><\/td>\n<\/tr>\n<\/tbody>\n<\/table>\n<\/div>\n<div><\/div>\n<\/div>\n<div>\n<div><div class=\"gap\" style=\"line-height: 10px; height: 10px;\"><\/div><\/div>\n<div>\u2117 <strong>1976 Avant Films S.A.<\/strong>, <strong>Corporaci\u00f3n Nacional Cinematogr\u00e1fica (Conacine)<\/strong>, <strong>Productora Filmica Real<\/strong>, <strong>Productora F\u00edlmica G.M.<\/strong>, \u00a9 2019\u00a0<strong>M-Square Classics<\/strong><span style=\"font-family: 'arial black', sans-serif;\"><strong>\u00a0\/ UCM.ONE<\/strong><\/span><\/div>\n<div><div class=\"gap\" style=\"line-height: 20px; height: 20px;\"><\/div><\/div>\n<div>\n<div><\/div>\n<div>\n<div><div class=\"gap\" style=\"line-height: 10px; height: 10px;\"><\/div><\/div>\n<div><span style=\"color: #003a80;\"><strong>\u27a0 <a style=\"color: #003a80;\" href=\"https:\/\/ucm.one\/de\/produkt-kategorie\/art-de\/filme-de\/\">zum Shop<\/a><\/strong><\/span><\/div>\n<div><div class=\"gap\" style=\"line-height: 20px; height: 20px;\"><\/div><\/div>\n<\/div>\n<\/div>\n<\/div>\n","protected":false},"excerpt":{"rendered":"<p>Regie: <a title=\"Ren\u00e9 Cardona\" href=\"https:\/\/ucm.one\/de\/?s=%22Ren\u00e9+Cardona%22&amp;post_type=product\"><strong>Ren\u00e9 Cardona<\/strong><\/a><\/p>\n<p>Label: <a title=\"M-Square Pictures\" href=\"https:\/\/ucm.one\/de\/produkt-kategorie\/label-film-de\/m-square-classics-de\"><strong>M-Square Classics<\/strong><\/a><\/p>\n<p>Art:\u00a0<strong><a href=\"https:\/\/ucm.one\/de\/produkt-kategorie\/art-de\/filme-de\/\">Film<\/a> (Spielfilm)<\/strong><\/p>\n<p>Genres: <strong><a title=\"Drama\" href=\"https:\/\/ucm.one\/de\/produkt-kategorie\/genre-film-de\/drama-de\/\">Drama<\/a><\/strong>, <strong><a title=\"\" href=\"https:\/\/ucm.one\/de\/produkt-kategorie\/genre-film-de\/horror-de\/\">Horror<\/a><\/strong><b><\/b><\/p>\n<p>Jahr: <strong>2019<\/strong><\/p>\n<p>FSK: <strong>16<\/strong><\/p>\n<p>Formate: <strong>Diverse<\/strong><\/p>\n","protected":false},"featured_media":71904,"comment_status":"open","ping_status":"closed","template":"","meta":{"_acf_changed":false},"product_brand":[],"product_cat":[9813,10323,10324,10327,10332,10333,10334,9708,10343,12093],"product_tag":[13085,13075,13086,13076,13087,13077,13078,13079,13080,13081,13082,13083,13084,13074],"class_list":{"0":"post-71903","1":"product","2":"type-product","3":"status-publish","4":"has-post-thumbnail","6":"product_cat-cd-de","7":"product_cat-m-square-pictures-de","8":"product_cat-m-square-classics-de","9":"product_cat-horror-de","10":"product_cat-blu-ray-de","11":"product_cat-mediabooks-de","12":"product_cat-drama-de","13":"product_cat-filme-de","14":"product_cat-u8-films-berlin-de","15":"product_cat-klassiker-de","16":"product_tag-kanibale","17":"product_tag-survive","18":"product_tag-uruguay","19":"product_tag-rene-cardona","20":"product_tag-absturz","21":"product_tag-hugo-stiglitz","22":"product_tag-norma-lazareno","23":"product_tag-luz-maria-aguilar","24":"product_tag-fernando-larranaga","25":"product_tag-lorenzo-de-rodas","26":"product_tag-rugby","27":"product_tag-lawine","28":"product_tag-menschenfresser","29":"product_tag-ueberleben","30":"pa_format-blu-ray-de","31":"pa_format-mediabook-blu-ray-dvd","32":"description-off","34":"first","35":"instock","36":"sale","37":"taxable","38":"shipping-taxable","39":"purchasable","40":"product-type-variable"},"acf":[],"yoast_head":"<!-- This site is optimized with the Yoast SEO plugin v27.5 - https:\/\/yoast.com\/product\/yoast-seo-wordpress\/ -->\n<title>\u00dcberleben<\/title>\n<meta name=\"description\" content=\"Shop | \u00dcberleben | 2019 | M-Square Classics | Limitiertes Mediabook + Blu-Ray + DVD | FSK 16\" \/>\n<meta name=\"robots\" content=\"index, follow, max-snippet:-1, max-image-preview:large, max-video-preview:-1\" \/>\n<link rel=\"canonical\" href=\"https:\/\/ucm.one\/de\/produkt\/ueberleben\/\" \/>\n<meta property=\"og:locale\" content=\"de_DE\" \/>\n<meta property=\"og:type\" content=\"article\" \/>\n<meta property=\"og:title\" content=\"\u00dcberleben\" \/>\n<meta property=\"og:description\" content=\"Shop | \u00dcberleben | 2019 | M-Square Classics | Limitiertes Mediabook + Blu-Ray + DVD | FSK 16\" \/>\n<meta property=\"og:url\" content=\"https:\/\/ucm.one\/de\/produkt\/ueberleben\/\" \/>\n<meta property=\"og:site_name\" content=\"UCM.ONE\" \/>\n<meta property=\"article:modified_time\" content=\"2026-01-02T01:23:22+00:00\" \/>\n<meta property=\"og:image\" content=\"https:\/\/ucm.one\/wp-content\/uploads\/2022\/07\/C-Ueberleben-MB-\u00a7D-FSK-16.jpg\" \/>\n<meta name=\"twitter:card\" content=\"summary_large_image\" \/>\n<meta name=\"twitter:title\" content=\"\u00dcberleben\" \/>\n<meta name=\"twitter:description\" content=\"Shop | \u00dcberleben | 2019 | M-Square Classics | Limitiertes Mediabook + Blu-Ray + DVD | FSK 16\" \/>\n<meta name=\"twitter:image\" content=\"https:\/\/ucm.one\/wp-content\/uploads\/2022\/07\/C-Ueberleben-MB-\u00a7D-FSK-16.jpg\" \/>\n<meta name=\"twitter:label1\" content=\"Gesch\u00e4tzte Lesezeit\" \/>\n\t<meta name=\"twitter:data1\" content=\"1\u00a0Minute\" \/>\n<!-- \/ Yoast SEO plugin. -->","yoast_head_json":{"title":"\u00dcberleben","description":"Shop | \u00dcberleben | 2019 | M-Square Classics | Limitiertes Mediabook + Blu-Ray + DVD | FSK 16","robots":{"index":"index","follow":"follow","max-snippet":"max-snippet:-1","max-image-preview":"max-image-preview:large","max-video-preview":"max-video-preview:-1"},"canonical":"https:\/\/ucm.one\/de\/produkt\/ueberleben\/","og_locale":"de_DE","og_type":"article","og_title":"\u00dcberleben","og_description":"Shop | \u00dcberleben | 2019 | M-Square Classics | Limitiertes Mediabook + Blu-Ray + DVD | FSK 16","og_url":"https:\/\/ucm.one\/de\/produkt\/ueberleben\/","og_site_name":"UCM.ONE","article_modified_time":"2026-01-02T01:23:22+00:00","og_image":[{"url":"https:\/\/ucm.one\/wp-content\/uploads\/2022\/07\/C-Ueberleben-MB-\u00a7D-FSK-16.jpg","type":"","width":"","height":""}],"twitter_card":"summary_large_image","twitter_title":"\u00dcberleben","twitter_description":"Shop | \u00dcberleben | 2019 | M-Square Classics | Limitiertes Mediabook + Blu-Ray + DVD | FSK 16","twitter_image":"https:\/\/ucm.one\/wp-content\/uploads\/2022\/07\/C-Ueberleben-MB-\u00a7D-FSK-16.jpg","twitter_misc":{"Gesch\u00e4tzte Lesezeit":"1\u00a0Minute"},"schema":{"@context":"https:\/\/schema.org","@graph":[{"@type":"WebPage","@id":"https:\/\/ucm.one\/de\/produkt\/ueberleben\/","url":"https:\/\/ucm.one\/de\/produkt\/ueberleben\/","name":"\u00dcberleben","isPartOf":{"@id":"https:\/\/ucm.one\/de\/#website"},"primaryImageOfPage":{"@id":"https:\/\/ucm.one\/de\/produkt\/ueberleben\/#primaryimage"},"image":{"@id":"https:\/\/ucm.one\/de\/produkt\/ueberleben\/#primaryimage"},"thumbnailUrl":"https:\/\/ucm.one\/wp-content\/uploads\/2022\/07\/C-Ueberleben-MM-2D-FSK-16.jpg","datePublished":"2019-10-25T11:40:23+00:00","dateModified":"2026-01-02T01:23:22+00:00","description":"Shop | \u00dcberleben | 2019 | M-Square Classics | Limitiertes Mediabook + Blu-Ray + DVD | FSK 16","breadcrumb":{"@id":"https:\/\/ucm.one\/de\/produkt\/ueberleben\/#breadcrumb"},"inLanguage":"de","potentialAction":[{"@type":"ReadAction","target":["https:\/\/ucm.one\/de\/produkt\/ueberleben\/"]}]},{"@type":"ImageObject","inLanguage":"de","@id":"https:\/\/ucm.one\/de\/produkt\/ueberleben\/#primaryimage","url":"https:\/\/ucm.one\/wp-content\/uploads\/2022\/07\/C-Ueberleben-MM-2D-FSK-16.jpg","contentUrl":"https:\/\/ucm.one\/wp-content\/uploads\/2022\/07\/C-Ueberleben-MM-2D-FSK-16.jpg","width":699,"height":1000},{"@type":"BreadcrumbList","@id":"https:\/\/ucm.one\/de\/produkt\/ueberleben\/#breadcrumb","itemListElement":[{"@type":"ListItem","position":1,"name":"Home","item":"https:\/\/ucm.one\/de\/"},{"@type":"ListItem","position":2,"name":"Shop","item":"https:\/\/ucm.one\/de\/shop\/"},{"@type":"ListItem","position":3,"name":"\u00dcberleben"}]},{"@type":"WebSite","@id":"https:\/\/ucm.one\/de\/#website","url":"https:\/\/ucm.one\/de\/","name":"UCM.ONE","description":"","publisher":{"@id":"https:\/\/ucm.one\/de\/#organization"},"potentialAction":[{"@type":"SearchAction","target":{"@type":"EntryPoint","urlTemplate":"https:\/\/ucm.one\/de\/?s={search_term_string}"},"query-input":{"@type":"PropertyValueSpecification","valueRequired":true,"valueName":"search_term_string"}}],"inLanguage":"de"},{"@type":"Organization","@id":"https:\/\/ucm.one\/de\/#organization","name":"UCM.ONE","url":"https:\/\/ucm.one\/de\/","logo":{"@type":"ImageObject","inLanguage":"de","@id":"https:\/\/ucm.one\/de\/#\/schema\/logo\/image\/","url":"https:\/\/ucm.one\/wp-content\/uploads\/2019\/10\/UCM.ONE-Logo-RGB.svg","contentUrl":"https:\/\/ucm.one\/wp-content\/uploads\/2019\/10\/UCM.ONE-Logo-RGB.svg","width":1,"height":1,"caption":"UCM.ONE"},"image":{"@id":"https:\/\/ucm.one\/de\/#\/schema\/logo\/image\/"}}]}},"_links":{"self":[{"href":"https:\/\/ucm.one\/de\/wp-json\/wp\/v2\/product\/71903","targetHints":{"allow":["GET"]}}],"collection":[{"href":"https:\/\/ucm.one\/de\/wp-json\/wp\/v2\/product"}],"about":[{"href":"https:\/\/ucm.one\/de\/wp-json\/wp\/v2\/types\/product"}],"replies":[{"embeddable":true,"href":"https:\/\/ucm.one\/de\/wp-json\/wp\/v2\/comments?post=71903"}],"wp:featuredmedia":[{"embeddable":true,"href":"https:\/\/ucm.one\/de\/wp-json\/wp\/v2\/media\/71904"}],"wp:attachment":[{"href":"https:\/\/ucm.one\/de\/wp-json\/wp\/v2\/media?parent=71903"}],"wp:term":[{"taxonomy":"product_brand","embeddable":true,"href":"https:\/\/ucm.one\/de\/wp-json\/wp\/v2\/product_brand?post=71903"},{"taxonomy":"product_cat","embeddable":true,"href":"https:\/\/ucm.one\/de\/wp-json\/wp\/v2\/product_cat?post=71903"},{"taxonomy":"product_tag","embeddable":true,"href":"https:\/\/ucm.one\/de\/wp-json\/wp\/v2\/product_tag?post=71903"}],"curies":[{"name":"wp","href":"https:\/\/api.w.org\/{rel}","templated":true}]}}