{"id":71755,"date":"2022-07-21T00:31:36","date_gmt":"2022-07-21T00:31:36","guid":{"rendered":"https:\/\/ucm.one\/?post_type=product&#038;p=71755"},"modified":"2025-07-12T16:18:58","modified_gmt":"2025-07-12T16:18:58","slug":"boris-brejcha-club-vibes-part-1","status":"publish","type":"product","link":"https:\/\/ucm.one\/de\/produkt\/boris-brejcha-club-vibes-part-1\/","title":{"rendered":"Boris Brejcha &#8211; Club Vibes (Part 01)"},"content":{"rendered":"<p>Vor gut 15 Jahren erschien auf Harthouse die erste EP eines damals 25j\u00e4hrigen Ludwigshafeners, dessen Karriere danach schnell durch die Decke ging, Heute geh\u00f6rt er weltweit zu den bekanntesten und erfolgreichsten Techno Produzenten und K\u00fcnstlern. Zeit f\u00fcr <strong>Boris Brejcha<\/strong>, sein Harthouse Kapitel weiter zustricken. Nun erscheint die erste von sechs neuen Brejcha EPs auf <strong>Harthouse<\/strong> mit dem Titel &#8222;<strong>Club Vibes (Part 01)<\/strong>&#8222;. Die ersten beiden neuen Tracks tragen wie immer extraoriginelle Titel: &#8222;<strong>Geh\u00f6rschadengenerator<\/strong>&#8220; und &#8222;<strong>Fckng Trap<\/strong>&#8222;.<\/p>\n<div><div class=\"gap\" style=\"line-height: 20px; height: 20px;\"><\/div><\/div>\n<h5>Weitere Informationen<\/h5>\n<table style=\"height: 45px; width: 100%; border-collapse: collapse; border-color: #ffffff; background-color: #ffffff; border-style: hidden;\">\n<tbody>\n<tr style=\"height: 23px; border-style: hidden; border-color: #ffffff; background-color: #ffffff;\">\n<td style=\"width: 5.669291338582677%; height: 23px; border-style: hidden; border-color: #ffffff; background-color: #ffffff;\">K\u00fcnstler:<\/td>\n<td style=\"width: 94.33070866141732%; height: 23px;\"><a title=\"Boris Brejcha\" href=\"https:\/\/ucm.one\/de\/?s=boris+brejcha&amp;lang=de\">Boris Brejcha<\/a><\/td>\n<\/tr>\n<tr style=\"height: 23px;\">\n<td style=\"width: 5.669291338582677%; height: 22px;\">Label:<\/td>\n<td style=\"width: 94.33070866141732%; height: 22px;\"><a title=\"Harthouse\" href=\"https:\/\/ucm.one\/de\/musik-labels\/harthouse\/\">Harthouse<\/a><\/td>\n<\/tr>\n<\/tbody>\n<\/table>\n<div><\/div>\n<div><div class=\"gap\" style=\"line-height: 10px; height: 10px;\"><\/div><\/div>\n<div>\u2117 &amp; \u00a9 2022\u00a0<strong>Harthouse<\/strong> \/ <span style=\"font-family: 'arial black', sans-serif;\"><strong>UCM.ONE<\/strong><\/span><\/div>\n<div><div class=\"gap\" style=\"line-height: 20px; height: 20px;\"><\/div><\/div>\n<div>\n<div><\/div>\n<div><div class=\"gap\" style=\"line-height: 10px; height: 10px;\"><\/div><\/div>\n<div><span style=\"color: #003a80;\"><strong>\u27a0 <a style=\"color: #003a80;\" title=\"\" href=\"https:\/\/ucm.one\/de\/produkt-kategorie\/art-de\/musik-de\/\">zum Shop<\/a><\/strong><\/span><\/div>\n<div><div class=\"gap\" style=\"line-height: 20px; height: 20px;\"><\/div><\/div>\n<\/div>\n","protected":false},"excerpt":{"rendered":"<p>Artist:\u00a0<strong><a title=\"\" href=\"https:\/\/ucm.one\/de\/?s=Boris+Brejcha&amp;post_type=product\">Boris Brejcha<\/a><\/strong><\/p>\n<p>Label:\u00a0<a href=\"https:\/\/ucm.one\/de\/produkt-kategorie\/label-musik-de\/harthouse-de\"><b>Harthouse<\/b><\/a><\/p>\n<p>Art:\u00a0<strong><a href=\"https:\/\/ucm.one\/de\/produkt-kategorie\/art-de\/musik-de\/\">Musik<\/a>\u00a0(Single)<\/strong><\/p>\n<p>Genre:\u00a0<b><a href=\"https:\/\/ucm.one\/de\/produkt-kategorie\/genre-musik-de\/dance-de\/techno-de\/\">Techno<\/a><\/b><\/p>\n<p>Jahr: <strong>2022<\/strong><\/p>\n<p>Format: <strong>Vinyl (12&#8243;)<\/strong><\/p>\n","protected":false},"featured_media":71749,"comment_status":"open","ping_status":"closed","template":"","meta":{"_acf_changed":false},"product_brand":[],"product_cat":[9713,9714,9796,9797,9857],"product_tag":[9762,13013,13014,13015,9798,13016,9799,13017,9806],"class_list":{"0":"post-71755","1":"product","2":"type-product","3":"status-publish","4":"has-post-thumbnail","6":"product_cat-musik-de","7":"product_cat-vinyl-de","8":"product_cat-harthouse-de","9":"product_cat-techno-de","10":"product_cat-dance-de","11":"product_tag-black-vinyl","12":"product_tag-club-vibes","13":"product_tag-yellow-vinyl","14":"product_tag-13015","15":"product_tag-boris-brejcha","16":"product_tag-gehoerschadengenerator","17":"product_tag-harthouse","18":"product_tag-fckng-trap","19":"product_tag-vinyl","20":"product_shipping_class-vinyl-2","21":"pa_format-12-black-vinyl","22":"pa_format-12-yellow-vinyl-de","23":"description-off","25":"first","26":"outofstock","27":"taxable","28":"shipping-taxable","29":"purchasable","30":"product-type-variable"},"acf":[],"yoast_head":"<!-- This site is optimized with the Yoast SEO plugin v27.5 - https:\/\/yoast.com\/product\/yoast-seo-wordpress\/ -->\n<title>Boris Brejcha - Club Vibes (Part 01)<\/title>\n<meta name=\"description\" content=\"Shop | Boris Brejcha - Club Vibes (Part 01) | 2022 | Harthouse | 12&quot; (Black Vinyl), 12&quot; (Yellow Vinyl)\" \/>\n<meta name=\"robots\" content=\"index, follow, max-snippet:-1, max-image-preview:large, max-video-preview:-1\" \/>\n<link rel=\"canonical\" href=\"https:\/\/ucm.one\/de\/produkt\/boris-brejcha-club-vibes-part-1\/\" \/>\n<meta property=\"og:locale\" content=\"de_DE\" \/>\n<meta property=\"og:type\" content=\"article\" \/>\n<meta property=\"og:title\" content=\"Boris Brejcha - Club Vibes (Part 01)\" \/>\n<meta property=\"og:description\" content=\"Shop | Boris Brejcha - Club Vibes (Part 01) | 2022 | Harthouse | 12&quot; (Black Vinyl), 12&quot; (Yellow Vinyl)\" \/>\n<meta property=\"og:url\" content=\"https:\/\/ucm.one\/de\/produkt\/boris-brejcha-club-vibes-part-1\/\" \/>\n<meta property=\"og:site_name\" content=\"UCM.ONE\" \/>\n<meta property=\"article:modified_time\" content=\"2025-07-12T16:18:58+00:00\" \/>\n<meta property=\"og:image\" content=\"https:\/\/ucm.one\/wp-content\/uploads\/2022\/07\/Boris-Brejcha-Club-Vibes-Part-01-yellow.jpg\" \/>\n<meta name=\"twitter:card\" content=\"summary_large_image\" \/>\n<meta name=\"twitter:title\" content=\"Boris Brejcha - Club Vibes (Part 01)\" \/>\n<meta name=\"twitter:description\" content=\"Shop | Boris Brejcha - Club Vibes (Part 01) | 2022 | Harthouse | 12&quot; (Black Vinyl), 12&quot; (Yellow Vinyl)\" \/>\n<meta name=\"twitter:image\" content=\"https:\/\/ucm.one\/wp-content\/uploads\/2022\/07\/Boris-Brejcha-Club-Vibes-Part-01-yellow.jpg\" \/>\n<meta name=\"twitter:label1\" content=\"Gesch\u00e4tzte Lesezeit\" \/>\n\t<meta name=\"twitter:data1\" content=\"1\u00a0Minute\" \/>\n<!-- \/ Yoast SEO plugin. -->","yoast_head_json":{"title":"Boris Brejcha - Club Vibes (Part 01)","description":"Shop | Boris Brejcha - Club Vibes (Part 01) | 2022 | Harthouse | 12\" (Black Vinyl), 12\" (Yellow Vinyl)","robots":{"index":"index","follow":"follow","max-snippet":"max-snippet:-1","max-image-preview":"max-image-preview:large","max-video-preview":"max-video-preview:-1"},"canonical":"https:\/\/ucm.one\/de\/produkt\/boris-brejcha-club-vibes-part-1\/","og_locale":"de_DE","og_type":"article","og_title":"Boris Brejcha - Club Vibes (Part 01)","og_description":"Shop | Boris Brejcha - Club Vibes (Part 01) | 2022 | Harthouse | 12\" (Black Vinyl), 12\" (Yellow Vinyl)","og_url":"https:\/\/ucm.one\/de\/produkt\/boris-brejcha-club-vibes-part-1\/","og_site_name":"UCM.ONE","article_modified_time":"2025-07-12T16:18:58+00:00","og_image":[{"url":"https:\/\/ucm.one\/wp-content\/uploads\/2022\/07\/Boris-Brejcha-Club-Vibes-Part-01-yellow.jpg","type":"","width":"","height":""}],"twitter_card":"summary_large_image","twitter_title":"Boris Brejcha - Club Vibes (Part 01)","twitter_description":"Shop | Boris Brejcha - Club Vibes (Part 01) | 2022 | Harthouse | 12\" (Black Vinyl), 12\" (Yellow Vinyl)","twitter_image":"https:\/\/ucm.one\/wp-content\/uploads\/2022\/07\/Boris-Brejcha-Club-Vibes-Part-01-yellow.jpg","twitter_misc":{"Gesch\u00e4tzte Lesezeit":"1\u00a0Minute"},"schema":{"@context":"https:\/\/schema.org","@graph":[{"@type":"WebPage","@id":"https:\/\/ucm.one\/de\/produkt\/boris-brejcha-club-vibes-part-1\/","url":"https:\/\/ucm.one\/de\/produkt\/boris-brejcha-club-vibes-part-1\/","name":"Boris Brejcha - Club Vibes (Part 01)","isPartOf":{"@id":"https:\/\/ucm.one\/de\/#website"},"primaryImageOfPage":{"@id":"https:\/\/ucm.one\/de\/produkt\/boris-brejcha-club-vibes-part-1\/#primaryimage"},"image":{"@id":"https:\/\/ucm.one\/de\/produkt\/boris-brejcha-club-vibes-part-1\/#primaryimage"},"thumbnailUrl":"https:\/\/ucm.one\/wp-content\/uploads\/2022\/07\/C-Boris-Brejcha-Club-Vibes-Part-01.jpg","datePublished":"2022-07-21T00:31:36+00:00","dateModified":"2025-07-12T16:18:58+00:00","description":"Shop | Boris Brejcha - Club Vibes (Part 01) | 2022 | Harthouse | 12\" (Black Vinyl), 12\" (Yellow Vinyl)","breadcrumb":{"@id":"https:\/\/ucm.one\/de\/produkt\/boris-brejcha-club-vibes-part-1\/#breadcrumb"},"inLanguage":"de","potentialAction":[{"@type":"ReadAction","target":["https:\/\/ucm.one\/de\/produkt\/boris-brejcha-club-vibes-part-1\/"]}]},{"@type":"ImageObject","inLanguage":"de","@id":"https:\/\/ucm.one\/de\/produkt\/boris-brejcha-club-vibes-part-1\/#primaryimage","url":"https:\/\/ucm.one\/wp-content\/uploads\/2022\/07\/C-Boris-Brejcha-Club-Vibes-Part-01.jpg","contentUrl":"https:\/\/ucm.one\/wp-content\/uploads\/2022\/07\/C-Boris-Brejcha-Club-Vibes-Part-01.jpg","width":1000,"height":1000},{"@type":"BreadcrumbList","@id":"https:\/\/ucm.one\/de\/produkt\/boris-brejcha-club-vibes-part-1\/#breadcrumb","itemListElement":[{"@type":"ListItem","position":1,"name":"Home","item":"https:\/\/ucm.one\/de\/"},{"@type":"ListItem","position":2,"name":"Shop","item":"https:\/\/ucm.one\/de\/shop\/"},{"@type":"ListItem","position":3,"name":"Boris Brejcha &#8211; Club Vibes (Part 01)"}]},{"@type":"WebSite","@id":"https:\/\/ucm.one\/de\/#website","url":"https:\/\/ucm.one\/de\/","name":"UCM.ONE","description":"","publisher":{"@id":"https:\/\/ucm.one\/de\/#organization"},"potentialAction":[{"@type":"SearchAction","target":{"@type":"EntryPoint","urlTemplate":"https:\/\/ucm.one\/de\/?s={search_term_string}"},"query-input":{"@type":"PropertyValueSpecification","valueRequired":true,"valueName":"search_term_string"}}],"inLanguage":"de"},{"@type":"Organization","@id":"https:\/\/ucm.one\/de\/#organization","name":"UCM.ONE","url":"https:\/\/ucm.one\/de\/","logo":{"@type":"ImageObject","inLanguage":"de","@id":"https:\/\/ucm.one\/de\/#\/schema\/logo\/image\/","url":"https:\/\/ucm.one\/wp-content\/uploads\/2019\/10\/UCM.ONE-Logo-RGB.svg","contentUrl":"https:\/\/ucm.one\/wp-content\/uploads\/2019\/10\/UCM.ONE-Logo-RGB.svg","width":1,"height":1,"caption":"UCM.ONE"},"image":{"@id":"https:\/\/ucm.one\/de\/#\/schema\/logo\/image\/"}}]}},"_links":{"self":[{"href":"https:\/\/ucm.one\/de\/wp-json\/wp\/v2\/product\/71755","targetHints":{"allow":["GET"]}}],"collection":[{"href":"https:\/\/ucm.one\/de\/wp-json\/wp\/v2\/product"}],"about":[{"href":"https:\/\/ucm.one\/de\/wp-json\/wp\/v2\/types\/product"}],"replies":[{"embeddable":true,"href":"https:\/\/ucm.one\/de\/wp-json\/wp\/v2\/comments?post=71755"}],"wp:featuredmedia":[{"embeddable":true,"href":"https:\/\/ucm.one\/de\/wp-json\/wp\/v2\/media\/71749"}],"wp:attachment":[{"href":"https:\/\/ucm.one\/de\/wp-json\/wp\/v2\/media?parent=71755"}],"wp:term":[{"taxonomy":"product_brand","embeddable":true,"href":"https:\/\/ucm.one\/de\/wp-json\/wp\/v2\/product_brand?post=71755"},{"taxonomy":"product_cat","embeddable":true,"href":"https:\/\/ucm.one\/de\/wp-json\/wp\/v2\/product_cat?post=71755"},{"taxonomy":"product_tag","embeddable":true,"href":"https:\/\/ucm.one\/de\/wp-json\/wp\/v2\/product_tag?post=71755"}],"curies":[{"name":"wp","href":"https:\/\/api.w.org\/{rel}","templated":true}]}}