{"id":71641,"date":"2020-10-23T23:27:56","date_gmt":"2020-10-23T23:27:56","guid":{"rendered":"https:\/\/ucm.one\/?post_type=product&#038;p=71641"},"modified":"2025-11-08T11:48:52","modified_gmt":"2025-11-08T11:48:52","slug":"im-reich-der-amazonen","status":"publish","type":"product","link":"https:\/\/ucm.one\/de\/produkt\/im-reich-der-amazonen\/","title":{"rendered":"Im Reich der Amazonen"},"content":{"rendered":"<div class=\"wpb_text_column wpb_content_element \">\n<div class=\"wpb_wrapper\">\n<div class=\"\">\n<div class=\"wpb_text_column wpb_content_element \">\n<div class=\"wpb_wrapper\">\n<div class=\"wpb_text_column wpb_content_element \">\n<div class=\"wpb_wrapper\">\n<p>Die wilde, sch\u00f6ne Amazonen-Kriegerin Dyala (<strong>Mindi Miller<\/strong>) will ihr Volk retten, welches unter zwei kaltbl\u00fctigen Gegnern leidet: Dem schurkischen Imperator Kalungo (<strong>Joseph Whipp<\/strong>), der Zauberkr\u00e4fte besitzt, und Dyalas b\u00f6sartiger Mutter. F\u00fcr ihren erbitterten Befreiungskampf braucht sie das heilige Schwert ihrer Ahnen, Azundati. Auf der Suche nach diesem m\u00e4chtigen Artefakt begegnen ihr und ihrer Gef\u00e4hrtin Tashi (<strong>Penelope Reed<\/strong>), die sich trotz anf\u00e4nglichen Misstrauens diesem schwierigen Unterfangen angeschlossen hat, zahlreiche Gefahren, die beide mit ihren Kampfk\u00fcnsten meistern m\u00fcssen\u2026<\/p>\n<p>Produziert u.a. von Trash-Legende <strong>Roger Corman<\/strong> (&#8222;<strong>Frankensteins Todesrennen&#8220;<\/strong>, &#8222;<strong>Sharktopus<\/strong>&#8222;).<\/p>\n<\/div>\n<\/div>\n<\/div>\n<\/div>\n<\/div>\n<\/div>\n<\/div>\n<div><div class=\"gap\" style=\"line-height: 20px; height: 20px;\"><\/div><\/div>\n<h5>Weitere Informationen<\/h5>\n<div>\n<div>\n<table style=\"height: 46px;width: 100%;border-collapse: collapse;border-color: #ffffff;background-color: #ffffff;border-style: hidden\">\n<tbody>\n<tr style=\"height: 23px;border-style: hidden;border-color: #ffffff;background-color: #ffffff\">\n<td style=\"width: 4.701195219123506%;height: 23px;border-style: hidden\">Film:<\/td>\n<td style=\"width: 95.29880478087651%;height: 23px;border-style: hidden\"><a title=\"Im Reich der Amazonen\" href=\"https:\/\/ucm.one\/de\/im-reich-der-amazonen\/\">Im Reich der Amazonen<\/a><\/td>\n<\/tr>\n<tr style=\"height: 23px\">\n<td style=\"width: 4.701195219123506%;height: 23px;border-style: hidden\">Label:<\/td>\n<td style=\"width: 95.29880478087651%;height: 23px;border-style: hidden\"><a title=\"M-Square Pictures\" href=\"https:\/\/ucm.one\/de\/film-labels\/m-square-pictures\/#m-square-classics\">M-Square Classics<\/a><\/td>\n<\/tr>\n<\/tbody>\n<\/table>\n<\/div>\n<div><\/div>\n<\/div>\n<div>\n<div><div class=\"gap\" style=\"line-height: 10px; height: 10px;\"><\/div><\/div>\n<div>\u2117 1986 <strong>Aries Films International<\/strong>, <strong>New Horizons Picture<\/strong>, <strong>Rise Wrestling<\/strong>, \u00a9 2020\u00a0<strong>M-Square Classics<\/strong>\u00a0<span style=\"font-family: 'arial black', sans-serif\"><span style=\"font-family: arial, helvetica, sans-serif\">&amp; 2021 <\/span><strong><span style=\"font-family: arial, helvetica, sans-serif\"><span style=\"font-family: 'arial black', sans-serif\">U8<\/span> Films Berlin<\/span> \/ UCM.ONE<\/strong><\/span><\/div>\n<div><div class=\"gap\" style=\"line-height: 20px; height: 20px;\"><\/div><\/div>\n<div>\n<div><\/div>\n<div>\n<div><div class=\"gap\" style=\"line-height: 10px; height: 10px;\"><\/div><\/div>\n<div><span style=\"color: #003a80\"><strong>\u27a0 <a style=\"color: #003a80\" href=\"https:\/\/ucm.one\/de\/produkt-kategorie\/art-de\/filme-de\/\">zum Shop<\/a><\/strong><\/span><\/div>\n<div><div class=\"gap\" style=\"line-height: 20px; height: 20px;\"><\/div><\/div>\n<\/div>\n<\/div>\n<\/div>\n","protected":false},"excerpt":{"rendered":"<p>Regie: <a title=\"Alejandro Sessa\" href=\"https:\/\/ucm.one\/de\/?s=%22Alejandro+Sessa%22&amp;post_type=product\"><strong>Alejandro Sessa<\/strong><\/a><\/p>\n<p>Label: <a title=\"M-Square Pictures\" href=\"https:\/\/ucm.one\/de\/produkt-kategorie\/label-film-de\/m-square-classics-de\"><strong>M-Square Classics<\/strong><\/a><\/p>\n<p>Art:\u00a0<strong><a href=\"https:\/\/ucm.one\/de\/produkt-kategorie\/art-de\/filme-de\/\">Film<\/a> (Spielfilm)<\/strong><\/p>\n<p>Genres: <strong><a href=\"https:\/\/ucm.one\/de\/produkt-kategorie\/genre-film-de\/action-de\/\">Action<\/a><\/strong>, <strong><a href=\"https:\/\/ucm.one\/de\/produkt-kategorie\/genre-film-de\/fantasy-de\/\">Fantasy<\/a><\/strong><b><\/b><\/p>\n<p>Jahr: <strong>2020<\/strong><\/p>\n<p>FSK: <strong>18<\/strong><\/p>\n<p>Formate: <strong>Diverse<\/strong><\/p>\n","protected":false},"featured_media":82279,"comment_status":"open","ping_status":"closed","template":"","meta":{"_acf_changed":false},"product_brand":[],"product_cat":[10358,10323,10324,12093,10328,10331,10332,10333,9708,10343,10357],"product_tag":[12936,12937,9775,11027,11989,12931,12932,12933,12934,12935],"class_list":{"0":"post-71641","1":"product","2":"type-product","3":"status-publish","4":"has-post-thumbnail","6":"product_cat-action-de","7":"product_cat-m-square-pictures-de","8":"product_cat-m-square-classics-de","9":"product_cat-klassiker-de","10":"product_cat-fantasy-de","11":"product_cat-dvd-de","12":"product_cat-blu-ray-de","13":"product_cat-mediabooks-de","14":"product_cat-filme-de","15":"product_cat-u8-films-berlin-de","16":"product_cat-abenteuer","17":"product_tag-penelope-reed","18":"product_tag-joseph-whi","19":"product_tag-roger-corman","20":"product_tag-science-fiction","21":"product_tag-fantasy","22":"product_tag-im-reich-der-amazonen","23":"product_tag-amazons","24":"product_tag-alejandro-sessa","25":"product_tag-mindi-miller","26":"product_tag-hector-olivera","27":"pa_format-mediabook-blu-ray-dvd","28":"pa_format-dvd","29":"pa_format-blu-ray-de","30":"description-off","32":"first","33":"outofstock","34":"sale","35":"taxable","36":"shipping-taxable","37":"purchasable","38":"product-type-variable"},"acf":[],"yoast_head":"<!-- This site is optimized with the Yoast SEO plugin v27.5 - https:\/\/yoast.com\/product\/yoast-seo-wordpress\/ -->\n<title>Im Reich der Amazonen<\/title>\n<meta name=\"description\" content=\"Shop | Im Reich der Amazonen | 2020 | M-Square Classics | Limitiertes Mediabook + Blu-Ray + DVD | FSK 18\" \/>\n<meta name=\"robots\" content=\"index, follow, max-snippet:-1, max-image-preview:large, max-video-preview:-1\" \/>\n<link rel=\"canonical\" href=\"https:\/\/ucm.one\/de\/produkt\/im-reich-der-amazonen\/\" \/>\n<meta property=\"og:locale\" content=\"de_DE\" \/>\n<meta property=\"og:type\" content=\"article\" \/>\n<meta property=\"og:title\" content=\"Im Reich der Amazonen\" \/>\n<meta property=\"og:description\" content=\"Shop | Im Reich der Amazonen | 2020 | M-Square Classics | Limitiertes Mediabook + Blu-Ray + DVD | FSK 18\" \/>\n<meta property=\"og:url\" content=\"https:\/\/ucm.one\/de\/produkt\/im-reich-der-amazonen\/\" \/>\n<meta property=\"og:site_name\" content=\"UCM.ONE\" \/>\n<meta property=\"article:modified_time\" content=\"2025-11-08T11:48:52+00:00\" \/>\n<meta property=\"og:image\" content=\"https:\/\/ucm.one\/wp-content\/uploads\/2022\/07\/C-Im-Reich-der-Amazonen-MB-2D-FSK12.jpg\" \/>\n<meta name=\"twitter:card\" content=\"summary_large_image\" \/>\n<meta name=\"twitter:title\" content=\"Im Reich der Amazonen\" \/>\n<meta name=\"twitter:description\" content=\"Shop | Im Reich der Amazonen | 2020 | M-Square Classics | Limitiertes Mediabook + Blu-Ray + DVD | FSK 18\" \/>\n<meta name=\"twitter:image\" content=\"https:\/\/ucm.one\/wp-content\/uploads\/2022\/07\/C-Im-Reich-der-Amazonen-MB-2D-FSK12.jpg\" \/>\n<meta name=\"twitter:label1\" content=\"Gesch\u00e4tzte Lesezeit\" \/>\n\t<meta name=\"twitter:data1\" content=\"1\u00a0Minute\" \/>\n<!-- \/ Yoast SEO plugin. -->","yoast_head_json":{"title":"Im Reich der Amazonen","description":"Shop | Im Reich der Amazonen | 2020 | M-Square Classics | Limitiertes Mediabook + Blu-Ray + DVD | FSK 18","robots":{"index":"index","follow":"follow","max-snippet":"max-snippet:-1","max-image-preview":"max-image-preview:large","max-video-preview":"max-video-preview:-1"},"canonical":"https:\/\/ucm.one\/de\/produkt\/im-reich-der-amazonen\/","og_locale":"de_DE","og_type":"article","og_title":"Im Reich der Amazonen","og_description":"Shop | Im Reich der Amazonen | 2020 | M-Square Classics | Limitiertes Mediabook + Blu-Ray + DVD | FSK 18","og_url":"https:\/\/ucm.one\/de\/produkt\/im-reich-der-amazonen\/","og_site_name":"UCM.ONE","article_modified_time":"2025-11-08T11:48:52+00:00","og_image":[{"url":"https:\/\/ucm.one\/wp-content\/uploads\/2022\/07\/C-Im-Reich-der-Amazonen-MB-2D-FSK12.jpg","type":"","width":"","height":""}],"twitter_card":"summary_large_image","twitter_title":"Im Reich der Amazonen","twitter_description":"Shop | Im Reich der Amazonen | 2020 | M-Square Classics | Limitiertes Mediabook + Blu-Ray + DVD | FSK 18","twitter_image":"https:\/\/ucm.one\/wp-content\/uploads\/2022\/07\/C-Im-Reich-der-Amazonen-MB-2D-FSK12.jpg","twitter_misc":{"Gesch\u00e4tzte Lesezeit":"1\u00a0Minute"},"schema":{"@context":"https:\/\/schema.org","@graph":[{"@type":"WebPage","@id":"https:\/\/ucm.one\/de\/produkt\/im-reich-der-amazonen\/","url":"https:\/\/ucm.one\/de\/produkt\/im-reich-der-amazonen\/","name":"Im Reich der Amazonen","isPartOf":{"@id":"https:\/\/ucm.one\/de\/#website"},"primaryImageOfPage":{"@id":"https:\/\/ucm.one\/de\/produkt\/im-reich-der-amazonen\/#primaryimage"},"image":{"@id":"https:\/\/ucm.one\/de\/produkt\/im-reich-der-amazonen\/#primaryimage"},"thumbnailUrl":"https:\/\/ucm.one\/wp-content\/uploads\/2020\/10\/C-Amazonen.jpg","datePublished":"2020-10-23T23:27:56+00:00","dateModified":"2025-11-08T11:48:52+00:00","description":"Shop | Im Reich der Amazonen | 2020 | M-Square Classics | Limitiertes Mediabook + Blu-Ray + DVD | FSK 18","breadcrumb":{"@id":"https:\/\/ucm.one\/de\/produkt\/im-reich-der-amazonen\/#breadcrumb"},"inLanguage":"de","potentialAction":[{"@type":"ReadAction","target":["https:\/\/ucm.one\/de\/produkt\/im-reich-der-amazonen\/"]}]},{"@type":"ImageObject","inLanguage":"de","@id":"https:\/\/ucm.one\/de\/produkt\/im-reich-der-amazonen\/#primaryimage","url":"https:\/\/ucm.one\/wp-content\/uploads\/2020\/10\/C-Amazonen.jpg","contentUrl":"https:\/\/ucm.one\/wp-content\/uploads\/2020\/10\/C-Amazonen.jpg","width":699,"height":1000},{"@type":"BreadcrumbList","@id":"https:\/\/ucm.one\/de\/produkt\/im-reich-der-amazonen\/#breadcrumb","itemListElement":[{"@type":"ListItem","position":1,"name":"Home","item":"https:\/\/ucm.one\/de\/"},{"@type":"ListItem","position":2,"name":"Shop","item":"https:\/\/ucm.one\/de\/shop\/"},{"@type":"ListItem","position":3,"name":"Im Reich der Amazonen"}]},{"@type":"WebSite","@id":"https:\/\/ucm.one\/de\/#website","url":"https:\/\/ucm.one\/de\/","name":"UCM.ONE","description":"","publisher":{"@id":"https:\/\/ucm.one\/de\/#organization"},"potentialAction":[{"@type":"SearchAction","target":{"@type":"EntryPoint","urlTemplate":"https:\/\/ucm.one\/de\/?s={search_term_string}"},"query-input":{"@type":"PropertyValueSpecification","valueRequired":true,"valueName":"search_term_string"}}],"inLanguage":"de"},{"@type":"Organization","@id":"https:\/\/ucm.one\/de\/#organization","name":"UCM.ONE","url":"https:\/\/ucm.one\/de\/","logo":{"@type":"ImageObject","inLanguage":"de","@id":"https:\/\/ucm.one\/de\/#\/schema\/logo\/image\/","url":"https:\/\/ucm.one\/wp-content\/uploads\/2019\/10\/UCM.ONE-Logo-RGB.svg","contentUrl":"https:\/\/ucm.one\/wp-content\/uploads\/2019\/10\/UCM.ONE-Logo-RGB.svg","width":1,"height":1,"caption":"UCM.ONE"},"image":{"@id":"https:\/\/ucm.one\/de\/#\/schema\/logo\/image\/"}}]}},"_links":{"self":[{"href":"https:\/\/ucm.one\/de\/wp-json\/wp\/v2\/product\/71641","targetHints":{"allow":["GET"]}}],"collection":[{"href":"https:\/\/ucm.one\/de\/wp-json\/wp\/v2\/product"}],"about":[{"href":"https:\/\/ucm.one\/de\/wp-json\/wp\/v2\/types\/product"}],"replies":[{"embeddable":true,"href":"https:\/\/ucm.one\/de\/wp-json\/wp\/v2\/comments?post=71641"}],"wp:featuredmedia":[{"embeddable":true,"href":"https:\/\/ucm.one\/de\/wp-json\/wp\/v2\/media\/82279"}],"wp:attachment":[{"href":"https:\/\/ucm.one\/de\/wp-json\/wp\/v2\/media?parent=71641"}],"wp:term":[{"taxonomy":"product_brand","embeddable":true,"href":"https:\/\/ucm.one\/de\/wp-json\/wp\/v2\/product_brand?post=71641"},{"taxonomy":"product_cat","embeddable":true,"href":"https:\/\/ucm.one\/de\/wp-json\/wp\/v2\/product_cat?post=71641"},{"taxonomy":"product_tag","embeddable":true,"href":"https:\/\/ucm.one\/de\/wp-json\/wp\/v2\/product_tag?post=71641"}],"curies":[{"name":"wp","href":"https:\/\/api.w.org\/{rel}","templated":true}]}}