{"id":71605,"date":"2019-09-27T20:42:01","date_gmt":"2019-09-27T20:42:01","guid":{"rendered":"https:\/\/ucm.one\/?post_type=product&#038;p=71605"},"modified":"2026-03-10T19:01:29","modified_gmt":"2026-03-10T19:01:29","slug":"hell-night","status":"publish","type":"product","link":"https:\/\/ucm.one\/de\/produkt\/hell-night\/","title":{"rendered":"Hell Night"},"content":{"rendered":"<div class=\"wpb_text_column wpb_content_element \">\n<div class=\"wpb_wrapper\">\n<div class=\"\">\n<div class=\"wpb_text_column wpb_content_element \">\n<div class=\"wpb_wrapper\">\n<div class=\"wpb_text_column wpb_content_element \">\n<div class=\"wpb_wrapper\">\n<p>Als H\u00f6hepunkt einer Aufnahmepr\u00fcfung zur studentischen Verbindung \u201eAlpha Sigma Rho\u201c sollen die vier jungen Verbindungsanw\u00e4rter Marti (<strong>Linda Blair<\/strong>), Jeff (<strong>Peter Barton<\/strong>), Denise (<strong>Suki Goodwin<\/strong>) und Seth (<strong>Vincent van Patten<\/strong>) eine Nacht im stadtbekannten, altherrschaftlichen Spukhaus Garth Manor verbringen. Angeblich soll der Hausherr dort vor zw\u00f6lf Jahren seine Ehefrau, drei seiner missgestalteten Kinder und schlie\u00dflich sich selbst umgebracht und seinen j\u00fcngsten Sohn, den schwachsinnigen Andrew, allein zur\u00fcckgelassen haben. Gruselgeschichten berichten nat\u00fcrlich, dass der Ungl\u00fcckliche immer noch durch das Haus wandelt, was aber selbst die Initiatoren der Aufnahmepr\u00fcfung nicht glauben. Doch bei den Streichen, die sie den vier Bewerbern spielen, werden sie pl\u00f6tzlich von einem Killer \u00fcberrascht und aus der Mutprobe und dem anf\u00e4nglichen Vergn\u00fcgen wird schnell blutiger Ernst\u2026<\/p>\n<p>Der ehemals indizierte Kult-Horror-Slasher vom Produzenten <strong>Irwin Yanlans<\/strong>, dem Macher der ersten drei legend\u00e4ren <strong>Halloween<\/strong>-Filme, ist dazu mit Linda Blair aus <strong>Der Exorzist<\/strong> fantastisch besetzt!<\/p>\n<\/div>\n<\/div>\n<\/div>\n<\/div>\n<\/div>\n<\/div>\n<\/div>\n<div><div class=\"gap\" style=\"line-height: 20px; height: 20px;\"><\/div><\/div>\n<h5>Weitere Informationen<\/h5>\n<div>\n<div>\n<table style=\"height: 46px;width: 100%;border-collapse: collapse;border-color: #ffffff;background-color: #ffffff;border-style: hidden\">\n<tbody>\n<tr style=\"height: 23px;border-style: hidden;border-color: #ffffff;background-color: #ffffff\">\n<td style=\"width: 4.701195219123506%;height: 23px;border-style: hidden\">Film:<\/td>\n<td style=\"width: 95.29880478087651%;height: 23px;border-style: hidden\"><a title=\"Hell Night\" href=\"https:\/\/ucm.one\/de\/hell-night\/\">Hell Night<\/a><\/td>\n<\/tr>\n<tr style=\"height: 23px\">\n<td style=\"width: 4.701195219123506%;height: 23px;border-style: hidden\">Label:<\/td>\n<td style=\"width: 95.29880478087651%;height: 23px;border-style: hidden\"><a title=\"M-Square Pictures\" href=\"https:\/\/ucm.one\/de\/film-labels\/m-square-pictures\/#m-square-classics\">M-Square Classics<\/a><\/td>\n<\/tr>\n<\/tbody>\n<\/table>\n<\/div>\n<div><\/div>\n<\/div>\n<div>\n<div><div class=\"gap\" style=\"line-height: 10px; height: 10px;\"><\/div><\/div>\n<div>\u2117 1981\u00a0<strong>BLT Productions, Media Home Entertainment<\/strong>, \u00a9 2019 <strong>M-Square Classics<\/strong> \/ <span style=\"font-family: 'arial black', sans-serif\"><strong>UCM.ONE<\/strong><\/span><\/div>\n<div><div class=\"gap\" style=\"line-height: 20px; height: 20px;\"><\/div><\/div>\n<div>\n<div><\/div>\n<div>\n<div><div class=\"gap\" style=\"line-height: 10px; height: 10px;\"><\/div><\/div>\n<div><span style=\"color: #003a80\"><strong>\u27a0 <a style=\"color: #003a80\" href=\"https:\/\/ucm.one\/de\/produkt-kategorie\/art-de\/filme-de\/\">zum Shop<\/a><\/strong><\/span><\/div>\n<div><div class=\"gap\" style=\"line-height: 20px; height: 20px;\"><\/div><\/div>\n<\/div>\n<\/div>\n<\/div>\n","protected":false},"excerpt":{"rendered":"<p>Regie: <a title=\"Tom DeSimone\" href=\"https:\/\/ucm.one\/de\/?s=%22Tom+DeSimone%22&amp;post_type=product\"><strong>Tom DeSimone<\/strong><\/a><\/p>\n<p>Label: <a title=\"M-Square Pictures\" href=\"https:\/\/ucm.one\/de\/produkt-kategorie\/label-film-de\/m-square-classics-de\"><strong>M-Square Classics<\/strong><\/a><\/p>\n<p>Art:\u00a0<strong><a href=\"https:\/\/ucm.one\/de\/produkt-kategorie\/art-de\/filme-de\/\">Film<\/a> (Spielfilm)<\/strong><\/p>\n<p>Genre: <a href=\"https:\/\/ucm.one\/de\/produkt-kategorie\/genre-film-de\/horror-de\/\"><b>Horror<\/b><\/a><b>, <\/b><b><\/b><b><a href=\"https:\/\/ucm.one\/de\/produkt-kategorie\/genre-film-de\/horror-de\/slasher-de\/\">Slasher<\/a><\/b><\/p>\n<p>Jahr: <strong>2019<\/strong><\/p>\n<p>FSK: <strong>18<\/strong><\/p>\n<p>Formate: <strong>Diverse<\/strong><\/p>\n","protected":false},"featured_media":71609,"comment_status":"open","ping_status":"closed","template":"","meta":{"_acf_changed":false},"product_brand":[],"product_cat":[10332,10333,9708,11948,12093,10323,10324,10327,10331],"product_tag":[12923,12924,12925,10349,12926,12927,12928,12919,12920,10326,12921,12922],"class_list":{"0":"post-71605","1":"product","2":"type-product","3":"status-publish","4":"has-post-thumbnail","6":"product_cat-blu-ray-de","7":"product_cat-mediabooks-de","8":"product_cat-filme-de","9":"product_cat-slasher-de","10":"product_cat-klassiker-de","11":"product_cat-m-square-pictures-de","12":"product_cat-m-square-classics-de","13":"product_cat-horror-de","14":"product_cat-dvd-de","15":"product_tag-halloween","16":"product_tag-linda-blair","17":"product_tag-vincent-van-patten","18":"product_tag-horror","19":"product_tag-peter-barton","20":"product_tag-kevin-brophy","21":"product_tag-jenny-neumann","22":"product_tag-hell-night","23":"product_tag-mediabook","24":"product_tag-m-square-classics","25":"product_tag-tom-desimone","26":"product_tag-irwin-yanlans","27":"pa_format-dvd","28":"pa_format-blu-ray-de","29":"pa_format-mediabook-blu-ray-dvd-auflage-2019","30":"pa_format-mediabook-blu-ray-dvd-auflage-2020","31":"description-off","33":"first","34":"instock","35":"sale","36":"taxable","37":"shipping-taxable","38":"purchasable","39":"product-type-variable"},"acf":[],"yoast_head":"<!-- This site is optimized with the Yoast SEO plugin v27.2 - https:\/\/yoast.com\/product\/yoast-seo-wordpress\/ -->\n<title>Hell Night<\/title>\n<meta name=\"description\" content=\"Shop | Hell Night | 2019 &amp; 2020 | M-Square Classics | Limitierte Mediabooks + Blu-Rays + DVD | FSK 18\" \/>\n<meta name=\"robots\" content=\"index, follow, max-snippet:-1, max-image-preview:large, max-video-preview:-1\" \/>\n<link rel=\"canonical\" href=\"https:\/\/ucm.one\/de\/produkt\/hell-night\/\" \/>\n<meta property=\"og:locale\" content=\"de_DE\" \/>\n<meta property=\"og:type\" content=\"article\" \/>\n<meta property=\"og:title\" content=\"Hell Night\" \/>\n<meta property=\"og:description\" content=\"Shop | Hell Night | 2019 &amp; 2020 | M-Square Classics | Limitierte Mediabooks + Blu-Rays + DVD | FSK 18\" \/>\n<meta property=\"og:url\" content=\"https:\/\/ucm.one\/de\/produkt\/hell-night\/\" \/>\n<meta property=\"og:site_name\" content=\"UCM.ONE\" \/>\n<meta property=\"article:modified_time\" content=\"2026-03-10T19:01:29+00:00\" \/>\n<meta property=\"og:image\" content=\"https:\/\/ucm.one\/wp-content\/uploads\/2022\/07\/C-Hell-Night-MB1-2D-FSK-18.jpg\" \/>\n<meta name=\"twitter:card\" content=\"summary_large_image\" \/>\n<meta name=\"twitter:title\" content=\"Hell Night\" \/>\n<meta name=\"twitter:description\" content=\"Shop | Hell Night | 2019 &amp; 2020 | M-Square Classics | Limitierte Mediabooks + Blu-Rays + DVD | FSK 18\" \/>\n<meta name=\"twitter:image\" content=\"https:\/\/ucm.one\/wp-content\/uploads\/2022\/07\/C-Hell-Night-MB1-2D-FSK-18.jpg\" \/>\n<meta name=\"twitter:label1\" content=\"Gesch\u00e4tzte Lesezeit\" \/>\n\t<meta name=\"twitter:data1\" content=\"2\u00a0Minuten\" \/>\n<!-- \/ Yoast SEO plugin. -->","yoast_head_json":{"title":"Hell Night","description":"Shop | Hell Night | 2019 & 2020 | M-Square Classics | Limitierte Mediabooks + Blu-Rays + DVD | FSK 18","robots":{"index":"index","follow":"follow","max-snippet":"max-snippet:-1","max-image-preview":"max-image-preview:large","max-video-preview":"max-video-preview:-1"},"canonical":"https:\/\/ucm.one\/de\/produkt\/hell-night\/","og_locale":"de_DE","og_type":"article","og_title":"Hell Night","og_description":"Shop | Hell Night | 2019 & 2020 | M-Square Classics | Limitierte Mediabooks + Blu-Rays + DVD | FSK 18","og_url":"https:\/\/ucm.one\/de\/produkt\/hell-night\/","og_site_name":"UCM.ONE","article_modified_time":"2026-03-10T19:01:29+00:00","og_image":[{"url":"https:\/\/ucm.one\/wp-content\/uploads\/2022\/07\/C-Hell-Night-MB1-2D-FSK-18.jpg","type":"","width":"","height":""}],"twitter_card":"summary_large_image","twitter_title":"Hell Night","twitter_description":"Shop | Hell Night | 2019 & 2020 | M-Square Classics | Limitierte Mediabooks + Blu-Rays + DVD | FSK 18","twitter_image":"https:\/\/ucm.one\/wp-content\/uploads\/2022\/07\/C-Hell-Night-MB1-2D-FSK-18.jpg","twitter_misc":{"Gesch\u00e4tzte Lesezeit":"2\u00a0Minuten"},"schema":{"@context":"https:\/\/schema.org","@graph":[{"@type":"WebPage","@id":"https:\/\/ucm.one\/de\/produkt\/hell-night\/","url":"https:\/\/ucm.one\/de\/produkt\/hell-night\/","name":"Hell Night","isPartOf":{"@id":"https:\/\/ucm.one\/de\/#website"},"primaryImageOfPage":{"@id":"https:\/\/ucm.one\/de\/produkt\/hell-night\/#primaryimage"},"image":{"@id":"https:\/\/ucm.one\/de\/produkt\/hell-night\/#primaryimage"},"thumbnailUrl":"https:\/\/ucm.one\/wp-content\/uploads\/2022\/07\/C-Hell-Night-MB1-2D-FSK-18.jpg","datePublished":"2019-09-27T20:42:01+00:00","dateModified":"2026-03-10T19:01:29+00:00","description":"Shop | Hell Night | 2019 & 2020 | M-Square Classics | Limitierte Mediabooks + Blu-Rays + DVD | FSK 18","breadcrumb":{"@id":"https:\/\/ucm.one\/de\/produkt\/hell-night\/#breadcrumb"},"inLanguage":"de","potentialAction":[{"@type":"ReadAction","target":["https:\/\/ucm.one\/de\/produkt\/hell-night\/"]}]},{"@type":"ImageObject","inLanguage":"de","@id":"https:\/\/ucm.one\/de\/produkt\/hell-night\/#primaryimage","url":"https:\/\/ucm.one\/wp-content\/uploads\/2022\/07\/C-Hell-Night-MB1-2D-FSK-18.jpg","contentUrl":"https:\/\/ucm.one\/wp-content\/uploads\/2022\/07\/C-Hell-Night-MB1-2D-FSK-18.jpg","width":699,"height":1000},{"@type":"BreadcrumbList","@id":"https:\/\/ucm.one\/de\/produkt\/hell-night\/#breadcrumb","itemListElement":[{"@type":"ListItem","position":1,"name":"Home","item":"https:\/\/ucm.one\/de\/"},{"@type":"ListItem","position":2,"name":"Shop","item":"https:\/\/ucm.one\/de\/shop\/"},{"@type":"ListItem","position":3,"name":"Hell Night"}]},{"@type":"WebSite","@id":"https:\/\/ucm.one\/de\/#website","url":"https:\/\/ucm.one\/de\/","name":"UCM.ONE","description":"","publisher":{"@id":"https:\/\/ucm.one\/de\/#organization"},"potentialAction":[{"@type":"SearchAction","target":{"@type":"EntryPoint","urlTemplate":"https:\/\/ucm.one\/de\/?s={search_term_string}"},"query-input":{"@type":"PropertyValueSpecification","valueRequired":true,"valueName":"search_term_string"}}],"inLanguage":"de"},{"@type":"Organization","@id":"https:\/\/ucm.one\/de\/#organization","name":"UCM.ONE","url":"https:\/\/ucm.one\/de\/","logo":{"@type":"ImageObject","inLanguage":"de","@id":"https:\/\/ucm.one\/de\/#\/schema\/logo\/image\/","url":"https:\/\/ucm.one\/wp-content\/uploads\/2019\/10\/UCM.ONE-Logo-RGB.svg","contentUrl":"https:\/\/ucm.one\/wp-content\/uploads\/2019\/10\/UCM.ONE-Logo-RGB.svg","width":1,"height":1,"caption":"UCM.ONE"},"image":{"@id":"https:\/\/ucm.one\/de\/#\/schema\/logo\/image\/"}}]}},"_links":{"self":[{"href":"https:\/\/ucm.one\/de\/wp-json\/wp\/v2\/product\/71605","targetHints":{"allow":["GET"]}}],"collection":[{"href":"https:\/\/ucm.one\/de\/wp-json\/wp\/v2\/product"}],"about":[{"href":"https:\/\/ucm.one\/de\/wp-json\/wp\/v2\/types\/product"}],"replies":[{"embeddable":true,"href":"https:\/\/ucm.one\/de\/wp-json\/wp\/v2\/comments?post=71605"}],"wp:featuredmedia":[{"embeddable":true,"href":"https:\/\/ucm.one\/de\/wp-json\/wp\/v2\/media\/71609"}],"wp:attachment":[{"href":"https:\/\/ucm.one\/de\/wp-json\/wp\/v2\/media?parent=71605"}],"wp:term":[{"taxonomy":"product_brand","embeddable":true,"href":"https:\/\/ucm.one\/de\/wp-json\/wp\/v2\/product_brand?post=71605"},{"taxonomy":"product_cat","embeddable":true,"href":"https:\/\/ucm.one\/de\/wp-json\/wp\/v2\/product_cat?post=71605"},{"taxonomy":"product_tag","embeddable":true,"href":"https:\/\/ucm.one\/de\/wp-json\/wp\/v2\/product_tag?post=71605"}],"curies":[{"name":"wp","href":"https:\/\/api.w.org\/{rel}","templated":true}]}}