{"id":70615,"date":"2015-08-20T14:55:30","date_gmt":"2015-08-20T14:55:30","guid":{"rendered":"https:\/\/ucm.one\/?post_type=product&#038;p=70615"},"modified":"2023-07-31T14:12:12","modified_gmt":"2023-07-31T14:12:12","slug":"liebe-mich","status":"publish","type":"product","link":"https:\/\/ucm.one\/de\/produkt\/liebe-mich\/","title":{"rendered":"Liebe mich!"},"content":{"rendered":"<div class=\"wpb_text_column wpb_content_element \">\n<div class=\"wpb_wrapper\">\n<div class=\"\">\n<div class=\"wpb_text_column wpb_content_element \">\n<div class=\"wpb_wrapper\">\n<div class=\"wpb_text_column wpb_content_element \">\n<div class=\"wpb_wrapper\">\n<p>In hohem Bogen fliegt es aus dem Fenster, Sarahs sauteures MacBook. Ein Totalschaden. Und alles nur, weil sie die Nacht mit ihrem besten Freund verbracht hat und dieser nicht gewillt ist, mit ihr zu fr\u00fchst\u00fccken oder ihr ewige Liebe zu schw\u00f6ren. Da kann man schon mal austicken, wenn man so impulsiv und kompromisslos wie Sarah ist. Dumm nur, dass ihre gesamte Arbeit der letzten Wochen auf dem Laptop war \u2026<\/p>\n<p>Ob das der nette Typ aus dem Computerladen wieder richten kann? Ob er vielleicht ihr ganzes Leben wieder richten kann? Er versucht beides. Und Sarah l\u00e4sst es sich gefallen, denn hinter ihrem lauten Get\u00f6se steckt vor allem eines: Der Wunsch nach Liebe. Doch sie w\u00e4re nicht Sarah, wenn sie das alles nicht wieder kaputt machen w\u00fcrde, sich ins Berliner Partyleben st\u00fcrzen, Sex mit einem Fremden auf dem Klo haben und sich mit ihrem Vater \u00fcberwerfen w\u00fcrde. Um dann alles wieder zu bereuen.<\/p>\n<\/div>\n<\/div>\n<\/div>\n<\/div>\n<\/div>\n<\/div>\n<\/div>\n<div><div class=\"gap\" style=\"line-height: 20px; height: 20px;\"><\/div><\/div>\n<h5>Weitere Informationen<\/h5>\n<div>\n<div>\n<table style=\"height: 46px; width: 100%; border-collapse: collapse; border-color: #ffffff; background-color: #ffffff; border-style: hidden;\">\n<tbody>\n<tr style=\"height: 23px; border-style: hidden; border-color: #ffffff; background-color: #ffffff;\">\n<td style=\"width: 4.701195219123506%; height: 23px; border-style: hidden;\">Film:<\/td>\n<td style=\"width: 95.29880478087651%; height: 23px; border-style: hidden;\"><a title=\"Liebe mich!\" href=\"https:\/\/ucm.one\/de\/?s=%22liebe+mich%22&amp;lang=de\">Liebe mich!<\/a><\/td>\n<\/tr>\n<tr style=\"height: 23px;\">\n<td style=\"width: 4.701195219123506%; height: 23px; border-style: hidden;\">Label:<\/td>\n<td style=\"width: 95.29880478087651%; height: 23px; border-style: hidden;\"><a title=\"Darling Berlin\" href=\"https:\/\/ucm.one\/de\/film-labels\/darling-berlin\/\">Darling Berlin<\/a><\/td>\n<\/tr>\n<\/tbody>\n<\/table>\n<\/div>\n<div><\/div>\n<\/div>\n<div>\n<div><div class=\"gap\" style=\"line-height: 10px; height: 10px;\"><\/div><\/div>\n<div><span style=\"font-family: 'arial black', sans-serif;\"><span style=\"font-family: arial, helvetica, sans-serif;\">\u00a9 2017 <strong>Darling Berlin \/ <span style=\"font-family: 'arial black', sans-serif;\">UCM.ONE<\/span><\/strong><\/span><\/span><\/div>\n<div><div class=\"gap\" style=\"line-height: 20px; height: 20px;\"><\/div><\/div>\n<\/div>\n<div>\n<div><\/div>\n<div>\n<div><div class=\"gap\" style=\"line-height: 10px; height: 10px;\"><\/div><\/div>\n<div><span style=\"color: #003a80;\"><strong>\u27a0 <a style=\"color: #003a80;\" href=\"https:\/\/ucm.one\/de\/produkt-kategorie\/art-de\/filme-de\/\">zum Shop<\/a><\/strong><\/span><\/div>\n<div><div class=\"gap\" style=\"line-height: 20px; height: 20px;\"><\/div><\/div>\n<\/div>\n<\/div>\n","protected":false},"excerpt":{"rendered":"<p>Regie: <strong><a title=\"Philipp Eichholtz\" href=\"https:\/\/ucm.one\/de\/?s=%22Philipp+Eichholtz%22&amp;post_type=product\">Philipp Eichholtz<\/a><\/strong><\/p>\n<p>Label:\u00a0<a title=\"\" href=\"https:\/\/ucm.one\/de\/produkt-kategorie\/label-film-de\/darling-berlin-de\/\"><strong>Darling Berlin<\/strong><\/a><\/p>\n<p>Art:\u00a0<strong><a href=\"https:\/\/ucm.one\/de\/produkt-kategorie\/art-de\/filme-de\/\">Film<\/a> (Spielfilm)<\/strong><\/p>\n<p>Genres:\u00a0<b><a href=\"https:\/\/ucm.one\/de\/produkt-kategorie\/genre-film-de\/drama-de\/\">Drama<\/a>, <a href=\"https:\/\/ucm.one\/de\/produkt-kategorie\/genre-film-de\/komoedie-de\/\">Kom\u00f6die<\/a><\/b><\/p>\n<p>Jahr: <strong>2015<\/strong><\/p>\n<p>FSK: <strong>12<\/strong><\/p>\n<p>Format: <strong>DVD<\/strong><\/p>\n","protected":false},"featured_media":70617,"comment_status":"open","ping_status":"closed","template":"","meta":{"_acf_changed":false},"product_brand":[],"product_cat":[10334,10339,10356,13156,9708,10331],"product_tag":[12803,12804,12805,12806,12518,12798,12799,12800,12801,12802],"class_list":{"0":"post-70615","1":"product","2":"type-product","3":"status-publish","4":"has-post-thumbnail","6":"product_cat-drama-de","7":"product_cat-darling-berlin-de","8":"product_cat-komoedie-de","9":"product_cat-arthouse-de","10":"product_cat-filme-de","11":"product_cat-dvd-de","12":"product_tag-david-brizzi","13":"product_tag-gabriele-domschke-gabriele-domschke","14":"product_tag-italo-de-angelis","15":"product_tag-liebe-mich","16":"product_tag-peter-trabner","17":"product_tag-philipp-eichholtz","18":"product_tag-lilli-meinhardt","19":"product_tag-christian-ehrich","20":"product_tag-eva-bay","21":"product_tag-axel-ranisch","22":"product_shipping_class-dvd-2","23":"pa_format-dvd","24":"pa_format-blu-ray-de","25":"description-off","27":"first","28":"instock","29":"sale","30":"taxable","31":"shipping-taxable","32":"purchasable","33":"product-type-variable","34":"has-default-attributes"},"acf":[],"yoast_head":"<!-- This site is optimized with the Yoast SEO plugin v27.5 - https:\/\/yoast.com\/product\/yoast-seo-wordpress\/ -->\n<title>Liebe mich!<\/title>\n<meta name=\"description\" content=\"Shop | Liebe mich! | 2015 | Darling Berlin | DVD | FSK 12\" \/>\n<meta name=\"robots\" content=\"index, follow, max-snippet:-1, max-image-preview:large, max-video-preview:-1\" \/>\n<link rel=\"canonical\" href=\"https:\/\/ucm.one\/de\/produkt\/liebe-mich\/\" \/>\n<meta property=\"og:locale\" content=\"de_DE\" \/>\n<meta property=\"og:type\" content=\"article\" \/>\n<meta property=\"og:title\" content=\"Liebe mich!\" \/>\n<meta property=\"og:description\" content=\"Shop | Liebe mich! | 2015 | Darling Berlin | DVD | FSK 12\" \/>\n<meta property=\"og:url\" content=\"https:\/\/ucm.one\/de\/produkt\/liebe-mich\/\" \/>\n<meta property=\"og:site_name\" content=\"UCM.ONE\" \/>\n<meta property=\"article:modified_time\" content=\"2023-07-31T14:12:12+00:00\" \/>\n<meta property=\"og:image\" content=\"https:\/\/ucm.one\/wp-content\/uploads\/2015\/08\/front-2d-mitfsk.jpg\" \/>\n<meta name=\"twitter:card\" content=\"summary_large_image\" \/>\n<meta name=\"twitter:title\" content=\"Liebe mich!\" \/>\n<meta name=\"twitter:description\" content=\"Shop | Liebe mich! | 2015 | Darling Berlin | DVD | FSK 12\" \/>\n<meta name=\"twitter:image\" content=\"https:\/\/ucm.one\/wp-content\/uploads\/2015\/08\/front-2d-mitfsk.jpg\" \/>\n<meta name=\"twitter:label1\" content=\"Gesch\u00e4tzte Lesezeit\" \/>\n\t<meta name=\"twitter:data1\" content=\"1\u00a0Minute\" \/>\n<!-- \/ Yoast SEO plugin. -->","yoast_head_json":{"title":"Liebe mich!","description":"Shop | Liebe mich! | 2015 | Darling Berlin | DVD | FSK 12","robots":{"index":"index","follow":"follow","max-snippet":"max-snippet:-1","max-image-preview":"max-image-preview:large","max-video-preview":"max-video-preview:-1"},"canonical":"https:\/\/ucm.one\/de\/produkt\/liebe-mich\/","og_locale":"de_DE","og_type":"article","og_title":"Liebe mich!","og_description":"Shop | Liebe mich! | 2015 | Darling Berlin | DVD | FSK 12","og_url":"https:\/\/ucm.one\/de\/produkt\/liebe-mich\/","og_site_name":"UCM.ONE","article_modified_time":"2023-07-31T14:12:12+00:00","og_image":[{"url":"https:\/\/ucm.one\/wp-content\/uploads\/2015\/08\/front-2d-mitfsk.jpg","type":"","width":"","height":""}],"twitter_card":"summary_large_image","twitter_title":"Liebe mich!","twitter_description":"Shop | Liebe mich! | 2015 | Darling Berlin | DVD | FSK 12","twitter_image":"https:\/\/ucm.one\/wp-content\/uploads\/2015\/08\/front-2d-mitfsk.jpg","twitter_misc":{"Gesch\u00e4tzte Lesezeit":"1\u00a0Minute"},"schema":{"@context":"https:\/\/schema.org","@graph":[{"@type":"WebPage","@id":"https:\/\/ucm.one\/de\/produkt\/liebe-mich\/","url":"https:\/\/ucm.one\/de\/produkt\/liebe-mich\/","name":"Liebe mich!","isPartOf":{"@id":"https:\/\/ucm.one\/de\/#website"},"primaryImageOfPage":{"@id":"https:\/\/ucm.one\/de\/produkt\/liebe-mich\/#primaryimage"},"image":{"@id":"https:\/\/ucm.one\/de\/produkt\/liebe-mich\/#primaryimage"},"thumbnailUrl":"https:\/\/ucm.one\/wp-content\/uploads\/2015\/08\/front-2d-mitfsk.jpg","datePublished":"2015-08-20T14:55:30+00:00","dateModified":"2023-07-31T14:12:12+00:00","description":"Shop | Liebe mich! | 2015 | Darling Berlin | DVD | FSK 12","breadcrumb":{"@id":"https:\/\/ucm.one\/de\/produkt\/liebe-mich\/#breadcrumb"},"inLanguage":"de","potentialAction":[{"@type":"ReadAction","target":["https:\/\/ucm.one\/de\/produkt\/liebe-mich\/"]}]},{"@type":"ImageObject","inLanguage":"de","@id":"https:\/\/ucm.one\/de\/produkt\/liebe-mich\/#primaryimage","url":"https:\/\/ucm.one\/wp-content\/uploads\/2015\/08\/front-2d-mitfsk.jpg","contentUrl":"https:\/\/ucm.one\/wp-content\/uploads\/2015\/08\/front-2d-mitfsk.jpg","width":699,"height":1000},{"@type":"BreadcrumbList","@id":"https:\/\/ucm.one\/de\/produkt\/liebe-mich\/#breadcrumb","itemListElement":[{"@type":"ListItem","position":1,"name":"Home","item":"https:\/\/ucm.one\/de\/"},{"@type":"ListItem","position":2,"name":"Shop","item":"https:\/\/ucm.one\/de\/shop\/"},{"@type":"ListItem","position":3,"name":"Liebe mich!"}]},{"@type":"WebSite","@id":"https:\/\/ucm.one\/de\/#website","url":"https:\/\/ucm.one\/de\/","name":"UCM.ONE","description":"","publisher":{"@id":"https:\/\/ucm.one\/de\/#organization"},"potentialAction":[{"@type":"SearchAction","target":{"@type":"EntryPoint","urlTemplate":"https:\/\/ucm.one\/de\/?s={search_term_string}"},"query-input":{"@type":"PropertyValueSpecification","valueRequired":true,"valueName":"search_term_string"}}],"inLanguage":"de"},{"@type":"Organization","@id":"https:\/\/ucm.one\/de\/#organization","name":"UCM.ONE","url":"https:\/\/ucm.one\/de\/","logo":{"@type":"ImageObject","inLanguage":"de","@id":"https:\/\/ucm.one\/de\/#\/schema\/logo\/image\/","url":"https:\/\/ucm.one\/wp-content\/uploads\/2019\/10\/UCM.ONE-Logo-RGB.svg","contentUrl":"https:\/\/ucm.one\/wp-content\/uploads\/2019\/10\/UCM.ONE-Logo-RGB.svg","width":1,"height":1,"caption":"UCM.ONE"},"image":{"@id":"https:\/\/ucm.one\/de\/#\/schema\/logo\/image\/"}}]}},"_links":{"self":[{"href":"https:\/\/ucm.one\/de\/wp-json\/wp\/v2\/product\/70615","targetHints":{"allow":["GET"]}}],"collection":[{"href":"https:\/\/ucm.one\/de\/wp-json\/wp\/v2\/product"}],"about":[{"href":"https:\/\/ucm.one\/de\/wp-json\/wp\/v2\/types\/product"}],"replies":[{"embeddable":true,"href":"https:\/\/ucm.one\/de\/wp-json\/wp\/v2\/comments?post=70615"}],"wp:featuredmedia":[{"embeddable":true,"href":"https:\/\/ucm.one\/de\/wp-json\/wp\/v2\/media\/70617"}],"wp:attachment":[{"href":"https:\/\/ucm.one\/de\/wp-json\/wp\/v2\/media?parent=70615"}],"wp:term":[{"taxonomy":"product_brand","embeddable":true,"href":"https:\/\/ucm.one\/de\/wp-json\/wp\/v2\/product_brand?post=70615"},{"taxonomy":"product_cat","embeddable":true,"href":"https:\/\/ucm.one\/de\/wp-json\/wp\/v2\/product_cat?post=70615"},{"taxonomy":"product_tag","embeddable":true,"href":"https:\/\/ucm.one\/de\/wp-json\/wp\/v2\/product_tag?post=70615"}],"curies":[{"name":"wp","href":"https:\/\/api.w.org\/{rel}","templated":true}]}}