{"id":70582,"date":"2015-06-04T12:24:46","date_gmt":"2015-06-04T12:24:46","guid":{"rendered":"https:\/\/ucm.one\/?post_type=product&#038;p=70582"},"modified":"2024-04-22T14:42:30","modified_gmt":"2024-04-22T14:42:30","slug":"nachthelle","status":"publish","type":"product","link":"https:\/\/ucm.one\/de\/produkt\/nachthelle\/","title":{"rendered":"Nachthelle"},"content":{"rendered":"<div class=\"wpb_text_column wpb_content_element \">\n<div class=\"wpb_wrapper\">\n<div class=\"\">\n<div class=\"wpb_text_column wpb_content_element \">\n<div class=\"wpb_wrapper\">\n<div class=\"wpb_text_column wpb_content_element \">\n<div class=\"wpb_wrapper\">\n<p>Es verspricht, ein idyllisch-sentimentales Wochenende zu werden. \u2013 Die Liebespaare ANNA und STEFAN und BERND und MARC treffen sich in ihrer alten Heimat. Der expandierende Kohletagebau, der bald Dorf, Wiesen und W\u00e4lder verschlucken wird, hat den Ort entv\u00f6lkert. Die alte Schule ist verfallen, die Toten auf dem Friedhof wurden exhumiert und dennoch genie\u00dfen die vier ihre Zeit in der todgeweihten Gegend und schwelgen in Erinnerungen. Doch eine alte Schuld dr\u00e4ngt sich vehement in Annas Bewusstsein. Der Ort ihrer Jugend hat eine bedrohliche Wirkung auf sie: Sie wird von Alptr\u00e4umen heimgesucht, etwas Unheimliches dr\u00e4ngt an die Oberfl\u00e4che, w\u00e4hrend sich haushohe F\u00f6rdermaschinen unaufh\u00f6rlich n\u00e4her graben. Damit nicht genug, f\u00fchlt sich Stefan von der offenen Beziehung der beiden M\u00e4nner angezogen, was sich Marc zunutze macht, um mit Annas angeschlagener Psyche zu spielen.<\/p>\n<p>Die sonst so souver\u00e4ne Anna muss erfahren, wie ihr erst das gut strukturierte Leben und dann der Freund entgleiten \u2013 und sie muss lernen, dass einzig die Konfrontation mit den D\u00e4monen ihrer Vergangenheit einen Ausweg bietet.<\/p>\n<\/div>\n<\/div>\n<\/div>\n<\/div>\n<\/div>\n<\/div>\n<\/div>\n<div><div class=\"gap\" style=\"line-height: 20px; height: 20px;\"><\/div><\/div>\n<h5>Weitere Informationen<\/h5>\n<div>\n<div>\n<table style=\"height: 46px; width: 100%; border-collapse: collapse; border-color: #ffffff; background-color: #ffffff; border-style: hidden;\">\n<tbody>\n<tr style=\"height: 23px; border-style: hidden; border-color: #ffffff; background-color: #ffffff;\">\n<td style=\"width: 4.701195219123506%; height: 23px; border-style: hidden;\">Film:<\/td>\n<td style=\"width: 95.29880478087651%; height: 23px; border-style: hidden;\"><a title=\"Nachthelle\" href=\"https:\/\/ucm.one\/de\/?s=nachthelle&amp;lang=de\">Nachthelle<\/a><\/td>\n<\/tr>\n<tr style=\"height: 23px;\">\n<td style=\"width: 4.701195219123506%; height: 23px; border-style: hidden;\">Label:<\/td>\n<td style=\"width: 95.29880478087651%; height: 23px; border-style: hidden;\"><a title=\"Darling Berlin\" href=\"https:\/\/ucm.one\/de\/film-labels\/darling-berlin\/\">Darling Berlin<\/a><\/td>\n<\/tr>\n<\/tbody>\n<\/table>\n<\/div>\n<div><\/div>\n<\/div>\n<div>\n<div><div class=\"gap\" style=\"line-height: 10px; height: 10px;\"><\/div><\/div>\n<div><span style=\"font-family: 'arial black', sans-serif;\"><span style=\"font-family: arial, helvetica, sans-serif;\">\u00a9 2017 <strong>Darling Berlin \/ <span style=\"font-family: 'arial black', sans-serif;\">UCM.ONE<\/span><\/strong><\/span><\/span><\/div>\n<div><div class=\"gap\" style=\"line-height: 20px; height: 20px;\"><\/div><\/div>\n<\/div>\n<div>\n<div><\/div>\n<div>\n<div><div class=\"gap\" style=\"line-height: 10px; height: 10px;\"><\/div><\/div>\n<div><span style=\"color: #003a80;\"><strong>\u27a0 <a style=\"color: #003a80;\" href=\"https:\/\/ucm.one\/de\/produkt-kategorie\/art-de\/filme-de\/\">zum Shop<\/a><\/strong><\/span><\/div>\n<div><div class=\"gap\" style=\"line-height: 20px; height: 20px;\"><\/div><\/div>\n<\/div>\n<\/div>\n","protected":false},"excerpt":{"rendered":"<p>Regie: <strong><a title=\"Florian Gottschick\" href=\"https:\/\/ucm.one\/de\/?s=%22Florian+Gottschick%22&amp;post_type=product\">Florian Gottschick<\/a><\/strong><\/p>\n<p>Label:\u00a0<a title=\"\" href=\"https:\/\/ucm.one\/de\/produkt-kategorie\/label-film-de\/darling-berlin-de\/\"><strong>Darling Berlin<\/strong><\/a><\/p>\n<p>Art:\u00a0<strong><a href=\"https:\/\/ucm.one\/de\/produkt-kategorie\/art-de\/filme-de\/\">Film<\/a> (Spielfilm)<\/strong><\/p>\n<p>Genres:\u00a0<b><a href=\"https:\/\/ucm.one\/de\/produkt-kategorie\/genre-film-de\/drama-de\/\">Drama<\/a>, <a href=\"https:\/\/ucm.one\/de\/produkt-kategorie\/genre-film-de\/mystery-de\/\">Mystery<\/a><\/b><\/p>\n<p>Jahr: <strong>2015<\/strong><\/p>\n<p>FSK: <strong>12<\/strong><\/p>\n<p>Format: <strong>DVD<\/strong><\/p>\n","protected":false},"featured_media":72623,"comment_status":"open","ping_status":"closed","template":"","meta":{"_acf_changed":false},"product_brand":[],"product_cat":[9708,10329,13156,10331,10334,10339],"product_tag":[12783,12794,12784,12795,12785,12796,12786,12797,12787,12788,12789,12790,12791,12792,12467,12793],"class_list":{"0":"post-70582","1":"product","2":"type-product","3":"status-publish","4":"has-post-thumbnail","6":"product_cat-filme-de","7":"product_cat-mystery-de","8":"product_cat-arthouse-de","9":"product_cat-dvd-de","10":"product_cat-drama-de","11":"product_cat-darling-berlin-de","12":"product_tag-anna-grisebach","13":"product_tag-marcel-lehmann","14":"product_tag-benno-fuermann","15":"product_tag-anne-kathrin-gliese","16":"product_tag-vladimir-burlakov","17":"product_tag-almost-famous-film-und-medienproduktion-ug","18":"product_tag-kai-ivo-baulitz","19":"product_tag-rbb","20":"product_tag-gudrun-ritter","21":"product_tag-florian-gottschick","22":"product_tag-ines-buchmann","23":"product_tag-ursel-stoye","24":"product_tag-michael-gwisdek","25":"product_tag-holger-franke","26":"product_tag-filmuniversitaet-babelsberg-konrad-wolf","27":"product_tag-peter-gottschick","28":"product_shipping_class-dvd-2","29":"pa_format-blu-ray-de","30":"pa_format-dvd","31":"description-off","33":"first","34":"outofstock","35":"taxable","36":"shipping-taxable","37":"purchasable","38":"product-type-variable","39":"has-default-attributes"},"acf":[],"yoast_head":"<!-- This site is optimized with the Yoast SEO plugin v27.5 - https:\/\/yoast.com\/product\/yoast-seo-wordpress\/ -->\n<title>Nachthelle<\/title>\n<meta name=\"description\" content=\"Shop | Nachthelle | 2015 | Darling Berlin | DVD | FSK 12\" \/>\n<meta name=\"robots\" content=\"index, follow, max-snippet:-1, max-image-preview:large, max-video-preview:-1\" \/>\n<link rel=\"canonical\" href=\"https:\/\/ucm.one\/de\/produkt\/nachthelle\/\" \/>\n<meta property=\"og:locale\" content=\"de_DE\" \/>\n<meta property=\"og:type\" content=\"article\" \/>\n<meta property=\"og:title\" content=\"Nachthelle\" \/>\n<meta property=\"og:description\" content=\"Shop | Nachthelle | 2015 | Darling Berlin | DVD | FSK 12\" \/>\n<meta property=\"og:url\" content=\"https:\/\/ucm.one\/de\/produkt\/nachthelle\/\" \/>\n<meta property=\"og:site_name\" content=\"UCM.ONE\" \/>\n<meta property=\"article:modified_time\" content=\"2024-04-22T14:42:30+00:00\" \/>\n<meta property=\"og:image\" content=\"https:\/\/ucm.one\/wp-content\/uploads\/2022\/06\/Nachthelle-front-2d-mitfsk.jpg\" \/>\n<meta name=\"twitter:card\" content=\"summary_large_image\" \/>\n<meta name=\"twitter:title\" content=\"Nachthelle\" \/>\n<meta name=\"twitter:description\" content=\"Shop | Nachthelle | 2015 | Darling Berlin | DVD | FSK 12\" \/>\n<meta name=\"twitter:image\" content=\"https:\/\/ucm.one\/wp-content\/uploads\/2022\/06\/Nachthelle-front-2d-mitfsk.jpg\" \/>\n<meta name=\"twitter:label1\" content=\"Gesch\u00e4tzte Lesezeit\" \/>\n\t<meta name=\"twitter:data1\" content=\"1\u00a0Minute\" \/>\n<!-- \/ Yoast SEO plugin. -->","yoast_head_json":{"title":"Nachthelle","description":"Shop | Nachthelle | 2015 | Darling Berlin | DVD | FSK 12","robots":{"index":"index","follow":"follow","max-snippet":"max-snippet:-1","max-image-preview":"max-image-preview:large","max-video-preview":"max-video-preview:-1"},"canonical":"https:\/\/ucm.one\/de\/produkt\/nachthelle\/","og_locale":"de_DE","og_type":"article","og_title":"Nachthelle","og_description":"Shop | Nachthelle | 2015 | Darling Berlin | DVD | FSK 12","og_url":"https:\/\/ucm.one\/de\/produkt\/nachthelle\/","og_site_name":"UCM.ONE","article_modified_time":"2024-04-22T14:42:30+00:00","og_image":[{"url":"https:\/\/ucm.one\/wp-content\/uploads\/2022\/06\/Nachthelle-front-2d-mitfsk.jpg","type":"","width":"","height":""}],"twitter_card":"summary_large_image","twitter_title":"Nachthelle","twitter_description":"Shop | Nachthelle | 2015 | Darling Berlin | DVD | FSK 12","twitter_image":"https:\/\/ucm.one\/wp-content\/uploads\/2022\/06\/Nachthelle-front-2d-mitfsk.jpg","twitter_misc":{"Gesch\u00e4tzte Lesezeit":"1\u00a0Minute"},"schema":{"@context":"https:\/\/schema.org","@graph":[{"@type":"WebPage","@id":"https:\/\/ucm.one\/de\/produkt\/nachthelle\/","url":"https:\/\/ucm.one\/de\/produkt\/nachthelle\/","name":"Nachthelle","isPartOf":{"@id":"https:\/\/ucm.one\/de\/#website"},"primaryImageOfPage":{"@id":"https:\/\/ucm.one\/de\/produkt\/nachthelle\/#primaryimage"},"image":{"@id":"https:\/\/ucm.one\/de\/produkt\/nachthelle\/#primaryimage"},"thumbnailUrl":"https:\/\/ucm.one\/wp-content\/uploads\/2015\/06\/C-Nachthelle-DVD-2D-FSK12.jpg","datePublished":"2015-06-04T12:24:46+00:00","dateModified":"2024-04-22T14:42:30+00:00","description":"Shop | Nachthelle | 2015 | Darling Berlin | DVD | FSK 12","breadcrumb":{"@id":"https:\/\/ucm.one\/de\/produkt\/nachthelle\/#breadcrumb"},"inLanguage":"de","potentialAction":[{"@type":"ReadAction","target":["https:\/\/ucm.one\/de\/produkt\/nachthelle\/"]}]},{"@type":"ImageObject","inLanguage":"de","@id":"https:\/\/ucm.one\/de\/produkt\/nachthelle\/#primaryimage","url":"https:\/\/ucm.one\/wp-content\/uploads\/2015\/06\/C-Nachthelle-DVD-2D-FSK12.jpg","contentUrl":"https:\/\/ucm.one\/wp-content\/uploads\/2015\/06\/C-Nachthelle-DVD-2D-FSK12.jpg","width":699,"height":1000},{"@type":"BreadcrumbList","@id":"https:\/\/ucm.one\/de\/produkt\/nachthelle\/#breadcrumb","itemListElement":[{"@type":"ListItem","position":1,"name":"Home","item":"https:\/\/ucm.one\/de\/"},{"@type":"ListItem","position":2,"name":"Shop","item":"https:\/\/ucm.one\/de\/shop\/"},{"@type":"ListItem","position":3,"name":"Nachthelle"}]},{"@type":"WebSite","@id":"https:\/\/ucm.one\/de\/#website","url":"https:\/\/ucm.one\/de\/","name":"UCM.ONE","description":"","publisher":{"@id":"https:\/\/ucm.one\/de\/#organization"},"potentialAction":[{"@type":"SearchAction","target":{"@type":"EntryPoint","urlTemplate":"https:\/\/ucm.one\/de\/?s={search_term_string}"},"query-input":{"@type":"PropertyValueSpecification","valueRequired":true,"valueName":"search_term_string"}}],"inLanguage":"de"},{"@type":"Organization","@id":"https:\/\/ucm.one\/de\/#organization","name":"UCM.ONE","url":"https:\/\/ucm.one\/de\/","logo":{"@type":"ImageObject","inLanguage":"de","@id":"https:\/\/ucm.one\/de\/#\/schema\/logo\/image\/","url":"https:\/\/ucm.one\/wp-content\/uploads\/2019\/10\/UCM.ONE-Logo-RGB.svg","contentUrl":"https:\/\/ucm.one\/wp-content\/uploads\/2019\/10\/UCM.ONE-Logo-RGB.svg","width":1,"height":1,"caption":"UCM.ONE"},"image":{"@id":"https:\/\/ucm.one\/de\/#\/schema\/logo\/image\/"}}]}},"_links":{"self":[{"href":"https:\/\/ucm.one\/de\/wp-json\/wp\/v2\/product\/70582","targetHints":{"allow":["GET"]}}],"collection":[{"href":"https:\/\/ucm.one\/de\/wp-json\/wp\/v2\/product"}],"about":[{"href":"https:\/\/ucm.one\/de\/wp-json\/wp\/v2\/types\/product"}],"replies":[{"embeddable":true,"href":"https:\/\/ucm.one\/de\/wp-json\/wp\/v2\/comments?post=70582"}],"wp:featuredmedia":[{"embeddable":true,"href":"https:\/\/ucm.one\/de\/wp-json\/wp\/v2\/media\/72623"}],"wp:attachment":[{"href":"https:\/\/ucm.one\/de\/wp-json\/wp\/v2\/media?parent=70582"}],"wp:term":[{"taxonomy":"product_brand","embeddable":true,"href":"https:\/\/ucm.one\/de\/wp-json\/wp\/v2\/product_brand?post=70582"},{"taxonomy":"product_cat","embeddable":true,"href":"https:\/\/ucm.one\/de\/wp-json\/wp\/v2\/product_cat?post=70582"},{"taxonomy":"product_tag","embeddable":true,"href":"https:\/\/ucm.one\/de\/wp-json\/wp\/v2\/product_tag?post=70582"}],"curies":[{"name":"wp","href":"https:\/\/api.w.org\/{rel}","templated":true}]}}