{"id":70562,"date":"2015-05-28T11:54:13","date_gmt":"2015-05-28T11:54:13","guid":{"rendered":"https:\/\/ucm.one\/?post_type=product&#038;p=70562"},"modified":"2023-10-20T11:17:30","modified_gmt":"2023-10-20T11:17:30","slug":"amok-hansi-gehts-gut","status":"publish","type":"product","link":"https:\/\/ucm.one\/de\/produkt\/amok-hansi-gehts-gut\/","title":{"rendered":"Amok \u2013 Hansi geht\u2019s gut"},"content":{"rendered":"<div class=\"wpb_text_column wpb_content_element \">\n<div class=\"wpb_wrapper\">\n<div class=\"\">\n<div class=\"wpb_text_column wpb_content_element \">\n<div class=\"wpb_wrapper\">\n<div class=\"wpb_text_column wpb_content_element \">\n<div class=\"wpb_wrapper\">\n<p>Mit \u201eAmok \u2013 Hansi geht\u2019s gut\u201c kommt am 28. Mai 2015 ein ruhiges, scharf beobachtetes und pr\u00e4gnant inszeniertes Psychodrama von Zoltan Paul in die Kinos. Schauplatz ist der Shakespeare-Platz in Charlottenburg. Hier liegt das alte Westberlin im Sterben.<\/p>\n<p>Am Shakespeare-Platz lebt Lorenz Fuchs, grandios verk\u00f6rpert von Burgtheater-Schauspieler Tilo Nest. Fr\u00fch am Morgen schweift sein Blick \u00fcber das H\u00e4usermeer in Richtung Funkturm. Fr\u00fchst\u00fcck, der allt\u00e4gliche Weg zur Arbeit. Seine Firma ist das kalkulierte Opfer von menschenverachtenden Konzernstrategien. Der Buchhalter muss Arbeitspl\u00e4tze abwickeln. Fuchs wird als Letzter vom sinkenden Schiff gesto\u00dfen. Zwischen Panikattacken und Selbstmitleid macht sein zynischer Chef (Charly H\u00fcbner) seinem Buchhalter ein Angebot, das ihn noch tiefer in den Abgrund treibt!<\/p>\n<p>\u201eAmok \u2013 Hansi geht\u2019s gut\u201c ist ein Psychodrama \u00fcber Zeit, die qualvoll auf der Fahrt zum Lebensabend stehen geblieben ist und keine Perspektiven mehr findet. Ein Film \u00fcber den inneren Druck, der zu falschen Entscheidungen f\u00fchrt und der dann nur noch explodieren kann. In suggerierter Realzeit verfolgt die Kamera den Hauptdarsteller. Aus der Wohnung, auf die Stra\u00dfe, zur Arbeit, in die Fu\u00dfg\u00e4ngerzone. Lorenz Fuchs steckt in einem qu\u00e4lenden Prozess. Der Zuschauer ger\u00e4t in den spannenden Sog eines Empfindungslabyrinths. Traurig, aufw\u00fchlend, direkt am Leben.<\/p>\n<\/div>\n<\/div>\n<\/div>\n<\/div>\n<\/div>\n<\/div>\n<\/div>\n<div><div class=\"gap\" style=\"line-height: 20px; height: 20px;\"><\/div><\/div>\n<h5>Weitere Informationen<\/h5>\n<div>\n<div>\n<table style=\"height: 46px; width: 100%; border-collapse: collapse; border-color: #ffffff; background-color: #ffffff; border-style: hidden;\">\n<tbody>\n<tr style=\"height: 23px; border-style: hidden; border-color: #ffffff; background-color: #ffffff;\">\n<td style=\"width: 4.701195219123506%; height: 23px; border-style: hidden;\">Film:<\/td>\n<td style=\"width: 95.29880478087651%; height: 23px; border-style: hidden;\"><a title=\"Amok \u2013 Hansi geht\u2019s gut\" href=\"https:\/\/ucm.one\/de\/?s=%22amok+-+hansi+geht%27s+gut%22&amp;lang=de\">Amok \u2013 Hansi geht\u2019s gut<\/a><\/td>\n<\/tr>\n<tr style=\"height: 23px;\">\n<td style=\"width: 4.701195219123506%; height: 23px; border-style: hidden;\">Label:<\/td>\n<td style=\"width: 95.29880478087651%; height: 23px; border-style: hidden;\"><a title=\"Darling Berlin\" href=\"https:\/\/ucm.one\/de\/film-labels\/darling-berlin\/\">Darling Berlin<\/a><\/td>\n<\/tr>\n<\/tbody>\n<\/table>\n<\/div>\n<div><\/div>\n<\/div>\n<div>\n<div><div class=\"gap\" style=\"line-height: 10px; height: 10px;\"><\/div><\/div>\n<div><span style=\"font-family: 'arial black', sans-serif;\"><span style=\"font-family: arial, helvetica, sans-serif;\">\u00a9 2017 <strong>Darling Berlin \/ <span style=\"font-family: 'arial black', sans-serif;\">UCM.ONE<\/span><\/strong><\/span><\/span><\/div>\n<div><div class=\"gap\" style=\"line-height: 20px; height: 20px;\"><\/div><\/div>\n<\/div>\n<div>\n<div><\/div>\n<div>\n<div><div class=\"gap\" style=\"line-height: 10px; height: 10px;\"><\/div><\/div>\n<div><span style=\"color: #003a80;\"><strong>\u27a0 <a style=\"color: #003a80;\" href=\"https:\/\/ucm.one\/de\/produkt-kategorie\/art-de\/filme-de\/\">zum Shop<\/a><\/strong><\/span><\/div>\n<div><div class=\"gap\" style=\"line-height: 20px; height: 20px;\"><\/div><\/div>\n<\/div>\n<\/div>\n","protected":false},"excerpt":{"rendered":"<p>Regie: <strong><a title=\"Zoltan Paul\" href=\"https:\/\/ucm.one\/de\/?s=%22Zoltan+Paul%22&amp;post_type=product\">Zoltan Paul<\/a><\/strong><\/p>\n<p>Label:\u00a0<a title=\"\" href=\"https:\/\/ucm.one\/de\/produkt-kategorie\/label-film-de\/darling-berlin-de\/\"><strong>Darling Berlin<\/strong><\/a><\/p>\n<p>Art:\u00a0<strong><a href=\"https:\/\/ucm.one\/de\/produkt-kategorie\/art-de\/filme-de\/\">Film<\/a> (Spielfilm)<\/strong><\/p>\n<p>Genres:\u00a0<b><a href=\"https:\/\/ucm.one\/de\/produkt-kategorie\/genre-film-de\/drama-de\/\">Drama<\/a><\/b><\/p>\n<p>Jahr: <strong>2014<\/strong><\/p>\n<p>FSK: <strong>12<\/strong><\/p>\n<p>Format: <strong>DVD<\/strong><\/p>\n","protected":false},"featured_media":70570,"comment_status":"open","ping_status":"closed","template":"","meta":{"_acf_changed":false},"product_brand":[],"product_cat":[13156,9708,10331,10334,10339],"product_tag":[12464,12692,12775,12776,12777,12778,12779,12780,12781,12782],"class_list":{"0":"post-70562","1":"product","2":"type-product","3":"status-publish","4":"has-post-thumbnail","6":"product_cat-arthouse-de","7":"product_cat-filme-de","8":"product_cat-dvd-de","9":"product_cat-drama-de","10":"product_cat-darling-berlin-de","11":"product_tag-darling-berlin","12":"product_tag-charly-huebner","13":"product_tag-zoltan-paul","14":"product_tag-tilo-nest","15":"product_tag-heike-hanold-lynch","16":"product_tag-andreas-lechner","17":"product_tag-clementina-hegewisch","18":"product_tag-nextfilm","19":"product_tag-achtfeld","20":"product_tag-amok-hansi-gehts-gut","21":"product_shipping_class-dvd-2","22":"pa_format-dvd","23":"pa_format-blu-ray-de","24":"description-off","26":"first","27":"instock","28":"taxable","29":"shipping-taxable","30":"purchasable","31":"product-type-variable","32":"has-default-attributes"},"acf":[],"yoast_head":"<!-- This site is optimized with the Yoast SEO plugin v27.2 - https:\/\/yoast.com\/product\/yoast-seo-wordpress\/ -->\n<title>Amok \u2013 Hansi geht\u2019s gut<\/title>\n<meta name=\"description\" content=\"Shop | Amok \u2013 Hansi geht\u2019s gut | 2014 | Darling Berlin | DVD | FSK 12\" \/>\n<meta name=\"robots\" content=\"index, follow, max-snippet:-1, max-image-preview:large, max-video-preview:-1\" \/>\n<link rel=\"canonical\" href=\"https:\/\/ucm.one\/de\/produkt\/amok-hansi-gehts-gut\/\" \/>\n<meta property=\"og:locale\" content=\"de_DE\" \/>\n<meta property=\"og:type\" content=\"article\" \/>\n<meta property=\"og:title\" content=\"Amok \u2013 Hansi geht\u2019s gut\" \/>\n<meta property=\"og:description\" content=\"Shop | Amok \u2013 Hansi geht\u2019s gut | 2014 | Darling Berlin | DVD | FSK 12\" \/>\n<meta property=\"og:url\" content=\"https:\/\/ucm.one\/de\/produkt\/amok-hansi-gehts-gut\/\" \/>\n<meta property=\"og:site_name\" content=\"UCM.ONE\" \/>\n<meta property=\"article:modified_time\" content=\"2023-10-20T11:17:30+00:00\" \/>\n<meta property=\"og:image\" content=\"https:\/\/ucm.one\/wp-content\/uploads\/2022\/06\/front.jpg\" \/>\n<meta name=\"twitter:card\" content=\"summary_large_image\" \/>\n<meta name=\"twitter:title\" content=\"Amok \u2013 Hansi geht\u2019s gut\" \/>\n<meta name=\"twitter:description\" content=\"Shop | Amok \u2013 Hansi geht\u2019s gut | 2014 | Darling Berlin | DVD | FSK 12\" \/>\n<meta name=\"twitter:image\" content=\"https:\/\/ucm.one\/wp-content\/uploads\/2022\/06\/front.jpg\" \/>\n<meta name=\"twitter:label1\" content=\"Gesch\u00e4tzte Lesezeit\" \/>\n\t<meta name=\"twitter:data1\" content=\"1\u00a0Minute\" \/>\n<!-- \/ Yoast SEO plugin. -->","yoast_head_json":{"title":"Amok \u2013 Hansi geht\u2019s gut","description":"Shop | Amok \u2013 Hansi geht\u2019s gut | 2014 | Darling Berlin | DVD | FSK 12","robots":{"index":"index","follow":"follow","max-snippet":"max-snippet:-1","max-image-preview":"max-image-preview:large","max-video-preview":"max-video-preview:-1"},"canonical":"https:\/\/ucm.one\/de\/produkt\/amok-hansi-gehts-gut\/","og_locale":"de_DE","og_type":"article","og_title":"Amok \u2013 Hansi geht\u2019s gut","og_description":"Shop | Amok \u2013 Hansi geht\u2019s gut | 2014 | Darling Berlin | DVD | FSK 12","og_url":"https:\/\/ucm.one\/de\/produkt\/amok-hansi-gehts-gut\/","og_site_name":"UCM.ONE","article_modified_time":"2023-10-20T11:17:30+00:00","og_image":[{"url":"https:\/\/ucm.one\/wp-content\/uploads\/2022\/06\/front.jpg","type":"","width":"","height":""}],"twitter_card":"summary_large_image","twitter_title":"Amok \u2013 Hansi geht\u2019s gut","twitter_description":"Shop | Amok \u2013 Hansi geht\u2019s gut | 2014 | Darling Berlin | DVD | FSK 12","twitter_image":"https:\/\/ucm.one\/wp-content\/uploads\/2022\/06\/front.jpg","twitter_misc":{"Gesch\u00e4tzte Lesezeit":"1\u00a0Minute"},"schema":{"@context":"https:\/\/schema.org","@graph":[{"@type":"WebPage","@id":"https:\/\/ucm.one\/de\/produkt\/amok-hansi-gehts-gut\/","url":"https:\/\/ucm.one\/de\/produkt\/amok-hansi-gehts-gut\/","name":"Amok \u2013 Hansi geht\u2019s gut","isPartOf":{"@id":"https:\/\/ucm.one\/de\/#website"},"primaryImageOfPage":{"@id":"https:\/\/ucm.one\/de\/produkt\/amok-hansi-gehts-gut\/#primaryimage"},"image":{"@id":"https:\/\/ucm.one\/de\/produkt\/amok-hansi-gehts-gut\/#primaryimage"},"thumbnailUrl":"https:\/\/ucm.one\/wp-content\/uploads\/2022\/06\/front.jpg","datePublished":"2015-05-28T11:54:13+00:00","dateModified":"2023-10-20T11:17:30+00:00","description":"Shop | Amok \u2013 Hansi geht\u2019s gut | 2014 | Darling Berlin | DVD | FSK 12","breadcrumb":{"@id":"https:\/\/ucm.one\/de\/produkt\/amok-hansi-gehts-gut\/#breadcrumb"},"inLanguage":"de","potentialAction":[{"@type":"ReadAction","target":["https:\/\/ucm.one\/de\/produkt\/amok-hansi-gehts-gut\/"]}]},{"@type":"ImageObject","inLanguage":"de","@id":"https:\/\/ucm.one\/de\/produkt\/amok-hansi-gehts-gut\/#primaryimage","url":"https:\/\/ucm.one\/wp-content\/uploads\/2022\/06\/front.jpg","contentUrl":"https:\/\/ucm.one\/wp-content\/uploads\/2022\/06\/front.jpg","width":354,"height":500},{"@type":"BreadcrumbList","@id":"https:\/\/ucm.one\/de\/produkt\/amok-hansi-gehts-gut\/#breadcrumb","itemListElement":[{"@type":"ListItem","position":1,"name":"Home","item":"https:\/\/ucm.one\/de\/"},{"@type":"ListItem","position":2,"name":"Shop","item":"https:\/\/ucm.one\/de\/shop\/"},{"@type":"ListItem","position":3,"name":"Amok \u2013 Hansi geht\u2019s gut"}]},{"@type":"WebSite","@id":"https:\/\/ucm.one\/de\/#website","url":"https:\/\/ucm.one\/de\/","name":"UCM.ONE","description":"","publisher":{"@id":"https:\/\/ucm.one\/de\/#organization"},"potentialAction":[{"@type":"SearchAction","target":{"@type":"EntryPoint","urlTemplate":"https:\/\/ucm.one\/de\/?s={search_term_string}"},"query-input":{"@type":"PropertyValueSpecification","valueRequired":true,"valueName":"search_term_string"}}],"inLanguage":"de"},{"@type":"Organization","@id":"https:\/\/ucm.one\/de\/#organization","name":"UCM.ONE","url":"https:\/\/ucm.one\/de\/","logo":{"@type":"ImageObject","inLanguage":"de","@id":"https:\/\/ucm.one\/de\/#\/schema\/logo\/image\/","url":"https:\/\/ucm.one\/wp-content\/uploads\/2019\/10\/UCM.ONE-Logo-RGB.svg","contentUrl":"https:\/\/ucm.one\/wp-content\/uploads\/2019\/10\/UCM.ONE-Logo-RGB.svg","width":1,"height":1,"caption":"UCM.ONE"},"image":{"@id":"https:\/\/ucm.one\/de\/#\/schema\/logo\/image\/"}}]}},"_links":{"self":[{"href":"https:\/\/ucm.one\/de\/wp-json\/wp\/v2\/product\/70562","targetHints":{"allow":["GET"]}}],"collection":[{"href":"https:\/\/ucm.one\/de\/wp-json\/wp\/v2\/product"}],"about":[{"href":"https:\/\/ucm.one\/de\/wp-json\/wp\/v2\/types\/product"}],"replies":[{"embeddable":true,"href":"https:\/\/ucm.one\/de\/wp-json\/wp\/v2\/comments?post=70562"}],"wp:featuredmedia":[{"embeddable":true,"href":"https:\/\/ucm.one\/de\/wp-json\/wp\/v2\/media\/70570"}],"wp:attachment":[{"href":"https:\/\/ucm.one\/de\/wp-json\/wp\/v2\/media?parent=70562"}],"wp:term":[{"taxonomy":"product_brand","embeddable":true,"href":"https:\/\/ucm.one\/de\/wp-json\/wp\/v2\/product_brand?post=70562"},{"taxonomy":"product_cat","embeddable":true,"href":"https:\/\/ucm.one\/de\/wp-json\/wp\/v2\/product_cat?post=70562"},{"taxonomy":"product_tag","embeddable":true,"href":"https:\/\/ucm.one\/de\/wp-json\/wp\/v2\/product_tag?post=70562"}],"curies":[{"name":"wp","href":"https:\/\/api.w.org\/{rel}","templated":true}]}}