{"id":70070,"date":"2020-09-25T21:54:59","date_gmt":"2020-09-25T21:54:59","guid":{"rendered":"https:\/\/ucm.one\/?post_type=product&#038;p=70070"},"modified":"2025-05-09T18:49:55","modified_gmt":"2025-05-09T18:49:55","slug":"the-fare-fahrt-durch-die-unendlichkeit","status":"publish","type":"product","link":"https:\/\/ucm.one\/de\/produkt\/the-fare-fahrt-durch-die-unendlichkeit\/","title":{"rendered":"The Fare &#8211; Fahrt durch die Unendlichkeit"},"content":{"rendered":"<div class=\"wpb_text_column wpb_content_element \">\n<div class=\"wpb_wrapper\">\n<div class=\"\">\n<div class=\"wpb_text_column wpb_content_element \">\n<div class=\"wpb_wrapper\">\n<div class=\"wpb_text_column wpb_content_element \">\n<div class=\"wpb_wrapper\">\n<div class=\"wpb_text_column wpb_content_element \">\n<div class=\"wpb_wrapper\">\n<p style=\"font-weight: 400;\">Als eine charmante Frau namens Penny (<strong>Brinna Kelly<\/strong>) mitten im Nirgendwo in sein Taxi steigt, ist Harris (<strong>Gino Anthony Pesi<\/strong>) fasziniert. Das hei\u00dft, bis sie in einem Gewittersturm spurlos wieder von seinem R\u00fccksitz verschwindet. Als er verzweifelt versucht zu verstehen, was passiert ist, setzt er sein Taxameter zur\u00fcck und wird dadurch scheinbar sofort zu dem Moment zur\u00fcckgebracht, als Penny zum ersten Mal in sein Taxi gestiegen ist. Er und Penny befinden sich nun auf einer endlosen Taxifahrt durch die Nacht, in der Penny immer wieder verschwindet. Nach und nach werden dadurch unglaubliche Wahrheiten ans Licht gebracht und Harris&#8216; gesamtes Leben f\u00fcr immer ver\u00e4ndert\u2026<\/p>\n<\/div>\n<\/div>\n<\/div>\n<\/div>\n<\/div>\n<\/div>\n<\/div>\n<\/div>\n<\/div>\n<div><\/div>\n<div><div class=\"gap\" style=\"line-height: 20px; height: 20px;\"><\/div><\/div>\n<h5>Weitere Informationen<\/h5>\n<div>\n<div>\n<table style=\"height: 46px; width: 100%; border-collapse: collapse; border-color: #ffffff; background-color: #ffffff; border-style: hidden;\">\n<tbody>\n<tr style=\"height: 23px; border-style: hidden; border-color: #ffffff; background-color: #ffffff;\">\n<td style=\"width: 4.701195219123506%; height: 23px; border-style: hidden;\">Film:<\/td>\n<td style=\"width: 95.29880478087651%; height: 23px; border-style: hidden;\"><a title=\"The Fare (2018) von D.C. Hamilton | Artkeim\u00b2\" href=\"https:\/\/ucm.one\/de\/the-fare\/\">The Fare<\/a><\/td>\n<\/tr>\n<tr style=\"height: 23px;\">\n<td style=\"width: 4.701195219123506%; height: 23px; border-style: hidden;\">Label:<\/td>\n<td style=\"width: 95.29880478087651%; height: 23px; border-style: hidden;\"><a title=\"Artkeim\u00b2\" href=\"https:\/\/ucm.one\/de\/film-labels\/artkeim\/\">Artkeim\u00b2<\/a><\/td>\n<\/tr>\n<\/tbody>\n<\/table>\n<\/div>\n<div><\/div>\n<\/div>\n<div>\n<div><div class=\"gap\" style=\"line-height: 10px; height: 10px;\"><\/div><\/div>\n<div>\u2117 2018 <strong>501 Pictures, Public Displays of Affection, Grady Film<\/strong>, <span style=\"font-family: 'arial black', sans-serif;\"><span style=\"font-family: arial, helvetica, sans-serif;\">\u00a9 2020\u00a0<strong>Artkeim\u00b2 \/\u00a0<span style=\"font-family: 'arial black', sans-serif;\">UCM.ONE<\/span><\/strong><\/span><\/span><\/div>\n<div><div class=\"gap\" style=\"line-height: 20px; height: 20px;\"><\/div><\/div>\n<\/div>\n<div>\n<div><\/div>\n<div>\n<div><div class=\"gap\" style=\"line-height: 10px; height: 10px;\"><\/div><\/div>\n<div><span style=\"color: #003a80;\"><strong>\u27a0 <a style=\"color: #003a80;\" href=\"https:\/\/ucm.one\/de\/produkt-kategorie\/art-de\/filme-de\/\">zum Shop<\/a><\/strong><\/span><\/div>\n<div><div class=\"gap\" style=\"line-height: 20px; height: 20px;\"><\/div><\/div>\n<\/div>\n<\/div>\n","protected":false},"excerpt":{"rendered":"<p>Regie: <strong><a title=\"D.C. Hamilton\" href=\"https:\/\/ucm.one\/de\/?s=%22D.C.+Hamilton%22&amp;post_type=product\">D.C. Hamilton<\/a><\/strong><\/p>\n<p>Label:\u00a0<a title=\"\" href=\"https:\/\/ucm.one\/de\/produkt-kategorie\/label-film-de\/artkeim-de\/\"><strong>Artkeim\u00b2<\/strong><\/a><\/p>\n<p>Art:\u00a0<strong><a href=\"https:\/\/ucm.one\/de\/produkt-kategorie\/art-de\/filme-de\/\">Film<\/a> (Spielfilm)<\/strong><\/p>\n<p>Genre:\u00a0<b><a title=\"Mystery\" href=\"https:\/\/ucm.one\/de\/produkt-kategorie\/genre-film-de\/mystery-de\/\">Mystery<\/a>, <a title=\"Liebe &amp; Beziehung\" href=\"https:\/\/ucm.one\/de\/produkt-kategorie\/genre-film-de\/liebe-beziehung\/\">Liebe &amp; Beziehung<\/a><\/b><\/p>\n<p>Jahr: <strong>2020<\/strong><\/p>\n<p>FSK: <strong>12<\/strong><\/p>\n<p>Formate: <strong>Diverse<\/strong><\/p>\n","protected":false},"featured_media":70074,"comment_status":"open","ping_status":"closed","template":"","meta":{"_acf_changed":false},"product_brand":[],"product_cat":[13156,10329,10331,10332,10338,10361,9708],"product_tag":[12704,12705,12706,12707,10352,12708,12709,12710,11336,12711,12566,12712,12702,12713,12703],"class_list":{"0":"post-70070","1":"product","2":"type-product","3":"status-publish","4":"has-post-thumbnail","6":"product_cat-arthouse-de","7":"product_cat-mystery-de","8":"product_cat-dvd-de","9":"product_cat-blu-ray-de","10":"product_cat-artkeim-de","11":"product_cat-liebe-beziehung","12":"product_cat-filme-de","13":"product_tag-d-h-hamilton","14":"product_tag-gino-anthony-pesi","15":"product_tag-brinna-kelly","16":"product_tag-jason-stuart","17":"product_tag-thriller","18":"product_tag-jon-jacobs","19":"product_tag-matt-fontana","20":"product_tag-jeff-blum","21":"product_tag-mystery","22":"product_tag-josh-harrison","23":"product_tag-kino","24":"product_tag-taeglich-gruesst-das-murmeltier","25":"product_tag-the-fare","26":"product_tag-the-twilight-zone","27":"product_tag-artkeim","28":"pa_format-dvd","29":"pa_format-blu-ray-de","30":"description-off","32":"first","33":"instock","34":"sale","35":"taxable","36":"shipping-taxable","37":"purchasable","38":"product-type-variable"},"acf":[],"yoast_head":"<!-- This site is optimized with the Yoast SEO plugin v27.2 - https:\/\/yoast.com\/product\/yoast-seo-wordpress\/ -->\n<title>The Fare - Fahrt durch die Unendlichkeit<\/title>\n<meta name=\"description\" content=\"Shop | The Fare - Fahrt durch die Unendlichkeit | 2020 | Artkeim\u00b2 | Blu-Ray + DVD | FSK 12\" \/>\n<meta name=\"robots\" content=\"index, follow, max-snippet:-1, max-image-preview:large, max-video-preview:-1\" \/>\n<link rel=\"canonical\" href=\"https:\/\/ucm.one\/de\/produkt\/the-fare-fahrt-durch-die-unendlichkeit\/\" \/>\n<meta property=\"og:locale\" content=\"de_DE\" \/>\n<meta property=\"og:type\" content=\"article\" \/>\n<meta property=\"og:title\" content=\"The Fare - Fahrt durch die Unendlichkeit\" \/>\n<meta property=\"og:description\" content=\"Shop | The Fare - Fahrt durch die Unendlichkeit | 2020 | Artkeim\u00b2 | Blu-Ray + DVD | FSK 12\" \/>\n<meta property=\"og:url\" content=\"https:\/\/ucm.one\/de\/produkt\/the-fare-fahrt-durch-die-unendlichkeit\/\" \/>\n<meta property=\"og:site_name\" content=\"UCM.ONE\" \/>\n<meta property=\"article:modified_time\" content=\"2025-05-09T18:49:55+00:00\" \/>\n<meta property=\"og:image\" content=\"https:\/\/ucm.one\/wp-content\/uploads\/2022\/06\/The-Fare-DVD-2D-FSK12.jpg\" \/>\n<meta name=\"twitter:card\" content=\"summary_large_image\" \/>\n<meta name=\"twitter:title\" content=\"The Fare - Fahrt durch die Unendlichkeit\" \/>\n<meta name=\"twitter:description\" content=\"Shop | The Fare - Fahrt durch die Unendlichkeit | 2020 | Artkeim\u00b2 | Blu-Ray + DVD | FSK 12\" \/>\n<meta name=\"twitter:image\" content=\"https:\/\/ucm.one\/wp-content\/uploads\/2022\/06\/The-Fare-DVD-2D-FSK12.jpg\" \/>\n<meta name=\"twitter:label1\" content=\"Gesch\u00e4tzte Lesezeit\" \/>\n\t<meta name=\"twitter:data1\" content=\"1\u00a0Minute\" \/>\n<!-- \/ Yoast SEO plugin. -->","yoast_head_json":{"title":"The Fare - Fahrt durch die Unendlichkeit","description":"Shop | The Fare - Fahrt durch die Unendlichkeit | 2020 | Artkeim\u00b2 | Blu-Ray + DVD | FSK 12","robots":{"index":"index","follow":"follow","max-snippet":"max-snippet:-1","max-image-preview":"max-image-preview:large","max-video-preview":"max-video-preview:-1"},"canonical":"https:\/\/ucm.one\/de\/produkt\/the-fare-fahrt-durch-die-unendlichkeit\/","og_locale":"de_DE","og_type":"article","og_title":"The Fare - Fahrt durch die Unendlichkeit","og_description":"Shop | The Fare - Fahrt durch die Unendlichkeit | 2020 | Artkeim\u00b2 | Blu-Ray + DVD | FSK 12","og_url":"https:\/\/ucm.one\/de\/produkt\/the-fare-fahrt-durch-die-unendlichkeit\/","og_site_name":"UCM.ONE","article_modified_time":"2025-05-09T18:49:55+00:00","og_image":[{"url":"https:\/\/ucm.one\/wp-content\/uploads\/2022\/06\/The-Fare-DVD-2D-FSK12.jpg","type":"","width":"","height":""}],"twitter_card":"summary_large_image","twitter_title":"The Fare - Fahrt durch die Unendlichkeit","twitter_description":"Shop | The Fare - Fahrt durch die Unendlichkeit | 2020 | Artkeim\u00b2 | Blu-Ray + DVD | FSK 12","twitter_image":"https:\/\/ucm.one\/wp-content\/uploads\/2022\/06\/The-Fare-DVD-2D-FSK12.jpg","twitter_misc":{"Gesch\u00e4tzte Lesezeit":"1\u00a0Minute"},"schema":{"@context":"https:\/\/schema.org","@graph":[{"@type":"WebPage","@id":"https:\/\/ucm.one\/de\/produkt\/the-fare-fahrt-durch-die-unendlichkeit\/","url":"https:\/\/ucm.one\/de\/produkt\/the-fare-fahrt-durch-die-unendlichkeit\/","name":"The Fare - Fahrt durch die Unendlichkeit","isPartOf":{"@id":"https:\/\/ucm.one\/de\/#website"},"primaryImageOfPage":{"@id":"https:\/\/ucm.one\/de\/produkt\/the-fare-fahrt-durch-die-unendlichkeit\/#primaryimage"},"image":{"@id":"https:\/\/ucm.one\/de\/produkt\/the-fare-fahrt-durch-die-unendlichkeit\/#primaryimage"},"thumbnailUrl":"https:\/\/ucm.one\/wp-content\/uploads\/2022\/06\/The-Fare-DVD-2D-FSK12.jpg","datePublished":"2020-09-25T21:54:59+00:00","dateModified":"2025-05-09T18:49:55+00:00","description":"Shop | The Fare - Fahrt durch die Unendlichkeit | 2020 | Artkeim\u00b2 | Blu-Ray + DVD | FSK 12","breadcrumb":{"@id":"https:\/\/ucm.one\/de\/produkt\/the-fare-fahrt-durch-die-unendlichkeit\/#breadcrumb"},"inLanguage":"de","potentialAction":[{"@type":"ReadAction","target":["https:\/\/ucm.one\/de\/produkt\/the-fare-fahrt-durch-die-unendlichkeit\/"]}]},{"@type":"ImageObject","inLanguage":"de","@id":"https:\/\/ucm.one\/de\/produkt\/the-fare-fahrt-durch-die-unendlichkeit\/#primaryimage","url":"https:\/\/ucm.one\/wp-content\/uploads\/2022\/06\/The-Fare-DVD-2D-FSK12.jpg","contentUrl":"https:\/\/ucm.one\/wp-content\/uploads\/2022\/06\/The-Fare-DVD-2D-FSK12.jpg","width":699,"height":1000},{"@type":"BreadcrumbList","@id":"https:\/\/ucm.one\/de\/produkt\/the-fare-fahrt-durch-die-unendlichkeit\/#breadcrumb","itemListElement":[{"@type":"ListItem","position":1,"name":"Home","item":"https:\/\/ucm.one\/de\/"},{"@type":"ListItem","position":2,"name":"Shop","item":"https:\/\/ucm.one\/de\/shop\/"},{"@type":"ListItem","position":3,"name":"The Fare &#8211; Fahrt durch die Unendlichkeit"}]},{"@type":"WebSite","@id":"https:\/\/ucm.one\/de\/#website","url":"https:\/\/ucm.one\/de\/","name":"UCM.ONE","description":"","publisher":{"@id":"https:\/\/ucm.one\/de\/#organization"},"potentialAction":[{"@type":"SearchAction","target":{"@type":"EntryPoint","urlTemplate":"https:\/\/ucm.one\/de\/?s={search_term_string}"},"query-input":{"@type":"PropertyValueSpecification","valueRequired":true,"valueName":"search_term_string"}}],"inLanguage":"de"},{"@type":"Organization","@id":"https:\/\/ucm.one\/de\/#organization","name":"UCM.ONE","url":"https:\/\/ucm.one\/de\/","logo":{"@type":"ImageObject","inLanguage":"de","@id":"https:\/\/ucm.one\/de\/#\/schema\/logo\/image\/","url":"https:\/\/ucm.one\/wp-content\/uploads\/2019\/10\/UCM.ONE-Logo-RGB.svg","contentUrl":"https:\/\/ucm.one\/wp-content\/uploads\/2019\/10\/UCM.ONE-Logo-RGB.svg","width":1,"height":1,"caption":"UCM.ONE"},"image":{"@id":"https:\/\/ucm.one\/de\/#\/schema\/logo\/image\/"}}]}},"_links":{"self":[{"href":"https:\/\/ucm.one\/de\/wp-json\/wp\/v2\/product\/70070","targetHints":{"allow":["GET"]}}],"collection":[{"href":"https:\/\/ucm.one\/de\/wp-json\/wp\/v2\/product"}],"about":[{"href":"https:\/\/ucm.one\/de\/wp-json\/wp\/v2\/types\/product"}],"replies":[{"embeddable":true,"href":"https:\/\/ucm.one\/de\/wp-json\/wp\/v2\/comments?post=70070"}],"wp:featuredmedia":[{"embeddable":true,"href":"https:\/\/ucm.one\/de\/wp-json\/wp\/v2\/media\/70074"}],"wp:attachment":[{"href":"https:\/\/ucm.one\/de\/wp-json\/wp\/v2\/media?parent=70070"}],"wp:term":[{"taxonomy":"product_brand","embeddable":true,"href":"https:\/\/ucm.one\/de\/wp-json\/wp\/v2\/product_brand?post=70070"},{"taxonomy":"product_cat","embeddable":true,"href":"https:\/\/ucm.one\/de\/wp-json\/wp\/v2\/product_cat?post=70070"},{"taxonomy":"product_tag","embeddable":true,"href":"https:\/\/ucm.one\/de\/wp-json\/wp\/v2\/product_tag?post=70070"}],"curies":[{"name":"wp","href":"https:\/\/api.w.org\/{rel}","templated":true}]}}