{"id":70025,"date":"2019-06-28T21:07:51","date_gmt":"2019-06-28T21:07:51","guid":{"rendered":"https:\/\/ucm.one\/?post_type=product&#038;p=70025"},"modified":"2023-07-20T11:42:02","modified_gmt":"2023-07-20T11:42:02","slug":"die-haut-der-anderen","status":"publish","type":"product","link":"https:\/\/ucm.one\/de\/produkt\/die-haut-der-anderen\/","title":{"rendered":"Die Haut der Anderen"},"content":{"rendered":"<div class=\"wpb_text_column wpb_content_element \">\n<div class=\"wpb_wrapper\">\n<div class=\"\">\n<div class=\"wpb_text_column wpb_content_element \">\n<div class=\"wpb_wrapper\">\n<div class=\"wpb_text_column wpb_content_element \">\n<div class=\"wpb_wrapper\">\n<p>Marc Deville (<strong>Oliver Mommsen<\/strong>) ist ein erfolgreicher Autor f\u00fcr erotische Literatur. Doch im Alltag kann er sich nicht auf k\u00f6rperliche n\u00e4he mit dem anderen Geschlecht einlassen. Er ist s\u00fcchtig nach Pornos und Sexualit\u00e4t funktioniert f\u00fcr ihn nur durch eine zwischengeschaltete Kamera und Selbstbefriedigung vor dem Abbild. Eines Tages lernt Marc die Krankenschwester Justine (<strong>Isabel Thierauch<\/strong>) kennen. Auch sie hat einen Fetisch: sie steht auf W\u00fcrgespiele, was zu einer Entfremdung in ihrer Ehe mit Eric (<strong>Torsten Michaelis<\/strong>), einem Theaterregisseur, f\u00fchrt.<\/p>\n<p>Getrieben von normalen, romantischen Sehns\u00fcchten, n\u00e4hren sich Justine und Marc \u00fcber mehrere Anl\u00e4ufe an und sind in der Lage, ein St\u00fcck Normalit\u00e4t zuzulassen\u2026<\/p>\n<\/div>\n<\/div>\n<\/div>\n<\/div>\n<\/div>\n<\/div>\n<\/div>\n<div><div class=\"gap\" style=\"line-height: 20px; height: 20px;\"><\/div><\/div>\n<h5>Weitere Informationen<\/h5>\n<div>\n<div>\n<table style=\"height: 46px; width: 100%; border-collapse: collapse; border-color: #ffffff; background-color: #ffffff; border-style: hidden;\">\n<tbody>\n<tr style=\"height: 23px; border-style: hidden; border-color: #ffffff; background-color: #ffffff;\">\n<td style=\"width: 4.701195219123506%; height: 23px; border-style: hidden;\">Film:<\/td>\n<td style=\"width: 95.29880478087651%; height: 23px; border-style: hidden;\"><a title=\"Die Haut der Anderen (2018) von Thomas Stiller | Artkeim\u00b2\" href=\"https:\/\/ucm.one\/de\/die-haut-der-anderen\/\">Die Haut der Anderen<\/a><\/td>\n<\/tr>\n<tr style=\"height: 23px;\">\n<td style=\"width: 4.701195219123506%; height: 23px; border-style: hidden;\">Label:<\/td>\n<td style=\"width: 95.29880478087651%; height: 23px; border-style: hidden;\"><a title=\"Artkeim\u00b2\" href=\"https:\/\/ucm.one\/de\/film-labels\/artkeim\/\">Artkeim\u00b2<\/a><\/td>\n<\/tr>\n<\/tbody>\n<\/table>\n<\/div>\n<div><\/div>\n<\/div>\n<div>\n<div><div class=\"gap\" style=\"line-height: 10px; height: 10px;\"><\/div><\/div>\n<div>\u2117 2018\u00a0<strong>Cubatorfilm International,\u00a0Volle Pulle Berlin,<\/strong> <span style=\"font-family: 'arial black', sans-serif;\"><span style=\"font-family: arial, helvetica, sans-serif;\">\u00a9 2019\u00a0<strong>Artkeim\u00b2 \/\u00a0<span style=\"font-family: 'arial black', sans-serif;\">UCM.ONE<\/span><\/strong><\/span><\/span><\/div>\n<div><div class=\"gap\" style=\"line-height: 20px; height: 20px;\"><\/div><\/div>\n<\/div>\n<div>\n<div><\/div>\n<div>\n<div><div class=\"gap\" style=\"line-height: 10px; height: 10px;\"><\/div><\/div>\n<div><span style=\"color: #003a80;\"><strong>\u27a0 <a style=\"color: #003a80;\" href=\"https:\/\/ucm.one\/de\/produkt-kategorie\/art-de\/filme-de\/\">zum Shop<\/a><\/strong><\/span><\/div>\n<div><div class=\"gap\" style=\"line-height: 20px; height: 20px;\"><\/div><\/div>\n<\/div>\n<\/div>\n","protected":false},"excerpt":{"rendered":"<p>Regie: <strong><a title=\"Thomas Stiller\" href=\"https:\/\/ucm.one\/de\/?s=%22Thomas+Stiller%22&amp;post_type=product\">Thomas Stiller<\/a><\/strong><\/p>\n<p>Label:\u00a0<a title=\"\" href=\"https:\/\/ucm.one\/de\/produkt-kategorie\/label-film-de\/artkeim-de\/\"><strong>Artkeim\u00b2<\/strong><\/a><\/p>\n<p>Art:\u00a0<strong><a href=\"https:\/\/ucm.one\/de\/produkt-kategorie\/art-de\/filme-de\/\">Film<\/a> (Spielfilm)<\/strong><\/p>\n<p>Genres:\u00a0<b><a href=\"https:\/\/ucm.one\/de\/produkt-kategorie\/genre-film-de\/drama-de\/\">Drama<\/a>, <a title=\"Liebe &amp; Beziehung\" href=\"https:\/\/ucm.one\/de\/produkt-kategorie\/genre-film-de\/liebe-beziehung\/\">Liebe &amp; Beziehung<\/a><\/b><\/p>\n<p>Jahr: <strong>2019<\/strong><\/p>\n<p>FSK: <strong>16<\/strong><\/p>\n<p>Format: <strong>DVD<\/strong><\/p>\n","protected":false},"featured_media":70036,"comment_status":"open","ping_status":"closed","template":"","meta":{"_acf_changed":false},"product_brand":[],"product_cat":[9708,10331,10334,13156,10338,15293,10361],"product_tag":[12696,12697,12698,12699,12700,12701,12080],"class_list":{"0":"post-70025","1":"product","2":"type-product","3":"status-publish","4":"has-post-thumbnail","6":"product_cat-filme-de","7":"product_cat-dvd-de","8":"product_cat-drama-de","9":"product_cat-arthouse-de","10":"product_cat-artkeim-de","11":"product_cat-erotik-de","12":"product_cat-liebe-beziehung","13":"product_tag-die-haut-der-anderen","14":"product_tag-thomas-stiller","15":"product_tag-ucm-one","16":"product_tag-isabel-thierauch","17":"product_tag-oliver-mommsen","18":"product_tag-torsten-michaelis","19":"product_tag-artkeim","20":"pa_format-blu-ray-de","21":"pa_format-dvd","22":"description-off","24":"first","25":"outofstock","26":"taxable","27":"shipping-taxable","28":"purchasable","29":"product-type-variable","30":"has-default-attributes"},"acf":[],"yoast_head":"<!-- This site is optimized with the Yoast SEO plugin v27.2 - https:\/\/yoast.com\/product\/yoast-seo-wordpress\/ -->\n<title>Die Haut der Anderen<\/title>\n<meta name=\"description\" content=\"Shop | Die Haut der Anderen | 2019 | Artkeim\u00b2 | DVD | FSK 16\" \/>\n<meta name=\"robots\" content=\"index, follow, max-snippet:-1, max-image-preview:large, max-video-preview:-1\" \/>\n<link rel=\"canonical\" href=\"https:\/\/ucm.one\/de\/produkt\/die-haut-der-anderen\/\" \/>\n<meta property=\"og:locale\" content=\"de_DE\" \/>\n<meta property=\"og:type\" content=\"article\" \/>\n<meta property=\"og:title\" content=\"Die Haut der Anderen\" \/>\n<meta property=\"og:description\" content=\"Shop | Die Haut der Anderen | 2019 | Artkeim\u00b2 | DVD | FSK 16\" \/>\n<meta property=\"og:url\" content=\"https:\/\/ucm.one\/de\/produkt\/die-haut-der-anderen\/\" \/>\n<meta property=\"og:site_name\" content=\"UCM.ONE\" \/>\n<meta property=\"article:modified_time\" content=\"2023-07-20T11:42:02+00:00\" \/>\n<meta property=\"og:image\" content=\"https:\/\/ucm.one\/wp-content\/uploads\/2022\/06\/C-Live-2D-FSK12.jpg\" \/>\n<meta name=\"twitter:card\" content=\"summary_large_image\" \/>\n<meta name=\"twitter:title\" content=\"Die Haut der Anderen\" \/>\n<meta name=\"twitter:description\" content=\"Shop | Die Haut der Anderen | 2019 | Artkeim\u00b2 | DVD | FSK 16\" \/>\n<meta name=\"twitter:image\" content=\"https:\/\/ucm.one\/wp-content\/uploads\/2022\/06\/C-Live-2D-FSK12.jpg\" \/>\n<meta name=\"twitter:label1\" content=\"Gesch\u00e4tzte Lesezeit\" \/>\n\t<meta name=\"twitter:data1\" content=\"1\u00a0Minute\" \/>\n<!-- \/ Yoast SEO plugin. -->","yoast_head_json":{"title":"Die Haut der Anderen","description":"Shop | Die Haut der Anderen | 2019 | Artkeim\u00b2 | DVD | FSK 16","robots":{"index":"index","follow":"follow","max-snippet":"max-snippet:-1","max-image-preview":"max-image-preview:large","max-video-preview":"max-video-preview:-1"},"canonical":"https:\/\/ucm.one\/de\/produkt\/die-haut-der-anderen\/","og_locale":"de_DE","og_type":"article","og_title":"Die Haut der Anderen","og_description":"Shop | Die Haut der Anderen | 2019 | Artkeim\u00b2 | DVD | FSK 16","og_url":"https:\/\/ucm.one\/de\/produkt\/die-haut-der-anderen\/","og_site_name":"UCM.ONE","article_modified_time":"2023-07-20T11:42:02+00:00","og_image":[{"url":"https:\/\/ucm.one\/wp-content\/uploads\/2022\/06\/C-Live-2D-FSK12.jpg","type":"","width":"","height":""}],"twitter_card":"summary_large_image","twitter_title":"Die Haut der Anderen","twitter_description":"Shop | Die Haut der Anderen | 2019 | Artkeim\u00b2 | DVD | FSK 16","twitter_image":"https:\/\/ucm.one\/wp-content\/uploads\/2022\/06\/C-Live-2D-FSK12.jpg","twitter_misc":{"Gesch\u00e4tzte Lesezeit":"1\u00a0Minute"},"schema":{"@context":"https:\/\/schema.org","@graph":[{"@type":"WebPage","@id":"https:\/\/ucm.one\/de\/produkt\/die-haut-der-anderen\/","url":"https:\/\/ucm.one\/de\/produkt\/die-haut-der-anderen\/","name":"Die Haut der Anderen","isPartOf":{"@id":"https:\/\/ucm.one\/de\/#website"},"primaryImageOfPage":{"@id":"https:\/\/ucm.one\/de\/produkt\/die-haut-der-anderen\/#primaryimage"},"image":{"@id":"https:\/\/ucm.one\/de\/produkt\/die-haut-der-anderen\/#primaryimage"},"thumbnailUrl":"https:\/\/ucm.one\/wp-content\/uploads\/2022\/06\/Die-Haut-der-Anderen-DVD-2D-FSK16-1.jpg","datePublished":"2019-06-28T21:07:51+00:00","dateModified":"2023-07-20T11:42:02+00:00","description":"Shop | Die Haut der Anderen | 2019 | Artkeim\u00b2 | DVD | FSK 16","breadcrumb":{"@id":"https:\/\/ucm.one\/de\/produkt\/die-haut-der-anderen\/#breadcrumb"},"inLanguage":"de","potentialAction":[{"@type":"ReadAction","target":["https:\/\/ucm.one\/de\/produkt\/die-haut-der-anderen\/"]}]},{"@type":"ImageObject","inLanguage":"de","@id":"https:\/\/ucm.one\/de\/produkt\/die-haut-der-anderen\/#primaryimage","url":"https:\/\/ucm.one\/wp-content\/uploads\/2022\/06\/Die-Haut-der-Anderen-DVD-2D-FSK16-1.jpg","contentUrl":"https:\/\/ucm.one\/wp-content\/uploads\/2022\/06\/Die-Haut-der-Anderen-DVD-2D-FSK16-1.jpg","width":699,"height":1000},{"@type":"BreadcrumbList","@id":"https:\/\/ucm.one\/de\/produkt\/die-haut-der-anderen\/#breadcrumb","itemListElement":[{"@type":"ListItem","position":1,"name":"Home","item":"https:\/\/ucm.one\/de\/"},{"@type":"ListItem","position":2,"name":"Shop","item":"https:\/\/ucm.one\/de\/shop\/"},{"@type":"ListItem","position":3,"name":"Die Haut der Anderen"}]},{"@type":"WebSite","@id":"https:\/\/ucm.one\/de\/#website","url":"https:\/\/ucm.one\/de\/","name":"UCM.ONE","description":"","publisher":{"@id":"https:\/\/ucm.one\/de\/#organization"},"potentialAction":[{"@type":"SearchAction","target":{"@type":"EntryPoint","urlTemplate":"https:\/\/ucm.one\/de\/?s={search_term_string}"},"query-input":{"@type":"PropertyValueSpecification","valueRequired":true,"valueName":"search_term_string"}}],"inLanguage":"de"},{"@type":"Organization","@id":"https:\/\/ucm.one\/de\/#organization","name":"UCM.ONE","url":"https:\/\/ucm.one\/de\/","logo":{"@type":"ImageObject","inLanguage":"de","@id":"https:\/\/ucm.one\/de\/#\/schema\/logo\/image\/","url":"https:\/\/ucm.one\/wp-content\/uploads\/2019\/10\/UCM.ONE-Logo-RGB.svg","contentUrl":"https:\/\/ucm.one\/wp-content\/uploads\/2019\/10\/UCM.ONE-Logo-RGB.svg","width":1,"height":1,"caption":"UCM.ONE"},"image":{"@id":"https:\/\/ucm.one\/de\/#\/schema\/logo\/image\/"}}]}},"_links":{"self":[{"href":"https:\/\/ucm.one\/de\/wp-json\/wp\/v2\/product\/70025","targetHints":{"allow":["GET"]}}],"collection":[{"href":"https:\/\/ucm.one\/de\/wp-json\/wp\/v2\/product"}],"about":[{"href":"https:\/\/ucm.one\/de\/wp-json\/wp\/v2\/types\/product"}],"replies":[{"embeddable":true,"href":"https:\/\/ucm.one\/de\/wp-json\/wp\/v2\/comments?post=70025"}],"wp:featuredmedia":[{"embeddable":true,"href":"https:\/\/ucm.one\/de\/wp-json\/wp\/v2\/media\/70036"}],"wp:attachment":[{"href":"https:\/\/ucm.one\/de\/wp-json\/wp\/v2\/media?parent=70025"}],"wp:term":[{"taxonomy":"product_brand","embeddable":true,"href":"https:\/\/ucm.one\/de\/wp-json\/wp\/v2\/product_brand?post=70025"},{"taxonomy":"product_cat","embeddable":true,"href":"https:\/\/ucm.one\/de\/wp-json\/wp\/v2\/product_cat?post=70025"},{"taxonomy":"product_tag","embeddable":true,"href":"https:\/\/ucm.one\/de\/wp-json\/wp\/v2\/product_tag?post=70025"}],"curies":[{"name":"wp","href":"https:\/\/api.w.org\/{rel}","templated":true}]}}