{"id":70006,"date":"2020-10-23T20:14:19","date_gmt":"2020-10-23T20:14:19","guid":{"rendered":"https:\/\/ucm.one\/?post_type=product&#038;p=70006"},"modified":"2024-03-04T10:01:51","modified_gmt":"2024-03-04T10:01:51","slug":"kahlschlag","status":"publish","type":"product","link":"https:\/\/ucm.one\/de\/produkt\/kahlschlag\/","title":{"rendered":"Kahlschlag"},"content":{"rendered":"<div class=\"wpb_text_column wpb_content_element \">\n<div class=\"wpb_wrapper\">\n<div class=\"\">\n<div class=\"wpb_text_column wpb_content_element \">\n<div class=\"wpb_wrapper\">\n<div class=\"wpb_text_column wpb_content_element \">\n<div class=\"wpb_wrapper\">\n<div class=\"wpb_text_column wpb_content_element \">\n<div class=\"wpb_wrapper\">\n<p style=\"font-weight: 400;\">Martin und Eric verbindet eine Kindheitsfreundschaft. Schon als kleine Jungen fuhren sie jeden Sonntag zum Angeln an den Stausee, und schon als Kinder verliebten sie sich in dasselbe M\u00e4dchen: Frenni. Heute, 20 Jahre sp\u00e4ter, lebt Martin mit Frenni in einem beschaulichen Einfamilienhaus auf dem Hof seiner Eltern. Der Kontakt mit Eric ist nach einem schrecklichen Vorfall abgebrochen, bis er eines Tages vor ihrer T\u00fcr steht und Martin um einen letzten gemeinsamen Ausflug an den See bittet. Widerwillig kommt Martin mit, doch der Trip entpuppt sich bald als eine Reise ins Herz der Finsternis. W\u00e4hrend sich die Situation zwischen den Freunden am See immer weiter zuspitzt, ist auch Frenni alarmiert und versucht, an den See zu gelangen\u2026KAHLSCHLAG ist ebenso verst\u00f6rendes wie \u00fcberraschendes Genrekino, das die Frage nach Gut und B\u00f6se in jedem Menschen stellt und von einem Kritiker sehr treffend als \u201eFargo in Mecklenburg-<span style=\"font-weight: 400;\">Vorpommern\u201c bezeichnet wurde.<\/span><\/p>\n<\/div>\n<\/div>\n<\/div>\n<\/div>\n<\/div>\n<\/div>\n<\/div>\n<\/div>\n<\/div>\n<div><\/div>\n<div><div class=\"gap\" style=\"line-height: 20px; height: 20px;\"><\/div><\/div>\n<h5>Weitere Informationen<\/h5>\n<div>\n<div>\n<table style=\"height: 46px; width: 100%; border-collapse: collapse; border-color: #ffffff; background-color: #ffffff; border-style: hidden;\">\n<tbody>\n<tr style=\"height: 23px; border-style: hidden; border-color: #ffffff; background-color: #ffffff;\">\n<td style=\"width: 4.701195219123506%; height: 23px; border-style: hidden;\">Film:<\/td>\n<td style=\"width: 95.29880478087651%; height: 23px; border-style: hidden;\"><a title=\"Kahlschlag (2018) von Max Gleschinski | Artkeim\u00b2\" href=\"https:\/\/ucm.one\/de\/kahlschlag\/\">Kahlschlag<\/a><\/td>\n<\/tr>\n<tr style=\"height: 23px;\">\n<td style=\"width: 4.701195219123506%; height: 23px; border-style: hidden;\">Label:<\/td>\n<td style=\"width: 95.29880478087651%; height: 23px; border-style: hidden;\"><a title=\"Artkeim\u00b2\" href=\"https:\/\/ucm.one\/de\/film-labels\/artkeim\/\">Artkeim\u00b2<\/a><\/td>\n<\/tr>\n<\/tbody>\n<\/table>\n<\/div>\n<div><\/div>\n<\/div>\n<div>\n<div><div class=\"gap\" style=\"line-height: 10px; height: 10px;\"><\/div><\/div>\n<div>\u2117 2018 <strong>Von Anfang Anders Filmproduktion<\/strong>, <span style=\"font-family: 'arial black', sans-serif;\"><span style=\"font-family: arial, helvetica, sans-serif;\">\u00a9 2020\u00a0<strong>Artkeim\u00b2 \/\u00a0<span style=\"font-family: 'arial black', sans-serif;\">UCM.ONE<\/span><\/strong><\/span><\/span><\/div>\n<div><div class=\"gap\" style=\"line-height: 20px; height: 20px;\"><\/div><\/div>\n<\/div>\n<div>\n<div><\/div>\n<div>\n<div><div class=\"gap\" style=\"line-height: 10px; height: 10px;\"><\/div><\/div>\n<div><span style=\"color: #003a80;\"><strong>\u27a0 <a style=\"color: #003a80;\" href=\"https:\/\/ucm.one\/de\/produkt-kategorie\/art-de\/filme-de\/\">zum Shop<\/a><\/strong><\/span><\/div>\n<div><div class=\"gap\" style=\"line-height: 20px; height: 20px;\"><\/div><\/div>\n<\/div>\n<\/div>\n","protected":false},"excerpt":{"rendered":"<p>Regie: <strong><a title=\"Max Gleschinski\" href=\"https:\/\/ucm.one\/de\/?s=%22Max+Gleschinski%22&amp;post_type=product\">Max Gleschinski<\/a><\/strong><\/p>\n<p>Label:\u00a0<a title=\"\" href=\"https:\/\/ucm.one\/de\/produkt-kategorie\/label-film-de\/artkeim-de\/\"><strong>Artkeim\u00b2<\/strong><\/a><\/p>\n<p>Art:\u00a0<strong><a href=\"https:\/\/ucm.one\/de\/produkt-kategorie\/art-de\/filme-de\/\">Film<\/a> (Spielfilm)<\/strong><\/p>\n<p>Genre:\u00a0<b><a title=\"Thriller\" href=\"https:\/\/ucm.one\/de\/produkt-kategorie\/genre-film-de\/thriller-de\/\">Thriller<\/a>, <a title=\"Drama\" href=\"https:\/\/ucm.one\/de\/produkt-kategorie\/genre-film-de\/drama-de\/\">Drama<\/a><\/b><\/p>\n<p>Jahr: <strong>2020<\/strong><\/p>\n<p>FSK: <strong>16<\/strong><\/p>\n<p>Formate: <strong>Diverse<\/strong><\/p>\n","protected":false},"featured_media":70013,"comment_status":"open","ping_status":"closed","template":"","meta":{"_acf_changed":false},"product_brand":[],"product_cat":[10334,10338,13156,9708,10330,10331,10332],"product_tag":[12693,12694,12695,10352,12080,12688,12689,12690,12691,12692],"class_list":{"0":"post-70006","1":"product","2":"type-product","3":"status-publish","4":"has-post-thumbnail","6":"product_cat-drama-de","7":"product_cat-artkeim-de","8":"product_cat-arthouse-de","9":"product_cat-filme-de","10":"product_cat-thriller-de","11":"product_cat-dvd-de","12":"product_cat-blu-ray-de","13":"product_tag-jan-gorkow","14":"product_tag-max-gleschinski","15":"product_tag-florian-bartholomaei","16":"product_tag-thriller","17":"product_tag-artkeim","18":"product_tag-kahlschlag","19":"product_tag-mecklenburg-vorpommern","20":"product_tag-bernhard-conrad","21":"product_tag-maike-johanna-reuter","22":"product_tag-charly-huebner","23":"pa_format-dvd","24":"pa_format-blu-ray-de","25":"description-off","27":"first","28":"instock","29":"sale","30":"taxable","31":"shipping-taxable","32":"purchasable","33":"product-type-variable"},"acf":[],"yoast_head":"<!-- This site is optimized with the Yoast SEO plugin v27.2 - https:\/\/yoast.com\/product\/yoast-seo-wordpress\/ -->\n<title>Kahlschlag<\/title>\n<meta name=\"description\" content=\"Shop | Kahlschlag | 2020 | Artkeim\u00b2 | Blu-Ray + DVD | FSK 16\" \/>\n<meta name=\"robots\" content=\"index, follow, max-snippet:-1, max-image-preview:large, max-video-preview:-1\" \/>\n<link rel=\"canonical\" href=\"https:\/\/ucm.one\/de\/produkt\/kahlschlag\/\" \/>\n<meta property=\"og:locale\" content=\"de_DE\" \/>\n<meta property=\"og:type\" content=\"article\" \/>\n<meta property=\"og:title\" content=\"Kahlschlag\" \/>\n<meta property=\"og:description\" content=\"Shop | Kahlschlag | 2020 | Artkeim\u00b2 | Blu-Ray + DVD | FSK 16\" \/>\n<meta property=\"og:url\" content=\"https:\/\/ucm.one\/de\/produkt\/kahlschlag\/\" \/>\n<meta property=\"og:site_name\" content=\"UCM.ONE\" \/>\n<meta property=\"article:modified_time\" content=\"2024-03-04T10:01:51+00:00\" \/>\n<meta property=\"og:image\" content=\"https:\/\/ucm.one\/wp-content\/uploads\/2022\/06\/C-KahlschlagFSK16.jpg\" \/>\n<meta name=\"twitter:card\" content=\"summary_large_image\" \/>\n<meta name=\"twitter:title\" content=\"Kahlschlag\" \/>\n<meta name=\"twitter:description\" content=\"Shop | Kahlschlag | 2020 | Artkeim\u00b2 | Blu-Ray + DVD | FSK 16\" \/>\n<meta name=\"twitter:image\" content=\"https:\/\/ucm.one\/wp-content\/uploads\/2022\/06\/C-KahlschlagFSK16.jpg\" \/>\n<meta name=\"twitter:label1\" content=\"Gesch\u00e4tzte Lesezeit\" \/>\n\t<meta name=\"twitter:data1\" content=\"1\u00a0Minute\" \/>\n<!-- \/ Yoast SEO plugin. -->","yoast_head_json":{"title":"Kahlschlag","description":"Shop | Kahlschlag | 2020 | Artkeim\u00b2 | Blu-Ray + DVD | FSK 16","robots":{"index":"index","follow":"follow","max-snippet":"max-snippet:-1","max-image-preview":"max-image-preview:large","max-video-preview":"max-video-preview:-1"},"canonical":"https:\/\/ucm.one\/de\/produkt\/kahlschlag\/","og_locale":"de_DE","og_type":"article","og_title":"Kahlschlag","og_description":"Shop | Kahlschlag | 2020 | Artkeim\u00b2 | Blu-Ray + DVD | FSK 16","og_url":"https:\/\/ucm.one\/de\/produkt\/kahlschlag\/","og_site_name":"UCM.ONE","article_modified_time":"2024-03-04T10:01:51+00:00","og_image":[{"url":"https:\/\/ucm.one\/wp-content\/uploads\/2022\/06\/C-KahlschlagFSK16.jpg","type":"","width":"","height":""}],"twitter_card":"summary_large_image","twitter_title":"Kahlschlag","twitter_description":"Shop | Kahlschlag | 2020 | Artkeim\u00b2 | Blu-Ray + DVD | FSK 16","twitter_image":"https:\/\/ucm.one\/wp-content\/uploads\/2022\/06\/C-KahlschlagFSK16.jpg","twitter_misc":{"Gesch\u00e4tzte Lesezeit":"1\u00a0Minute"},"schema":{"@context":"https:\/\/schema.org","@graph":[{"@type":"WebPage","@id":"https:\/\/ucm.one\/de\/produkt\/kahlschlag\/","url":"https:\/\/ucm.one\/de\/produkt\/kahlschlag\/","name":"Kahlschlag","isPartOf":{"@id":"https:\/\/ucm.one\/de\/#website"},"primaryImageOfPage":{"@id":"https:\/\/ucm.one\/de\/produkt\/kahlschlag\/#primaryimage"},"image":{"@id":"https:\/\/ucm.one\/de\/produkt\/kahlschlag\/#primaryimage"},"thumbnailUrl":"https:\/\/ucm.one\/wp-content\/uploads\/2022\/06\/C-KahlschlagFSK16.jpg","datePublished":"2020-10-23T20:14:19+00:00","dateModified":"2024-03-04T10:01:51+00:00","description":"Shop | Kahlschlag | 2020 | Artkeim\u00b2 | Blu-Ray + DVD | FSK 16","breadcrumb":{"@id":"https:\/\/ucm.one\/de\/produkt\/kahlschlag\/#breadcrumb"},"inLanguage":"de","potentialAction":[{"@type":"ReadAction","target":["https:\/\/ucm.one\/de\/produkt\/kahlschlag\/"]}]},{"@type":"ImageObject","inLanguage":"de","@id":"https:\/\/ucm.one\/de\/produkt\/kahlschlag\/#primaryimage","url":"https:\/\/ucm.one\/wp-content\/uploads\/2022\/06\/C-KahlschlagFSK16.jpg","contentUrl":"https:\/\/ucm.one\/wp-content\/uploads\/2022\/06\/C-KahlschlagFSK16.jpg","width":699,"height":1000},{"@type":"BreadcrumbList","@id":"https:\/\/ucm.one\/de\/produkt\/kahlschlag\/#breadcrumb","itemListElement":[{"@type":"ListItem","position":1,"name":"Home","item":"https:\/\/ucm.one\/de\/"},{"@type":"ListItem","position":2,"name":"Shop","item":"https:\/\/ucm.one\/de\/shop\/"},{"@type":"ListItem","position":3,"name":"Kahlschlag"}]},{"@type":"WebSite","@id":"https:\/\/ucm.one\/de\/#website","url":"https:\/\/ucm.one\/de\/","name":"UCM.ONE","description":"","publisher":{"@id":"https:\/\/ucm.one\/de\/#organization"},"potentialAction":[{"@type":"SearchAction","target":{"@type":"EntryPoint","urlTemplate":"https:\/\/ucm.one\/de\/?s={search_term_string}"},"query-input":{"@type":"PropertyValueSpecification","valueRequired":true,"valueName":"search_term_string"}}],"inLanguage":"de"},{"@type":"Organization","@id":"https:\/\/ucm.one\/de\/#organization","name":"UCM.ONE","url":"https:\/\/ucm.one\/de\/","logo":{"@type":"ImageObject","inLanguage":"de","@id":"https:\/\/ucm.one\/de\/#\/schema\/logo\/image\/","url":"https:\/\/ucm.one\/wp-content\/uploads\/2019\/10\/UCM.ONE-Logo-RGB.svg","contentUrl":"https:\/\/ucm.one\/wp-content\/uploads\/2019\/10\/UCM.ONE-Logo-RGB.svg","width":1,"height":1,"caption":"UCM.ONE"},"image":{"@id":"https:\/\/ucm.one\/de\/#\/schema\/logo\/image\/"}}]}},"_links":{"self":[{"href":"https:\/\/ucm.one\/de\/wp-json\/wp\/v2\/product\/70006","targetHints":{"allow":["GET"]}}],"collection":[{"href":"https:\/\/ucm.one\/de\/wp-json\/wp\/v2\/product"}],"about":[{"href":"https:\/\/ucm.one\/de\/wp-json\/wp\/v2\/types\/product"}],"replies":[{"embeddable":true,"href":"https:\/\/ucm.one\/de\/wp-json\/wp\/v2\/comments?post=70006"}],"wp:featuredmedia":[{"embeddable":true,"href":"https:\/\/ucm.one\/de\/wp-json\/wp\/v2\/media\/70013"}],"wp:attachment":[{"href":"https:\/\/ucm.one\/de\/wp-json\/wp\/v2\/media?parent=70006"}],"wp:term":[{"taxonomy":"product_brand","embeddable":true,"href":"https:\/\/ucm.one\/de\/wp-json\/wp\/v2\/product_brand?post=70006"},{"taxonomy":"product_cat","embeddable":true,"href":"https:\/\/ucm.one\/de\/wp-json\/wp\/v2\/product_cat?post=70006"},{"taxonomy":"product_tag","embeddable":true,"href":"https:\/\/ucm.one\/de\/wp-json\/wp\/v2\/product_tag?post=70006"}],"curies":[{"name":"wp","href":"https:\/\/api.w.org\/{rel}","templated":true}]}}