{"id":69928,"date":"2022-01-21T22:13:44","date_gmt":"2022-01-21T22:13:44","guid":{"rendered":"https:\/\/ucm.one\/?post_type=product&#038;p=69928"},"modified":"2025-12-28T03:30:13","modified_gmt":"2025-12-28T03:30:13","slug":"albtraeumer","status":"publish","type":"product","link":"https:\/\/ucm.one\/de\/produkt\/albtraeumer\/","title":{"rendered":"Albtr\u00e4umer"},"content":{"rendered":"<div class=\"wpb_text_column wpb_content_element \">\n<div class=\"wpb_wrapper\">\n<div class=\"\">\n<div class=\"wpb_text_column wpb_content_element \">\n<div class=\"wpb_wrapper\">\n<div class=\"wpb_text_column wpb_content_element \">\n<div class=\"wpb_wrapper\">\n<p>Seit ihr \u00e4lterer Bruders Dennis vor zwei Jahren in den Tod gesprungen ist, versucht die 17-j\u00e4hrige Rebekka vergeblich, seinen Suizid f\u00fcr sich zu verarbeiten. Ihre Eltern sind vor allem mit dem Aufrechterhalten ihrer b\u00fcrgerlichen Fassade besch\u00e4ftigt und haben, wie auch die Dorfgemeinschaft, l\u00e4ngst einen \u201eSchuldigen\u201c an Dennis\u2018 Tod ausgemacht: Vincent, seinen besten Freund, der damals gemeinsam mit ihm von der Br\u00fccke gesprungen ist und den Sturz wie durch ein Wunder \u00fcberlebt hat.<\/p>\n<p>Als dieser nach langer Abwesenheit in den kleinen Ort im Schwarzwald zur\u00fcckkehrt, rei\u00dfen die alten Wunden wieder auf. Rebekka aber sieht in dem abweisenden Sonderling die einzige M\u00f6glichkeit, endlich zu verstehen, wer ihr Bruder wirklich war.\u00a0Gegen den erbitterten Widerstand von Rebekkas Eltern kommen sich die beiden Jugendlichen n\u00e4her und es entwickelt sich eine st\u00fcrmische Liebesbeziehung, die heilsam, aber auch zunehmend zerst\u00f6rerisch wirkt. Rebekka wird dabei tiefer in die Gef\u00fchlswelt ihres Bruders gezogen, als ihr lieb sein kann. Als die Situation eskaliert, muss sie eine harte Entscheidung treffen.<\/p>\n<\/div>\n<\/div>\n<\/div>\n<\/div>\n<\/div>\n<\/div>\n<\/div>\n<div>\u201c<strong>Albtr\u00e4umer<\/strong>\u201d ist ein in berauschenden Bildern erz\u00e4hltes und einf\u00fchlsam gespieltes Coming-of-Age-Drama mit Mystery-Elementen, in dem die schmerzhafte Suche einer jungen Frau nach Antworten mit der geistigen und emotionalen Enge ihrer Umgebung kollidiert.<span class=\"Apple-converted-space\">\u00a0<\/span><\/div>\n<div><\/div>\n<div><div class=\"gap\" style=\"line-height: 20px; height: 20px;\"><\/div><\/div>\n<h5>Weitere Informationen<\/h5>\n<div>\n<div>\n<table style=\"height: 46px; width: 100%; border-collapse: collapse; border-color: #ffffff; background-color: #ffffff; border-style: hidden;\">\n<tbody>\n<tr style=\"height: 23px; border-style: hidden; border-color: #ffffff; background-color: #ffffff;\">\n<td style=\"width: 4.701195219123506%; height: 23px; border-style: hidden;\">Film:<\/td>\n<td style=\"width: 95.29880478087651%; height: 23px; border-style: hidden;\"><a title=\"Albtr\u00e4umer (2020) von Philipp Klinger | Artkeim\u00b2\" href=\"https:\/\/ucm.one\/de\/albtraeumer\/\">Albtr\u00e4umer <\/a><\/td>\n<\/tr>\n<tr style=\"height: 23px;\">\n<td style=\"width: 4.701195219123506%; height: 23px; border-style: hidden;\">Label:<\/td>\n<td style=\"width: 95.29880478087651%; height: 23px; border-style: hidden;\"><a title=\"Artkeim\u00b2\" href=\"https:\/\/ucm.one\/de\/film-labels\/artkeim\/\">Artkeim\u00b2<\/a><\/td>\n<\/tr>\n<\/tbody>\n<\/table>\n<\/div>\n<div><\/div>\n<\/div>\n<div>\n<div><div class=\"gap\" style=\"line-height: 10px; height: 10px;\"><\/div><\/div>\n<div>\u2117 2020\u00a0<strong>Kurhaus Production<\/strong>, <span style=\"font-family: 'arial black', sans-serif;\"><span style=\"font-family: arial, helvetica, sans-serif;\">\u00a9 2021\u00a0<strong>Artkeim\u00b2 \/\u00a0<span style=\"font-family: 'arial black', sans-serif;\">UCM.ONE<\/span><\/strong><\/span><\/span><\/div>\n<div><div class=\"gap\" style=\"line-height: 20px; height: 20px;\"><\/div><\/div>\n<\/div>\n<div>\n<div><\/div>\n<div>\n<div><div class=\"gap\" style=\"line-height: 10px; height: 10px;\"><\/div><\/div>\n<div><span style=\"color: #003a80;\"><strong>\u27a0 <a style=\"color: #003a80;\" href=\"https:\/\/ucm.one\/de\/produkt-kategorie\/art-de\/filme-de\/\">zum Shop<\/a><\/strong><\/span><\/div>\n<div><div class=\"gap\" style=\"line-height: 20px; height: 20px;\"><\/div><\/div>\n<\/div>\n<\/div>\n","protected":false},"excerpt":{"rendered":"<p>Regie: <strong><a title=\"Philipp Klinger\" href=\"https:\/\/ucm.one\/de\/?s=%22Philipp+Klinger%22&amp;post_type=product\">Philipp Klinger<\/a><\/strong><\/p>\n<p>Label:\u00a0<a title=\"\" href=\"https:\/\/ucm.one\/de\/produkt-kategorie\/label-film-de\/artkeim-de\/\"><strong>Artkeim\u00b2<\/strong><\/a><\/p>\n<p>Art:\u00a0<strong><a href=\"https:\/\/ucm.one\/de\/produkt-kategorie\/art-de\/filme-de\/\">Film<\/a> (Spielfilm)<\/strong><\/p>\n<p>Genre:\u00a0<b><a href=\"https:\/\/ucm.one\/de\/produkt-kategorie\/genre-film-de\/drama-de\/\">Drama<\/a><\/b><\/p>\n<p>Jahr: <strong>2021<\/strong><\/p>\n<p>FSK: <strong>12<\/strong><\/p>\n<p>Format: <strong>DVD<\/strong><\/p>\n","protected":false},"featured_media":69929,"comment_status":"open","ping_status":"closed","template":"","meta":{"_acf_changed":false},"product_brand":[],"product_cat":[9708,13156,10331,10334,10338],"product_tag":[12601,12080,12602,12566,12603,12592,12604,12594,12605,12595,12596,12597,12598,10350,12599,12600],"class_list":{"0":"post-69928","1":"product","2":"type-product","3":"status-publish","4":"has-post-thumbnail","6":"product_cat-filme-de","7":"product_cat-arthouse-de","8":"product_cat-dvd-de","9":"product_cat-drama-de","10":"product_cat-artkeim-de","11":"product_tag-birge-schade","12":"product_tag-artkeim","13":"product_tag-marlene-burow","14":"product_tag-kino","15":"product_tag-andreas-warmbrunn","16":"product_tag-albtraeumer","17":"product_tag-gustav-schmidt","18":"product_tag-philipp-klinger","19":"product_tag-valerie-stoll","20":"product_tag-kurhaus","21":"product_tag-christoph-holthof","22":"product_tag-daniel-reich","23":"product_tag-sarah-mahita","24":"product_tag-dvd","25":"product_tag-bela-gabor-lenz","26":"product_tag-stephan-szasz","27":"product_shipping_class-dvd-2","28":"pa_format-dvd","29":"pa_format-blu-ray-de","30":"description-off","32":"first","33":"instock","34":"taxable","35":"shipping-taxable","36":"purchasable","37":"product-type-variable","38":"has-default-attributes"},"acf":[],"yoast_head":"<!-- This site is optimized with the Yoast SEO plugin v27.2 - https:\/\/yoast.com\/product\/yoast-seo-wordpress\/ -->\n<title>Albr\u00e4umer<\/title>\n<meta name=\"description\" content=\"Shop | Albr\u00e4umer | 2021 | Artkeim\u00b2 | DVD | FSK 12\" \/>\n<meta name=\"robots\" content=\"index, follow, max-snippet:-1, max-image-preview:large, max-video-preview:-1\" \/>\n<link rel=\"canonical\" href=\"https:\/\/ucm.one\/de\/produkt\/albtraeumer\/\" \/>\n<meta property=\"og:locale\" content=\"de_DE\" \/>\n<meta property=\"og:type\" content=\"article\" \/>\n<meta property=\"og:title\" content=\"Albr\u00e4umer\" \/>\n<meta property=\"og:description\" content=\"Shop | Albr\u00e4umer | 2021 | Artkeim\u00b2 | DVD | FSK 12\" \/>\n<meta property=\"og:url\" content=\"https:\/\/ucm.one\/de\/produkt\/albtraeumer\/\" \/>\n<meta property=\"og:site_name\" content=\"UCM.ONE\" \/>\n<meta property=\"article:modified_time\" content=\"2025-12-28T03:30:13+00:00\" \/>\n<meta property=\"og:image\" content=\"https:\/\/ucm.one\/wp-content\/uploads\/2022\/06\/C-Albtraeumer-2D-FSK12.jpg\" \/>\n<meta name=\"twitter:card\" content=\"summary_large_image\" \/>\n<meta name=\"twitter:title\" content=\"Albr\u00e4umer\" \/>\n<meta name=\"twitter:description\" content=\"Shop | Albr\u00e4umer | 2021 | Artkeim\u00b2 | DVD | FSK 12\" \/>\n<meta name=\"twitter:image\" content=\"https:\/\/ucm.one\/wp-content\/uploads\/2022\/06\/C-Albtraeumer-2D-FSK12.jpg\" \/>\n<meta name=\"twitter:label1\" content=\"Gesch\u00e4tzte Lesezeit\" \/>\n\t<meta name=\"twitter:data1\" content=\"1\u00a0Minute\" \/>\n<!-- \/ Yoast SEO plugin. -->","yoast_head_json":{"title":"Albr\u00e4umer","description":"Shop | Albr\u00e4umer | 2021 | Artkeim\u00b2 | DVD | FSK 12","robots":{"index":"index","follow":"follow","max-snippet":"max-snippet:-1","max-image-preview":"max-image-preview:large","max-video-preview":"max-video-preview:-1"},"canonical":"https:\/\/ucm.one\/de\/produkt\/albtraeumer\/","og_locale":"de_DE","og_type":"article","og_title":"Albr\u00e4umer","og_description":"Shop | Albr\u00e4umer | 2021 | Artkeim\u00b2 | DVD | FSK 12","og_url":"https:\/\/ucm.one\/de\/produkt\/albtraeumer\/","og_site_name":"UCM.ONE","article_modified_time":"2025-12-28T03:30:13+00:00","og_image":[{"url":"https:\/\/ucm.one\/wp-content\/uploads\/2022\/06\/C-Albtraeumer-2D-FSK12.jpg","type":"","width":"","height":""}],"twitter_card":"summary_large_image","twitter_title":"Albr\u00e4umer","twitter_description":"Shop | Albr\u00e4umer | 2021 | Artkeim\u00b2 | DVD | FSK 12","twitter_image":"https:\/\/ucm.one\/wp-content\/uploads\/2022\/06\/C-Albtraeumer-2D-FSK12.jpg","twitter_misc":{"Gesch\u00e4tzte Lesezeit":"1\u00a0Minute"},"schema":{"@context":"https:\/\/schema.org","@graph":[{"@type":"WebPage","@id":"https:\/\/ucm.one\/de\/produkt\/albtraeumer\/","url":"https:\/\/ucm.one\/de\/produkt\/albtraeumer\/","name":"Albr\u00e4umer","isPartOf":{"@id":"https:\/\/ucm.one\/de\/#website"},"primaryImageOfPage":{"@id":"https:\/\/ucm.one\/de\/produkt\/albtraeumer\/#primaryimage"},"image":{"@id":"https:\/\/ucm.one\/de\/produkt\/albtraeumer\/#primaryimage"},"thumbnailUrl":"https:\/\/ucm.one\/wp-content\/uploads\/2022\/06\/C-Albtraeumer-2D-FSK12.jpg","datePublished":"2022-01-21T22:13:44+00:00","dateModified":"2025-12-28T03:30:13+00:00","description":"Shop | Albr\u00e4umer | 2021 | Artkeim\u00b2 | DVD | FSK 12","breadcrumb":{"@id":"https:\/\/ucm.one\/de\/produkt\/albtraeumer\/#breadcrumb"},"inLanguage":"de","potentialAction":[{"@type":"ReadAction","target":["https:\/\/ucm.one\/de\/produkt\/albtraeumer\/"]}]},{"@type":"ImageObject","inLanguage":"de","@id":"https:\/\/ucm.one\/de\/produkt\/albtraeumer\/#primaryimage","url":"https:\/\/ucm.one\/wp-content\/uploads\/2022\/06\/C-Albtraeumer-2D-FSK12.jpg","contentUrl":"https:\/\/ucm.one\/wp-content\/uploads\/2022\/06\/C-Albtraeumer-2D-FSK12.jpg","width":699,"height":1000},{"@type":"BreadcrumbList","@id":"https:\/\/ucm.one\/de\/produkt\/albtraeumer\/#breadcrumb","itemListElement":[{"@type":"ListItem","position":1,"name":"Home","item":"https:\/\/ucm.one\/de\/"},{"@type":"ListItem","position":2,"name":"Shop","item":"https:\/\/ucm.one\/de\/shop\/"},{"@type":"ListItem","position":3,"name":"Albtr\u00e4umer"}]},{"@type":"WebSite","@id":"https:\/\/ucm.one\/de\/#website","url":"https:\/\/ucm.one\/de\/","name":"UCM.ONE","description":"","publisher":{"@id":"https:\/\/ucm.one\/de\/#organization"},"potentialAction":[{"@type":"SearchAction","target":{"@type":"EntryPoint","urlTemplate":"https:\/\/ucm.one\/de\/?s={search_term_string}"},"query-input":{"@type":"PropertyValueSpecification","valueRequired":true,"valueName":"search_term_string"}}],"inLanguage":"de"},{"@type":"Organization","@id":"https:\/\/ucm.one\/de\/#organization","name":"UCM.ONE","url":"https:\/\/ucm.one\/de\/","logo":{"@type":"ImageObject","inLanguage":"de","@id":"https:\/\/ucm.one\/de\/#\/schema\/logo\/image\/","url":"https:\/\/ucm.one\/wp-content\/uploads\/2019\/10\/UCM.ONE-Logo-RGB.svg","contentUrl":"https:\/\/ucm.one\/wp-content\/uploads\/2019\/10\/UCM.ONE-Logo-RGB.svg","width":1,"height":1,"caption":"UCM.ONE"},"image":{"@id":"https:\/\/ucm.one\/de\/#\/schema\/logo\/image\/"}}]}},"_links":{"self":[{"href":"https:\/\/ucm.one\/de\/wp-json\/wp\/v2\/product\/69928","targetHints":{"allow":["GET"]}}],"collection":[{"href":"https:\/\/ucm.one\/de\/wp-json\/wp\/v2\/product"}],"about":[{"href":"https:\/\/ucm.one\/de\/wp-json\/wp\/v2\/types\/product"}],"replies":[{"embeddable":true,"href":"https:\/\/ucm.one\/de\/wp-json\/wp\/v2\/comments?post=69928"}],"wp:featuredmedia":[{"embeddable":true,"href":"https:\/\/ucm.one\/de\/wp-json\/wp\/v2\/media\/69929"}],"wp:attachment":[{"href":"https:\/\/ucm.one\/de\/wp-json\/wp\/v2\/media?parent=69928"}],"wp:term":[{"taxonomy":"product_brand","embeddable":true,"href":"https:\/\/ucm.one\/de\/wp-json\/wp\/v2\/product_brand?post=69928"},{"taxonomy":"product_cat","embeddable":true,"href":"https:\/\/ucm.one\/de\/wp-json\/wp\/v2\/product_cat?post=69928"},{"taxonomy":"product_tag","embeddable":true,"href":"https:\/\/ucm.one\/de\/wp-json\/wp\/v2\/product_tag?post=69928"}],"curies":[{"name":"wp","href":"https:\/\/api.w.org\/{rel}","templated":true}]}}