{"id":69922,"date":"2021-07-08T21:23:52","date_gmt":"2021-07-08T21:23:52","guid":{"rendered":"https:\/\/ucm.one\/?post_type=product&#038;p=69922"},"modified":"2023-06-18T13:43:27","modified_gmt":"2023-06-18T13:43:27","slug":"los-reyes-koenigliche-streuner-kinoplakat","status":"publish","type":"product","link":"https:\/\/ucm.one\/de\/produkt\/los-reyes-koenigliche-streuner-kinoplakat\/","title":{"rendered":"Los Reyes &#8211; K\u00f6nigliche Streuner (Kinoplakat)"},"content":{"rendered":"<div class=\"wpb-content-wrapper\"><div class=\"wpb_text_column wpb_content_element \">\n<div class=\"wpb_wrapper\">\n<div class=\"\">\n<div class=\"wpb_text_column wpb_content_element \">\n<div class=\"wpb_wrapper\">\n<div class=\"wpb_text_column wpb_content_element \">\n<div class=\"wpb_wrapper\">\n<div class=\"wpb_text_column wpb_content_element \">\n<div class=\"wpb_wrapper\">\n<div class=\"vc_row wpb_row vc_row-fluid\">\n<div class=\"wpb_column vc_column_container vc_col-sm-9\">\n<div class=\"vc_column-inner\">\n<div class=\"wpb_wrapper\">\n<div class=\"wpb_text_column wpb_content_element \">\n<div class=\"wpb_wrapper\">\n<div class=\"wpb_text_column wpb_content_element \">\n<div class=\"wpb_wrapper\">\n<p>Die j\u00fcngere und lebhaftere Chola liebt es, mit den B\u00e4llen zu spielen, die \u00fcberall herumliegen. Ihr Lieblingsspiel ist es, einen Ball auf den Rand des Parkours, wo die Skater ihre Tricks zeigen, zu legen und zu versuchen, ihn aufzufangen, kurz bevor er herunterf\u00e4llt. Futbol, der \u00e4ltere von den beiden, schaut ihr dabei oft ungeduldig zu. Er wiederum tr\u00e4gt st\u00e4ndig irgendetwas im Maul herum und findet gro\u00dfen Spa\u00df daran, Dinge durch die Gegend zu schleppen und anzunagen.<\/p>\n<\/div>\n<\/div>\n<div class=\"wpb_text_column wpb_content_element \">\n<div class=\"wpb_wrapper\">\n<p>Die Teenager um sie herum kommen aus sehr unterschiedlichen, manchmal schwierigen Verh\u00e4ltnissen. Sie haben alle ihre eigenen Geschichten und Probleme, die man im Hintergrund in ihren Gespr\u00e4chen mitverfolgt, w\u00e4hrend die Kamera die subtile Interaktion zwischen den beiden Hunden einf\u00e4ngt, wie sie schlummern, einem Ball nachjagen oder einfach nur herumschn\u00fcffeln.<\/p>\n<\/div>\n<\/div>\n<\/div>\n<\/div>\n<\/div>\n<\/div>\n<\/div>\n<\/div>\n<\/div>\n<\/div>\n<\/div>\n<\/div>\n<\/div>\n<\/div>\n<\/div>\n<\/div>\n<\/div>\n<div><strong>Los Reyes \u2013 K\u00f6nigliche Streuner<\/strong>\u201c,\u00a0ist ein meditativer, fast m\u00e4rchenhafter und gleichzeitig sehr ergreifender Dokumentarfilm, der nur durch die Beobachtung zweier Hunde eine ganze Welt erz\u00e4hlt.<\/div>\n<div><\/div>\n<div><div class=\"gap\" style=\"line-height: 20px; height: 20px;\"><\/div><\/div>\n<h5>Weitere Informationen<\/h5>\n<div>\n<div>\n<table style=\"height: 47px; width: 100%; border-collapse: collapse; border-color: #ffffff; background-color: #ffffff; border-style: hidden;\">\n<tbody>\n<tr style=\"height: 23px; border-style: hidden; border-color: #ffffff; background-color: #ffffff;\">\n<td style=\"width: 4.701195219123506%; height: 23px; border-style: hidden;\">Film:<\/td>\n<td style=\"width: 95.29880478087651%; height: 23px; border-style: hidden;\"><a title=\"Los Reyes \u2013 K\u00f6nigliche Streuner (2018) von Bettina Perut &amp; Iv\u00e1n Osnovikoff | NONFY Documentaries\" href=\"https:\/\/ucm.one\/de\/los-reyes\/\">Los Reyes \u2013 K\u00f6nigliche Streuner<\/a><\/td>\n<\/tr>\n<tr style=\"height: 23px;\">\n<td style=\"width: 4.701195219123506%; height: 24px; border-style: hidden;\">Label:<\/td>\n<td style=\"width: 95.29880478087651%; height: 24px; border-style: hidden;\"><a title=\"NONFY Documentaries\" href=\"https:\/\/ucm.one\/de\/film-labels\/nonfy-documentaries\/\">NONFY Documentaries<\/a><\/td>\n<\/tr>\n<\/tbody>\n<\/table>\n<\/div>\n<div><\/div>\n<\/div>\n<div>\n<div><div class=\"gap\" style=\"line-height: 10px; height: 10px;\"><\/div><\/div>\n<div>\u2117 2018\u00a0<strong>Perut + Osnoviko Ltda, Dirk Manthey Film UG<\/strong>, \u00a9 2021 <strong>NONFY Documentaries<\/strong><span style=\"font-family: arial, helvetica, sans-serif;\">\u00a0<\/span>\/ <span style=\"font-family: 'arial black', sans-serif;\"><strong>UCM.ONE<\/strong><\/span><\/div>\n<div><div class=\"gap\" style=\"line-height: 20px; height: 20px;\"><\/div><\/div>\n<\/div>\n<div>\n<div><\/div>\n<div>\n<div><div class=\"gap\" style=\"line-height: 10px; height: 10px;\"><\/div><\/div>\n<div><span style=\"color: #003a80;\"><strong>\u27a0 <a style=\"color: #003a80;\" href=\"https:\/\/ucm.one\/de\/produkt-kategorie\/art-de\/filme-de\/\">zum Shop<\/a><\/strong><\/span><\/div>\n<div><div class=\"gap\" style=\"line-height: 20px; height: 20px;\"><\/div><\/div>\n<\/div>\n<\/div>\n<\/div>","protected":false},"excerpt":{"rendered":"<p>Label:\u00a0<a title=\"Artkeim\u00b2\" href=\"https:\/\/ucm.one\/de\/produkt-kategorie\/label-film-de\/nonfy-documentaries-de\/\"><strong>NONFY Documentaries<\/strong><\/a><\/p>\n<p>Art:\u00a0<strong><a href=\"https:\/\/ucm.one\/de\/produkt-kategorie\/art-de\/filme-de\/\">Film<\/a> (<a href=\"https:\/\/ucm.one\/de\/produkt-kategorie\/merchandise-de\/\">Merchandise<\/a>)<\/strong><\/p>\n<p>Genre: <strong><a title=\"Dokumentation\" href=\"https:\/\/ucm.one\/de\/produkt-kategorie\/genre-film-de\/dokumentation-de\/\">Dokumentarfilm<\/a><\/strong><\/p>\n<p>Jahr: <strong>2021<\/strong><\/p>\n<p>Format: <strong>Plakat<\/strong><\/p>\n","protected":false},"featured_media":69923,"comment_status":"open","ping_status":"closed","template":"","meta":{"_acf_changed":false},"product_brand":[],"product_cat":[10400,10938,12526,12646,9708],"product_tag":[12661,12662,12663,12664,12665,12561,12666,12562,12667,12610,12668,12669,12651,12670,12660,12671],"class_list":{"0":"post-69922","1":"product","2":"type-product","3":"status-publish","4":"has-post-thumbnail","6":"product_cat-merchandise-de","7":"product_cat-dokumentarfilm-de","8":"product_cat-plakat-de","9":"product_cat-nonfy-documentaries-de","10":"product_cat-filme-de","11":"product_tag-koenigliche-streuner","12":"product_tag-dirk-manthey","13":"product_tag-bettina-perut","14":"product_tag-ivan-osnovikoff","15":"product_tag-pablo-valdes","16":"product_tag-plakat","17":"product_tag-santiago","18":"product_tag-poster","19":"product_tag-skatepark","20":"product_tag-plakate","21":"product_tag-adolfo-mesias","22":"product_tag-chile","23":"product_tag-nonfy-documentaries","24":"product_tag-skater","25":"product_tag-los-reyes","26":"product_tag-skateboard","27":"product_shipping_class-poster-en","28":"description-off","30":"first","31":"instock","32":"taxable","33":"shipping-taxable","34":"purchasable","35":"product-type-variable","36":"has-default-attributes"},"acf":[],"yoast_head":"<!-- This site is optimized with the Yoast SEO plugin v27.2 - https:\/\/yoast.com\/product\/yoast-seo-wordpress\/ -->\n<title>Los Reyes - K\u00f6nigliche Streuner (Kinoplakat)<\/title>\n<meta name=\"description\" content=\"Shop | Los Reyes - K\u00f6nigliche Streuner (Kinoplakat) | 2021 | NONFY Documentaries | Plakat\" \/>\n<meta name=\"robots\" content=\"index, follow, max-snippet:-1, max-image-preview:large, max-video-preview:-1\" \/>\n<link rel=\"canonical\" href=\"https:\/\/ucm.one\/de\/produkt\/los-reyes-koenigliche-streuner-kinoplakat\/\" \/>\n<meta property=\"og:locale\" content=\"de_DE\" \/>\n<meta property=\"og:type\" content=\"article\" \/>\n<meta property=\"og:title\" content=\"Los Reyes - K\u00f6nigliche Streuner (Kinoplakat)\" \/>\n<meta property=\"og:description\" content=\"Shop | Los Reyes - K\u00f6nigliche Streuner (Kinoplakat) | 2021 | NONFY Documentaries | Plakat\" \/>\n<meta property=\"og:url\" content=\"https:\/\/ucm.one\/de\/produkt\/los-reyes-koenigliche-streuner-kinoplakat\/\" \/>\n<meta property=\"og:site_name\" content=\"UCM.ONE\" \/>\n<meta property=\"article:modified_time\" content=\"2023-06-18T13:43:27+00:00\" \/>\n<meta property=\"og:image\" content=\"https:\/\/ucm.one\/wp-content\/uploads\/2022\/06\/Los-Reyes-Plakat.jpg\" \/>\n<meta name=\"twitter:card\" content=\"summary_large_image\" \/>\n<meta name=\"twitter:title\" content=\"Los Reyes - K\u00f6nigliche Streuner (Kinoplakat)\" \/>\n<meta name=\"twitter:description\" content=\"Shop | Los Reyes - K\u00f6nigliche Streuner (Kinoplakat) | 2021 | NONFY Documentaries | Plakat\" \/>\n<meta name=\"twitter:image\" content=\"https:\/\/ucm.one\/wp-content\/uploads\/2022\/06\/Los-Reyes-Plakat.jpg\" \/>\n<meta name=\"twitter:label1\" content=\"Gesch\u00e4tzte Lesezeit\" \/>\n\t<meta name=\"twitter:data1\" content=\"1\u00a0Minute\" \/>\n<!-- \/ Yoast SEO plugin. -->","yoast_head_json":{"title":"Los Reyes - K\u00f6nigliche Streuner (Kinoplakat)","description":"Shop | Los Reyes - K\u00f6nigliche Streuner (Kinoplakat) | 2021 | NONFY Documentaries | Plakat","robots":{"index":"index","follow":"follow","max-snippet":"max-snippet:-1","max-image-preview":"max-image-preview:large","max-video-preview":"max-video-preview:-1"},"canonical":"https:\/\/ucm.one\/de\/produkt\/los-reyes-koenigliche-streuner-kinoplakat\/","og_locale":"de_DE","og_type":"article","og_title":"Los Reyes - K\u00f6nigliche Streuner (Kinoplakat)","og_description":"Shop | Los Reyes - K\u00f6nigliche Streuner (Kinoplakat) | 2021 | NONFY Documentaries | Plakat","og_url":"https:\/\/ucm.one\/de\/produkt\/los-reyes-koenigliche-streuner-kinoplakat\/","og_site_name":"UCM.ONE","article_modified_time":"2023-06-18T13:43:27+00:00","og_image":[{"url":"https:\/\/ucm.one\/wp-content\/uploads\/2022\/06\/Los-Reyes-Plakat.jpg","type":"","width":"","height":""}],"twitter_card":"summary_large_image","twitter_title":"Los Reyes - K\u00f6nigliche Streuner (Kinoplakat)","twitter_description":"Shop | Los Reyes - K\u00f6nigliche Streuner (Kinoplakat) | 2021 | NONFY Documentaries | Plakat","twitter_image":"https:\/\/ucm.one\/wp-content\/uploads\/2022\/06\/Los-Reyes-Plakat.jpg","twitter_misc":{"Gesch\u00e4tzte Lesezeit":"1\u00a0Minute"},"schema":{"@context":"https:\/\/schema.org","@graph":[{"@type":"WebPage","@id":"https:\/\/ucm.one\/de\/produkt\/los-reyes-koenigliche-streuner-kinoplakat\/","url":"https:\/\/ucm.one\/de\/produkt\/los-reyes-koenigliche-streuner-kinoplakat\/","name":"Los Reyes - K\u00f6nigliche Streuner (Kinoplakat)","isPartOf":{"@id":"https:\/\/ucm.one\/de\/#website"},"primaryImageOfPage":{"@id":"https:\/\/ucm.one\/de\/produkt\/los-reyes-koenigliche-streuner-kinoplakat\/#primaryimage"},"image":{"@id":"https:\/\/ucm.one\/de\/produkt\/los-reyes-koenigliche-streuner-kinoplakat\/#primaryimage"},"thumbnailUrl":"https:\/\/ucm.one\/wp-content\/uploads\/2022\/06\/Los-Reyes-Plakat.jpg","datePublished":"2021-07-08T21:23:52+00:00","dateModified":"2023-06-18T13:43:27+00:00","description":"Shop | Los Reyes - K\u00f6nigliche Streuner (Kinoplakat) | 2021 | NONFY Documentaries | Plakat","breadcrumb":{"@id":"https:\/\/ucm.one\/de\/produkt\/los-reyes-koenigliche-streuner-kinoplakat\/#breadcrumb"},"inLanguage":"de","potentialAction":[{"@type":"ReadAction","target":["https:\/\/ucm.one\/de\/produkt\/los-reyes-koenigliche-streuner-kinoplakat\/"]}]},{"@type":"ImageObject","inLanguage":"de","@id":"https:\/\/ucm.one\/de\/produkt\/los-reyes-koenigliche-streuner-kinoplakat\/#primaryimage","url":"https:\/\/ucm.one\/wp-content\/uploads\/2022\/06\/Los-Reyes-Plakat.jpg","contentUrl":"https:\/\/ucm.one\/wp-content\/uploads\/2022\/06\/Los-Reyes-Plakat.jpg","width":707,"height":1000},{"@type":"BreadcrumbList","@id":"https:\/\/ucm.one\/de\/produkt\/los-reyes-koenigliche-streuner-kinoplakat\/#breadcrumb","itemListElement":[{"@type":"ListItem","position":1,"name":"Home","item":"https:\/\/ucm.one\/de\/"},{"@type":"ListItem","position":2,"name":"Shop","item":"https:\/\/ucm.one\/de\/shop\/"},{"@type":"ListItem","position":3,"name":"Los Reyes &#8211; K\u00f6nigliche Streuner (Kinoplakat)"}]},{"@type":"WebSite","@id":"https:\/\/ucm.one\/de\/#website","url":"https:\/\/ucm.one\/de\/","name":"UCM.ONE","description":"","publisher":{"@id":"https:\/\/ucm.one\/de\/#organization"},"potentialAction":[{"@type":"SearchAction","target":{"@type":"EntryPoint","urlTemplate":"https:\/\/ucm.one\/de\/?s={search_term_string}"},"query-input":{"@type":"PropertyValueSpecification","valueRequired":true,"valueName":"search_term_string"}}],"inLanguage":"de"},{"@type":"Organization","@id":"https:\/\/ucm.one\/de\/#organization","name":"UCM.ONE","url":"https:\/\/ucm.one\/de\/","logo":{"@type":"ImageObject","inLanguage":"de","@id":"https:\/\/ucm.one\/de\/#\/schema\/logo\/image\/","url":"https:\/\/ucm.one\/wp-content\/uploads\/2019\/10\/UCM.ONE-Logo-RGB.svg","contentUrl":"https:\/\/ucm.one\/wp-content\/uploads\/2019\/10\/UCM.ONE-Logo-RGB.svg","width":1,"height":1,"caption":"UCM.ONE"},"image":{"@id":"https:\/\/ucm.one\/de\/#\/schema\/logo\/image\/"}}]}},"_links":{"self":[{"href":"https:\/\/ucm.one\/de\/wp-json\/wp\/v2\/product\/69922","targetHints":{"allow":["GET"]}}],"collection":[{"href":"https:\/\/ucm.one\/de\/wp-json\/wp\/v2\/product"}],"about":[{"href":"https:\/\/ucm.one\/de\/wp-json\/wp\/v2\/types\/product"}],"replies":[{"embeddable":true,"href":"https:\/\/ucm.one\/de\/wp-json\/wp\/v2\/comments?post=69922"}],"wp:featuredmedia":[{"embeddable":true,"href":"https:\/\/ucm.one\/de\/wp-json\/wp\/v2\/media\/69923"}],"wp:attachment":[{"href":"https:\/\/ucm.one\/de\/wp-json\/wp\/v2\/media?parent=69922"}],"wp:term":[{"taxonomy":"product_brand","embeddable":true,"href":"https:\/\/ucm.one\/de\/wp-json\/wp\/v2\/product_brand?post=69922"},{"taxonomy":"product_cat","embeddable":true,"href":"https:\/\/ucm.one\/de\/wp-json\/wp\/v2\/product_cat?post=69922"},{"taxonomy":"product_tag","embeddable":true,"href":"https:\/\/ucm.one\/de\/wp-json\/wp\/v2\/product_tag?post=69922"}],"curies":[{"name":"wp","href":"https:\/\/api.w.org\/{rel}","templated":true}]}}