{"id":69907,"date":"2021-08-12T16:19:05","date_gmt":"2021-08-12T16:19:05","guid":{"rendered":"https:\/\/ucm.one\/?post_type=product&#038;p=69907"},"modified":"2023-10-20T11:17:27","modified_gmt":"2023-10-20T11:17:27","slug":"albtraeumer-kinoplakat","status":"publish","type":"product","link":"https:\/\/ucm.one\/de\/produkt\/albtraeumer-kinoplakat\/","title":{"rendered":"Albtr\u00e4umer (Kinoplakat)"},"content":{"rendered":"<div class=\"wpb-content-wrapper\"><div class=\"wpb_text_column wpb_content_element \">\n<div class=\"wpb_wrapper\">\n<div class=\"\">\n<div class=\"wpb_text_column wpb_content_element \">\n<div class=\"wpb_wrapper\">\n<div class=\"wpb_text_column wpb_content_element \">\n<div class=\"wpb_wrapper\">\n<div class=\"wpb_text_column wpb_content_element \">\n<div class=\"wpb_wrapper\">\n<div class=\"vc_row wpb_row vc_row-fluid\">\n<div class=\"wpb_column vc_column_container vc_col-sm-9\">\n<div class=\"vc_column-inner\">\n<div class=\"wpb_wrapper\">\n<div class=\"wpb_text_column wpb_content_element \">\n<div class=\"wpb_wrapper\">\n<div class=\"wpb_text_column wpb_content_element \">\n<div class=\"wpb_wrapper\">\n<p class=\"western\">Die 17-j\u00e4hrige Rebekka w\u00e4chst beh\u00fctet in einem abgeschiedenen Ort im Schwarzwald auf. Sie ist bei allen beliebt, hat schon l\u00e4nger einen festen Freund und f\u00fchrt vermeintlich ein unbeschwertes Leben. Doch der Schein tr\u00fcgt: Seit ihr \u00e4lterer Bruder Dennis vor zwei Jahren in den selbstgew\u00e4hlten Tod gesprungen ist, ist die famili\u00e4re Idylle nur noch Fassade.\u00a0W\u00e4hrend ihre Eltern vor allem bem\u00fcht sind, das Trauma zu verdr\u00e4ngen und nach au\u00dfen hin als eine \u201enormale\u201c Familie wahrgenommen zu werden, hat die junge Frau mit dem Suizid des Bruders noch keinen Umgang gefunden. Bis eines Tages Vincent, der beste Freund von Dennis, der damals gemeinsam mit ihm von der Br\u00fccke gesprungen ist und den Sturz wie durch ein Wunder \u00fcberlebt hat, nach langer Zeit wieder auftaucht. Sofort rei\u00dfen in dem kleinen Ort die alten Wunden wieder auf.\u00a0Die Dorfgemeinschaft und Rebekkas Eltern geben dem exzentrischen Einzelg\u00e4nger die Schuld an Dennis\u2018 Tod, f\u00fcr Rebekka aber ist er die Chance, endlich Antworten auf ihre dr\u00e4ngenden Fragen zu erhalten und zu verstehen, wer ihr Bruder wirklich war.<\/p>\n<\/div>\n<\/div>\n<div class=\"wpb_text_column wpb_content_element \">\n<div class=\"wpb_wrapper\">\n<p class=\"western\">Trotz der Verachtung, die ihnen von allen Seiten entgegenschl\u00e4gt, und obwohl die Eltern ihr aus Angst, auch noch die Tochter zu verlieren, den Umgang mit ihm strikt untersagen, entwickelt sich aus Rebekkas leicht morbider Faszination f\u00fcr Vincent erst eine vorsichtige N\u00e4he, dann eine st\u00fcrmische Liebe. Und schlie\u00dflich etwas, bei dem sie selbst nicht mehr wei\u00df, ob es heilsam oder zerst\u00f6rerisch ist. Je mehr die beiden Jugendlichen sich einander \u00f6ffnen, umso tiefer schlittert auch Vincent wieder in das alte Trauma, und Rebekka wird immer tiefer in die Gef\u00fchlswelt ihres Bruders hineingezogen. Ihr wird klar: Sie muss den schmerzhaften Ausbruch wagen, um sich dem verh\u00e4ngnisvollen Sog zu entziehen und sich selbst zu finden.<\/p>\n<\/div>\n<\/div>\n<\/div>\n<\/div>\n<\/div>\n<\/div>\n<\/div>\n<\/div>\n<\/div>\n<\/div>\n<\/div>\n<\/div>\n<\/div>\n<\/div>\n<\/div>\n<\/div>\n<\/div>\n<div><div class=\"gap\" style=\"line-height: 20px; height: 20px;\"><\/div><\/div>\n<h5>Weitere Informationen<\/h5>\n<div>\n<div>\n<table style=\"height: 47px; width: 100%; border-collapse: collapse; border-color: #ffffff; background-color: #ffffff; border-style: hidden;\">\n<tbody>\n<tr style=\"height: 23px; border-style: hidden; border-color: #ffffff; background-color: #ffffff;\">\n<td style=\"width: 4.701195219123506%; height: 23px; border-style: hidden;\">Film:<\/td>\n<td style=\"width: 95.29880478087651%; height: 23px; border-style: hidden;\"><a title=\"Albtr\u00e4umer (2020) von Philipp Klinger | Artkeim\u00b2\" href=\"https:\/\/ucm.one\/de\/albtraeumer\/\">Albtr\u00e4umer<\/a><\/td>\n<\/tr>\n<tr style=\"height: 23px;\">\n<td style=\"width: 4.701195219123506%; height: 24px; border-style: hidden;\">Label:<\/td>\n<td style=\"width: 95.29880478087651%; height: 24px; border-style: hidden;\"><a title=\"Artkeim\u00b2\" href=\"https:\/\/ucm.one\/de\/film-labels\/artkeim\">Artkeim\u00b2<\/a><\/td>\n<\/tr>\n<\/tbody>\n<\/table>\n<\/div>\n<div><\/div>\n<\/div>\n<div>\n<div><div class=\"gap\" style=\"line-height: 10px; height: 10px;\"><\/div><\/div>\n<div>\u2117 2020 <strong>Kurhaus Production<\/strong>, \u00a9 2021\u00a0<strong>Artkeim\u00b2<\/strong><span style=\"font-family: arial, helvetica, sans-serif;\">\u00a0<\/span>\/ <span style=\"font-family: 'arial black', sans-serif;\"><strong>UCM.ONE<\/strong><\/span><\/div>\n<div><div class=\"gap\" style=\"line-height: 20px; height: 20px;\"><\/div><\/div>\n<\/div>\n<div>\n<div><\/div>\n<div>\n<div><div class=\"gap\" style=\"line-height: 10px; height: 10px;\"><\/div><\/div>\n<div><span style=\"color: #003a80;\"><strong>\u27a0 <a style=\"color: #003a80;\" href=\"https:\/\/ucm.one\/de\/produkt-kategorie\/art-de\/filme-de\/\">zum Shop<\/a><\/strong><\/span><\/div>\n<div><div class=\"gap\" style=\"line-height: 20px; height: 20px;\"><\/div><\/div>\n<\/div>\n<\/div>\n<\/div>","protected":false},"excerpt":{"rendered":"<p>Label:\u00a0<a title=\"Artkeim\u00b2\" href=\"https:\/\/ucm.one\/de\/produkt-kategorie\/label-film-de\/artkeim-de\/\"><strong>Artkeim\u00b2<\/strong><\/a><\/p>\n<p>Art:\u00a0<strong><a href=\"https:\/\/ucm.one\/de\/produkt-kategorie\/art-de\/filme-de\/\">Film<\/a> (<a href=\"https:\/\/ucm.one\/de\/produkt-kategorie\/merchandise-de\/\">Merchandise<\/a>)<\/strong><\/p>\n<p>Genres: <strong><a title=\"\" href=\"https:\/\/ucm.one\/de\/produkt-kategorie\/genre-film-de\/drama-de\/\">Drama<\/a><\/strong><\/p>\n<p>Jahr: <strong>2020<\/strong><\/p>\n<p>Format: <strong>Plakat<\/strong><\/p>\n","protected":false},"featured_media":69908,"comment_status":"open","ping_status":"closed","template":"","meta":{"_acf_changed":false},"product_brand":[],"product_cat":[9708,10334,10338,10400,12526],"product_tag":[12599,12561,12600,12562,12601,12566,12602,12592,12603,12593,12604,12594,12605,12595,12610,12080,12596,12597,12598],"class_list":{"0":"post-69907","1":"product","2":"type-product","3":"status-publish","4":"has-post-thumbnail","6":"product_cat-filme-de","7":"product_cat-drama-de","8":"product_cat-artkeim-de","9":"product_cat-merchandise-de","10":"product_cat-plakat-de","11":"product_tag-bela-gabor-lenz","12":"product_tag-plakat","13":"product_tag-stephan-szasz","14":"product_tag-poster","15":"product_tag-birge-schade","16":"product_tag-kino","17":"product_tag-marlene-burow","18":"product_tag-albtraeumer","19":"product_tag-andreas-warmbrunn","20":"product_tag-wir-sind-die-welle","21":"product_tag-gustav-schmidt","22":"product_tag-philipp-klinger","23":"product_tag-valerie-stoll","24":"product_tag-kurhaus","25":"product_tag-plakate","26":"product_tag-artkeim","27":"product_tag-christoph-holthof","28":"product_tag-daniel-reich","29":"product_tag-sarah-mahita","30":"product_shipping_class-poster-en","31":"description-off","33":"first","34":"instock","35":"taxable","36":"shipping-taxable","37":"purchasable","38":"product-type-variable","39":"has-default-attributes"},"acf":[],"yoast_head":"<!-- This site is optimized with the Yoast SEO plugin v27.2 - https:\/\/yoast.com\/product\/yoast-seo-wordpress\/ -->\n<title>Albtr\u00e4umer (Kinoplakat)<\/title>\n<meta name=\"description\" content=\"Shop | Albtr\u00e4umer (Kinoplakat) | 2020 | Artkeim\u00b2 | Plakat\" \/>\n<meta name=\"robots\" content=\"index, follow, max-snippet:-1, max-image-preview:large, max-video-preview:-1\" \/>\n<link rel=\"canonical\" href=\"https:\/\/ucm.one\/de\/produkt\/albtraeumer-kinoplakat\/\" \/>\n<meta property=\"og:locale\" content=\"de_DE\" \/>\n<meta property=\"og:type\" content=\"article\" \/>\n<meta property=\"og:title\" content=\"Shop | Albtr\u00e4umer (Kinoplakat) | 2020 | Artkeim\u00b2 | Plakat\" \/>\n<meta property=\"og:description\" content=\"Shop | Albtr\u00e4umer (Kinoplakat) | 2020 | Artkeim\u00b2 | Plakat\" \/>\n<meta property=\"og:url\" content=\"https:\/\/ucm.one\/de\/produkt\/albtraeumer-kinoplakat\/\" \/>\n<meta property=\"og:site_name\" content=\"UCM.ONE\" \/>\n<meta property=\"article:modified_time\" content=\"2023-10-20T11:17:27+00:00\" \/>\n<meta property=\"og:image\" content=\"https:\/\/ucm.one\/wp-content\/uploads\/2022\/06\/Albtraeumer-Plakat.jpg\" \/>\n<meta name=\"twitter:card\" content=\"summary_large_image\" \/>\n<meta name=\"twitter:title\" content=\"Shop | Albtr\u00e4umer (Kinoplakat) | 2020 | Artkeim\u00b2 | Plakat\" \/>\n<meta name=\"twitter:description\" content=\"Shop | Albtr\u00e4umer (Kinoplakat) | 2020 | Artkeim\u00b2 | Plakat\" \/>\n<meta name=\"twitter:image\" content=\"https:\/\/ucm.one\/wp-content\/uploads\/2022\/06\/Albtraeumer-Plakat.jpg\" \/>\n<meta name=\"twitter:label1\" content=\"Gesch\u00e4tzte Lesezeit\" \/>\n\t<meta name=\"twitter:data1\" content=\"2\u00a0Minuten\" \/>\n<!-- \/ Yoast SEO plugin. -->","yoast_head_json":{"title":"Albtr\u00e4umer (Kinoplakat)","description":"Shop | Albtr\u00e4umer (Kinoplakat) | 2020 | Artkeim\u00b2 | Plakat","robots":{"index":"index","follow":"follow","max-snippet":"max-snippet:-1","max-image-preview":"max-image-preview:large","max-video-preview":"max-video-preview:-1"},"canonical":"https:\/\/ucm.one\/de\/produkt\/albtraeumer-kinoplakat\/","og_locale":"de_DE","og_type":"article","og_title":"Shop | Albtr\u00e4umer (Kinoplakat) | 2020 | Artkeim\u00b2 | Plakat","og_description":"Shop | Albtr\u00e4umer (Kinoplakat) | 2020 | Artkeim\u00b2 | Plakat","og_url":"https:\/\/ucm.one\/de\/produkt\/albtraeumer-kinoplakat\/","og_site_name":"UCM.ONE","article_modified_time":"2023-10-20T11:17:27+00:00","og_image":[{"url":"https:\/\/ucm.one\/wp-content\/uploads\/2022\/06\/Albtraeumer-Plakat.jpg","type":"","width":"","height":""}],"twitter_card":"summary_large_image","twitter_title":"Shop | Albtr\u00e4umer (Kinoplakat) | 2020 | Artkeim\u00b2 | Plakat","twitter_description":"Shop | Albtr\u00e4umer (Kinoplakat) | 2020 | Artkeim\u00b2 | Plakat","twitter_image":"https:\/\/ucm.one\/wp-content\/uploads\/2022\/06\/Albtraeumer-Plakat.jpg","twitter_misc":{"Gesch\u00e4tzte Lesezeit":"2\u00a0Minuten"},"schema":{"@context":"https:\/\/schema.org","@graph":[{"@type":"WebPage","@id":"https:\/\/ucm.one\/de\/produkt\/albtraeumer-kinoplakat\/","url":"https:\/\/ucm.one\/de\/produkt\/albtraeumer-kinoplakat\/","name":"Albtr\u00e4umer (Kinoplakat)","isPartOf":{"@id":"https:\/\/ucm.one\/de\/#website"},"primaryImageOfPage":{"@id":"https:\/\/ucm.one\/de\/produkt\/albtraeumer-kinoplakat\/#primaryimage"},"image":{"@id":"https:\/\/ucm.one\/de\/produkt\/albtraeumer-kinoplakat\/#primaryimage"},"thumbnailUrl":"https:\/\/ucm.one\/wp-content\/uploads\/2022\/06\/Albtraeumer-Plakat.jpg","datePublished":"2021-08-12T16:19:05+00:00","dateModified":"2023-10-20T11:17:27+00:00","description":"Shop | Albtr\u00e4umer (Kinoplakat) | 2020 | Artkeim\u00b2 | Plakat","breadcrumb":{"@id":"https:\/\/ucm.one\/de\/produkt\/albtraeumer-kinoplakat\/#breadcrumb"},"inLanguage":"de","potentialAction":[{"@type":"ReadAction","target":["https:\/\/ucm.one\/de\/produkt\/albtraeumer-kinoplakat\/"]}]},{"@type":"ImageObject","inLanguage":"de","@id":"https:\/\/ucm.one\/de\/produkt\/albtraeumer-kinoplakat\/#primaryimage","url":"https:\/\/ucm.one\/wp-content\/uploads\/2022\/06\/Albtraeumer-Plakat.jpg","contentUrl":"https:\/\/ucm.one\/wp-content\/uploads\/2022\/06\/Albtraeumer-Plakat.jpg","width":707,"height":1000},{"@type":"BreadcrumbList","@id":"https:\/\/ucm.one\/de\/produkt\/albtraeumer-kinoplakat\/#breadcrumb","itemListElement":[{"@type":"ListItem","position":1,"name":"Home","item":"https:\/\/ucm.one\/de\/"},{"@type":"ListItem","position":2,"name":"Shop","item":"https:\/\/ucm.one\/de\/shop\/"},{"@type":"ListItem","position":3,"name":"Albtr\u00e4umer (Kinoplakat)"}]},{"@type":"WebSite","@id":"https:\/\/ucm.one\/de\/#website","url":"https:\/\/ucm.one\/de\/","name":"UCM.ONE","description":"","publisher":{"@id":"https:\/\/ucm.one\/de\/#organization"},"potentialAction":[{"@type":"SearchAction","target":{"@type":"EntryPoint","urlTemplate":"https:\/\/ucm.one\/de\/?s={search_term_string}"},"query-input":{"@type":"PropertyValueSpecification","valueRequired":true,"valueName":"search_term_string"}}],"inLanguage":"de"},{"@type":"Organization","@id":"https:\/\/ucm.one\/de\/#organization","name":"UCM.ONE","url":"https:\/\/ucm.one\/de\/","logo":{"@type":"ImageObject","inLanguage":"de","@id":"https:\/\/ucm.one\/de\/#\/schema\/logo\/image\/","url":"https:\/\/ucm.one\/wp-content\/uploads\/2019\/10\/UCM.ONE-Logo-RGB.svg","contentUrl":"https:\/\/ucm.one\/wp-content\/uploads\/2019\/10\/UCM.ONE-Logo-RGB.svg","width":1,"height":1,"caption":"UCM.ONE"},"image":{"@id":"https:\/\/ucm.one\/de\/#\/schema\/logo\/image\/"}}]}},"_links":{"self":[{"href":"https:\/\/ucm.one\/de\/wp-json\/wp\/v2\/product\/69907","targetHints":{"allow":["GET"]}}],"collection":[{"href":"https:\/\/ucm.one\/de\/wp-json\/wp\/v2\/product"}],"about":[{"href":"https:\/\/ucm.one\/de\/wp-json\/wp\/v2\/types\/product"}],"replies":[{"embeddable":true,"href":"https:\/\/ucm.one\/de\/wp-json\/wp\/v2\/comments?post=69907"}],"wp:featuredmedia":[{"embeddable":true,"href":"https:\/\/ucm.one\/de\/wp-json\/wp\/v2\/media\/69908"}],"wp:attachment":[{"href":"https:\/\/ucm.one\/de\/wp-json\/wp\/v2\/media?parent=69907"}],"wp:term":[{"taxonomy":"product_brand","embeddable":true,"href":"https:\/\/ucm.one\/de\/wp-json\/wp\/v2\/product_brand?post=69907"},{"taxonomy":"product_cat","embeddable":true,"href":"https:\/\/ucm.one\/de\/wp-json\/wp\/v2\/product_cat?post=69907"},{"taxonomy":"product_tag","embeddable":true,"href":"https:\/\/ucm.one\/de\/wp-json\/wp\/v2\/product_tag?post=69907"}],"curies":[{"name":"wp","href":"https:\/\/api.w.org\/{rel}","templated":true}]}}