{"id":69895,"date":"2020-12-10T15:09:29","date_gmt":"2020-12-10T15:09:29","guid":{"rendered":"https:\/\/ucm.one\/?post_type=product&#038;p=69895"},"modified":"2023-06-18T13:58:05","modified_gmt":"2023-06-18T13:58:05","slug":"live-kinoplakat","status":"publish","type":"product","link":"https:\/\/ucm.one\/de\/produkt\/live-kinoplakat\/","title":{"rendered":"Live (Kinoplakat)"},"content":{"rendered":"<div class=\"wpb-content-wrapper\"><div class=\"wpb_text_column wpb_content_element \">\n<div class=\"wpb_wrapper\">\n<div class=\"\">\n<div class=\"wpb_text_column wpb_content_element \">\n<div class=\"wpb_wrapper\">\n<div class=\"wpb_text_column wpb_content_element \">\n<div class=\"wpb_wrapper\">\n<div class=\"wpb_text_column wpb_content_element \">\n<div class=\"wpb_wrapper\">\n<div class=\"vc_row wpb_row vc_row-fluid\">\n<div class=\"wpb_column vc_column_container vc_col-sm-9\">\n<div class=\"vc_column-inner\">\n<div class=\"wpb_wrapper\">\n<div class=\"wpb_text_column wpb_content_element \">\n<div class=\"wpb_wrapper\">\n<p>Die Welt in einer nahen Zukunft: Die Zahl der Terroranschl\u00e4ge hat so drastisch zugenommen, dass Begegnungen mit anderen Menschen und jede Form von kulturellem Leben nur noch im virtuellen Raum stattfinden. \u00d6ffentliche Versammlungen sind aus Sicherheitsgr\u00fcnden verboten. Es gibt keine Konzerte mehr, keine Superm\u00e4rkte, kein Theater, keine Kneipen. Die Psychologin Claire betreut \u00dcberlebende von Terroranschl\u00e4gen. Als sie eines Tages bei einem Patienten eine Eintrittskarte, einen analogen Fetzen Papier findet, bricht sie aus ihrem Leben in Isolation aus. Getrieben von dem Bed\u00fcrfnis nach Gemeinschaft plant sie mit ihrem Bruder Aurel, einem Star-Trompeter, der seit Jahren nur vor virtuellem Publikum stand, ein geheimes Live-Konzert vor echten, physisch anwesenden Menschen. Mit Hilfe der Hacker Ada und Maximus gelingt es ihnen allen Widrigkeiten zum Trotz, ihren Plan zu verwirklichen. Als kurz darauf die Mutter des Geschwisterpaares auftaucht, bricht ein uralter Konflikt auf, der Claire vor eine un\u00fcberwindlichen Gegnerin stellt: sie selbst.<\/p>\n<\/div>\n<\/div>\n<\/div>\n<\/div>\n<\/div>\n<\/div>\n<\/div>\n<\/div>\n<\/div>\n<\/div>\n<\/div>\n<\/div>\n<\/div>\n<\/div>\n<\/div>\n<div><div class=\"gap\" style=\"line-height: 20px; height: 20px;\"><\/div><\/div>\n<h5>Weitere Informationen<\/h5>\n<div>\n<div>\n<table style=\"height: 47px; width: 100%; border-collapse: collapse; border-color: #ffffff; background-color: #ffffff; border-style: hidden;\">\n<tbody>\n<tr style=\"height: 23px; border-style: hidden; border-color: #ffffff; background-color: #ffffff;\">\n<td style=\"width: 4.701195219123506%; height: 23px; border-style: hidden;\">Film:<\/td>\n<td style=\"width: 95.29880478087651%; height: 23px; border-style: hidden;\"><a title=\"Live (2020) von Lisa Charlotte Friederich | Artkeim\u00b2\" href=\"https:\/\/ucm.one\/de\/live-film\/\">Live<\/a><\/td>\n<\/tr>\n<tr style=\"height: 23px;\">\n<td style=\"width: 4.701195219123506%; height: 24px; border-style: hidden;\">Label:<\/td>\n<td style=\"width: 95.29880478087651%; height: 24px; border-style: hidden;\"><a title=\"Artkeim\u00b2\" href=\"https:\/\/ucm.one\/de\/film-labels\/artkeim\">Artkeim\u00b2<\/a><\/td>\n<\/tr>\n<\/tbody>\n<\/table>\n<\/div>\n<div><\/div>\n<\/div>\n<div>\n<div><div class=\"gap\" style=\"line-height: 10px; height: 10px;\"><\/div><\/div>\n<div>\u2117 2020\u00a0<strong>\u23aeli\u23aeke\u23ae Filme<\/strong>, \u00a9 2020\u00a0<strong>Artkeim\u00b2<\/strong><span style=\"font-family: arial, helvetica, sans-serif;\">\u00a0<\/span>\/ <span style=\"font-family: 'arial black', sans-serif;\"><strong>UCM.ONE<\/strong><\/span><\/div>\n<div><div class=\"gap\" style=\"line-height: 20px; height: 20px;\"><\/div><\/div>\n<\/div>\n<div>\n<div><\/div>\n<div>\n<div><div class=\"gap\" style=\"line-height: 10px; height: 10px;\"><\/div><\/div>\n<div><span style=\"color: #003a80;\"><strong>\u27a0 <a style=\"color: #003a80;\" href=\"https:\/\/ucm.one\/de\/produkt-kategorie\/art-de\/filme-de\/\">zum Shop<\/a><\/strong><\/span><\/div>\n<div><div class=\"gap\" style=\"line-height: 20px; height: 20px;\"><\/div><\/div>\n<\/div>\n<\/div>\n<\/div>","protected":false},"excerpt":{"rendered":"<p>Label:\u00a0<a title=\"Artkeim\u00b2\" href=\"https:\/\/ucm.one\/de\/produkt-kategorie\/label-film-de\/artkeim-de\/\"><strong>Artkeim\u00b2<\/strong><\/a><\/p>\n<p>Art:\u00a0<strong><a href=\"https:\/\/ucm.one\/de\/produkt-kategorie\/art-de\/filme-de\/\">Film<\/a> (<a href=\"https:\/\/ucm.one\/de\/produkt-kategorie\/merchandise-de\/\">Merchandise<\/a>)<\/strong><\/p>\n<p>Genres: <strong><a title=\"\" href=\"https:\/\/ucm.one\/de\/produkt-kategorie\/genre-film-de\/drama-de\/\">Drama<\/a><\/strong>,\u00a0<a href=\"https:\/\/ucm.one\/de\/produkt-kategorie\/genre-film-de\/science-fiction-de\/\"><strong>Science-Fiction<\/strong><\/a><\/p>\n<p>Jahr: <strong>2020<\/strong><\/p>\n<p>Format: <strong>Plakat<\/strong><\/p>\n","protected":false},"featured_media":69899,"comment_status":"open","ping_status":"closed","template":"","meta":{"_acf_changed":false},"product_brand":[],"product_cat":[12526,9708,10334,10338,10354,10400],"product_tag":[11320,12636,12080,12637,12638,12639,12640,12561,12641,12562,12642,12610,12643,12633,12644,12634,12645,12635],"class_list":{"0":"post-69895","1":"product","2":"type-product","3":"status-publish","4":"has-post-thumbnail","6":"product_cat-plakat-de","7":"product_cat-filme-de","8":"product_cat-drama-de","9":"product_cat-artkeim-de","10":"product_cat-science-fiction-de","11":"product_cat-merchandise-de","12":"product_tag-terror","13":"product_tag-lockdown","14":"product_tag-artkeim","15":"product_tag-karoline-marie-reinke","16":"product_tag-anton-spieker","17":"product_tag-christine-chapman","18":"product_tag-corbinian-deller","19":"product_tag-plakat","20":"product_tag-sonja-dengler","21":"product_tag-poster","22":"product_tag-julian-greis","23":"product_tag-plakate","24":"product_tag-ulrike-knospe","25":"product_tag-lisa-charlotte-friedrich","26":"product_tag-tanja-von-oertzen","27":"product_tag-rike-huy","28":"product_tag-feras-zarka","29":"product_tag-live","30":"product_shipping_class-poster-en","31":"description-off","33":"first","34":"instock","35":"taxable","36":"shipping-taxable","37":"purchasable","38":"product-type-variable","39":"has-default-attributes"},"acf":[],"yoast_head":"<!-- This site is optimized with the Yoast SEO plugin v27.2 - https:\/\/yoast.com\/product\/yoast-seo-wordpress\/ -->\n<title>Live (Film) von Lisa Charlotte Friederich (Kinoplakat)<\/title>\n<meta name=\"description\" content=\"Shop | Live (Film) von Lisa Charlotte Friederich (Kinoplakat) | 2020 | Artkeim\u00b2 | Plakat\" \/>\n<meta name=\"robots\" content=\"index, follow, max-snippet:-1, max-image-preview:large, max-video-preview:-1\" \/>\n<link rel=\"canonical\" href=\"https:\/\/ucm.one\/de\/produkt\/live-kinoplakat\/\" \/>\n<meta property=\"og:locale\" content=\"de_DE\" \/>\n<meta property=\"og:type\" content=\"article\" \/>\n<meta property=\"og:title\" content=\"Live (Film) von Lisa Charlotte Friederich (Kinoplakat)\" \/>\n<meta property=\"og:description\" content=\"Shop | Live (Film) von Lisa Charlotte Friederich (Kinoplakat) | 2020 | Artkeim\u00b2 | Plakat\" \/>\n<meta property=\"og:url\" content=\"https:\/\/ucm.one\/de\/produkt\/live-kinoplakat\/\" \/>\n<meta property=\"og:site_name\" content=\"UCM.ONE\" \/>\n<meta property=\"article:modified_time\" content=\"2023-06-18T13:58:05+00:00\" \/>\n<meta property=\"og:image\" content=\"https:\/\/ucm.one\/wp-content\/uploads\/2022\/06\/Live-Plakat.jpg\" \/>\n<meta name=\"twitter:card\" content=\"summary_large_image\" \/>\n<meta name=\"twitter:title\" content=\"Live (Film) von Lisa Charlotte Friederich (Kinoplakat)\" \/>\n<meta name=\"twitter:description\" content=\"Shop | Live (Film) von Lisa Charlotte Friederich (Kinoplakat) | 2020 | Artkeim\u00b2 | Plakat\" \/>\n<meta name=\"twitter:image\" content=\"https:\/\/ucm.one\/wp-content\/uploads\/2022\/06\/Live-Plakat.jpg\" \/>\n<meta name=\"twitter:label1\" content=\"Gesch\u00e4tzte Lesezeit\" \/>\n\t<meta name=\"twitter:data1\" content=\"1\u00a0Minute\" \/>\n<!-- \/ Yoast SEO plugin. -->","yoast_head_json":{"title":"Live (Film) von Lisa Charlotte Friederich (Kinoplakat)","description":"Shop | Live (Film) von Lisa Charlotte Friederich (Kinoplakat) | 2020 | Artkeim\u00b2 | Plakat","robots":{"index":"index","follow":"follow","max-snippet":"max-snippet:-1","max-image-preview":"max-image-preview:large","max-video-preview":"max-video-preview:-1"},"canonical":"https:\/\/ucm.one\/de\/produkt\/live-kinoplakat\/","og_locale":"de_DE","og_type":"article","og_title":"Live (Film) von Lisa Charlotte Friederich (Kinoplakat)","og_description":"Shop | Live (Film) von Lisa Charlotte Friederich (Kinoplakat) | 2020 | Artkeim\u00b2 | Plakat","og_url":"https:\/\/ucm.one\/de\/produkt\/live-kinoplakat\/","og_site_name":"UCM.ONE","article_modified_time":"2023-06-18T13:58:05+00:00","og_image":[{"url":"https:\/\/ucm.one\/wp-content\/uploads\/2022\/06\/Live-Plakat.jpg","type":"","width":"","height":""}],"twitter_card":"summary_large_image","twitter_title":"Live (Film) von Lisa Charlotte Friederich (Kinoplakat)","twitter_description":"Shop | Live (Film) von Lisa Charlotte Friederich (Kinoplakat) | 2020 | Artkeim\u00b2 | Plakat","twitter_image":"https:\/\/ucm.one\/wp-content\/uploads\/2022\/06\/Live-Plakat.jpg","twitter_misc":{"Gesch\u00e4tzte Lesezeit":"1\u00a0Minute"},"schema":{"@context":"https:\/\/schema.org","@graph":[{"@type":"WebPage","@id":"https:\/\/ucm.one\/de\/produkt\/live-kinoplakat\/","url":"https:\/\/ucm.one\/de\/produkt\/live-kinoplakat\/","name":"Live (Film) von Lisa Charlotte Friederich (Kinoplakat)","isPartOf":{"@id":"https:\/\/ucm.one\/de\/#website"},"primaryImageOfPage":{"@id":"https:\/\/ucm.one\/de\/produkt\/live-kinoplakat\/#primaryimage"},"image":{"@id":"https:\/\/ucm.one\/de\/produkt\/live-kinoplakat\/#primaryimage"},"thumbnailUrl":"https:\/\/ucm.one\/wp-content\/uploads\/2022\/06\/Live-Plakat.jpg","datePublished":"2020-12-10T15:09:29+00:00","dateModified":"2023-06-18T13:58:05+00:00","description":"Shop | Live (Film) von Lisa Charlotte Friederich (Kinoplakat) | 2020 | Artkeim\u00b2 | Plakat","breadcrumb":{"@id":"https:\/\/ucm.one\/de\/produkt\/live-kinoplakat\/#breadcrumb"},"inLanguage":"de","potentialAction":[{"@type":"ReadAction","target":["https:\/\/ucm.one\/de\/produkt\/live-kinoplakat\/"]}]},{"@type":"ImageObject","inLanguage":"de","@id":"https:\/\/ucm.one\/de\/produkt\/live-kinoplakat\/#primaryimage","url":"https:\/\/ucm.one\/wp-content\/uploads\/2022\/06\/Live-Plakat.jpg","contentUrl":"https:\/\/ucm.one\/wp-content\/uploads\/2022\/06\/Live-Plakat.jpg","width":707,"height":1000},{"@type":"BreadcrumbList","@id":"https:\/\/ucm.one\/de\/produkt\/live-kinoplakat\/#breadcrumb","itemListElement":[{"@type":"ListItem","position":1,"name":"Home","item":"https:\/\/ucm.one\/de\/"},{"@type":"ListItem","position":2,"name":"Shop","item":"https:\/\/ucm.one\/de\/shop\/"},{"@type":"ListItem","position":3,"name":"Live (Kinoplakat)"}]},{"@type":"WebSite","@id":"https:\/\/ucm.one\/de\/#website","url":"https:\/\/ucm.one\/de\/","name":"UCM.ONE","description":"","publisher":{"@id":"https:\/\/ucm.one\/de\/#organization"},"potentialAction":[{"@type":"SearchAction","target":{"@type":"EntryPoint","urlTemplate":"https:\/\/ucm.one\/de\/?s={search_term_string}"},"query-input":{"@type":"PropertyValueSpecification","valueRequired":true,"valueName":"search_term_string"}}],"inLanguage":"de"},{"@type":"Organization","@id":"https:\/\/ucm.one\/de\/#organization","name":"UCM.ONE","url":"https:\/\/ucm.one\/de\/","logo":{"@type":"ImageObject","inLanguage":"de","@id":"https:\/\/ucm.one\/de\/#\/schema\/logo\/image\/","url":"https:\/\/ucm.one\/wp-content\/uploads\/2019\/10\/UCM.ONE-Logo-RGB.svg","contentUrl":"https:\/\/ucm.one\/wp-content\/uploads\/2019\/10\/UCM.ONE-Logo-RGB.svg","width":1,"height":1,"caption":"UCM.ONE"},"image":{"@id":"https:\/\/ucm.one\/de\/#\/schema\/logo\/image\/"}}]}},"_links":{"self":[{"href":"https:\/\/ucm.one\/de\/wp-json\/wp\/v2\/product\/69895","targetHints":{"allow":["GET"]}}],"collection":[{"href":"https:\/\/ucm.one\/de\/wp-json\/wp\/v2\/product"}],"about":[{"href":"https:\/\/ucm.one\/de\/wp-json\/wp\/v2\/types\/product"}],"replies":[{"embeddable":true,"href":"https:\/\/ucm.one\/de\/wp-json\/wp\/v2\/comments?post=69895"}],"wp:featuredmedia":[{"embeddable":true,"href":"https:\/\/ucm.one\/de\/wp-json\/wp\/v2\/media\/69899"}],"wp:attachment":[{"href":"https:\/\/ucm.one\/de\/wp-json\/wp\/v2\/media?parent=69895"}],"wp:term":[{"taxonomy":"product_brand","embeddable":true,"href":"https:\/\/ucm.one\/de\/wp-json\/wp\/v2\/product_brand?post=69895"},{"taxonomy":"product_cat","embeddable":true,"href":"https:\/\/ucm.one\/de\/wp-json\/wp\/v2\/product_cat?post=69895"},{"taxonomy":"product_tag","embeddable":true,"href":"https:\/\/ucm.one\/de\/wp-json\/wp\/v2\/product_tag?post=69895"}],"curies":[{"name":"wp","href":"https:\/\/api.w.org\/{rel}","templated":true}]}}