{"id":69887,"date":"2022-03-24T14:46:00","date_gmt":"2022-03-24T14:46:00","guid":{"rendered":"https:\/\/ucm.one\/?post_type=product&#038;p=69887"},"modified":"2023-06-18T12:57:30","modified_gmt":"2023-06-18T12:57:30","slug":"truemmermaedchen-die-geschichte-der-charlotte-schumann-kinoplakat","status":"publish","type":"product","link":"https:\/\/ucm.one\/de\/produkt\/truemmermaedchen-die-geschichte-der-charlotte-schumann-kinoplakat\/","title":{"rendered":"Tr\u00fcmmerm\u00e4dchen &#8211; Die Geschichte der Charlotte Schumann (Kinoplakat)"},"content":{"rendered":"<div class=\"wpb-content-wrapper\"><div class=\"wpb_text_column wpb_content_element \">\n<div class=\"wpb_wrapper\">\n<div class=\"\">\n<div class=\"wpb_text_column wpb_content_element \">\n<div class=\"wpb_wrapper\">\n<div class=\"wpb_text_column wpb_content_element \">\n<div class=\"wpb_wrapper\">\n<div class=\"wpb_text_column wpb_content_element \">\n<div class=\"wpb_wrapper\">\n<div class=\"vc_row wpb_row vc_row-fluid\">\n<div class=\"wpb_column vc_column_container vc_col-sm-9\">\n<div class=\"vc_column-inner\">\n<div class=\"wpb_wrapper\">\n<div class=\"wpb_text_column wpb_content_element \">\n<div class=\"wpb_wrapper\">\n<p>Deutschland, 1946. Hunger, Tr\u00fcmmer, heimkehrende Soldaten. Charlotte ist schwanger, aber ihr geliebter Heimkehrer will weder sie noch sein Kind. Um ihn f\u00fcr sich zu gewinnen und der drohenden Schande zu entgehen, schreibt sie sich f\u00fcr den \u201eFr\u00e4uleinkurs\u201c der Schauspielerin Gloria Deven ein, die im Faschismus ein aufstrebendes Filmsternchen war und nun Arbeitsverbot hat.\u00a0Doch Gloria mit ihrem gnadenlosen Unterricht ist nicht daran interessiert, die im Krieg unn\u00f6tig gewordene Koketterie der M\u00e4dchen wiederzubeleben. Stattdessen erweckt sie in Lotte die Sehnsucht nach etwas, das ihr zu lange schon verwehrt wird: Freiheit.<\/p>\n<\/div>\n<\/div>\n<\/div>\n<\/div>\n<\/div>\n<div class=\"wpb_column vc_column_container vc_col-sm-3\">\n<div class=\"vc_column-inner\">\n<div class=\"wpb_wrapper\">\n<div class=\"wpb_single_image wpb_content_element vc_align_left\"><\/div>\n<\/div>\n<\/div>\n<\/div>\n<\/div>\n<div class=\"vc_row wpb_row vc_row-fluid\">\n<div class=\"wpb_column vc_column_container vc_col-sm-12\">\n<div class=\"vc_column-inner\">\n<div class=\"wpb_wrapper\">\n<div class=\"wpb_text_column wpb_content_element \">\n<div class=\"wpb_wrapper\">\n<p>\u201e<strong>Tr\u00fcmmerm\u00e4dchen \u2013 Die Geschichte der Charlotte Schumann<\/strong>\u201c erz\u00e4hlt in intensiven, au\u00dfergew\u00f6hnlichen Bildern von der Selbsterm\u00e4chtigung junger Frauen vor dem Hintergrund der Ruinen des 2. Weltkriegs und ist ein flammendes Pl\u00e4doyer f\u00fcr Zusammenhalt und Schwesternschaft.<\/p>\n<\/div>\n<\/div>\n<\/div>\n<\/div>\n<\/div>\n<\/div>\n<\/div>\n<\/div>\n<\/div>\n<\/div>\n<\/div>\n<\/div>\n<\/div>\n<\/div>\n<\/div>\n<div><div class=\"gap\" style=\"line-height: 20px; height: 20px;\"><\/div><\/div>\n<h5>Weitere Informationen<\/h5>\n<div>\n<div>\n<table style=\"height: 46px; width: 100%; border-collapse: collapse; border-color: #ffffff; background-color: #ffffff; border-style: hidden;\">\n<tbody>\n<tr style=\"height: 23px; border-style: hidden; border-color: #ffffff; background-color: #ffffff;\">\n<td style=\"width: 4.701195219123506%; height: 23px; border-style: hidden;\">Film:<\/td>\n<td style=\"width: 95.29880478087651%; height: 23px; border-style: hidden;\"><a title=\"Tr\u00fcmmerm\u00e4dchen \u2013 Die Geschichte der Charlotte Schumann (2021) von Oliver Kracht | Artkeim\u00b2\" href=\"https:\/\/ucm.one\/de\/truemmermaedchen-die-geschichte-der-charlotte-schumann\/\">Tr\u00fcmmerm\u00e4dchen \u2013 Die Geschichte der Charlotte Schumann<\/a><\/td>\n<\/tr>\n<tr style=\"height: 23px;\">\n<td style=\"width: 4.701195219123506%; height: 23px; border-style: hidden;\">Label:<\/td>\n<td style=\"width: 95.29880478087651%; height: 23px; border-style: hidden;\"><a title=\"Artkeim\u00b2\" href=\"https:\/\/ucm.one\/de\/film-labels\/artkeim\">Artkeim\u00b2<\/a><\/td>\n<\/tr>\n<\/tbody>\n<\/table>\n<\/div>\n<div><\/div>\n<\/div>\n<div>\n<div><div class=\"gap\" style=\"line-height: 10px; height: 10px;\"><\/div><\/div>\n<div>\u2117 2021\u00a0<strong>Simonsays Pictures<\/strong> &amp; <strong>S\u00fcdwestrundfunk<\/strong> (<strong>SWR<\/strong>), \u00a9 2022 <strong>Artkeim\u00b2<\/strong><span style=\"font-family: arial, helvetica, sans-serif;\">\u00a0<\/span>\/ <span style=\"font-family: 'arial black', sans-serif;\"><strong>UCM.ONE<\/strong><\/span><\/div>\n<div><div class=\"gap\" style=\"line-height: 20px; height: 20px;\"><\/div><\/div>\n<\/div>\n<div>\n<div><\/div>\n<div>\n<div><div class=\"gap\" style=\"line-height: 10px; height: 10px;\"><\/div><\/div>\n<div><span style=\"color: #003a80;\"><strong>\u27a0 <a style=\"color: #003a80;\" href=\"https:\/\/ucm.one\/de\/produkt-kategorie\/art-de\/filme-de\/\">zum Shop<\/a><\/strong><\/span><\/div>\n<div><div class=\"gap\" style=\"line-height: 20px; height: 20px;\"><\/div><\/div>\n<\/div>\n<\/div>\n<\/div>","protected":false},"excerpt":{"rendered":"<p>Label:\u00a0<a title=\"Artkeim\u00b2\" href=\"https:\/\/ucm.one\/de\/produkt-kategorie\/label-film-de\/artkeim-de\/\"><strong>Artkeim\u00b2<\/strong><\/a><\/p>\n<p>Art:\u00a0<strong><a href=\"https:\/\/ucm.one\/de\/produkt-kategorie\/art-de\/filme-de\/\">Film<\/a> (<a href=\"https:\/\/ucm.one\/de\/produkt-kategorie\/merchandise-de\/\">Merchandise<\/a>)<\/strong><\/p>\n<p>Genre: <strong><a title=\"\" href=\"https:\/\/ucm.one\/de\/produkt-kategorie\/genre-film-de\/drama-de\/\">Drama<\/a><\/strong><\/p>\n<p>Jahr: <strong>2022<\/strong><\/p>\n<p>Format: <strong>Plakat<\/strong><\/p>\n","protected":false},"featured_media":69888,"comment_status":"open","ping_status":"closed","template":"","meta":{"_acf_changed":false},"product_brand":[],"product_cat":[10400,12526,9708,10334,10338],"product_tag":[12627,12080,12628,12629,12630,12561,12631,12562,12632,12610,12625,12626],"class_list":{"0":"post-69887","1":"product","2":"type-product","3":"status-publish","4":"has-post-thumbnail","6":"product_cat-merchandise-de","7":"product_cat-plakat-de","8":"product_cat-filme-de","9":"product_cat-drama-de","10":"product_cat-artkeim-de","11":"product_tag-germany-year-zero","12":"product_tag-artkeim","13":"product_tag-simon-j-buchner","14":"product_tag-marco-groenwoldt","15":"product_tag-lennart-lenzing","16":"product_tag-plakat","17":"product_tag-oliver-kracht","18":"product_tag-poster","19":"product_tag-laura-balzer","20":"product_tag-plakate","21":"product_tag-truemmermaedchen","22":"product_tag-die-geschichte-der-charlotte-schumann","23":"product_shipping_class-poster-en","24":"description-off","26":"first","27":"instock","28":"taxable","29":"shipping-taxable","30":"purchasable","31":"product-type-variable"},"acf":[],"yoast_head":"<!-- This site is optimized with the Yoast SEO plugin v27.2 - https:\/\/yoast.com\/product\/yoast-seo-wordpress\/ -->\n<title>Tr\u00fcmmerm\u00e4dchen - Die Geschichte der Charlotte Schumann (Kinoplakat)<\/title>\n<meta name=\"description\" content=\"Shop | Tr\u00fcmmerm\u00e4dchen - Die Geschichte der Charlotte Schumann (Kinoplakat) | 2022 | Artkeim\u00b2 | Plakat\" \/>\n<meta name=\"robots\" content=\"index, follow, max-snippet:-1, max-image-preview:large, max-video-preview:-1\" \/>\n<link rel=\"canonical\" href=\"https:\/\/ucm.one\/de\/produkt\/truemmermaedchen-die-geschichte-der-charlotte-schumann-kinoplakat\/\" \/>\n<meta property=\"og:locale\" content=\"de_DE\" \/>\n<meta property=\"og:type\" content=\"article\" \/>\n<meta property=\"og:title\" content=\"Tr\u00fcmmerm\u00e4dchen - Die Geschichte der Charlotte Schumann (Kinoplakat)\" \/>\n<meta property=\"og:description\" content=\"Shop | Tr\u00fcmmerm\u00e4dchen - Die Geschichte der Charlotte Schumann (Kinoplakat) | 2021 | Artkeim\u00b2 | Plakat\" \/>\n<meta property=\"og:url\" content=\"https:\/\/ucm.one\/de\/produkt\/truemmermaedchen-die-geschichte-der-charlotte-schumann-kinoplakat\/\" \/>\n<meta property=\"og:site_name\" content=\"UCM.ONE\" \/>\n<meta property=\"article:modified_time\" content=\"2023-06-18T12:57:30+00:00\" \/>\n<meta property=\"og:image\" content=\"https:\/\/ucm.one\/wp-content\/uploads\/2022\/06\/Truemmermaedchen-Die-Geschichte-der-Charlotte-Schumann-Plakat-DE.jpg\" \/>\n<meta name=\"twitter:card\" content=\"summary_large_image\" \/>\n<meta name=\"twitter:title\" content=\"Tr\u00fcmmerm\u00e4dchen - Die Geschichte der Charlotte Schumann (Kinoplakat)\" \/>\n<meta name=\"twitter:description\" content=\"Shop | Tr\u00fcmmerm\u00e4dchen - Die Geschichte der Charlotte Schumann (Kinoplakat) | 2021 | Artkeim\u00b2 | Plakat\" \/>\n<meta name=\"twitter:image\" content=\"https:\/\/ucm.one\/wp-content\/uploads\/2022\/06\/Truemmermaedchen-Die-Geschichte-der-Charlotte-Schumann-Plakat-DE.jpg\" \/>\n<meta name=\"twitter:label1\" content=\"Gesch\u00e4tzte Lesezeit\" \/>\n\t<meta name=\"twitter:data1\" content=\"1\u00a0Minute\" \/>\n<!-- \/ Yoast SEO plugin. -->","yoast_head_json":{"title":"Tr\u00fcmmerm\u00e4dchen - Die Geschichte der Charlotte Schumann (Kinoplakat)","description":"Shop | Tr\u00fcmmerm\u00e4dchen - Die Geschichte der Charlotte Schumann (Kinoplakat) | 2022 | Artkeim\u00b2 | Plakat","robots":{"index":"index","follow":"follow","max-snippet":"max-snippet:-1","max-image-preview":"max-image-preview:large","max-video-preview":"max-video-preview:-1"},"canonical":"https:\/\/ucm.one\/de\/produkt\/truemmermaedchen-die-geschichte-der-charlotte-schumann-kinoplakat\/","og_locale":"de_DE","og_type":"article","og_title":"Tr\u00fcmmerm\u00e4dchen - Die Geschichte der Charlotte Schumann (Kinoplakat)","og_description":"Shop | Tr\u00fcmmerm\u00e4dchen - Die Geschichte der Charlotte Schumann (Kinoplakat) | 2021 | Artkeim\u00b2 | Plakat","og_url":"https:\/\/ucm.one\/de\/produkt\/truemmermaedchen-die-geschichte-der-charlotte-schumann-kinoplakat\/","og_site_name":"UCM.ONE","article_modified_time":"2023-06-18T12:57:30+00:00","og_image":[{"url":"https:\/\/ucm.one\/wp-content\/uploads\/2022\/06\/Truemmermaedchen-Die-Geschichte-der-Charlotte-Schumann-Plakat-DE.jpg","type":"","width":"","height":""}],"twitter_card":"summary_large_image","twitter_title":"Tr\u00fcmmerm\u00e4dchen - Die Geschichte der Charlotte Schumann (Kinoplakat)","twitter_description":"Shop | Tr\u00fcmmerm\u00e4dchen - Die Geschichte der Charlotte Schumann (Kinoplakat) | 2021 | Artkeim\u00b2 | Plakat","twitter_image":"https:\/\/ucm.one\/wp-content\/uploads\/2022\/06\/Truemmermaedchen-Die-Geschichte-der-Charlotte-Schumann-Plakat-DE.jpg","twitter_misc":{"Gesch\u00e4tzte Lesezeit":"1\u00a0Minute"},"schema":{"@context":"https:\/\/schema.org","@graph":[{"@type":"WebPage","@id":"https:\/\/ucm.one\/de\/produkt\/truemmermaedchen-die-geschichte-der-charlotte-schumann-kinoplakat\/","url":"https:\/\/ucm.one\/de\/produkt\/truemmermaedchen-die-geschichte-der-charlotte-schumann-kinoplakat\/","name":"Tr\u00fcmmerm\u00e4dchen - Die Geschichte der Charlotte Schumann (Kinoplakat)","isPartOf":{"@id":"https:\/\/ucm.one\/de\/#website"},"primaryImageOfPage":{"@id":"https:\/\/ucm.one\/de\/produkt\/truemmermaedchen-die-geschichte-der-charlotte-schumann-kinoplakat\/#primaryimage"},"image":{"@id":"https:\/\/ucm.one\/de\/produkt\/truemmermaedchen-die-geschichte-der-charlotte-schumann-kinoplakat\/#primaryimage"},"thumbnailUrl":"https:\/\/ucm.one\/wp-content\/uploads\/2022\/06\/Truemmermaedchen-Die-Geschichte-der-Charlotte-Schumann-Plakat-DE.jpg","datePublished":"2022-03-24T14:46:00+00:00","dateModified":"2023-06-18T12:57:30+00:00","description":"Shop | Tr\u00fcmmerm\u00e4dchen - Die Geschichte der Charlotte Schumann (Kinoplakat) | 2022 | Artkeim\u00b2 | Plakat","breadcrumb":{"@id":"https:\/\/ucm.one\/de\/produkt\/truemmermaedchen-die-geschichte-der-charlotte-schumann-kinoplakat\/#breadcrumb"},"inLanguage":"de","potentialAction":[{"@type":"ReadAction","target":["https:\/\/ucm.one\/de\/produkt\/truemmermaedchen-die-geschichte-der-charlotte-schumann-kinoplakat\/"]}]},{"@type":"ImageObject","inLanguage":"de","@id":"https:\/\/ucm.one\/de\/produkt\/truemmermaedchen-die-geschichte-der-charlotte-schumann-kinoplakat\/#primaryimage","url":"https:\/\/ucm.one\/wp-content\/uploads\/2022\/06\/Truemmermaedchen-Die-Geschichte-der-Charlotte-Schumann-Plakat-DE.jpg","contentUrl":"https:\/\/ucm.one\/wp-content\/uploads\/2022\/06\/Truemmermaedchen-Die-Geschichte-der-Charlotte-Schumann-Plakat-DE.jpg","width":707,"height":1000},{"@type":"BreadcrumbList","@id":"https:\/\/ucm.one\/de\/produkt\/truemmermaedchen-die-geschichte-der-charlotte-schumann-kinoplakat\/#breadcrumb","itemListElement":[{"@type":"ListItem","position":1,"name":"Home","item":"https:\/\/ucm.one\/de\/"},{"@type":"ListItem","position":2,"name":"Shop","item":"https:\/\/ucm.one\/de\/shop\/"},{"@type":"ListItem","position":3,"name":"Tr\u00fcmmerm\u00e4dchen &#8211; Die Geschichte der Charlotte Schumann (Kinoplakat)"}]},{"@type":"WebSite","@id":"https:\/\/ucm.one\/de\/#website","url":"https:\/\/ucm.one\/de\/","name":"UCM.ONE","description":"","publisher":{"@id":"https:\/\/ucm.one\/de\/#organization"},"potentialAction":[{"@type":"SearchAction","target":{"@type":"EntryPoint","urlTemplate":"https:\/\/ucm.one\/de\/?s={search_term_string}"},"query-input":{"@type":"PropertyValueSpecification","valueRequired":true,"valueName":"search_term_string"}}],"inLanguage":"de"},{"@type":"Organization","@id":"https:\/\/ucm.one\/de\/#organization","name":"UCM.ONE","url":"https:\/\/ucm.one\/de\/","logo":{"@type":"ImageObject","inLanguage":"de","@id":"https:\/\/ucm.one\/de\/#\/schema\/logo\/image\/","url":"https:\/\/ucm.one\/wp-content\/uploads\/2019\/10\/UCM.ONE-Logo-RGB.svg","contentUrl":"https:\/\/ucm.one\/wp-content\/uploads\/2019\/10\/UCM.ONE-Logo-RGB.svg","width":1,"height":1,"caption":"UCM.ONE"},"image":{"@id":"https:\/\/ucm.one\/de\/#\/schema\/logo\/image\/"}}]}},"_links":{"self":[{"href":"https:\/\/ucm.one\/de\/wp-json\/wp\/v2\/product\/69887","targetHints":{"allow":["GET"]}}],"collection":[{"href":"https:\/\/ucm.one\/de\/wp-json\/wp\/v2\/product"}],"about":[{"href":"https:\/\/ucm.one\/de\/wp-json\/wp\/v2\/types\/product"}],"replies":[{"embeddable":true,"href":"https:\/\/ucm.one\/de\/wp-json\/wp\/v2\/comments?post=69887"}],"wp:featuredmedia":[{"embeddable":true,"href":"https:\/\/ucm.one\/de\/wp-json\/wp\/v2\/media\/69888"}],"wp:attachment":[{"href":"https:\/\/ucm.one\/de\/wp-json\/wp\/v2\/media?parent=69887"}],"wp:term":[{"taxonomy":"product_brand","embeddable":true,"href":"https:\/\/ucm.one\/de\/wp-json\/wp\/v2\/product_brand?post=69887"},{"taxonomy":"product_cat","embeddable":true,"href":"https:\/\/ucm.one\/de\/wp-json\/wp\/v2\/product_cat?post=69887"},{"taxonomy":"product_tag","embeddable":true,"href":"https:\/\/ucm.one\/de\/wp-json\/wp\/v2\/product_tag?post=69887"}],"curies":[{"name":"wp","href":"https:\/\/api.w.org\/{rel}","templated":true}]}}