{"id":69743,"date":"2021-08-01T12:53:08","date_gmt":"2021-08-01T12:53:08","guid":{"rendered":"https:\/\/ucm.one\/?post_type=product&#038;p=69743"},"modified":"2026-01-02T21:02:20","modified_gmt":"2026-01-02T21:02:20","slug":"notes-of-berlin-kinoplakat","status":"publish","type":"product","link":"https:\/\/ucm.one\/de\/produkt\/notes-of-berlin-kinoplakat\/","title":{"rendered":"Notes of Berlin (Kinoplakat)"},"content":{"rendered":"<div class=\"wpb-content-wrapper\"><div class=\"wpb_text_column wpb_content_element \">\n<div class=\"wpb_wrapper\">\n<div class=\"\">\n<div class=\"wpb_text_column wpb_content_element \">\n<div class=\"wpb_wrapper\">\n<div class=\"wpb_text_column wpb_content_element \">\n<div class=\"wpb_wrapper\">\n<div class=\"wpb_text_column wpb_content_element \">\n<div class=\"wpb_wrapper\">\n<div class=\"vc_row wpb_row vc_row-fluid\">\n<div class=\"wpb_column vc_column_container vc_col-sm-9\">\n<div class=\"vc_column-inner\">\n<div class=\"wpb_wrapper\">\n<div class=\"wpb_text_column wpb_content_element \">\n<div class=\"wpb_wrapper\">\n<p>Ein Tag und eine Nacht in Berlin: Das Karma f\u00e4hrt einen elektrischen Rollstuhl, ein WG-Casting endet mit einer Hausbesetzung, ein Koch und ein entflohener Hund werden zu K\u00f6nigen, alle suchen einen werdenden Vater und ein Hase bringt einen Nerd dazu, endlich seine Nachbarn kennenzulernen. Fahren Berliner Taxis eigentlich bis zum Eiffelturm? Und wer ist die Queen von Berlin?\u00a0All diese Geschichten und noch mehr erz\u00e4hlt \u201c<strong>Notes of Berlin<\/strong>\u201c. Inspiriert sind sie von echten Aush\u00e4ngen, die in den Stra\u00dfen der Stadt hingen \u2013 an Laternenpf\u00e4hlen, in Treppenh\u00e4usern, in Hinterh\u00f6fen -, dort von aufmerksamen Berlinern gefunden und auf <strong>Joab Nist<\/strong>s Kultblog <strong>notesofberlin.com<\/strong> ver\u00f6ffentlicht wurden.\u00a0Der Film flaniert mit uns durch die Stadt und wirft einen am\u00fcsierten, einf\u00fchlsamen Blick auf Personen und Situationen, die man sonst vielleicht \u00fcbersehen w\u00fcrde. Er ist eine Liebeserkl\u00e4rung an Berlin, zeigt den allt\u00e4glichen Wahnsinn und zuf\u00e4llige Begegnungen und macht die Stadt zur Protagonistin, denn: <em>\u201eDas Herz der Stadt schl\u00e4gt auf der Stra\u00dfe\u201c<\/em>.<\/p>\n<\/div>\n<\/div>\n<\/div>\n<\/div>\n<\/div>\n<div class=\"wpb_column vc_column_container vc_col-sm-3\">\n<div class=\"vc_column-inner\">\n<div class=\"wpb_wrapper\">\n<div class=\"wpb_single_image wpb_content_element vc_align_left\"><\/div>\n<\/div>\n<\/div>\n<\/div>\n<\/div>\n<div class=\"vc_row wpb_row vc_row-fluid\">\n<div class=\"wpb_column vc_column_container vc_col-sm-12\">\n<div class=\"vc_column-inner\">\n<div class=\"wpb_wrapper\">\n<div class=\"wpb_text_column wpb_content_element \">\n<div class=\"wpb_wrapper\">\n<p>\u201c<strong>Notes of Berlin<\/strong>\u201c feierte im Oktober 2020 beim\u00a0<strong>Internationalen Filmfestival in Warschau<\/strong>\u00a0seine Weltpremiere und wurde bei seiner Deutschlandpremiere bei den\u00a0<strong>42. Biberacher Filmfestspielen<\/strong>\u00a0mit drei \u201eBibern\u201c ausgezeichnet, n\u00e4mlich als\u00a0<em>\u201cBester Deb\u00fctfilm\u201d<\/em>, mit dem\u00a0<em>\u201cPublikumspreis\u201d<\/em>\u00a0und dem\u00a0<em>\u201cPreis der Sch\u00fclerjury\u201d<\/em>.<\/p>\n<\/div>\n<\/div>\n<\/div>\n<\/div>\n<\/div>\n<\/div>\n<\/div>\n<\/div>\n<\/div>\n<\/div>\n<\/div>\n<\/div>\n<\/div>\n<\/div>\n<\/div>\n<div><div class=\"gap\" style=\"line-height: 20px; height: 20px;\"><\/div><\/div>\n<h5>Weitere Informationen<\/h5>\n<div>\n<div>\n<table style=\"height: 46px; width: 100%; border-collapse: collapse; border-color: #ffffff; background-color: #ffffff; border-style: hidden;\">\n<tbody>\n<tr style=\"height: 23px; border-style: hidden; border-color: #ffffff; background-color: #ffffff;\">\n<td style=\"width: 4.701195219123506%; height: 23px; border-style: hidden;\">Film:<\/td>\n<td style=\"width: 95.29880478087651%; height: 23px; border-style: hidden;\"><a title=\"Notes of Berlin (2020) von Mariejosephin Schneider | Darling Berlin\" href=\"https:\/\/ucm.one\/de\/notes-of-berlin\/\">Notes of Berlin <\/a><\/td>\n<\/tr>\n<tr style=\"height: 23px;\">\n<td style=\"width: 4.701195219123506%; height: 23px; border-style: hidden;\">Label:<\/td>\n<td style=\"width: 95.29880478087651%; height: 23px; border-style: hidden;\"><a title=\"Darling Berlin\" href=\"https:\/\/ucm.one\/de\/film-labels\/darling-berlin\/\">Darling Berlin<\/a><\/td>\n<\/tr>\n<\/tbody>\n<\/table>\n<\/div>\n<div><\/div>\n<\/div>\n<div>\n<div><div class=\"gap\" style=\"line-height: 10px; height: 10px;\"><\/div><\/div>\n<div>\u00a9 2022 <strong>Darling Berlin<\/strong><span style=\"font-family: arial, helvetica, sans-serif;\">\u00a0<\/span>\/ <span style=\"font-family: 'arial black', sans-serif;\"><strong>UCM.ONE<\/strong><\/span><\/div>\n<div><div class=\"gap\" style=\"line-height: 20px; height: 20px;\"><\/div><\/div>\n<\/div>\n<div>\n<div><\/div>\n<div>\n<div><div class=\"gap\" style=\"line-height: 10px; height: 10px;\"><\/div><\/div>\n<div><span style=\"color: #003a80;\"><strong>\u27a0 <a style=\"color: #003a80;\" href=\"https:\/\/ucm.one\/de\/produkt-kategorie\/art-de\/filme-de\/\">zum Shop<\/a><\/strong><\/span><\/div>\n<div><div class=\"gap\" style=\"line-height: 20px; height: 20px;\"><\/div><\/div>\n<\/div>\n<\/div>\n<\/div>","protected":false},"excerpt":{"rendered":"<p>Label:\u00a0<a title=\"Darling Berlin\" href=\"https:\/\/ucm.one\/de\/produkt-kategorie\/label-film-de\/darling-berlin-de\/\"><strong>Darling Berlin<\/strong><\/a><\/p>\n<p>Art:\u00a0<strong><a href=\"https:\/\/ucm.one\/de\/produkt-kategorie\/art-de\/filme-de\/\">Film<\/a> (<a href=\"https:\/\/ucm.one\/de\/produkt-kategorie\/merchandise-de\/\">Merchandise<\/a>)<\/strong><\/p>\n<p>Genres: <strong><a href=\"https:\/\/ucm.one\/de\/produkt-kategorie\/genre-film-de\/komoedie-de\/\">Kom\u00f6die<\/a><\/strong><\/p>\n<p>Jahr: <strong>2020<\/strong><\/p>\n<p>Format: <strong>Plakat<\/strong><\/p>\n","protected":false},"featured_media":69748,"comment_status":"open","ping_status":"closed","template":"","meta":{"_acf_changed":false},"product_brand":[],"product_cat":[9708,10339,10356,10400,12526],"product_tag":[12573,12561,12574,12562,12575,12565,12576,12566,12577,12567,12578,12568,12610,12464,12569,12508,12570,12571,12572],"class_list":{"0":"post-69743","1":"product","2":"type-product","3":"status-publish","4":"has-post-thumbnail","6":"product_cat-filme-de","7":"product_cat-darling-berlin-de","8":"product_cat-komoedie-de","9":"product_cat-merchandise-de","10":"product_cat-plakat-de","11":"product_tag-sandra-julia-reils","12":"product_tag-plakat","13":"product_tag-maximilian-gehrlinger","14":"product_tag-poster","15":"product_tag-yeliz-simsek","16":"product_tag-notes-of-berlin","17":"product_tag-clemens-koestlin","18":"product_tag-kino","19":"product_tag-leopold-altenburg","20":"product_tag-mariejosephin-schneider","21":"product_tag-mex-schluepfer","22":"product_tag-anne-mueller","23":"product_tag-plakate","24":"product_tag-darling-berlin","25":"product_tag-frederik-von-luettichau","26":"product_tag-tom-lass","27":"product_tag-notesofberlin","28":"product_tag-paul-boche","29":"product_tag-joab-nist","30":"product_shipping_class-poster-en","31":"description-off","33":"first","34":"instock","35":"taxable","36":"shipping-taxable","37":"purchasable","38":"product-type-variable"},"acf":[],"yoast_head":"<!-- This site is optimized with the Yoast SEO plugin v27.2 - https:\/\/yoast.com\/product\/yoast-seo-wordpress\/ -->\n<title>Notes of Berlin (Kinoplakat)<\/title>\n<meta name=\"description\" content=\"Shop | Notes of Berlin (Kinoplakat) | 2020 | Darling Berlin | Plakat\" \/>\n<meta name=\"robots\" content=\"index, follow, max-snippet:-1, max-image-preview:large, max-video-preview:-1\" \/>\n<link rel=\"canonical\" href=\"https:\/\/ucm.one\/de\/produkt\/notes-of-berlin-kinoplakat\/\" \/>\n<meta property=\"og:locale\" content=\"de_DE\" \/>\n<meta property=\"og:type\" content=\"article\" \/>\n<meta property=\"og:title\" content=\"Notes of Berlin (Kinoplakat)\" \/>\n<meta property=\"og:description\" content=\"Shop | Notes of Berlin (Kinoplakat) | 2021| Darling Berlin | Plakat\" \/>\n<meta property=\"og:url\" content=\"https:\/\/ucm.one\/de\/produkt\/notes-of-berlin-kinoplakat\/\" \/>\n<meta property=\"og:site_name\" content=\"UCM.ONE\" \/>\n<meta property=\"article:modified_time\" content=\"2026-01-02T21:02:20+00:00\" \/>\n<meta property=\"og:image\" content=\"https:\/\/ucm.one\/wp-content\/uploads\/2022\/05\/Notes-of-Berlin-Plakat.jpg\" \/>\n<meta name=\"twitter:card\" content=\"summary_large_image\" \/>\n<meta name=\"twitter:title\" content=\"Notes of Berlin (Kinoplakat)\" \/>\n<meta name=\"twitter:description\" content=\"Shop | Notes of Berlin (Kinoplakat) | 2021| Darling Berlin | Plakat\" \/>\n<meta name=\"twitter:image\" content=\"https:\/\/ucm.one\/wp-content\/uploads\/2022\/05\/Notes-of-Berlin-Plakat.jpg\" \/>\n<meta name=\"twitter:label1\" content=\"Gesch\u00e4tzte Lesezeit\" \/>\n\t<meta name=\"twitter:data1\" content=\"1\u00a0Minute\" \/>\n<!-- \/ Yoast SEO plugin. -->","yoast_head_json":{"title":"Notes of Berlin (Kinoplakat)","description":"Shop | Notes of Berlin (Kinoplakat) | 2020 | Darling Berlin | Plakat","robots":{"index":"index","follow":"follow","max-snippet":"max-snippet:-1","max-image-preview":"max-image-preview:large","max-video-preview":"max-video-preview:-1"},"canonical":"https:\/\/ucm.one\/de\/produkt\/notes-of-berlin-kinoplakat\/","og_locale":"de_DE","og_type":"article","og_title":"Notes of Berlin (Kinoplakat)","og_description":"Shop | Notes of Berlin (Kinoplakat) | 2021| Darling Berlin | Plakat","og_url":"https:\/\/ucm.one\/de\/produkt\/notes-of-berlin-kinoplakat\/","og_site_name":"UCM.ONE","article_modified_time":"2026-01-02T21:02:20+00:00","og_image":[{"url":"https:\/\/ucm.one\/wp-content\/uploads\/2022\/05\/Notes-of-Berlin-Plakat.jpg","type":"","width":"","height":""}],"twitter_card":"summary_large_image","twitter_title":"Notes of Berlin (Kinoplakat)","twitter_description":"Shop | Notes of Berlin (Kinoplakat) | 2021| Darling Berlin | Plakat","twitter_image":"https:\/\/ucm.one\/wp-content\/uploads\/2022\/05\/Notes-of-Berlin-Plakat.jpg","twitter_misc":{"Gesch\u00e4tzte Lesezeit":"1\u00a0Minute"},"schema":{"@context":"https:\/\/schema.org","@graph":[{"@type":"WebPage","@id":"https:\/\/ucm.one\/de\/produkt\/notes-of-berlin-kinoplakat\/","url":"https:\/\/ucm.one\/de\/produkt\/notes-of-berlin-kinoplakat\/","name":"Notes of Berlin (Kinoplakat)","isPartOf":{"@id":"https:\/\/ucm.one\/de\/#website"},"primaryImageOfPage":{"@id":"https:\/\/ucm.one\/de\/produkt\/notes-of-berlin-kinoplakat\/#primaryimage"},"image":{"@id":"https:\/\/ucm.one\/de\/produkt\/notes-of-berlin-kinoplakat\/#primaryimage"},"thumbnailUrl":"https:\/\/ucm.one\/wp-content\/uploads\/2022\/05\/Notes-of-Berlin-Plakat.jpg","datePublished":"2021-08-01T12:53:08+00:00","dateModified":"2026-01-02T21:02:20+00:00","description":"Shop | Notes of Berlin (Kinoplakat) | 2020 | Darling Berlin | Plakat","breadcrumb":{"@id":"https:\/\/ucm.one\/de\/produkt\/notes-of-berlin-kinoplakat\/#breadcrumb"},"inLanguage":"de","potentialAction":[{"@type":"ReadAction","target":["https:\/\/ucm.one\/de\/produkt\/notes-of-berlin-kinoplakat\/"]}]},{"@type":"ImageObject","inLanguage":"de","@id":"https:\/\/ucm.one\/de\/produkt\/notes-of-berlin-kinoplakat\/#primaryimage","url":"https:\/\/ucm.one\/wp-content\/uploads\/2022\/05\/Notes-of-Berlin-Plakat.jpg","contentUrl":"https:\/\/ucm.one\/wp-content\/uploads\/2022\/05\/Notes-of-Berlin-Plakat.jpg","width":707,"height":1000},{"@type":"BreadcrumbList","@id":"https:\/\/ucm.one\/de\/produkt\/notes-of-berlin-kinoplakat\/#breadcrumb","itemListElement":[{"@type":"ListItem","position":1,"name":"Home","item":"https:\/\/ucm.one\/de\/"},{"@type":"ListItem","position":2,"name":"Shop","item":"https:\/\/ucm.one\/de\/shop\/"},{"@type":"ListItem","position":3,"name":"Notes of Berlin (Kinoplakat)"}]},{"@type":"WebSite","@id":"https:\/\/ucm.one\/de\/#website","url":"https:\/\/ucm.one\/de\/","name":"UCM.ONE","description":"","publisher":{"@id":"https:\/\/ucm.one\/de\/#organization"},"potentialAction":[{"@type":"SearchAction","target":{"@type":"EntryPoint","urlTemplate":"https:\/\/ucm.one\/de\/?s={search_term_string}"},"query-input":{"@type":"PropertyValueSpecification","valueRequired":true,"valueName":"search_term_string"}}],"inLanguage":"de"},{"@type":"Organization","@id":"https:\/\/ucm.one\/de\/#organization","name":"UCM.ONE","url":"https:\/\/ucm.one\/de\/","logo":{"@type":"ImageObject","inLanguage":"de","@id":"https:\/\/ucm.one\/de\/#\/schema\/logo\/image\/","url":"https:\/\/ucm.one\/wp-content\/uploads\/2019\/10\/UCM.ONE-Logo-RGB.svg","contentUrl":"https:\/\/ucm.one\/wp-content\/uploads\/2019\/10\/UCM.ONE-Logo-RGB.svg","width":1,"height":1,"caption":"UCM.ONE"},"image":{"@id":"https:\/\/ucm.one\/de\/#\/schema\/logo\/image\/"}}]}},"_links":{"self":[{"href":"https:\/\/ucm.one\/de\/wp-json\/wp\/v2\/product\/69743","targetHints":{"allow":["GET"]}}],"collection":[{"href":"https:\/\/ucm.one\/de\/wp-json\/wp\/v2\/product"}],"about":[{"href":"https:\/\/ucm.one\/de\/wp-json\/wp\/v2\/types\/product"}],"replies":[{"embeddable":true,"href":"https:\/\/ucm.one\/de\/wp-json\/wp\/v2\/comments?post=69743"}],"wp:featuredmedia":[{"embeddable":true,"href":"https:\/\/ucm.one\/de\/wp-json\/wp\/v2\/media\/69748"}],"wp:attachment":[{"href":"https:\/\/ucm.one\/de\/wp-json\/wp\/v2\/media?parent=69743"}],"wp:term":[{"taxonomy":"product_brand","embeddable":true,"href":"https:\/\/ucm.one\/de\/wp-json\/wp\/v2\/product_brand?post=69743"},{"taxonomy":"product_cat","embeddable":true,"href":"https:\/\/ucm.one\/de\/wp-json\/wp\/v2\/product_cat?post=69743"},{"taxonomy":"product_tag","embeddable":true,"href":"https:\/\/ucm.one\/de\/wp-json\/wp\/v2\/product_tag?post=69743"}],"curies":[{"name":"wp","href":"https:\/\/api.w.org\/{rel}","templated":true}]}}