{"id":69727,"date":"2022-05-12T22:14:58","date_gmt":"2022-05-12T22:14:58","guid":{"rendered":"https:\/\/ucm.one\/?post_type=product&#038;p=69727"},"modified":"2023-06-18T12:52:15","modified_gmt":"2023-06-18T12:52:15","slug":"nico-kinoplakat","status":"publish","type":"product","link":"https:\/\/ucm.one\/de\/produkt\/nico-kinoplakat\/","title":{"rendered":"Nico (Kinoplakat)"},"content":{"rendered":"<div class=\"wpb_text_column wpb_content_element \">\n<div class=\"wpb_wrapper\">\n<div class=\"\">\n<div class=\"wpb_text_column wpb_content_element \">\n<div class=\"wpb_wrapper\">\n<div class=\"wpb_text_column wpb_content_element \">\n<div class=\"wpb_wrapper\">\n<div class=\"wpb_text_column wpb_content_element \">\n<div class=\"wpb_wrapper\">\n<p>Die selbstbewusste und lebensbejahende Deutsch-Perserin Nico (Sara Fazilat) liebt ihren Job als Altenpflegerin und ist wegen ihrer lockeren und verst\u00e4ndnisvollen Art bei allen beliebt. Mit ihrer besten Freundin Rosa (Javeh Asefdjah) genie\u00dft sie den Berliner Sommer, bis ein rassistisch motivierter \u00dcberfall sie pl\u00f6tzlich aus ihrem unbeschwerten Alltag rei\u00dft. Nico wird bewusst, dass sie doch nicht so selbstverst\u00e4ndlich dazugeh\u00f6rt, wie sie immer dachte, und wie viel Rassismus sie tats\u00e4chlich umgibt.<\/p>\n<p>Geplagt von Erinnerungsfetzen an den schrecklichen \u00dcberfall, zieht sich Nico immer mehr in sich selbst zur\u00fcck. Nicht nur Rosa verliert den Bezug zu ihr, auch ihre Patient:innen erkennen die einst so fr\u00f6hliche junge Frau nicht wieder. Nico sp\u00fcrt, dass es so nicht weitergehen kann, und wendet sich an den schroffen Karate-Weltmeister Andy (Andreas Marquardt). Bei ihm beginnt sie ein hartes Trainingsprogramm und schafft es dadurch, ihre Wut zu kanalisieren und ihre eigene St\u00e4rke zu erfahren, doch verliert sie auch die Verbindung zu sich selbst und ihrem alten Leben. Als Nico dann auf die Mazedonierin Ronny trifft, entwickelt sich eine Verbindung zwischen den beiden Frauen, die Nico dazu veranlasst, den eingeschlagenen Weg in Frage zu stellen.<\/p>\n<p>\u201c<strong>Nico<\/strong>\u201d\u00a0ist ein wichtiger und bewegender Film, dessen mitrei\u00dfende Hauptdarstellerin das Publikum jeden Moment des schmerzhaften Heilungsprozesses der Protagonistin mitf\u00fchlen l\u00e4sst.<\/p>\n<\/div>\n<\/div>\n<\/div>\n<\/div>\n<\/div>\n<\/div>\n<\/div>\n<\/div>\n<\/div>\n<div><div class=\"gap\" style=\"line-height: 20px; height: 20px;\"><\/div><\/div>\n<h5>Weitere Informationen<\/h5>\n<div>\n<div>\n<table style=\"height: 46px; width: 100%; border-collapse: collapse; border-color: #ffffff; background-color: #ffffff; border-style: hidden;\">\n<tbody>\n<tr style=\"height: 23px; border-style: hidden; border-color: #ffffff; background-color: #ffffff;\">\n<td style=\"width: 4.701195219123506%; height: 23px; border-style: hidden;\">Film:<\/td>\n<td style=\"width: 95.29880478087651%; height: 23px; border-style: hidden;\"><a title=\"Nico (2021) von Eline Gehring | Darling Berlin\" href=\"https:\/\/ucm.one\/de\/nico\/\">Nico<\/a><\/td>\n<\/tr>\n<tr style=\"height: 23px;\">\n<td style=\"width: 4.701195219123506%; height: 23px; border-style: hidden;\">Label:<\/td>\n<td style=\"width: 95.29880478087651%; height: 23px; border-style: hidden;\"><a title=\"Darling Berlin\" href=\"https:\/\/ucm.one\/de\/film-labels\/darling-berlin\/\">Darling Berlin<\/a><\/td>\n<\/tr>\n<\/tbody>\n<\/table>\n<\/div>\n<div><\/div>\n<\/div>\n<div>\n<div><div class=\"gap\" style=\"line-height: 10px; height: 10px;\"><\/div><\/div>\n<div>\u2117 2021 <strong>Third Culture Kids<\/strong> &amp; <strong>DFFB &#8211; Deutsche Film- und Fernsehakademie Berlin<\/strong>, \u00a9 2022 <strong>Darling Berlin<\/strong><span style=\"font-family: arial, helvetica, sans-serif;\">\u00a0<\/span>\/ <span style=\"font-family: 'arial black', sans-serif;\"><strong>UCM.ONE<\/strong><\/span><\/div>\n<div><div class=\"gap\" style=\"line-height: 20px; height: 20px;\"><\/div><\/div>\n<\/div>\n<div>\n<div><\/div>\n<div>\n<div><div class=\"gap\" style=\"line-height: 10px; height: 10px;\"><\/div><\/div>\n<div><span style=\"color: #003a80;\"><strong>\u27a0 <a style=\"color: #003a80;\" href=\"https:\/\/ucm.one\/de\/produkt-kategorie\/art-de\/filme-de\/\">zum Shop<\/a><\/strong><\/span><\/div>\n<div><div class=\"gap\" style=\"line-height: 20px; height: 20px;\"><\/div><\/div>\n<\/div>\n<\/div>\n","protected":false},"excerpt":{"rendered":"<p>Label:\u00a0<a title=\"Darling Berlin\" href=\"https:\/\/ucm.one\/de\/produkt-kategorie\/label-film-de\/darling-berlin-de\/\"><strong>Darling Berlin<\/strong><\/a><\/p>\n<p>Art:\u00a0<strong><a href=\"https:\/\/ucm.one\/de\/produkt-kategorie\/art-de\/filme-de\/\">Film<\/a> (<a href=\"https:\/\/ucm.one\/de\/produkt-kategorie\/merchandise-de\/\">Merchandise<\/a>)<\/strong><\/p>\n<p>Genres: <b><a title=\"\" href=\"https:\/\/ucm.one\/de\/produkt-kategorie\/genre-film-de\/drama-de\/\">Drama<\/a><\/b><\/p>\n<p>Jahr: <strong>2022<\/strong><\/p>\n<p>Format: <strong>Plakat<\/strong><\/p>\n","protected":false},"featured_media":69731,"comment_status":"open","ping_status":"closed","template":"","meta":{"_acf_changed":false},"product_brand":[],"product_cat":[9708,10339,10400,12526],"product_tag":[12561,12618,12562,12619,12620,12610,12621,12611,12622,12612,12623,12613,12624,12464,12614,12615,12616,12617],"class_list":{"0":"post-69727","1":"product","2":"type-product","3":"status-publish","4":"has-post-thumbnail","6":"product_cat-filme-de","7":"product_cat-darling-berlin-de","8":"product_cat-merchandise-de","9":"product_cat-plakat-de","10":"product_tag-plakat","11":"product_tag-andreas-marquardt","12":"product_tag-poster","13":"product_tag-first-step","14":"product_tag-no-fear","15":"product_tag-plakate","16":"product_tag-brigitte-kramer","17":"product_tag-nico","18":"product_tag-isidoro-fernandez-mompelier","19":"product_tag-sara-fazilat","20":"product_tag-sabrina-tannen","21":"product_tag-eline-gehring","22":"product_tag-dffb","23":"product_tag-darling-berlin","24":"product_tag-sara-klimoska","25":"product_tag-javeh-asefdjah","26":"product_tag-deutscher-filmpreis","27":"product_tag-lola","28":"product_shipping_class-poster-en","29":"description-off","31":"first","32":"instock","33":"taxable","34":"shipping-taxable","35":"purchasable","36":"product-type-variable"},"acf":[],"yoast_head":"<!-- This site is optimized with the Yoast SEO plugin v27.5 - https:\/\/yoast.com\/product\/yoast-seo-wordpress\/ -->\n<title>Nico (Kinoplakat)<\/title>\n<meta name=\"description\" content=\"Shop | Nico (Kinoplakat) | 2022 | Darling Berlin | Plakat\" \/>\n<meta name=\"robots\" content=\"index, follow, max-snippet:-1, max-image-preview:large, max-video-preview:-1\" \/>\n<link rel=\"canonical\" href=\"https:\/\/ucm.one\/de\/produkt\/nico-kinoplakat\/\" \/>\n<meta property=\"og:locale\" content=\"de_DE\" \/>\n<meta property=\"og:type\" content=\"article\" \/>\n<meta property=\"og:title\" content=\"Nico (Kinoplakat)\" \/>\n<meta property=\"og:description\" content=\"Shop | Nico (Kinoplakat) | 2022 | Darling Berlin | Plakat\" \/>\n<meta property=\"og:url\" content=\"https:\/\/ucm.one\/de\/produkt\/nico-kinoplakat\/\" \/>\n<meta property=\"og:site_name\" content=\"UCM.ONE\" \/>\n<meta property=\"article:modified_time\" content=\"2023-06-18T12:52:15+00:00\" \/>\n<meta property=\"og:image\" content=\"https:\/\/ucm.one\/wp-content\/uploads\/2022\/05\/Nico-Plakat-A1.jpg\" \/>\n<meta name=\"twitter:card\" content=\"summary_large_image\" \/>\n<meta name=\"twitter:title\" content=\"Nico (Kinoplakat)\" \/>\n<meta name=\"twitter:description\" content=\"Shop | Nico (Kinoplakat) | 2022 | Darling Berlin | Plakat\" \/>\n<meta name=\"twitter:image\" content=\"https:\/\/ucm.one\/wp-content\/uploads\/2022\/05\/Nico-Plakat-A1.jpg\" \/>\n<meta name=\"twitter:label1\" content=\"Gesch\u00e4tzte Lesezeit\" \/>\n\t<meta name=\"twitter:data1\" content=\"1\u00a0Minute\" \/>\n<!-- \/ Yoast SEO plugin. -->","yoast_head_json":{"title":"Nico (Kinoplakat)","description":"Shop | Nico (Kinoplakat) | 2022 | Darling Berlin | Plakat","robots":{"index":"index","follow":"follow","max-snippet":"max-snippet:-1","max-image-preview":"max-image-preview:large","max-video-preview":"max-video-preview:-1"},"canonical":"https:\/\/ucm.one\/de\/produkt\/nico-kinoplakat\/","og_locale":"de_DE","og_type":"article","og_title":"Nico (Kinoplakat)","og_description":"Shop | Nico (Kinoplakat) | 2022 | Darling Berlin | Plakat","og_url":"https:\/\/ucm.one\/de\/produkt\/nico-kinoplakat\/","og_site_name":"UCM.ONE","article_modified_time":"2023-06-18T12:52:15+00:00","og_image":[{"url":"https:\/\/ucm.one\/wp-content\/uploads\/2022\/05\/Nico-Plakat-A1.jpg","type":"","width":"","height":""}],"twitter_card":"summary_large_image","twitter_title":"Nico (Kinoplakat)","twitter_description":"Shop | Nico (Kinoplakat) | 2022 | Darling Berlin | Plakat","twitter_image":"https:\/\/ucm.one\/wp-content\/uploads\/2022\/05\/Nico-Plakat-A1.jpg","twitter_misc":{"Gesch\u00e4tzte Lesezeit":"1\u00a0Minute"},"schema":{"@context":"https:\/\/schema.org","@graph":[{"@type":"WebPage","@id":"https:\/\/ucm.one\/de\/produkt\/nico-kinoplakat\/","url":"https:\/\/ucm.one\/de\/produkt\/nico-kinoplakat\/","name":"Nico (Kinoplakat)","isPartOf":{"@id":"https:\/\/ucm.one\/de\/#website"},"primaryImageOfPage":{"@id":"https:\/\/ucm.one\/de\/produkt\/nico-kinoplakat\/#primaryimage"},"image":{"@id":"https:\/\/ucm.one\/de\/produkt\/nico-kinoplakat\/#primaryimage"},"thumbnailUrl":"https:\/\/ucm.one\/wp-content\/uploads\/2022\/05\/Nico-Plakat-A1.jpg","datePublished":"2022-05-12T22:14:58+00:00","dateModified":"2023-06-18T12:52:15+00:00","description":"Shop | Nico (Kinoplakat) | 2022 | Darling Berlin | Plakat","breadcrumb":{"@id":"https:\/\/ucm.one\/de\/produkt\/nico-kinoplakat\/#breadcrumb"},"inLanguage":"de","potentialAction":[{"@type":"ReadAction","target":["https:\/\/ucm.one\/de\/produkt\/nico-kinoplakat\/"]}]},{"@type":"ImageObject","inLanguage":"de","@id":"https:\/\/ucm.one\/de\/produkt\/nico-kinoplakat\/#primaryimage","url":"https:\/\/ucm.one\/wp-content\/uploads\/2022\/05\/Nico-Plakat-A1.jpg","contentUrl":"https:\/\/ucm.one\/wp-content\/uploads\/2022\/05\/Nico-Plakat-A1.jpg","width":707,"height":1000},{"@type":"BreadcrumbList","@id":"https:\/\/ucm.one\/de\/produkt\/nico-kinoplakat\/#breadcrumb","itemListElement":[{"@type":"ListItem","position":1,"name":"Home","item":"https:\/\/ucm.one\/de\/"},{"@type":"ListItem","position":2,"name":"Shop","item":"https:\/\/ucm.one\/de\/shop\/"},{"@type":"ListItem","position":3,"name":"Nico (Kinoplakat)"}]},{"@type":"WebSite","@id":"https:\/\/ucm.one\/de\/#website","url":"https:\/\/ucm.one\/de\/","name":"UCM.ONE","description":"","publisher":{"@id":"https:\/\/ucm.one\/de\/#organization"},"potentialAction":[{"@type":"SearchAction","target":{"@type":"EntryPoint","urlTemplate":"https:\/\/ucm.one\/de\/?s={search_term_string}"},"query-input":{"@type":"PropertyValueSpecification","valueRequired":true,"valueName":"search_term_string"}}],"inLanguage":"de"},{"@type":"Organization","@id":"https:\/\/ucm.one\/de\/#organization","name":"UCM.ONE","url":"https:\/\/ucm.one\/de\/","logo":{"@type":"ImageObject","inLanguage":"de","@id":"https:\/\/ucm.one\/de\/#\/schema\/logo\/image\/","url":"https:\/\/ucm.one\/wp-content\/uploads\/2019\/10\/UCM.ONE-Logo-RGB.svg","contentUrl":"https:\/\/ucm.one\/wp-content\/uploads\/2019\/10\/UCM.ONE-Logo-RGB.svg","width":1,"height":1,"caption":"UCM.ONE"},"image":{"@id":"https:\/\/ucm.one\/de\/#\/schema\/logo\/image\/"}}]}},"_links":{"self":[{"href":"https:\/\/ucm.one\/de\/wp-json\/wp\/v2\/product\/69727","targetHints":{"allow":["GET"]}}],"collection":[{"href":"https:\/\/ucm.one\/de\/wp-json\/wp\/v2\/product"}],"about":[{"href":"https:\/\/ucm.one\/de\/wp-json\/wp\/v2\/types\/product"}],"replies":[{"embeddable":true,"href":"https:\/\/ucm.one\/de\/wp-json\/wp\/v2\/comments?post=69727"}],"wp:featuredmedia":[{"embeddable":true,"href":"https:\/\/ucm.one\/de\/wp-json\/wp\/v2\/media\/69731"}],"wp:attachment":[{"href":"https:\/\/ucm.one\/de\/wp-json\/wp\/v2\/media?parent=69727"}],"wp:term":[{"taxonomy":"product_brand","embeddable":true,"href":"https:\/\/ucm.one\/de\/wp-json\/wp\/v2\/product_brand?post=69727"},{"taxonomy":"product_cat","embeddable":true,"href":"https:\/\/ucm.one\/de\/wp-json\/wp\/v2\/product_cat?post=69727"},{"taxonomy":"product_tag","embeddable":true,"href":"https:\/\/ucm.one\/de\/wp-json\/wp\/v2\/product_tag?post=69727"}],"curies":[{"name":"wp","href":"https:\/\/api.w.org\/{rel}","templated":true}]}}