{"id":69716,"date":"2022-05-20T17:17:24","date_gmt":"2022-05-20T17:17:24","guid":{"rendered":"https:\/\/ucm.one\/?post_type=product&#038;p=69716"},"modified":"2026-04-02T23:56:26","modified_gmt":"2026-04-02T23:56:26","slug":"heikos-welt-kinoplakat","status":"publish","type":"product","link":"https:\/\/ucm.one\/de\/produkt\/heikos-welt-kinoplakat\/","title":{"rendered":"Heikos Welt (Kinoplakat)"},"content":{"rendered":"<div class=\"wpb-content-wrapper\"><div class=\"wpb_text_column wpb_content_element \">\n<div class=\"wpb_wrapper\">\n<div class=\"\">\n<div class=\"wpb_text_column wpb_content_element \">\n<div class=\"wpb_wrapper\">\n<div class=\"wpb_text_column wpb_content_element \">\n<div class=\"wpb_wrapper\">\n<div class=\"wpb_text_column wpb_content_element \">\n<div class=\"wpb_wrapper\">\n<div class=\"wpb_text_column wpb_content_element \">\n<div class=\"wpb_wrapper\">\n<p>Heikos Mutter Belinda leidet an Keratokonus, einer seltenen Ver\u00e4nderung der Hornhaut. Nach und nach verliert sie an Sehkraft und k\u00f6nnte bald ganz erblinden, wenn ihr nicht geholfen wird. Mit der Hornhaut eines verstorbenen Spenders lie\u00dfe sich Belindas Augenlicht zur\u00fcckgewinnen \u2013 doch so eine Transplantation kostet viel Geld, das die Krankenkasse nicht \u00fcbernimmt.<\/p>\n<p>F\u00fcr Heiko beginnt damit eine Odyssee durch die Berliner Kneipenwelt: Um das Geld f\u00fcr die Operation seiner Mutter zusammenzubekommen, stellt er sich zun\u00e4chst widerwillig, dann doch mit wachsendem Ehrgeiz, Euro um Euro, den besten Dartspielern der Stadt. Die jedoch verfolgen ganz andere Pl\u00e4ne und ziehen Heiko damit in eine Spirale des Wahnsinns, die er sich vorher nicht h\u00e4tte ausmalen k\u00f6nnen.<\/p>\n<\/div>\n<\/div>\n<div class=\"vc_row wpb_row vc_inner vc_row-fluid\">\n<div class=\"wpb_column vc_column_container vc_col-sm-6 vc_col-has-fill\">\n<div class=\"vc_column-inner vc_custom_1561290391124\">\n<div class=\"wpb_wrapper\">\n<div class=\"wpb_single_image wpb_content_element vc_align_left\"><\/div>\n<\/div>\n<\/div>\n<\/div>\n<\/div>\n<div class=\"wpb_text_column wpb_content_element \">\n<div class=\"wpb_wrapper\">\n<p>\u201e<strong>Heikos Welt<\/strong>\u201c ist eine durchgedrehte, liebevolle Ode an \u2013 und Odyssee durch \u2013 die Berliner Eckkneipen mit ihrer ganz eigenen Fauna aus originellen Charakteren, voller unerwarteter Wendungen und mit einer Hauptfigur, die uns auf ihrer biergeschw\u00e4ngerten Heldenreise ans Herz w\u00e4chst.<\/p>\n<\/div>\n<\/div>\n<\/div>\n<\/div>\n<\/div>\n<\/div>\n<\/div>\n<\/div>\n<\/div>\n<\/div>\n<\/div>\n<div><div class=\"gap\" style=\"line-height: 20px; height: 20px;\"><\/div><\/div>\n<h5>Weitere Informationen<\/h5>\n<div>\n<div>\n<table style=\"height: 46px;width: 100%;border-collapse: collapse;border-color: #ffffff;background-color: #ffffff;border-style: hidden\">\n<tbody>\n<tr style=\"height: 23px;border-style: hidden;border-color: #ffffff;background-color: #ffffff\">\n<td style=\"width: 4.701195219123506%;height: 23px;border-style: hidden\">Film:<\/td>\n<td style=\"width: 95.29880478087651%;height: 23px;border-style: hidden\"><a title=\"Heikos Welt (2021) von Dominik Galizia | Darling Berlin\" href=\"https:\/\/ucm.one\/de\/heikos-welt\/\">Heikos Welt<\/a><\/td>\n<\/tr>\n<tr style=\"height: 23px\">\n<td style=\"width: 4.701195219123506%;height: 23px;border-style: hidden\">Label:<\/td>\n<td style=\"width: 95.29880478087651%;height: 23px;border-style: hidden\"><a title=\"Darling Berlin\" href=\"https:\/\/ucm.one\/de\/film-labels\/darling-berlin\/\">Darling Berlin<\/a><\/td>\n<\/tr>\n<\/tbody>\n<\/table>\n<\/div>\n<div><\/div>\n<\/div>\n<div>\n<div><div class=\"gap\" style=\"line-height: 10px; height: 10px;\"><\/div><\/div>\n<div>\u2117 2022 Mutter &amp; Vater Film GmbH, ASP Alexander Schoeller Productions GmbH, \u00a9 2022 <strong>Darling Berlin<\/strong><span style=\"font-family: arial, helvetica, sans-serif\">\u00a0<\/span>\/ <span style=\"font-family: 'arial black', sans-serif\"><strong>UCM.ONE<\/strong><\/span><\/div>\n<div><div class=\"gap\" style=\"line-height: 20px; height: 20px;\"><\/div><\/div>\n<\/div>\n<div>\n<div><\/div>\n<div>\n<div><div class=\"gap\" style=\"line-height: 10px; height: 10px;\"><\/div><\/div>\n<div><span style=\"color: #003a80\"><strong>\u27a0 <a style=\"color: #003a80\" href=\"https:\/\/ucm.one\/de\/produkt-kategorie\/art-de\/filme-de\/\">zum Shop<\/a><\/strong><\/span><\/div>\n<div><div class=\"gap\" style=\"line-height: 20px; height: 20px;\"><\/div><\/div>\n<\/div>\n<\/div>\n<\/div>","protected":false},"excerpt":{"rendered":"<p>Titel: <strong><a href=\"https:\/\/ucm.one\/de\/?s=%22heikos+welt%22&amp;post_type=product\">Heikos Welt<\/a><\/strong><\/p>\n<p>Label:\u00a0<a title=\"Darling Berlin\" href=\"https:\/\/ucm.one\/de\/produkt-kategorie\/label-film-de\/darling-berlin-de\/\"><strong>Darling Berlin<\/strong><\/a><\/p>\n<p>Art:\u00a0<strong><a href=\"https:\/\/ucm.one\/de\/produkt-kategorie\/art-de\/filme-de\/\">Film<\/a> (<a href=\"https:\/\/ucm.one\/de\/produkt-kategorie\/merchandise-de\/\">Merchandise<\/a>)<\/strong><\/p>\n<p>Genre: <strong><a href=\"https:\/\/ucm.one\/de\/produkt-kategorie\/genre-film-de\/komoedie-de\/\">Kom\u00f6die<\/a><\/strong><\/p>\n<p>Jahr: <strong>2022<\/strong><\/p>\n<p>Format: <strong>Plakat<\/strong><\/p>\n","protected":false},"featured_media":69722,"comment_status":"open","ping_status":"closed","template":"","meta":{"_acf_changed":false},"product_brand":[],"product_cat":[9708,10339,10356,10400,12526],"product_tag":[12532,12561,12533,12562,12534,12535,12610,12536,12537,12538,12464,12539,12540,12530,12531],"class_list":{"0":"post-69716","1":"product","2":"type-product","3":"status-publish","4":"has-post-thumbnail","6":"product_cat-filme-de","7":"product_cat-darling-berlin-de","8":"product_cat-komoedie-de","9":"product_cat-merchandise-de","10":"product_cat-plakat-de","11":"product_tag-nordachse","12":"product_tag-plakat","13":"product_tag-kultatze-heiko","14":"product_tag-poster","15":"product_tag-dominik-galizias","16":"product_tag-currywurst","17":"product_tag-plakate","18":"product_tag-darts","19":"product_tag-nordberliner","20":"product_tag-bier","21":"product_tag-darling-berlin","22":"product_tag-bierdeckel","23":"product_tag-heiko","24":"product_tag-heikos-welt","25":"product_tag-wedding","26":"product_shipping_class-poster-en","27":"description-off","29":"first","30":"instock","31":"taxable","32":"shipping-taxable","33":"purchasable","34":"product-type-variable"},"acf":[],"yoast_head":"<!-- This site is optimized with the Yoast SEO plugin v27.2 - https:\/\/yoast.com\/product\/yoast-seo-wordpress\/ -->\n<title>Heikos Welt (Kinoplakat)<\/title>\n<meta name=\"description\" content=\"Shop | Heikos Welt (Kinoplakat) | 2022 | Darling Berlin | Plakat\" \/>\n<meta name=\"robots\" content=\"index, follow, max-snippet:-1, max-image-preview:large, max-video-preview:-1\" \/>\n<link rel=\"canonical\" href=\"https:\/\/ucm.one\/de\/produkt\/heikos-welt-kinoplakat\/\" \/>\n<meta property=\"og:locale\" content=\"de_DE\" \/>\n<meta property=\"og:type\" content=\"article\" \/>\n<meta property=\"og:title\" content=\"Rock &#039;n&#039; Roll Ringo\" \/>\n<meta property=\"og:description\" content=\"Shop | Rock &#039;n&#039; Roll Ringo (Kinoplakat) | 2024 | Artkeim | Plakat\" \/>\n<meta property=\"og:url\" content=\"https:\/\/ucm.one\/de\/produkt\/heikos-welt-kinoplakat\/\" \/>\n<meta property=\"og:site_name\" content=\"UCM.ONE\" \/>\n<meta property=\"article:modified_time\" content=\"2026-04-02T23:56:26+00:00\" \/>\n<meta property=\"og:image\" content=\"https:\/\/ucm.one\/wp-content\/uploads\/2024\/08\/P-Rock-n-Roll-Ringo.jpg\" \/>\n\t<meta property=\"og:image:width\" content=\"699\" \/>\n\t<meta property=\"og:image:height\" content=\"1000\" \/>\n\t<meta property=\"og:image:type\" content=\"image\/jpeg\" \/>\n<meta name=\"twitter:card\" content=\"summary_large_image\" \/>\n<meta name=\"twitter:title\" content=\"Heikos WeltRock &#039;n&#039; Roll Ring\" \/>\n<meta name=\"twitter:description\" content=\"Shop | Rock &#039;n&#039; Roll Ringo (Kinoplakat) | 2024 | Artkeim | Plakat\" \/>\n<meta name=\"twitter:image\" content=\"https:\/\/ucm.one\/wp-content\/uploads\/2024\/08\/P-Rock-n-Roll-Ringo.jpg\" \/>\n<meta name=\"twitter:label1\" content=\"Gesch\u00e4tzte Lesezeit\" \/>\n\t<meta name=\"twitter:data1\" content=\"2\u00a0Minuten\" \/>\n<!-- \/ Yoast SEO plugin. -->","yoast_head_json":{"title":"Heikos Welt (Kinoplakat)","description":"Shop | Heikos Welt (Kinoplakat) | 2022 | Darling Berlin | Plakat","robots":{"index":"index","follow":"follow","max-snippet":"max-snippet:-1","max-image-preview":"max-image-preview:large","max-video-preview":"max-video-preview:-1"},"canonical":"https:\/\/ucm.one\/de\/produkt\/heikos-welt-kinoplakat\/","og_locale":"de_DE","og_type":"article","og_title":"Rock 'n' Roll Ringo","og_description":"Shop | Rock 'n' Roll Ringo (Kinoplakat) | 2024 | Artkeim | Plakat","og_url":"https:\/\/ucm.one\/de\/produkt\/heikos-welt-kinoplakat\/","og_site_name":"UCM.ONE","article_modified_time":"2026-04-02T23:56:26+00:00","og_image":[{"width":699,"height":1000,"url":"https:\/\/ucm.one\/wp-content\/uploads\/2024\/08\/P-Rock-n-Roll-Ringo.jpg","type":"image\/jpeg"}],"twitter_card":"summary_large_image","twitter_title":"Heikos WeltRock 'n' Roll Ring","twitter_description":"Shop | Rock 'n' Roll Ringo (Kinoplakat) | 2024 | Artkeim | Plakat","twitter_image":"https:\/\/ucm.one\/wp-content\/uploads\/2024\/08\/P-Rock-n-Roll-Ringo.jpg","twitter_misc":{"Gesch\u00e4tzte Lesezeit":"2\u00a0Minuten"},"schema":{"@context":"https:\/\/schema.org","@graph":[{"@type":"WebPage","@id":"https:\/\/ucm.one\/de\/produkt\/heikos-welt-kinoplakat\/","url":"https:\/\/ucm.one\/de\/produkt\/heikos-welt-kinoplakat\/","name":"Heikos Welt (Kinoplakat)","isPartOf":{"@id":"https:\/\/ucm.one\/de\/#website"},"primaryImageOfPage":{"@id":"https:\/\/ucm.one\/de\/produkt\/heikos-welt-kinoplakat\/#primaryimage"},"image":{"@id":"https:\/\/ucm.one\/de\/produkt\/heikos-welt-kinoplakat\/#primaryimage"},"thumbnailUrl":"https:\/\/ucm.one\/wp-content\/uploads\/2022\/05\/Heikos-Welt-Plakat.jpg","datePublished":"2022-05-20T17:17:24+00:00","dateModified":"2026-04-02T23:56:26+00:00","description":"Shop | Heikos Welt (Kinoplakat) | 2022 | Darling Berlin | Plakat","breadcrumb":{"@id":"https:\/\/ucm.one\/de\/produkt\/heikos-welt-kinoplakat\/#breadcrumb"},"inLanguage":"de","potentialAction":[{"@type":"ReadAction","target":["https:\/\/ucm.one\/de\/produkt\/heikos-welt-kinoplakat\/"]}]},{"@type":"ImageObject","inLanguage":"de","@id":"https:\/\/ucm.one\/de\/produkt\/heikos-welt-kinoplakat\/#primaryimage","url":"https:\/\/ucm.one\/wp-content\/uploads\/2022\/05\/Heikos-Welt-Plakat.jpg","contentUrl":"https:\/\/ucm.one\/wp-content\/uploads\/2022\/05\/Heikos-Welt-Plakat.jpg","width":707,"height":1000},{"@type":"BreadcrumbList","@id":"https:\/\/ucm.one\/de\/produkt\/heikos-welt-kinoplakat\/#breadcrumb","itemListElement":[{"@type":"ListItem","position":1,"name":"Home","item":"https:\/\/ucm.one\/de\/"},{"@type":"ListItem","position":2,"name":"Shop","item":"https:\/\/ucm.one\/de\/shop\/"},{"@type":"ListItem","position":3,"name":"Heikos Welt (Kinoplakat)"}]},{"@type":"WebSite","@id":"https:\/\/ucm.one\/de\/#website","url":"https:\/\/ucm.one\/de\/","name":"UCM.ONE","description":"","publisher":{"@id":"https:\/\/ucm.one\/de\/#organization"},"potentialAction":[{"@type":"SearchAction","target":{"@type":"EntryPoint","urlTemplate":"https:\/\/ucm.one\/de\/?s={search_term_string}"},"query-input":{"@type":"PropertyValueSpecification","valueRequired":true,"valueName":"search_term_string"}}],"inLanguage":"de"},{"@type":"Organization","@id":"https:\/\/ucm.one\/de\/#organization","name":"UCM.ONE","url":"https:\/\/ucm.one\/de\/","logo":{"@type":"ImageObject","inLanguage":"de","@id":"https:\/\/ucm.one\/de\/#\/schema\/logo\/image\/","url":"https:\/\/ucm.one\/wp-content\/uploads\/2019\/10\/UCM.ONE-Logo-RGB.svg","contentUrl":"https:\/\/ucm.one\/wp-content\/uploads\/2019\/10\/UCM.ONE-Logo-RGB.svg","width":1,"height":1,"caption":"UCM.ONE"},"image":{"@id":"https:\/\/ucm.one\/de\/#\/schema\/logo\/image\/"}}]}},"_links":{"self":[{"href":"https:\/\/ucm.one\/de\/wp-json\/wp\/v2\/product\/69716","targetHints":{"allow":["GET"]}}],"collection":[{"href":"https:\/\/ucm.one\/de\/wp-json\/wp\/v2\/product"}],"about":[{"href":"https:\/\/ucm.one\/de\/wp-json\/wp\/v2\/types\/product"}],"replies":[{"embeddable":true,"href":"https:\/\/ucm.one\/de\/wp-json\/wp\/v2\/comments?post=69716"}],"wp:featuredmedia":[{"embeddable":true,"href":"https:\/\/ucm.one\/de\/wp-json\/wp\/v2\/media\/69722"}],"wp:attachment":[{"href":"https:\/\/ucm.one\/de\/wp-json\/wp\/v2\/media?parent=69716"}],"wp:term":[{"taxonomy":"product_brand","embeddable":true,"href":"https:\/\/ucm.one\/de\/wp-json\/wp\/v2\/product_brand?post=69716"},{"taxonomy":"product_cat","embeddable":true,"href":"https:\/\/ucm.one\/de\/wp-json\/wp\/v2\/product_cat?post=69716"},{"taxonomy":"product_tag","embeddable":true,"href":"https:\/\/ucm.one\/de\/wp-json\/wp\/v2\/product_tag?post=69716"}],"curies":[{"name":"wp","href":"https:\/\/api.w.org\/{rel}","templated":true}]}}