{"id":69220,"date":"2014-12-11T14:57:45","date_gmt":"2014-12-11T14:57:45","guid":{"rendered":"https:\/\/ucm.one\/?post_type=product&#038;p=69220"},"modified":"2023-07-28T16:34:56","modified_gmt":"2023-07-28T16:34:56","slug":"kaptn-oskar","status":"publish","type":"product","link":"https:\/\/ucm.one\/de\/produkt\/kaptn-oskar\/","title":{"rendered":"Kaptn Oskar"},"content":{"rendered":"<div class=\"wpb_text_column wpb_content_element \">\n<div class=\"wpb_wrapper\">\n<div class=\"\">\n<div class=\"wpb_text_column wpb_content_element \">\n<div class=\"wpb_wrapper\">\n<div class=\"wpb_text_column wpb_content_element \">\n<div class=\"wpb_wrapper\">\n<p>Oskar geht\u2019s nicht gut. Seine Exfreundin Alex hat seine Wohnung abgefackelt und nun gammelt er in einer sch\u00e4bigen Keller-absteige vor sich hin. Doch dann trifft er Masha. Ihr geht es auch nicht gut. Immer wieder landet sie mit \u00e4lteren M\u00e4nnern im Bett, die ihr ausuferndes Bed\u00fcrfnis nach N\u00e4he nicht stillen k\u00f6nnen.<\/p>\n<p>Gemeinsam k\u00e4mpfen Oskar und Masha gegen die Einsamkeit und lassen sich durch Berlin treiben. Die Abmachung, keinen Sex miteinander zu haben, bereut Oskar jedoch schnell \u2013 sp\u00e4testens als Alex sich wieder in sein Leben dr\u00e4ngt und versucht die beiden auseinander zu treiben. Um so mehr sehnt sich Oskar nun nach k\u00f6rperlicher Liebe von Masha und bekommt statt dessen betrunkenen Sex mit Alex, nur um zu merken, dass Einsamkeit noch schlimmer ist, wenn einem die Ex dabei zuschaut. Langsam wird klar, dass eine radikale Entscheidung her muss. Oskar und Masha fahren Zelten. Scheisse.<\/p>\n<\/div>\n<\/div>\n<\/div>\n<\/div>\n<\/div>\n<\/div>\n<\/div>\n<div><div class=\"gap\" style=\"line-height: 20px; height: 20px;\"><\/div><\/div>\n<h5>Weitere Informationen<\/h5>\n<div>\n<div>\n<table style=\"height: 46px; width: 100%; border-collapse: collapse; border-color: #ffffff; background-color: #ffffff; border-style: hidden;\">\n<tbody>\n<tr style=\"height: 23px; border-style: hidden; border-color: #ffffff; background-color: #ffffff;\">\n<td style=\"width: 4.701195219123506%; height: 23px; border-style: hidden;\">Film:<\/td>\n<td style=\"width: 95.29880478087651%; height: 23px; border-style: hidden;\"><a title=\"Love Steaks\" href=\"https:\/\/ucm.one\/de\/?s=%22kaptn+oskar%22&amp;lang=de\">Kaptn Oskar<\/a><\/td>\n<\/tr>\n<tr style=\"height: 23px;\">\n<td style=\"width: 4.701195219123506%; height: 23px; border-style: hidden;\">Label:<\/td>\n<td style=\"width: 95.29880478087651%; height: 23px; border-style: hidden;\"><a title=\"Darling Berlin\" href=\"https:\/\/ucm.one\/de\/film-labels\/darling-berlin\/\">Darling Berlin<\/a><\/td>\n<\/tr>\n<\/tbody>\n<\/table>\n<\/div>\n<div><\/div>\n<\/div>\n<div>\n<div><div class=\"gap\" style=\"line-height: 10px; height: 10px;\"><\/div><\/div>\n<div><span style=\"font-family: 'arial black', sans-serif;\"><span style=\"font-family: arial, helvetica, sans-serif;\">\u00a9 2017 <strong>Darling Berlin \/ <span style=\"font-family: 'arial black', sans-serif;\">UCM.ONE<\/span><\/strong><\/span><\/span><\/div>\n<div><div class=\"gap\" style=\"line-height: 20px; height: 20px;\"><\/div><\/div>\n<\/div>\n<div>\n<div><\/div>\n<div>\n<div><div class=\"gap\" style=\"line-height: 10px; height: 10px;\"><\/div><\/div>\n<div><span style=\"color: #003a80;\"><strong>\u27a0 <a style=\"color: #003a80;\" href=\"https:\/\/ucm.one\/de\/produkt-kategorie\/art-de\/filme-de\/\">zum Shop<\/a><\/strong><\/span><\/div>\n<div><div class=\"gap\" style=\"line-height: 20px; height: 20px;\"><\/div><\/div>\n<\/div>\n<\/div>\n","protected":false},"excerpt":{"rendered":"<p>Regie: <strong><a title=\"Tom Lass\" href=\"https:\/\/ucm.one\/de\/?s=%22Tom+Lass%22&amp;post_type=product\">Tom Lass<\/a><\/strong><\/p>\n<p>Label:\u00a0<a title=\"\" href=\"https:\/\/ucm.one\/de\/produkt-kategorie\/label-film-de\/darling-berlin-de\/\"><strong>Darling Berlin<\/strong><\/a><\/p>\n<p>Art:\u00a0<strong><a href=\"https:\/\/ucm.one\/de\/produkt-kategorie\/art-de\/filme-de\/\">Film<\/a> (Spielfilm)<\/strong><\/p>\n<p>Genres:\u00a0<b><a href=\"https:\/\/ucm.one\/de\/produkt-kategorie\/genre-film-de\/drama-de\/\">Drama<\/a>, <a href=\"https:\/\/ucm.one\/de\/produkt-kategorie\/genre-film-de\/komoedie-de\/\">Kom\u00f6die<\/a><\/b><\/p>\n<p>Jahr: <strong>2014<\/strong><\/p>\n<p>FSK: <strong>12<\/strong><\/p>\n<p>Format: <strong>DVD<\/strong><\/p>\n","protected":false},"featured_media":69445,"comment_status":"open","ping_status":"closed","template":"","meta":{"_acf_changed":false},"product_brand":[],"product_cat":[10356,13156,9708,10331,10334,10339],"product_tag":[12508,12509,12510,12511,12512,12513,12514,12515,12516],"class_list":{"0":"post-69220","1":"product","2":"type-product","3":"status-publish","4":"has-post-thumbnail","6":"product_cat-komoedie-de","7":"product_cat-arthouse-de","8":"product_cat-filme-de","9":"product_cat-dvd-de","10":"product_cat-drama-de","11":"product_cat-darling-berlin-de","12":"product_tag-tom-lass","13":"product_tag-amelie-kiefer","14":"product_tag-martina-schoene-radunski","15":"product_tag-christian-kuchenbuch","16":"product_tag-thomas-schmuckert","17":"product_tag-gunnar-teuber","18":"product_tag-jonas-knudsen","19":"product_tag-roman-avianus","20":"product_tag-kaptn-oskar","21":"pa_format-dvd","22":"pa_format-blu-ray-de","23":"description-off","25":"first","26":"instock","27":"taxable","28":"shipping-taxable","29":"purchasable","30":"product-type-variable","31":"has-default-attributes"},"acf":[],"yoast_head":"<!-- This site is optimized with the Yoast SEO plugin v27.2 - https:\/\/yoast.com\/product\/yoast-seo-wordpress\/ -->\n<title>Kaptn Oskar<\/title>\n<meta name=\"description\" content=\"Shop | Kaptn Oskar | 2014 | Darling Berlin | DVD | FSK 12\" \/>\n<meta name=\"robots\" content=\"index, follow, max-snippet:-1, max-image-preview:large, max-video-preview:-1\" \/>\n<link rel=\"canonical\" href=\"https:\/\/ucm.one\/de\/produkt\/kaptn-oskar\/\" \/>\n<meta property=\"og:locale\" content=\"de_DE\" \/>\n<meta property=\"og:type\" content=\"article\" \/>\n<meta property=\"og:title\" content=\"Kaptn Oskar\" \/>\n<meta property=\"og:description\" content=\"Shop | Kaptn Oskar | 2014 | Darling Berlin | DVD | FSK 12\" \/>\n<meta property=\"og:url\" content=\"https:\/\/ucm.one\/de\/produkt\/kaptn-oskar\/\" \/>\n<meta property=\"og:site_name\" content=\"UCM.ONE\" \/>\n<meta property=\"article:modified_time\" content=\"2023-07-28T16:34:56+00:00\" \/>\n<meta property=\"og:image\" content=\"https:\/\/ucm.one\/wp-content\/uploads\/2014\/12\/Kaptn_Oscar_frontcover_2d.jpg\" \/>\n<meta name=\"twitter:card\" content=\"summary_large_image\" \/>\n<meta name=\"twitter:title\" content=\"Kaptn Oskar\" \/>\n<meta name=\"twitter:description\" content=\"Shop | Kaptn Oskar | 2014 | Darling Berlin | DVD | FSK 12\" \/>\n<meta name=\"twitter:image\" content=\"https:\/\/ucm.one\/wp-content\/uploads\/2014\/12\/Kaptn_Oscar_frontcover_2d.jpg\" \/>\n<meta name=\"twitter:label1\" content=\"Gesch\u00e4tzte Lesezeit\" \/>\n\t<meta name=\"twitter:data1\" content=\"1\u00a0Minute\" \/>\n<!-- \/ Yoast SEO plugin. -->","yoast_head_json":{"title":"Kaptn Oskar","description":"Shop | Kaptn Oskar | 2014 | Darling Berlin | DVD | FSK 12","robots":{"index":"index","follow":"follow","max-snippet":"max-snippet:-1","max-image-preview":"max-image-preview:large","max-video-preview":"max-video-preview:-1"},"canonical":"https:\/\/ucm.one\/de\/produkt\/kaptn-oskar\/","og_locale":"de_DE","og_type":"article","og_title":"Kaptn Oskar","og_description":"Shop | Kaptn Oskar | 2014 | Darling Berlin | DVD | FSK 12","og_url":"https:\/\/ucm.one\/de\/produkt\/kaptn-oskar\/","og_site_name":"UCM.ONE","article_modified_time":"2023-07-28T16:34:56+00:00","og_image":[{"url":"https:\/\/ucm.one\/wp-content\/uploads\/2014\/12\/Kaptn_Oscar_frontcover_2d.jpg","type":"","width":"","height":""}],"twitter_card":"summary_large_image","twitter_title":"Kaptn Oskar","twitter_description":"Shop | Kaptn Oskar | 2014 | Darling Berlin | DVD | FSK 12","twitter_image":"https:\/\/ucm.one\/wp-content\/uploads\/2014\/12\/Kaptn_Oscar_frontcover_2d.jpg","twitter_misc":{"Gesch\u00e4tzte Lesezeit":"1\u00a0Minute"},"schema":{"@context":"https:\/\/schema.org","@graph":[{"@type":"WebPage","@id":"https:\/\/ucm.one\/de\/produkt\/kaptn-oskar\/","url":"https:\/\/ucm.one\/de\/produkt\/kaptn-oskar\/","name":"Kaptn Oskar","isPartOf":{"@id":"https:\/\/ucm.one\/de\/#website"},"primaryImageOfPage":{"@id":"https:\/\/ucm.one\/de\/produkt\/kaptn-oskar\/#primaryimage"},"image":{"@id":"https:\/\/ucm.one\/de\/produkt\/kaptn-oskar\/#primaryimage"},"thumbnailUrl":"https:\/\/ucm.one\/wp-content\/uploads\/2014\/12\/C-Kaptn-Oskar-FSK-12.jpg","datePublished":"2014-12-11T14:57:45+00:00","dateModified":"2023-07-28T16:34:56+00:00","description":"Shop | Kaptn Oskar | 2014 | Darling Berlin | DVD | FSK 12","breadcrumb":{"@id":"https:\/\/ucm.one\/de\/produkt\/kaptn-oskar\/#breadcrumb"},"inLanguage":"de","potentialAction":[{"@type":"ReadAction","target":["https:\/\/ucm.one\/de\/produkt\/kaptn-oskar\/"]}]},{"@type":"ImageObject","inLanguage":"de","@id":"https:\/\/ucm.one\/de\/produkt\/kaptn-oskar\/#primaryimage","url":"https:\/\/ucm.one\/wp-content\/uploads\/2014\/12\/C-Kaptn-Oskar-FSK-12.jpg","contentUrl":"https:\/\/ucm.one\/wp-content\/uploads\/2014\/12\/C-Kaptn-Oskar-FSK-12.jpg","width":697,"height":1000},{"@type":"BreadcrumbList","@id":"https:\/\/ucm.one\/de\/produkt\/kaptn-oskar\/#breadcrumb","itemListElement":[{"@type":"ListItem","position":1,"name":"Home","item":"https:\/\/ucm.one\/de\/"},{"@type":"ListItem","position":2,"name":"Shop","item":"https:\/\/ucm.one\/de\/shop\/"},{"@type":"ListItem","position":3,"name":"Kaptn Oskar"}]},{"@type":"WebSite","@id":"https:\/\/ucm.one\/de\/#website","url":"https:\/\/ucm.one\/de\/","name":"UCM.ONE","description":"","publisher":{"@id":"https:\/\/ucm.one\/de\/#organization"},"potentialAction":[{"@type":"SearchAction","target":{"@type":"EntryPoint","urlTemplate":"https:\/\/ucm.one\/de\/?s={search_term_string}"},"query-input":{"@type":"PropertyValueSpecification","valueRequired":true,"valueName":"search_term_string"}}],"inLanguage":"de"},{"@type":"Organization","@id":"https:\/\/ucm.one\/de\/#organization","name":"UCM.ONE","url":"https:\/\/ucm.one\/de\/","logo":{"@type":"ImageObject","inLanguage":"de","@id":"https:\/\/ucm.one\/de\/#\/schema\/logo\/image\/","url":"https:\/\/ucm.one\/wp-content\/uploads\/2019\/10\/UCM.ONE-Logo-RGB.svg","contentUrl":"https:\/\/ucm.one\/wp-content\/uploads\/2019\/10\/UCM.ONE-Logo-RGB.svg","width":1,"height":1,"caption":"UCM.ONE"},"image":{"@id":"https:\/\/ucm.one\/de\/#\/schema\/logo\/image\/"}}]}},"_links":{"self":[{"href":"https:\/\/ucm.one\/de\/wp-json\/wp\/v2\/product\/69220","targetHints":{"allow":["GET"]}}],"collection":[{"href":"https:\/\/ucm.one\/de\/wp-json\/wp\/v2\/product"}],"about":[{"href":"https:\/\/ucm.one\/de\/wp-json\/wp\/v2\/types\/product"}],"replies":[{"embeddable":true,"href":"https:\/\/ucm.one\/de\/wp-json\/wp\/v2\/comments?post=69220"}],"wp:featuredmedia":[{"embeddable":true,"href":"https:\/\/ucm.one\/de\/wp-json\/wp\/v2\/media\/69445"}],"wp:attachment":[{"href":"https:\/\/ucm.one\/de\/wp-json\/wp\/v2\/media?parent=69220"}],"wp:term":[{"taxonomy":"product_brand","embeddable":true,"href":"https:\/\/ucm.one\/de\/wp-json\/wp\/v2\/product_brand?post=69220"},{"taxonomy":"product_cat","embeddable":true,"href":"https:\/\/ucm.one\/de\/wp-json\/wp\/v2\/product_cat?post=69220"},{"taxonomy":"product_tag","embeddable":true,"href":"https:\/\/ucm.one\/de\/wp-json\/wp\/v2\/product_tag?post=69220"}],"curies":[{"name":"wp","href":"https:\/\/api.w.org\/{rel}","templated":true}]}}