{"id":69162,"date":"2022-05-22T01:20:19","date_gmt":"2022-05-22T01:20:19","guid":{"rendered":"https:\/\/ucm.one\/?post_type=product&#038;p=69162"},"modified":"2026-02-24T18:56:50","modified_gmt":"2026-02-24T18:56:50","slug":"trio-infernal","status":"publish","type":"product","link":"https:\/\/ucm.one\/de\/produkt\/trio-infernal\/","title":{"rendered":"Trio Infernal"},"content":{"rendered":"<div class=\"wpb_text_column wpb_content_element \">\n<div class=\"wpb_wrapper\">\n<div class=\"\">\n<div class=\"wpb_text_column wpb_content_element \">\n<div class=\"wpb_wrapper\">\n<p style=\"font-weight: 400;\">Marseille 1931: Philomene Schmidt (<strong>Romy Schneider<\/strong>), eine bildsch\u00f6ne junge Deutsche, die als Pflegerin einer Greisin arbeitet, steht nach deren Tod auf der Stra\u00dfe. Als jedoch der selbstverliebte und extrem skrupellose Anwalt Georges Sarret (<strong>Michel Piccoli<\/strong>) in das Leben von Philomene und ihrer Schwester Catherine (<strong>Mascha Gonska<\/strong>) tritt, wird alles anders. Die jungen Frauen werden nicht nur Sarrets Geliebte, sondern auch seine Komplizinnen bei zahlreichen Versicherungsbetr\u00fcgereien. Er vermittelt den beiden wohlhabende \u00e4ltere M\u00e4nner, die schon bald nach der Hochzeit spurlos verschwinden oder pl\u00f6tzlich zu Tode kommen. Das \u201eTrio Infernal\u201c kassiert sodann die hohen Versicherungssummen, die ihre Opfer zuvor noch f\u00fcr ihren Todesfall mit ihren Ehefrauen als Beg\u00fcnstigte abgeschlossen haben\u2026<\/p>\n<p style=\"font-weight: 400;\">\u201e<strong>Trio Infernal<\/strong>\u201c schildert die bizarre Geschichte eines m\u00f6rderischen Terzetts, glanzvoll besetzt mit <strong>Michel Piccoli<\/strong>, <strong>Romy Schneider<\/strong> und Mascha Gonska.\u00a0In diesem Film beweist <strong>Romy Schneider<\/strong> einmal mehr, warum sie ihr fr\u00fcherer Filmpartner <strong>Jean-Louis Trintignant<\/strong> \u201e<em>die erotischste Frau, die ich kenne&#8220;<\/em> nannte.\u00a0<span style=\"font-weight: 400;\">Sie gibt sich verwerflich und unwiderstehlich zugleich. <\/span><\/p>\n<\/div>\n<\/div>\n<\/div>\n<\/div>\n<\/div>\n<div><div class=\"gap\" style=\"line-height: 20px; height: 20px;\"><\/div><\/div>\n<h5>Weitere Informationen<\/h5>\n<div>\n<div>\n<table style=\"height: 46px; width: 100%; border-collapse: collapse; border-color: #ffffff; background-color: #ffffff; border-style: hidden;\">\n<tbody>\n<tr style=\"height: 23px; border-style: hidden; border-color: #ffffff; background-color: #ffffff;\">\n<td style=\"width: 4.701195219123506%; height: 23px; border-style: hidden;\">Film:<\/td>\n<td style=\"width: 95.29880478087651%; height: 23px; border-style: hidden;\"><a title=\"Trio Infernal\" href=\"https:\/\/ucm.one\/de\/trio-infernal\">Trio Infernal<\/a><\/td>\n<\/tr>\n<tr style=\"height: 23px;\">\n<td style=\"width: 4.701195219123506%; height: 23px; border-style: hidden;\">Label:<\/td>\n<td style=\"width: 95.29880478087651%; height: 23px; border-style: hidden;\"><a title=\"\u00c9dition ParaSol Videoth\u00e8que\" href=\"https:\/\/ucm.one\/de\/film-labels\/artkeim\/#edition-parasol-videotheque\">\u00c9dition ParaSol Videoth\u00e8que<\/a> \/ <a title=\"B-Spree Classics\" href=\"https:\/\/ucm.one\/de\/film-labels\/artkeim\/\">Artkeim\u00b2<\/a><\/td>\n<\/tr>\n<\/tbody>\n<\/table>\n<\/div>\n<div><\/div>\n<\/div>\n<div>\n<div><div class=\"gap\" style=\"line-height: 10px; height: 10px;\"><\/div><\/div>\n<div>\u2117 1974\u00a0<strong>Belstar Productions<\/strong>, <strong>Film 66 &#8211; Fox Europe Paris<\/strong>, <strong>Lira Films<\/strong>, <strong>Oceania Produzioni Internazionali Cinematografiche<\/strong>, <strong>T.I.T. Filmproduktion<\/strong>,\u00a0\u00a9 2022 <strong>Edition ParaSol Videoth\u00e8que<\/strong>\u00a0\/ <strong>Artkeim\u00b2<\/strong> \/\u00a0<span style=\"font-family: 'arial black', sans-serif;\"><strong>UCM.ONE <\/strong><span style=\"font-family: arial, helvetica, sans-serif;\">in Kooperation mit <strong>moviemax<\/strong><\/span><\/span><\/div>\n<div><div class=\"gap\" style=\"line-height: 20px; height: 20px;\"><\/div><\/div>\n<div>\n<div><\/div>\n<div>\n<div><div class=\"gap\" style=\"line-height: 10px; height: 10px;\"><\/div><\/div>\n<div><span style=\"color: #003a80;\"><strong>\u27a0 <a style=\"color: #003a80;\" href=\"https:\/\/ucm.one\/de\/produkt-kategorie\/art-de\/filme-de\/\">zum Shop<\/a><\/strong><\/span><\/div>\n<div><div class=\"gap\" style=\"line-height: 20px; height: 20px;\"><\/div><\/div>\n<\/div>\n<\/div>\n<\/div>\n","protected":false},"excerpt":{"rendered":"<p>Regie: <a title=\"\" href=\"https:\/\/ucm.one\/de\/?s=%22Francis+Girod%22&amp;post_type=product\"><strong>Francis Girod<\/strong><\/a><\/p>\n<p>Label: <strong><a title=\"\" href=\"https:\/\/ucm.one\/de\/produkt-kategorie\/label-film-de\/artkeim-de\/edition-parasol-videotheque-de\/\">\u00c9dition ParaSol Videoth\u00e8que\u00a0<\/a>\/ <a href=\"https:\/\/ucm.one\/de\/produkt-kategorie\/label-film-de\/artkeim-de\/\">Artkeim\u00b2<\/a><\/strong><\/p>\n<p>Art:\u00a0<strong><a href=\"https:\/\/ucm.one\/de\/produkt-kategorie\/art-de\/filme-de\/\">Film<\/a> (<a title=\"\" href=\"https:\/\/ucm.one\/de\/produkt-kategorie\/genre-film-de\/klassiker-de\/\">Klassiker<\/a>)<\/strong><\/p>\n<p>Genres:\u00a0<b><a title=\"\" href=\"https:\/\/ucm.one\/de\/produkt-kategorie\/genre-film-de\/komoedie-de\/\">Kom\u00f6die<\/a>, <a title=\"Krimi\" href=\"https:\/\/ucm.one\/de\/produkt-kategorie\/genre-film-de\/krimi-de\/\">Krimi<\/a>, <a title=\"Horror\" href=\"https:\/\/ucm.one\/de\/produkt-kategorie\/genre-film-de\/horror-de\/\">Horror<\/a><\/b><\/p>\n<p>Jahr: <strong>1974<\/strong><\/p>\n<p>FSK: <strong>18<\/strong><\/p>\n<p>Formate: <strong>Diverse<\/strong><\/p>\n","protected":false},"featured_media":69171,"comment_status":"open","ping_status":"closed","template":"","meta":{"_acf_changed":false},"product_brand":[],"product_cat":[12093,10327,10331,10332,10333,10335,10338,10344,9708,10356],"product_tag":[12499,12286,12500,12287,12501,12288,12502,12289,12503,12290,12504,12291,12505,12495,12496,12497,12498],"class_list":{"0":"post-69162","1":"product","2":"type-product","3":"status-publish","4":"has-post-thumbnail","6":"product_cat-klassiker-de","7":"product_cat-horror-de","8":"product_cat-dvd-de","9":"product_cat-blu-ray-de","10":"product_cat-mediabooks-de","11":"product_cat-krimi-de","12":"product_cat-artkeim-de","13":"product_cat-edition-parasol-videotheque-de","14":"product_cat-filme-de","15":"product_cat-komoedie-de","16":"product_tag-mascha-gonska","17":"product_tag-nachtblende","18":"product_tag-artheim","19":"product_tag-romy-schneider","20":"product_tag-edition-parasol-videotheque","21":"product_tag-limportant-cest-daimer","22":"product_tag-michel-piccoli","23":"product_tag-fabio-testi","24":"product_tag-andrea-ferreol","25":"product_tag-jacques-dutronc","26":"product_tag-ennio-morricone","27":"product_tag-andrzej-zulawski","28":"product_tag-philippe-brizard","29":"product_tag-trio-infernal","30":"product_tag-le-trio-infernal","31":"product_tag-francis-girod","32":"product_tag-wolfdieter-von-stein","33":"product_shipping_class-bd-2","34":"pa_format-blu-ray-de","35":"pa_format-mediabook-blu-ray-dvd","36":"pa_format-dvd","37":"description-off","39":"first","40":"instock","41":"taxable","42":"shipping-taxable","43":"purchasable","44":"product-type-variable"},"acf":[],"yoast_head":"<!-- This site is optimized with the Yoast SEO plugin v27.2 - https:\/\/yoast.com\/product\/yoast-seo-wordpress\/ -->\n<title>Trio Infernal<\/title>\n<meta name=\"description\" content=\"Shop | Trio Infernal | 2022 | Edition ParaSol Videoth\u00e8que \/ Artkeim\u00b2 | Limitiertes Mediabook, Blu-Ray, DVD | FSK 18\" \/>\n<meta name=\"robots\" content=\"index, follow, max-snippet:-1, max-image-preview:large, max-video-preview:-1\" \/>\n<link rel=\"canonical\" href=\"https:\/\/ucm.one\/de\/produkt\/trio-infernal\/\" \/>\n<meta property=\"og:locale\" content=\"de_DE\" \/>\n<meta property=\"og:type\" content=\"article\" \/>\n<meta property=\"og:title\" content=\"Trio Infernal\" \/>\n<meta property=\"og:description\" content=\"Shop | Trio Infernal | 2022 | Edition ParaSol Videoth\u00e8que \/ Artkeim\u00b2 | Limitiertes Mediabook, Blu-Ray, DVD | FSK 18\" \/>\n<meta property=\"og:url\" content=\"https:\/\/ucm.one\/de\/produkt\/trio-infernal\/\" \/>\n<meta property=\"og:site_name\" content=\"UCM.ONE\" \/>\n<meta property=\"article:modified_time\" content=\"2026-02-24T18:56:50+00:00\" \/>\n<meta property=\"og:image\" content=\"https:\/\/ucm.one\/wp-content\/uploads\/2022\/05\/C-Trio-Infernal-MBFSK18.png\" \/>\n<meta name=\"twitter:card\" content=\"summary_large_image\" \/>\n<meta name=\"twitter:title\" content=\"Trio Infernal\" \/>\n<meta name=\"twitter:description\" content=\"Shop | Trio Infernal | 2022 | Edition ParaSol Videoth\u00e8que \/ Artkeim\u00b2 | Limitiertes Mediabook, Blu-Ray, DVD | FSK 18\" \/>\n<meta name=\"twitter:image\" content=\"https:\/\/ucm.one\/wp-content\/uploads\/2022\/05\/C-Trio-Infernal-MBFSK18.png\" \/>\n<meta name=\"twitter:label1\" content=\"Gesch\u00e4tzte Lesezeit\" \/>\n\t<meta name=\"twitter:data1\" content=\"1\u00a0Minute\" \/>\n<!-- \/ Yoast SEO plugin. -->","yoast_head_json":{"title":"Trio Infernal","description":"Shop | Trio Infernal | 2022 | Edition ParaSol Videoth\u00e8que \/ Artkeim\u00b2 | Limitiertes Mediabook, Blu-Ray, DVD | FSK 18","robots":{"index":"index","follow":"follow","max-snippet":"max-snippet:-1","max-image-preview":"max-image-preview:large","max-video-preview":"max-video-preview:-1"},"canonical":"https:\/\/ucm.one\/de\/produkt\/trio-infernal\/","og_locale":"de_DE","og_type":"article","og_title":"Trio Infernal","og_description":"Shop | Trio Infernal | 2022 | Edition ParaSol Videoth\u00e8que \/ Artkeim\u00b2 | Limitiertes Mediabook, Blu-Ray, DVD | FSK 18","og_url":"https:\/\/ucm.one\/de\/produkt\/trio-infernal\/","og_site_name":"UCM.ONE","article_modified_time":"2026-02-24T18:56:50+00:00","og_image":[{"url":"https:\/\/ucm.one\/wp-content\/uploads\/2022\/05\/C-Trio-Infernal-MBFSK18.png","type":"","width":"","height":""}],"twitter_card":"summary_large_image","twitter_title":"Trio Infernal","twitter_description":"Shop | Trio Infernal | 2022 | Edition ParaSol Videoth\u00e8que \/ Artkeim\u00b2 | Limitiertes Mediabook, Blu-Ray, DVD | FSK 18","twitter_image":"https:\/\/ucm.one\/wp-content\/uploads\/2022\/05\/C-Trio-Infernal-MBFSK18.png","twitter_misc":{"Gesch\u00e4tzte Lesezeit":"1\u00a0Minute"},"schema":{"@context":"https:\/\/schema.org","@graph":[{"@type":"WebPage","@id":"https:\/\/ucm.one\/de\/produkt\/trio-infernal\/","url":"https:\/\/ucm.one\/de\/produkt\/trio-infernal\/","name":"Trio Infernal","isPartOf":{"@id":"https:\/\/ucm.one\/de\/#website"},"primaryImageOfPage":{"@id":"https:\/\/ucm.one\/de\/produkt\/trio-infernal\/#primaryimage"},"image":{"@id":"https:\/\/ucm.one\/de\/produkt\/trio-infernal\/#primaryimage"},"thumbnailUrl":"https:\/\/ucm.one\/wp-content\/uploads\/2022\/05\/C-Romy-Schneider-MB-FSK18.jpg","datePublished":"2022-05-22T01:20:19+00:00","dateModified":"2026-02-24T18:56:50+00:00","description":"Shop | Trio Infernal | 2022 | Edition ParaSol Videoth\u00e8que \/ Artkeim\u00b2 | Limitiertes Mediabook, Blu-Ray, DVD | FSK 18","breadcrumb":{"@id":"https:\/\/ucm.one\/de\/produkt\/trio-infernal\/#breadcrumb"},"inLanguage":"de","potentialAction":[{"@type":"ReadAction","target":["https:\/\/ucm.one\/de\/produkt\/trio-infernal\/"]}]},{"@type":"ImageObject","inLanguage":"de","@id":"https:\/\/ucm.one\/de\/produkt\/trio-infernal\/#primaryimage","url":"https:\/\/ucm.one\/wp-content\/uploads\/2022\/05\/C-Romy-Schneider-MB-FSK18.jpg","contentUrl":"https:\/\/ucm.one\/wp-content\/uploads\/2022\/05\/C-Romy-Schneider-MB-FSK18.jpg","width":699,"height":1000},{"@type":"BreadcrumbList","@id":"https:\/\/ucm.one\/de\/produkt\/trio-infernal\/#breadcrumb","itemListElement":[{"@type":"ListItem","position":1,"name":"Home","item":"https:\/\/ucm.one\/de\/"},{"@type":"ListItem","position":2,"name":"Shop","item":"https:\/\/ucm.one\/de\/shop\/"},{"@type":"ListItem","position":3,"name":"Trio Infernal"}]},{"@type":"WebSite","@id":"https:\/\/ucm.one\/de\/#website","url":"https:\/\/ucm.one\/de\/","name":"UCM.ONE","description":"","publisher":{"@id":"https:\/\/ucm.one\/de\/#organization"},"potentialAction":[{"@type":"SearchAction","target":{"@type":"EntryPoint","urlTemplate":"https:\/\/ucm.one\/de\/?s={search_term_string}"},"query-input":{"@type":"PropertyValueSpecification","valueRequired":true,"valueName":"search_term_string"}}],"inLanguage":"de"},{"@type":"Organization","@id":"https:\/\/ucm.one\/de\/#organization","name":"UCM.ONE","url":"https:\/\/ucm.one\/de\/","logo":{"@type":"ImageObject","inLanguage":"de","@id":"https:\/\/ucm.one\/de\/#\/schema\/logo\/image\/","url":"https:\/\/ucm.one\/wp-content\/uploads\/2019\/10\/UCM.ONE-Logo-RGB.svg","contentUrl":"https:\/\/ucm.one\/wp-content\/uploads\/2019\/10\/UCM.ONE-Logo-RGB.svg","width":1,"height":1,"caption":"UCM.ONE"},"image":{"@id":"https:\/\/ucm.one\/de\/#\/schema\/logo\/image\/"}}]}},"_links":{"self":[{"href":"https:\/\/ucm.one\/de\/wp-json\/wp\/v2\/product\/69162","targetHints":{"allow":["GET"]}}],"collection":[{"href":"https:\/\/ucm.one\/de\/wp-json\/wp\/v2\/product"}],"about":[{"href":"https:\/\/ucm.one\/de\/wp-json\/wp\/v2\/types\/product"}],"replies":[{"embeddable":true,"href":"https:\/\/ucm.one\/de\/wp-json\/wp\/v2\/comments?post=69162"}],"wp:featuredmedia":[{"embeddable":true,"href":"https:\/\/ucm.one\/de\/wp-json\/wp\/v2\/media\/69171"}],"wp:attachment":[{"href":"https:\/\/ucm.one\/de\/wp-json\/wp\/v2\/media?parent=69162"}],"wp:term":[{"taxonomy":"product_brand","embeddable":true,"href":"https:\/\/ucm.one\/de\/wp-json\/wp\/v2\/product_brand?post=69162"},{"taxonomy":"product_cat","embeddable":true,"href":"https:\/\/ucm.one\/de\/wp-json\/wp\/v2\/product_cat?post=69162"},{"taxonomy":"product_tag","embeddable":true,"href":"https:\/\/ucm.one\/de\/wp-json\/wp\/v2\/product_tag?post=69162"}],"curies":[{"name":"wp","href":"https:\/\/api.w.org\/{rel}","templated":true}]}}