{"id":68703,"date":"2014-10-31T08:54:48","date_gmt":"2014-10-31T08:54:48","guid":{"rendered":"https:\/\/ucm.one\/?post_type=product&#038;p=68703"},"modified":"2023-07-31T16:05:28","modified_gmt":"2023-07-31T16:05:28","slug":"love-steaks","status":"publish","type":"product","link":"https:\/\/ucm.one\/de\/produkt\/love-steaks\/","title":{"rendered":"Love Steaks"},"content":{"rendered":"<div class=\"wpb_text_column wpb_content_element \">\n<div class=\"wpb_wrapper\">\n<div class=\"\">\n<div class=\"wpb_text_column wpb_content_element \">\n<div class=\"wpb_wrapper\">\n<div class=\"wpb_text_column wpb_content_element \">\n<div class=\"wpb_wrapper\">\n<p>Ein Luxushotel. Steaks werden gebrutzelt. Speckr\u00f6llchen massiert. Clemens (zart) kommt als Frischling in den Wellnessbereich. Lara (gut durch) muss sich im K\u00fcchenrudel behaupten. Der Fahrstuhl bringt die beiden zusammen. Sie reiben sich aneinander, bis es knallt.<\/p>\n<p>Clemens (<strong>Franz Rogowski<\/strong>) ist sch\u00fcchtern, h\u00f6flich und gerade mit seiner Ausbildung zum Masseur fertig. Bei seinem ersten Job im Spa eines Luxushotels an der Ostsee prallt er im Fahrstuhl auf die schlagfertige Lara (<strong>Lana Cooper<\/strong>), die ihn zun\u00e4chst \u00fcberhaupt nicht riechen kann. Ihren harten Alltag als Azubine in der Hotelk\u00fcche gestaltet sie nach eigenen Regeln. Sie massiert Steaks und will Spa\u00df. Er massiert Speckr\u00f6llchen und liebt Ruhe. Bei ihren verr\u00fcckten Aktionen macht er nicht mit. Doch dann knallt\u2019s heftig zwischen diesem ungleichen Paar, sie verlieben sich mit Haut und Haaren, hemmungslos, wild entschlossen, einen Platz im Leben des anderen zu finden. Auch wenn das hei\u00dft, den Gegensatz bis auf\u2019s Blut zu reizen, um ihn weich zu kneten \u2013 bis die Sache aus dem Ruder zu laufen droht und beide eine Entscheidung treffen m\u00fcssen \u2026<\/p>\n<\/div>\n<\/div>\n<\/div>\n<\/div>\n<\/div>\n<\/div>\n<\/div>\n<div><div class=\"gap\" style=\"line-height: 20px; height: 20px;\"><\/div><\/div>\n<h5>Weitere Informationen<\/h5>\n<div>\n<div>\n<table style=\"height: 46px; width: 100%; border-collapse: collapse; border-color: #ffffff; background-color: #ffffff; border-style: hidden;\">\n<tbody>\n<tr style=\"height: 23px; border-style: hidden; border-color: #ffffff; background-color: #ffffff;\">\n<td style=\"width: 4.701195219123506%; height: 23px; border-style: hidden;\">Film:<\/td>\n<td style=\"width: 95.29880478087651%; height: 23px; border-style: hidden;\"><a title=\"Love Steaks\" href=\"https:\/\/ucm.one\/de\/?s=love+steaks%22&amp;lang=de\">Love Steaks<\/a><\/td>\n<\/tr>\n<tr style=\"height: 23px;\">\n<td style=\"width: 4.701195219123506%; height: 23px; border-style: hidden;\">Label:<\/td>\n<td style=\"width: 95.29880478087651%; height: 23px; border-style: hidden;\"><a title=\"Darling Berlin\" href=\"https:\/\/ucm.one\/de\/film-labels\/darling-berlin\/\">Darling Berlin<\/a><\/td>\n<\/tr>\n<\/tbody>\n<\/table>\n<\/div>\n<div><\/div>\n<\/div>\n<div>\n<div><div class=\"gap\" style=\"line-height: 10px; height: 10px;\"><\/div><\/div>\n<div>\u2117 2013\u00a0<strong>Fogma<\/strong>, <strong>Filmuniversit\u00e4t Babelsberg &#8211; Konrad Wolf<\/strong>, <span style=\"font-family: 'arial black', sans-serif;\"><span style=\"font-family: arial, helvetica, sans-serif;\">\u00a9 2017\u00a0<strong>Darling Berlin \/ <span style=\"font-family: 'arial black', sans-serif;\">UCM.ONE<\/span><\/strong><\/span><\/span><\/div>\n<div><div class=\"gap\" style=\"line-height: 20px; height: 20px;\"><\/div><\/div>\n<\/div>\n<div>\n<div><\/div>\n<div>\n<div><div class=\"gap\" style=\"line-height: 10px; height: 10px;\"><\/div><\/div>\n<div><span style=\"color: #003a80;\"><strong>\u27a0 <a style=\"color: #003a80;\" href=\"https:\/\/ucm.one\/de\/produkt-kategorie\/art-de\/filme-de\/\">zum Shop<\/a><\/strong><\/span><\/div>\n<div><div class=\"gap\" style=\"line-height: 20px; height: 20px;\"><\/div><\/div>\n<\/div>\n<\/div>\n","protected":false},"excerpt":{"rendered":"<p>Regie: <strong><a title=\"Jakob Lass\" href=\"https:\/\/ucm.one\/de\/?s=%22Jakob+Lass%22&amp;post_type=product\">Jakob Lass<\/a><\/strong><\/p>\n<p>Label:\u00a0<a title=\"\" href=\"https:\/\/ucm.one\/de\/produkt-kategorie\/label-film-de\/darling-berlin-de\/\"><strong>Darling Berlin<\/strong><\/a><\/p>\n<p>Art:\u00a0<strong><a href=\"https:\/\/ucm.one\/de\/produkt-kategorie\/art-de\/filme-de\/\">Film<\/a> (Spielfilm)<\/strong><\/p>\n<p>Genres:\u00a0<b><a href=\"https:\/\/ucm.one\/de\/produkt-kategorie\/genre-film-de\/drama-de\/\">Drama<\/a>, <a href=\"https:\/\/ucm.one\/de\/produkt-kategorie\/genre-film-de\/komoedie-de\/\">Kom\u00f6die<\/a><\/b><\/p>\n<p>Jahr: <strong>2013<\/strong><\/p>\n<p>FSK: <strong>12<\/strong><\/p>\n<p>Format: <strong>DVD<\/strong><\/p>\n","protected":false},"featured_media":68847,"comment_status":"open","ping_status":"closed","template":"","meta":{"_acf_changed":false},"product_brand":[],"product_cat":[13156,9708,10331,10334,10339,10356],"product_tag":[12470,10960,12471,12461,12472,12462,12473,12463,12474,12464,12475,12465,12476,12466,12477,12467,12478,12468,12479,12469,12480],"class_list":{"0":"post-68703","1":"product","2":"type-product","3":"status-publish","4":"has-post-thumbnail","6":"product_cat-arthouse-de","7":"product_cat-filme-de","8":"product_cat-dvd-de","9":"product_cat-drama-de","10":"product_cat-darling-berlin-de","11":"product_cat-komoedie-de","12":"product_tag-golo-schultz","13":"product_tag-berlin","14":"product_tag-ines-schiller","15":"product_tag-ahrenshoop","16":"product_tag-jakob-lass","17":"product_tag-cinema","18":"product_tag-kerstin-abendroth","19":"product_tag-daniel-alznauer","20":"product_tag-lana-cooper","21":"product_tag-darling-berlin","22":"product_tag-lass-bros","23":"product_tag-eric-popp","24":"product_tag-love-steaks","25":"product_tag-filmfest-muenchen","26":"product_tag-mamako-entertainment","27":"product_tag-filmuniversitaet-babelsberg-konrad-wolf","28":"product_tag-max-ophuels-preis","29":"product_tag-fogma","30":"product_tag-ostsee","31":"product_tag-franz-rogowski","32":"product_tag-ralf-winter","33":"pa_format-blu-ray-de","34":"pa_format-dvd","35":"description-off","37":"first","38":"instock","39":"taxable","40":"shipping-taxable","41":"purchasable","42":"product-type-variable","43":"has-default-attributes"},"acf":[],"yoast_head":"<!-- This site is optimized with the Yoast SEO plugin v27.2 - https:\/\/yoast.com\/product\/yoast-seo-wordpress\/ -->\n<title>Love Steaks<\/title>\n<meta name=\"description\" content=\"Shop | Love Steaks | 2014 | Darling Berlin | DVD | FSK 12\" \/>\n<meta name=\"robots\" content=\"index, follow, max-snippet:-1, max-image-preview:large, max-video-preview:-1\" \/>\n<link rel=\"canonical\" href=\"https:\/\/ucm.one\/de\/produkt\/love-steaks\/\" \/>\n<meta property=\"og:locale\" content=\"de_DE\" \/>\n<meta property=\"og:type\" content=\"article\" \/>\n<meta property=\"og:title\" content=\"Love Steaks\" \/>\n<meta property=\"og:description\" content=\"Shop | Love Steaks | 2014 | Darling Berlin | Blu-Ray, DVD | FSK 12\" \/>\n<meta property=\"og:url\" content=\"https:\/\/ucm.one\/de\/produkt\/love-steaks\/\" \/>\n<meta property=\"og:site_name\" content=\"UCM.ONE\" \/>\n<meta property=\"article:modified_time\" content=\"2023-07-31T16:05:28+00:00\" \/>\n<meta property=\"og:image\" content=\"https:\/\/ucm.one\/wp-content\/uploads\/2022\/05\/lovesteaks_frontcover_mitfsk_2d.jpg\" \/>\n<meta name=\"twitter:card\" content=\"summary_large_image\" \/>\n<meta name=\"twitter:title\" content=\"Love Steaks\" \/>\n<meta name=\"twitter:description\" content=\"Shop | Love Steaks | 2014 | Darling Berlin | Blu-Ray, DVD | FSK 12\" \/>\n<meta name=\"twitter:image\" content=\"https:\/\/ucm.one\/wp-content\/uploads\/2022\/05\/lovesteaks_frontcover_mitfsk_2d.jpg\" \/>\n<meta name=\"twitter:label1\" content=\"Gesch\u00e4tzte Lesezeit\" \/>\n\t<meta name=\"twitter:data1\" content=\"1\u00a0Minute\" \/>\n<!-- \/ Yoast SEO plugin. -->","yoast_head_json":{"title":"Love Steaks","description":"Shop | Love Steaks | 2014 | Darling Berlin | DVD | FSK 12","robots":{"index":"index","follow":"follow","max-snippet":"max-snippet:-1","max-image-preview":"max-image-preview:large","max-video-preview":"max-video-preview:-1"},"canonical":"https:\/\/ucm.one\/de\/produkt\/love-steaks\/","og_locale":"de_DE","og_type":"article","og_title":"Love Steaks","og_description":"Shop | Love Steaks | 2014 | Darling Berlin | Blu-Ray, DVD | FSK 12","og_url":"https:\/\/ucm.one\/de\/produkt\/love-steaks\/","og_site_name":"UCM.ONE","article_modified_time":"2023-07-31T16:05:28+00:00","og_image":[{"url":"https:\/\/ucm.one\/wp-content\/uploads\/2022\/05\/lovesteaks_frontcover_mitfsk_2d.jpg","type":"","width":"","height":""}],"twitter_card":"summary_large_image","twitter_title":"Love Steaks","twitter_description":"Shop | Love Steaks | 2014 | Darling Berlin | Blu-Ray, DVD | FSK 12","twitter_image":"https:\/\/ucm.one\/wp-content\/uploads\/2022\/05\/lovesteaks_frontcover_mitfsk_2d.jpg","twitter_misc":{"Gesch\u00e4tzte Lesezeit":"1\u00a0Minute"},"schema":{"@context":"https:\/\/schema.org","@graph":[{"@type":"WebPage","@id":"https:\/\/ucm.one\/de\/produkt\/love-steaks\/","url":"https:\/\/ucm.one\/de\/produkt\/love-steaks\/","name":"Love Steaks","isPartOf":{"@id":"https:\/\/ucm.one\/de\/#website"},"primaryImageOfPage":{"@id":"https:\/\/ucm.one\/de\/produkt\/love-steaks\/#primaryimage"},"image":{"@id":"https:\/\/ucm.one\/de\/produkt\/love-steaks\/#primaryimage"},"thumbnailUrl":"https:\/\/ucm.one\/wp-content\/uploads\/2014\/10\/C-Love-Steaks-mit-FSK.jpg","datePublished":"2014-10-31T08:54:48+00:00","dateModified":"2023-07-31T16:05:28+00:00","description":"Shop | Love Steaks | 2014 | Darling Berlin | DVD | FSK 12","breadcrumb":{"@id":"https:\/\/ucm.one\/de\/produkt\/love-steaks\/#breadcrumb"},"inLanguage":"de","potentialAction":[{"@type":"ReadAction","target":["https:\/\/ucm.one\/de\/produkt\/love-steaks\/"]}]},{"@type":"ImageObject","inLanguage":"de","@id":"https:\/\/ucm.one\/de\/produkt\/love-steaks\/#primaryimage","url":"https:\/\/ucm.one\/wp-content\/uploads\/2014\/10\/C-Love-Steaks-mit-FSK.jpg","contentUrl":"https:\/\/ucm.one\/wp-content\/uploads\/2014\/10\/C-Love-Steaks-mit-FSK.jpg","width":699,"height":1000},{"@type":"BreadcrumbList","@id":"https:\/\/ucm.one\/de\/produkt\/love-steaks\/#breadcrumb","itemListElement":[{"@type":"ListItem","position":1,"name":"Home","item":"https:\/\/ucm.one\/de\/"},{"@type":"ListItem","position":2,"name":"Shop","item":"https:\/\/ucm.one\/de\/shop\/"},{"@type":"ListItem","position":3,"name":"Love Steaks"}]},{"@type":"WebSite","@id":"https:\/\/ucm.one\/de\/#website","url":"https:\/\/ucm.one\/de\/","name":"UCM.ONE","description":"","publisher":{"@id":"https:\/\/ucm.one\/de\/#organization"},"potentialAction":[{"@type":"SearchAction","target":{"@type":"EntryPoint","urlTemplate":"https:\/\/ucm.one\/de\/?s={search_term_string}"},"query-input":{"@type":"PropertyValueSpecification","valueRequired":true,"valueName":"search_term_string"}}],"inLanguage":"de"},{"@type":"Organization","@id":"https:\/\/ucm.one\/de\/#organization","name":"UCM.ONE","url":"https:\/\/ucm.one\/de\/","logo":{"@type":"ImageObject","inLanguage":"de","@id":"https:\/\/ucm.one\/de\/#\/schema\/logo\/image\/","url":"https:\/\/ucm.one\/wp-content\/uploads\/2019\/10\/UCM.ONE-Logo-RGB.svg","contentUrl":"https:\/\/ucm.one\/wp-content\/uploads\/2019\/10\/UCM.ONE-Logo-RGB.svg","width":1,"height":1,"caption":"UCM.ONE"},"image":{"@id":"https:\/\/ucm.one\/de\/#\/schema\/logo\/image\/"}}]}},"_links":{"self":[{"href":"https:\/\/ucm.one\/de\/wp-json\/wp\/v2\/product\/68703","targetHints":{"allow":["GET"]}}],"collection":[{"href":"https:\/\/ucm.one\/de\/wp-json\/wp\/v2\/product"}],"about":[{"href":"https:\/\/ucm.one\/de\/wp-json\/wp\/v2\/types\/product"}],"replies":[{"embeddable":true,"href":"https:\/\/ucm.one\/de\/wp-json\/wp\/v2\/comments?post=68703"}],"wp:featuredmedia":[{"embeddable":true,"href":"https:\/\/ucm.one\/de\/wp-json\/wp\/v2\/media\/68847"}],"wp:attachment":[{"href":"https:\/\/ucm.one\/de\/wp-json\/wp\/v2\/media?parent=68703"}],"wp:term":[{"taxonomy":"product_brand","embeddable":true,"href":"https:\/\/ucm.one\/de\/wp-json\/wp\/v2\/product_brand?post=68703"},{"taxonomy":"product_cat","embeddable":true,"href":"https:\/\/ucm.one\/de\/wp-json\/wp\/v2\/product_cat?post=68703"},{"taxonomy":"product_tag","embeddable":true,"href":"https:\/\/ucm.one\/de\/wp-json\/wp\/v2\/product_tag?post=68703"}],"curies":[{"name":"wp","href":"https:\/\/api.w.org\/{rel}","templated":true}]}}