{"id":68094,"date":"2022-04-22T01:34:20","date_gmt":"2022-04-22T01:34:20","guid":{"rendered":"https:\/\/ucm.one\/?post_type=product&#038;p=68094"},"modified":"2023-07-20T11:24:44","modified_gmt":"2023-07-20T11:24:44","slug":"der-letzte-kampf","status":"publish","type":"product","link":"https:\/\/ucm.one\/de\/produkt\/der-letzte-kampf\/","title":{"rendered":"Der Letzte Kampf"},"content":{"rendered":"<div class=\"wpb_text_column wpb_content_element \">\n<div class=\"wpb_wrapper\">\n<div class=\"\">\n<div class=\"wpb_text_column wpb_content_element \">\n<div class=\"wpb_wrapper\">Irgendwann nach der atomaren Apokalypse: Die Erde ist ein w\u00fcster Tr\u00fcmmerhaufen, der nur noch \u00fcber geringe Ressourcen verf\u00fcgt. Die wenigen \u00fcberlebenden Menschen haben sich entweder in kleinen Gemeinschaften zusammengefunden oder ziehen als Einzelg\u00e4nger durch die Welt. Das Sprechen haben sie verlernt und Konflikte werden meist gewaltsam ausgetragen. .Es herrscht ein Kampf ums nackte \u00dcberleben. Ein Mann (<strong>Pierre Jolivet<\/strong>) flieht in seinem improvisierten Flugger\u00e4t vor einer brutalen Bande, nachdem er deren Anf\u00fchrer (<strong>Fritz Wepper<\/strong>) verletzt hat. Als er mit seinem Flugger\u00e4t abst\u00fcrzt, gew\u00e4hrt ihm unerwartet ein Arzt (<strong>Jean Bouise<\/strong>) Zuflucht. Doch auch hier ist der Mann nicht sicher, denn am Ende werden nur die St\u00e4rksten \u00fcberleben&#8230;<\/div>\n<\/div>\n<\/div>\n<\/div>\n<\/div>\n<div><\/div>\n<div><div class=\"gap\" style=\"line-height: 20px; height: 20px;\"><\/div><\/div>\n<h5>Weitere Informationen<\/h5>\n<div>\n<div>\n<table style=\"height: 46px; width: 100%; border-collapse: collapse; border-color: #ffffff; background-color: #ffffff; border-style: hidden;\">\n<tbody>\n<tr style=\"height: 23px; border-style: hidden; border-color: #ffffff; background-color: #ffffff;\">\n<td style=\"width: 4.701195219123506%; height: 23px; border-style: hidden;\">Film:<\/td>\n<td style=\"width: 95.29880478087651%; height: 23px; border-style: hidden;\"><a title=\"Der letzte Kampf (1983) von Luc Besson | B-Spree Classics\" href=\"https:\/\/ucm.one\/de\/der-letzte-kampf\/\">Der letzte Kampf<\/a><\/td>\n<\/tr>\n<tr style=\"height: 23px;\">\n<td style=\"width: 4.701195219123506%; height: 23px; border-style: hidden;\">Label:<\/td>\n<td style=\"width: 95.29880478087651%; height: 23px; border-style: hidden;\"><a title=\"B-Spree Classics\" href=\"https:\/\/ucm.one\/de\/film-labels\/b-spree-pictures\/#b-spree-classics\">B-Spree Classics<\/a><\/td>\n<\/tr>\n<\/tbody>\n<\/table>\n<\/div>\n<div><\/div>\n<\/div>\n<div>\n<div><div class=\"gap\" style=\"line-height: 10px; height: 10px;\"><\/div><\/div>\n<div>\u2117 1983\u00a0<strong>Gaumont<\/strong>, \u00a9 2022\u00a0<strong>B-Spree Classics<\/strong> \/ <span style=\"font-family: 'arial black', sans-serif;\"><strong>UCM.ONE<\/strong><\/span><\/div>\n<div><div class=\"gap\" style=\"line-height: 20px; height: 20px;\"><\/div><\/div>\n<div>\n<div><\/div>\n<div>\n<div><div class=\"gap\" style=\"line-height: 10px; height: 10px;\"><\/div><\/div>\n<div><span style=\"color: #003a80;\"><strong>\u27a0 <a style=\"color: #003a80;\" href=\"https:\/\/ucm.one\/de\/produkt-kategorie\/art-de\/filme-de\/\">zum Shop<\/a><\/strong><\/span><\/div>\n<div><div class=\"gap\" style=\"line-height: 20px; height: 20px;\"><\/div><\/div>\n<\/div>\n<\/div>\n<\/div>\n","protected":false},"excerpt":{"rendered":"<p>Regie:\u00a0<strong><a title=\"Luc Besson\" href=\"https:\/\/ucm.one\/de\/?s=%22Luc+Besson%22&amp;post_type=product\">Luc Besson<\/a><\/strong><\/p>\n<p>Label: <a href=\"https:\/\/ucm.one\/de\/produkt-kategorie\/label-film-de\/b-spree-pictures-de\/b-spree-classics-de\/\"><strong>B-Spree Classics<\/strong><\/a><\/p>\n<p>Art:\u00a0<strong><a href=\"https:\/\/ucm.one\/de\/produkt-kategorie\/art-de\/filme-de\/\">Film<\/a> (<a title=\"\" href=\"https:\/\/ucm.one\/de\/produkt-kategorie\/genre-film-de\/klassiker-de\/\">Klassiker<\/a>)<\/strong><\/p>\n<p>Genres:\u00a0<b><a title=\"\" href=\"https:\/\/ucm.one\/de\/produkt-kategorie\/genre-film-de\/science-fiction-de\/\">Science-Fiction<\/a><\/b><\/p>\n<p>Jahr: <strong>1983<\/strong><\/p>\n<p>FSK: <strong>16<\/strong><\/p>\n<p>Format: <strong>Mediabook<\/strong><\/p>\n","protected":false},"featured_media":68095,"comment_status":"open","ping_status":"closed","template":"","meta":{"_acf_changed":false},"product_brand":[],"product_cat":[10332,10333,10341,10342,10354,9708,12093,10331],"product_tag":[12204,12316,12317,12318,12319,12320,11027,12135,12198],"class_list":{"0":"post-68094","1":"product","2":"type-product","3":"status-publish","4":"has-post-thumbnail","6":"product_cat-blu-ray-de","7":"product_cat-mediabooks-de","8":"product_cat-b-spree-pictures-de","9":"product_cat-b-spree-classics-de","10":"product_cat-science-fiction-de","11":"product_cat-filme-de","12":"product_cat-klassiker-de","13":"product_cat-dvd-de","14":"product_tag-gaumont","15":"product_tag-der-letzte-kampf","16":"product_tag-pierre-jolivet","17":"product_tag-jean-bouise","18":"product_tag-fritz-wepper","19":"product_tag-jean-reno","20":"product_tag-science-fiction","21":"product_tag-b-spree-classics","22":"product_tag-luc-besson","23":"product_shipping_class-bd-2","24":"pa_format-mediabook-blu-ray-dvd","25":"description-off","27":"first","28":"instock","29":"sale","30":"taxable","31":"shipping-taxable","32":"purchasable","33":"product-type-variable","34":"has-default-attributes"},"acf":[],"yoast_head":"<!-- This site is optimized with the Yoast SEO plugin v27.2 - https:\/\/yoast.com\/product\/yoast-seo-wordpress\/ -->\n<title>Der Letzte Kampf<\/title>\n<meta name=\"description\" content=\"Shop | Der Letzte Kampf | 2022 | B-Spree Classics | Limitiertes Mediabook | FSK 16\" \/>\n<meta name=\"robots\" content=\"index, follow, max-snippet:-1, max-image-preview:large, max-video-preview:-1\" \/>\n<link rel=\"canonical\" href=\"https:\/\/ucm.one\/de\/produkt\/der-letzte-kampf\/\" \/>\n<meta property=\"og:locale\" content=\"de_DE\" \/>\n<meta property=\"og:type\" content=\"article\" \/>\n<meta property=\"og:title\" content=\"Der Letzte Kampf\" \/>\n<meta property=\"og:description\" content=\"Shop | Der Letzte Kampf | 2022 | B-Spree Classics | Limitiertes Mediabook | FSK 16\" \/>\n<meta property=\"og:url\" content=\"https:\/\/ucm.one\/de\/produkt\/der-letzte-kampf\/\" \/>\n<meta property=\"og:site_name\" content=\"UCM.ONE\" \/>\n<meta property=\"article:modified_time\" content=\"2023-07-20T11:24:44+00:00\" \/>\n<meta property=\"og:image\" content=\"https:\/\/ucm.one\/wp-content\/uploads\/2022\/05\/C-Der-letzte-Kampf-FSK-16.jpg\" \/>\n<meta name=\"twitter:card\" content=\"summary_large_image\" \/>\n<meta name=\"twitter:title\" content=\"Der Letzte Kampf\" \/>\n<meta name=\"twitter:description\" content=\"v\" \/>\n<meta name=\"twitter:image\" content=\"https:\/\/ucm.one\/wp-content\/uploads\/2022\/05\/C-Der-letzte-Kampf-FSK-16.jpg\" \/>\n<meta name=\"twitter:label1\" content=\"Gesch\u00e4tzte Lesezeit\" \/>\n\t<meta name=\"twitter:data1\" content=\"1\u00a0Minute\" \/>\n<!-- \/ Yoast SEO plugin. -->","yoast_head_json":{"title":"Der Letzte Kampf","description":"Shop | Der Letzte Kampf | 2022 | B-Spree Classics | Limitiertes Mediabook | FSK 16","robots":{"index":"index","follow":"follow","max-snippet":"max-snippet:-1","max-image-preview":"max-image-preview:large","max-video-preview":"max-video-preview:-1"},"canonical":"https:\/\/ucm.one\/de\/produkt\/der-letzte-kampf\/","og_locale":"de_DE","og_type":"article","og_title":"Der Letzte Kampf","og_description":"Shop | Der Letzte Kampf | 2022 | B-Spree Classics | Limitiertes Mediabook | FSK 16","og_url":"https:\/\/ucm.one\/de\/produkt\/der-letzte-kampf\/","og_site_name":"UCM.ONE","article_modified_time":"2023-07-20T11:24:44+00:00","og_image":[{"url":"https:\/\/ucm.one\/wp-content\/uploads\/2022\/05\/C-Der-letzte-Kampf-FSK-16.jpg","type":"","width":"","height":""}],"twitter_card":"summary_large_image","twitter_title":"Der Letzte Kampf","twitter_description":"v","twitter_image":"https:\/\/ucm.one\/wp-content\/uploads\/2022\/05\/C-Der-letzte-Kampf-FSK-16.jpg","twitter_misc":{"Gesch\u00e4tzte Lesezeit":"1\u00a0Minute"},"schema":{"@context":"https:\/\/schema.org","@graph":[{"@type":"WebPage","@id":"https:\/\/ucm.one\/de\/produkt\/der-letzte-kampf\/","url":"https:\/\/ucm.one\/de\/produkt\/der-letzte-kampf\/","name":"Der Letzte Kampf","isPartOf":{"@id":"https:\/\/ucm.one\/de\/#website"},"primaryImageOfPage":{"@id":"https:\/\/ucm.one\/de\/produkt\/der-letzte-kampf\/#primaryimage"},"image":{"@id":"https:\/\/ucm.one\/de\/produkt\/der-letzte-kampf\/#primaryimage"},"thumbnailUrl":"https:\/\/ucm.one\/wp-content\/uploads\/2022\/05\/C-Der-letzte-Kampf-FSK-16.jpg","datePublished":"2022-04-22T01:34:20+00:00","dateModified":"2023-07-20T11:24:44+00:00","description":"Shop | Der Letzte Kampf | 2022 | B-Spree Classics | Limitiertes Mediabook | FSK 16","breadcrumb":{"@id":"https:\/\/ucm.one\/de\/produkt\/der-letzte-kampf\/#breadcrumb"},"inLanguage":"de","potentialAction":[{"@type":"ReadAction","target":["https:\/\/ucm.one\/de\/produkt\/der-letzte-kampf\/"]}]},{"@type":"ImageObject","inLanguage":"de","@id":"https:\/\/ucm.one\/de\/produkt\/der-letzte-kampf\/#primaryimage","url":"https:\/\/ucm.one\/wp-content\/uploads\/2022\/05\/C-Der-letzte-Kampf-FSK-16.jpg","contentUrl":"https:\/\/ucm.one\/wp-content\/uploads\/2022\/05\/C-Der-letzte-Kampf-FSK-16.jpg","width":699,"height":1000},{"@type":"BreadcrumbList","@id":"https:\/\/ucm.one\/de\/produkt\/der-letzte-kampf\/#breadcrumb","itemListElement":[{"@type":"ListItem","position":1,"name":"Home","item":"https:\/\/ucm.one\/de\/"},{"@type":"ListItem","position":2,"name":"Shop","item":"https:\/\/ucm.one\/de\/shop\/"},{"@type":"ListItem","position":3,"name":"Der Letzte Kampf"}]},{"@type":"WebSite","@id":"https:\/\/ucm.one\/de\/#website","url":"https:\/\/ucm.one\/de\/","name":"UCM.ONE","description":"","publisher":{"@id":"https:\/\/ucm.one\/de\/#organization"},"potentialAction":[{"@type":"SearchAction","target":{"@type":"EntryPoint","urlTemplate":"https:\/\/ucm.one\/de\/?s={search_term_string}"},"query-input":{"@type":"PropertyValueSpecification","valueRequired":true,"valueName":"search_term_string"}}],"inLanguage":"de"},{"@type":"Organization","@id":"https:\/\/ucm.one\/de\/#organization","name":"UCM.ONE","url":"https:\/\/ucm.one\/de\/","logo":{"@type":"ImageObject","inLanguage":"de","@id":"https:\/\/ucm.one\/de\/#\/schema\/logo\/image\/","url":"https:\/\/ucm.one\/wp-content\/uploads\/2019\/10\/UCM.ONE-Logo-RGB.svg","contentUrl":"https:\/\/ucm.one\/wp-content\/uploads\/2019\/10\/UCM.ONE-Logo-RGB.svg","width":1,"height":1,"caption":"UCM.ONE"},"image":{"@id":"https:\/\/ucm.one\/de\/#\/schema\/logo\/image\/"}}]}},"_links":{"self":[{"href":"https:\/\/ucm.one\/de\/wp-json\/wp\/v2\/product\/68094","targetHints":{"allow":["GET"]}}],"collection":[{"href":"https:\/\/ucm.one\/de\/wp-json\/wp\/v2\/product"}],"about":[{"href":"https:\/\/ucm.one\/de\/wp-json\/wp\/v2\/types\/product"}],"replies":[{"embeddable":true,"href":"https:\/\/ucm.one\/de\/wp-json\/wp\/v2\/comments?post=68094"}],"wp:featuredmedia":[{"embeddable":true,"href":"https:\/\/ucm.one\/de\/wp-json\/wp\/v2\/media\/68095"}],"wp:attachment":[{"href":"https:\/\/ucm.one\/de\/wp-json\/wp\/v2\/media?parent=68094"}],"wp:term":[{"taxonomy":"product_brand","embeddable":true,"href":"https:\/\/ucm.one\/de\/wp-json\/wp\/v2\/product_brand?post=68094"},{"taxonomy":"product_cat","embeddable":true,"href":"https:\/\/ucm.one\/de\/wp-json\/wp\/v2\/product_cat?post=68094"},{"taxonomy":"product_tag","embeddable":true,"href":"https:\/\/ucm.one\/de\/wp-json\/wp\/v2\/product_tag?post=68094"}],"curies":[{"name":"wp","href":"https:\/\/api.w.org\/{rel}","templated":true}]}}