{"id":67922,"date":"2022-04-29T22:08:15","date_gmt":"2022-04-29T22:08:15","guid":{"rendered":"https:\/\/ucm.one\/?post_type=product&#038;p=67922"},"modified":"2026-04-05T06:19:02","modified_gmt":"2026-04-05T06:19:02","slug":"boris-brejcha-feuerfalter-part-01-deluxe-edition","status":"publish","type":"product","link":"https:\/\/ucm.one\/de\/produkt\/boris-brejcha-feuerfalter-part-01-deluxe-edition\/","title":{"rendered":"Boris Brejcha &#8211; Feuerfalter (Part 01) [Deluxe Edition]"},"content":{"rendered":"<div class=\"wpb_text_column wpb_content_element \">\n<div class=\"wpb_wrapper\">\n<div class=\"\">\n<div class=\"wpb_text_column wpb_content_element \">\n<div class=\"wpb_wrapper\">\n<div class=\"\">\n<p>2013 ver\u00f6ffentliche <strong>Boris Brejcha<\/strong> sein viertes Album. Ein Longplayer (in zwei Teilen) der bewusst zeigt, wie vielseitig der K\u00fcnstler arbeitet. Mal leicht schwebend, mal wild mit dem Fl\u00fcgel schlagend, dabei immer voller Leidenschaft. Die Einfl\u00fcsse seiner Reisen und Auftritte pr\u00e4gten immer wieder seine Kunst. &#8222;<strong>Feuerfalter<\/strong>&#8220; hie\u00df das epische Werk (Part 01 \/ 2013) (Part 02 \/ 2014). Ein faszinierender Titel f\u00fcr Brejchas Version von Techno: \u00a0Auf der einen Seite kann der Feuerfalter sich relaxt vom Wind tragen lassen, auf der anderen Seite setzt er aber auch mit Dampf und Feuer zu einem Sturz- oder Tiefflug an. \u00a0So f\u00fchlt es sich an, wenn Brejcha Musik macht. Das vierte Album ist dabei eine Art R\u00fcckblick auf die bis dahin schon imposante Karriere von<strong> Boris Brejcha<\/strong>.<\/p>\n<p>Das Album ist Musik, die seine H\u00f6rerschaft den ganzen Tag \u00fcber begleitet kann: Zu Hause, bei entspannter Atmosph\u00e4re oder eben nachts wenn es durch die Clubs geht. \u00a0Dabei klingen seine Tracks vielf\u00e4ltig. Die Individualit\u00e4t wird auf \u201e<strong>Feuerfalter<\/strong>\u201c noch weiter gedreht. Brejcha nimmt hier sogar den Wunsch seiner damaligen Fans auf, ein paar ruhigere Tracks in seinen Kosmos einzuweben.<\/p>\n<p>Hier ist nun der legend\u00e4re Part 01 von Feuerfalter aus dem Jahr als remastertes 2CD Digipak inkl. einem DJ Mix von <strong>Boris Brejcha<\/strong> h\u00f6chstpers\u00f6nlich. Hier ist die 2022 &#8222;<strong>Feuerfalter (Part 01) [Deluxe Edition]<\/strong>&#8222;.<\/p>\n<\/div>\n<p>Das Album ist auch als limitierte 2xLP Vinyl-Edition erh\u00e4ltlich: <a title=\"Feuerfalter (Part 1)\" href=\"https:\/\/ucm.one\/de\/produkt\/boris-brejcha-feuerfalter-part-01\/\">Feuerfalter (Part 1)<\/a><\/p>\n<\/div>\n<\/div>\n<\/div>\n<\/div>\n<\/div>\n<div><div class=\"gap\" style=\"line-height: 20px; height: 20px;\"><\/div><\/div>\n<h5>Weitere Informationen<\/h5>\n<div>\n<div>\n<table style=\"height: 46px; width: 100%; border-collapse: collapse; border-color: #ffffff; background-color: #ffffff; border-style: hidden;\">\n<tbody>\n<tr style=\"height: 23px; border-style: hidden; border-color: #ffffff; background-color: #ffffff;\">\n<td style=\"width: 4.701195219123506%; height: 23px; border-style: hidden;\">K\u00fcnstler:<\/td>\n<td style=\"width: 95.29880478087651%; height: 23px; border-style: hidden;\"><a title=\"Boris Brejcha | Harthouse\" href=\"https:\/\/ucm.one\/de\/tag\/boris-brejcha\">Boris Brejcha <\/a><\/td>\n<\/tr>\n<tr style=\"height: 23px;\">\n<td style=\"width: 4.701195219123506%; height: 23px; border-style: hidden;\">Label:<\/td>\n<td style=\"width: 95.29880478087651%; height: 23px; border-style: hidden;\"><a title=\"Harthouse\" href=\"https:\/\/ucm.one\/de\/musik-labels\/harthouse\/\">Harthouse<\/a><\/td>\n<\/tr>\n<\/tbody>\n<\/table>\n<\/div>\n<div><\/div>\n<div><div class=\"gap\" style=\"line-height: 10px; height: 10px;\"><\/div><\/div>\n<div>\u2117 2013 <strong>Harthouse Mannheim \/ daredo<\/strong>, \u00a9 2022\u00a0<strong>Harthouse<\/strong> \/ <span style=\"font-family: 'arial black', sans-serif;\"><strong>UCM.ONE<\/strong><\/span><\/div>\n<div><div class=\"gap\" style=\"line-height: 20px; height: 20px;\"><\/div><\/div>\n<div>\n<div><\/div>\n<div><div class=\"gap\" style=\"line-height: 10px; height: 10px;\"><\/div><\/div>\n<div><span style=\"color: #003a80;\"><strong>\u27a0 <a style=\"color: #003a80;\" title=\"\" href=\"https:\/\/ucm.one\/de\/produkt-kategorie\/art-de\/musik-de\/\">zum Shop<\/a><\/strong><\/span><\/div>\n<div><div class=\"gap\" style=\"line-height: 20px; height: 20px;\"><\/div><\/div>\n<\/div>\n<\/div>\n","protected":false},"excerpt":{"rendered":"<p>Artist:\u00a0<strong><a title=\"\" href=\"https:\/\/ucm.one\/de\/?s=Boris+Brejcha&amp;post_type=product\">Boris Brejcha<\/a><\/strong><\/p>\n<p>Label:\u00a0<a href=\"https:\/\/ucm.one\/de\/produkt-kategorie\/label-musik-de\/harthouse-de\"><b>Harthouse<\/b><\/a><\/p>\n<p>Art:\u00a0<strong><a href=\"https:\/\/ucm.one\/de\/produkt-kategorie\/art-de\/musik-de\/\">Musik<\/a>\u00a0(Album)<\/strong><\/p>\n<p>Genres:\u00a0<b><a href=\"https:\/\/ucm.one\/de\/produkt-kategorie\/genre-musik-de\/dance-de\/techno-de\/\">Techno<\/a>,\u00a0<a title=\"\" href=\"https:\/\/ucm.one\/de\/produkt-kategorie\/genre-musik-de\/dance-de\/minimal-de\">Minimal<\/a><\/b><\/p>\n<p>Jahr: <strong>2022<\/strong><\/p>\n<p>Format: <strong>2xCD<\/strong><\/p>\n","protected":false},"featured_media":67923,"comment_status":"open","ping_status":"closed","template":"","meta":{"_acf_changed":false},"product_brand":[],"product_cat":[9813,9857,9713,9755,9796,9797,10316,10320,10337],"product_tag":[9806,12299,12300,12301,9867,9868,9760,9870,9798,9799,9805],"class_list":{"0":"post-67922","1":"product","2":"type-product","3":"status-publish","4":"has-post-thumbnail","6":"product_cat-cd-de","7":"product_cat-dance-de","8":"product_cat-musik-de","9":"product_cat-label-musik-de","10":"product_cat-harthouse-de","11":"product_cat-techno-de","12":"product_cat-tech-house-de","13":"product_cat-minimal-de","14":"product_cat-sonderedition-de","15":"product_tag-vinyl","16":"product_tag-2xcd","17":"product_tag-minimal","18":"product_tag-dj-mix","19":"product_tag-feuerfalter","20":"product_tag-part-01","21":"product_tag-cd","22":"product_tag-dance","23":"product_tag-boris-brejcha","24":"product_tag-harthouse","25":"product_tag-techno","26":"product_shipping_class-cd-3","27":"pa_format-2xcd-digipak-de","28":"description-off","30":"first","31":"instock","32":"taxable","33":"shipping-taxable","34":"purchasable","35":"product-type-simple"},"acf":[],"yoast_head":"<!-- This site is optimized with the Yoast SEO plugin v27.2 - https:\/\/yoast.com\/product\/yoast-seo-wordpress\/ -->\n<title>Boris Brejcha - Feuerfalter (Part 01) [Deluxe Edition]<\/title>\n<meta name=\"description\" content=\"Shop | Boris Brejcha - Feuerfalter (Part 01) [Deluxe Edition] | 2022 | Harthouse | 2xCD\" \/>\n<meta name=\"robots\" content=\"index, follow, max-snippet:-1, max-image-preview:large, max-video-preview:-1\" \/>\n<link rel=\"canonical\" href=\"https:\/\/ucm.one\/de\/produkt\/boris-brejcha-feuerfalter-part-01-deluxe-edition\/\" \/>\n<meta property=\"og:locale\" content=\"de_DE\" \/>\n<meta property=\"og:type\" content=\"article\" \/>\n<meta property=\"og:title\" content=\"Boris Brejcha - Feuerfalter (Part 01) [Deluxe Edition]\" \/>\n<meta property=\"og:description\" content=\"Shop | Boris Brejcha - Feuerfalter (Part 01) [Deluxe Edition] | 2022 | Harthouse | 2xCD\" \/>\n<meta property=\"og:url\" content=\"https:\/\/ucm.one\/de\/produkt\/boris-brejcha-feuerfalter-part-01-deluxe-edition\/\" \/>\n<meta property=\"og:site_name\" content=\"UCM.ONE\" \/>\n<meta property=\"article:modified_time\" content=\"2026-04-05T06:19:02+00:00\" \/>\n<meta property=\"og:image\" content=\"https:\/\/ucm.one\/wp-content\/uploads\/2022\/04\/C-Boris-Brejcha-Feuerfalter-P1-Deluxe.jpg\" \/>\n<meta name=\"twitter:card\" content=\"summary_large_image\" \/>\n<meta name=\"twitter:title\" content=\"Boris Brejcha - Feuerfalter (Part 01) [Deluxe Edition]\" \/>\n<meta name=\"twitter:description\" content=\"Shop | Boris Brejcha - Feuerfalter (Part 01) [Deluxe Edition] | 2022 | Harthouse | 2xCD\" \/>\n<meta name=\"twitter:image\" content=\"https:\/\/ucm.one\/wp-content\/uploads\/2021\/01\/C-Boris-Brejcha-Feuerfalter-Part-1.jpg\" \/>\n<meta name=\"twitter:label1\" content=\"Gesch\u00e4tzte Lesezeit\" \/>\n\t<meta name=\"twitter:data1\" content=\"1\u00a0Minute\" \/>\n<!-- \/ Yoast SEO plugin. -->","yoast_head_json":{"title":"Boris Brejcha - Feuerfalter (Part 01) [Deluxe Edition]","description":"Shop | Boris Brejcha - Feuerfalter (Part 01) [Deluxe Edition] | 2022 | Harthouse | 2xCD","robots":{"index":"index","follow":"follow","max-snippet":"max-snippet:-1","max-image-preview":"max-image-preview:large","max-video-preview":"max-video-preview:-1"},"canonical":"https:\/\/ucm.one\/de\/produkt\/boris-brejcha-feuerfalter-part-01-deluxe-edition\/","og_locale":"de_DE","og_type":"article","og_title":"Boris Brejcha - Feuerfalter (Part 01) [Deluxe Edition]","og_description":"Shop | Boris Brejcha - Feuerfalter (Part 01) [Deluxe Edition] | 2022 | Harthouse | 2xCD","og_url":"https:\/\/ucm.one\/de\/produkt\/boris-brejcha-feuerfalter-part-01-deluxe-edition\/","og_site_name":"UCM.ONE","article_modified_time":"2026-04-05T06:19:02+00:00","og_image":[{"url":"https:\/\/ucm.one\/wp-content\/uploads\/2022\/04\/C-Boris-Brejcha-Feuerfalter-P1-Deluxe.jpg","type":"","width":"","height":""}],"twitter_card":"summary_large_image","twitter_title":"Boris Brejcha - Feuerfalter (Part 01) [Deluxe Edition]","twitter_description":"Shop | Boris Brejcha - Feuerfalter (Part 01) [Deluxe Edition] | 2022 | Harthouse | 2xCD","twitter_image":"https:\/\/ucm.one\/wp-content\/uploads\/2021\/01\/C-Boris-Brejcha-Feuerfalter-Part-1.jpg","twitter_misc":{"Gesch\u00e4tzte Lesezeit":"1\u00a0Minute"},"schema":{"@context":"https:\/\/schema.org","@graph":[{"@type":"WebPage","@id":"https:\/\/ucm.one\/de\/produkt\/boris-brejcha-feuerfalter-part-01-deluxe-edition\/","url":"https:\/\/ucm.one\/de\/produkt\/boris-brejcha-feuerfalter-part-01-deluxe-edition\/","name":"Boris Brejcha - Feuerfalter (Part 01) [Deluxe Edition]","isPartOf":{"@id":"https:\/\/ucm.one\/de\/#website"},"primaryImageOfPage":{"@id":"https:\/\/ucm.one\/de\/produkt\/boris-brejcha-feuerfalter-part-01-deluxe-edition\/#primaryimage"},"image":{"@id":"https:\/\/ucm.one\/de\/produkt\/boris-brejcha-feuerfalter-part-01-deluxe-edition\/#primaryimage"},"thumbnailUrl":"https:\/\/ucm.one\/wp-content\/uploads\/2022\/04\/C-Boris-Brejcha-Feuerfalter-P1-Deluxe.jpg","datePublished":"2022-04-29T22:08:15+00:00","dateModified":"2026-04-05T06:19:02+00:00","description":"Shop | Boris Brejcha - Feuerfalter (Part 01) [Deluxe Edition] | 2022 | Harthouse | 2xCD","breadcrumb":{"@id":"https:\/\/ucm.one\/de\/produkt\/boris-brejcha-feuerfalter-part-01-deluxe-edition\/#breadcrumb"},"inLanguage":"de","potentialAction":[{"@type":"ReadAction","target":["https:\/\/ucm.one\/de\/produkt\/boris-brejcha-feuerfalter-part-01-deluxe-edition\/"]}]},{"@type":"ImageObject","inLanguage":"de","@id":"https:\/\/ucm.one\/de\/produkt\/boris-brejcha-feuerfalter-part-01-deluxe-edition\/#primaryimage","url":"https:\/\/ucm.one\/wp-content\/uploads\/2022\/04\/C-Boris-Brejcha-Feuerfalter-P1-Deluxe.jpg","contentUrl":"https:\/\/ucm.one\/wp-content\/uploads\/2022\/04\/C-Boris-Brejcha-Feuerfalter-P1-Deluxe.jpg","width":1000,"height":1000},{"@type":"BreadcrumbList","@id":"https:\/\/ucm.one\/de\/produkt\/boris-brejcha-feuerfalter-part-01-deluxe-edition\/#breadcrumb","itemListElement":[{"@type":"ListItem","position":1,"name":"Home","item":"https:\/\/ucm.one\/de\/"},{"@type":"ListItem","position":2,"name":"Shop","item":"https:\/\/ucm.one\/de\/shop\/"},{"@type":"ListItem","position":3,"name":"Boris Brejcha &#8211; Feuerfalter (Part 01) [Deluxe Edition]"}]},{"@type":"WebSite","@id":"https:\/\/ucm.one\/de\/#website","url":"https:\/\/ucm.one\/de\/","name":"UCM.ONE","description":"","publisher":{"@id":"https:\/\/ucm.one\/de\/#organization"},"potentialAction":[{"@type":"SearchAction","target":{"@type":"EntryPoint","urlTemplate":"https:\/\/ucm.one\/de\/?s={search_term_string}"},"query-input":{"@type":"PropertyValueSpecification","valueRequired":true,"valueName":"search_term_string"}}],"inLanguage":"de"},{"@type":"Organization","@id":"https:\/\/ucm.one\/de\/#organization","name":"UCM.ONE","url":"https:\/\/ucm.one\/de\/","logo":{"@type":"ImageObject","inLanguage":"de","@id":"https:\/\/ucm.one\/de\/#\/schema\/logo\/image\/","url":"https:\/\/ucm.one\/wp-content\/uploads\/2019\/10\/UCM.ONE-Logo-RGB.svg","contentUrl":"https:\/\/ucm.one\/wp-content\/uploads\/2019\/10\/UCM.ONE-Logo-RGB.svg","width":1,"height":1,"caption":"UCM.ONE"},"image":{"@id":"https:\/\/ucm.one\/de\/#\/schema\/logo\/image\/"}}]}},"_links":{"self":[{"href":"https:\/\/ucm.one\/de\/wp-json\/wp\/v2\/product\/67922","targetHints":{"allow":["GET"]}}],"collection":[{"href":"https:\/\/ucm.one\/de\/wp-json\/wp\/v2\/product"}],"about":[{"href":"https:\/\/ucm.one\/de\/wp-json\/wp\/v2\/types\/product"}],"replies":[{"embeddable":true,"href":"https:\/\/ucm.one\/de\/wp-json\/wp\/v2\/comments?post=67922"}],"wp:featuredmedia":[{"embeddable":true,"href":"https:\/\/ucm.one\/de\/wp-json\/wp\/v2\/media\/67923"}],"wp:attachment":[{"href":"https:\/\/ucm.one\/de\/wp-json\/wp\/v2\/media?parent=67922"}],"wp:term":[{"taxonomy":"product_brand","embeddable":true,"href":"https:\/\/ucm.one\/de\/wp-json\/wp\/v2\/product_brand?post=67922"},{"taxonomy":"product_cat","embeddable":true,"href":"https:\/\/ucm.one\/de\/wp-json\/wp\/v2\/product_cat?post=67922"},{"taxonomy":"product_tag","embeddable":true,"href":"https:\/\/ucm.one\/de\/wp-json\/wp\/v2\/product_tag?post=67922"}],"curies":[{"name":"wp","href":"https:\/\/api.w.org\/{rel}","templated":true}]}}