{"id":67813,"date":"2022-04-28T10:30:23","date_gmt":"2022-04-28T10:30:23","guid":{"rendered":"https:\/\/ucm.one\/?post_type=product&#038;p=67813"},"modified":"2025-05-08T22:23:50","modified_gmt":"2025-05-08T22:23:50","slug":"nachtblende","status":"publish","type":"product","link":"https:\/\/ucm.one\/de\/produkt\/nachtblende\/","title":{"rendered":"Nachtblende"},"content":{"rendered":"<div class=\"wpb_text_column wpb_content_element \">\n<div class=\"wpb_wrapper\">\n<div class=\"\">\n<div class=\"wpb_text_column wpb_content_element \">\n<div class=\"wpb_wrapper\">\n<p>Die Schauspielerin Nadine Chevalier (<strong>Romy Schneider<\/strong>) sieht sich mit dem Tiefpunkt ihrer Karriere konfrontiert. Ohne seri\u00f6ses Engagement und ohne Nachfrage, dreht sie Softpornos, um sich und ihren manisch-depressiven und impotenten Mann Jacques (<strong>Jacques Dutronc<\/strong>) \u00fcber Wasser halten zu k\u00f6nnen. W\u00e4hrend eines Drehs lernt sie den Fotografen Servais Mont (<strong>Fabio Testi<\/strong>) kennen, der sich sofort in die attraktive Schauspielerin verliebt. Er fasst den Entschluss, ihr aus der beruflichen Misere zu helfen und verschafft ihr mit Hilfe des Schauspielers Zimmer (Klaus Kinski) eine Rolle in der drittklassigen Theater-Produktion\u00a0 \u201eRichard III.\u201c Doch daf\u00fcr muss er auch in das St\u00fcck investieren. Um das Geld daf\u00fcr aufzutreiben, geht Servais zum Unterwelt-Paten Mazelli, f\u00fcr den er zuvor bereits kompromittierende Fotos zu Erpressungszwecken anfertigte. Damit steuert er aber immer mehr einem tragischen Ende entgegen\u2026<\/p>\n<\/div>\n<\/div>\n<\/div>\n<\/div>\n<\/div>\n<div><div class=\"gap\" style=\"line-height: 20px; height: 20px;\"><\/div><\/div>\n<h5>Weitere Informationen<\/h5>\n<div>\n<div>\n<table style=\"height: 46px; width: 100%; border-collapse: collapse; border-color: #ffffff; background-color: #ffffff; border-style: hidden;\">\n<tbody>\n<tr style=\"height: 23px; border-style: hidden; border-color: #ffffff; background-color: #ffffff;\">\n<td style=\"width: 4.701195219123506%; height: 23px; border-style: hidden;\">Film:<\/td>\n<td style=\"width: 95.29880478087651%; height: 23px; border-style: hidden;\"><a title=\"Nachtblende\" href=\"https:\/\/ucm.one\/de\/nachtblende\/\">Nachtblende<\/a><\/td>\n<\/tr>\n<tr style=\"height: 23px;\">\n<td style=\"width: 4.701195219123506%; height: 23px; border-style: hidden;\">Label:<\/td>\n<td style=\"width: 95.29880478087651%; height: 23px; border-style: hidden;\"><a title=\"\u00c9dition ParaSol Videoth\u00e8que\" href=\"https:\/\/ucm.one\/de\/film-labels\/artkeim\/#edition-parasol-videotheque\">\u00c9dition ParaSol Videoth\u00e8que<\/a> \/ <a title=\"B-Spree Classics\" href=\"https:\/\/ucm.one\/de\/film-labels\/artkeim\/\">Artkeim\u00b2<\/a><\/td>\n<\/tr>\n<\/tbody>\n<\/table>\n<\/div>\n<div><\/div>\n<\/div>\n<div>\n<div><div class=\"gap\" style=\"line-height: 10px; height: 10px;\"><\/div><\/div>\n<div>\u2117 1975 <strong>Albina du Boisrouvray<\/strong>, <strong>Rizzoli Film<\/strong>, <strong>T.I.T. Filmproduktion<\/strong>, \u00a9 2022 <strong>Edition ParaSol Videoth\u00e8que<\/strong>\u00a0\/ <strong>Artkeim\u00b2<\/strong> \/\u00a0<span style=\"font-family: 'arial black', sans-serif;\"><strong>UCM.ONE <\/strong><span style=\"font-family: arial, helvetica, sans-serif;\">in Kooperation mit <strong>moviemax<\/strong><\/span><\/span><\/div>\n<div><div class=\"gap\" style=\"line-height: 20px; height: 20px;\"><\/div><\/div>\n<div>\n<div><\/div>\n<div>\n<div><div class=\"gap\" style=\"line-height: 10px; height: 10px;\"><\/div><\/div>\n<div><span style=\"color: #003a80;\"><strong>\u27a0 <a style=\"color: #003a80;\" href=\"https:\/\/ucm.one\/de\/produkt-kategorie\/art-de\/filme-de\/\">zum Shop<\/a><\/strong><\/span><\/div>\n<div><div class=\"gap\" style=\"line-height: 20px; height: 20px;\"><\/div><\/div>\n<\/div>\n<\/div>\n<\/div>\n","protected":false},"excerpt":{"rendered":"<p>Regie: <a title=\"\" href=\"https:\/\/ucm.one\/de\/?s=%22Andrzej+\u017bu\u0142awski%22&amp;post_type=product\"><strong>Andrzej \u017bu\u0142awski<\/strong><\/a><\/p>\n<p>Label: <strong><a title=\"\" href=\"https:\/\/ucm.one\/de\/produkt-kategorie\/label-film-de\/artkeim-de\/edition-parasol-videotheque-de\/\">\u00c9dition ParaSol Videoth\u00e8que\u00a0<\/a>\/ <a href=\"https:\/\/ucm.one\/de\/produkt-kategorie\/label-film-de\/artkeim-de\/\">Artkeim\u00b2<\/a><\/strong><\/p>\n<p>Art:\u00a0<strong><a href=\"https:\/\/ucm.one\/de\/produkt-kategorie\/art-de\/filme-de\/\">Film<\/a> (<a title=\"\" href=\"https:\/\/ucm.one\/de\/produkt-kategorie\/genre-film-de\/klassiker-de\/\">Klassiker<\/a>)<\/strong><\/p>\n<p>Genres:\u00a0<b><a title=\"\" href=\"https:\/\/ucm.one\/de\/produkt-kategorie\/genre-film-de\/drama-de\/\">Drama<\/a>, <a title=\"Liebe + Beziehung\" href=\"https:\/\/ucm.one\/de\/produkt-kategorie\/genre-film-de\/liebe-beziehung\/\">Liebe &amp; Beziehung<\/a><\/b><\/p>\n<p>Jahr: <strong>1975<\/strong><\/p>\n<p>FSK: <strong>16<\/strong><\/p>\n<p>Format: <strong>Diverse<\/strong><\/p>\n","protected":false},"featured_media":67824,"comment_status":"open","ping_status":"closed","template":"","meta":{"_acf_changed":false},"product_brand":[],"product_cat":[12093,10331,10332,10333,10334,10338,10344,13156,10361,15293,9708],"product_tag":[12286,12287,12288,12289,12290,12291],"class_list":{"0":"post-67813","1":"product","2":"type-product","3":"status-publish","4":"has-post-thumbnail","6":"product_cat-klassiker-de","7":"product_cat-dvd-de","8":"product_cat-blu-ray-de","9":"product_cat-mediabooks-de","10":"product_cat-drama-de","11":"product_cat-artkeim-de","12":"product_cat-edition-parasol-videotheque-de","13":"product_cat-arthouse-de","14":"product_cat-liebe-beziehung","15":"product_cat-erotik-de","16":"product_cat-filme-de","17":"product_tag-nachtblende","18":"product_tag-romy-schneider","19":"product_tag-limportant-cest-daimer","20":"product_tag-fabio-testi","21":"product_tag-jacques-dutronc","22":"product_tag-andrzej-zulawski","23":"product_shipping_class-bd-2","24":"pa_format-mediabook-blu-ray-dvd","25":"pa_format-blu-ray-de","26":"pa_format-dvd","27":"description-off","29":"first","30":"instock","31":"taxable","32":"shipping-taxable","33":"purchasable","34":"product-type-variable"},"acf":[],"yoast_head":"<!-- This site is optimized with the Yoast SEO plugin v27.5 - https:\/\/yoast.com\/product\/yoast-seo-wordpress\/ -->\n<title>Nachtblende<\/title>\n<meta name=\"description\" content=\"Shop | Nachtblende | 2022 | Edition ParaSol Videoth\u00e8que \/ Artkeim\u00b2 | Limitiertes Mediabook, Blu-Ray, DVD | FSK 16\" \/>\n<meta name=\"robots\" content=\"index, follow, max-snippet:-1, max-image-preview:large, max-video-preview:-1\" \/>\n<link rel=\"canonical\" href=\"https:\/\/ucm.one\/de\/produkt\/nachtblende\/\" \/>\n<meta property=\"og:locale\" content=\"de_DE\" \/>\n<meta property=\"og:type\" content=\"article\" \/>\n<meta property=\"og:title\" content=\"Nachtblende\" \/>\n<meta property=\"og:description\" content=\"Shop | Nachtblende | 2022 | Edition ParaSol Videoth\u00e8que \/ Artkeim\u00b2 | Limitiertes Mediabook, Blu-Ray, DVD | FSK 16\" \/>\n<meta property=\"og:url\" content=\"https:\/\/ucm.one\/de\/produkt\/nachtblende\/\" \/>\n<meta property=\"og:site_name\" content=\"UCM.ONE\" \/>\n<meta property=\"article:modified_time\" content=\"2025-05-08T22:23:50+00:00\" \/>\n<meta property=\"og:image\" content=\"https:\/\/ucm.one\/wp-content\/uploads\/2022\/04\/P-Romy-Schneider-Nachtblende-2022-FSK-16.jpg\" \/>\n\t<meta property=\"og:image:width\" content=\"699\" \/>\n\t<meta property=\"og:image:height\" content=\"1000\" \/>\n\t<meta property=\"og:image:type\" content=\"image\/jpeg\" \/>\n<meta name=\"twitter:card\" content=\"summary_large_image\" \/>\n<meta name=\"twitter:label1\" content=\"Gesch\u00e4tzte Lesezeit\" \/>\n\t<meta name=\"twitter:data1\" content=\"1\u00a0Minute\" \/>\n<!-- \/ Yoast SEO plugin. -->","yoast_head_json":{"title":"Nachtblende","description":"Shop | Nachtblende | 2022 | Edition ParaSol Videoth\u00e8que \/ Artkeim\u00b2 | Limitiertes Mediabook, Blu-Ray, DVD | FSK 16","robots":{"index":"index","follow":"follow","max-snippet":"max-snippet:-1","max-image-preview":"max-image-preview:large","max-video-preview":"max-video-preview:-1"},"canonical":"https:\/\/ucm.one\/de\/produkt\/nachtblende\/","og_locale":"de_DE","og_type":"article","og_title":"Nachtblende","og_description":"Shop | Nachtblende | 2022 | Edition ParaSol Videoth\u00e8que \/ Artkeim\u00b2 | Limitiertes Mediabook, Blu-Ray, DVD | FSK 16","og_url":"https:\/\/ucm.one\/de\/produkt\/nachtblende\/","og_site_name":"UCM.ONE","article_modified_time":"2025-05-08T22:23:50+00:00","og_image":[{"width":699,"height":1000,"url":"https:\/\/ucm.one\/wp-content\/uploads\/2022\/04\/P-Romy-Schneider-Nachtblende-2022-FSK-16.jpg","type":"image\/jpeg"}],"twitter_card":"summary_large_image","twitter_misc":{"Gesch\u00e4tzte Lesezeit":"1\u00a0Minute"},"schema":{"@context":"https:\/\/schema.org","@graph":[{"@type":"WebPage","@id":"https:\/\/ucm.one\/de\/produkt\/nachtblende\/","url":"https:\/\/ucm.one\/de\/produkt\/nachtblende\/","name":"Nachtblende","isPartOf":{"@id":"https:\/\/ucm.one\/de\/#website"},"primaryImageOfPage":{"@id":"https:\/\/ucm.one\/de\/produkt\/nachtblende\/#primaryimage"},"image":{"@id":"https:\/\/ucm.one\/de\/produkt\/nachtblende\/#primaryimage"},"thumbnailUrl":"https:\/\/ucm.one\/wp-content\/uploads\/2022\/04\/P-Romy-Schneider-Nachtblende-2022-FSK-16.jpg","datePublished":"2022-04-28T10:30:23+00:00","dateModified":"2025-05-08T22:23:50+00:00","description":"Shop | Nachtblende | 2022 | Edition ParaSol Videoth\u00e8que \/ Artkeim\u00b2 | Limitiertes Mediabook, Blu-Ray, DVD | FSK 16","breadcrumb":{"@id":"https:\/\/ucm.one\/de\/produkt\/nachtblende\/#breadcrumb"},"inLanguage":"de","potentialAction":[{"@type":"ReadAction","target":["https:\/\/ucm.one\/de\/produkt\/nachtblende\/"]}]},{"@type":"ImageObject","inLanguage":"de","@id":"https:\/\/ucm.one\/de\/produkt\/nachtblende\/#primaryimage","url":"https:\/\/ucm.one\/wp-content\/uploads\/2022\/04\/P-Romy-Schneider-Nachtblende-2022-FSK-16.jpg","contentUrl":"https:\/\/ucm.one\/wp-content\/uploads\/2022\/04\/P-Romy-Schneider-Nachtblende-2022-FSK-16.jpg","width":699,"height":1000},{"@type":"BreadcrumbList","@id":"https:\/\/ucm.one\/de\/produkt\/nachtblende\/#breadcrumb","itemListElement":[{"@type":"ListItem","position":1,"name":"Home","item":"https:\/\/ucm.one\/de\/"},{"@type":"ListItem","position":2,"name":"Shop","item":"https:\/\/ucm.one\/de\/shop\/"},{"@type":"ListItem","position":3,"name":"Nachtblende"}]},{"@type":"WebSite","@id":"https:\/\/ucm.one\/de\/#website","url":"https:\/\/ucm.one\/de\/","name":"UCM.ONE","description":"","publisher":{"@id":"https:\/\/ucm.one\/de\/#organization"},"potentialAction":[{"@type":"SearchAction","target":{"@type":"EntryPoint","urlTemplate":"https:\/\/ucm.one\/de\/?s={search_term_string}"},"query-input":{"@type":"PropertyValueSpecification","valueRequired":true,"valueName":"search_term_string"}}],"inLanguage":"de"},{"@type":"Organization","@id":"https:\/\/ucm.one\/de\/#organization","name":"UCM.ONE","url":"https:\/\/ucm.one\/de\/","logo":{"@type":"ImageObject","inLanguage":"de","@id":"https:\/\/ucm.one\/de\/#\/schema\/logo\/image\/","url":"https:\/\/ucm.one\/wp-content\/uploads\/2019\/10\/UCM.ONE-Logo-RGB.svg","contentUrl":"https:\/\/ucm.one\/wp-content\/uploads\/2019\/10\/UCM.ONE-Logo-RGB.svg","width":1,"height":1,"caption":"UCM.ONE"},"image":{"@id":"https:\/\/ucm.one\/de\/#\/schema\/logo\/image\/"}}]}},"_links":{"self":[{"href":"https:\/\/ucm.one\/de\/wp-json\/wp\/v2\/product\/67813","targetHints":{"allow":["GET"]}}],"collection":[{"href":"https:\/\/ucm.one\/de\/wp-json\/wp\/v2\/product"}],"about":[{"href":"https:\/\/ucm.one\/de\/wp-json\/wp\/v2\/types\/product"}],"replies":[{"embeddable":true,"href":"https:\/\/ucm.one\/de\/wp-json\/wp\/v2\/comments?post=67813"}],"wp:featuredmedia":[{"embeddable":true,"href":"https:\/\/ucm.one\/de\/wp-json\/wp\/v2\/media\/67824"}],"wp:attachment":[{"href":"https:\/\/ucm.one\/de\/wp-json\/wp\/v2\/media?parent=67813"}],"wp:term":[{"taxonomy":"product_brand","embeddable":true,"href":"https:\/\/ucm.one\/de\/wp-json\/wp\/v2\/product_brand?post=67813"},{"taxonomy":"product_cat","embeddable":true,"href":"https:\/\/ucm.one\/de\/wp-json\/wp\/v2\/product_cat?post=67813"},{"taxonomy":"product_tag","embeddable":true,"href":"https:\/\/ucm.one\/de\/wp-json\/wp\/v2\/product_tag?post=67813"}],"curies":[{"name":"wp","href":"https:\/\/api.w.org\/{rel}","templated":true}]}}