{"id":66794,"date":"2023-04-27T01:50:53","date_gmt":"2023-04-27T01:50:53","guid":{"rendered":"https:\/\/ucm.one\/?post_type=product&#038;p=66794"},"modified":"2023-07-28T16:31:35","modified_gmt":"2023-07-28T16:31:35","slug":"kamikaze-tv-tod-live","status":"publish","type":"product","link":"https:\/\/ucm.one\/de\/produkt\/kamikaze-tv-tod-live\/","title":{"rendered":"Kamikaze &#8211; TV-Tod live"},"content":{"rendered":"<div class=\"wpb_text_column wpb_content_element \">\n<div class=\"wpb_wrapper\">\n<div class=\"\">\n<div class=\"wpb_text_column wpb_content_element \">\n<div class=\"wpb_wrapper\">\n<div>Albert (<strong>Michel Galabru<\/strong>) wird von seiner Firma gefeuert, obwohl er ein genialer Computerexperte ist. Doch nun sitzt er zu Hause rum, in einer Wohnung mit seiner Nichte und deren Ehemann, verf\u00e4llt mehr und mehr dem Alkohol und verliert zunehmend seine Zurechnungsf\u00e4higkeit. Als er nach einiger Zeit endg\u00fcltig dem Wahnsinn verfallen ist, beginnt er, seine F\u00e4higkeiten auf einen m\u00f6rderischen Plan zu konzentrieren. Albert entwickelt eine Technologie, mit der er t\u00f6dliche Strahlen durch Fernsehkameras schicken kann, ohne \u00fcberhaupt vor Ort sein zu m\u00fcssen. Er setzt diese Technik ein, um Fernsehmoderatoren gleich reihenweise live auf dem Bildschirm zu t\u00f6ten. Die Polizei setzt Inspektor Romain Pascot (<strong>Richard Bohringer<\/strong>) auf den Fall an, und schon bald scheint sich die Schlinge um Alberts Hals zuzuziehen\u2026<\/div>\n<\/div>\n<\/div>\n<\/div>\n<\/div>\n<\/div>\n<div><\/div>\n<div><div class=\"gap\" style=\"line-height: 20px; height: 20px;\"><\/div><\/div>\n<h5>Weitere Informationen<\/h5>\n<div>\n<div>\n<table style=\"height: 46px; width: 100%; border-collapse: collapse; border-color: #ffffff; background-color: #ffffff; border-style: hidden;\">\n<tbody>\n<tr style=\"height: 23px; border-style: hidden; border-color: #ffffff; background-color: #ffffff;\">\n<td style=\"width: 4.701195219123506%; height: 23px; border-style: hidden;\">Film:<\/td>\n<td style=\"width: 95.29880478087651%; height: 23px; border-style: hidden;\"><a title=\"Kamikaze \u2013 TV-Tod live (1986) von Didier Grousset | B-Spree Classics\" href=\"https:\/\/ucm.one\/de\/kamikaze\/\">Kamikaze \u2013 TV-Tod live<\/a><\/td>\n<\/tr>\n<tr style=\"height: 23px;\">\n<td style=\"width: 4.701195219123506%; height: 23px; border-style: hidden;\">Label:<\/td>\n<td style=\"width: 95.29880478087651%; height: 23px; border-style: hidden;\"><a title=\"B-Spree Classics\" href=\"https:\/\/ucm.one\/de\/film-labels\/b-spree-pictures\/#b-spree-classics\">B-Spree Classics<\/a><\/td>\n<\/tr>\n<\/tbody>\n<\/table>\n<\/div>\n<div><\/div>\n<\/div>\n<div>\n<div><div class=\"gap\" style=\"line-height: 10px; height: 10px;\"><\/div><\/div>\n<div>\u2117 1986\u00a0<strong>Gaumont<\/strong>, \u00a9 2022\u00a0<strong>B-Spree Classics<\/strong> \/ <span style=\"font-family: 'arial black', sans-serif;\"><strong>UCM.ONE<\/strong><\/span><\/div>\n<div><div class=\"gap\" style=\"line-height: 20px; height: 20px;\"><\/div><\/div>\n<div>\n<div><\/div>\n<div>\n<div><div class=\"gap\" style=\"line-height: 10px; height: 10px;\"><\/div><\/div>\n<div><span style=\"color: #003a80;\"><strong>\u27a0 <a style=\"color: #003a80;\" href=\"https:\/\/ucm.one\/de\/produkt-kategorie\/art-de\/filme-de\/\">zum Shop<\/a><\/strong><\/span><\/div>\n<div><div class=\"gap\" style=\"line-height: 20px; height: 20px;\"><\/div><\/div>\n<\/div>\n<\/div>\n<\/div>\n","protected":false},"excerpt":{"rendered":"<p>Regie:\u00a0<strong><a title=\"Didier Grousset\" href=\"https:\/\/ucm.one\/de\/?s=%22Didier+Grousset%22&amp;post_type=product\">Didier Grousset<\/a><\/strong><\/p>\n<p>Label: <a href=\"https:\/\/ucm.one\/de\/produkt-kategorie\/label-film-de\/b-spree-pictures-de\/b-spree-classics-de\/\"><strong>B-Spree Classics<\/strong><\/a><\/p>\n<p>Art:\u00a0<strong><a href=\"https:\/\/ucm.one\/de\/produkt-kategorie\/art-de\/filme-de\/\">Film<\/a> (<a title=\"\" href=\"https:\/\/ucm.one\/de\/produkt-kategorie\/genre-film-de\/klassiker-de\/\">Klassiker<\/a>)<\/strong><\/p>\n<p>Genres:\u00a0<b><a title=\"\" href=\"https:\/\/ucm.one\/de\/produkt-kategorie\/genre-film-de\/thriller-de\/\">Thriller<\/a>, <a title=\"\" href=\"https:\/\/ucm.one\/de\/produkt-kategorie\/genre-film-de\/science-fiction-de\/\">Science-Fiction<\/a><\/b><\/p>\n<p>Jahr: <strong>1986<\/strong><\/p>\n<p>FSK: <strong>18<\/strong><\/p>\n<p>Formate: <strong>Diverse<\/strong><\/p>\n","protected":false},"featured_media":67855,"comment_status":"open","ping_status":"closed","template":"","meta":{"_acf_changed":false},"product_brand":[],"product_cat":[10332,10333,10334,10341,10342,9708,10354,12093,10330,10331],"product_tag":[12196,12197,12198,12199,12200,12201,12202,12203,12204,12135,12195],"class_list":{"0":"post-66794","1":"product","2":"type-product","3":"status-publish","4":"has-post-thumbnail","6":"product_cat-blu-ray-de","7":"product_cat-mediabooks-de","8":"product_cat-drama-de","9":"product_cat-b-spree-pictures-de","10":"product_cat-b-spree-classics-de","11":"product_cat-filme-de","12":"product_cat-science-fiction-de","13":"product_cat-klassiker-de","14":"product_cat-thriller-de","15":"product_cat-dvd-de","16":"product_tag-tv-tod-live","17":"product_tag-didier-grousset","18":"product_tag-luc-besson","19":"product_tag-laurent-petin","20":"product_tag-romane-bohringer","21":"product_tag-dominique-lavanant","22":"product_tag-eric-averlant","23":"product_tag-richard-bohringer","24":"product_tag-gaumont","25":"product_tag-b-spree-classics","26":"product_tag-kamikaze","27":"product_shipping_class-bd-2","28":"pa_format-blu-ray-de","29":"pa_format-mediabook-blu-ray-dvd","30":"description-off","32":"first","33":"instock","34":"sale","35":"taxable","36":"shipping-taxable","37":"purchasable","38":"product-type-variable"},"acf":[],"yoast_head":"<!-- This site is optimized with the Yoast SEO plugin v27.5 - https:\/\/yoast.com\/product\/yoast-seo-wordpress\/ -->\n<title>Kamikaze - TV-Tod live<\/title>\n<meta name=\"description\" content=\"Shop | Kamikaze - TV-Tod live | 2022 | B-Spree Classics | Limitiertes Mediabook (Blu-Ray &amp; DVD), Blu-Ray | FSK 18\" \/>\n<meta name=\"robots\" content=\"index, follow, max-snippet:-1, max-image-preview:large, max-video-preview:-1\" \/>\n<link rel=\"canonical\" href=\"https:\/\/ucm.one\/de\/produkt\/kamikaze-tv-tod-live\/\" \/>\n<meta property=\"og:locale\" content=\"de_DE\" \/>\n<meta property=\"og:type\" content=\"article\" \/>\n<meta property=\"og:title\" content=\"Kamikaze - TV-Tod live\" \/>\n<meta property=\"og:description\" content=\"Shop | Kamikaze - TV-Tod live | 2022 | B-Spree Classics | Limitiertes Mediabook (Blu-Ray &amp; DVD), Blu-Ray | FSK 18\" \/>\n<meta property=\"og:url\" content=\"https:\/\/ucm.one\/de\/produkt\/kamikaze-tv-tod-live\/\" \/>\n<meta property=\"og:site_name\" content=\"UCM.ONE\" \/>\n<meta property=\"article:modified_time\" content=\"2023-07-28T16:31:35+00:00\" \/>\n<meta property=\"og:image\" content=\"https:\/\/ucm.one\/wp-content\/uploads\/2022\/04\/C-Kamikaze-FSK-18.jpg\" \/>\n<meta name=\"twitter:card\" content=\"summary_large_image\" \/>\n<meta name=\"twitter:title\" content=\"Kamikaze - TV-Tod live\" \/>\n<meta name=\"twitter:description\" content=\"Shop | Kamikaze - TV-Tod live | 2022 | B-Spree Classics | Limitiertes Mediabook (Blu-Ray &amp; DVD), Blu-Ray | FSK 18\" \/>\n<meta name=\"twitter:image\" content=\"https:\/\/ucm.one\/wp-content\/uploads\/2022\/04\/C-Kamikaze-FSK-18.jpg\" \/>\n<meta name=\"twitter:label1\" content=\"Gesch\u00e4tzte Lesezeit\" \/>\n\t<meta name=\"twitter:data1\" content=\"1\u00a0Minute\" \/>\n<!-- \/ Yoast SEO plugin. -->","yoast_head_json":{"title":"Kamikaze - TV-Tod live","description":"Shop | Kamikaze - TV-Tod live | 2022 | B-Spree Classics | Limitiertes Mediabook (Blu-Ray & DVD), Blu-Ray | FSK 18","robots":{"index":"index","follow":"follow","max-snippet":"max-snippet:-1","max-image-preview":"max-image-preview:large","max-video-preview":"max-video-preview:-1"},"canonical":"https:\/\/ucm.one\/de\/produkt\/kamikaze-tv-tod-live\/","og_locale":"de_DE","og_type":"article","og_title":"Kamikaze - TV-Tod live","og_description":"Shop | Kamikaze - TV-Tod live | 2022 | B-Spree Classics | Limitiertes Mediabook (Blu-Ray & DVD), Blu-Ray | FSK 18","og_url":"https:\/\/ucm.one\/de\/produkt\/kamikaze-tv-tod-live\/","og_site_name":"UCM.ONE","article_modified_time":"2023-07-28T16:31:35+00:00","og_image":[{"url":"https:\/\/ucm.one\/wp-content\/uploads\/2022\/04\/C-Kamikaze-FSK-18.jpg","type":"","width":"","height":""}],"twitter_card":"summary_large_image","twitter_title":"Kamikaze - TV-Tod live","twitter_description":"Shop | Kamikaze - TV-Tod live | 2022 | B-Spree Classics | Limitiertes Mediabook (Blu-Ray & DVD), Blu-Ray | FSK 18","twitter_image":"https:\/\/ucm.one\/wp-content\/uploads\/2022\/04\/C-Kamikaze-FSK-18.jpg","twitter_misc":{"Gesch\u00e4tzte Lesezeit":"1\u00a0Minute"},"schema":{"@context":"https:\/\/schema.org","@graph":[{"@type":"WebPage","@id":"https:\/\/ucm.one\/de\/produkt\/kamikaze-tv-tod-live\/","url":"https:\/\/ucm.one\/de\/produkt\/kamikaze-tv-tod-live\/","name":"Kamikaze - TV-Tod live","isPartOf":{"@id":"https:\/\/ucm.one\/de\/#website"},"primaryImageOfPage":{"@id":"https:\/\/ucm.one\/de\/produkt\/kamikaze-tv-tod-live\/#primaryimage"},"image":{"@id":"https:\/\/ucm.one\/de\/produkt\/kamikaze-tv-tod-live\/#primaryimage"},"thumbnailUrl":"https:\/\/ucm.one\/wp-content\/uploads\/2022\/04\/P-Kamikaze-FSK-18.jpg","datePublished":"2023-04-27T01:50:53+00:00","dateModified":"2023-07-28T16:31:35+00:00","description":"Shop | Kamikaze - TV-Tod live | 2022 | B-Spree Classics | Limitiertes Mediabook (Blu-Ray & DVD), Blu-Ray | FSK 18","breadcrumb":{"@id":"https:\/\/ucm.one\/de\/produkt\/kamikaze-tv-tod-live\/#breadcrumb"},"inLanguage":"de","potentialAction":[{"@type":"ReadAction","target":["https:\/\/ucm.one\/de\/produkt\/kamikaze-tv-tod-live\/"]}]},{"@type":"ImageObject","inLanguage":"de","@id":"https:\/\/ucm.one\/de\/produkt\/kamikaze-tv-tod-live\/#primaryimage","url":"https:\/\/ucm.one\/wp-content\/uploads\/2022\/04\/P-Kamikaze-FSK-18.jpg","contentUrl":"https:\/\/ucm.one\/wp-content\/uploads\/2022\/04\/P-Kamikaze-FSK-18.jpg","width":699,"height":1000},{"@type":"BreadcrumbList","@id":"https:\/\/ucm.one\/de\/produkt\/kamikaze-tv-tod-live\/#breadcrumb","itemListElement":[{"@type":"ListItem","position":1,"name":"Home","item":"https:\/\/ucm.one\/de\/"},{"@type":"ListItem","position":2,"name":"Shop","item":"https:\/\/ucm.one\/de\/shop\/"},{"@type":"ListItem","position":3,"name":"Kamikaze &#8211; TV-Tod live"}]},{"@type":"WebSite","@id":"https:\/\/ucm.one\/de\/#website","url":"https:\/\/ucm.one\/de\/","name":"UCM.ONE","description":"","publisher":{"@id":"https:\/\/ucm.one\/de\/#organization"},"potentialAction":[{"@type":"SearchAction","target":{"@type":"EntryPoint","urlTemplate":"https:\/\/ucm.one\/de\/?s={search_term_string}"},"query-input":{"@type":"PropertyValueSpecification","valueRequired":true,"valueName":"search_term_string"}}],"inLanguage":"de"},{"@type":"Organization","@id":"https:\/\/ucm.one\/de\/#organization","name":"UCM.ONE","url":"https:\/\/ucm.one\/de\/","logo":{"@type":"ImageObject","inLanguage":"de","@id":"https:\/\/ucm.one\/de\/#\/schema\/logo\/image\/","url":"https:\/\/ucm.one\/wp-content\/uploads\/2019\/10\/UCM.ONE-Logo-RGB.svg","contentUrl":"https:\/\/ucm.one\/wp-content\/uploads\/2019\/10\/UCM.ONE-Logo-RGB.svg","width":1,"height":1,"caption":"UCM.ONE"},"image":{"@id":"https:\/\/ucm.one\/de\/#\/schema\/logo\/image\/"}}]}},"_links":{"self":[{"href":"https:\/\/ucm.one\/de\/wp-json\/wp\/v2\/product\/66794","targetHints":{"allow":["GET"]}}],"collection":[{"href":"https:\/\/ucm.one\/de\/wp-json\/wp\/v2\/product"}],"about":[{"href":"https:\/\/ucm.one\/de\/wp-json\/wp\/v2\/types\/product"}],"replies":[{"embeddable":true,"href":"https:\/\/ucm.one\/de\/wp-json\/wp\/v2\/comments?post=66794"}],"wp:featuredmedia":[{"embeddable":true,"href":"https:\/\/ucm.one\/de\/wp-json\/wp\/v2\/media\/67855"}],"wp:attachment":[{"href":"https:\/\/ucm.one\/de\/wp-json\/wp\/v2\/media?parent=66794"}],"wp:term":[{"taxonomy":"product_brand","embeddable":true,"href":"https:\/\/ucm.one\/de\/wp-json\/wp\/v2\/product_brand?post=66794"},{"taxonomy":"product_cat","embeddable":true,"href":"https:\/\/ucm.one\/de\/wp-json\/wp\/v2\/product_cat?post=66794"},{"taxonomy":"product_tag","embeddable":true,"href":"https:\/\/ucm.one\/de\/wp-json\/wp\/v2\/product_tag?post=66794"}],"curies":[{"name":"wp","href":"https:\/\/api.w.org\/{rel}","templated":true}]}}