{"id":66359,"date":"2022-04-04T21:17:17","date_gmt":"2022-04-04T21:17:17","guid":{"rendered":"https:\/\/ucm.one\/?post_type=product&#038;p=66359"},"modified":"2025-07-12T16:18:55","modified_gmt":"2025-07-12T16:18:55","slug":"boris-brejcha-die-maschinen-sind-gestrandet","status":"publish","type":"product","link":"https:\/\/ucm.one\/de\/produkt\/boris-brejcha-die-maschinen-sind-gestrandet\/","title":{"rendered":"Boris Brejcha &#8211; Die Maschinen sind gestrandet"},"content":{"rendered":"<div class=\"wpb_text_column wpb_content_element \">\n<div class=\"wpb_wrapper\">\n<div class=\"\">\n<div class=\"wpb_text_column wpb_content_element \">\n<div class=\"wpb_wrapper\">\n<div class=\"wpb_text_column wpb_content_element \">\n<div class=\"wpb_wrapper\">\n<div class=\"wpb_text_column wpb_content_element \">\n<div class=\"wpb_wrapper\">\n<div class=\"wpb_text_column wpb_content_element \">\n<div class=\"wpb_wrapper\">\n<div class=\"wpb_text_column wpb_content_element \">\n<div class=\"wpb_wrapper\">\n<div class=\"wpb_text_column wpb_content_element \">\n<div class=\"wpb_wrapper\">\n<p>Kontinuierlich auf konventionelle Kl\u00e4nge, Gitarren und klassische Instrumente verzichtend, besch\u00e4ftigt sich <strong>Boris Brejcha<\/strong> stets mit der Erforschung von Elementen, die man noch nie zuvor geh\u00f6rt hatte. Er begann sein Talent auf mehreren B\u00fchnen und Online-Labels zu zeigen. Seine ersten undenkbaren digitalen Ver\u00f6ffentlichungen erreichten schnell die Spitze mehrerer Online-Charts und nachdem er mit Harthouse verbunden wurde, ver\u00f6ffentlichte er zwei digitale Singles mit gro\u00dfem Einfluss auf die europ\u00e4ische Elektronikszene. Tats\u00e4chlich findet man den Namen <strong>Boris Brejcha<\/strong> in den Playlists der bekanntesten DJs \u2013 und das schon seit der Ver\u00f6ffentlichung seines ersten Albums \u201e<strong>Die Maschinen sind gestrandet<\/strong>\u201c auf dem deutschen Label <strong>Harthouse<\/strong>.<\/p>\n<p>Limitierte, neu gemasterte Ausgabe von &#8222;<strong>Die Maschinen sind Gestrandet (2022 Edition)<\/strong>&#8220; auf goldenem Vinyl mit schwarzen Splatter im Gatefolder.<\/p>\n<\/div>\n<\/div>\n<\/div>\n<\/div>\n<\/div>\n<\/div>\n<\/div>\n<\/div>\n<\/div>\n<\/div>\n<\/div>\n<\/div>\n<\/div>\n<\/div>\n<\/div>\n<div><\/div>\n<div><div class=\"gap\" style=\"line-height: 20px; height: 20px;\"><\/div><\/div>\n<h5>Weitere Informationen<\/h5>\n<div>\n<div>\n<table style=\"height: 46px;width: 100%;border-collapse: collapse;border-color: #ffffff;background-color: #ffffff;border-style: hidden\">\n<tbody>\n<tr style=\"height: 23px;border-style: hidden;border-color: #ffffff;background-color: #ffffff\">\n<td style=\"width: 4.701195219123506%;height: 23px;border-style: hidden\">K\u00fcnstler:<\/td>\n<td style=\"width: 95.29880478087651%;height: 23px;border-style: hidden\"><a title=\"Boris Brejcha | Harthouse\" href=\"https:\/\/ucm.one\/de\/tag\/boris-brejcha\">Boris Brejcha <\/a><\/td>\n<\/tr>\n<tr style=\"height: 23px\">\n<td style=\"width: 4.701195219123506%;height: 23px;border-style: hidden\">Label:<\/td>\n<td style=\"width: 95.29880478087651%;height: 23px;border-style: hidden\"><a title=\"Harthouse\" href=\"https:\/\/ucm.one\/de\/musik-labels\/harthouse\/\">Harthouse<\/a><\/td>\n<\/tr>\n<\/tbody>\n<\/table>\n<\/div>\n<div><\/div>\n<div><div class=\"gap\" style=\"line-height: 10px; height: 10px;\"><\/div><\/div>\n<div>\u2117 2007\u00a0<strong>Harthouse Mannheim \/ daredo<\/strong>,\u00a0\u00a9 2022\u00a0<strong>Harthouse<\/strong> \/ <span style=\"font-family: 'arial black', sans-serif\"><strong>UCM.ONE<\/strong><\/span><\/div>\n<div><div class=\"gap\" style=\"line-height: 20px; height: 20px;\"><\/div><\/div>\n<div>\n<div><\/div>\n<div><div class=\"gap\" style=\"line-height: 10px; height: 10px;\"><\/div><\/div>\n<div><span style=\"color: #003a80\"><strong>\u27a0 <a style=\"color: #003a80\" title=\"\" href=\"https:\/\/ucm.one\/de\/produkt-kategorie\/art-de\/musik-de\/\">zum Shop<\/a><\/strong><\/span><\/div>\n<div><div class=\"gap\" style=\"line-height: 20px; height: 20px;\"><\/div><\/div>\n<\/div>\n<\/div>\n","protected":false},"excerpt":{"rendered":"<p>Artist:\u00a0<strong><a title=\"\" href=\"https:\/\/ucm.one\/de\/?s=Boris+Brejcha&amp;post_type=product\">Boris Brejcha<\/a><\/strong><\/p>\n<p>Label:\u00a0<a href=\"https:\/\/ucm.one\/de\/produkt-kategorie\/label-musik-de\/harthouse-de\"><b>Harthouse<\/b><\/a><\/p>\n<p>Art:\u00a0<strong><a href=\"https:\/\/ucm.one\/de\/produkt-kategorie\/art-de\/musik-de\/\">Musik<\/a>\u00a0(Album)<\/strong><\/p>\n<p>Genres:\u00a0<b><a href=\"https:\/\/ucm.one\/de\/produkt-kategorie\/genre-musik-de\/dance-de\/techno-de\/\">Techno<\/a>,\u00a0<a title=\"\" href=\"https:\/\/ucm.one\/de\/produkt-kategorie\/genre-musik-de\/dance-de\/minimal-de\">Minimal<\/a><\/b><\/p>\n<p>Jahre: <strong>2007 &amp; 2022\u00a0<\/strong><\/p>\n<p>Format: <strong>Vinyl (2xLP)<\/strong><\/p>\n","protected":false},"featured_media":66353,"comment_status":"open","ping_status":"closed","template":"","meta":{"_acf_changed":false},"product_brand":[],"product_cat":[10316,9796,10320,9797,9713,9857,9714,9755],"product_tag":[9760,10418,9798,9799,12174,9805,9806,9869,9870],"class_list":{"0":"post-66359","1":"product","2":"type-product","3":"status-publish","4":"has-post-thumbnail","6":"product_cat-tech-house-de","7":"product_cat-harthouse-de","8":"product_cat-minimal-de","9":"product_cat-techno-de","10":"product_cat-musik-de","11":"product_cat-dance-de","12":"product_cat-vinyl-de","13":"product_cat-label-musik-de","14":"product_tag-cd","15":"product_tag-mannheim","16":"product_tag-boris-brejcha","17":"product_tag-harthouse","18":"product_tag-die-maschinen-sind-gestrandet","19":"product_tag-techno","20":"product_tag-vinyl","21":"product_tag-splatter","22":"product_tag-dance","23":"product_shipping_class-doppelvinyl-2","24":"pa_format-splatter-vinyl","25":"description-off","27":"first","28":"instock","29":"taxable","30":"shipping-taxable","31":"purchasable","32":"product-type-simple"},"acf":[],"yoast_head":"<!-- This site is optimized with the Yoast SEO plugin v27.2 - https:\/\/yoast.com\/product\/yoast-seo-wordpress\/ -->\n<title>Boris Brejcha - Die Maschinen sind gestrandet<\/title>\n<meta name=\"description\" content=\"Shop | Boris Brejcha -Die Maschinen sind gestrandet | 2007 + 2022 | Harthouse | 2xLP (Splatter Vinyl)\" \/>\n<meta name=\"robots\" content=\"index, follow, max-snippet:-1, max-image-preview:large, max-video-preview:-1\" \/>\n<link rel=\"canonical\" href=\"https:\/\/ucm.one\/de\/produkt\/boris-brejcha-die-maschinen-sind-gestrandet\/\" \/>\n<meta property=\"og:locale\" content=\"de_DE\" \/>\n<meta property=\"og:type\" content=\"article\" \/>\n<meta property=\"og:title\" content=\"Boris Brejcha - Mein Wahres Ich\" \/>\n<meta property=\"og:description\" content=\"Shop | Boris Brejcha - Mein Wahres Ich | 2008 + 2021 | Harthouse | 2xLP (Splatter Vinyl)\" \/>\n<meta property=\"og:url\" content=\"https:\/\/ucm.one\/de\/produkt\/boris-brejcha-die-maschinen-sind-gestrandet\/\" \/>\n<meta property=\"og:site_name\" content=\"UCM.ONE\" \/>\n<meta property=\"article:modified_time\" content=\"2025-07-12T16:18:55+00:00\" \/>\n<meta property=\"og:image\" content=\"https:\/\/ucm.one\/wp-content\/uploads\/2021\/08\/C-Boris-Brejcha-Mein-Wahres-ich.jpg\" \/>\n<meta name=\"twitter:card\" content=\"summary_large_image\" \/>\n<meta name=\"twitter:title\" content=\"Boris Brejcha - Mein Wahres Ich\" \/>\n<meta name=\"twitter:description\" content=\"Shop | Boris Brejcha - Mein Wahres Ich | 2008 + 2021 | Harthouse | 2xLP (Splatter Vinyl)\" \/>\n<meta name=\"twitter:image\" content=\"https:\/\/ucm.one\/wp-content\/uploads\/2021\/08\/C-Boris-Brejcha-Mein-Wahres-ich.jpg\" \/>\n<meta name=\"twitter:label1\" content=\"Gesch\u00e4tzte Lesezeit\" \/>\n\t<meta name=\"twitter:data1\" content=\"2\u00a0Minuten\" \/>\n<!-- \/ Yoast SEO plugin. -->","yoast_head_json":{"title":"Boris Brejcha - Die Maschinen sind gestrandet","description":"Shop | Boris Brejcha -Die Maschinen sind gestrandet | 2007 + 2022 | Harthouse | 2xLP (Splatter Vinyl)","robots":{"index":"index","follow":"follow","max-snippet":"max-snippet:-1","max-image-preview":"max-image-preview:large","max-video-preview":"max-video-preview:-1"},"canonical":"https:\/\/ucm.one\/de\/produkt\/boris-brejcha-die-maschinen-sind-gestrandet\/","og_locale":"de_DE","og_type":"article","og_title":"Boris Brejcha - Mein Wahres Ich","og_description":"Shop | Boris Brejcha - Mein Wahres Ich | 2008 + 2021 | Harthouse | 2xLP (Splatter Vinyl)","og_url":"https:\/\/ucm.one\/de\/produkt\/boris-brejcha-die-maschinen-sind-gestrandet\/","og_site_name":"UCM.ONE","article_modified_time":"2025-07-12T16:18:55+00:00","og_image":[{"url":"https:\/\/ucm.one\/wp-content\/uploads\/2021\/08\/C-Boris-Brejcha-Mein-Wahres-ich.jpg","type":"","width":"","height":""}],"twitter_card":"summary_large_image","twitter_title":"Boris Brejcha - Mein Wahres Ich","twitter_description":"Shop | Boris Brejcha - Mein Wahres Ich | 2008 + 2021 | Harthouse | 2xLP (Splatter Vinyl)","twitter_image":"https:\/\/ucm.one\/wp-content\/uploads\/2021\/08\/C-Boris-Brejcha-Mein-Wahres-ich.jpg","twitter_misc":{"Gesch\u00e4tzte Lesezeit":"2\u00a0Minuten"},"schema":{"@context":"https:\/\/schema.org","@graph":[{"@type":"WebPage","@id":"https:\/\/ucm.one\/de\/produkt\/boris-brejcha-die-maschinen-sind-gestrandet\/","url":"https:\/\/ucm.one\/de\/produkt\/boris-brejcha-die-maschinen-sind-gestrandet\/","name":"Boris Brejcha - Die Maschinen sind gestrandet","isPartOf":{"@id":"https:\/\/ucm.one\/de\/#website"},"primaryImageOfPage":{"@id":"https:\/\/ucm.one\/de\/produkt\/boris-brejcha-die-maschinen-sind-gestrandet\/#primaryimage"},"image":{"@id":"https:\/\/ucm.one\/de\/produkt\/boris-brejcha-die-maschinen-sind-gestrandet\/#primaryimage"},"thumbnailUrl":"https:\/\/ucm.one\/wp-content\/uploads\/2022\/04\/C-Boris-Brejcha-Die-Maschinen-sind-gestranded.jpg","datePublished":"2022-04-04T21:17:17+00:00","dateModified":"2025-07-12T16:18:55+00:00","description":"Shop | Boris Brejcha -Die Maschinen sind gestrandet | 2007 + 2022 | Harthouse | 2xLP (Splatter Vinyl)","breadcrumb":{"@id":"https:\/\/ucm.one\/de\/produkt\/boris-brejcha-die-maschinen-sind-gestrandet\/#breadcrumb"},"inLanguage":"de","potentialAction":[{"@type":"ReadAction","target":["https:\/\/ucm.one\/de\/produkt\/boris-brejcha-die-maschinen-sind-gestrandet\/"]}]},{"@type":"ImageObject","inLanguage":"de","@id":"https:\/\/ucm.one\/de\/produkt\/boris-brejcha-die-maschinen-sind-gestrandet\/#primaryimage","url":"https:\/\/ucm.one\/wp-content\/uploads\/2022\/04\/C-Boris-Brejcha-Die-Maschinen-sind-gestranded.jpg","contentUrl":"https:\/\/ucm.one\/wp-content\/uploads\/2022\/04\/C-Boris-Brejcha-Die-Maschinen-sind-gestranded.jpg","width":1000,"height":1000},{"@type":"BreadcrumbList","@id":"https:\/\/ucm.one\/de\/produkt\/boris-brejcha-die-maschinen-sind-gestrandet\/#breadcrumb","itemListElement":[{"@type":"ListItem","position":1,"name":"Home","item":"https:\/\/ucm.one\/de\/"},{"@type":"ListItem","position":2,"name":"Shop","item":"https:\/\/ucm.one\/de\/shop\/"},{"@type":"ListItem","position":3,"name":"Boris Brejcha &#8211; Die Maschinen sind gestrandet"}]},{"@type":"WebSite","@id":"https:\/\/ucm.one\/de\/#website","url":"https:\/\/ucm.one\/de\/","name":"UCM.ONE","description":"","publisher":{"@id":"https:\/\/ucm.one\/de\/#organization"},"potentialAction":[{"@type":"SearchAction","target":{"@type":"EntryPoint","urlTemplate":"https:\/\/ucm.one\/de\/?s={search_term_string}"},"query-input":{"@type":"PropertyValueSpecification","valueRequired":true,"valueName":"search_term_string"}}],"inLanguage":"de"},{"@type":"Organization","@id":"https:\/\/ucm.one\/de\/#organization","name":"UCM.ONE","url":"https:\/\/ucm.one\/de\/","logo":{"@type":"ImageObject","inLanguage":"de","@id":"https:\/\/ucm.one\/de\/#\/schema\/logo\/image\/","url":"https:\/\/ucm.one\/wp-content\/uploads\/2019\/10\/UCM.ONE-Logo-RGB.svg","contentUrl":"https:\/\/ucm.one\/wp-content\/uploads\/2019\/10\/UCM.ONE-Logo-RGB.svg","width":1,"height":1,"caption":"UCM.ONE"},"image":{"@id":"https:\/\/ucm.one\/de\/#\/schema\/logo\/image\/"}}]}},"_links":{"self":[{"href":"https:\/\/ucm.one\/de\/wp-json\/wp\/v2\/product\/66359","targetHints":{"allow":["GET"]}}],"collection":[{"href":"https:\/\/ucm.one\/de\/wp-json\/wp\/v2\/product"}],"about":[{"href":"https:\/\/ucm.one\/de\/wp-json\/wp\/v2\/types\/product"}],"replies":[{"embeddable":true,"href":"https:\/\/ucm.one\/de\/wp-json\/wp\/v2\/comments?post=66359"}],"wp:featuredmedia":[{"embeddable":true,"href":"https:\/\/ucm.one\/de\/wp-json\/wp\/v2\/media\/66353"}],"wp:attachment":[{"href":"https:\/\/ucm.one\/de\/wp-json\/wp\/v2\/media?parent=66359"}],"wp:term":[{"taxonomy":"product_brand","embeddable":true,"href":"https:\/\/ucm.one\/de\/wp-json\/wp\/v2\/product_brand?post=66359"},{"taxonomy":"product_cat","embeddable":true,"href":"https:\/\/ucm.one\/de\/wp-json\/wp\/v2\/product_cat?post=66359"},{"taxonomy":"product_tag","embeddable":true,"href":"https:\/\/ucm.one\/de\/wp-json\/wp\/v2\/product_tag?post=66359"}],"curies":[{"name":"wp","href":"https:\/\/api.w.org\/{rel}","templated":true}]}}