{"id":66202,"date":"2022-03-27T16:21:20","date_gmt":"2022-03-27T16:21:20","guid":{"rendered":"https:\/\/ucm.one\/?post_type=product&#038;p=66202"},"modified":"2023-07-20T11:20:40","modified_gmt":"2023-07-20T11:20:40","slug":"der-lange-weg","status":"publish","type":"product","link":"https:\/\/ucm.one\/de\/produkt\/der-lange-weg\/","title":{"rendered":"Der lange Weg"},"content":{"rendered":"<div class=\"wpb_text_column wpb_content_element \">\n<div class=\"wpb_wrapper\">\n<div class=\"\">\n<div class=\"wpb_text_column wpb_content_element \">\n<div class=\"wpb_wrapper\">\n<p>Alabama, 1950er Jahre:\u00a0<strong>Martin Luther King<\/strong>\u00a0ruft die schwarze Bev\u00f6lkerung zum Bus-Boykott auf. Damit ihre afroamerikanische Haushaltshilfe Odessa Cotter (<strong>Whoopi Goldberg<\/strong>) nun nicht zu Fu\u00df gehen muss, holt ihre Chefin Miriam (<strong>Sissy Spacek<\/strong>) sie mit dem Auto von zuhause ab. Dies f\u00fchrt alsbald zu schweren Konflikten mit ihrem Ehemann Norman (<strong>Dwight Schultz<\/strong>), der dem Rat der wei\u00dfen B\u00fcrger angeh\u00f6rt, welchem der Boykott ein Dorn im Auge ist und der dagegen etwas unternehmen will. Doch je mehr Miriam die Lebensumst\u00e4nde ihrer Angestellten kennenlernt, desto mehr wird die Hausfrau \u00a0selbst zur B\u00fcrgerrechtlerin\u2026 und stellt sich gegen ihren Mann und seine rassistischen Freunde\u2026<\/p>\n<\/div>\n<\/div>\n<\/div>\n<\/div>\n<\/div>\n<div><div class=\"gap\" style=\"line-height: 20px; height: 20px;\"><\/div><\/div>\n<h5>Weitere Informationen<\/h5>\n<div>\n<div>\n<table style=\"height: 46px; width: 100%; border-collapse: collapse; border-color: #ffffff; background-color: #ffffff; border-style: hidden;\">\n<tbody>\n<tr style=\"height: 23px; border-style: hidden; border-color: #ffffff; background-color: #ffffff;\">\n<td style=\"width: 4.701195219123506%; height: 23px; border-style: hidden;\">Film:<\/td>\n<td style=\"width: 95.29880478087651%; height: 23px; border-style: hidden;\"><a title=\"\u201cDer lange Weg\u201d von Richard Pearce als Mediabook, Blu-Ray, DVD und bei VoD-Portalen erh\u00e4ltlich\" href=\"https:\/\/ucm.one\/de\/der-lange-weg\/\">Der lange Weg<\/a><\/td>\n<\/tr>\n<tr style=\"height: 23px;\">\n<td style=\"width: 4.701195219123506%; height: 23px; border-style: hidden;\">Label:<\/td>\n<td style=\"width: 95.29880478087651%; height: 23px; border-style: hidden;\"><a title=\"B-Spree Classics\" href=\"https:\/\/ucm.one\/de\/film-labels\/b-spree-pictures\/#b-spree-classics\">B-Spree Classics<\/a><\/td>\n<\/tr>\n<\/tbody>\n<\/table>\n<\/div>\n<div><\/div>\n<\/div>\n<div>\n<div><div class=\"gap\" style=\"line-height: 10px; height: 10px;\"><\/div><\/div>\n<div>\u2117 1990 <strong>New Visions Pictures<\/strong> &amp; <strong>Dave Bell Associates<\/strong>, \u00a9 2022\u00a0<strong>B-Spree Classics<\/strong> \/ <span style=\"font-family: 'arial black', sans-serif;\"><strong>UCM.ONE<\/strong><\/span><\/div>\n<div><div class=\"gap\" style=\"line-height: 20px; height: 20px;\"><\/div><\/div>\n<div>\n<div><\/div>\n<div>\n<div><div class=\"gap\" style=\"line-height: 10px; height: 10px;\"><\/div><\/div>\n<div><span style=\"color: #003a80;\"><strong>\u27a0 <a style=\"color: #003a80;\" href=\"https:\/\/ucm.one\/de\/produkt-kategorie\/art-de\/filme-de\/\">zum Shop<\/a><\/strong><\/span><\/div>\n<div><div class=\"gap\" style=\"line-height: 20px; height: 20px;\"><\/div><\/div>\n<\/div>\n<\/div>\n<\/div>\n","protected":false},"excerpt":{"rendered":"<p>Regie: <a title=\"\" href=\"https:\/\/ucm.one\/de\/?s=%22Richard+Pearce%22&amp;post_type=product\"><strong>Richard Pearce<\/strong><\/a><\/p>\n<p>Label: <a href=\"https:\/\/ucm.one\/de\/produkt-kategorie\/label-film-de\/b-spree-pictures-de\/b-spree-classics-de\/\"><strong>B-Spree Classics<\/strong><\/a><\/p>\n<p>Art:\u00a0<strong><a href=\"https:\/\/ucm.one\/de\/produkt-kategorie\/art-de\/filme-de\/\">Film<\/a> (Spielfilm)<\/strong><\/p>\n<p>Genres:\u00a0<b><a title=\"\" href=\"https:\/\/ucm.one\/de\/produkt-kategorie\/genre-film-de\/drama-de\/\">Drama<\/a>, <a title=\"\" href=\"https:\/\/ucm.one\/de\/produkt-kategorie\/genre-film-de\/history-de\/\">History<\/a><\/b><\/p>\n<p>Jahr: <strong>1990<\/strong><\/p>\n<p>FSK: <strong>12<\/strong><\/p>\n<p>Formate: <strong>Diverse<\/strong><\/p>\n","protected":false},"featured_media":66206,"comment_status":"open","ping_status":"closed","template":"","meta":{"_acf_changed":false},"product_brand":[],"product_cat":[10341,10342,10952,9708,12093,10331,10332,10333,10334],"product_tag":[12133,12134,12135,12136,12137,11495,12138,12139,12129,12140,12130,12141,12131,12142,12132],"class_list":{"0":"post-66202","1":"product","2":"type-product","3":"status-publish","4":"has-post-thumbnail","6":"product_cat-b-spree-pictures-de","7":"product_cat-b-spree-classics-de","8":"product_cat-history-de","9":"product_cat-filme-de","10":"product_cat-klassiker-de","11":"product_cat-dvd-de","12":"product_cat-blu-ray-de","13":"product_cat-mediabooks-de","14":"product_cat-drama-de","15":"product_tag-dwight-schultz","16":"product_tag-wing-rhames","17":"product_tag-b-spree-classics","18":"product_tag-erika-alexander","19":"product_tag-lexi-randall","20":"product_tag-drama","21":"product_tag-jason-weaver","22":"product_tag-crystal-robbins","23":"product_tag-der-lange-weg","24":"product_tag-dan-butler","25":"product_tag-richard-pearce","26":"product_tag-philip-sterling","27":"product_tag-sissy-spacek","28":"product_tag-martin-luther-king","29":"product_tag-whoopi-goldberg","30":"pa_format-dvd","31":"pa_format-blu-ray-de","32":"pa_format-mediabook-blu-ray-dvd","33":"description-off","35":"first","36":"instock","37":"taxable","38":"shipping-taxable","39":"purchasable","40":"product-type-variable"},"acf":[],"yoast_head":"<!-- This site is optimized with the Yoast SEO plugin v27.2 - https:\/\/yoast.com\/product\/yoast-seo-wordpress\/ -->\n<title>Der lange Weg<\/title>\n<meta name=\"description\" content=\"Shop | Der lange Weg | 2022 | B-Spree Classics | Limitiertes Mediabook, Blu-Ray, DVD | FSK 12\" \/>\n<meta name=\"robots\" content=\"index, follow, max-snippet:-1, max-image-preview:large, max-video-preview:-1\" \/>\n<link rel=\"canonical\" href=\"https:\/\/ucm.one\/de\/produkt\/der-lange-weg\/\" \/>\n<meta property=\"og:locale\" content=\"de_DE\" \/>\n<meta property=\"og:type\" content=\"article\" \/>\n<meta property=\"og:title\" content=\"Der lange Weg\" \/>\n<meta property=\"og:description\" content=\"Shop | Der lange Weg | 2022 | B-Spree Classics | Limitiertes Mediabook, Blu-Ray, DVD | FSK 12\" \/>\n<meta property=\"og:url\" content=\"https:\/\/ucm.one\/de\/produkt\/der-lange-weg\/\" \/>\n<meta property=\"og:site_name\" content=\"UCM.ONE\" \/>\n<meta property=\"article:modified_time\" content=\"2023-07-20T11:20:40+00:00\" \/>\n<meta property=\"og:image\" content=\"https:\/\/ucm.one\/wp-content\/uploads\/2022\/03\/C-Der-lange-Weg-DVD-FSK-12.jpg\" \/>\n\t<meta property=\"og:image:width\" content=\"699\" \/>\n\t<meta property=\"og:image:height\" content=\"1000\" \/>\n\t<meta property=\"og:image:type\" content=\"image\/jpeg\" \/>\n<meta name=\"twitter:card\" content=\"summary_large_image\" \/>\n<meta name=\"twitter:label1\" content=\"Gesch\u00e4tzte Lesezeit\" \/>\n\t<meta name=\"twitter:data1\" content=\"1\u00a0Minute\" \/>\n<!-- \/ Yoast SEO plugin. -->","yoast_head_json":{"title":"Der lange Weg","description":"Shop | Der lange Weg | 2022 | B-Spree Classics | Limitiertes Mediabook, Blu-Ray, DVD | FSK 12","robots":{"index":"index","follow":"follow","max-snippet":"max-snippet:-1","max-image-preview":"max-image-preview:large","max-video-preview":"max-video-preview:-1"},"canonical":"https:\/\/ucm.one\/de\/produkt\/der-lange-weg\/","og_locale":"de_DE","og_type":"article","og_title":"Der lange Weg","og_description":"Shop | Der lange Weg | 2022 | B-Spree Classics | Limitiertes Mediabook, Blu-Ray, DVD | FSK 12","og_url":"https:\/\/ucm.one\/de\/produkt\/der-lange-weg\/","og_site_name":"UCM.ONE","article_modified_time":"2023-07-20T11:20:40+00:00","og_image":[{"width":699,"height":1000,"url":"https:\/\/ucm.one\/wp-content\/uploads\/2022\/03\/C-Der-lange-Weg-DVD-FSK-12.jpg","type":"image\/jpeg"}],"twitter_card":"summary_large_image","twitter_misc":{"Gesch\u00e4tzte Lesezeit":"1\u00a0Minute"},"schema":{"@context":"https:\/\/schema.org","@graph":[{"@type":"WebPage","@id":"https:\/\/ucm.one\/de\/produkt\/der-lange-weg\/","url":"https:\/\/ucm.one\/de\/produkt\/der-lange-weg\/","name":"Der lange Weg","isPartOf":{"@id":"https:\/\/ucm.one\/de\/#website"},"primaryImageOfPage":{"@id":"https:\/\/ucm.one\/de\/produkt\/der-lange-weg\/#primaryimage"},"image":{"@id":"https:\/\/ucm.one\/de\/produkt\/der-lange-weg\/#primaryimage"},"thumbnailUrl":"https:\/\/ucm.one\/wp-content\/uploads\/2022\/03\/C-Der-lange-Weg-DVD-FSK-12.jpg","datePublished":"2022-03-27T16:21:20+00:00","dateModified":"2023-07-20T11:20:40+00:00","description":"Shop | Der lange Weg | 2022 | B-Spree Classics | Limitiertes Mediabook, Blu-Ray, DVD | FSK 12","breadcrumb":{"@id":"https:\/\/ucm.one\/de\/produkt\/der-lange-weg\/#breadcrumb"},"inLanguage":"de","potentialAction":[{"@type":"ReadAction","target":["https:\/\/ucm.one\/de\/produkt\/der-lange-weg\/"]}]},{"@type":"ImageObject","inLanguage":"de","@id":"https:\/\/ucm.one\/de\/produkt\/der-lange-weg\/#primaryimage","url":"https:\/\/ucm.one\/wp-content\/uploads\/2022\/03\/C-Der-lange-Weg-DVD-FSK-12.jpg","contentUrl":"https:\/\/ucm.one\/wp-content\/uploads\/2022\/03\/C-Der-lange-Weg-DVD-FSK-12.jpg","width":699,"height":1000},{"@type":"BreadcrumbList","@id":"https:\/\/ucm.one\/de\/produkt\/der-lange-weg\/#breadcrumb","itemListElement":[{"@type":"ListItem","position":1,"name":"Home","item":"https:\/\/ucm.one\/de\/"},{"@type":"ListItem","position":2,"name":"Shop","item":"https:\/\/ucm.one\/de\/shop\/"},{"@type":"ListItem","position":3,"name":"Der lange Weg"}]},{"@type":"WebSite","@id":"https:\/\/ucm.one\/de\/#website","url":"https:\/\/ucm.one\/de\/","name":"UCM.ONE","description":"","publisher":{"@id":"https:\/\/ucm.one\/de\/#organization"},"potentialAction":[{"@type":"SearchAction","target":{"@type":"EntryPoint","urlTemplate":"https:\/\/ucm.one\/de\/?s={search_term_string}"},"query-input":{"@type":"PropertyValueSpecification","valueRequired":true,"valueName":"search_term_string"}}],"inLanguage":"de"},{"@type":"Organization","@id":"https:\/\/ucm.one\/de\/#organization","name":"UCM.ONE","url":"https:\/\/ucm.one\/de\/","logo":{"@type":"ImageObject","inLanguage":"de","@id":"https:\/\/ucm.one\/de\/#\/schema\/logo\/image\/","url":"https:\/\/ucm.one\/wp-content\/uploads\/2019\/10\/UCM.ONE-Logo-RGB.svg","contentUrl":"https:\/\/ucm.one\/wp-content\/uploads\/2019\/10\/UCM.ONE-Logo-RGB.svg","width":1,"height":1,"caption":"UCM.ONE"},"image":{"@id":"https:\/\/ucm.one\/de\/#\/schema\/logo\/image\/"}}]}},"_links":{"self":[{"href":"https:\/\/ucm.one\/de\/wp-json\/wp\/v2\/product\/66202","targetHints":{"allow":["GET"]}}],"collection":[{"href":"https:\/\/ucm.one\/de\/wp-json\/wp\/v2\/product"}],"about":[{"href":"https:\/\/ucm.one\/de\/wp-json\/wp\/v2\/types\/product"}],"replies":[{"embeddable":true,"href":"https:\/\/ucm.one\/de\/wp-json\/wp\/v2\/comments?post=66202"}],"wp:featuredmedia":[{"embeddable":true,"href":"https:\/\/ucm.one\/de\/wp-json\/wp\/v2\/media\/66206"}],"wp:attachment":[{"href":"https:\/\/ucm.one\/de\/wp-json\/wp\/v2\/media?parent=66202"}],"wp:term":[{"taxonomy":"product_brand","embeddable":true,"href":"https:\/\/ucm.one\/de\/wp-json\/wp\/v2\/product_brand?post=66202"},{"taxonomy":"product_cat","embeddable":true,"href":"https:\/\/ucm.one\/de\/wp-json\/wp\/v2\/product_cat?post=66202"},{"taxonomy":"product_tag","embeddable":true,"href":"https:\/\/ucm.one\/de\/wp-json\/wp\/v2\/product_tag?post=66202"}],"curies":[{"name":"wp","href":"https:\/\/api.w.org\/{rel}","templated":true}]}}